{"id":12655,"date":"2017-12-20T15:07:50","date_gmt":"2017-12-20T15:07:50","guid":{"rendered":"https:\/\/www.ull.es\/la-universidad\/?page_id=12655"},"modified":"2026-03-04T10:59:50","modified_gmt":"2026-03-04T10:59:50","slug":"calidad-docencia","status":"publish","type":"page","link":"https:\/\/www.ull.es\/la-universidad\/calidad\/calidad-docencia\/","title":{"rendered":"Calidad en la docencia"},"content":{"rendered":"\n<div class=\"wp-block-stackable-columns stk-block-columns stk-block stk-3db23ef\" data-block-id=\"3db23ef\"><div class=\"stk-row stk-inner-blocks stk-block-content stk-content-align stk-3db23ef-column\">\n<div class=\"wp-block-stackable-column stk-block-column stk-column stk-block stk-54b4eb5\" data-v=\"4\" data-block-id=\"54b4eb5\"><style>@media screen and (min-width: 768px){.stk-54b4eb5 {flex:var(--stk-flex-grow, 1) 1 calc(66.667% - var(--stk-column-gap, 0px) * 1 \/ 2 ) !important;}}<\/style><div class=\"stk-column-wrapper stk-block-column__content stk-container stk-54b4eb5-container stk--no-background stk--no-padding\"><div class=\"stk-block-content stk-inner-blocks stk-54b4eb5-inner-blocks\">\n<div class=\"wp-block-stackable-heading stk-block-heading stk-block-heading--v2 stk-block stk-466bdfd\" id=\"calidad-en-la-docencia\" data-block-id=\"466bdfd\"><h2 class=\"stk-block-heading__text\">Calidad en la docencia<\/h2><\/div>\n\n\n\n<div class=\"wp-block-stackable-heading stk-block-heading stk-block-heading--v2 stk-block stk-2ab9cd3\" id=\"evaluacion-de-la-actividad-docente-docentia\" data-block-id=\"2ab9cd3\"><h2 class=\"stk-block-heading__text\">Evaluaci\u00f3n de la Actividad Docente (DOCENTIA)<\/h2><\/div>\n\n\n\n<div class=\"wp-block-stackable-text stk-block-text stk-block stk-4a90a2c\" data-block-id=\"4a90a2c\"><p class=\"stk-block-text__text\">La Evaluaci\u00f3n de la Actividad Docente del Profesorado, est\u00e1 contemplada como uno de los procedimientos del Sistema de Garant\u00eda Interna de Calidad (SGIC). La Universidad de La Laguna incorpor\u00f3 este procedimiento a trav\u00e9s de su participaci\u00f3n en la primera convocatoria que ANECA convoc\u00f3 del&nbsp;<a href=\"http:\/\/www.aneca.es\/Programas-de-evaluacion\/DOCENTIA\" target=\"_blank\" rel=\"noreferrer noopener\" target=\"_blank\" rel=\"noopener\">Programa DOCENTIA<\/a>, un programa de Apoyo a la Evaluaci\u00f3n de la Actividad Docente del profesorado universitario, en el a\u00f1o 2007.<\/p><\/div>\n\n\n\n<p>La adscripci\u00f3n a este programa ha llevado la elaboraci\u00f3n y desarrollo del Manual de Evaluaci\u00f3n de la Actividad Docente, aprobado por Consejo de Gobierno en junio de 2008 y&nbsp;<a href=\"http:\/\/www.aneca.es\/var\/media\/215813\/acecau_laguna_090415.pdf\" target=\"_blank\" rel=\"noreferrer noopener\" target=\"_blank\" rel=\"noopener\">certificado por ANECA y ACECAU&nbsp;<\/a>en enero de 2009, y a la implantaci\u00f3n del mismo, en su fase piloto, a lo largo del curso 2010-2011. A partir de esa fecha se han realizado sucesivas revisiones e introducci\u00f3n de modificaciones y mejoras al procedimiento de evaluaci\u00f3n de la actividad docente del profesorado, recogidas en el Manual y se han realizado convocatorias para la evaluaci\u00f3n del profesorado todos los cursos acad\u00e9micos.<\/p>\n\n\n\n<p>El modelo de evaluaci\u00f3n adoptado contempla el inicio de un procedimiento peri\u00f3dico cada 5 a\u00f1os, basado en la valoraci\u00f3n de tres dimensiones y su evaluaci\u00f3n. As\u00ed, la planificaci\u00f3n de la ense\u00f1anza, el desarrollo de la docencia y los resultados, entre los que se contempla la formaci\u00f3n e innovaci\u00f3n docentes, son las dimensiones de la actividad docente que ser\u00e1n evaluadas en funci\u00f3n de los criterios de adecuaci\u00f3n, satisfacci\u00f3n, eficiencia y orientaci\u00f3n a la mejora, en sinton\u00eda con las directrices y obligaciones de la instituci\u00f3n universitaria.<\/p>\n\n\n\n<p><strong>Enlaces de inter\u00e9s:<\/strong><\/p>\n\n\n\n<p><\/p>\n\n\n\n<p><a href=\"https:\/\/www.ull.es\/portal\/convocatorias\/convocatoria\/evaluacion-de-la-actividad-docente-2023-24-y-2024-25\/\" target=\"_blank\" rel=\"noreferrer noopener\" target=\"_blank\" rel=\"noopener\">Convocatoria 2023-24 y 2024-25<\/a><\/p>\n\n\n\n<p><a href=\"https:\/\/www.ull.es\/portal\/convocatorias\/categorias\/evaluacion\/\" target=\"_blank\" rel=\"noreferrer noopener\" target=\"_blank\" rel=\"noopener\">Hist\u00f3rico de convocatorias<\/a><\/p>\n\n\n\n<p><a href=\"https:\/\/drive.google.com\/file\/d\/114KLzHWggPldDtlUxY5KlpwvkG4HLlK5\/view?usp=sharing\" target=\"_blank\" rel=\"noreferrer noopener\" target=\"_blank\" rel=\"noopener\">Manual DOCENTIA<\/a><\/p>\n\n\n\n<p><a href=\"https:\/\/drive.google.com\/file\/d\/1bk0OhstxUt2NT_PP2G75Hfw-lT-AkwH6\/view\" target=\"_blank\" rel=\"noreferrer noopener\" target=\"_blank\" rel=\"noopener\">Bases del Modelo de Ense\u00f1anza centralizada en el alumnado<\/a>&nbsp;de la ULL.&nbsp;<a href=\"https:\/\/sede.ull.es\/ecivilis-site\/bulletinBoard\/showBulletin\/7647:1\" target=\"_blank\" rel=\"noreferrer noopener\" target=\"_blank\" rel=\"noopener\">Acuerdo del&nbsp;Consejo de Gobierno por el que se aprueba la Declaraci\u00f3n&nbsp;<\/a>de la ULL de apoyo a la institucionalizaci\u00f3n de la ense\u00f1anza por Aprendizaje por Servicio Universitario.<\/p>\n\n\n\n<p><a href=\"https:\/\/www.youtube.com\/watch?v=lAo59R0HoJ8\" target=\"_blank\" rel=\"noreferrer noopener\" target=\"_blank\" rel=\"noopener\">Sesi\u00f3n informativa DOCENTIA-ULL.<\/a>&nbsp;(01\/12\/2021)<\/p>\n\n\n\n<p><a href=\"https:\/\/media.upv.es\/player\/?id=fd8f7c00-a610-11ed-b754-33d5f744097b\" target=\"_blank\" rel=\"noreferrer noopener\" target=\"_blank\" rel=\"noopener\">Sesi\u00f3n informativa DOCENTIA-EXCELENTE ULL<\/a>&nbsp;(01\/02\/2023)<\/p>\n<\/div><\/div><\/div>\n\n\n\n<div class=\"wp-block-stackable-column stk-block-column stk-column stk-block stk-403e261\" data-v=\"4\" data-block-id=\"403e261\"><style>@media screen and (min-width: 768px){.stk-403e261 {flex:var(--stk-flex-grow, 1) 1 calc(33.333% - var(--stk-column-gap, 0px) * 1 \/ 2 ) !important;}}<\/style><div class=\"stk-column-wrapper stk-block-column__content stk-container stk-403e261-container stk--no-background stk--no-padding\"><div class=\"stk-block-content stk-inner-blocks stk-403e261-inner-blocks\">\n<ul class=\"widget-box\">\n \t<li class=\"contacto-header\">Informaci\u00f3n de contacto<\/li>\n \t<li><i class=\"fa fa-map-marker\"><\/i> C\/ Pedro Zerolo, s\/n. Edificio Central. Apartado 456. C\u00f3digo postal 38200. San Crist\u00f3bal de La Laguna. S\/C de Tenerife.<\/li>\n \t<li>(+34) 922 31 81 06<\/li>\n \t<li><i class=\"fa fa-envelope\"><\/i> <a href=\"mailto:adcalidad@ull.es\" target=\"_blank\" rel=\"noopener\">adcalidad@ull.es<\/a><\/li>\n \t<li><i class=\"fa fa-list-ul\"><\/i><a href=\"http:\/\/riull.ull.es\/xmlui\/bitstream\/handle\/915\/3891\/CS_uemc.pdf\" target=\"_blank\" rel=\"noopener\"> Carta de servicios<\/a><\/li>\n \t<li><i class=\"fa fa-pencil-square-o\"><\/i><a href=\"https:\/\/www.ull.es\/encuestas\/index.php\/74314\/lang-es\" target=\"_blank\" rel=\"noopener\"> Encuesta de satisfacci\u00f3n<\/a><\/li>\n \t<li><i class=\"fa fa-archive\"><\/i><a href=\"https:\/\/sede.ull.es\/ecivilis-site\/catalog\/showProcedure\/484\" target=\"_blank\" rel=\"noopener\">Procedimiento para quejas, sugerencias y felicitaciones<\/a><\/li>\n<\/ul>\n\n\n\n<div class=\"wp-block-stackable-spacer stk-block-spacer stk--no-padding stk-block stk-d3f3c09\" data-block-id=\"d3f3c09\"><style>.stk-d3f3c09 {height:30px !important;}<\/style><\/div>\n\n\n\n<p><strong>Jefa de Negociado <br><\/strong>Carmen Teresa Garc\u00eda M\u00e9ndez<br>(Tlf. 922 31 90 00 Ext. 6100)<br><strong>Colaboradora <br><\/strong>Pilar Rodr\u00edguez Bahamond<br>(Tlf. 922 31 90 00Ext. 6941)<\/p>\n<\/div><\/div><\/div>\n<\/div><\/div>\n","protected":false},"excerpt":{"rendered":"<p>Calidad en la docencia Evaluaci\u00f3n de la Actividad Docente (DOCENTIA) La Evaluaci\u00f3n de la Actividad Docente del Profesorado, est\u00e1 contemplada como uno de los procedimientos del Sistema de Garant\u00eda Interna de Calidad (SGIC). La Universidad de La Laguna incorpor\u00f3 este procedimiento a trav\u00e9s de su participaci\u00f3n en la primera convocatoria que ANECA convoc\u00f3 del&nbsp;Programa DOCENTIA,&#8230;<\/p>\n","protected":false},"author":1,"featured_media":0,"parent":1339,"menu_order":0,"comment_status":"closed","ping_status":"closed","template":"templates\/template-100-width.php","meta":{"footnotes":""},"class_list":["post-12655","page","type-page","status-publish","hentry"],"_links":{"self":[{"href":"https:\/\/www.ull.es\/la-universidad\/wp-json\/wp\/v2\/pages\/12655","targetHints":{"allow":["GET"]}}],"collection":[{"href":"https:\/\/www.ull.es\/la-universidad\/wp-json\/wp\/v2\/pages"}],"about":[{"href":"https:\/\/www.ull.es\/la-universidad\/wp-json\/wp\/v2\/types\/page"}],"author":[{"embeddable":true,"href":"https:\/\/www.ull.es\/la-universidad\/wp-json\/wp\/v2\/users\/1"}],"replies":[{"embeddable":true,"href":"https:\/\/www.ull.es\/la-universidad\/wp-json\/wp\/v2\/comments?post=12655"}],"version-history":[{"count":28,"href":"https:\/\/www.ull.es\/la-universidad\/wp-json\/wp\/v2\/pages\/12655\/revisions"}],"predecessor-version":[{"id":18698,"href":"https:\/\/www.ull.es\/la-universidad\/wp-json\/wp\/v2\/pages\/12655\/revisions\/18698"}],"up":[{"embeddable":true,"href":"https:\/\/www.ull.es\/la-universidad\/wp-json\/wp\/v2\/pages\/1339"}],"wp:attachment":[{"href":"https:\/\/www.ull.es\/la-universidad\/wp-json\/wp\/v2\/media?parent=12655"}],"curies":[{"name":"wp","href":"https:\/\/api.w.org\/{rel}","templated":true}]}}