{"id":13321,"date":"2019-01-14T19:56:41","date_gmt":"2019-01-14T19:56:41","guid":{"rendered":"https:\/\/www.ull.es\/la-universidad\/?page_id=13321"},"modified":"2025-10-16T06:32:42","modified_gmt":"2025-10-16T06:32:42","slug":"convocatoria-electoral-consejo-gobierno","status":"publish","type":"page","link":"https:\/\/www.ull.es\/la-universidad\/convocatoria-electoral-consejo-gobierno\/","title":{"rendered":"Convocatoria electoral Consejo de Gobierno"},"content":{"rendered":"\n<p><\/p>\n\n\n<h1>Convocatoria de elecciones parciales a representantes en el Consejo de Gobierno<\/h1>\n<ul>\n<li><a href=\"https:\/\/riull.ull.es\/xmlui\/bitstream\/handle\/915\/16151\/secretaria%20general_FIRMADO.pdf\" target=\"_blank\" rel=\"noopener noreferrer\" target=\"_blank\" rel=\"noopener\">Resoluci\u00f3n de convocatoria de elecciones parciales para cubrir vacantes en el Consejo de Gobierno<\/a><\/li>\n<li><a href=\"https:\/\/drive.google.com\/open?id=1vRotcEWdnrZQOV1mY05_rEiEKCxs6uQu\" target=\"_blank\" rel=\"noopener\">Resoluci\u00f3n de la Comisi\u00f3n Electoral General por la que se establece el calendario y procedimiento para las elecciones parciales a representantes en Consejo de Gobierno<\/a>\n<ul>\n<li><a href=\"https:\/\/drive.google.com\/open?id=1qL75gQO8DUB5vMabr1hz3ZHbF4uJY6_h\" target=\"_blank\" rel=\"noopener\">Calendario electoral<\/a><\/li>\n<\/ul>\n<\/li>\n<li><a href=\"https:\/\/drive.google.com\/open?id=1bh_pVtmfKWPJYa51OO_Ia4UnWDHxhdWq\" target=\"_blank\" rel=\"noopener\">Resoluci\u00f3n por la que se elevan a definitivos los censos para las elecciones parciales a representantes en consejo de gobierno y se establece la apertura del periodo de presentaci\u00f3n de candidaturas<\/a><\/li>\n<li><strong>Censos electorales definitivos<\/strong>\n<ul>\n<li><a href=\"https:\/\/drive.google.com\/open?id=1sstWldohBDPmDKHsjhgXkoQsQ-FxZxJA\" target=\"_blank\" rel=\"noopener\">Decanas y decanos de facultad y directores y directoras de escuelas<\/a><\/li>\n<li><a href=\"https:\/\/drive.google.com\/open?id=1h_BXEZm_ctPIfxSTUz3eouqboZd2uZuw\" target=\"_blank\" rel=\"noopener\">Directores y directoras de departamento<\/a><\/li>\n<li><a href=\"https:\/\/drive.google.com\/open?id=1bbPR6lEpLlwy_dV_8SIXFJGTPW3m9hs8\" target=\"_blank\" rel=\"noopener\">Directoras y directores de institutos universitarios<\/a><\/li>\n<\/ul>\n<\/li>\n<li><strong>Presentaci\u00f3n de candidaturas<\/strong>\n<ul>\n<li><strong>Plazo<\/strong>: desde las 0:00 h del 1 de octubre a las 23:59 h del 3 de octubre<\/li>\n<li><strong>Procedimiento<\/strong>: a trav\u00e9s del procedimiento de <a href=\"https:\/\/sede.ull.es\/ecivilis-site\/catalog\/showProcedure\/229\" target=\"_blank\" rel=\"noopener\">solicitud general de la sede electr\u00f3nica de la Universidad de La Laguna<\/a>, dirigida a la Comisi\u00f3n Electoral General y adjuntando el \u00ab<a href=\"https:\/\/drive.google.com\/open?id=15XaUD1p3Vm05JsPxsa_75onpzvj30XfH\" target=\"_blank\" rel=\"noopener\">Modelo de candidatura<\/a><a href=\"https:\/\/drive.google.com\/open?id=15XaUD1p3Vm05JsPxsa_75onpzvj30XfH\" target=\"_blank\" rel=\"noopener\">\u00ab<\/a>, debidamente cumplimentado<\/li>\n<li>\n<p><a href=\"https:\/\/drive.google.com\/open?id=1EVZ44vHVCu4zIfubD4oCBUkd_ujQ6UlL\" target=\"_blank\" rel=\"noopener\">Resoluci\u00f3n de la Comisi\u00f3n Electoral General de 4 de octubre de 2019 por la que se establece la proclamaci\u00f3n provisional de las candidaturas para las elecciones parciales a representantes en Consejo de Gobierno y se establece la apertura del periodo de presentaci\u00f3n de reclamaciones<\/a><\/p>\n<\/li>\n<li>\n<p><a href=\"https:\/\/drive.google.com\/open?id=1_NwAUpxo2WZLqFCnOznvOmCCuR8aqlBb\" target=\"_blank\" rel=\"noopener\">Resoluci\u00f3n de la Comisi\u00f3n Electoral General de 9 de octubre de 2019 por la que se establece la proclamaci\u00f3n definitiva de las candidaturas para las elecciones parciales a representantes en Consejo de Gobierno y se establece la apertura del periodo de campa\u00f1a electoral<\/a><\/p>\n<\/li>\n<\/ul>\n<\/li>\n<li><strong>D\u00eda de la votaci\u00f3n<\/strong>\n<ul>\n<li><a href=\"https:\/\/drive.google.com\/open?id=1-bGZPzItcFV9u_ezBEjijbaPciSNhDK_\" target=\"_blank\" rel=\"noopener\">Instrucciones para el d\u00eda de la votaci\u00f3n<\/a><\/li>\n<\/ul>\n<\/li>\n<li><strong>Proclamaci\u00f3n provisional de candidaturas electas<\/strong>\n<ul>\n<li>\n<p><a href=\"https:\/\/drive.google.com\/open?id=1CyULfDSQ825tp9Fdte-HxzoGKoXJtxQ_\" target=\"_blank\" rel=\"noopener\">Resoluci\u00f3n de la Comisi\u00f3n Electoral General de 21 de octubre de 2019 por la que se \u00a0proclaman provisionalmente las candidaturas electas tras la votaci\u00f3n en el proceso de elecciones parciales de representantes en el Consejo de Gobierno y se se\u00f1ala la apertura del periodo de reclamaciones<\/a><\/p>\n<\/li>\n<\/ul>\n<\/li>\n<li><strong>Proclamaci\u00f3n definitiva de candidaturas electas<\/strong>\n<ul>\n<li><a href=\"https:\/\/drive.google.com\/open?id=1Kv7opQ1u7o8FjJy-POp9VChSUnwoFlZ5\" target=\"_blank\" rel=\"noopener\">Resoluci\u00f3n de la Comisi\u00f3n Electoral General de 24 de octubre de 2019 por la que se proclaman definitivamente las candidaturas electas tras la votaci\u00f3n en el proceso de elecciones parciales de representantes en el Consejo de Gobierno<\/a><\/li>\n<\/ul>\n<\/li>\n<\/ul>\n\n\n<div class=\"schema-faq wp-block-yoast-faq-block\"><div class=\"schema-faq-section\"><strong class=\"schema-faq-question\"><\/strong> <p class=\"schema-faq-answer\"><\/p> <\/div> <\/div>\n","protected":false},"excerpt":{"rendered":"<p>Convocatoria de elecciones parciales a representantes en el Consejo de Gobierno Resoluci\u00f3n de convocatoria de elecciones parciales para cubrir vacantes en el Consejo de Gobierno Resoluci\u00f3n de la Comisi\u00f3n Electoral General por la que se establece el calendario y procedimiento para las elecciones parciales a representantes en Consejo de Gobierno Calendario electoral Resoluci\u00f3n por la&#8230;<\/p>\n","protected":false},"author":23,"featured_media":0,"parent":0,"menu_order":0,"comment_status":"closed","ping_status":"closed","template":"templates\/template-100-width.php","meta":{"footnotes":""},"class_list":["post-13321","page","type-page","status-publish","hentry"],"_links":{"self":[{"href":"https:\/\/www.ull.es\/la-universidad\/wp-json\/wp\/v2\/pages\/13321","targetHints":{"allow":["GET"]}}],"collection":[{"href":"https:\/\/www.ull.es\/la-universidad\/wp-json\/wp\/v2\/pages"}],"about":[{"href":"https:\/\/www.ull.es\/la-universidad\/wp-json\/wp\/v2\/types\/page"}],"author":[{"embeddable":true,"href":"https:\/\/www.ull.es\/la-universidad\/wp-json\/wp\/v2\/users\/23"}],"replies":[{"embeddable":true,"href":"https:\/\/www.ull.es\/la-universidad\/wp-json\/wp\/v2\/comments?post=13321"}],"version-history":[{"count":34,"href":"https:\/\/www.ull.es\/la-universidad\/wp-json\/wp\/v2\/pages\/13321\/revisions"}],"predecessor-version":[{"id":17228,"href":"https:\/\/www.ull.es\/la-universidad\/wp-json\/wp\/v2\/pages\/13321\/revisions\/17228"}],"wp:attachment":[{"href":"https:\/\/www.ull.es\/la-universidad\/wp-json\/wp\/v2\/media?parent=13321"}],"curies":[{"name":"wp","href":"https:\/\/api.w.org\/{rel}","templated":true}]}}