{"id":13334,"date":"2019-01-15T11:39:41","date_gmt":"2019-01-15T11:39:41","guid":{"rendered":"https:\/\/www.ull.es\/la-universidad\/?page_id=13334"},"modified":"2019-05-17T08:23:36","modified_gmt":"2019-05-17T08:23:36","slug":"elecciones-a-representantes-del-personal-docente-e-investigador-laboral","status":"publish","type":"page","link":"https:\/\/www.ull.es\/la-universidad\/elecciones-a-representantes-del-personal-docente-e-investigador-laboral\/","title":{"rendered":"Elecciones a representantes del Personal Docente e Investigador Laboral"},"content":{"rendered":"<h1>Elecciones a representantes del Personal Docente e Investigador Laboral<\/h1>\n<ul>\n<li><a href=\"https:\/\/drive.google.com\/file\/d\/1nW_D8c24PlhDKOgibGlyd2GWloYrKu1M\/view?usp=sharing\" target=\"_blank\" rel=\"noopener\">Comunicaci\u00f3n de celebraci\u00f3n de elecciones.<\/a><\/li>\n<li><a href=\"https:\/\/drive.google.com\/file\/d\/1p45Kd2zXoc2Aeg7m_nx2Ixs7pZgqrwk8\/view?usp=sharing\" target=\"_blank\" rel=\"noopener\">Preaviso de elecciones.<\/a><\/li>\n<li><a href=\"https:\/\/drive.google.com\/file\/d\/1nW_D8c24PlhDKOgibGlyd2GWloYrKu1M\/view?usp=sharing\" target=\"_blank\" rel=\"noopener\">Fecha inicio del proceso electoral (constituci\u00f3n Mesa Electoral)<\/a><\/li>\n<li><a href=\"https:\/\/drive.google.com\/file\/d\/1CL47WD7orcSd_Q166d3uApLYKXeT816e\/view?usp=sharing\" target=\"_blank\" rel=\"noopener\">Comunicado de la aprobaci\u00f3n del calendario electoral y la constituci\u00f3n de cinco mesas parciales.<\/a><\/li>\n<li><a href=\"https:\/\/drive.google.com\/file\/d\/1UQYDgLCp8uAHegLgkaOlHZ-Cr5jcIjUh\/view?usp=sharing\" target=\"_blank\" rel=\"noopener\">Calendario electoral<\/a><\/li>\n<li>Censos (Para consultar individualmente, pulse este <a href=\"https:\/\/www.ull.es\/appcenso\" target=\"_blank\" rel=\"noopener\">enlace<\/a>):\n<ul>\n<li><a href=\"https:\/\/drive.google.com\/file\/d\/1GKqnuzxtRfKUaY8zCaGtwmHlDu-TQaTE\/view?usp=sharing\" target=\"_blank\" rel=\"noopener\">Campus de Guajara. Facultad de Econom\u00eda Empresa y Turismo<\/a><\/li>\n<li><a href=\"https:\/\/drive.google.com\/file\/d\/1Hl9Od0FwUkH80F-YCm5PTQRUN86YIKo0\/view?usp=sharing\" target=\"_blank\" rel=\"noopener\">Campus de Guajara. Aulario<\/a><\/li>\n<li><a href=\"https:\/\/drive.google.com\/file\/d\/1IbxopNt_QYBjB07GAbKgvLfAjqGCGdyL\/view?usp=sharing\" target=\"_blank\" rel=\"noopener\">Campus de Anchieta. Facultad de Biolog\u00eda<\/a><\/li>\n<li><a href=\"https:\/\/drive.google.com\/file\/d\/1ScHOm6I40gXlz32PD8l9qcEi7Z093Bs2\/view?usp=sharing\" target=\"_blank\" rel=\"noopener\">Campus Central. Edificio Central<\/a><\/li>\n<li><a href=\"https:\/\/drive.google.com\/file\/d\/1glw967V8fsaDypZKK1-5fNuBMGRj10sB\/view?usp=sharing\" target=\"_blank\" rel=\"noopener\">Ciencias de la Salud Facultad de Medicina<\/a><\/li>\n<\/ul>\n<\/li>\n<li><a href=\"https:\/\/drive.google.com\/file\/d\/1U8aK7D4e2akTNKyLE9pi3KsDBe3lLJ94\/view?usp=sharing\" target=\"_blank\" rel=\"noopener\">Comunicaci\u00f3n de los censos definitivos:<\/a>\n<ul>\n<li><a href=\"https:\/\/drive.google.com\/file\/d\/1WiSM8hP0t-M7a3GNEsYRYsoNBoMRhF-D\/view?usp=sharing\" target=\"_blank\" rel=\"noopener\">Campus de Guajara. Facultad de Econom\u00eda Empresa y Turismo<\/a><\/li>\n<li><a href=\"https:\/\/drive.google.com\/file\/d\/1oLP43Dz4Nlvj-UflcupnmJ2r-s9NIceI\/view?usp=sharing\" target=\"_blank\" rel=\"noopener\">Campus de Guajara. Aulario<\/a><\/li>\n<li><a href=\"https:\/\/drive.google.com\/file\/d\/1DWwVa2Kt5uimYwVBfbF66lleA6JPd8YV\/view?usp=sharing\" target=\"_blank\" rel=\"noopener\">Campus de Anchieta. Facultad de Biolog\u00eda<\/a><\/li>\n<li><a href=\"https:\/\/drive.google.com\/file\/d\/178lxhxlti5app3zpFDtEnTQeiqj4DM8l\/view?usp=sharing\" target=\"_blank\" rel=\"noopener\">Campus Central. Edificio Central<\/a><\/li>\n<li><a href=\"https:\/\/drive.google.com\/file\/d\/1b5NR0ZJE-3uHd5cUPi0wQWJJVv-RKryx\/view?usp=sharing\" target=\"_blank\" rel=\"noopener\">Ciencias de la Salud Facultad de Medicina<\/a><\/li>\n<\/ul>\n<\/li>\n<li><a href=\"https:\/\/drive.google.com\/file\/d\/15gzfJiUjfaci4btPkJscSblVdZ1Y1J8q\/view?usp=sharing\" target=\"_blank\" rel=\"noopener\">Modelo de voto anticipado<\/a><\/li>\n<li><a href=\"https:\/\/drive.google.com\/file\/d\/147UJ6tFauBIFQpkS66rry_0VR79eDm5D\/view?usp=sharing\" target=\"_blank\" rel=\"noopener\">Procedimiento para ejercitar el voto por correo<\/a><\/li>\n<li><a href=\"https:\/\/drive.google.com\/file\/d\/1Rfw2oH-GvtLCJaTqnKy2tObgFMHCNmm8\/view?usp=sharing\" target=\"_blank\" rel=\"noopener\">Candidaturas provisionales Comisiones Obreras<\/a><\/li>\n<li><a href=\"https:\/\/drive.google.com\/file\/d\/15vDQBk_juefZwxFkzhRUEItGiHtGmJdN\/view?usp=sharing\" target=\"_blank\" rel=\"noopener\">Candidaturas provisionales Coalici\u00f3n Sindical<\/a><\/li>\n<li><a href=\"https:\/\/drive.google.com\/file\/d\/1H8TFEnCtaG2qExnwD0oYSay29r02pTXT\/view?usp=sharing\" target=\"_blank\" rel=\"noopener\">R\u00e9gimen de dispensas y permisos<\/a><\/li>\n<li><a href=\"https:\/\/drive.google.com\/file\/d\/1j_vSuixiu-GwHlKGUxanipi9xURHeE5g\/view?usp=sharing\" target=\"_blank\" rel=\"noopener\">Proclamaci\u00f3n definitiva de Candidaturas<\/a><\/li>\n<li><a href=\"https:\/\/drive.google.com\/file\/d\/1ac4D26Kpjn9H9IuvJa1XbuIpgN5PwYhu\/view?usp=sharing\" target=\"_blank\" rel=\"noopener\">Candidaturas definitivas Comisiones Obreras<\/a><\/li>\n<li><a href=\"https:\/\/drive.google.com\/file\/d\/1fQTXSY0Mw6fx5LeN7AHe1x3dVChkMNDu\/view?usp=sharing\" target=\"_blank\" rel=\"noopener\">Candidaturas definitivas Coalici\u00f3n Sindical<\/a><\/li>\n<li><a href=\"https:\/\/drive.google.com\/file\/d\/1n3NJNqsViQqUGO_rb0FbMRwIZ54obtTU\/view?usp=sharing\" target=\"_blank\" rel=\"noopener\">Anuncio del horario y fecha de la votaci\u00f3n<\/a><\/li>\n<li><a href=\"https:\/\/drive.google.com\/file\/d\/1Xc5x7I5zQM2ZC-Nvt-MVwvJc4LlwH1pz\/view?usp=sharing\" target=\"_blank\" rel=\"noopener\">Horario de la votaci\u00f3n y ubicaci\u00f3n de las Mesas Electorales<\/a><\/li>\n<li><a href=\"https:\/\/drive.google.com\/file\/d\/11AN4dxcRfuQ0gVx5iYme_lT5N7FKZlgU\/view?usp=sharing\" target=\"_blank\" rel=\"noopener\">Resultado de las elecciones a representantes del PDI Laboral<\/a><\/li>\n<\/ul>\n","protected":false},"excerpt":{"rendered":"<p>Elecciones a representantes del Personal Docente e Investigador Laboral Comunicaci\u00f3n de celebraci\u00f3n de elecciones. Preaviso de elecciones. Fecha inicio del proceso electoral (constituci\u00f3n Mesa Electoral) Comunicado de la aprobaci\u00f3n del calendario electoral y la constituci\u00f3n de cinco mesas parciales. Calendario electoral Censos (Para consultar individualmente, pulse este enlace): Campus de Guajara. Facultad de Econom\u00eda Empresa&#8230;<\/p>\n","protected":false},"author":14,"featured_media":0,"parent":0,"menu_order":0,"comment_status":"closed","ping_status":"closed","template":"","meta":{"footnotes":""},"class_list":["post-13334","page","type-page","status-publish","hentry"],"_links":{"self":[{"href":"https:\/\/www.ull.es\/la-universidad\/wp-json\/wp\/v2\/pages\/13334","targetHints":{"allow":["GET"]}}],"collection":[{"href":"https:\/\/www.ull.es\/la-universidad\/wp-json\/wp\/v2\/pages"}],"about":[{"href":"https:\/\/www.ull.es\/la-universidad\/wp-json\/wp\/v2\/types\/page"}],"author":[{"embeddable":true,"href":"https:\/\/www.ull.es\/la-universidad\/wp-json\/wp\/v2\/users\/14"}],"replies":[{"embeddable":true,"href":"https:\/\/www.ull.es\/la-universidad\/wp-json\/wp\/v2\/comments?post=13334"}],"version-history":[{"count":16,"href":"https:\/\/www.ull.es\/la-universidad\/wp-json\/wp\/v2\/pages\/13334\/revisions"}],"predecessor-version":[{"id":13636,"href":"https:\/\/www.ull.es\/la-universidad\/wp-json\/wp\/v2\/pages\/13334\/revisions\/13636"}],"wp:attachment":[{"href":"https:\/\/www.ull.es\/la-universidad\/wp-json\/wp\/v2\/media?parent=13334"}],"curies":[{"name":"wp","href":"https:\/\/api.w.org\/{rel}","templated":true}]}}