{"id":1339,"date":"2016-10-20T09:48:30","date_gmt":"2016-10-20T09:48:30","guid":{"rendered":"http:\/\/www.ull.es\/conoce-la-ull\/?page_id=1339"},"modified":"2024-05-23T15:01:02","modified_gmt":"2024-05-23T15:01:02","slug":"calidad","status":"publish","type":"page","link":"https:\/\/www.ull.es\/la-universidad\/calidad\/","title":{"rendered":"Calidad"},"content":{"rendered":"\n<div class=\"wp-block-columns is-layout-flex wp-container-core-columns-is-layout-9d6595d7 wp-block-columns-is-layout-flex\">\n<div class=\"wp-block-column is-layout-flow wp-block-column-is-layout-flow\" style=\"flex-basis:70%\">\n<h1 class=\"wp-block-heading\">Calidad<\/h1>\n\n\n\n<p>Desde el inicio del proceso de Convergencia Europea y la incorporaci\u00f3n al mismo del Sistema de Garant\u00eda Interna de Calidad, la ULL ha realizado una apuesta a favor del fomento de la Calidad en todas sus actividades.<\/p>\n\n\n\n<p>Para ello se han desarrollado pol\u00edticas de evaluaci\u00f3n y mejora de la calidad en los \u00e1mbitos de la docencia y de las titulaciones, la investigaci\u00f3n, la gesti\u00f3n y los servicios.<\/p>\n\n\n\n<ul class=\"wp-block-list\">\n<li><a href=\"https:\/\/www.ull.es\/la-universidad\/calidad\/calidad-docencia\/\" target=\"_blank\" rel=\"noopener\">Calidad en la docencia<\/a><\/li>\n\n\n\n<li><a href=\"https:\/\/www.ull.es\/la-universidad\/calidad\/calidad-titulaciones\/\" target=\"_blank\" rel=\"noopener\">Calidad en las titulaciones<\/a><\/li>\n\n\n\n<li><a href=\"https:\/\/www.ull.es\/la-universidad\/calidad\/evaluacion-de-servicios\/\" target=\"_blank\" rel=\"noopener\">Calidad de los Servicios<\/a><\/li>\n\n\n\n<li><a href=\"https:\/\/www.ull.es\/la-universidad\/calidad\/resultados-de-los-sorteos-de-incentivos-a-la-participacion\/\" target=\"_blank\" rel=\"noreferrer noopener\" target=\"_blank\" rel=\"noopener\">Resultados de los sorteos de incentivos a la participaci\u00f3n<\/a><\/li>\n\n\n\n<li><a href=\"https:\/\/www.ull.es\/la-universidad\/calidad\/sistema-reclamaciones-quejas-sugerencias-felicitaciones\/\" target=\"_blank\" rel=\"noopener\">Sistema de quejas, sugerencias y felicitaciones<\/a><\/li>\n<\/ul>\n<\/div>\n\n\n\n<div class=\"wp-block-column is-layout-flow wp-block-column-is-layout-flow\">\n<ul class=\"widget-box\">\n<li class='contacto-header'>Informaci\u00f3n de contacto<\/li><li><i class=\"fa fa-map-marker\"><\/i> C\/ Pedro Zerolo, s\/n. Edificio Central. Apartado 456. C\u00f3digo postal 38200. San Crist\u00f3bal de La Laguna. S\/C de Tenerife<\/li><li><i class=\"fa fa-phone\"><\/i> (+34) 922 31 96 96<\/li><li><i class=\"fa fa-envelope\"><\/i>  <a href=mailto:diruemc@ull.es>diruemc@ull.es<\/a><\/li><li><i class=\"fa fa-list-ul\"><\/i><a href=\"http:\/\/riull.ull.es\/xmlui\/bitstream\/handle\/915\/3891\/CS_uemc.pdf\"> Carta de servicios<\/a><\/li><li><i class=\"fa fa-pencil-square-o\"><\/i><a href=\"https:\/\/encuestas.ull.es\/index.php?r=survey\/index&sid=74314&lang=es\"> Encuesta de satisfacci\u00f3n<\/a><\/li><li><i class=\"fa fa-archive\"><\/i><a href=\"https:\/\/sede.ull.es\/ecivilis-site\/catalog\/showProcedure\/484\"> Procedimiento para quejas, sugerencias y felicitaciones<\/a><\/li>\n<\/ul>\n\n\n<\/div>\n<\/div>\n\n\n\n<p><\/p>\n","protected":false},"excerpt":{"rendered":"<p>Calidad Desde el inicio del proceso de Convergencia Europea y la incorporaci\u00f3n al mismo del Sistema de Garant\u00eda Interna de Calidad, la ULL ha realizado una apuesta a favor del fomento de la Calidad en todas sus actividades. Para ello se han desarrollado pol\u00edticas de evaluaci\u00f3n y mejora de la calidad en los \u00e1mbitos de&#8230;<\/p>\n","protected":false},"author":1,"featured_media":0,"parent":0,"menu_order":0,"comment_status":"closed","ping_status":"closed","template":"","meta":{"footnotes":""},"class_list":["post-1339","page","type-page","status-publish","hentry"],"_links":{"self":[{"href":"https:\/\/www.ull.es\/la-universidad\/wp-json\/wp\/v2\/pages\/1339","targetHints":{"allow":["GET"]}}],"collection":[{"href":"https:\/\/www.ull.es\/la-universidad\/wp-json\/wp\/v2\/pages"}],"about":[{"href":"https:\/\/www.ull.es\/la-universidad\/wp-json\/wp\/v2\/types\/page"}],"author":[{"embeddable":true,"href":"https:\/\/www.ull.es\/la-universidad\/wp-json\/wp\/v2\/users\/1"}],"replies":[{"embeddable":true,"href":"https:\/\/www.ull.es\/la-universidad\/wp-json\/wp\/v2\/comments?post=1339"}],"version-history":[{"count":43,"href":"https:\/\/www.ull.es\/la-universidad\/wp-json\/wp\/v2\/pages\/1339\/revisions"}],"predecessor-version":[{"id":15920,"href":"https:\/\/www.ull.es\/la-universidad\/wp-json\/wp\/v2\/pages\/1339\/revisions\/15920"}],"wp:attachment":[{"href":"https:\/\/www.ull.es\/la-universidad\/wp-json\/wp\/v2\/media?parent=1339"}],"curies":[{"name":"wp","href":"https:\/\/api.w.org\/{rel}","templated":true}]}}