{"id":13458,"date":"2019-03-15T12:34:42","date_gmt":"2019-03-15T12:34:42","guid":{"rendered":"https:\/\/www.ull.es\/la-universidad\/?page_id=13458"},"modified":"2025-10-16T06:32:57","modified_gmt":"2025-10-16T06:32:57","slug":"convocatoria-de-elecciones-a-rectora-o-rector","status":"publish","type":"page","link":"https:\/\/www.ull.es\/la-universidad\/convocatoria-de-elecciones-a-rectora-o-rector\/","title":{"rendered":"Elecciones a Rectora o Rector"},"content":{"rendered":"\n<div class=\"wp-block-stackable-heading stk-block-heading stk-block-heading--v2 stk-block stk-fed68fe\" id=\"elecciones-a-rectora-o-rector\" data-block-id=\"fed68fe\"><style>.stk-fed68fe .stk-block-heading__text{font-weight:400 !important;}<\/style><h1 class=\"stk-block-heading__text\">Elecciones a Rectora o Rector<\/h1><\/div>\n\n\n\n<div class=\"wp-block-stackable-columns stk-block-columns stk-block stk-09856d8\" data-block-id=\"09856d8\"><div class=\"stk-row stk-inner-blocks stk-block-content stk-content-align stk-09856d8-column\">\n<div class=\"wp-block-stackable-column stk-block-column stk-column stk-block stk-aabed5a\" data-v=\"4\" data-block-id=\"aabed5a\"><style>@media screen and (min-width: 768px){.stk-aabed5a {flex:var(--stk-flex-grow, 1) 1 calc(65% - var(--stk-column-gap, 0px) * 1 \/ 2 ) !important;}}<\/style><div class=\"stk-column-wrapper stk-block-column__content stk-container stk-aabed5a-container stk--no-background stk--no-padding\"><div class=\"stk-block-content stk-inner-blocks stk-aabed5a-inner-blocks\">\n<details class=\"wp-block-stackable-accordion stk-block-accordion stk-inner-blocks stk-block-content stk-block stk-6b68986 is-style-plain\" data-block-id=\"6b68986\"><style>.stk-6b68986 {margin-bottom:0px !important;}<\/style>\n<summary class=\"wp-block-stackable-column stk-block-column stk-column stk-block stk-46d3026 stk--container-small stk-block-accordion__heading\" data-v=\"4\" data-block-id=\"46d3026\"><div class=\"stk-column-wrapper stk-block-column__content stk-container stk-46d3026-container stk--no-background stk--no-padding\"><div class=\"stk-block-content stk-inner-blocks stk-46d3026-inner-blocks\">\n<div class=\"wp-block-stackable-icon-label stk-block-icon-label stk-block stk-499e372 stk-block-background\" data-block-id=\"499e372\"><style>.stk-499e372 {background-color:#8462c0 !important;border-top-left-radius:5px !important;border-top-right-radius:5px !important;border-bottom-right-radius:0px !important;border-bottom-left-radius:0px !important;overflow:hidden !important;border-style:solid !important;border-color:#8462c0 !important;padding-top:15px !important;padding-right:15px !important;padding-bottom:15px !important;padding-left:15px !important;}.stk-499e372:before{background-color:#8462c0 !important;}<\/style><div class=\"stk-row stk-inner-blocks stk-block-content\">\n<div class=\"wp-block-stackable-heading stk-block-heading stk-block-heading--v2 stk-block stk-5b3d8eb\" id=\"strong-convocatoria-strong\" data-block-id=\"5b3d8eb\"><style>.stk-5b3d8eb .stk-block-heading__text{color:#ffffff !important;}<\/style><h4 class=\"stk-block-heading__text has-text-color\"><strong>Convocatoria<\/strong><\/h4><\/div>\n\n\n\n<div class=\"wp-block-stackable-icon stk-block-icon stk-block stk-60786ce\" data-block-id=\"60786ce\"><style>.stk-60786ce .stk--svg-wrapper .stk--inner-svg svg:last-child, .stk-60786ce .stk--svg-wrapper .stk--inner-svg svg:last-child :is(g, path, rect, polygon, ellipse){fill:#ffffff !important;}<\/style><span class=\"stk--svg-wrapper\"><div class=\"stk--inner-svg\"><svg style=\"height:0;width:0\"><defs><linearGradient id=\"linear-gradient-60786ce\" x1=\"0\" x2=\"100%\" y1=\"0\" y2=\"0\"><stop offset=\"0%\" style=\"stop-opacity:1;stop-color:var(--linear-gradient-60786-ce-color-1)\"><\/stop><stop offset=\"100%\" style=\"stop-opacity:1;stop-color:var(--linear-gradient-60786-ce-color-2)\"><\/stop><\/linearGradient><\/defs><\/svg><svg data-prefix=\"fas\" data-icon=\"chevron-down\" class=\"svg-inline--fa fa-chevron-down fa-w-14\" xmlns=\"http:\/\/www.w3.org\/2000\/svg\" viewBox=\"0 0 448 512\" aria-hidden=\"true\" width=\"32\" height=\"32\"><path fill=\"currentColor\" d=\"M207.029 381.476L12.686 187.132c-9.373-9.373-9.373-24.569 0-33.941l22.667-22.667c9.357-9.357 24.522-9.375 33.901-.04L224 284.505l154.745-154.021c9.379-9.335 24.544-9.317 33.901.04l22.667 22.667c9.373 9.373 9.373 24.569 0 33.941L240.971 381.476c-9.373 9.372-24.569 9.372-33.942 0z\"><\/path><\/svg><\/div><\/span><\/div>\n<\/div><\/div>\n<\/div><\/div><\/summary>\n\n\n\n<div class=\"wp-block-stackable-column stk-block-column stk-column stk-block stk-77f89ba stk-block-accordion__content\" data-v=\"4\" data-block-id=\"77f89ba\"><style>.stk-77f89ba-container{padding-top:0px !important;padding-right:0px !important;padding-bottom:0px !important;padding-left:0px !important;}<\/style><div class=\"stk-column-wrapper stk-block-column__content stk-container stk-77f89ba-container stk--no-background stk--no-padding\"><div class=\"stk-block-content stk-inner-blocks stk-77f89ba-inner-blocks\">\n<ul class=\"wp-block-list\">\n<li><a href=\"https:\/\/sede.ull.es\/ecivilis-site\/bulletinBoard\/showBulletin\/18681:1\" target=\"_blank\" rel=\"noreferrer noopener\" target=\"_blank\" rel=\"noopener\">Resoluci\u00f3n rectoral de 10 de febrero de 2023, por la que se convocan elecciones a Rectora o Rector de la Universidad de La Laguna<\/a><\/li>\n\n\n\n<li><a href=\"https:\/\/sede.ull.es\/ecivilis-site\/bulletinBoard\/showBulletin\/18685:1\" target=\"_blank\" rel=\"noreferrer noopener\" target=\"_blank\" rel=\"noopener\">Calendario electoral<\/a><\/li>\n<\/ul>\n<\/div><\/div><\/div>\n<\/details>\n\n\n\n<details class=\"wp-block-stackable-accordion stk-block-accordion stk-inner-blocks stk-block-content stk-block stk-d708971 is-style-plain\" data-block-id=\"d708971\"><style>.stk-d708971 {margin-top:-15px !important;margin-bottom:0px !important;}<\/style>\n<summary class=\"wp-block-stackable-column stk-block-column stk-column stk-block stk-930a876 stk--container-small stk-block-accordion__heading\" data-v=\"4\" data-block-id=\"930a876\"><div class=\"stk-column-wrapper stk-block-column__content stk-container stk-930a876-container stk--no-background stk--no-padding\"><div class=\"stk-block-content stk-inner-blocks stk-930a876-inner-blocks\">\n<div class=\"wp-block-stackable-icon-label stk-block-icon-label stk-block stk-cb4e09e stk-block-background\" data-block-id=\"cb4e09e\"><style>.stk-cb4e09e {background-color:#8462c0 !important;border-top-left-radius:0px !important;border-top-right-radius:0px !important;border-bottom-right-radius:0px !important;border-bottom-left-radius:0px !important;overflow:hidden !important;padding-top:15px !important;padding-right:15px !important;padding-bottom:15px !important;padding-left:15px !important;}.stk-cb4e09e:before{background-color:#8462c0 !important;}<\/style><div class=\"stk-row stk-inner-blocks stk-block-content\">\n<div class=\"wp-block-stackable-heading stk-block-heading stk-block-heading--v2 stk-block stk-936e4c4\" id=\"strong-censo-electoral-strong\" data-block-id=\"936e4c4\"><style>.stk-936e4c4 .stk-block-heading__text{color:#ffffff !important;}<\/style><h4 class=\"stk-block-heading__text has-text-color\"><strong>Censo electoral<\/strong><\/h4><\/div>\n\n\n\n<div class=\"wp-block-stackable-icon stk-block-icon stk-block stk-c0b736b\" data-block-id=\"c0b736b\"><style>.stk-c0b736b .stk--svg-wrapper .stk--inner-svg svg:last-child, .stk-c0b736b .stk--svg-wrapper .stk--inner-svg svg:last-child :is(g, path, rect, polygon, ellipse){fill:#ffffff !important;}<\/style><span class=\"stk--svg-wrapper\"><div class=\"stk--inner-svg\"><svg style=\"height:0;width:0\"><defs><linearGradient id=\"linear-gradient-c0b736b\" x1=\"0\" x2=\"100%\" y1=\"0\" y2=\"0\"><stop offset=\"0%\" style=\"stop-opacity:1;stop-color:var(--linear-gradient-c-0-b-736-b-color-1)\"><\/stop><stop offset=\"100%\" style=\"stop-opacity:1;stop-color:var(--linear-gradient-c-0-b-736-b-color-2)\"><\/stop><\/linearGradient><\/defs><\/svg><svg data-prefix=\"fas\" data-icon=\"chevron-down\" class=\"svg-inline--fa fa-chevron-down fa-w-14\" xmlns=\"http:\/\/www.w3.org\/2000\/svg\" viewBox=\"0 0 448 512\" aria-hidden=\"true\" width=\"32\" height=\"32\"><path fill=\"currentColor\" d=\"M207.029 381.476L12.686 187.132c-9.373-9.373-9.373-24.569 0-33.941l22.667-22.667c9.357-9.357 24.522-9.375 33.901-.04L224 284.505l154.745-154.021c9.379-9.335 24.544-9.317 33.901.04l22.667 22.667c9.373 9.373 9.373 24.569 0 33.941L240.971 381.476c-9.373 9.372-24.569 9.372-33.942 0z\"><\/path><\/svg><\/div><\/span><\/div>\n<\/div><\/div>\n<\/div><\/div><\/summary>\n\n\n\n<div class=\"wp-block-stackable-column stk-block-column stk-column stk-block stk-546f041 stk-block-accordion__content\" data-v=\"4\" data-block-id=\"546f041\"><style>.stk-546f041-container{padding-top:0px !important;padding-right:0px !important;padding-bottom:0px !important;padding-left:0px !important;}<\/style><div class=\"stk-column-wrapper stk-block-column__content stk-container stk-546f041-container stk--no-background stk--no-padding\"><div class=\"stk-block-content stk-inner-blocks stk-546f041-inner-blocks\">\n<ul class=\"wp-block-list\">\n<li><a href=\"https:\/\/drive.google.com\/file\/d\/1e6rfPqYpLjHLbvSRTVbN5fmliEBP9IQd\/view?usp=share_link\" target=\"_blank\" rel=\"noreferrer noopener\" target=\"_blank\" rel=\"noopener\">Acuerdo e instrucciones de publicaci\u00f3n de los censos electorales provisionales<\/a><\/li>\n\n\n\n<li><a href=\"https:\/\/www.ull.es\/appcenso\/default.aspx\" target=\"_blank\" rel=\"noreferrer noopener\" target=\"_blank\" rel=\"noopener\">Consulta de los censos<\/a><\/li>\n\n\n\n<li><a href=\"https:\/\/sede.ull.es\/ecivilis-site\/catalog\/showProcedure\/583\" target=\"_blank\" rel=\"noreferrer noopener\" target=\"_blank\" rel=\"noopener\">Procedimiento para la reclamaci\u00f3n a los censos electorales<\/a><\/li>\n\n\n\n<li><a href=\"https:\/\/drive.google.com\/file\/d\/1cxrtx6S84j9DX3en-LK8Nafek8Hac0Bx\/view?usp=share_link\" target=\"_blank\" rel=\"noreferrer noopener\" target=\"_blank\" rel=\"noopener\">Proclamaci\u00f3n definitiva del censo electoral<\/a><\/li>\n<\/ul>\n<\/div><\/div><\/div>\n<\/details>\n\n\n\n<details class=\"wp-block-stackable-accordion stk-block-accordion stk-inner-blocks stk-block-content stk-block stk-f478076 is-style-plain\" data-block-id=\"f478076\"><style>.stk-f478076 {margin-top:-15px !important;margin-bottom:0px !important;}<\/style>\n<summary class=\"wp-block-stackable-column stk-block-column stk-column stk-block stk-b9620ad stk--container-small stk-block-accordion__heading\" data-v=\"4\" data-block-id=\"b9620ad\"><div class=\"stk-column-wrapper stk-block-column__content stk-container stk-b9620ad-container stk--no-background stk--no-padding\"><div class=\"stk-block-content stk-inner-blocks stk-b9620ad-inner-blocks\">\n<div class=\"wp-block-stackable-icon-label stk-block-icon-label stk-block stk-f39538e stk-block-background\" data-block-id=\"f39538e\"><style>.stk-f39538e {background-color:#8462c0 !important;border-top-left-radius:0px !important;border-top-right-radius:0px !important;border-bottom-right-radius:0px !important;border-bottom-left-radius:0px !important;overflow:hidden !important;padding-top:15px !important;padding-right:15px !important;padding-bottom:15px !important;padding-left:15px !important;}.stk-f39538e:before{background-color:#8462c0 !important;}<\/style><div class=\"stk-row stk-inner-blocks stk-block-content\">\n<div class=\"wp-block-stackable-heading stk-block-heading stk-block-heading--v2 stk-block stk-fdd1c82\" id=\"strong-candidaturas-strong\" data-block-id=\"fdd1c82\"><style>.stk-fdd1c82 .stk-block-heading__text{color:#ffffff !important;}<\/style><h4 class=\"stk-block-heading__text has-text-color\"><strong>Candidaturas<\/strong><\/h4><\/div>\n\n\n\n<div class=\"wp-block-stackable-icon stk-block-icon stk-block stk-b0cb27f\" data-block-id=\"b0cb27f\"><style>.stk-b0cb27f .stk--svg-wrapper .stk--inner-svg svg:last-child, .stk-b0cb27f .stk--svg-wrapper .stk--inner-svg svg:last-child :is(g, path, rect, polygon, ellipse){fill:#ffffff !important;}<\/style><span class=\"stk--svg-wrapper\"><div class=\"stk--inner-svg\"><svg style=\"height:0;width:0\"><defs><linearGradient id=\"linear-gradient-b0cb27f\" x1=\"0\" x2=\"100%\" y1=\"0\" y2=\"0\"><stop offset=\"0%\" style=\"stop-opacity:1;stop-color:var(--linear-gradient-b-0-cb-27-f-color-1)\"><\/stop><stop offset=\"100%\" style=\"stop-opacity:1;stop-color:var(--linear-gradient-b-0-cb-27-f-color-2)\"><\/stop><\/linearGradient><\/defs><\/svg><svg data-prefix=\"fas\" data-icon=\"chevron-down\" class=\"svg-inline--fa fa-chevron-down fa-w-14\" xmlns=\"http:\/\/www.w3.org\/2000\/svg\" viewBox=\"0 0 448 512\" aria-hidden=\"true\" width=\"32\" height=\"32\"><path fill=\"currentColor\" d=\"M207.029 381.476L12.686 187.132c-9.373-9.373-9.373-24.569 0-33.941l22.667-22.667c9.357-9.357 24.522-9.375 33.901-.04L224 284.505l154.745-154.021c9.379-9.335 24.544-9.317 33.901.04l22.667 22.667c9.373 9.373 9.373 24.569 0 33.941L240.971 381.476c-9.373 9.372-24.569 9.372-33.942 0z\"><\/path><\/svg><\/div><\/span><\/div>\n<\/div><\/div>\n<\/div><\/div><\/summary>\n\n\n\n<div class=\"wp-block-stackable-column stk-block-column stk-column stk-block stk-b58ad1f stk-block-accordion__content\" data-v=\"4\" data-block-id=\"b58ad1f\"><style>.stk-b58ad1f-container{padding-top:0px !important;padding-right:0px !important;padding-bottom:0px !important;padding-left:0px !important;}<\/style><div class=\"stk-column-wrapper stk-block-column__content stk-container stk-b58ad1f-container stk--no-background stk--no-padding\"><div class=\"stk-block-content stk-inner-blocks stk-b58ad1f-inner-blocks\">\n<ul class=\"wp-block-list\">\n<li><a href=\"https:\/\/sede.ull.es\/ecivilis-site\/catalog\/showProcedure\/672\" target=\"_blank\" rel=\"noreferrer noopener\" target=\"_blank\" rel=\"noopener\">Resoluci\u00f3n para la presentaci\u00f3n de candidaturas<\/a><\/li>\n\n\n\n<li><a href=\"https:\/\/drive.google.com\/file\/d\/1dbiDtkh-GWqgFlNnZrlH48UK7SpxO0Zl\/view?usp=share_link\" target=\"_blank\" rel=\"noreferrer noopener\" target=\"_blank\" rel=\"noopener\">Resoluci\u00f3n de la Comisi\u00f3n Electoral General de la Universidad de La Laguna, de 9 de marzo de 2023, por la que se proclaman provisionalmente las candidaturas al Rectorado.<\/a><\/li>\n\n\n\n<li><a href=\"https:\/\/drive.google.com\/file\/d\/1RTbDAgEiWYq7daIHem5V0qDXvBFnuURo\/view?usp=share_link\" target=\"_blank\" rel=\"noreferrer noopener\" target=\"_blank\" rel=\"noopener\">Resoluci\u00f3n de la Comisi\u00f3n Electoral General de la Universidad de La Laguna, de 14 de marzo de 2023, por la que se proclaman definitivamente las candidaturas al Rectorado.<\/a><\/li>\n<\/ul>\n<\/div><\/div><\/div>\n<\/details>\n\n\n\n<details class=\"wp-block-stackable-accordion stk-block-accordion stk-inner-blocks stk-block-content stk-block stk-29c46ce is-style-plain\" data-block-id=\"29c46ce\"><style>.stk-29c46ce {margin-top:-15px !important;margin-bottom:0px !important;}<\/style>\n<summary class=\"wp-block-stackable-column stk-block-column stk-column stk-block stk-c316c05 stk--container-small stk-block-accordion__heading\" data-v=\"4\" data-block-id=\"c316c05\"><div class=\"stk-column-wrapper stk-block-column__content stk-container stk-c316c05-container stk--no-background stk--no-padding\"><div class=\"stk-block-content stk-inner-blocks stk-c316c05-inner-blocks\">\n<div class=\"wp-block-stackable-icon-label stk-block-icon-label stk-block stk-ecf0d6d stk-block-background\" data-block-id=\"ecf0d6d\"><style>.stk-ecf0d6d {background-color:#8462c0 !important;border-top-left-radius:0px !important;border-top-right-radius:0px !important;border-bottom-right-radius:0px !important;border-bottom-left-radius:0px !important;overflow:hidden !important;padding-top:15px !important;padding-right:15px !important;padding-bottom:15px !important;padding-left:15px !important;}.stk-ecf0d6d:before{background-color:#8462c0 !important;}<\/style><div class=\"stk-row stk-inner-blocks stk-block-content\">\n<div class=\"wp-block-stackable-heading stk-block-heading stk-block-heading--v2 stk-block stk-226e396\" id=\"strong-campana-electoral-strong\" data-block-id=\"226e396\"><style>.stk-226e396 .stk-block-heading__text{color:#ffffff !important;}<\/style><h4 class=\"stk-block-heading__text has-text-color\"><strong>Campa\u00f1a electoral<\/strong><\/h4><\/div>\n\n\n\n<div class=\"wp-block-stackable-icon stk-block-icon stk-block stk-1c8998e\" data-block-id=\"1c8998e\"><style>.stk-1c8998e .stk--svg-wrapper .stk--inner-svg svg:last-child, .stk-1c8998e .stk--svg-wrapper .stk--inner-svg svg:last-child :is(g, path, rect, polygon, ellipse){fill:#ffffff !important;}<\/style><span class=\"stk--svg-wrapper\"><div class=\"stk--inner-svg\"><svg style=\"height:0;width:0\"><defs><linearGradient id=\"linear-gradient-1c8998e\" x1=\"0\" x2=\"100%\" y1=\"0\" y2=\"0\"><stop offset=\"0%\" style=\"stop-opacity:1;stop-color:var(--linear-gradient-1-c-8998-e-color-1)\"><\/stop><stop offset=\"100%\" style=\"stop-opacity:1;stop-color:var(--linear-gradient-1-c-8998-e-color-2)\"><\/stop><\/linearGradient><\/defs><\/svg><svg data-prefix=\"fas\" data-icon=\"chevron-down\" class=\"svg-inline--fa fa-chevron-down fa-w-14\" xmlns=\"http:\/\/www.w3.org\/2000\/svg\" viewBox=\"0 0 448 512\" aria-hidden=\"true\" width=\"32\" height=\"32\"><path fill=\"currentColor\" d=\"M207.029 381.476L12.686 187.132c-9.373-9.373-9.373-24.569 0-33.941l22.667-22.667c9.357-9.357 24.522-9.375 33.901-.04L224 284.505l154.745-154.021c9.379-9.335 24.544-9.317 33.901.04l22.667 22.667c9.373 9.373 9.373 24.569 0 33.941L240.971 381.476c-9.373 9.372-24.569 9.372-33.942 0z\"><\/path><\/svg><\/div><\/span><\/div>\n<\/div><\/div>\n<\/div><\/div><\/summary>\n\n\n\n<div class=\"wp-block-stackable-column stk-block-column stk-column stk-block stk-db7cf90 stk-block-accordion__content\" data-v=\"4\" data-block-id=\"db7cf90\"><style>.stk-db7cf90-container{padding-top:0px !important;padding-right:0px !important;padding-bottom:0px !important;padding-left:0px !important;}<\/style><div class=\"stk-column-wrapper stk-block-column__content stk-container stk-db7cf90-container stk--no-background stk--no-padding\"><div class=\"stk-block-content stk-inner-blocks stk-db7cf90-inner-blocks\">\n<div class=\"wp-block-stackable-text stk-block-text stk-block stk-0c289e0\" data-block-id=\"0c289e0\"><p class=\"stk-block-text__text\"><a href=\"https:\/\/drive.google.com\/file\/d\/1VnQc8gl-VZhBSm6bdnrGjmoJB6oJFnl-\/view?usp=share_link\" target=\"_blank\" rel=\"noreferrer noopener\" target=\"_blank\" rel=\"noopener\">Resoluci\u00f3n de la Comisi\u00f3n Electoral General de 15 de marzo de 2023 por la que se establecen instrucciones para la campa\u00f1a electoral y votaci\u00f3n de las elecciones al Rectorado 2023<\/a><\/p><\/div>\n<\/div><\/div><\/div>\n<\/details>\n\n\n\n<details class=\"wp-block-stackable-accordion stk-block-accordion stk-inner-blocks stk-block-content stk-block stk-a25342a is-style-plain\" data-block-id=\"a25342a\"><style>.stk-a25342a {margin-top:-15px !important;}<\/style>\n<summary class=\"wp-block-stackable-column stk-block-column stk-column stk-block stk-8a672af stk--container-small stk-block-accordion__heading\" data-v=\"4\" data-block-id=\"8a672af\"><div class=\"stk-column-wrapper stk-block-column__content stk-container stk-8a672af-container stk--no-background stk--no-padding\"><div class=\"stk-block-content stk-inner-blocks stk-8a672af-inner-blocks\">\n<div class=\"wp-block-stackable-icon-label stk-block-icon-label stk-block stk-a610dd1 stk-block-background\" data-block-id=\"a610dd1\"><style>.stk-a610dd1 {background-color:#8462c0 !important;border-top-left-radius:0px !important;border-top-right-radius:0px !important;border-bottom-right-radius:5px !important;border-bottom-left-radius:5px !important;overflow:hidden !important;padding-top:15px !important;padding-right:15px !important;padding-bottom:15px !important;padding-left:15px !important;}.stk-a610dd1:before{background-color:#8462c0 !important;}<\/style><div class=\"stk-row stk-inner-blocks stk-block-content\">\n<div class=\"wp-block-stackable-heading stk-block-heading stk-block-heading--v2 stk-block stk-669802d\" id=\"strong-resultados-electorales-strong\" data-block-id=\"669802d\"><style>.stk-669802d {border-bottom-right-radius:5px !important;border-bottom-left-radius:5px !important;overflow:hidden !important;}.stk-669802d .stk-block-heading__text{color:#ffffff !important;}<\/style><h4 class=\"stk-block-heading__text has-text-color\"><strong>Resultados electorales<\/strong><\/h4><\/div>\n\n\n\n<div class=\"wp-block-stackable-icon stk-block-icon stk-block stk-c8f041b\" data-block-id=\"c8f041b\"><style>.stk-c8f041b .stk--svg-wrapper .stk--inner-svg svg:last-child, .stk-c8f041b .stk--svg-wrapper .stk--inner-svg svg:last-child :is(g, path, rect, polygon, ellipse){fill:#ffffff !important;}<\/style><span class=\"stk--svg-wrapper\"><div class=\"stk--inner-svg\"><svg style=\"height:0;width:0\"><defs><linearGradient id=\"linear-gradient-c8f041b\" x1=\"0\" x2=\"100%\" y1=\"0\" y2=\"0\"><stop offset=\"0%\" style=\"stop-opacity:1;stop-color:var(--linear-gradient-c-8-f-041-b-color-1)\"><\/stop><stop offset=\"100%\" style=\"stop-opacity:1;stop-color:var(--linear-gradient-c-8-f-041-b-color-2)\"><\/stop><\/linearGradient><\/defs><\/svg><svg data-prefix=\"fas\" data-icon=\"chevron-down\" class=\"svg-inline--fa fa-chevron-down fa-w-14\" xmlns=\"http:\/\/www.w3.org\/2000\/svg\" viewBox=\"0 0 448 512\" aria-hidden=\"true\" width=\"32\" height=\"32\"><path fill=\"currentColor\" d=\"M207.029 381.476L12.686 187.132c-9.373-9.373-9.373-24.569 0-33.941l22.667-22.667c9.357-9.357 24.522-9.375 33.901-.04L224 284.505l154.745-154.021c9.379-9.335 24.544-9.317 33.901.04l22.667 22.667c9.373 9.373 9.373 24.569 0 33.941L240.971 381.476c-9.373 9.372-24.569 9.372-33.942 0z\"><\/path><\/svg><\/div><\/span><\/div>\n<\/div><\/div>\n<\/div><\/div><\/summary>\n\n\n\n<div class=\"wp-block-stackable-column stk-block-column stk-column stk-block stk-7092045 stk-block-accordion__content\" data-v=\"4\" data-block-id=\"7092045\"><style>.stk-7092045-container{padding-top:0px !important;padding-right:0px !important;padding-bottom:0px !important;padding-left:0px !important;}<\/style><div class=\"stk-column-wrapper stk-block-column__content stk-container stk-7092045-container stk--no-background stk--no-padding\"><div class=\"stk-block-content stk-inner-blocks stk-7092045-inner-blocks\">\n<div class=\"wp-block-stackable-text stk-block-text stk-block stk-50a5cae\" data-block-id=\"50a5cae\"><p class=\"stk-block-text__text\"><a href=\"https:\/\/drive.google.com\/file\/d\/14mQZcjWzTbH_G8MkzC7TUCKmdHju076F\/view?usp=share_link\" target=\"_blank\" rel=\"noreferrer noopener\" target=\"_blank\" rel=\"noopener\">Resultados provisionales y proclamaci\u00f3n provisional<\/a><\/p><\/div>\n\n\n\n<p><a href=\"https:\/\/drive.google.com\/file\/d\/19clHQkN9P33DiGLLzbVALTXt2juTthTa\/view?usp=share_link\" target=\"_blank\" rel=\"noreferrer noopener\" target=\"_blank\" rel=\"noopener\">Resultados definitivos y proclamaci\u00f3n definitiva<\/a><\/p>\n<\/div><\/div><\/div>\n<\/details>\n<\/div><\/div><\/div>\n\n\n\n<div class=\"wp-block-stackable-column stk-block-column stk-column stk-block stk-a4b26f3\" data-v=\"4\" data-block-id=\"a4b26f3\"><style>@media screen and (min-width: 768px){.stk-a4b26f3 {flex:var(--stk-flex-grow, 1) 1 calc(35% - var(--stk-column-gap, 0px) * 1 \/ 2 ) !important;}}<\/style><div class=\"stk-column-wrapper stk-block-column__content stk-container stk-a4b26f3-container stk--no-background stk--no-padding\"><div class=\"stk-block-content stk-inner-blocks stk-a4b26f3-inner-blocks\">\n<p style=\"text-align: center;\"><a class=\"btn-destacado\" style=\"font-size: 18px; line-height: 90px; min-height: 20%;\" href=\"https:\/\/sede.ull.es\/ecivilis-site\/bulletinBoard\/showBulletin\/18685:1\" target=\"_blank\" rel=\"noopener noreferrer\" target=\"_blank\" rel=\"noopener\">Calendario electoral<\/a><\/p>\n\n\n\n<div class=\"wp-block-stackable-spacer stk-block-spacer stk--no-padding stk-block stk-d0e0ae1\" data-block-id=\"d0e0ae1\"><style>.stk-d0e0ae1 {height:10px !important;}<\/style><\/div>\n\n\n\n<p style=\"text-align: center;\"><a class=\"btn-destacado\" style=\"font-size: 18px; line-height: 90px; min-height: 20%;\" href=\"https:\/\/www.ull.es\/la-universidad\/normativa\/\" target=\"_blank\" rel=\"noopener noreferrer\" target=\"_blank\" rel=\"noopener\">Normativa<\/a><\/p>\n<\/div><\/div><\/div>\n<\/div><\/div>\n","protected":false},"excerpt":{"rendered":"<p>Elecciones a Rectora o Rector Convocatoria Censo electoral Candidaturas Campa\u00f1a electoral Resoluci\u00f3n de la Comisi\u00f3n Electoral General de 15 de marzo de 2023 por la que se establecen instrucciones para la campa\u00f1a electoral y votaci\u00f3n de las elecciones al Rectorado 2023 Resultados electorales Resultados provisionales y proclamaci\u00f3n provisional Resultados definitivos y proclamaci\u00f3n definitiva Calendario electoral&#8230;<\/p>\n","protected":false},"author":30,"featured_media":0,"parent":0,"menu_order":0,"comment_status":"closed","ping_status":"closed","template":"templates\/template-100-width.php","meta":{"footnotes":""},"class_list":["post-13458","page","type-page","status-publish","hentry"],"_links":{"self":[{"href":"https:\/\/www.ull.es\/la-universidad\/wp-json\/wp\/v2\/pages\/13458","targetHints":{"allow":["GET"]}}],"collection":[{"href":"https:\/\/www.ull.es\/la-universidad\/wp-json\/wp\/v2\/pages"}],"about":[{"href":"https:\/\/www.ull.es\/la-universidad\/wp-json\/wp\/v2\/types\/page"}],"author":[{"embeddable":true,"href":"https:\/\/www.ull.es\/la-universidad\/wp-json\/wp\/v2\/users\/30"}],"replies":[{"embeddable":true,"href":"https:\/\/www.ull.es\/la-universidad\/wp-json\/wp\/v2\/comments?post=13458"}],"version-history":[{"count":125,"href":"https:\/\/www.ull.es\/la-universidad\/wp-json\/wp\/v2\/pages\/13458\/revisions"}],"predecessor-version":[{"id":16822,"href":"https:\/\/www.ull.es\/la-universidad\/wp-json\/wp\/v2\/pages\/13458\/revisions\/16822"}],"wp:attachment":[{"href":"https:\/\/www.ull.es\/la-universidad\/wp-json\/wp\/v2\/media?parent=13458"}],"curies":[{"name":"wp","href":"https:\/\/api.w.org\/{rel}","templated":true}]}}