{"id":15192,"date":"2023-03-21T12:37:53","date_gmt":"2023-03-21T12:37:53","guid":{"rendered":"https:\/\/www.ull.es\/la-universidad\/?page_id=15192"},"modified":"2024-12-23T08:25:46","modified_gmt":"2024-12-23T08:25:46","slug":"haz-click-y-vota","status":"publish","type":"page","link":"https:\/\/www.ull.es\/la-universidad\/convocatoria-de-elecciones-a-rectora-o-rector\/haz-click-y-vota\/","title":{"rendered":"Haz click y vota"},"content":{"rendered":"\n<div class=\"wp-block-stackable-columns alignfull stk-block-columns stk-block stk-e00a3aa\" data-block-id=\"e00a3aa\"><div class=\"stk-row stk-inner-blocks has-text-align-center stk-block-content stk-content-align stk-e00a3aa-column alignfull\">\n<div class=\"wp-block-stackable-column stk-block-column stk-column stk-block stk-9128858\" data-v=\"4\" data-block-id=\"9128858\"><div class=\"stk-column-wrapper stk-block-column__content stk-container stk-9128858-container stk--no-background stk--no-padding\"><div class=\"has-text-align-center stk-block-content stk-inner-blocks stk-9128858-inner-blocks\">\n<div class=\"wp-block-stackable-carousel alignfull stk-block-carousel stk--is-slide stk--arrows-justify-space-between stk--arrows-align-center stk-block stk-304cef9\" data-slides-to-show=\"\" data-block-id=\"304cef9\"><div class=\"stk-block-carousel__content-wrapper\"><div class=\"stk-row stk-inner-blocks has-text-align-center stk-block-content stk-block-carousel__slider-wrapper stk-content-align stk-304cef9-column alignfull\"><div class=\"stk-block-carousel__slider\" role=\"list\" data-autoplay=\"4000\" data-label-slide-of=\"Slide %%d of %%d\">\n<div class=\"wp-block-stackable-column stk-block-column stk-column stk-block stk-16d6ef0\" data-v=\"4\" data-block-id=\"16d6ef0\"><div class=\"stk-column-wrapper stk-block-column__content stk-container stk-16d6ef0-container stk--no-background stk--no-padding\"><div class=\"has-text-align-center stk-block-content stk-inner-blocks stk-16d6ef0-inner-blocks\">\n<div class=\"wp-block-stackable-image alignfull stk-block-image has-text-align-center stk-block stk-c79fb9f\" data-block-id=\"c79fb9f\"><style>.stk-c79fb9f {margin-right:-18px !important;}<\/style><figure><span class=\"stk-img-wrapper stk-image--shape-stretch\"><img loading=\"lazy\" decoding=\"async\" class=\"stk-img wp-image-15226\" src=\"https:\/\/www.ull.es\/la-universidad\/wp-content\/uploads\/sites\/2\/2023\/03\/Infografia-voto-electronico-1.jpg\" width=\"1600\" height=\"500\" srcset=\"https:\/\/www.ull.es\/la-universidad\/wp-content\/uploads\/sites\/2\/2023\/03\/Infografia-voto-electronico-1.jpg 1600w, https:\/\/www.ull.es\/la-universidad\/wp-content\/uploads\/sites\/2\/2023\/03\/Infografia-voto-electronico-1-300x94.jpg 300w, https:\/\/www.ull.es\/la-universidad\/wp-content\/uploads\/sites\/2\/2023\/03\/Infografia-voto-electronico-1-1024x320.jpg 1024w, https:\/\/www.ull.es\/la-universidad\/wp-content\/uploads\/sites\/2\/2023\/03\/Infografia-voto-electronico-1-768x240.jpg 768w, https:\/\/www.ull.es\/la-universidad\/wp-content\/uploads\/sites\/2\/2023\/03\/Infografia-voto-electronico-1-1536x480.jpg 1536w, https:\/\/www.ull.es\/la-universidad\/wp-content\/uploads\/sites\/2\/2023\/03\/Infografia-voto-electronico-1-375x117.jpg 375w, https:\/\/www.ull.es\/la-universidad\/wp-content\/uploads\/sites\/2\/2023\/03\/Infografia-voto-electronico-1-750x234.jpg 750w, https:\/\/www.ull.es\/la-universidad\/wp-content\/uploads\/sites\/2\/2023\/03\/Infografia-voto-electronico-1-1140x356.jpg 1140w\" sizes=\"auto, (max-width: 1600px) 100vw, 1600px\" \/><\/span><\/figure><\/div>\n<\/div><\/div><\/div>\n\n\n\n<div class=\"wp-block-stackable-column stk-block-column stk-column stk-block stk-9efbe59\" data-v=\"4\" data-block-id=\"9efbe59\"><div class=\"stk-column-wrapper stk-block-column__content stk-container stk-9efbe59-container stk--no-background stk--no-padding\"><div class=\"has-text-align-center stk-block-content stk-inner-blocks stk-9efbe59-inner-blocks\">\n<div class=\"wp-block-stackable-image alignfull stk-block-image has-text-align-center stk-block stk-93e7e65\" data-block-id=\"93e7e65\"><figure><span class=\"stk-img-wrapper stk-image--shape-stretch\"><img loading=\"lazy\" decoding=\"async\" class=\"stk-img wp-image-15232\" src=\"https:\/\/www.ull.es\/la-universidad\/wp-content\/uploads\/sites\/2\/2023\/03\/Infografi\u0301a-voto-electro\u0301nico_Fondo.jpg\" width=\"1600\" height=\"500\" srcset=\"https:\/\/www.ull.es\/la-universidad\/wp-content\/uploads\/sites\/2\/2023\/03\/Infografi\u0301a-voto-electro\u0301nico_Fondo.jpg 1600w, https:\/\/www.ull.es\/la-universidad\/wp-content\/uploads\/sites\/2\/2023\/03\/Infografi\u0301a-voto-electro\u0301nico_Fondo-300x94.jpg 300w, https:\/\/www.ull.es\/la-universidad\/wp-content\/uploads\/sites\/2\/2023\/03\/Infografi\u0301a-voto-electro\u0301nico_Fondo-1024x320.jpg 1024w, https:\/\/www.ull.es\/la-universidad\/wp-content\/uploads\/sites\/2\/2023\/03\/Infografi\u0301a-voto-electro\u0301nico_Fondo-768x240.jpg 768w, https:\/\/www.ull.es\/la-universidad\/wp-content\/uploads\/sites\/2\/2023\/03\/Infografi\u0301a-voto-electro\u0301nico_Fondo-1536x480.jpg 1536w, https:\/\/www.ull.es\/la-universidad\/wp-content\/uploads\/sites\/2\/2023\/03\/Infografi\u0301a-voto-electro\u0301nico_Fondo-375x117.jpg 375w, https:\/\/www.ull.es\/la-universidad\/wp-content\/uploads\/sites\/2\/2023\/03\/Infografi\u0301a-voto-electro\u0301nico_Fondo-750x234.jpg 750w, https:\/\/www.ull.es\/la-universidad\/wp-content\/uploads\/sites\/2\/2023\/03\/Infografi\u0301a-voto-electro\u0301nico_Fondo-1140x356.jpg 1140w\" sizes=\"auto, (max-width: 1600px) 100vw, 1600px\" \/><\/span><\/figure><\/div>\n<\/div><\/div><\/div>\n<\/div><div class=\"stk-block-carousel__buttons\"><button class=\"stk-block-carousel__button stk-block-carousel__button__prev\" aria-label=\"Previous slide\"><svg aria-hidden=\"true\" focusable=\"false\" data-prefix=\"fas\" data-icon=\"chevron-left\" class=\"svg-inline--fa fa-chevron-left\" xmlns=\"http:\/\/www.w3.org\/2000\/svg\" viewBox=\"0 0 320 512\" width=\"32\" height=\"32\"><path d=\"M34.52 239.03L228.87 44.69c9.37-9.37 24.57-9.37 33.94 0l22.67 22.67c9.36 9.36 9.37 24.52.04 33.9L131.49 256l154.02 154.75c9.34 9.38 9.32 24.54-.04 33.9l-22.67 22.67c-9.37 9.37-24.57 9.37-33.94 0L34.52 272.97c-9.37-9.37-9.37-24.57 0-33.94z\"><\/path><\/svg><\/button><button class=\"stk-block-carousel__button stk-block-carousel__button__next\" aria-label=\"Next slide\"><svg aria-hidden=\"true\" focusable=\"false\" data-prefix=\"fas\" data-icon=\"chevron-right\" class=\"svg-inline--fa fa-chevron-right\" xmlns=\"http:\/\/www.w3.org\/2000\/svg\" viewBox=\"0 0 320 512\" width=\"32\" height=\"32\"><path d=\"M285.476 272.971L91.132 467.314c-9.373 9.373-24.569 9.373-33.941 0l-22.667-22.667c-9.357-9.357-9.375-24.522-.04-33.901L188.505 256 34.484 101.255c-9.335-9.379-9.317-24.544.04-33.901l22.667-22.667c9.373-9.373 24.569-9.373 33.941 0L285.475 239.03c9.373 9.372 9.373 24.568.001 33.941z\"><\/path><\/svg><\/button><\/div><\/div><\/div><\/div>\n<\/div><\/div><\/div>\n<\/div><\/div>\n\n\n\n<div class=\"wp-block-stackable-spacer stk-block-spacer stk--no-padding stk-block stk-66a78c5\" data-block-id=\"66a78c5\"><\/div>\n\n\n\n<div class=\"wp-block-stackable-button-group stk-block-button-group stk-block stk-ee86d5f\" data-block-id=\"ee86d5f\"><style>.stk-ee86d5f .stk-button-group{flex-direction:row !important;}.stk-ee86d5f .stk-block-button, .stk-ee86d5f .stk-block-icon-button{flex:1 0 0% !important;}.stk-ee86d5f {border-top-left-radius:5px !important;border-top-right-radius:5px !important;border-bottom-right-radius:5px !important;border-bottom-left-radius:5px !important;overflow:hidden !important;}@media screen and (max-width: 1023px){.stk-ee86d5f .stk-button-group{flex-direction:row !important;}}@media screen and (max-width: 767px){.stk-ee86d5f .stk-button-group{flex-direction:row !important;}}<\/style><div class=\"stk-row stk-inner-blocks has-text-align-center stk-block-content stk-button-group\">\n<div class=\"wp-block-stackable-button stk-block-button has-text-align-center stk-block stk-6d888bc\" data-block-id=\"6d888bc\"><style>.stk-6d888bc .stk-button{padding-right:40px !important;padding-left:40px !important;background:#400379 !important;}<\/style><a class=\"stk-link stk-button stk--hover-effect-darken\" href=\"\" target=\"_blank\" rel=\"noopener\"><span class=\"stk-button__inner-text\">Haz clic y vota aqu\u00ed<\/span><\/a><\/div>\n<\/div><\/div>\n\n\n\n<div class=\"wp-block-stackable-columns stk-block-columns stk-block stk-6184273\" data-block-id=\"6184273\"><div class=\"stk-row stk-inner-blocks stk-block-content stk-content-align stk-6184273-column\">\n<div class=\"wp-block-stackable-column stk-block-column stk-column stk-block stk-ccada85\" data-v=\"4\" data-block-id=\"ccada85\"><style>@media screen and (min-width: 768px){.stk-ccada85 {flex:var(--stk-flex-grow, 1) 1 calc(55.9% - var(--stk-column-gap, 0px) * 1 \/ 2 ) !important;}}<\/style><div class=\"stk-column-wrapper stk-block-column__content stk-container stk-ccada85-container stk--no-background stk--no-padding\"><div class=\"stk-block-content stk-inner-blocks stk-ccada85-inner-blocks\">\n<div class=\"wp-block-stackable-heading stk-block-heading stk-block-heading--v2 stk-block stk-c2a9d6e\" id=\"donde-quieras-cuando-quieras-vota\" data-block-id=\"c2a9d6e\"><h1 class=\"stk-block-heading__text\">Donde quieras, cuando quieras: vota<\/h1><\/div>\n\n\n\n<div class=\"wp-block-stackable-text stk-block-text stk-block stk-a144010\" data-block-id=\"a144010\"><p class=\"stk-block-text__text\"><br>La universidad es un espacio de participaci\u00f3n activa y compromiso social, y la elecci\u00f3n de la Rectora o Rector es una oportunidad \u00fanica para que los estudiantes, profesorado y personal de administraci\u00f3n y de servicios de la universidad puedan hacer o\u00edr su voz y contribuir al futuro de la instituci\u00f3n.<\/p><\/div>\n<\/div><\/div><\/div>\n\n\n\n<div class=\"wp-block-stackable-column stk-block-column stk-column stk-block stk-2b314d5\" data-v=\"4\" data-block-id=\"2b314d5\"><style>.stk-2b314d5 {align-self:center !important;}@media screen and (min-width: 768px){.stk-2b314d5 {flex:var(--stk-flex-grow, 1) 1 calc(44.099999999999994% - var(--stk-column-gap, 0px) * 1 \/ 2 ) !important;}}<\/style><div class=\"stk-column-wrapper stk-block-column__content stk-container stk-2b314d5-container stk--no-background stk--no-padding\"><div class=\"stk-block-content stk-inner-blocks stk-2b314d5-inner-blocks\">\n<div class=\"wp-block-stackable-heading stk-block-heading stk-block-heading--v2 stk-block stk-3f36d1e\" id=\"13-de-abril-de-9-30-a-19-00\" data-block-id=\"3f36d1e\"><h1 class=\"stk-block-heading__text\">13 de abril de 9:30 a 19:00<\/h1><\/div>\n<\/div><\/div><\/div>\n<\/div><\/div>\n\n\n\n<div class=\"wp-block-stackable-button-group stk-block-button-group stk-block stk-5c296cf\" data-block-id=\"5c296cf\"><style>.stk-5c296cf .stk-button-group{flex-direction:row !important;}.stk-5c296cf .stk-block-button, .stk-5c296cf .stk-block-icon-button{flex:1 0 0% !important;}.stk-5c296cf {border-top-left-radius:5px !important;border-top-right-radius:5px !important;border-bottom-right-radius:5px !important;border-bottom-left-radius:5px !important;overflow:hidden !important;}@media screen and (max-width: 1023px){.stk-5c296cf .stk-button-group{flex-direction:row !important;}}@media screen and (max-width: 767px){.stk-5c296cf .stk-button-group{flex-direction:row !important;}}<\/style><div class=\"stk-row stk-inner-blocks has-text-align-center stk-block-content stk-button-group\">\n<div class=\"wp-block-stackable-button stk-block-button has-text-align-center stk-block stk-9ac110a\" data-block-id=\"9ac110a\"><style>.stk-9ac110a .stk-button{padding-right:40px !important;padding-left:40px !important;background:#400379 !important;}<\/style><a class=\"stk-link stk-button stk--hover-effect-darken\" href=\"https:\/\/drive.google.com\/file\/d\/1ioh-aUr0YWHnzl6Qfaw_636nPAREt579\/view?usp=share_link\" target=\"_blank\" rel=\"noopener\"><span class=\"stk-button__inner-text\">Preguntas Frecuentes &#8211; FAQs<\/span><\/a><\/div>\n<\/div><\/div>\n\n\n\n<div class=\"wp-block-stackable-heading stk-block-heading stk-block-heading--v2 stk-block stk-9de02b7\" id=\"asistencia-el-dia-de-la-votacion\" data-block-id=\"9de02b7\"><h2 class=\"stk-block-heading__text\">Asistencia el d\u00eda de la votaci\u00f3n<\/h2><\/div>\n\n\n\n<div class=\"wp-block-stackable-columns stk-block-columns stk-block stk-24f70f5\" data-block-id=\"24f70f5\"><div class=\"stk-row stk-inner-blocks stk-block-content stk-content-align stk-24f70f5-column\">\n<div class=\"wp-block-stackable-column stk-block-column stk-column stk-block stk-8a42ad5\" data-v=\"4\" data-block-id=\"8a42ad5\"><div class=\"stk-column-wrapper stk-block-column__content stk-container stk-8a42ad5-container stk--no-background stk--no-padding\"><div class=\"stk-block-content stk-inner-blocks stk-8a42ad5-inner-blocks\">\n<h3 style=\"text-align: left; font-weight: 500; font-size: 1.8em;\">Estudiantado<\/h3>\n<ul style=\"list-style-type: none;\">\n \t<li><i class=\"fa fa-phone\"><\/i> 922 31 96 20<\/li>\n \t<li><i class=\"fa fa-whatsapp\"> <i class=\"fa fa-telegram\"><\/i><\/i> 692 62 26 33<\/li>\n \t<li><i class=\"fa fa-envelope\"><\/i>\u00a0<a href=\"mailto:sioinfo@ull.es\" target=\"_blank\" rel=\"noopener\">sioinfo@ull.es<\/a><\/li>\n<\/ul>\n<\/div><\/div><\/div>\n\n\n\n<div class=\"wp-block-stackable-column stk-block-column stk-column stk-block stk-c241692\" data-v=\"4\" data-block-id=\"c241692\"><div class=\"stk-column-wrapper stk-block-column__content stk-container stk-c241692-container stk--no-background stk--no-padding\"><div class=\"stk-block-content stk-inner-blocks stk-c241692-inner-blocks\">\n<h3 style=\"text-align: left; font-weight: 500; font-size: 1.8em;\">PAS y PDI<\/h3>\n<ul style=\"list-style-type: none;\">\n \t<li><i class=\"fa fa-phone\"><\/i> 900 432 526<\/li>\n \t<li><i class=\"fa fa-envelope\"><\/i>\u00a0<a href=\"mailto:cau@ull.es\" target=\"_blank\" rel=\"noopener\">cau@ull.es<\/a><\/li>\n<\/ul>\n<\/div><\/div><\/div>\n\n\n\n<div class=\"wp-block-stackable-column stk-block-column stk-column stk-block stk-773105b\" data-v=\"4\" data-block-id=\"773105b\"><div class=\"stk-column-wrapper stk-block-column__content stk-container stk-773105b-container stk--no-background stk--no-padding\"><div class=\"stk-block-content stk-inner-blocks stk-773105b-inner-blocks\">\n<div class=\"wp-block-stackable-heading stk-block-heading stk-block-heading--v2 stk-block stk-1468f9d\" id=\"manual-de-uso\" data-block-id=\"1468f9d\"><style>.stk-1468f9d .stk-block-heading__text{color:#1b1b1b !important;font-weight:500 !important;}<\/style><h2 class=\"stk-block-heading__text has-text-color\">Manual de uso<\/h2><\/div>\n\n\n\n<div class=\"wp-block-stackable-button-group stk-block-button-group stk-block stk-240f9ec\" data-block-id=\"240f9ec\"><style>.stk-240f9ec .stk-button-group{flex-direction:row !important;}@media screen and (max-width: 1023px){.stk-240f9ec .stk-button-group{flex-direction:row !important;}}@media screen and (max-width: 767px){.stk-240f9ec .stk-button-group{flex-direction:row !important;}}<\/style><div class=\"stk-row stk-inner-blocks stk-block-content stk-button-group\">\n<div class=\"wp-block-stackable-button stk-block-button has-text-align-center stk-block stk-4cce9d2\" data-block-id=\"4cce9d2\"><style>.stk-4cce9d2 .stk-button{padding-right:40px !important;padding-left:40px !important;background:#400379 !important;}<\/style><a class=\"stk-link stk-button stk--hover-effect-darken\" href=\"https:\/\/drive.google.com\/file\/d\/1ioh-aUr0YWHnzl6Qfaw_636nPAREt579\/view?usp=share_link\" target=\"_blank\" rel=\"noopener\"><span class=\"stk-button__inner-text\">Preguntas Frecuentes &#8211; FAQs<\/span><\/a><\/div>\n<\/div><\/div>\n<\/div><\/div><\/div>\n<\/div><\/div>\n\n\n\n<iframe loading=\"lazy\" width=\"1200\" height=\"600\" src=\"https:\/\/www.youtube.com\/embed\/xZ7NDBqe8mQ?si=G-7DzbA8T3y95Dnh\" title=\"YouTube video player\" frameborder=\"0\" allow=\"accelerometer; autoplay; clipboard-write; encrypted-media; gyroscope; picture-in-picture; web-share\" referrerpolicy=\"strict-origin-when-cross-origin\" allowfullscreen><\/iframe>\n\n\n\n<div class=\"wp-block-stackable-spacer stk-block-spacer stk--no-padding stk-block stk-671a078\" data-block-id=\"671a078\"><\/div>\n\n\n\n<div class=\"wp-block-stackable-columns alignfull stk-block-columns stk-block stk-49fb96a stk-block-background stk--has-background-overlay\" data-block-id=\"49fb96a\"><style>.stk-49fb96a {background-image:url(https:\/\/www.ull.es\/la-universidad\/wp-content\/uploads\/sites\/2\/2023\/03\/Infografia-voto-electronico-1.jpg) !important;}<\/style><div class=\"stk-row stk-inner-blocks stk-block-content stk-content-align stk-49fb96a-column alignfull\">\n<div class=\"wp-block-stackable-column stk-block-column stk-column stk-block stk-202570f\" data-v=\"4\" data-block-id=\"202570f\"><div class=\"stk-column-wrapper stk-block-column__content stk-container stk-202570f-container stk--no-background stk--no-padding\"><div class=\"stk-block-content stk-inner-blocks stk-202570f-inner-blocks\">\n<div class=\"wp-block-stackable-spacer stk-block-spacer stk--no-padding stk-block stk-802b62e\" data-block-id=\"802b62e\"><style>.stk-802b62e {height:500px !important;}<\/style><\/div>\n<\/div><\/div><\/div>\n<\/div><\/div>\n","protected":false},"excerpt":{"rendered":"<p>Haz clic y vota aqu\u00ed Donde quieras, cuando quieras: vota La universidad es un espacio de participaci\u00f3n activa y compromiso social, y la elecci\u00f3n de la Rectora o Rector es una oportunidad \u00fanica para que los estudiantes, profesorado y personal de administraci\u00f3n y de servicios de la universidad puedan hacer o\u00edr su voz y contribuir&#8230;<\/p>\n","protected":false},"author":60,"featured_media":0,"parent":13458,"menu_order":0,"comment_status":"closed","ping_status":"closed","template":"templates\/template-frontpage.php","meta":{"footnotes":""},"class_list":["post-15192","page","type-page","status-publish","hentry"],"_links":{"self":[{"href":"https:\/\/www.ull.es\/la-universidad\/wp-json\/wp\/v2\/pages\/15192","targetHints":{"allow":["GET"]}}],"collection":[{"href":"https:\/\/www.ull.es\/la-universidad\/wp-json\/wp\/v2\/pages"}],"about":[{"href":"https:\/\/www.ull.es\/la-universidad\/wp-json\/wp\/v2\/types\/page"}],"author":[{"embeddable":true,"href":"https:\/\/www.ull.es\/la-universidad\/wp-json\/wp\/v2\/users\/60"}],"replies":[{"embeddable":true,"href":"https:\/\/www.ull.es\/la-universidad\/wp-json\/wp\/v2\/comments?post=15192"}],"version-history":[{"count":130,"href":"https:\/\/www.ull.es\/la-universidad\/wp-json\/wp\/v2\/pages\/15192\/revisions"}],"predecessor-version":[{"id":17769,"href":"https:\/\/www.ull.es\/la-universidad\/wp-json\/wp\/v2\/pages\/15192\/revisions\/17769"}],"up":[{"embeddable":true,"href":"https:\/\/www.ull.es\/la-universidad\/wp-json\/wp\/v2\/pages\/13458"}],"wp:attachment":[{"href":"https:\/\/www.ull.es\/la-universidad\/wp-json\/wp\/v2\/media?parent=15192"}],"curies":[{"name":"wp","href":"https:\/\/api.w.org\/{rel}","templated":true}]}}