{"id":17137,"date":"2024-11-28T16:21:06","date_gmt":"2024-11-28T16:21:06","guid":{"rendered":"https:\/\/www.ull.es\/la-universidad\/?page_id=17137"},"modified":"2024-11-29T07:53:47","modified_gmt":"2024-11-29T07:53:47","slug":"elecciones-al-claustro","status":"publish","type":"page","link":"https:\/\/www.ull.es\/la-universidad\/elecciones-al-claustro\/","title":{"rendered":"Elecciones al claustro"},"content":{"rendered":"\n<div class=\"wp-block-stackable-columns alignfull stk-block-columns stk-block stk-f8aff1f stk-block-background\" data-block-id=\"f8aff1f\"><style>.stk-f8aff1f {background-color:#5c068c !important;margin-bottom:22px !important;}.stk-f8aff1f:before{background-color:#5c068c !important;}<\/style><div class=\"stk-row stk-inner-blocks has-text-align-center stk-block-content stk-content-align stk-f8aff1f-column alignfull\">\n<div class=\"wp-block-stackable-column stk-block-column stk-column stk-block stk-efdd64d\" data-v=\"4\" data-block-id=\"efdd64d\"><div class=\"stk-column-wrapper stk-block-column__content stk-container stk-efdd64d-container stk--no-background stk--no-padding\"><div class=\"has-text-align-center stk-block-content stk-inner-blocks stk-efdd64d-inner-blocks\">\n<div class=\"wp-block-stackable-carousel alignwide stk-block-carousel stk--is-slide stk--arrows-justify-space-between stk--arrows-align-center stk-block stk-b521ba7\" data-slides-to-show=\"\" data-block-id=\"b521ba7\"><div class=\"stk-block-carousel__content-wrapper\"><div class=\"stk-row stk-inner-blocks has-text-align-center stk-block-content stk-block-carousel__slider-wrapper stk-content-align stk-b521ba7-column alignwide\"><div class=\"stk-block-carousel__slider\" role=\"list\" data-label-slide-of=\"Slide %%d of %%d\">\n<div class=\"wp-block-stackable-column stk-block-column stk-column stk-block stk-9ee846d\" data-v=\"4\" data-block-id=\"9ee846d\"><div class=\"stk-column-wrapper stk-block-column__content stk-container stk-9ee846d-container stk--no-background stk--no-padding\"><div class=\"has-text-align-center stk-block-content stk-inner-blocks stk-9ee846d-inner-blocks\">\n<div class=\"wp-block-stackable-image alignwide stk-block-image has-text-align-center stk-block stk-f69dc2f\" data-block-id=\"f69dc2f\"><style>.stk-f69dc2f .stk-img-wrapper img{transform:scale(1) !important;}<\/style><figure><span class=\"stk-img-wrapper stk-image--shape-stretch\"><img loading=\"lazy\" decoding=\"async\" class=\"stk-img wp-image-17138\" src=\"https:\/\/www.ull.es\/la-universidad\/wp-content\/uploads\/sites\/2\/2024\/11\/341820_Elecciones_al_Claustro_Slider.png\" width=\"1920\" height=\"400\" srcset=\"https:\/\/www.ull.es\/la-universidad\/wp-content\/uploads\/sites\/2\/2024\/11\/341820_Elecciones_al_Claustro_Slider.png 1920w, https:\/\/www.ull.es\/la-universidad\/wp-content\/uploads\/sites\/2\/2024\/11\/341820_Elecciones_al_Claustro_Slider-300x63.png 300w, https:\/\/www.ull.es\/la-universidad\/wp-content\/uploads\/sites\/2\/2024\/11\/341820_Elecciones_al_Claustro_Slider-1024x213.png 1024w, https:\/\/www.ull.es\/la-universidad\/wp-content\/uploads\/sites\/2\/2024\/11\/341820_Elecciones_al_Claustro_Slider-768x160.png 768w, https:\/\/www.ull.es\/la-universidad\/wp-content\/uploads\/sites\/2\/2024\/11\/341820_Elecciones_al_Claustro_Slider-1536x320.png 1536w, https:\/\/www.ull.es\/la-universidad\/wp-content\/uploads\/sites\/2\/2024\/11\/341820_Elecciones_al_Claustro_Slider-200x42.png 200w, https:\/\/www.ull.es\/la-universidad\/wp-content\/uploads\/sites\/2\/2024\/11\/341820_Elecciones_al_Claustro_Slider-375x78.png 375w, https:\/\/www.ull.es\/la-universidad\/wp-content\/uploads\/sites\/2\/2024\/11\/341820_Elecciones_al_Claustro_Slider-750x156.png 750w, https:\/\/www.ull.es\/la-universidad\/wp-content\/uploads\/sites\/2\/2024\/11\/341820_Elecciones_al_Claustro_Slider-1140x238.png 1140w\" sizes=\"auto, (max-width: 1920px) 100vw, 1920px\" \/><\/span><\/figure><\/div>\n<\/div><\/div><\/div>\n<\/div><\/div><\/div><\/div>\n<\/div><\/div><\/div>\n<\/div><\/div>\n\n\n\n<div class=\"wp-block-stackable-spacer stk-block-spacer stk--no-padding stk-block stk-9e9552b\" data-block-id=\"9e9552b\"><\/div>\n\n\n\n<ul class=\"wp-block-list\">\n<li><a href=\"https:\/\/sede.ull.es\/ecivilis-site\/bulletinBoard\/showBulletin\/42124:1\" target=\"_blank\" rel=\"noreferrer noopener\" target=\"_blank\" rel=\"noopener\">Resoluci\u00f3n del Rector por la que se convocan elecciones al Claustro de la Universidad de La Laguna.<\/a><\/li>\n\n\n\n<li><a href=\"https:\/\/sede.ull.es\/ecivilis-site\/bulletinBoard\/showBulletin\/42162:1\" target=\"_blank\" rel=\"noreferrer noopener\" target=\"_blank\" rel=\"noopener\">Calendario electoral<\/a><\/li>\n\n\n\n<li><a href=\"https:\/\/www.ull.es\/appcenso\/\" target=\"_blank\" rel=\"noreferrer noopener\" target=\"_blank\" rel=\"noopener\">Censos<\/a><\/li>\n\n\n\n<li><a href=\"https:\/\/sede.ull.es\/ecivilis-site\/bulletinBoard\/showBulletin\/42343:1\" target=\"_blank\" rel=\"noreferrer noopener\" target=\"_blank\" rel=\"noopener\">Acuerdo de la Comisi\u00f3n Electoral General de la Universidad de La Laguna por el que se dictan las instrucciones para la presentaci\u00f3n de candidaturas en las elecciones al Claustro Universitario 2024<\/a>\n<ul class=\"wp-block-list\">\n<li><a href=\"https:\/\/docs.google.com\/spreadsheets\/d\/1Zo4dKJQdwpXwnS5SNNMg-UFVVu8zwI-2Eu04M5ZFsIU\/edit?usp=sharing\" target=\"_blank\" rel=\"noreferrer noopener\" target=\"_blank\" rel=\"noopener\">Relaci\u00f3n de personas de la candidatura<\/a>&nbsp;(hay que descargar el archivo para poder editarlo)<\/li>\n<\/ul>\n<\/li>\n\n\n\n<li><a href=\"https:\/\/sede.ull.es\/ecivilis-site\/bulletinBoard\/showBulletin\/43141:1\" target=\"_blank\" rel=\"noreferrer noopener\" target=\"_blank\" rel=\"noopener\">Acuerdo de la comisi\u00f3n electoral general de la ULL sobre la reclamaci\u00f3n presentada por el portavoz de la asociaci\u00f3n canaria de estudiantes (ACE) por posible vulneraci\u00f3n de la normativa<\/a><\/li>\n\n\n\n<li><a href=\"https:\/\/drive.google.com\/file\/d\/1nK9S-QP_eDn0fmqqs2rxy1IzwjsZQBSt\/view\" target=\"_blank\" rel=\"noreferrer noopener\" target=\"_blank\" rel=\"noopener\">Informaci\u00f3n de la Comisi\u00f3n Electoral General sobre el procedimiento en sede electr\u00f3nica.<\/a><\/li>\n\n\n\n<li><a href=\"https:\/\/drive.google.com\/file\/d\/1UtkkcsKBTnAeNyyf_Da7jB7i0teOEpu4\/view?usp=sharing\" target=\"_blank\" rel=\"noreferrer noopener\" target=\"_blank\" rel=\"noopener\">Proclamaci\u00f3n provisional de candidaturas a las elecciones al Claustro Universitario 2024&nbsp;<\/a>(13\/11\/2024)<\/li>\n\n\n\n<li><a href=\"https:\/\/drive.google.com\/file\/d\/1b9okARdGrFTjai3DBocGEpSewn460sMK\/view?usp=sharing\" target=\"_blank\" rel=\"noreferrer noopener\" target=\"_blank\" rel=\"noopener\">Proclamaci\u00f3n definitiva de las candidaturas a las elecciones al Claustro Universitario 2024<\/a>&nbsp;<strong>(Novedad 21\/11\/2024)<\/strong><\/li>\n\n\n\n<li><a href=\"https:\/\/drive.google.com\/file\/d\/1CDqjGdwUc1QdcEWRGfiF3GrxxiSeTbQp\/view?usp=sharing\" target=\"_blank\" rel=\"noreferrer noopener\" target=\"_blank\" rel=\"noopener\">Instrucciones para la campa\u00f1a electoral de las elecciones al Claustro Universitario 2024<\/a>&nbsp;<strong>(Novedad 21\/11\/2024)<\/strong><\/li>\n<\/ul>\n","protected":false},"excerpt":{"rendered":"","protected":false},"author":67,"featured_media":0,"parent":0,"menu_order":0,"comment_status":"closed","ping_status":"closed","template":"templates\/template-frontpage.php","meta":{"footnotes":""},"class_list":["post-17137","page","type-page","status-publish","hentry"],"_links":{"self":[{"href":"https:\/\/www.ull.es\/la-universidad\/wp-json\/wp\/v2\/pages\/17137","targetHints":{"allow":["GET"]}}],"collection":[{"href":"https:\/\/www.ull.es\/la-universidad\/wp-json\/wp\/v2\/pages"}],"about":[{"href":"https:\/\/www.ull.es\/la-universidad\/wp-json\/wp\/v2\/types\/page"}],"author":[{"embeddable":true,"href":"https:\/\/www.ull.es\/la-universidad\/wp-json\/wp\/v2\/users\/67"}],"replies":[{"embeddable":true,"href":"https:\/\/www.ull.es\/la-universidad\/wp-json\/wp\/v2\/comments?post=17137"}],"version-history":[{"count":23,"href":"https:\/\/www.ull.es\/la-universidad\/wp-json\/wp\/v2\/pages\/17137\/revisions"}],"predecessor-version":[{"id":17170,"href":"https:\/\/www.ull.es\/la-universidad\/wp-json\/wp\/v2\/pages\/17137\/revisions\/17170"}],"wp:attachment":[{"href":"https:\/\/www.ull.es\/la-universidad\/wp-json\/wp\/v2\/media?parent=17137"}],"curies":[{"name":"wp","href":"https:\/\/api.w.org\/{rel}","templated":true}]}}