{"id":17360,"date":"2025-01-20T08:57:40","date_gmt":"2025-01-20T08:57:40","guid":{"rendered":"https:\/\/www.ull.es\/la-universidad\/?page_id=17360"},"modified":"2025-03-05T12:34:58","modified_gmt":"2025-03-05T12:34:58","slug":"laudatio-ken-bugul","status":"publish","type":"page","link":"https:\/\/www.ull.es\/la-universidad\/honoris-causa\/ken-bugul\/laudatio-ken-bugul\/","title":{"rendered":"Laudatio"},"content":{"rendered":"\n<div class=\"wp-block-stackable-columns alignfull stk-block-columns stk-block stk-bf13746 stk-block-background stk--has-background-overlay\" data-block-id=\"bf13746\"><style>.stk-bf13746 .stk--block-align-bf13746{align-items:center !important;}.stk-bf13746 {background-image:url(https:\/\/www.ull.es\/la-universidad\/wp-content\/uploads\/sites\/2\/2025\/01\/IMG-20210125-WA0004_DITADA-1.jpg) !important;background-position:top center !important;background-repeat:no-repeat !important;background-size:cover !important;padding-bottom:20% !important;margin-top:-2% !important;}<\/style><div class=\"stk-row stk-inner-blocks stk--block-align-bf13746 stk-block-content stk-content-align stk-bf13746-column alignfull\">\n<div class=\"wp-block-stackable-column stk-block-column stk-column stk-block stk-52369c8\" data-v=\"4\" data-block-id=\"52369c8\"><div class=\"stk-column-wrapper stk-block-column__content stk-container stk-52369c8-container stk--no-background stk--no-padding\"><div class=\"stk-block-content stk-inner-blocks stk-52369c8-inner-blocks\">\n<div class=\"wp-block-stackable-columns alignfull stk-block-columns stk-block stk-09efffd\" data-block-id=\"09efffd\"><style>.stk-09efffd {padding-top:3% !important;padding-right:10% !important;}<\/style><div class=\"stk-row stk-inner-blocks stk-block-content stk-content-align stk-09efffd-column alignfull\">\n<div class=\"wp-block-stackable-column stk-block-column stk-column stk-block stk-079e619\" data-v=\"4\" data-block-id=\"079e619\"><div class=\"stk-column-wrapper stk-block-column__content stk-container stk-079e619-container stk--no-background stk--no-padding\"><div class=\"stk-block-content stk-inner-blocks stk-079e619-inner-blocks\">\n<div class=\"wp-block-stackable-image aligncenter stk-block-image has-text-align-left stk-block stk-bcd1559\" data-block-id=\"bcd1559\"><style>.stk-bcd1559 .stk-img-wrapper{width:40% !important;}<\/style><figure><span class=\"stk-img-wrapper stk-image--shape-stretch\"><img loading=\"lazy\" decoding=\"async\" class=\"stk-img wp-image-17362\" src=\"https:\/\/www.ull.es\/la-universidad\/wp-content\/uploads\/sites\/2\/2025\/01\/Mockup-web-honoris-causa-25.png\" width=\"581\" height=\"148\" srcset=\"https:\/\/www.ull.es\/la-universidad\/wp-content\/uploads\/sites\/2\/2025\/01\/Mockup-web-honoris-causa-25.png 581w, https:\/\/www.ull.es\/la-universidad\/wp-content\/uploads\/sites\/2\/2025\/01\/Mockup-web-honoris-causa-25-300x76.png 300w, https:\/\/www.ull.es\/la-universidad\/wp-content\/uploads\/sites\/2\/2025\/01\/Mockup-web-honoris-causa-25-375x96.png 375w\" sizes=\"auto, (max-width: 581px) 100vw, 581px\" \/><\/span><\/figure><\/div>\n<\/div><\/div><\/div>\n<\/div><\/div>\n<\/div><\/div><\/div>\n<\/div><\/div>\n\n\n\n<div class=\"wp-block-stackable-columns alignfull stk-block-columns stk-block stk-593da1e\" data-block-id=\"593da1e\"><div class=\"stk-row stk-inner-blocks stk-block-content stk-content-align stk-593da1e-column alignfull\">\n<div class=\"wp-block-stackable-column stk-block-column stk-column stk-block stk-614a277\" data-v=\"4\" data-block-id=\"614a277\"><div class=\"stk-column-wrapper stk-block-column__content stk-container stk-614a277-container stk--no-background stk--no-padding\"><div class=\"stk-block-content stk-inner-blocks stk-614a277-inner-blocks\">\n<div class=\"wp-block-stackable-columns alignwide stk-block-columns stk-block stk-2fea7a6\" data-block-id=\"2fea7a6\"><style>.stk-2fea7a6 {padding-right:5% !important;padding-left:5% !important;}.stk-2fea7a6-column{--stk-columns-spacing:12px !important;--stk-column-gap:50px !important;}<\/style><div class=\"stk-row stk-inner-blocks stk-block-content stk-content-align stk-2fea7a6-column alignwide\">\n<div class=\"wp-block-stackable-column stk-block-column stk-column stk-block stk-2f0dfa9\" data-v=\"4\" data-block-id=\"2f0dfa9\"><style>@media screen and (min-width: 768px){.stk-2f0dfa9 {flex:var(--stk-flex-grow, 1) 1 calc(62% - var(--stk-column-gap, 0px) * 1 \/ 2 ) !important;}}<\/style><div class=\"stk-column-wrapper stk-block-column__content stk-container stk-2f0dfa9-container stk--no-background stk--no-padding\"><div class=\"stk-block-content stk-inner-blocks stk-2f0dfa9-inner-blocks\">\n<div class=\"wp-block-stackable-text stk-block-text stk-block stk-1cc959a\" data-block-id=\"1cc959a\"><p class=\"stk-block-text__text\"><a href=\"https:\/\/www.ull.es\/la-universidad\/honoris-causa\/\" target=\"_blank\" rel=\"noreferrer noopener\" target=\"_blank\" rel=\"noopener\">Honoris Causa<\/a>&nbsp;\u00bb&nbsp;<a href=\"https:\/\/www.ull.es\/la-universidad\/honoris-causa\/ken-bugul\/\" target=\"_blank\" rel=\"noreferrer noopener\" target=\"_blank\" rel=\"noopener\">Ken Bugul<\/a>&nbsp;\u00bb&nbsp;Laudatio<\/p><\/div>\n\n\n\n<div class=\"wp-block-stackable-image stk-block-image has-text-align-left stk-block stk-bade6cd\" data-block-id=\"bade6cd\"><style>.stk-bade6cd .stk-img-wrapper{width:100% !important;}<\/style><figure><span class=\"stk-img-wrapper stk-image--shape-stretch\"><img loading=\"lazy\" decoding=\"async\" class=\"stk-img wp-image-17257\" src=\"https:\/\/www.ull.es\/la-universidad\/wp-content\/uploads\/sites\/2\/2025\/01\/Mockup-web-honoris-causa_Trayectoria.png\" width=\"692\" height=\"138\" srcset=\"https:\/\/www.ull.es\/la-universidad\/wp-content\/uploads\/sites\/2\/2025\/01\/Mockup-web-honoris-causa_Trayectoria.png 692w, https:\/\/www.ull.es\/la-universidad\/wp-content\/uploads\/sites\/2\/2025\/01\/Mockup-web-honoris-causa_Trayectoria-300x60.png 300w, https:\/\/www.ull.es\/la-universidad\/wp-content\/uploads\/sites\/2\/2025\/01\/Mockup-web-honoris-causa_Trayectoria-375x75.png 375w\" sizes=\"auto, (max-width: 692px) 100vw, 692px\" \/><\/span><\/figure><\/div>\n\n\n\n<div class=\"wp-block-stackable-text stk-block-text stk-block stk-8a32b18\" data-block-id=\"8a32b18\"><style>.stk-8a32b18 {margin-bottom:10px !important;}<\/style><p class=\"stk-block-text__text\">Ken Bugul, pseud\u00f3nimo wolof de Mari\u00e9tou Mbaye Bil\u00e9oma, naci\u00f3 en 1947 en el Ndoucoumane, antigua regi\u00f3n del oeste de Senegal. En 1982, con su autobiograf\u00eda novelada Le baobab fou, hizo su entrada en la literatura.<\/p><\/div>\n\n\n\n<div class=\"wp-block-stackable-text stk-block-text stk-block stk-e85552f\" data-block-id=\"e85552f\"><style>.stk-e85552f {margin-bottom:10px !important;}<\/style><p class=\"stk-block-text__text\">Como autora, Ken Bugul ha publicado once novelas, la mayor\u00eda de ellas traducidas a varios idiomas. Hija de un morabito pol\u00edgamo de 85 a\u00f1os, y de una joven senegalesa, fue criada en el seno de una familia pol\u00edgama en la que sus hermanos eran bastante mayores que ella. A los 5 a\u00f1os fue separada de su madre, y la incomprensi\u00f3n de ese abandono y desconexi\u00f3n familiar la persigui\u00f3 durante su infancia, adolescencia y edad adulta, momento en que comenz\u00f3 a escribir. <\/p><\/div>\n\n\n\n<div class=\"wp-block-stackable-text stk-block-text stk-block stk-1c7347c\" data-block-id=\"1c7347c\"><style>.stk-1c7347c {margin-bottom:10px !important;}<\/style><p class=\"stk-block-text__text\">Tras cursar la primaria en su aldea, continu\u00f3 sus estudios en el liceo Malick-Sy de Thi\u00e8s, tras el que accedi\u00f3 a la hoy conocida como Universit\u00e9 Cheikh Anta Diop de Dakar. Su brillantez acad\u00e9mica le abri\u00f3 las puertas y obtuvo una beca para irse a estudiar a B\u00e9lgica, periodo en el que conoci\u00f3 ese Occidente del que tanto hab\u00eda estudiado, le\u00eddo y hablado. Ese lugar anhelado, que su educaci\u00f3n colonial le present\u00f3 como suyo, como la tierra de sus \u2018ancestros los galos\u2019. La etapa belga, relatada en Le baobab fou fue tan compleja como devastadora; a esta le seguir\u00eda otra en Francia, gracias a una beca de estudios en el Instituto Nacional de lo Audiovisual de Par\u00eds. Sus vivencias en este pa\u00eds son relatadas en Cendres et braises, en la que tantas otras experiencias convirtieron su estancia en un infierno y acabaron por se\u00f1alar el \u00fanico camino posible para sobrevivir: volver a casa. <\/p><\/div>\n\n\n\n<div class=\"wp-block-stackable-text stk-block-text stk-block stk-4068788\" data-block-id=\"4068788\"><style>.stk-4068788 {margin-bottom:10px !important;}<\/style><p class=\"stk-block-text__text\">A principios de los a\u00f1os ochenta M\u00e8re Mbaye, \u2018madre Mbaye\u2019 como la llaman sus pr\u00f3ximos, volvi\u00f3 por un tiempo a Senegal. Ah\u00ed se enfrent\u00f3 nuevamente al conflicto entre dos realidades. Sus vecinos y familiares la trataban como una marginada y su propia madre sent\u00eda verg\u00fcenza de ella por haber vuelto de Europa sin \u00e9xito aparente. Durante esa \u00e9poca, conoci\u00f3 a un morabito de 85 a\u00f1os, con quien se cas\u00f3 como su vig\u00e9simo octava esposa. Este matrimonio la rehabilit\u00f3 socialmente y le brind\u00f3 una cierta estabilidad y paz interior. Pocos meses despu\u00e9s, su esposo falleci\u00f3 y m\u00e1s tarde, contrajo matrimonio con un m\u00e9dico en Ben\u00edn con quien tuvo una hija.<\/p><\/div>\n\n\n\n<div class=\"wp-block-stackable-text stk-block-text stk-block stk-971dbcd\" data-block-id=\"971dbcd\"><style>.stk-971dbcd {margin-bottom:10px !important;}<\/style><p class=\"stk-block-text__text\">En esta vuelta a su pa\u00eds natal, fue donde comenz\u00f3 a escribir. Y escribi\u00f3 y escribi\u00f3\u2026 y el manuscrito lleg\u00f3 a Nouvelles \u00c9ditions Africaines. Y era tan rompedor, tan irreverente, tan \u2018poco adecuado\u2019 para una mujer, una africana, una negra, que la editorial decidi\u00f3 publicarlo, pero bajo un pseud\u00f3nimo. As\u00ed, fue el eterno sentimiento de abandono el que le llev\u00f3 a tomar el pseud\u00f3nimo que utiliza para firmar sus obras, Ken Bugul, que significa en lengua wolof \u201cpersonne n\u2019en veut\u201d o \u201cla que nadie quiere\u201d. <\/p><\/div>\n\n\n\n<div class=\"wp-block-stackable-text stk-block-text stk-block stk-b4a0390\" data-block-id=\"b4a0390\"><style>.stk-b4a0390 {margin-bottom:10px !important;}<\/style><p class=\"stk-block-text__text\">Entre 1986 y 1993, trabaj\u00f3 como funcionaria internacional en varios pa\u00edses africanos, incluyendo Kenia, Congo y Togo, gestionando programas de planificaci\u00f3n familiar para una organizaci\u00f3n internacional no gubernamental, liderando la secci\u00f3n de la regi\u00f3n africana de la organizaci\u00f3n. Viaj\u00f3 por el mundo participando en diversas formaciones e impartiendo conferencias sobre desarrollo, planificaci\u00f3n familiar y los derechos de las mujeres y las j\u00f3venes. <\/p><\/div>\n\n\n\n<div class=\"wp-block-stackable-text stk-block-text stk-block stk-0de3193\" data-block-id=\"0de3193\"><p class=\"stk-block-text__text\">Desde 1994, se ha dedicado principalmente a escribir, compartiendo su actividad de escritura con la organizaci\u00f3n de talleres en comunidades desfavorecidas, donde promueve la escritura terap\u00e9utica y la rehabilitaci\u00f3n. Tambi\u00e9n apoya la difusi\u00f3n de arte y artesan\u00edas locales.<\/p><\/div>\n\n\n\n<div class=\"wp-block-stackable-text stk-block-text stk-block stk-1ecf2b3\" data-block-id=\"1ecf2b3\"><style>.stk-1ecf2b3 {margin-bottom:10px !important;}<\/style><p class=\"stk-block-text__text\">Ken Bugul ha superado m\u00faltiples desaf\u00edos y ha desarrollado una visi\u00f3n del mundo con una libertad poco com\u00fan. Transmite a quienes la rodean un profundo amor por la vida y su escritura est\u00e1 marcada por la separaci\u00f3n de su madre durante su infancia. Sus opiniones sobre temas como la tradici\u00f3n africana, el feminismo, el desarrollo econ\u00f3mico y las relaciones entre el Norte y el Sur han sido contundentes y, a menudo, pol\u00e9micas. Su claridad sobre la condici\u00f3n humana y su estilo narrativo lleno de humor la han consolidado como una figura destacada en la literatura africana. En \u00c1frica, donde su obra ha generado desde controversia hasta respeto, Ken Bugul se ha ganado un lugar como una voz fundamental. Su vida y su obra est\u00e1n \u00edntimamente conectadas, y en su internacionalmente conocida trilog\u00eda autobiogr\u00e1fica, compuesta por Le Baobab fou (su ni\u00f1ez, el abandono de su tierra y encuentro con Occidente), Cendres et braises (la experiencia adulta en Occidente) y Riwan ou le chemin de sable (la vuelta a las ra\u00edces, la sanaci\u00f3n en casa) relata, sin tapujos y con una osad\u00eda poco com\u00fan, diferentes momentos de su existencia.<\/p><\/div>\n\n\n\n<div class=\"wp-block-stackable-text stk-block-text stk-block stk-d704236\" data-block-id=\"d704236\"><style>.stk-d704236 {margin-bottom:10px !important;}<\/style><p class=\"stk-block-text__text\">Ken Bugul escribe en franc\u00e9s, la lengua de su educaci\u00f3n colonial, y no ha sentido la necesidad de escribir en wolof, su lengua materna, porque, seg\u00fan ella, el franc\u00e9s es su herramienta, la que le ha permitido llegar a un p\u00fablico m\u00e1s amplio, a un p\u00fablico occidental a quien de alguna manera se dirige. Sin embargo, sus obras est\u00e1n habitadas por voces en lengua wolof, referencias a conceptos y realidades senegalesas, creencias populares africanas, o pr\u00e1cticas locales, entre otros.  De esta forma, la escritura de Ken Bugul es tanto un medio de catarsis personal como una herramienta para analizar y criticar las realidades africanas y occidentales.<\/p><\/div>\n\n\n\n<div class=\"wp-block-stackable-text stk-block-text stk-block stk-327ab68\" data-block-id=\"327ab68\"><style>.stk-327ab68 {margin-bottom:10px !important;}<\/style><p class=\"stk-block-text__text\">En varias ocasiones ha descrito c\u00f3mo la colonizaci\u00f3n dividi\u00f3 a la sociedad senegalesa en tres clases: los occidentales, los asimilados y los ind\u00edgenas, a los que ella pertenec\u00eda. Los ind\u00edgenas, como explica Bugul, se ve\u00edan obligados a imitar la mentalidad de los colonizadores sin recibir ninguno de los privilegios de estos. Estas experiencias moldearon profundamente su sentido de identidad y la llevaron a cuestionar las desigualdades y la dominaci\u00f3n cultural que sufri\u00f3.<\/p><\/div>\n\n\n\n<div class=\"wp-block-stackable-text stk-block-text stk-block stk-a2cd050\" data-block-id=\"a2cd050\"><style>.stk-a2cd050 {margin-bottom:10px !important;}<\/style><p class=\"stk-block-text__text\">Ken Bugul es una de las escritoras m\u00e1s importantes del continente africano, y su obra ofrece una visi\u00f3n fascinante de la condici\u00f3n humana, el exilio y la b\u00fasqueda de un lugar en el mundo y de una identidad, lo que hace de ella no solo una escritora africana, sino universal.<\/p><\/div>\n\n\n\n<div class=\"wp-block-stackable-text stk-block-text stk-block stk-bf17300\" data-block-id=\"bf17300\"><style>.stk-bf17300 {margin-bottom:10px !important;}<\/style><p class=\"stk-block-text__text\">Adem\u00e1s, su enfoque humanista, con una visi\u00f3n cr\u00edtica de las estructuras sociales y culturales, demuestra un firme compromiso con los derechos humanos, la igualdad entre hombres y mujeres y la dignidad de los marginados, as\u00ed como una visi\u00f3n poderosa y necesaria que dialoga con las preocupaciones globales.<\/p><\/div>\n\n\n\n<div class=\"wp-block-stackable-text stk-block-text stk-block stk-19415cf\" data-block-id=\"19415cf\"><style>.stk-19415cf {margin-bottom:10px !important;}<\/style><p class=\"stk-block-text__text\">Este compromiso se refleja en cada aspecto de su vida y obra, y est\u00e1 en perfecta sinton\u00eda con los valores que defiende nuestra instituci\u00f3n. Su lucha por la justicia social y por dar voz a las mujeres africanas, as\u00ed como su an\u00e1lisis cr\u00edtico de las estructuras de poder y las desigualdades, la convierten en una defensora incansable de los derechos fundamentales, valores que la ULL promueve de manera activa.<\/p><\/div>\n\n\n\n<div class=\"wp-block-stackable-text stk-block-text stk-block stk-28eb6a7\" data-block-id=\"28eb6a7\"><style>.stk-28eb6a7 {margin-bottom:10px !important;}<\/style><p class=\"stk-block-text__text\">Por otra parte, la extensa y reconocida trayectoria literaria de Ken Bugul ha tenido un impacto significativo a nivel internacional, consolid\u00e1ndose como una de las grandes voces de la literatura africana contempor\u00e1nea. Por todo ello, esta escritora representa una figura que no solo aportar\u00e1 gran prestigio a nuestra universidad, sino que tambi\u00e9n fortalecer\u00e1 el compromiso de la ULL con Senegal, y por extensi\u00f3n con el vecino continente africano y sus di\u00e1sporas. Un compromiso firme desde hace ya d\u00e9cadas, que se ha mantenido con \u00e9xito a trav\u00e9s de los proyectos no s\u00f3lo acad\u00e9micos y cient\u00edficos, sino tambi\u00e9n de cooperaci\u00f3n y desarrollo que los diferentes investigadores e investigadoras, departamentos y facultades de esta universidad han llevado a cabo y siguen llevando con el pa\u00eds vecino. <\/p><\/div>\n\n\n\n<div class=\"wp-block-stackable-text stk-block-text stk-block stk-dbe5066\" data-block-id=\"dbe5066\"><style>.stk-dbe5066 {margin-bottom:10px !important;}<\/style><p class=\"stk-block-text__text\">Por todo ello, la incorporaci\u00f3n al claustro de la Universidad de La Laguna de Mari\u00e8tou Mbaye Bil\u00e9oma, Ken Bugul, como Doctora Honoris Causa, fortalecer\u00e1 los v\u00ednculos culturales y acad\u00e9micos entre nuestra instituci\u00f3n y el continente africano, un territorio hermanado y de gran relevancia para Canarias y para la ULL, consolidando de esta forma nuestro papel como responsables y promotores de un di\u00e1logo cultural y social que aspira a un futuro m\u00e1s justo, igualitario y solidario.<\/p><\/div>\n\n\n\n<div class=\"wp-block-stackable-text stk-block-text stk-block stk-a396d85\" data-block-id=\"a396d85\"><p class=\"stk-block-text__text has-text-align-right\"><strong>Dulce Mar\u00eda Gonz\u00e1lez Doreste y Alba Rodr\u00edguez Garc\u00eda<\/strong><\/p><\/div>\n<\/div><\/div><\/div>\n\n\n\n<div class=\"wp-block-stackable-column stk-block-column stk-column stk-block stk-25b306a\" data-v=\"4\" data-block-id=\"25b306a\"><style>@media screen and (min-width: 768px){.stk-25b306a {flex:var(--stk-flex-grow, 1) 1 calc(38% - var(--stk-column-gap, 0px) * 1 \/ 2 ) !important;}}<\/style><div class=\"stk-column-wrapper stk-block-column__content stk-container stk-25b306a-container stk--no-background stk--no-padding\"><div class=\"stk-block-content stk-inner-blocks stk-25b306a-inner-blocks\">\n<div class=\"wp-block-stackable-heading stk-block-heading stk-block-heading--v2 stk-block stk-85a5815 stk-block-background\" id=\"a-href-https-drive-google-com-file-d-1-fv-5-v-7-h-01-u-g-o-bo-u-pn-jdflofl-idi-ed-py-n-view-usp-sharing-span-style-color-ffffff-class-stk-highlight-version-leida-en-el-acto-span-a\" data-block-id=\"85a5815\"><style>.stk-85a5815 {background-color:#ffc100 !important;padding-top:5% !important;padding-bottom:2% !important;margin-bottom:50px !important;}.stk-85a5815:before{background-color:#ffc100 !important;}.stk-85a5815 .stk-block-heading__text{color:#ffffff !important;font-weight:700 !important;}<\/style><h2 class=\"stk-block-heading__text has-text-color has-text-align-center\"><a href=\"https:\/\/drive.google.com\/file\/d\/1Fv5v7H01u-gOBoUPnJdfloflIdiEdPyN\/view?usp=sharing\" target=\"_blank\" rel=\"noopener\"><span style=\"color: #ffffff;\" class=\"stk-highlight\">VERSI\u00d3N LE\u00cdDA EN EL ACTO<\/span><\/a><\/h2><\/div>\n\n\n\n<div class=\"wp-block-stackable-image stk-block-image stk-block stk-d1d7398\" data-block-id=\"d1d7398\"><style>.stk-d1d7398 .stk-img-wrapper{width:90% !important;}<\/style><figure><span class=\"stk-img-wrapper stk-image--shape-stretch\"><img loading=\"lazy\" decoding=\"async\" class=\"stk-img wp-image-17243\" src=\"https:\/\/www.ull.es\/la-universidad\/wp-content\/uploads\/sites\/2\/2025\/01\/Mockup-web-honoris-causa_Iconos.png\" width=\"276\" height=\"276\" srcset=\"https:\/\/www.ull.es\/la-universidad\/wp-content\/uploads\/sites\/2\/2025\/01\/Mockup-web-honoris-causa_Iconos.png 276w, https:\/\/www.ull.es\/la-universidad\/wp-content\/uploads\/sites\/2\/2025\/01\/Mockup-web-honoris-causa_Iconos-150x150.png 150w, https:\/\/www.ull.es\/la-universidad\/wp-content\/uploads\/sites\/2\/2025\/01\/Mockup-web-honoris-causa_Iconos-50x50.png 50w\" sizes=\"auto, (max-width: 276px) 100vw, 276px\" \/><\/span><\/figure><\/div>\n<\/div><\/div><\/div>\n<\/div><\/div>\n<\/div><\/div><\/div>\n<\/div><\/div>\n","protected":false},"excerpt":{"rendered":"<p>Honoris Causa&nbsp;\u00bb&nbsp;Ken Bugul&nbsp;\u00bb&nbsp;Laudatio Ken Bugul, pseud\u00f3nimo wolof de Mari\u00e9tou Mbaye Bil\u00e9oma, naci\u00f3 en 1947 en el Ndoucoumane, antigua regi\u00f3n del oeste de Senegal. En 1982, con su autobiograf\u00eda novelada Le baobab fou, hizo su entrada en la literatura. Como autora, Ken Bugul ha publicado once novelas, la mayor\u00eda de ellas traducidas a varios idiomas. Hija&#8230;<\/p>\n","protected":false},"author":67,"featured_media":0,"parent":17323,"menu_order":0,"comment_status":"closed","ping_status":"closed","template":"templates\/template-frontpage.php","meta":{"footnotes":""},"class_list":["post-17360","page","type-page","status-publish","hentry"],"_links":{"self":[{"href":"https:\/\/www.ull.es\/la-universidad\/wp-json\/wp\/v2\/pages\/17360","targetHints":{"allow":["GET"]}}],"collection":[{"href":"https:\/\/www.ull.es\/la-universidad\/wp-json\/wp\/v2\/pages"}],"about":[{"href":"https:\/\/www.ull.es\/la-universidad\/wp-json\/wp\/v2\/types\/page"}],"author":[{"embeddable":true,"href":"https:\/\/www.ull.es\/la-universidad\/wp-json\/wp\/v2\/users\/67"}],"replies":[{"embeddable":true,"href":"https:\/\/www.ull.es\/la-universidad\/wp-json\/wp\/v2\/comments?post=17360"}],"version-history":[{"count":17,"href":"https:\/\/www.ull.es\/la-universidad\/wp-json\/wp\/v2\/pages\/17360\/revisions"}],"predecessor-version":[{"id":17980,"href":"https:\/\/www.ull.es\/la-universidad\/wp-json\/wp\/v2\/pages\/17360\/revisions\/17980"}],"up":[{"embeddable":true,"href":"https:\/\/www.ull.es\/la-universidad\/wp-json\/wp\/v2\/pages\/17323"}],"wp:attachment":[{"href":"https:\/\/www.ull.es\/la-universidad\/wp-json\/wp\/v2\/media?parent=17360"}],"curies":[{"name":"wp","href":"https:\/\/api.w.org\/{rel}","templated":true}]}}