{"id":17377,"date":"2025-01-20T09:12:23","date_gmt":"2025-01-20T09:12:23","guid":{"rendered":"https:\/\/www.ull.es\/la-universidad\/?page_id=17377"},"modified":"2025-03-05T12:44:21","modified_gmt":"2025-03-05T12:44:21","slug":"laudatio-amparo-moreno-sarda","status":"publish","type":"page","link":"https:\/\/www.ull.es\/la-universidad\/honoris-causa\/amparo-moreno-sarda\/laudatio-amparo-moreno-sarda\/","title":{"rendered":"Laudatio"},"content":{"rendered":"\n<div class=\"wp-block-stackable-columns alignfull stk-block-columns stk-block stk-bf13746 stk-block-background stk--has-background-overlay\" data-block-id=\"bf13746\"><style>.stk-bf13746 .stk--block-align-bf13746{align-items:center !important;}.stk-bf13746 {background-image:url(https:\/\/www.ull.es\/la-universidad\/wp-content\/uploads\/sites\/2\/2025\/01\/Amparo-Moreno-Sarda_editada.jpg) !important;background-position:center center !important;background-repeat:no-repeat !important;background-size:cover !important;padding-bottom:20% !important;margin-top:-2% !important;margin-bottom:1% !important;}<\/style><div class=\"stk-row stk-inner-blocks stk--block-align-bf13746 stk-block-content stk-content-align stk-bf13746-column alignfull\">\n<div class=\"wp-block-stackable-column stk-block-column stk-column stk-block stk-52369c8\" data-v=\"4\" data-block-id=\"52369c8\"><div class=\"stk-column-wrapper stk-block-column__content stk-container stk-52369c8-container stk--no-background stk--no-padding\"><div class=\"stk-block-content stk-inner-blocks stk-52369c8-inner-blocks\">\n<div class=\"wp-block-stackable-columns alignfull stk-block-columns stk-block stk-09efffd\" data-block-id=\"09efffd\"><style>.stk-09efffd {padding-top:3% !important;padding-right:25% !important;}<\/style><div class=\"stk-row stk-inner-blocks stk-block-content stk-content-align stk-09efffd-column alignfull\">\n<div class=\"wp-block-stackable-column stk-block-column stk-column stk-block stk-079e619\" data-v=\"4\" data-block-id=\"079e619\"><div class=\"stk-column-wrapper stk-block-column__content stk-container stk-079e619-container stk--no-background stk--no-padding\"><div class=\"stk-block-content stk-inner-blocks stk-079e619-inner-blocks\">\n<div class=\"wp-block-stackable-image aligncenter stk-block-image has-text-align-left stk-block stk-bcd1559\" data-block-id=\"bcd1559\"><style>.stk-bcd1559 .stk-img-wrapper{width:60% !important;}<\/style><figure><span class=\"stk-img-wrapper stk-image--shape-stretch\"><img loading=\"lazy\" decoding=\"async\" class=\"stk-img wp-image-17362\" src=\"https:\/\/www.ull.es\/la-universidad\/wp-content\/uploads\/sites\/2\/2025\/01\/Mockup-web-honoris-causa-25.png\" width=\"581\" height=\"148\" srcset=\"https:\/\/www.ull.es\/la-universidad\/wp-content\/uploads\/sites\/2\/2025\/01\/Mockup-web-honoris-causa-25.png 581w, https:\/\/www.ull.es\/la-universidad\/wp-content\/uploads\/sites\/2\/2025\/01\/Mockup-web-honoris-causa-25-300x76.png 300w, https:\/\/www.ull.es\/la-universidad\/wp-content\/uploads\/sites\/2\/2025\/01\/Mockup-web-honoris-causa-25-375x96.png 375w\" sizes=\"auto, (max-width: 581px) 100vw, 581px\" \/><\/span><\/figure><\/div>\n<\/div><\/div><\/div>\n<\/div><\/div>\n<\/div><\/div><\/div>\n<\/div><\/div>\n\n\n\n<div class=\"wp-block-stackable-columns alignfull stk-block-columns stk-block stk-593da1e\" data-block-id=\"593da1e\"><div class=\"stk-row stk-inner-blocks stk-block-content stk-content-align stk-593da1e-column alignfull\">\n<div class=\"wp-block-stackable-column stk-block-column stk-column stk-block stk-614a277\" data-v=\"4\" data-block-id=\"614a277\"><div class=\"stk-column-wrapper stk-block-column__content stk-container stk-614a277-container stk--no-background stk--no-padding\"><div class=\"stk-block-content stk-inner-blocks stk-614a277-inner-blocks\">\n<div class=\"wp-block-stackable-columns alignwide stk-block-columns stk-block stk-2fea7a6\" data-block-id=\"2fea7a6\"><style>.stk-2fea7a6 {padding-right:5% !important;padding-left:5% !important;}.stk-2fea7a6-column{--stk-columns-spacing:12px !important;--stk-column-gap:50px !important;}<\/style><div class=\"stk-row stk-inner-blocks stk-block-content stk-content-align stk-2fea7a6-column alignwide\">\n<div class=\"wp-block-stackable-column stk-block-column stk-column stk-block stk-2f0dfa9\" data-v=\"4\" data-block-id=\"2f0dfa9\"><style>@media screen and (min-width: 768px){.stk-2f0dfa9 {flex:var(--stk-flex-grow, 1) 1 calc(60% - var(--stk-column-gap, 0px) * 1 \/ 2 ) !important;}}<\/style><div class=\"stk-column-wrapper stk-block-column__content stk-container stk-2f0dfa9-container stk--no-background stk--no-padding\"><div class=\"stk-block-content stk-inner-blocks stk-2f0dfa9-inner-blocks\">\n<div class=\"wp-block-stackable-text stk-block-text stk-block stk-f7c97c5\" data-block-id=\"f7c97c5\"><p class=\"stk-block-text__text\"><a href=\"https:\/\/www.ull.es\/la-universidad\/honoris-causa\/\" target=\"_blank\" rel=\"noreferrer noopener\" target=\"_blank\" rel=\"noopener\">Honoris Causa<\/a>&nbsp;\u00bb&nbsp;<a href=\"https:\/\/www.ull.es\/la-universidad\/honoris-causa\/amparo-moreno-sarda\/\" target=\"_blank\" rel=\"noreferrer noopener\" target=\"_blank\" rel=\"noopener\">Amparo Moreno Sard\u00e0<\/a>&nbsp;\u00bb&nbsp;Laudatio<\/p><\/div>\n\n\n\n<div class=\"wp-block-stackable-image stk-block-image has-text-align-left stk-block stk-bade6cd\" data-block-id=\"bade6cd\"><style>.stk-bade6cd .stk-img-wrapper{width:100% !important;}<\/style><figure><span class=\"stk-img-wrapper stk-image--shape-stretch\"><img loading=\"lazy\" decoding=\"async\" class=\"stk-img wp-image-17257\" src=\"https:\/\/www.ull.es\/la-universidad\/wp-content\/uploads\/sites\/2\/2025\/01\/Mockup-web-honoris-causa_Trayectoria.png\" width=\"692\" height=\"138\" srcset=\"https:\/\/www.ull.es\/la-universidad\/wp-content\/uploads\/sites\/2\/2025\/01\/Mockup-web-honoris-causa_Trayectoria.png 692w, https:\/\/www.ull.es\/la-universidad\/wp-content\/uploads\/sites\/2\/2025\/01\/Mockup-web-honoris-causa_Trayectoria-300x60.png 300w, https:\/\/www.ull.es\/la-universidad\/wp-content\/uploads\/sites\/2\/2025\/01\/Mockup-web-honoris-causa_Trayectoria-375x75.png 375w\" sizes=\"auto, (max-width: 692px) 100vw, 692px\" \/><\/span><\/figure><\/div>\n\n\n\n<div class=\"wp-block-stackable-text stk-block-text stk-block stk-8a32b18\" data-block-id=\"8a32b18\"><style>.stk-8a32b18 {margin-bottom:10px !important;}<\/style><p class=\"stk-block-text__text\">La Dra. Amparo Moreno-Sard\u00e0 es una destacada investigadora en Historia y Comunicaci\u00f3n desde un enfoque feminista. Estudi\u00f3 Filosof\u00eda y Letras en la Universidad de Zaragoza y se licenci\u00f3 en la Universidad de Valencia en 1969 en la especialidad de Geograf\u00eda e Historia. En 1973 se gradu\u00f3 en Periodismo por la Escuela Oficial de Periodismo de Barcelona. En 1984 se doctor\u00f3 en Historia por la Universidad de Barcelona con una Tesis sobre Las ra\u00edces hist\u00f3ricas de la problem\u00e1tica actual de la comunicaci\u00f3n social. Elementos para una Historia de la Comunicaci\u00f3n Social No-Androc\u00e9ntrica.<\/p><\/div>\n\n\n\n<div class=\"wp-block-stackable-text stk-block-text stk-block stk-e85552f\" data-block-id=\"e85552f\"><style>.stk-e85552f {margin-bottom:10px !important;}<\/style><p class=\"stk-block-text__text\">Desde el curso 1973-1974 ejerci\u00f3 como profesora e investigadora en la Facultad de Ciencias de la Informaci\u00f3n de la Universidad Aut\u00f3noma de Barcelona donde alcanz\u00f3, en 1986, la categor\u00eda de Titular, en 1994 la de Catedr\u00e1tica de Historia de la Comunicaci\u00f3n del Departamento de Periodismo y, tras su jubilaci\u00f3n en 2009, la de Catedr\u00e1tica Em\u00e9rita.<\/p><\/div>\n\n\n\n<div class=\"wp-block-stackable-text stk-block-text stk-block stk-1c7347c\" data-block-id=\"1c7347c\"><style>.stk-1c7347c {margin-bottom:10px !important;}<\/style><p class=\"stk-block-text__text\">En 1971-1972, Amparo Moreno-Sard\u00e0 decidi\u00f3 buscar trabajo como periodista. Pero en aquel momento no eran consideradas adecuadas para las pocas mujeres que trabajaban en las redacciones de los peri\u00f3dicos de informaci\u00f3n general. Empez\u00f3 a trabajar en El Noticiero Universal, en la secci\u00f3n de informaci\u00f3n local, como \u201cperiodista de calle\u201d; y despu\u00e9s en El Correo Catal\u00e1n. Le dijeron que quer\u00edan contar con una mujer aunque pronto vieron que ella no era esa mujer.<\/p><\/div>\n\n\n\n<div class=\"wp-block-stackable-text stk-block-text stk-block stk-4068788\" data-block-id=\"4068788\"><style>.stk-4068788 {margin-bottom:10px !important;}<\/style><p class=\"stk-block-text__text\">Moreno Sard\u00e0 participaba activamente en el Grupo Democr\u00e1tico de Periodistas, una organizaci\u00f3n clandestina creada en 1966 y sus art\u00edculos cr\u00edticos, su participaci\u00f3n en una huelga para reclamar una subida de salarios relacionada con el incremento del precio de los diarios, y su vinculaci\u00f3n con el movimiento feminista, influyeron para que, cuando termin\u00f3 la carrera en marzo de 1973, en lugar de ponerla en plantilla, como sucedi\u00f3 con otros compa\u00f1eros, la despidieran. En aquel momento, adem\u00e1s, estaba embarazada de su hija, situaci\u00f3n que muchos compa\u00f1eros consideraban inadecuada para que participara en ruedas de prensa. Aunque denunci\u00f3 y gan\u00f3, nunca la volvieron a contratar. <\/p><\/div>\n\n\n\n<div class=\"wp-block-stackable-text stk-block-text stk-block stk-971dbcd\" data-block-id=\"971dbcd\"><style>.stk-971dbcd {margin-bottom:10px !important;}<\/style><p class=\"stk-block-text__text\">Paralelamente a esto, su conciencia feminista fue creciendo. Particip\u00f3 en las I Jornadas por la liberaci\u00f3n de la mujer que se celebraron en Madrid a los pocos d\u00edas de la muerte de Franco y todav\u00eda en la clandestinidad. Colabor\u00f3 en la organizaci\u00f3n de las Jornades Catalanes de la Dona que se celebraron en el Paraninfo de la Universidad de Barcelona del 27 al 30 de mayo de 1976 con la asistencia de unas 4.000 personas y un gran impacto en la opini\u00f3n p\u00fablica. De hecho, su primer libro fue Mujeres en lucha. El movimiento feminista en Espa\u00f1a, que public\u00f3 en 1977.<\/p><\/div>\n\n\n\n<div class=\"wp-block-stackable-text stk-block-text stk-block stk-b4a0390\" data-block-id=\"b4a0390\"><style>.stk-b4a0390 {margin-bottom:10px !important;}<\/style><p class=\"stk-block-text__text\">La Dra. Amparo Moreno-Sard\u00e1 siempre ha destacado por la defensa de sus ideas feministas con un compromiso democr\u00e1tico y pol\u00edtico, incluso durante la Dictadura franquista, cuando este posicionamiento era considerado peligroso y pod\u00eda tener graves consecuencias sobre la vida de una persona. De hecho, su postura militante provoc\u00f3 que se le cerraran las puertas de los medios, por lo que decidi\u00f3 continuar su lucha y trabajo a trav\u00e9s de la Universidad, donde comenz\u00f3 como docente en el curso 1973-1974 y alcanz\u00f3 los m\u00e1ximos reconocimientos.<\/p><\/div>\n\n\n\n<div class=\"wp-block-stackable-text stk-block-text stk-block stk-0de3193\" data-block-id=\"0de3193\"><p class=\"stk-block-text__text\">Entre 2003 y 2007 fue concejala del Ayuntamiento de Tortosa por Independents per l\u2019Ebre (IPE). Hasta noviembre de 2006 fue teniente de alcalde, responsable de Sociedad de la Informaci\u00f3n, Participaci\u00f3n Ciudadana, Servicio de Atenci\u00f3n Ciudadana y Estudios Universitarios.<\/p><\/div>\n\n\n\n<div class=\"wp-block-stackable-text stk-block-text stk-block stk-1ecf2b3\" data-block-id=\"1ecf2b3\"><style>.stk-1ecf2b3 {margin-bottom:10px !important;}<\/style><p class=\"stk-block-text__text\">Como docente, hay que destacar su lucha contra el enfoque androc\u00e9ntrico de la Historia, que consider\u00f3 que dificultaba comprender unos medios de comunicaci\u00f3n de masas en los que se representaba una mayor diversidad de mujeres y hombres en escenarios no s\u00f3lo centrales y p\u00fablicos sino tambi\u00e9n privados y marginales.<\/p><\/div>\n\n\n\n<div class=\"wp-block-stackable-text stk-block-text stk-block stk-d704236\" data-block-id=\"d704236\"><style>.stk-d704236 {margin-bottom:10px !important;}<\/style><p class=\"stk-block-text__text\">No s\u00e9 muy bien c\u00f3mo resumir todo lo que ha hecho esta mujer durante su vida. Ha sido activista feminista, activista de clase, se ha esforzado en fomentar la participaci\u00f3n social y daci\u00f3n de cuentas en las instituciones locales\u2026 Toda su vida personal (es madre de una hija y un hijo y ahora abuela) y profesional ha estado conectada para avanzar en el conocimiento y dar voz a los que normalmente no la tienen.<\/p><\/div>\n\n\n\n<div class=\"wp-block-stackable-text stk-block-text stk-block stk-327ab68\" data-block-id=\"327ab68\"><style>.stk-327ab68 {margin-bottom:10px !important;}<\/style><p class=\"stk-block-text__text\">En la Universidad de La Laguna tuvimos la suerte de conocerla porque incluy\u00f3 a buena parte del profesorado de las \u00e1reas de Periodismo y Comunicaci\u00f3n Audiovisual en dos proyectos: En 2013-2015, Comunicaci\u00f3n y periodismo para la participaci\u00f3n ciudadana en el seguimiento y la evaluaci\u00f3n de la gesti\u00f3n de los gobiernos locales, financiado por Ministerio de Econom\u00eda y Competitividad; y en 2016-2018, Metodolog\u00edas y modelos de informaci\u00f3n para el seguimiento de la acci\u00f3n de los responsables de los gobiernos locales y la rendici\u00f3n de cuentas.<\/p><\/div>\n\n\n\n<div class=\"wp-block-stackable-text stk-block-text stk-block stk-a2cd050\" data-block-id=\"a2cd050\"><style>.stk-a2cd050 {margin-bottom:10px !important;}<\/style><p class=\"stk-block-text__text\">Hoy podemos honrar esa colaboraci\u00f3n con esta mujer ejemplar con el reconocimiento como Doctora Honoris Causa. <\/p><\/div>\n\n\n\n<div class=\"wp-block-stackable-text stk-block-text stk-block stk-a396d85\" data-block-id=\"a396d85\"><p class=\"stk-block-text__text has-text-align-right\"><strong>Lara Carrascosa Puertas<\/strong><\/p><\/div>\n<\/div><\/div><\/div>\n\n\n\n<div class=\"wp-block-stackable-column stk-block-column stk-column stk-block stk-25b306a\" data-v=\"4\" data-block-id=\"25b306a\"><style>@media screen and (min-width: 768px){.stk-25b306a {flex:var(--stk-flex-grow, 1) 1 calc(40% - var(--stk-column-gap, 0px) * 1 \/ 2 ) !important;}}<\/style><div class=\"stk-column-wrapper stk-block-column__content stk-container stk-25b306a-container stk--no-background stk--no-padding\"><div class=\"stk-block-content stk-inner-blocks stk-25b306a-inner-blocks\">\n<div class=\"wp-block-stackable-heading stk-block-heading stk-block-heading--v2 stk-block stk-85a5815 stk-block-background\" id=\"a-href-https-drive-google-com-file-d-1-ld-dj-2-skwx-oq-7-b-bte-kvx-66-qugu-q-6-o-gv-pq-view-usp-sharing-span-style-color-ffffff-class-stk-highlight-version-leida-en-el-acto-span-a\" data-block-id=\"85a5815\"><style>.stk-85a5815 {background-color:#ffc100 !important;padding-top:5% !important;padding-bottom:2% !important;margin-bottom:50px !important;}.stk-85a5815:before{background-color:#ffc100 !important;}.stk-85a5815 .stk-block-heading__text{color:#ffffff !important;font-weight:700 !important;}<\/style><h2 class=\"stk-block-heading__text has-text-color has-text-align-center\"><a href=\"https:\/\/drive.google.com\/file\/d\/1ldDJ2SkwxOQ7BBteKVX66QuguQ6oGvPQ\/view?usp=sharing\" target=\"_blank\" rel=\"noopener\"><span style=\"color: #ffffff;\" class=\"stk-highlight\">VERSI\u00d3N LE\u00cdDA EN EL ACTO<\/span><\/a><\/h2><\/div>\n\n\n\n<div class=\"wp-block-stackable-image stk-block-image stk-block stk-d1d7398\" data-block-id=\"d1d7398\"><style>.stk-d1d7398 .stk-img-wrapper{width:90% !important;}<\/style><figure><span class=\"stk-img-wrapper stk-image--shape-stretch\"><img loading=\"lazy\" decoding=\"async\" class=\"stk-img wp-image-17243\" src=\"https:\/\/www.ull.es\/la-universidad\/wp-content\/uploads\/sites\/2\/2025\/01\/Mockup-web-honoris-causa_Iconos.png\" width=\"276\" height=\"276\" srcset=\"https:\/\/www.ull.es\/la-universidad\/wp-content\/uploads\/sites\/2\/2025\/01\/Mockup-web-honoris-causa_Iconos.png 276w, https:\/\/www.ull.es\/la-universidad\/wp-content\/uploads\/sites\/2\/2025\/01\/Mockup-web-honoris-causa_Iconos-150x150.png 150w, https:\/\/www.ull.es\/la-universidad\/wp-content\/uploads\/sites\/2\/2025\/01\/Mockup-web-honoris-causa_Iconos-50x50.png 50w\" sizes=\"auto, (max-width: 276px) 100vw, 276px\" \/><\/span><\/figure><\/div>\n<\/div><\/div><\/div>\n<\/div><\/div>\n<\/div><\/div><\/div>\n<\/div><\/div>\n","protected":false},"excerpt":{"rendered":"<p>Honoris Causa&nbsp;\u00bb&nbsp;Amparo Moreno Sard\u00e0&nbsp;\u00bb&nbsp;Laudatio La Dra. Amparo Moreno-Sard\u00e0 es una destacada investigadora en Historia y Comunicaci\u00f3n desde un enfoque feminista. Estudi\u00f3 Filosof\u00eda y Letras en la Universidad de Zaragoza y se licenci\u00f3 en la Universidad de Valencia en 1969 en la especialidad de Geograf\u00eda e Historia. En 1973 se gradu\u00f3 en Periodismo por la Escuela&#8230;<\/p>\n","protected":false},"author":67,"featured_media":0,"parent":17373,"menu_order":0,"comment_status":"closed","ping_status":"closed","template":"templates\/template-frontpage.php","meta":{"footnotes":""},"class_list":["post-17377","page","type-page","status-publish","hentry"],"_links":{"self":[{"href":"https:\/\/www.ull.es\/la-universidad\/wp-json\/wp\/v2\/pages\/17377","targetHints":{"allow":["GET"]}}],"collection":[{"href":"https:\/\/www.ull.es\/la-universidad\/wp-json\/wp\/v2\/pages"}],"about":[{"href":"https:\/\/www.ull.es\/la-universidad\/wp-json\/wp\/v2\/types\/page"}],"author":[{"embeddable":true,"href":"https:\/\/www.ull.es\/la-universidad\/wp-json\/wp\/v2\/users\/67"}],"replies":[{"embeddable":true,"href":"https:\/\/www.ull.es\/la-universidad\/wp-json\/wp\/v2\/comments?post=17377"}],"version-history":[{"count":16,"href":"https:\/\/www.ull.es\/la-universidad\/wp-json\/wp\/v2\/pages\/17377\/revisions"}],"predecessor-version":[{"id":17985,"href":"https:\/\/www.ull.es\/la-universidad\/wp-json\/wp\/v2\/pages\/17377\/revisions\/17985"}],"up":[{"embeddable":true,"href":"https:\/\/www.ull.es\/la-universidad\/wp-json\/wp\/v2\/pages\/17373"}],"wp:attachment":[{"href":"https:\/\/www.ull.es\/la-universidad\/wp-json\/wp\/v2\/media?parent=17377"}],"curies":[{"name":"wp","href":"https:\/\/api.w.org\/{rel}","templated":true}]}}