{"id":17385,"date":"2025-01-20T09:22:42","date_gmt":"2025-01-20T09:22:42","guid":{"rendered":"https:\/\/www.ull.es\/la-universidad\/?page_id=17385"},"modified":"2025-03-05T12:53:14","modified_gmt":"2025-03-05T12:53:14","slug":"laudatio-nicholas-a-peppas","status":"publish","type":"page","link":"https:\/\/www.ull.es\/la-universidad\/honoris-causa\/nicholas-a-peppas\/laudatio-nicholas-a-peppas\/","title":{"rendered":"Laudatio"},"content":{"rendered":"\n<div class=\"wp-block-stackable-columns alignfull stk-block-columns stk-block stk-bf13746 stk-block-background stk--has-background-overlay\" data-block-id=\"bf13746\"><style>.stk-bf13746 .stk--block-align-bf13746{align-items:center !important;}.stk-bf13746 {background-image:url(https:\/\/www.ull.es\/la-universidad\/wp-content\/uploads\/sites\/2\/2025\/01\/Nicholas-A.-Peppa_editada.png) !important;background-position:top center !important;background-repeat:no-repeat !important;background-size:cover !important;padding-bottom:20% !important;margin-top:-2% !important;margin-bottom:1% !important;}<\/style><div class=\"stk-row stk-inner-blocks stk--block-align-bf13746 stk-block-content stk-content-align stk-bf13746-column alignfull\">\n<div class=\"wp-block-stackable-column stk-block-column stk-column stk-block stk-52369c8\" data-v=\"4\" data-block-id=\"52369c8\"><div class=\"stk-column-wrapper stk-block-column__content stk-container stk-52369c8-container stk--no-background stk--no-padding\"><div class=\"stk-block-content stk-inner-blocks stk-52369c8-inner-blocks\">\n<div class=\"wp-block-stackable-columns alignfull stk-block-columns stk-block stk-09efffd\" data-block-id=\"09efffd\"><style>.stk-09efffd {padding-top:3% !important;padding-right:10% !important;}<\/style><div class=\"stk-row stk-inner-blocks stk-block-content stk-content-align stk-09efffd-column alignfull\">\n<div class=\"wp-block-stackable-column stk-block-column stk-column stk-block stk-079e619\" data-v=\"4\" data-block-id=\"079e619\"><div class=\"stk-column-wrapper stk-block-column__content stk-container stk-079e619-container stk--no-background stk--no-padding\"><div class=\"stk-block-content stk-inner-blocks stk-079e619-inner-blocks\">\n<div class=\"wp-block-stackable-image aligncenter stk-block-image has-text-align-left stk-block stk-bcd1559\" data-block-id=\"bcd1559\"><style>.stk-bcd1559 .stk-img-wrapper{width:40% !important;}<\/style><figure><span class=\"stk-img-wrapper stk-image--shape-stretch\"><img loading=\"lazy\" decoding=\"async\" class=\"stk-img wp-image-17362\" src=\"https:\/\/www.ull.es\/la-universidad\/wp-content\/uploads\/sites\/2\/2025\/01\/Mockup-web-honoris-causa-25.png\" width=\"581\" height=\"148\" srcset=\"https:\/\/www.ull.es\/la-universidad\/wp-content\/uploads\/sites\/2\/2025\/01\/Mockup-web-honoris-causa-25.png 581w, https:\/\/www.ull.es\/la-universidad\/wp-content\/uploads\/sites\/2\/2025\/01\/Mockup-web-honoris-causa-25-300x76.png 300w, https:\/\/www.ull.es\/la-universidad\/wp-content\/uploads\/sites\/2\/2025\/01\/Mockup-web-honoris-causa-25-375x96.png 375w\" sizes=\"auto, (max-width: 581px) 100vw, 581px\" \/><\/span><\/figure><\/div>\n<\/div><\/div><\/div>\n<\/div><\/div>\n<\/div><\/div><\/div>\n<\/div><\/div>\n\n\n\n<div class=\"wp-block-stackable-columns alignfull stk-block-columns stk-block stk-593da1e\" data-block-id=\"593da1e\"><div class=\"stk-row stk-inner-blocks stk-block-content stk-content-align stk-593da1e-column alignfull\">\n<div class=\"wp-block-stackable-column stk-block-column stk-column stk-block stk-614a277\" data-v=\"4\" data-block-id=\"614a277\"><div class=\"stk-column-wrapper stk-block-column__content stk-container stk-614a277-container stk--no-background stk--no-padding\"><div class=\"stk-block-content stk-inner-blocks stk-614a277-inner-blocks\">\n<div class=\"wp-block-stackable-columns alignwide stk-block-columns stk-block stk-2fea7a6\" data-block-id=\"2fea7a6\"><style>.stk-2fea7a6 {padding-right:5% !important;padding-left:5% !important;}.stk-2fea7a6-column{--stk-columns-spacing:12px !important;--stk-column-gap:50px !important;}<\/style><div class=\"stk-row stk-inner-blocks stk-block-content stk-content-align stk-2fea7a6-column alignwide\">\n<div class=\"wp-block-stackable-column stk-block-column stk-column stk-block stk-2f0dfa9\" data-v=\"4\" data-block-id=\"2f0dfa9\"><style>@media screen and (min-width: 768px){.stk-2f0dfa9 {flex:var(--stk-flex-grow, 1) 1 calc(60% - var(--stk-column-gap, 0px) * 1 \/ 2 ) !important;}}<\/style><div class=\"stk-column-wrapper stk-block-column__content stk-container stk-2f0dfa9-container stk--no-background stk--no-padding\"><div class=\"stk-block-content stk-inner-blocks stk-2f0dfa9-inner-blocks\">\n<div class=\"wp-block-stackable-text stk-block-text stk-block stk-6b2b578\" data-block-id=\"6b2b578\"><p class=\"stk-block-text__text\"><a href=\"https:\/\/www.ull.es\/la-universidad\/honoris-causa\/\" target=\"_blank\" rel=\"noreferrer noopener\" target=\"_blank\" rel=\"noopener\">Honoris Causa<\/a>&nbsp;\u00bb&nbsp;<a href=\"https:\/\/www.ull.es\/la-universidad\/honoris-causa\/nicholas-a-peppas\/\" target=\"_blank\" rel=\"noreferrer noopener\" target=\"_blank\" rel=\"noopener\">Nicholas A. Peppas<\/a>&nbsp;\u00bb&nbsp;Laudatio<\/p><\/div>\n\n\n\n<div class=\"wp-block-stackable-image stk-block-image has-text-align-left stk-block stk-bade6cd\" data-block-id=\"bade6cd\"><style>.stk-bade6cd .stk-img-wrapper{width:70% !important;}<\/style><figure><span class=\"stk-img-wrapper stk-image--shape-stretch\"><img loading=\"lazy\" decoding=\"async\" class=\"stk-img wp-image-17257\" src=\"https:\/\/www.ull.es\/la-universidad\/wp-content\/uploads\/sites\/2\/2025\/01\/Mockup-web-honoris-causa_Trayectoria.png\" width=\"692\" height=\"138\" srcset=\"https:\/\/www.ull.es\/la-universidad\/wp-content\/uploads\/sites\/2\/2025\/01\/Mockup-web-honoris-causa_Trayectoria.png 692w, https:\/\/www.ull.es\/la-universidad\/wp-content\/uploads\/sites\/2\/2025\/01\/Mockup-web-honoris-causa_Trayectoria-300x60.png 300w, https:\/\/www.ull.es\/la-universidad\/wp-content\/uploads\/sites\/2\/2025\/01\/Mockup-web-honoris-causa_Trayectoria-375x75.png 375w\" sizes=\"auto, (max-width: 692px) 100vw, 692px\" \/><\/span><\/figure><\/div>\n\n\n\n<div class=\"wp-block-stackable-text stk-block-text stk-block stk-8a32b18\" data-block-id=\"8a32b18\"><style>.stk-8a32b18 {margin-bottom:10px !important;}<\/style><p class=\"stk-block-text__text\">Este discurso no puede empezar de otra manera que, agradeciendo de manera sincera a nuestra querida instituci\u00f3n, la Universidad de La Laguna, por otorgar al Prof. Nicholas Peppas el Doctorado Honoris Causa. Este merecido reconocimiento fue aprobado por el Consejo de Gobierno y el Claustro Universitario de nuestra universidad, propuesto por el Departamento de Ingenier\u00eda Qu\u00edmica y Tecnolog\u00eda Farmac\u00e9utica y la Facultad de Farmacia de la Universidad de La Laguna, apoyado por la Escuela Superior de Ingenier\u00eda y Tecnolog\u00eda y la Facultad de Ciencias de nuestra universidad, y avalado por el Dpto. de Farmacia Gal\u00e9nica y Tecnolog\u00eda Alimentaria de la Universidad Complutense de Madrid (UCM), y el \u00e1rea de Farmacia y Tecnolog\u00eda Farmac\u00e9utica del Dpto. de Farmacolog\u00eda, Farmacia y Tecnolog\u00eda Farmac\u00e9utica de la Universidade de Santiago de Compostela (USC). Mi m\u00e1s sincero agradecimiento para todos ellos. Sin lugar a dudas, la incorporaci\u00f3n del Prof. Peppas a la Universidad de La Laguna contribuir\u00e1 a llevar la imagen de nuestra universidad por todo el mundo ya que es un magn\u00edfico embajador internacional de la ciencia.<\/p><\/div>\n\n\n\n<div class=\"wp-block-stackable-text stk-block-text stk-block stk-e85552f\" data-block-id=\"e85552f\"><style>.stk-e85552f {margin-bottom:10px !important;}<\/style><p class=\"stk-block-text__text\">Me siento muy honrado de ser el padrino del Prof. Peppas y de realizar el Laudatio para su investidura como Doctor Honoris Causa por nuestra instituci\u00f3n. Desde luego, hoy es un d\u00eda que recordar\u00e9 toda la vida, como profesor e investigador de la Universidad de La Laguna y, sobre todo a nivel personal como disc\u00edpulo suyo desde hace ya m\u00e1s de 15 a\u00f1os, tiempo en el cual no he dejado de recibir sus consejos, su colaboraci\u00f3n y su ayuda. Mi relaci\u00f3n con el Prof. Peppas comenz\u00f3 all\u00e1 por el a\u00f1o 2009, durante mi doctorado. Fui investigador visitante en el Departamento de Ingenier\u00eda Qu\u00edmica de la Universidad de Texas en Austin durante seis meses bajo su supervisi\u00f3n.<\/p><\/div>\n\n\n\n<div class=\"wp-block-stackable-text stk-block-text stk-block stk-1c7347c\" data-block-id=\"1c7347c\"><style>.stk-1c7347c {margin-bottom:10px !important;}<\/style><p class=\"stk-block-text__text\">Este periodo de mi doctorado marc\u00f3 un punto de inflexi\u00f3n en mi forma de pensar, trabajar y, en definitiva, de hacer ciencia. Por aquellos a\u00f1os estaba acostumbrado, como el resto de mis compa\u00f1eros, a seguir las directrices de mis directores de tesis \u201ca pies juntillas\u201d, sin ninguna posibilidad de proponer soluciones a los problemas que iban surgiendo en d\u00eda a d\u00eda y con ninguna independencia para decidir sobre el rumbo de mi investigaci\u00f3n. Sin embargo, el Prof. Peppas me inst\u00f3 a proponerle un nuevo proyecto de investigaci\u00f3n sobre el fascinante campo del reconocimiento molecular. Y no fue mal. Result\u00f3 en la publicaci\u00f3n de dos art\u00edculos, en la obtenci\u00f3n de una patente americana y en el establecimiento de una relaci\u00f3n cient\u00edfica que dura hasta el d\u00eda de hoy.<\/p><\/div>\n\n\n\n<div class=\"wp-block-stackable-text stk-block-text stk-block stk-4068788\" data-block-id=\"4068788\"><style>.stk-4068788 {margin-bottom:10px !important;}<\/style><p class=\"stk-block-text__text\">El Prof. Peppas es ingeniero qu\u00edmico por la Universidad Polit\u00e9cnica Nacional de Atenas (1971), y doctor en ciencias por el Instituto Tecnol\u00f3gico de Massachusetts (MIT) (1973), bajo la direcci\u00f3n del Prof. Edward Merril, donde tambi\u00e9n realiz\u00f3 su postdoctorado. Durante las \u00faltimas 4 d\u00e9cadas ha establecido los fundamentos y el dise\u00f1o racional de los sistemas biom\u00e9dicos y ha desarrollado modelos de difusi\u00f3n de f\u00e1rmacos y prote\u00ednas desde los sistemas de liberaci\u00f3n controlada y en tejidos biol\u00f3gicos. Sus inventos incluyen cart\u00edlago, cuerdas vocales, \u00f3rganos artificiales, biomateriales no trombog\u00e9nicos, y sistemas de administraci\u00f3n de insulina para la diabetes, calcitonina para la osteoporosis, o interfer\u00f3n-beta para la esclerosis m\u00faltiple, entre otros.<\/p><\/div>\n\n\n\n<div class=\"wp-block-stackable-text stk-block-text stk-block stk-971dbcd\" data-block-id=\"971dbcd\"><style>.stk-971dbcd {margin-bottom:10px !important;}<\/style><p class=\"stk-block-text__text\">El trabajo del Prof. Peppas, pionero en bionanomateriales, administraci\u00f3n y liberaci\u00f3n de f\u00e1rmacos, f\u00edsica de pol\u00edmeros y bionanotecnolog\u00eda, sigue un enfoque totalmente multidisciplinar, combinando la biolog\u00eda molecular y celular modernas con los principios de la ingenier\u00eda, para dise\u00f1ar la pr\u00f3xima generaci\u00f3n de los sistemas de liberaci\u00f3n de agentes terap\u00e9uticos en el tratamiento de enfermedades, as\u00ed como sistemas y dispositivos m\u00e9dicos fundamentales en el tratamiento de los pacientes, con un enfoque multinacional, diverso, inclusivo y convergente que es capaz de resolver los nuevos problemas m\u00e9dicos en muchos pa\u00edses del mundo. Sus contribuciones han resultado en m\u00e1s de veinte productos m\u00e9dicos y farmac\u00e9uticos con un mercado multibillonario. Se estima que 800 millones de pacientes se han beneficiado de los productos que han surgido de su investigaci\u00f3n b\u00e1sica y traslacional.<\/p><\/div>\n\n\n\n<div class=\"wp-block-stackable-text stk-block-text stk-block stk-b4a0390\" data-block-id=\"b4a0390\"><style>.stk-b4a0390 {margin-bottom:10px !important;}<\/style><p class=\"stk-block-text__text\">Prueba de todo ello, es su ingente producci\u00f3n cient\u00edfica, con m\u00e1s de 2000 art\u00edculos publicados, resultando en un \u00edndice h de 217 y obteniendo m\u00e1s de 226.000 citas, coautor o coeditor de 41 libros, titular de 55 patentes, conferenciante en congresos y conferencias por 34 pa\u00edses con m\u00e1s de 1600 ponencias, y galardonado con m\u00e1s de 200 premios internacionales, entre los que destacan the National Academy of Engineering Founders Award, the National Academy of Medicine Adam Yarmolinsky Medal, the Pharmaceutical Global Leader Award o the Biomaterials Global Impact Awards.<\/p><\/div>\n\n\n\n<div class=\"wp-block-stackable-text stk-block-text stk-block stk-0de3193\" data-block-id=\"0de3193\"><p class=\"stk-block-text__text\">Cabe destacar que es el \u00fanico investigador que ha recibido los premios m\u00e1s sobresalientes de la Academia de Medicina y de la Academia de Ingenier\u00eda de Estados Unidos, de las que ha sido elegido miembro, como tambi\u00e9n de la Academia Americana de Ciencias y Artes, la Academia de Inventores, las Academias de Ingenier\u00eda de China y Canad\u00e1, la Academia Nacional de Francia, la Real Academia Nacional de Farmacia de Espa\u00f1a, la Academia de Atenas, la Academia Nacional de Ingenier\u00eda de la India, la Academia de Ciencias y Tecnolog\u00eda de Corea, la Real Sociedad de Qu\u00edmica de Inglaterra, la Academia de Ciencias Mejicana y la Academia de Medicina, Ingenier\u00eda y Ciencias de Texas, entre otras.<\/p><\/div>\n\n\n\n<div class=\"wp-block-stackable-text stk-block-text stk-block stk-1ecf2b3\" data-block-id=\"1ecf2b3\"><style>.stk-1ecf2b3 {margin-bottom:10px !important;}<\/style><p class=\"stk-block-text__text\">La contribuci\u00f3n del Prof. Peppas a las \u00e1reas de los biomateriales y la nanomedicina ha tenido un car\u00e1cter fundamental, sentando, en la d\u00e9cada de 1970, las bases del dise\u00f1o racional de los sistemas de liberaci\u00f3n de f\u00e1rmacos para as\u00ed abandonar la formulaci\u00f3n puramente emp\u00edrica que se realizaba hasta la fecha. En este sentido, el Dr. Peppas fue el primero en establecer las teor\u00edas y ecuaciones que gobiernan la liberaci\u00f3n de f\u00e1rmacos, p\u00e9ptidos y prote\u00ednas desde sus formas de dosificaci\u00f3n, como, por ejemplo, la Ecuaci\u00f3n de Korsmeyer-Peppas que describe de manera sencilla la liberaci\u00f3n controlada de f\u00e1rmacos, o las teor\u00edas de Peppas-Reinhardt, Brannon-Peppas y Sahlin-Peppas, las cuales son el marco te\u00f3rico para el an\u00e1lisis del transporte de f\u00e1rmacos a trav\u00e9s de biomateriales polim\u00e9ricos reticulados, hidrogeles i\u00f3nicos y formas hinchables, respectivamente.<\/p><\/div>\n\n\n\n<div class=\"wp-block-stackable-text stk-block-text stk-block stk-d704236\" data-block-id=\"d704236\"><style>.stk-d704236 {margin-bottom:10px !important;}<\/style><p class=\"stk-block-text__text\">Su grupo ha sentado los fundamentos de los fen\u00f3menos de transporte y de flujo de numerosos problemas m\u00e9dicos. Adem\u00e1s, el Prof. Peppas ha destacado por su impacto traslacional y aplicado. Ya en los a\u00f1os 70, desarroll\u00f3 sistemas muco\/bio-adhesivos capaces de aumentar la biodisponibilidad de prote\u00ednas y p\u00e9ptidos en la sangre. Fue el primero en sintetizar hidrogeles basados en alcohol polivin\u00edlico, los cuales fueron utilizados con \u00e9xito para el reemplazo de cart\u00edlago articular y de cuerdas vocales. Fue pionero en el uso de hidrogeles para la administraci\u00f3n epid\u00e9rmica de f\u00e1rmacos, y desarroll\u00f3, junto con los profesores Conte y Colombo, la tecnolog\u00eda Geomatr\u00edx\u00ae para la liberaci\u00f3n a velocidad controlada de f\u00e1rmacos por la v\u00eda oral durante 24 horas. A finales de los 70 comenz\u00f3 a trabajar con lentes de contacto e intraoculares, siendo uno de los primeros en desarrollar lentes de contacto duras y permeables al ox\u00edgeno.<\/p><\/div>\n\n\n\n<div class=\"wp-block-stackable-text stk-block-text stk-block stk-327ab68\" data-block-id=\"327ab68\"><style>.stk-327ab68 {margin-bottom:10px !important;}<\/style><p class=\"stk-block-text__text\">A partir de los a\u00f1os 80 empez\u00f3 a trabajar con pol\u00edmeros inteligentes sensibles al pH o a la temperatura para la liberaci\u00f3n de f\u00e1rmacos, siendo uno de los primeros en utilizar estos sistemas para la liberaci\u00f3n controlada de enzimas. En las \u00faltimas d\u00e9cadas, desde los a\u00f1os 90, ha impulsado el desarrollo de sistemas sensibles a est\u00edmulos fisiol\u00f3gicos y patol\u00f3gicos, como, por ejemplo, plataformas sensibles a los niveles de glucosa en sangre, o sistemas sensibles a la temperatura que liberan antipir\u00e9ticos. Sus investigaciones sobre sistemas de administraci\u00f3n oral de p\u00e9ptidos, tales como la insulina y la calcitonina, o prote\u00ednas, como el interfer\u00f3n alfa y beta, han facilitado avances en el tratamiento de la diabetes, la osteoporosis, el c\u00e1ncer o la esclerosis m\u00faltiple, y han sido inspiradoras para figuras tan relevantes en nanomedicina y farmacia como la Prof. Mar\u00eda Jos\u00e9 Alonso, Catedr\u00e1tica de Farmacia y Tecnolog\u00eda Farmac\u00e9utica en la Universidad de Santiago de Compostela, y a la que quiero agradecer de coraz\u00f3n su presencia.<\/p><\/div>\n\n\n\n<div class=\"wp-block-stackable-text stk-block-text stk-block stk-a2cd050\" data-block-id=\"a2cd050\"><style>.stk-a2cd050 {margin-bottom:10px !important;}<\/style><p class=\"stk-block-text__text\">Aparte de su tremenda contribuci\u00f3n al avance de la ciencia, es necesario destacar aqu\u00ed su pasi\u00f3n por ayudar, formar y tutelar a j\u00f3venes investigadores a lo largo de su carrera. Entre su familia cient\u00edfica, que abarca a m\u00e1s de 1500 investigadores, y a cuyos miembros se les denomina cari\u00f1osamente \u201cpeppamers\u201d, se encuentran destacados l\u00edderes en el campo de la biomedicina que, sin duda, contribuir\u00e1n a mejorar la vida de muchas personas. Ha sido profesor de m\u00e1s de 5600 estudiantes, de los cuales 125 han realizado su tesis doctoral con \u00e9l, y es colaborador de m\u00e1s de 1000 cient\u00edficos por todo el mundo, situ\u00e1ndose las universidades europeas en una posici\u00f3n privilegiada en sus preferencias de colaboraci\u00f3n.<\/p><\/div>\n\n\n\n<div class=\"wp-block-stackable-text stk-block-text stk-block stk-bf17300\" data-block-id=\"bf17300\"><style>.stk-bf17300 {margin-bottom:10px !important;}<\/style><p class=\"stk-block-text__text\">Cabe destacar que ha sido profesor visitante en 14 universidades de 11 pa\u00edses, estando entre ellas la Universidad de Santiago de Compostela y la Complutense de Madrid, donde estuvo en 2001 con el Prof. Juan Jos\u00e9 Torrado, a quien agradezco su presencia aqu\u00ed. Su relaci\u00f3n con Espa\u00f1a ha sido muy especial, habiendo estado en nuestro pa\u00eds m\u00e1s de 20 veces, siendo la Universidad de La Laguna una de sus \u00faltimas visitas. Fue en mayo de 2019. Imparti\u00f3 cuatro conferencias en la Facultad de Farmacia dentro del simposio industrial \u201cAdvanced Systems for a Better Future\u201d. Visit\u00f3 las instalaciones del Servicio General de Apoyo a la Investigaci\u00f3n de la instituci\u00f3n y fue recibido por diferentes autoridades, como la Vicerrectora de Internalizaci\u00f3n, el Vicerrector de Investigaci\u00f3n, la decana de la Facultad de Farmacia y el director del SEGAI.<\/p><\/div>\n\n\n\n<div class=\"wp-block-stackable-text stk-block-text stk-block stk-19415cf\" data-block-id=\"19415cf\"><style>.stk-19415cf {margin-bottom:10px !important;}<\/style><p class=\"stk-block-text__text\">As\u00ed pues, considerados y expuestos todos estos hechos, dign\u00edsimas autoridades y claustrales, solicito con toda consideraci\u00f3n y encarecidamente ruego que se otorgue y confiera al Excelent\u00edsimo Profesor Doctor Nicholas A. Peppas el supremo grado de doctor honoris causa por la Facultad de Farmacia de la Universidad de La Laguna, el cual se a\u00f1adir\u00e1 a los 14 doctorados Honoris Causa que ya posee por todo el mundo en reconocimiento a una de las trayectorias m\u00e1s relevantes en ingenier\u00eda qu\u00edmica y biom\u00e9dica, farmacia y medicina de la historia. <\/p><\/div>\n\n\n\n<div class=\"wp-block-stackable-text stk-block-text stk-block stk-a396d85\" data-block-id=\"a396d85\"><p class=\"stk-block-text__text has-text-align-right\"><strong>Edgar P\u00e9rez Herrero<\/strong><\/p><\/div>\n<\/div><\/div><\/div>\n\n\n\n<div class=\"wp-block-stackable-column stk-block-column stk-column stk-block stk-25b306a\" data-v=\"4\" data-block-id=\"25b306a\"><style>@media screen and (min-width: 768px){.stk-25b306a {flex:var(--stk-flex-grow, 1) 1 calc(40% - var(--stk-column-gap, 0px) * 1 \/ 2 ) !important;}}<\/style><div class=\"stk-column-wrapper stk-block-column__content stk-container stk-25b306a-container stk--no-background stk--no-padding\"><div class=\"stk-block-content stk-inner-blocks stk-25b306a-inner-blocks\">\n<div class=\"wp-block-stackable-heading stk-block-heading stk-block-heading--v2 stk-block stk-85a5815 stk-block-background\" id=\"a-href-https-drive-google-com-file-d-1-fv-5-v-7-h-01-u-g-o-bo-u-pn-jdflofl-idi-ed-py-n-view-usp-sharing-span-style-color-ffffff-class-stk-highlight-version-leida-en-el-acto-span-a\" data-block-id=\"85a5815\"><style>.stk-85a5815 {background-color:#ffc100 !important;padding-top:5% !important;padding-bottom:2% !important;margin-bottom:50px !important;}.stk-85a5815:before{background-color:#ffc100 !important;}.stk-85a5815 .stk-block-heading__text{color:#ffffff !important;font-weight:700 !important;}<\/style><h2 class=\"stk-block-heading__text has-text-color has-text-align-center\"><a href=\"https:\/\/drive.google.com\/file\/d\/1Fv5v7H01u-gOBoUPnJdfloflIdiEdPyN\/view?usp=sharing\" target=\"_blank\" rel=\"noopener\"><span style=\"color: #ffffff;\" class=\"stk-highlight\">VERSI\u00d3N LE\u00cdDA EN EL ACTO<\/span><\/a><\/h2><\/div>\n\n\n\n<div class=\"wp-block-stackable-image stk-block-image stk-block stk-d1d7398\" data-block-id=\"d1d7398\"><style>.stk-d1d7398 .stk-img-wrapper{width:90% !important;}<\/style><figure><span class=\"stk-img-wrapper stk-image--shape-stretch\"><img loading=\"lazy\" decoding=\"async\" class=\"stk-img wp-image-17243\" src=\"https:\/\/www.ull.es\/la-universidad\/wp-content\/uploads\/sites\/2\/2025\/01\/Mockup-web-honoris-causa_Iconos.png\" width=\"276\" height=\"276\" srcset=\"https:\/\/www.ull.es\/la-universidad\/wp-content\/uploads\/sites\/2\/2025\/01\/Mockup-web-honoris-causa_Iconos.png 276w, https:\/\/www.ull.es\/la-universidad\/wp-content\/uploads\/sites\/2\/2025\/01\/Mockup-web-honoris-causa_Iconos-150x150.png 150w, https:\/\/www.ull.es\/la-universidad\/wp-content\/uploads\/sites\/2\/2025\/01\/Mockup-web-honoris-causa_Iconos-50x50.png 50w\" sizes=\"auto, (max-width: 276px) 100vw, 276px\" \/><\/span><\/figure><\/div>\n<\/div><\/div><\/div>\n<\/div><\/div>\n<\/div><\/div><\/div>\n<\/div><\/div>\n","protected":false},"excerpt":{"rendered":"<p>Honoris Causa&nbsp;\u00bb&nbsp;Nicholas A. Peppas&nbsp;\u00bb&nbsp;Laudatio Este discurso no puede empezar de otra manera que, agradeciendo de manera sincera a nuestra querida instituci\u00f3n, la Universidad de La Laguna, por otorgar al Prof. Nicholas Peppas el Doctorado Honoris Causa. Este merecido reconocimiento fue aprobado por el Consejo de Gobierno y el Claustro Universitario de nuestra universidad, propuesto por&#8230;<\/p>\n","protected":false},"author":67,"featured_media":0,"parent":17380,"menu_order":0,"comment_status":"closed","ping_status":"closed","template":"templates\/template-frontpage.php","meta":{"footnotes":""},"class_list":["post-17385","page","type-page","status-publish","hentry"],"_links":{"self":[{"href":"https:\/\/www.ull.es\/la-universidad\/wp-json\/wp\/v2\/pages\/17385","targetHints":{"allow":["GET"]}}],"collection":[{"href":"https:\/\/www.ull.es\/la-universidad\/wp-json\/wp\/v2\/pages"}],"about":[{"href":"https:\/\/www.ull.es\/la-universidad\/wp-json\/wp\/v2\/types\/page"}],"author":[{"embeddable":true,"href":"https:\/\/www.ull.es\/la-universidad\/wp-json\/wp\/v2\/users\/67"}],"replies":[{"embeddable":true,"href":"https:\/\/www.ull.es\/la-universidad\/wp-json\/wp\/v2\/comments?post=17385"}],"version-history":[{"count":8,"href":"https:\/\/www.ull.es\/la-universidad\/wp-json\/wp\/v2\/pages\/17385\/revisions"}],"predecessor-version":[{"id":17995,"href":"https:\/\/www.ull.es\/la-universidad\/wp-json\/wp\/v2\/pages\/17385\/revisions\/17995"}],"up":[{"embeddable":true,"href":"https:\/\/www.ull.es\/la-universidad\/wp-json\/wp\/v2\/pages\/17380"}],"wp:attachment":[{"href":"https:\/\/www.ull.es\/la-universidad\/wp-json\/wp\/v2\/media?parent=17385"}],"curies":[{"name":"wp","href":"https:\/\/api.w.org\/{rel}","templated":true}]}}