{"id":18285,"date":"2025-04-24T10:06:50","date_gmt":"2025-04-24T10:06:50","guid":{"rendered":"https:\/\/www.ull.es\/la-universidad\/?page_id=18285"},"modified":"2025-05-06T18:00:07","modified_gmt":"2025-05-06T18:00:07","slug":"ana-maria-crespo","status":"publish","type":"page","link":"https:\/\/www.ull.es\/la-universidad\/honoris-causa-2025\/ana-maria-crespo\/","title":{"rendered":"Ana Mar\u00eda Crespo"},"content":{"rendered":"\n<div class=\"wp-block-stackable-columns alignfull stk-block-columns stk-block stk-bf13746 stk-block-background stk--has-background-overlay\" data-block-id=\"bf13746\"><style>.stk-bf13746 .stk--block-align-bf13746{align-items:center !important;}.stk-bf13746 {background-image:url(https:\/\/www.ull.es\/la-universidad\/wp-content\/uploads\/sites\/2\/2025\/04\/Copia-de-ANA_CRESPO_06_ok-1.jpg) !important;background-position:center right !important;background-repeat:no-repeat !important;background-size:cover !important;padding-bottom:10% !important;margin-top:-2% !important;margin-bottom:0.25% !important;}<\/style><div class=\"stk-row stk-inner-blocks stk--block-align-bf13746 stk-block-content stk-content-align stk-bf13746-column alignfull\">\n<div class=\"wp-block-stackable-column stk-block-column stk-column stk-block stk-52369c8\" data-v=\"4\" data-block-id=\"52369c8\"><div class=\"stk-column-wrapper stk-block-column__content stk-container stk-52369c8-container stk--no-background stk--no-padding\"><div class=\"stk-block-content stk-inner-blocks stk-52369c8-inner-blocks\">\n<div class=\"wp-block-stackable-columns alignwide stk-block-columns stk-block stk-09efffd\" data-block-id=\"09efffd\"><div class=\"stk-row stk-inner-blocks has-text-align-left stk-block-content stk-content-align stk-09efffd-column alignwide\">\n<div class=\"wp-block-stackable-column stk-block-column stk-column stk-block stk-079e619\" data-v=\"4\" data-block-id=\"079e619\"><div class=\"stk-column-wrapper stk-block-column__content stk-container stk-079e619-container stk--no-background stk--no-padding\"><div class=\"stk-block-content stk-inner-blocks stk-079e619-inner-blocks\">\n<div class=\"wp-block-stackable-image aligncenter stk-block-image has-text-align-left stk-block stk-bcd1559\" data-block-id=\"bcd1559\"><style>.stk-bcd1559 {margin-left:-2% !important;}.stk-bcd1559 .stk-img-wrapper{width:35% !important;}<\/style><figure><span class=\"stk-img-wrapper stk-image--shape-stretch\"><img loading=\"lazy\" decoding=\"async\" class=\"stk-img wp-image-18344\" src=\"https:\/\/www.ull.es\/la-universidad\/wp-content\/uploads\/sites\/2\/2025\/04\/Acto_de_investidura_Honoris_MAYO_Titulo_Ana.png\" width=\"440\" height=\"402\" srcset=\"https:\/\/www.ull.es\/la-universidad\/wp-content\/uploads\/sites\/2\/2025\/04\/Acto_de_investidura_Honoris_MAYO_Titulo_Ana.png 440w, https:\/\/www.ull.es\/la-universidad\/wp-content\/uploads\/sites\/2\/2025\/04\/Acto_de_investidura_Honoris_MAYO_Titulo_Ana-300x274.png 300w, https:\/\/www.ull.es\/la-universidad\/wp-content\/uploads\/sites\/2\/2025\/04\/Acto_de_investidura_Honoris_MAYO_Titulo_Ana-13x12.png 13w, https:\/\/www.ull.es\/la-universidad\/wp-content\/uploads\/sites\/2\/2025\/04\/Acto_de_investidura_Honoris_MAYO_Titulo_Ana-375x343.png 375w\" sizes=\"auto, (max-width: 440px) 100vw, 440px\" \/><\/span><\/figure><\/div>\n<\/div><\/div><\/div>\n<\/div><\/div>\n<\/div><\/div><\/div>\n<\/div><\/div>\n\n\n\n<div class=\"wp-block-stackable-columns alignfull stk-block-columns stk-block stk-593da1e\" data-block-id=\"593da1e\"><style>.stk-593da1e {padding-top:0% !important;}<\/style><div class=\"stk-row stk-inner-blocks stk-block-content stk-content-align stk-593da1e-column alignfull\">\n<div class=\"wp-block-stackable-column stk-block-column stk-column stk-block stk-614a277\" data-v=\"4\" data-block-id=\"614a277\"><div class=\"stk-column-wrapper stk-block-column__content stk-container stk-614a277-container stk--no-background stk--no-padding\"><div class=\"stk-block-content stk-inner-blocks stk-614a277-inner-blocks\">\n<div class=\"wp-block-stackable-columns alignwide stk-block-columns stk-block stk-2fea7a6\" data-block-id=\"2fea7a6\"><style>.stk-2fea7a6 {padding-right:10% !important;padding-left:5% !important;}.stk-2fea7a6-column{--stk-columns-spacing:12px !important;--stk-column-gap:50px !important;}<\/style><div class=\"stk-row stk-inner-blocks stk-block-content stk-content-align stk-2fea7a6-column alignwide\">\n<div class=\"wp-block-stackable-column stk-block-column stk-column stk-block stk-2f0dfa9\" data-v=\"4\" data-block-id=\"2f0dfa9\"><style>@media screen and (min-width: 768px){.stk-2f0dfa9 {flex:var(--stk-flex-grow, 1) 1 calc(55% - var(--stk-column-gap, 0px) * 1 \/ 2 ) !important;}}<\/style><div class=\"stk-column-wrapper stk-block-column__content stk-container stk-2f0dfa9-container stk--no-background stk--no-padding\"><div class=\"stk-block-content stk-inner-blocks stk-2f0dfa9-inner-blocks\">\n<div class=\"wp-block-stackable-text stk-block-text stk-block stk-1102a30\" data-block-id=\"1102a30\"><style>.stk-1102a30 .stk-block-text__text{font-size:18px !important;}@media screen and (max-width: 1023px){.stk-1102a30 .stk-block-text__text{font-size:18px !important;}}<\/style><p class=\"stk-block-text__text\"><a href=\"https:\/\/www.ull.es\/la-universidad\/honoris-causa-2025\/\" target=\"_blank\" rel=\"noreferrer noopener\" target=\"_blank\" rel=\"noopener\">Honoris Causa<\/a>&nbsp;\u00bb&nbsp;Ana Mar\u00eda Crespo de las Casas<\/p><\/div>\n\n\n\n<div class=\"wp-block-stackable-image stk-block-image has-text-align-left stk-block stk-bade6cd\" data-block-id=\"bade6cd\"><style>.stk-bade6cd {margin-bottom:40px !important;}.stk-bade6cd .stk-img-wrapper{width:100% !important;}<\/style><figure><span class=\"stk-img-wrapper stk-image--shape-stretch\"><img loading=\"lazy\" decoding=\"async\" class=\"stk-img wp-image-17257\" src=\"https:\/\/www.ull.es\/la-universidad\/wp-content\/uploads\/sites\/2\/2025\/01\/Mockup-web-honoris-causa_Trayectoria.png\" width=\"692\" height=\"138\" srcset=\"https:\/\/www.ull.es\/la-universidad\/wp-content\/uploads\/sites\/2\/2025\/01\/Mockup-web-honoris-causa_Trayectoria.png 692w, https:\/\/www.ull.es\/la-universidad\/wp-content\/uploads\/sites\/2\/2025\/01\/Mockup-web-honoris-causa_Trayectoria-300x60.png 300w, https:\/\/www.ull.es\/la-universidad\/wp-content\/uploads\/sites\/2\/2025\/01\/Mockup-web-honoris-causa_Trayectoria-375x75.png 375w\" sizes=\"auto, (max-width: 692px) 100vw, 692px\" \/><\/span><\/figure><\/div>\n\n\n\n<div class=\"wp-block-stackable-text stk-block-text stk-block stk-8a32b18\" data-block-id=\"8a32b18\"><style>.stk-8a32b18 {margin-bottom:10px !important;}<\/style><p class=\"stk-block-text__text\"><a href=\"https:\/\/es.wikipedia.org\/wiki\/Ana_Mar%C3%ADa_Crespo_de_las_Casas\" data-type=\"link\" data-id=\"https:\/\/es.wikipedia.org\/wiki\/Ana_Mar%C3%ADa_Crespo_de_las_Casas\" target=\"_blank\" rel=\"noreferrer noopener\" target=\"_blank\" rel=\"noopener\">Ana Mar\u00eda Crespo de las Casas<\/a> (Santa Cruz de Tenerife, 30 de marzo de 1948) es una bi\u00f3loga espa\u00f1ola doctorada en Ciencias Biol\u00f3gicas por la Universidad Complutense de Madrid (UCM), instituci\u00f3n en la que fue catedr\u00e1tica en 1983 y em\u00e9rita desde 2018. Es actualmente la presidenta de la Real Academia de Ciencias Exactas, F\u00edsicas y Naturales de Espa\u00f1a, primera mujer en ocupar este cargo desde la fundaci\u00f3n de esa organizaci\u00f3n en 1847.<\/p><\/div>\n\n\n\n<p>Crespo ha trabajado sobre la relaci\u00f3n entre caracteres fenot\u00edpicos y gen\u00f3micos poniendo de manifiesto la alta homoplasia morfol\u00f3gica de los hongos y revelando la existencia habitual de gran cantidad de especies cr\u00edpticas en l\u00edquenes. Ha contribuido tambi\u00e9n a la configuraci\u00f3n de la actual sistem\u00e1tica evolutiva de los hongos, especialmente con su aportaci\u00f3n a la definici\u00f3n del moderno concepto de g\u00e9nero. Ha trabajado tambi\u00e9n en identificaci\u00f3n molecular de especies (animales, vegetales y hongos) y colabora en el dise\u00f1o del DNA-Barcoding.<\/p>\n\n\n\n<p>Fue presidenta de la Comisi\u00f3n Espa\u00f1ola del Programa Ant\u00e1rtico entre 1988 y 1994; directora general del gabinete del Secretario de Estado de Universidades e Investigaci\u00f3n entre 1987 y 1991; directora general de Universidades entre 1991 y 1993; coordinadora general de la Comisi\u00f3n Nacional Evaluadora de la Actividad Investigadora (CNEAI) entre 2005 y 2008. Entre otros honres y distinciones, es Premio Charter 100 (2024); medalla de la International Association for Lichenology (2012); Medalla de Honor individual de la Universidad Internacional Men\u00e9ndez y Pelayo (1993); y distinguida por sus colegas con la dedicatoria de siete especies, un subg\u00e9nero y de g\u00e9neros, la mayor\u00eda l\u00edquenes.<\/p>\n\n\n\n<p>Su madrina en la ceremonia ser\u00e1 la catedr\u00e1tica em\u00e9rita y ex rectora Marisa Tejedor Salguero.<\/p>\n<\/div><\/div><\/div>\n\n\n\n<div class=\"wp-block-stackable-column stk-block-column stk-column stk-block stk-25b306a\" data-v=\"4\" data-block-id=\"25b306a\"><style>@media screen and (min-width: 768px){.stk-25b306a {flex:var(--stk-flex-grow, 1) 1 calc(45% - var(--stk-column-gap, 0px) * 1 \/ 2 ) !important;}}<\/style><div class=\"stk-column-wrapper stk-block-column__content stk-container stk-25b306a-container stk--no-background stk--no-padding\"><div class=\"stk-block-content stk-inner-blocks stk-25b306a-inner-blocks\">\n<div class=\"wp-block-stackable-spacer stk-block-spacer stk--no-padding stk-block stk-27392cb\" data-block-id=\"27392cb\"><style>.stk-27392cb {height:180px !important;}<\/style><\/div>\n\n\n\n<div class=\"wp-block-stackable-heading stk-block-heading stk-block-heading--v2 stk-block stk-85a5815 stk-block-background\" id=\"a-href-https-www-ull-es-la-universidad-honoris-causa-2025-ana-maria-crespo-laudatio-ana-maria-crespo-span-style-color-ffffff-class-stk-highlight-laudatio-span-a\" data-block-id=\"85a5815\"><style>.stk-85a5815 {background-color:#ffc100 !important;padding-top:2% !important;padding-bottom:2% !important;margin-bottom:50px !important;}.stk-85a5815:before{background-color:#ffc100 !important;}.stk-85a5815 .stk-block-heading__text{color:#ffffff !important;font-weight:700 !important;}<\/style><h2 class=\"stk-block-heading__text has-text-color has-text-align-center\"><a href=\"https:\/\/www.ull.es\/la-universidad\/honoris-causa-2025\/ana-maria-crespo\/laudatio-ana-maria-crespo\/\" target=\"_blank\" rel=\"noopener\"><span style=\"color: #ffffff;\" class=\"stk-highlight\">LAUDATIO<\/span><\/a><\/h2><\/div>\n\n\n\n<div class=\"wp-block-stackable-heading stk-block-heading stk-block-heading--v2 stk-block stk-873311a stk-block-background\" id=\"span-style-color-ffffff-class-stk-highlight-a-href-https-drive-google-com-file-d-1-fgh-iswv-hk-jy-ci-dl-nkgw-tx-fg-b-nxt-ah-e-view-usp-sharing-data-type-link-data-id-https-drive-google-com-file-d-1-fgh-iswv-hk-jy-ci-dl-nkgw-tx-fg-b-nxt-ah-e-view-usp-sharing-target-blank-rel-noreferrer-noopener-discurso-de-ingreso-a-span\" data-block-id=\"873311a\"><style>.stk-873311a {background-color:#5c068c !important;padding-top:3% !important;padding-bottom:2% !important;margin-bottom:35px !important;}.stk-873311a:before{background-color:#5c068c !important;}.stk-873311a .stk-block-heading__text{font-weight:700 !important;}<\/style><h2 class=\"stk-block-heading__text has-text-align-center\"><span style=\"color: #ffffff;\" class=\"stk-highlight\"><a href=\"https:\/\/drive.google.com\/file\/d\/1FGH-iswvHK-jyCiDLNkgwTxFgBNxtAhE\/view?usp=sharing\" data-type=\"link\" data-id=\"https:\/\/drive.google.com\/file\/d\/1FGH-iswvHK-jyCiDLNkgwTxFgBNxtAhE\/view?usp=sharing\" target=\"_blank\" rel=\"noreferrer noopener\" target=\"_blank\" rel=\"noopener\">DISCURSO DE INGRESO<\/a><\/span><\/h2><\/div>\n\n\n\n<div class=\"wp-block-stackable-text stk-block-text stk-block stk-fa5ad2a\" data-block-id=\"fa5ad2a\"><style>.stk-fa5ad2a {margin-bottom:50px !important;}.stk-fa5ad2a .stk-block-text__text{font-size:20px !important;}@media screen and (max-width: 1023px){.stk-fa5ad2a .stk-block-text__text{font-size:20px !important;}}<\/style><p class=\"stk-block-text__text has-text-align-center\"><\/p><\/div>\n\n\n\n<div class=\"wp-block-stackable-image stk-block-image stk-block stk-d1d7398\" data-block-id=\"d1d7398\"><style>.stk-d1d7398 .stk-img-wrapper{width:80% !important;}<\/style><figure><span class=\"stk-img-wrapper stk-image--shape-stretch\"><img loading=\"lazy\" decoding=\"async\" class=\"stk-img wp-image-17243\" src=\"https:\/\/www.ull.es\/la-universidad\/wp-content\/uploads\/sites\/2\/2025\/01\/Mockup-web-honoris-causa_Iconos.png\" width=\"276\" height=\"276\" srcset=\"https:\/\/www.ull.es\/la-universidad\/wp-content\/uploads\/sites\/2\/2025\/01\/Mockup-web-honoris-causa_Iconos.png 276w, https:\/\/www.ull.es\/la-universidad\/wp-content\/uploads\/sites\/2\/2025\/01\/Mockup-web-honoris-causa_Iconos-150x150.png 150w, https:\/\/www.ull.es\/la-universidad\/wp-content\/uploads\/sites\/2\/2025\/01\/Mockup-web-honoris-causa_Iconos-50x50.png 50w\" sizes=\"auto, (max-width: 276px) 100vw, 276px\" \/><\/span><\/figure><\/div>\n<\/div><\/div><\/div>\n<\/div><\/div>\n<\/div><\/div><\/div>\n<\/div><\/div>\n","protected":false},"excerpt":{"rendered":"<p>Honoris Causa&nbsp;\u00bb&nbsp;Ana Mar\u00eda Crespo de las Casas Ana Mar\u00eda Crespo de las Casas (Santa Cruz de Tenerife, 30 de marzo de 1948) es una bi\u00f3loga espa\u00f1ola doctorada en Ciencias Biol\u00f3gicas por la Universidad Complutense de Madrid (UCM), instituci\u00f3n en la que fue catedr\u00e1tica en 1983 y em\u00e9rita desde 2018. Es actualmente la presidenta de la&#8230;<\/p>\n","protected":false},"author":67,"featured_media":0,"parent":18267,"menu_order":0,"comment_status":"closed","ping_status":"closed","template":"templates\/template-frontpage.php","meta":{"footnotes":""},"class_list":["post-18285","page","type-page","status-publish","hentry"],"_links":{"self":[{"href":"https:\/\/www.ull.es\/la-universidad\/wp-json\/wp\/v2\/pages\/18285","targetHints":{"allow":["GET"]}}],"collection":[{"href":"https:\/\/www.ull.es\/la-universidad\/wp-json\/wp\/v2\/pages"}],"about":[{"href":"https:\/\/www.ull.es\/la-universidad\/wp-json\/wp\/v2\/types\/page"}],"author":[{"embeddable":true,"href":"https:\/\/www.ull.es\/la-universidad\/wp-json\/wp\/v2\/users\/67"}],"replies":[{"embeddable":true,"href":"https:\/\/www.ull.es\/la-universidad\/wp-json\/wp\/v2\/comments?post=18285"}],"version-history":[{"count":22,"href":"https:\/\/www.ull.es\/la-universidad\/wp-json\/wp\/v2\/pages\/18285\/revisions"}],"predecessor-version":[{"id":18409,"href":"https:\/\/www.ull.es\/la-universidad\/wp-json\/wp\/v2\/pages\/18285\/revisions\/18409"}],"up":[{"embeddable":true,"href":"https:\/\/www.ull.es\/la-universidad\/wp-json\/wp\/v2\/pages\/18267"}],"wp:attachment":[{"href":"https:\/\/www.ull.es\/la-universidad\/wp-json\/wp\/v2\/media?parent=18285"}],"curies":[{"name":"wp","href":"https:\/\/api.w.org\/{rel}","templated":true}]}}