{"id":18293,"date":"2025-04-24T10:13:30","date_gmt":"2025-04-24T10:13:30","guid":{"rendered":"https:\/\/www.ull.es\/la-universidad\/?page_id=18293"},"modified":"2025-05-06T18:01:28","modified_gmt":"2025-05-06T18:01:28","slug":"laudatio-ana-maria-crespo","status":"publish","type":"page","link":"https:\/\/www.ull.es\/la-universidad\/honoris-causa-2025\/ana-maria-crespo\/laudatio-ana-maria-crespo\/","title":{"rendered":"Laudatio"},"content":{"rendered":"\n<div class=\"wp-block-stackable-columns alignfull stk-block-columns stk-block stk-bf13746 stk-block-background stk--has-background-overlay\" data-block-id=\"bf13746\"><style>.stk-bf13746 .stk--block-align-bf13746{align-items:center !important;}.stk-bf13746 {background-image:url(https:\/\/www.ull.es\/la-universidad\/wp-content\/uploads\/sites\/2\/2025\/04\/Copia-de-ANA_CRESPO_06_ok-1.jpg) !important;background-position:center center !important;background-repeat:no-repeat !important;background-size:cover !important;padding-bottom:20% !important;margin-top:-2% !important;}<\/style><div class=\"stk-row stk-inner-blocks stk--block-align-bf13746 stk-block-content stk-content-align stk-bf13746-column alignfull\">\n<div class=\"wp-block-stackable-column stk-block-column stk-column stk-block stk-52369c8\" data-v=\"4\" data-block-id=\"52369c8\"><div class=\"stk-column-wrapper stk-block-column__content stk-container stk-52369c8-container stk--no-background stk--no-padding\"><div class=\"stk-block-content stk-inner-blocks stk-52369c8-inner-blocks\">\n<div class=\"wp-block-stackable-columns alignfull stk-block-columns stk-block stk-09efffd\" data-block-id=\"09efffd\"><style>.stk-09efffd {padding-top:3% !important;padding-right:10% !important;}<\/style><div class=\"stk-row stk-inner-blocks stk-block-content stk-content-align stk-09efffd-column alignfull\">\n<div class=\"wp-block-stackable-column stk-block-column stk-column stk-block stk-079e619\" data-v=\"4\" data-block-id=\"079e619\"><div class=\"stk-column-wrapper stk-block-column__content stk-container stk-079e619-container stk--no-background stk--no-padding\"><div class=\"stk-block-content stk-inner-blocks stk-079e619-inner-blocks\">\n<div class=\"wp-block-stackable-image aligncenter stk-block-image has-text-align-left stk-block stk-bcd1559\" data-block-id=\"bcd1559\"><style>.stk-bcd1559 .stk-img-wrapper{width:40% !important;}<\/style><figure><span class=\"stk-img-wrapper stk-image--shape-stretch\"><img loading=\"lazy\" decoding=\"async\" class=\"stk-img wp-image-17362\" src=\"https:\/\/www.ull.es\/la-universidad\/wp-content\/uploads\/sites\/2\/2025\/01\/Mockup-web-honoris-causa-25.png\" width=\"581\" height=\"148\" srcset=\"https:\/\/www.ull.es\/la-universidad\/wp-content\/uploads\/sites\/2\/2025\/01\/Mockup-web-honoris-causa-25.png 581w, https:\/\/www.ull.es\/la-universidad\/wp-content\/uploads\/sites\/2\/2025\/01\/Mockup-web-honoris-causa-25-300x76.png 300w, https:\/\/www.ull.es\/la-universidad\/wp-content\/uploads\/sites\/2\/2025\/01\/Mockup-web-honoris-causa-25-375x96.png 375w\" sizes=\"auto, (max-width: 581px) 100vw, 581px\" \/><\/span><\/figure><\/div>\n<\/div><\/div><\/div>\n<\/div><\/div>\n<\/div><\/div><\/div>\n<\/div><\/div>\n\n\n\n<div class=\"wp-block-stackable-columns alignfull stk-block-columns stk-block stk-593da1e\" data-block-id=\"593da1e\"><div class=\"stk-row stk-inner-blocks stk-block-content stk-content-align stk-593da1e-column alignfull\">\n<div class=\"wp-block-stackable-column stk-block-column stk-column stk-block stk-614a277\" data-v=\"4\" data-block-id=\"614a277\"><div class=\"stk-column-wrapper stk-block-column__content stk-container stk-614a277-container stk--no-background stk--no-padding\"><div class=\"stk-block-content stk-inner-blocks stk-614a277-inner-blocks\">\n<div class=\"wp-block-stackable-columns alignwide stk-block-columns stk-block stk-2fea7a6\" data-block-id=\"2fea7a6\"><style>.stk-2fea7a6 {padding-right:5% !important;padding-left:5% !important;}.stk-2fea7a6-column{--stk-columns-spacing:12px !important;--stk-column-gap:50px !important;}<\/style><div class=\"stk-row stk-inner-blocks stk-block-content stk-content-align stk-2fea7a6-column alignwide\">\n<div class=\"wp-block-stackable-column stk-block-column stk-column stk-block stk-2f0dfa9\" data-v=\"4\" data-block-id=\"2f0dfa9\"><style>@media screen and (min-width: 768px){.stk-2f0dfa9 {flex:var(--stk-flex-grow, 1) 1 calc(62% - var(--stk-column-gap, 0px) * 1 \/ 2 ) !important;}}<\/style><div class=\"stk-column-wrapper stk-block-column__content stk-container stk-2f0dfa9-container stk--no-background stk--no-padding\"><div class=\"stk-block-content stk-inner-blocks stk-2f0dfa9-inner-blocks\">\n<div class=\"wp-block-stackable-text stk-block-text stk-block stk-1cc959a\" data-block-id=\"1cc959a\"><p class=\"stk-block-text__text\"><a href=\"https:\/\/www.ull.es\/la-universidad\/honoris-causa-2025\/\" target=\"_blank\" rel=\"noreferrer noopener\" target=\"_blank\" rel=\"noopener\">Honoris Causa<\/a>&nbsp;\u00bb&nbsp;<a href=\"https:\/\/www.ull.es\/la-universidad\/honoris-causa-2025\/ana-maria-crespo\/\" target=\"_blank\" rel=\"noreferrer noopener\" target=\"_blank\" rel=\"noopener\">Ana Mar\u00eda Crespo de las Casas<\/a>&nbsp;\u00bb&nbsp;Laudatio<\/p><\/div>\n\n\n\n<div class=\"wp-block-stackable-image stk-block-image has-text-align-left stk-block stk-bade6cd\" data-block-id=\"bade6cd\"><style>.stk-bade6cd .stk-img-wrapper{width:100% !important;}<\/style><figure><span class=\"stk-img-wrapper stk-image--shape-stretch\"><img loading=\"lazy\" decoding=\"async\" class=\"stk-img wp-image-17257\" src=\"https:\/\/www.ull.es\/la-universidad\/wp-content\/uploads\/sites\/2\/2025\/01\/Mockup-web-honoris-causa_Trayectoria.png\" width=\"692\" height=\"138\" srcset=\"https:\/\/www.ull.es\/la-universidad\/wp-content\/uploads\/sites\/2\/2025\/01\/Mockup-web-honoris-causa_Trayectoria.png 692w, https:\/\/www.ull.es\/la-universidad\/wp-content\/uploads\/sites\/2\/2025\/01\/Mockup-web-honoris-causa_Trayectoria-300x60.png 300w, https:\/\/www.ull.es\/la-universidad\/wp-content\/uploads\/sites\/2\/2025\/01\/Mockup-web-honoris-causa_Trayectoria-375x75.png 375w\" sizes=\"auto, (max-width: 692px) 100vw, 692px\" \/><\/span><\/figure><\/div>\n\n\n\n<div class=\"wp-block-stackable-text stk-block-text stk-block stk-963229e\" data-block-id=\"963229e\"><p class=\"stk-block-text__text\">Ana Mar\u00eda Crespo de las Casas, bi\u00f3loga tinerfe\u00f1a, es desde junio de 2024 presidenta de la Real Academia de Ciencias Exactas, F\u00edsicas y Naturales. Entr\u00f3 en la instituci\u00f3n en noviembre de 2012 como Acad\u00e9mica de N\u00famero y se hizo cargo de la presidencia de la Secci\u00f3n de Naturales desde 2014 hasta el 2020, a\u00f1o en que pas\u00f3 a ser Secretaria General.<\/p><\/div>\n\n\n\n<p>Es la tercera mujer en incorporarse a esta Real Academia, tras la bioqu\u00edmica Margarita Salas y la matem\u00e1tica Pilar Bayer; la primera mujer en ocupar la presidencia de esa insigne instituci\u00f3n desde su fundaci\u00f3n en 1847; y la segunda persona de Canarias, despu\u00e9s de Blas Cabrera Felipe.<\/p>\n\n\n\n<p>Nacida en Santa Cruz de Tenerife, se desplaz\u00f3 a Madrid en 1966 para estudiar Ciencias Biol\u00f3gicas en la Universidad Complutense, al no existir esas ense\u00f1anzas en aquel momento en la Universidad de La Laguna, y es en ella donde desarroll\u00f3 su actividad acad\u00e9mica, si bien nunca dej\u00f3 de estar en contacto con su tierra natal. Se inici\u00f3 en la bot\u00e1nica de la mano del Salvador Rivas Mart\u00ednez, alcanzando la catedra de Bot\u00e1nica en 1983, y en el 2018 pas\u00f3 a la situaci\u00f3n de catedr\u00e1tica em\u00e9rita.<\/p>\n\n\n\n<p>En el <strong>aspecto cient\u00edfico<\/strong>, se especializ\u00f3 en el estudio de los l\u00edquenes, grupo de organismos en que trabaj\u00f3 desde el principio y que nunca abandon\u00f3, en una primera etapa dentro de la liquenolog\u00eda tradicional para, posteriormente, incorporar m\u00e9todos moleculares de reconocimiento taxon\u00f3mico. Los datos bibliom\u00e9tricos la sit\u00faan como una de las cient\u00edficas m\u00e1s reconocidas en series nacionales e internacionales en su especialidad.<\/p>\n\n\n\n<p>Especialistas en sistem\u00e1tica y biodiversidad le han dedicado tres g\u00e9neros (<em>Cresponea<\/em>, <em>Cresporaphis<\/em> y <em>Crespoa<\/em>) y siete especies nuevas, nombres todos ya recogidos en la literatura internacional.<\/p>\n\n\n\n<p>Voy a se\u00f1alar solo tres de sus principales logros cient\u00edficos:<\/p>\n\n\n\n<ol class=\"wp-block-list\">\n<li>Liderar internacionalmente, entre los estudiosos de la diversidad de los recursos biol\u00f3gicos, la adopci\u00f3n de nuevos desarrollos tecnol\u00f3gicos (an\u00e1lisis molecular y bancos de datos gen\u00f3micos) que han conducido a una refundaci\u00f3n de la sistem\u00e1tica biol\u00f3gica sobre bases filogen\u00e9ticas (Taxonom\u00eda Integrativa).<\/li>\n\n\n\n<li>Contribuir decisivamente a revelar para la ciencia la alta frecuencia de linajes y especies cr\u00edpticas en muchos grupos de organismos lo que impacta fuertemente en la gesti\u00f3n de protecci\u00f3n de especies y recursos biol\u00f3gicos en general. Ha contribuido decisivamente a poner de manifiesto que los caracteres morfol\u00f3gicos de las especies no siempre reflejan la diversidad gen\u00e9tica real.<\/li>\n\n\n\n<li>Sus resultados en torno a la objetivaci\u00f3n y delimitaci\u00f3n del concepto de especie, han contribuido a fundamentar la necesidad de estudios y cat\u00e1logos de la biodiversidad a la luz del an\u00e1lisis de los caracteres moleculares y la filogenia moderna, buscando nuevas v\u00edas para la identificaci\u00f3n molecular de las especies.<\/li>\n<\/ol>\n\n\n\n<p>En su curr\u00edculo puede verse su amplia trayectoria, destacando entre otras muchas cosas, su capacidad de formaci\u00f3n impulsando un fuerte grupo de investigaci\u00f3n internacional dedicado a la sistem\u00e1tica molecular de hongos y plantas; dirigiendo a doctores y pre-doctorandos de muchas partes del mundo; participando y dirigiendo proyectos de investigaci\u00f3n financiados por instituciones p\u00fablicas espa\u00f1olas y extranjeras o privadas; participando y dirigiendo campa\u00f1as de prospecci\u00f3n en Espa\u00f1a y en muchos lugares del planeta (China, Sud\u00e1frica, Marruecos, Kenia, Per\u00fa, Jap\u00f3n, California, Australia).<\/p>\n\n\n\n<p>Adem\u00e1s del amplio n\u00famero de art\u00edculos y libros cient\u00edficos, ha desarrollado una notable labor de divulgaci\u00f3n con art\u00edculos de temas cient\u00edficos y universitarios. Presidenta de la Comisi\u00f3n Espa\u00f1ola del Programa Ant\u00e1rtico entre 1988 y 1994, y evaluadora de varias de las principales Agencias y Gobiernos de EE.UU., Francia, Austria, etc.<\/p>\n\n\n\n<p>Es, en definitiva, una investigadora de prestigio que se ha hecho merecedora de m\u00faltiples reconocimientos por su labor cient\u00edfica, destacamos la concesi\u00f3n de la Medalla Acharius en 2012, creada por la Real Academia Sueca de Ciencias y otorgada por la International Association for Lichenology, que supone el m\u00e1ximo reconocimiento internacional y nunca se hab\u00eda concedido a un investigador espa\u00f1ol.<\/p>\n\n\n\n<p>Su actividad de <strong>gesti\u00f3n<\/strong> se ha centrado en la pol\u00edtica cient\u00edfica y universitaria en el marco de la Secretar\u00eda de Estado de Universidades e Investigaci\u00f3n, en la \u00e9poca de Juan Manuel Rojo Alaminos, en diferentes cargos: asesora del Gabinete del Secretario de Estado (1985-1987), directora general del Gabinete (1987-1991), y directora general de Universidades (1991-1993).<\/p>\n\n\n\n<p>Durante este periodo desarroll\u00f3 una intensa actividad en la actualizaci\u00f3n del sistema de la Ciencia en nuestro pa\u00eds. Como hitos se\u00f1alables, destacamos la elaboraci\u00f3n tem\u00e1tica del Primer Plan Nacional de Investigaci\u00f3n; el dise\u00f1o e implementaci\u00f3n de la evaluaci\u00f3n de la actividad investigadora; y la creaci\u00f3n de la Comisi\u00f3n Nacional Evaluadora de la Actividad Investigadora (CNEAI), de la que ha sido coordinadora general. Durante su paso por la CNEAI contribuy\u00f3 a establecer nuevos criterios de evaluaci\u00f3n curricular para las Ciencias Ambientales y la Ingenier\u00eda, dividiendo esta \u00faltima en tres campos.<\/p>\n\n\n\n<p>Por los m\u00e9ritos de la Dra. Crespo, como les coment\u00e9 al principio, la Real Academia de Ciencias Exactas, F\u00edsicas y Naturales, la incorpor\u00f3 primero en la Instituci\u00f3n y en 2024 la nombr\u00f3 presidenta.<\/p>\n\n\n\n<p>Esta candidatura viene avalada por el Departamento. de Bot\u00e1nica, Ecolog\u00eda y Fisiolog\u00eda de nuestra universidad; en el \u00e1rea de Bot\u00e1nica, que ha sido el proponente, no s\u00f3lo avalan los actuales miembros sino tambi\u00e9n los catedr\u00e1ticos y titulares jubilados.<\/p>\n\n\n\n<p>Viene tambi\u00e9n avalada por la Facultad de Ciencias, por doctores Honoris Causa, y por los ex rectores de nuestra universidad, y ha sido aprobada por el Consejo de Gobierno en su \u00faltima sesi\u00f3n.<\/p>\n\n\n\n<p>Dado los m\u00e9ritos de la Dra. Crespo de las Casas en el campo de la investigaci\u00f3n cient\u00edfica, ense\u00f1anza, y el trabajo desarrollado en favor de la Universidad Espa\u00f1ola, se considera que es acreedora de la concesi\u00f3n del t\u00edtulo de Doctora Honoris Causa de la Universidad de La Laguna, y por ello solicito a este Claustro su aprobaci\u00f3n.<\/p>\n\n\n\n<p class=\"has-text-align-right\"><strong>Mar\u00eda Isabel Tejedor Salguero<\/strong><\/p>\n\n\n\n<p class=\"has-text-align-right\"><strong>Propuesta de candidatura presentada ante el Claustro <\/strong><br><strong>el 24 de febrero de 2025<\/strong><\/p>\n<\/div><\/div><\/div>\n\n\n\n<div class=\"wp-block-stackable-column stk-block-column stk-column stk-block stk-25b306a\" data-v=\"4\" data-block-id=\"25b306a\"><style>@media screen and (min-width: 768px){.stk-25b306a {flex:var(--stk-flex-grow, 1) 1 calc(38% - var(--stk-column-gap, 0px) * 1 \/ 2 ) !important;}}<\/style><div class=\"stk-column-wrapper stk-block-column__content stk-container stk-25b306a-container stk--no-background stk--no-padding\"><div class=\"stk-block-content stk-inner-blocks stk-25b306a-inner-blocks\">\n<div class=\"wp-block-stackable-heading stk-block-heading stk-block-heading--v2 stk-block stk-85a5815 stk-block-background\" id=\"span-style-color-ffffff-class-stk-highlight-a-href-https-drive-google-com-file-d-1-wd-ur-vayd-sxk-an-x-h-0-g-rm-eh-54-r-i-tpr-6-view-usp-sharing-data-type-link-data-id-https-drive-google-com-file-d-1-wd-ur-vayd-sxk-an-x-h-0-g-rm-eh-54-r-i-tpr-6-view-usp-sharing-target-blank-rel-noreferrer-noopener-version-leida-en-el-acto-a-span\" data-block-id=\"85a5815\"><style>.stk-85a5815 {background-color:#ffc100 !important;padding-top:5% !important;padding-bottom:2% !important;margin-bottom:30px !important;}.stk-85a5815:before{background-color:#ffc100 !important;}.stk-85a5815 .stk-block-heading__text{color:#ffffff !important;font-weight:700 !important;}<\/style><h2 class=\"stk-block-heading__text has-text-color has-text-align-center\"><span style=\"color: #ffffff;\" class=\"stk-highlight\"><a href=\"https:\/\/drive.google.com\/file\/d\/1Wd_UrVaydSxkAnX_h0gRmEH54R-iTPR6\/view?usp=sharing\" data-type=\"link\" data-id=\"https:\/\/drive.google.com\/file\/d\/1Wd_UrVaydSxkAnX_h0gRmEH54R-iTPR6\/view?usp=sharing\" target=\"_blank\" rel=\"noreferrer noopener\" target=\"_blank\" rel=\"noopener\">VERSI\u00d3N LE\u00cdDA EN EL ACTO<\/a><\/span><\/h2><\/div>\n\n\n\n<div class=\"wp-block-stackable-text stk-block-text stk-block stk-bde41bd\" data-block-id=\"bde41bd\"><style>.stk-bde41bd .stk-block-text__text{font-size:20px !important;}@media screen and (max-width: 1023px){.stk-bde41bd .stk-block-text__text{font-size:20px !important;}}<\/style><p class=\"stk-block-text__text has-text-align-center\"><\/p><\/div>\n\n\n\n<div class=\"wp-block-stackable-image stk-block-image stk-block stk-d1d7398\" data-block-id=\"d1d7398\"><style>.stk-d1d7398 .stk-img-wrapper{width:90% !important;}<\/style><figure><span class=\"stk-img-wrapper stk-image--shape-stretch\"><img loading=\"lazy\" decoding=\"async\" class=\"stk-img wp-image-17243\" src=\"https:\/\/www.ull.es\/la-universidad\/wp-content\/uploads\/sites\/2\/2025\/01\/Mockup-web-honoris-causa_Iconos.png\" width=\"276\" height=\"276\" srcset=\"https:\/\/www.ull.es\/la-universidad\/wp-content\/uploads\/sites\/2\/2025\/01\/Mockup-web-honoris-causa_Iconos.png 276w, https:\/\/www.ull.es\/la-universidad\/wp-content\/uploads\/sites\/2\/2025\/01\/Mockup-web-honoris-causa_Iconos-150x150.png 150w, https:\/\/www.ull.es\/la-universidad\/wp-content\/uploads\/sites\/2\/2025\/01\/Mockup-web-honoris-causa_Iconos-50x50.png 50w\" sizes=\"auto, (max-width: 276px) 100vw, 276px\" \/><\/span><\/figure><\/div>\n<\/div><\/div><\/div>\n<\/div><\/div>\n<\/div><\/div><\/div>\n<\/div><\/div>\n\n\n\n<p><\/p>\n","protected":false},"excerpt":{"rendered":"<p>Honoris Causa&nbsp;\u00bb&nbsp;Ana Mar\u00eda Crespo de las Casas&nbsp;\u00bb&nbsp;Laudatio Ana Mar\u00eda Crespo de las Casas, bi\u00f3loga tinerfe\u00f1a, es desde junio de 2024 presidenta de la Real Academia de Ciencias Exactas, F\u00edsicas y Naturales. Entr\u00f3 en la instituci\u00f3n en noviembre de 2012 como Acad\u00e9mica de N\u00famero y se hizo cargo de la presidencia de la Secci\u00f3n de Naturales&#8230;<\/p>\n","protected":false},"author":67,"featured_media":0,"parent":18285,"menu_order":0,"comment_status":"closed","ping_status":"closed","template":"templates\/template-frontpage.php","meta":{"footnotes":""},"class_list":["post-18293","page","type-page","status-publish","hentry"],"_links":{"self":[{"href":"https:\/\/www.ull.es\/la-universidad\/wp-json\/wp\/v2\/pages\/18293","targetHints":{"allow":["GET"]}}],"collection":[{"href":"https:\/\/www.ull.es\/la-universidad\/wp-json\/wp\/v2\/pages"}],"about":[{"href":"https:\/\/www.ull.es\/la-universidad\/wp-json\/wp\/v2\/types\/page"}],"author":[{"embeddable":true,"href":"https:\/\/www.ull.es\/la-universidad\/wp-json\/wp\/v2\/users\/67"}],"replies":[{"embeddable":true,"href":"https:\/\/www.ull.es\/la-universidad\/wp-json\/wp\/v2\/comments?post=18293"}],"version-history":[{"count":21,"href":"https:\/\/www.ull.es\/la-universidad\/wp-json\/wp\/v2\/pages\/18293\/revisions"}],"predecessor-version":[{"id":18411,"href":"https:\/\/www.ull.es\/la-universidad\/wp-json\/wp\/v2\/pages\/18293\/revisions\/18411"}],"up":[{"embeddable":true,"href":"https:\/\/www.ull.es\/la-universidad\/wp-json\/wp\/v2\/pages\/18285"}],"wp:attachment":[{"href":"https:\/\/www.ull.es\/la-universidad\/wp-json\/wp\/v2\/media?parent=18293"}],"curies":[{"name":"wp","href":"https:\/\/api.w.org\/{rel}","templated":true}]}}