{"id":18301,"date":"2025-04-24T10:22:38","date_gmt":"2025-04-24T10:22:38","guid":{"rendered":"https:\/\/www.ull.es\/la-universidad\/?page_id=18301"},"modified":"2025-05-06T18:04:52","modified_gmt":"2025-05-06T18:04:52","slug":"laudatio-john-c-mather","status":"publish","type":"page","link":"https:\/\/www.ull.es\/la-universidad\/honoris-causa-2025\/john-mather\/laudatio-john-c-mather\/","title":{"rendered":"Laudatio"},"content":{"rendered":"\n<div class=\"wp-block-stackable-columns alignfull stk-block-columns stk-block stk-bf13746 stk-block-background stk--has-background-overlay\" data-block-id=\"bf13746\"><style>.stk-bf13746 .stk--block-align-bf13746{align-items:center !important;}.stk-bf13746 {background-image:url(https:\/\/www.ull.es\/la-universidad\/wp-content\/uploads\/sites\/2\/2025\/04\/John_3.jpg) !important;background-position:top center !important;background-repeat:no-repeat !important;background-size:cover !important;padding-bottom:20% !important;margin-top:-2% !important;}<\/style><div class=\"stk-row stk-inner-blocks stk--block-align-bf13746 stk-block-content stk-content-align stk-bf13746-column alignfull\">\n<div class=\"wp-block-stackable-column stk-block-column stk-column stk-block stk-52369c8\" data-v=\"4\" data-block-id=\"52369c8\"><div class=\"stk-column-wrapper stk-block-column__content stk-container stk-52369c8-container stk--no-background stk--no-padding\"><div class=\"stk-block-content stk-inner-blocks stk-52369c8-inner-blocks\">\n<div class=\"wp-block-stackable-columns alignfull stk-block-columns stk-block stk-09efffd\" data-block-id=\"09efffd\"><style>.stk-09efffd {padding-top:3% !important;padding-right:10% !important;}<\/style><div class=\"stk-row stk-inner-blocks stk-block-content stk-content-align stk-09efffd-column alignfull\">\n<div class=\"wp-block-stackable-column stk-block-column stk-column stk-block stk-079e619\" data-v=\"4\" data-block-id=\"079e619\"><div class=\"stk-column-wrapper stk-block-column__content stk-container stk-079e619-container stk--no-background stk--no-padding\"><div class=\"stk-block-content stk-inner-blocks stk-079e619-inner-blocks\">\n<div class=\"wp-block-stackable-image aligncenter stk-block-image has-text-align-left stk-block stk-bcd1559\" data-block-id=\"bcd1559\"><style>.stk-bcd1559 .stk-img-wrapper{width:40% !important;}<\/style><figure><span class=\"stk-img-wrapper stk-image--shape-stretch\"><img loading=\"lazy\" decoding=\"async\" class=\"stk-img wp-image-17362\" src=\"https:\/\/www.ull.es\/la-universidad\/wp-content\/uploads\/sites\/2\/2025\/01\/Mockup-web-honoris-causa-25.png\" width=\"581\" height=\"148\" srcset=\"https:\/\/www.ull.es\/la-universidad\/wp-content\/uploads\/sites\/2\/2025\/01\/Mockup-web-honoris-causa-25.png 581w, https:\/\/www.ull.es\/la-universidad\/wp-content\/uploads\/sites\/2\/2025\/01\/Mockup-web-honoris-causa-25-300x76.png 300w, https:\/\/www.ull.es\/la-universidad\/wp-content\/uploads\/sites\/2\/2025\/01\/Mockup-web-honoris-causa-25-375x96.png 375w\" sizes=\"auto, (max-width: 581px) 100vw, 581px\" \/><\/span><\/figure><\/div>\n<\/div><\/div><\/div>\n<\/div><\/div>\n<\/div><\/div><\/div>\n<\/div><\/div>\n\n\n\n<div class=\"wp-block-stackable-columns alignfull stk-block-columns stk-block stk-593da1e\" data-block-id=\"593da1e\"><div class=\"stk-row stk-inner-blocks stk-block-content stk-content-align stk-593da1e-column alignfull\">\n<div class=\"wp-block-stackable-column stk-block-column stk-column stk-block stk-614a277\" data-v=\"4\" data-block-id=\"614a277\"><div class=\"stk-column-wrapper stk-block-column__content stk-container stk-614a277-container stk--no-background stk--no-padding\"><div class=\"stk-block-content stk-inner-blocks stk-614a277-inner-blocks\">\n<div class=\"wp-block-stackable-columns alignwide stk-block-columns stk-block stk-2fea7a6\" data-block-id=\"2fea7a6\"><style>.stk-2fea7a6 {padding-right:5% !important;padding-left:5% !important;}.stk-2fea7a6-column{--stk-columns-spacing:12px !important;--stk-column-gap:50px !important;}<\/style><div class=\"stk-row stk-inner-blocks stk-block-content stk-content-align stk-2fea7a6-column alignwide\">\n<div class=\"wp-block-stackable-column stk-block-column stk-column stk-block stk-2f0dfa9\" data-v=\"4\" data-block-id=\"2f0dfa9\"><style>@media screen and (min-width: 768px){.stk-2f0dfa9 {flex:var(--stk-flex-grow, 1) 1 calc(62% - var(--stk-column-gap, 0px) * 1 \/ 2 ) !important;}}<\/style><div class=\"stk-column-wrapper stk-block-column__content stk-container stk-2f0dfa9-container stk--no-background stk--no-padding\"><div class=\"stk-block-content stk-inner-blocks stk-2f0dfa9-inner-blocks\">\n<div class=\"wp-block-stackable-text stk-block-text stk-block stk-1cc959a\" data-block-id=\"1cc959a\"><p class=\"stk-block-text__text\"><a href=\"https:\/\/www.ull.es\/la-universidad\/honoris-causa-2025\/\" target=\"_blank\" rel=\"noreferrer noopener\" target=\"_blank\" rel=\"noopener\">Honoris Causa<\/a>&nbsp;\u00bb&nbsp;<a href=\"https:\/\/www.ull.es\/la-universidad\/honoris-causa-2025\/john-mather\/\" target=\"_blank\" rel=\"noreferrer noopener\" target=\"_blank\" rel=\"noopener\">John C. Mather<\/a>&nbsp;\u00bb&nbsp;Laudatio<\/p><\/div>\n\n\n\n<div class=\"wp-block-stackable-image stk-block-image has-text-align-left stk-block stk-bade6cd\" data-block-id=\"bade6cd\"><style>.stk-bade6cd .stk-img-wrapper{width:100% !important;}<\/style><figure><span class=\"stk-img-wrapper stk-image--shape-stretch\"><img loading=\"lazy\" decoding=\"async\" class=\"stk-img wp-image-17257\" src=\"https:\/\/www.ull.es\/la-universidad\/wp-content\/uploads\/sites\/2\/2025\/01\/Mockup-web-honoris-causa_Trayectoria.png\" width=\"692\" height=\"138\" srcset=\"https:\/\/www.ull.es\/la-universidad\/wp-content\/uploads\/sites\/2\/2025\/01\/Mockup-web-honoris-causa_Trayectoria.png 692w, https:\/\/www.ull.es\/la-universidad\/wp-content\/uploads\/sites\/2\/2025\/01\/Mockup-web-honoris-causa_Trayectoria-300x60.png 300w, https:\/\/www.ull.es\/la-universidad\/wp-content\/uploads\/sites\/2\/2025\/01\/Mockup-web-honoris-causa_Trayectoria-375x75.png 375w\" sizes=\"auto, (max-width: 692px) 100vw, 692px\" \/><\/span><\/figure><\/div>\n\n\n\n<div class=\"wp-block-stackable-text stk-block-text stk-block stk-963229e\" data-block-id=\"963229e\"><p class=\"stk-block-text__text\">Nacido Roanoake, Viriginia, 1946, y se gradu\u00f3 en F\u00edsica por el Colegio Swarthmore (1968). Doctorado en F\u00edsica por la Universidad de California, Berkeley (1974).<\/p><\/div>\n\n\n\n<p>En el trabajo de su tesis dise\u00f1\u00f3 un instrumento para observar el fondo c\u00f3smico de radiaci\u00f3n de microondas desde un globo estratosf\u00e9rico. Los resultados le convencieron de la necesidad de hacer las observaciones desde el espacio.<\/p>\n\n\n\n<p>Tras su contrato postdoctoral en el Consejo Nacional de Investigaci\u00f3n (NRC), en el Instituto Goddard de Estudios Espaciales (1974-1976), organiz\u00f3 y dirigi\u00f3 la propuesta que dio lugar al sat\u00e9lite COBE (<em>Cosmic Background Explorer<\/em>) y trabaj\u00f3 como \u201cStudy Scientist\u201d (1976-1988) y \u201cProject Scientist\u201d (1988-1998).<\/p>\n\n\n\n<p>Fue el investigador principal del instrumento FIRAS (<em>Far Infrared Absolute Spectrophotometer<\/em>), que midi\u00f3 el espectro del fondo c\u00f3smico de microondas.<\/p>\n\n\n\n<p>En 1995 la NASA lo eligi\u00f3 como Cient\u00edfico del Estudio del proyecto del \u201cTelescopio Espacial de la Pr\u00f3xima Generaci\u00f3n\u201d. Al aprobar el proyecto, renombraron el proyecto como el \u201cJames Webb Space Telescope\u201d (JWST por las siglas en ingl\u00e9s), con Muther como Project Scientist. \u00c9l guiaba todas las fases de la construcci\u00f3n y puesta a punto, hasta su lanzamiento en 2021 y m\u00e1s all\u00e1, hasta 2023).<\/p>\n\n\n\n<p>Gracias al FIRAS pudo ser observado el espectro del fondo c\u00f3smico de microondas (CMB), gracias a lo cual se estableci\u00f3 el modelo evolutivo del universo (\u201cBig Bang\u201d), un resultado gracias al cual John Mather obtuvo el Premio Nobel de F\u00edsica en 2006.<\/p>\n\n\n\n<p>El JWST es un telescopio infrarrojo con instrumentos fotom\u00e9tricos y espectrosc\u00f3picos, que funciona desde el punto Lagrangiano L2 en la \u00f3rbita de la Tierra alrededor del Sol, a una distancia de 1,5 millones de kil\u00f3metros de la propia Tierra. Es, con creces, el telescopio m\u00e1s grande que se ha puesto en \u00f3rbita. El proyecto es un esfuerzo combinado de las tres agencias espaciales: NASA, ESA y la CSA (agencia espacial canadiense).<\/p>\n\n\n\n<p>T\u00e9cnicamente, su construcci\u00f3n y lanzamiento ten\u00edan grandes complejidades, que necesitaron 14 a\u00f1os m\u00e1s tiempo que el previsto por NASA. Solo el temple de alguien como Mather pod\u00eda haber llevado a cabo el proyecto con tanto \u00e9xito.<\/p>\n\n\n\n<p>Sus ventajas son:<\/p>\n\n\n\n<ol class=\"wp-block-list\">\n<li>Una resoluci\u00f3n angular destacada, (&lt; 0.1 segundos de arco en todas sus bandas).<\/li>\n<\/ol>\n\n\n\n<ul class=\"wp-block-list\">\n<li>Una penetraci\u00f3n por el polvo interestelar para observar muchos procesos directamente.<\/li>\n<\/ul>\n\n\n\n<ul class=\"wp-block-list\">\n<li>Un alcance muy profundo en el universo, alcanzando objetos con \u201c<em>redshift<\/em>\u201d mayor de 10, hasta \u00e9pocas cuando el universo ten\u00eda una edad menor que 500 millones de a\u00f1os (su edad actual es de 13,7 mil millones de a\u00f1os).<\/li>\n<\/ul>\n\n\n\n<p>Cabe destacar que astrof\u00edsicos de la Universidad de La Laguna y al Instituto Astrof\u00edsica de Canarias est\u00e1n utilizando el JWST para observar en una variedad de campos que incluyen: la f\u00edsica de los asteroides y de los cuerpos menores del sistema solar; las propiedades de las nebulosas planetarias; las estructuras de las galaxias en el universo temprano; fundamentos de la cosmolog\u00eda; los agujeros negros supermasivos en los n\u00facleos de las galaxias; las abundancias de los elementos qu\u00edmicos en la V\u00eda L\u00e1ctea y Andr\u00f3meda; las estrellas calientes en las Nubes de Magallanes; y la formaci\u00f3n estelar alrededor de los n\u00facleos gal\u00e1cticos.<\/p>\n\n\n\n<p>Mather sigue trabajando en la NASA (en el centro Goddard), entidad que ha aceptado en la fase de estudios un proyecto suyo para un \u201csat\u00e9lite parasol\u201d para la ocultaci\u00f3n de estrellas individuales y as\u00ed facilitar de forma impresionante, el estudio de sus (exo)planetas. Estar\u00eda disponible en \u00f3rbita para su combinaci\u00f3n con varios otros sat\u00e9lites con diferentes tipos de instrumentaci\u00f3n.<\/p>\n\n\n\n<p>John Mather estar\u00e1 a finales de abril en La Palma para acudir al festival Starmus 7, lo cual supone una buena oportunidad para ofrecerle el doctorado Honoris Causa de la Universidad de La Laguna. En ruta a esa reuni\u00f3n Mather ofrecer\u00e1 una conferencia en el congreso XVII Congreso de Estudiantes de F\u00edsica, y el 9 de mayo dictar\u00e1 otra en el Museo de Ciencia y del Cosmos.<\/p>\n\n\n\n<p class=\"has-text-align-right\"><strong>John Beckam<\/strong><\/p>\n\n\n\n<p class=\"has-text-align-right\"><strong>Propuesta de candidatura presentada ante <\/strong><br><strong>el Claustro el 24 de febrero de 2025<\/strong><\/p>\n<\/div><\/div><\/div>\n\n\n\n<div class=\"wp-block-stackable-column stk-block-column stk-column stk-block stk-25b306a\" data-v=\"4\" data-block-id=\"25b306a\"><style>@media screen and (min-width: 768px){.stk-25b306a {flex:var(--stk-flex-grow, 1) 1 calc(38% - var(--stk-column-gap, 0px) * 1 \/ 2 ) !important;}}<\/style><div class=\"stk-column-wrapper stk-block-column__content stk-container stk-25b306a-container stk--no-background stk--no-padding\"><div class=\"stk-block-content stk-inner-blocks stk-25b306a-inner-blocks\">\n<div class=\"wp-block-stackable-heading stk-block-heading stk-block-heading--v2 stk-block stk-85a5815 stk-block-background\" id=\"span-style-color-ffffff-class-stk-highlight-a-href-https-drive-google-com-file-d-1-b-shdmi-k-zkq-bfd-j-fd-0-q-kivch-eb-xp-dc-de-view-usp-sharing-data-type-link-data-id-https-drive-google-com-file-d-1-b-shdmi-k-zkq-bfd-j-fd-0-q-kivch-eb-xp-dc-de-view-usp-sharing-target-blank-rel-noreferrer-noopener-version-leida-en-el-acto-a-span\" data-block-id=\"85a5815\"><style>.stk-85a5815 {background-color:#ffc100 !important;padding-top:5% !important;padding-bottom:2% !important;margin-bottom:31px !important;}.stk-85a5815:before{background-color:#ffc100 !important;}.stk-85a5815 .stk-block-heading__text{color:#ffffff !important;font-weight:700 !important;}<\/style><h2 class=\"stk-block-heading__text has-text-color has-text-align-center\"><span style=\"color: #ffffff;\" class=\"stk-highlight\"><a href=\"https:\/\/drive.google.com\/file\/d\/1bShdmiKZkqBfdJ_Fd0qKIVCHEbXPDcDe\/view?usp=sharing\" data-type=\"link\" data-id=\"https:\/\/drive.google.com\/file\/d\/1bShdmiKZkqBfdJ_Fd0qKIVCHEbXPDcDe\/view?usp=sharing\" target=\"_blank\" rel=\"noreferrer noopener\" target=\"_blank\" rel=\"noopener\">VERSI\u00d3N LE\u00cdDA EN EL ACTO<\/a><\/span><\/h2><\/div>\n\n\n\n<div class=\"wp-block-stackable-text stk-block-text stk-block stk-99ec929\" data-block-id=\"99ec929\"><style>.stk-99ec929 .stk-block-text__text{font-size:20px !important;}@media screen and (max-width: 1023px){.stk-99ec929 .stk-block-text__text{font-size:20px !important;}}<\/style><p class=\"stk-block-text__text has-text-align-center\"><\/p><\/div>\n\n\n\n<div class=\"wp-block-stackable-image stk-block-image stk-block stk-d1d7398\" data-block-id=\"d1d7398\"><style>.stk-d1d7398 .stk-img-wrapper{width:90% !important;}<\/style><figure><span class=\"stk-img-wrapper stk-image--shape-stretch\"><img loading=\"lazy\" decoding=\"async\" class=\"stk-img wp-image-17243\" src=\"https:\/\/www.ull.es\/la-universidad\/wp-content\/uploads\/sites\/2\/2025\/01\/Mockup-web-honoris-causa_Iconos.png\" width=\"276\" height=\"276\" srcset=\"https:\/\/www.ull.es\/la-universidad\/wp-content\/uploads\/sites\/2\/2025\/01\/Mockup-web-honoris-causa_Iconos.png 276w, https:\/\/www.ull.es\/la-universidad\/wp-content\/uploads\/sites\/2\/2025\/01\/Mockup-web-honoris-causa_Iconos-150x150.png 150w, https:\/\/www.ull.es\/la-universidad\/wp-content\/uploads\/sites\/2\/2025\/01\/Mockup-web-honoris-causa_Iconos-50x50.png 50w\" sizes=\"auto, (max-width: 276px) 100vw, 276px\" \/><\/span><\/figure><\/div>\n<\/div><\/div><\/div>\n<\/div><\/div>\n<\/div><\/div><\/div>\n<\/div><\/div>\n","protected":false},"excerpt":{"rendered":"<p>Honoris Causa&nbsp;\u00bb&nbsp;John C. Mather&nbsp;\u00bb&nbsp;Laudatio Nacido Roanoake, Viriginia, 1946, y se gradu\u00f3 en F\u00edsica por el Colegio Swarthmore (1968). Doctorado en F\u00edsica por la Universidad de California, Berkeley (1974). En el trabajo de su tesis dise\u00f1\u00f3 un instrumento para observar el fondo c\u00f3smico de radiaci\u00f3n de microondas desde un globo estratosf\u00e9rico. Los resultados le convencieron de&#8230;<\/p>\n","protected":false},"author":67,"featured_media":0,"parent":18298,"menu_order":0,"comment_status":"closed","ping_status":"closed","template":"templates\/template-frontpage.php","meta":{"footnotes":""},"class_list":["post-18301","page","type-page","status-publish","hentry"],"_links":{"self":[{"href":"https:\/\/www.ull.es\/la-universidad\/wp-json\/wp\/v2\/pages\/18301","targetHints":{"allow":["GET"]}}],"collection":[{"href":"https:\/\/www.ull.es\/la-universidad\/wp-json\/wp\/v2\/pages"}],"about":[{"href":"https:\/\/www.ull.es\/la-universidad\/wp-json\/wp\/v2\/types\/page"}],"author":[{"embeddable":true,"href":"https:\/\/www.ull.es\/la-universidad\/wp-json\/wp\/v2\/users\/67"}],"replies":[{"embeddable":true,"href":"https:\/\/www.ull.es\/la-universidad\/wp-json\/wp\/v2\/comments?post=18301"}],"version-history":[{"count":13,"href":"https:\/\/www.ull.es\/la-universidad\/wp-json\/wp\/v2\/pages\/18301\/revisions"}],"predecessor-version":[{"id":18434,"href":"https:\/\/www.ull.es\/la-universidad\/wp-json\/wp\/v2\/pages\/18301\/revisions\/18434"}],"up":[{"embeddable":true,"href":"https:\/\/www.ull.es\/la-universidad\/wp-json\/wp\/v2\/pages\/18298"}],"wp:attachment":[{"href":"https:\/\/www.ull.es\/la-universidad\/wp-json\/wp\/v2\/media?parent=18301"}],"curies":[{"name":"wp","href":"https:\/\/api.w.org\/{rel}","templated":true}]}}