{"id":36,"date":"2016-09-01T09:36:35","date_gmt":"2016-09-01T09:36:35","guid":{"rendered":"http:\/\/www.ull.es\/conoce-la-ull\/?page_id=36"},"modified":"2025-10-14T15:20:25","modified_gmt":"2025-10-14T15:20:25","slug":"presentacion-del-rector","status":"publish","type":"page","link":"https:\/\/www.ull.es\/la-universidad\/presentacion-del-rector\/","title":{"rendered":"Presentaci\u00f3n del Rector"},"content":{"rendered":"\n<div class=\"wp-block-stackable-columns stk-block-columns stk-block stk-5f78e59\" data-block-id=\"5f78e59\"><div class=\"stk-row stk-inner-blocks stk-block-content stk-content-align stk-5f78e59-column\">\n<div class=\"wp-block-stackable-column stk-block-column stk-column stk-block stk-d5a3d3e\" data-v=\"4\" data-block-id=\"d5a3d3e\"><style>@media screen and (min-width: 768px){.stk-d5a3d3e {flex:var(--stk-flex-grow, 1) 1 66.7% !important;}}<\/style><div class=\"stk-column-wrapper stk-block-column__content stk-container stk-d5a3d3e-container stk--no-background stk--no-padding\"><div class=\"stk-block-content stk-inner-blocks stk-d5a3d3e-inner-blocks\">\n<h1 class=\"wp-block-heading\">Presentaci\u00f3n del Rector<\/h1>\n\n\n\n<p><span style=\"font-weight: 400;\">Bienvenidos y bienvenidas a la Universidad de La Laguna, cuya sede principal est\u00e1 en la hist\u00f3rica ciudad de San Crist\u00f3bal de La Laguna, Patrimonio de la Humanidad. Tambi\u00e9n cuenta con centros en Santa Cruz de Tenerife y Adeje, en la isla de Tenerife, varios centros adscritos y una delegaci\u00f3n en la isla de La Palma.&nbsp;<\/span><\/p>\n\n\n\n<p><span style=\"font-weight: 400;\">Universidad atl\u00e1ntica y europe\u00edsta, pero tambi\u00e9n muy cercana a su realidad territorial. Fue creada en 1792 y tras sucesivos momentos de aperturas y cierres, fruto de los convulsos momentos de su \u00e9poca, se ha consolidado como tal en el siglo XX. La excelencia en la ense\u00f1anza y la investigaci\u00f3n, con clara vocaci\u00f3n de servicio p\u00fablico y de transferencia de conocimiento, constituyen el eje central de este centro acad\u00e9mico.<\/span><\/p>\n\n\n\n<p><span style=\"font-weight: 400;\">La Universidad de La Laguna ofrece un amplio conjunto de titulaciones oficiales de grado y posgrado que, junto con su variada oferta de programas de doctorado, abarca todas las ramas de conocimiento. A ello se debe a\u00f1adir un extenso cat\u00e1logo de t\u00edtulos propios y cursos de extensi\u00f3n universitaria, as\u00ed como una variada oferta cultural complementaria. A\u00f1o a a\u00f1o, se a\u00f1aden nuevas titulaciones y se modifican otras, con la idea de mantener el cat\u00e1logo de t\u00edtulos lo m\u00e1s actualizado posible, de forma que siempre resulte \u00fatil y atractivo a nuestros estudiantes.&nbsp;<\/span><\/p>\n\n\n\n<p><span style=\"font-weight: 400;\">Tenemos muy claro nuestro prop\u00f3sito internacional: somos una universidad global ubicada en un entorno estrat\u00e9gico \u00fanico, lo que nos hace estar plenamente conectados con las instituciones europeas, pero tambi\u00e9n americanas y africanas, con quienes compartimos estrechos lazos culturales y de colaboraci\u00f3n acad\u00e9mica y cient\u00edfica.<\/span><\/p>\n\n\n\n<p><span style=\"font-weight: 400;\">Formamos estudiantes para el mundo, en un entorno cambiante con constantes retos y desaf\u00edos. Nuevos liderazgos y nuevas capacidades est\u00e1n en alza, para los cuales hace falta una formaci\u00f3n comprometida, con valores, como la que ofrece esta instituci\u00f3n.<\/span><\/p>\n\n\n\n<p>Francisco Javier Garc\u00eda Rodr\u00edguez<br>Rector<\/p>\n<\/div><\/div><\/div>\n\n\n\n<div class=\"wp-block-stackable-column stk-block-column stk-column stk-block stk-22b93a6\" data-v=\"4\" data-block-id=\"22b93a6\"><style>@media screen and (min-width: 768px){.stk-22b93a6 {flex:var(--stk-flex-grow, 1) 1 33.3% !important;}}<\/style><div class=\"stk-column-wrapper stk-block-column__content stk-container stk-22b93a6-container stk--no-background stk--no-padding\"><div class=\"stk-block-content stk-inner-blocks stk-22b93a6-inner-blocks\">\n<div class=\"wp-block-stackable-image stk-block-image stk-block stk-360c155\" data-block-id=\"360c155\"><style>.stk-360c155 .stk-img-wrapper{width:100% !important;}<\/style><figure><span class=\"stk-img-wrapper stk-image--shape-stretch\"><img loading=\"lazy\" decoding=\"async\" class=\"stk-img wp-image-15814\" src=\"https:\/\/www.ull.es\/la-universidad\/wp-content\/uploads\/sites\/2\/2024\/05\/Rector-Francisco-Garcia-2.jpg\" width=\"640\" height=\"640\" srcset=\"https:\/\/www.ull.es\/la-universidad\/wp-content\/uploads\/sites\/2\/2024\/05\/Rector-Francisco-Garcia-2.jpg 640w, https:\/\/www.ull.es\/la-universidad\/wp-content\/uploads\/sites\/2\/2024\/05\/Rector-Francisco-Garcia-2-300x300.jpg 300w, https:\/\/www.ull.es\/la-universidad\/wp-content\/uploads\/sites\/2\/2024\/05\/Rector-Francisco-Garcia-2-150x150.jpg 150w, https:\/\/www.ull.es\/la-universidad\/wp-content\/uploads\/sites\/2\/2024\/05\/Rector-Francisco-Garcia-2-375x375.jpg 375w, https:\/\/www.ull.es\/la-universidad\/wp-content\/uploads\/sites\/2\/2024\/05\/Rector-Francisco-Garcia-2-50x50.jpg 50w\" sizes=\"auto, (max-width: 640px) 100vw, 640px\" \/><\/span><\/figure><\/div>\n\n\n\n<ul class=\"wp-block-list widget-contacto\">\n<li><i class=\"fa fa-phone\"><\/i> (+34) 922 31 94 51<\/li>\n\n\n\n<li><i class=\"fa fa-envelope\"><\/i> <a href=\"mailto:secretaria.rector@ull.es\" target=\"_blank\" rel=\"noopener\">secrector@ull.es<\/a><\/li>\n<\/ul>\n<\/div><\/div><\/div>\n<\/div><\/div>\n","protected":false},"excerpt":{"rendered":"<p>Presentaci\u00f3n del Rector Bienvenidos y bienvenidas a la Universidad de La Laguna, cuya sede principal est\u00e1 en la hist\u00f3rica ciudad de San Crist\u00f3bal de La Laguna, Patrimonio de la Humanidad. Tambi\u00e9n cuenta con centros en Santa Cruz de Tenerife y Adeje, en la isla de Tenerife, varios centros adscritos y una delegaci\u00f3n en la isla&#8230;<\/p>\n","protected":false},"author":1,"featured_media":0,"parent":0,"menu_order":0,"comment_status":"closed","ping_status":"closed","template":"templates\/template-100-width.php","meta":{"footnotes":""},"class_list":["post-36","page","type-page","status-publish","hentry"],"_links":{"self":[{"href":"https:\/\/www.ull.es\/la-universidad\/wp-json\/wp\/v2\/pages\/36","targetHints":{"allow":["GET"]}}],"collection":[{"href":"https:\/\/www.ull.es\/la-universidad\/wp-json\/wp\/v2\/pages"}],"about":[{"href":"https:\/\/www.ull.es\/la-universidad\/wp-json\/wp\/v2\/types\/page"}],"author":[{"embeddable":true,"href":"https:\/\/www.ull.es\/la-universidad\/wp-json\/wp\/v2\/users\/1"}],"replies":[{"embeddable":true,"href":"https:\/\/www.ull.es\/la-universidad\/wp-json\/wp\/v2\/comments?post=36"}],"version-history":[{"count":51,"href":"https:\/\/www.ull.es\/la-universidad\/wp-json\/wp\/v2\/pages\/36\/revisions"}],"predecessor-version":[{"id":18521,"href":"https:\/\/www.ull.es\/la-universidad\/wp-json\/wp\/v2\/pages\/36\/revisions\/18521"}],"wp:attachment":[{"href":"https:\/\/www.ull.es\/la-universidad\/wp-json\/wp\/v2\/media?parent=36"}],"curies":[{"name":"wp","href":"https:\/\/api.w.org\/{rel}","templated":true}]}}