{"id":393,"date":"2016-09-12T09:16:02","date_gmt":"2016-09-12T09:16:02","guid":{"rendered":"http:\/\/www.ull.es\/conoce-la-ull\/?page_id=393"},"modified":"2025-10-14T15:25:36","modified_gmt":"2025-10-14T15:25:36","slug":"institutos-universitarios","status":"publish","type":"page","link":"https:\/\/www.ull.es\/la-universidad\/institutos-universitarios\/","title":{"rendered":"Institutos universitarios"},"content":{"rendered":"\n<div class=\"wp-block-stackable-columns stk-block-columns stk-block stk-4500cf3\" data-block-id=\"4500cf3\"><style>.stk-4500cf3 {margin-bottom:10px !important;}.stk-4500cf3-column{--stk-columns-spacing:10px !important;}<\/style><div class=\"stk-row stk-inner-blocks stk-block-content stk-content-align stk-4500cf3-column\">\n<div class=\"wp-block-stackable-column stk-block-column stk-column stk-block stk-595857c\" data-v=\"4\" data-block-id=\"595857c\"><div class=\"stk-column-wrapper stk-block-column__content stk-container stk-595857c-container stk--no-background stk--no-padding\"><div class=\"stk-block-content stk-inner-blocks stk-595857c-inner-blocks\">\n<figure class=\"wp-block-image size-full\"><a href=\"https:\/\/www.ull.es\/institutos\/instituto-universitario-bio-organica\/\" target=\"_blank\" rel=\"noopener\"><img loading=\"lazy\" decoding=\"async\" width=\"1000\" height=\"600\" src=\"https:\/\/www.ull.es\/la-universidad\/wp-content\/uploads\/sites\/2\/2025\/02\/portada-bio.jpg\" alt=\"\" class=\"wp-image-17686\" srcset=\"https:\/\/www.ull.es\/la-universidad\/wp-content\/uploads\/sites\/2\/2025\/02\/portada-bio.jpg 1000w, https:\/\/www.ull.es\/la-universidad\/wp-content\/uploads\/sites\/2\/2025\/02\/portada-bio-300x180.jpg 300w, https:\/\/www.ull.es\/la-universidad\/wp-content\/uploads\/sites\/2\/2025\/02\/portada-bio-768x461.jpg 768w, https:\/\/www.ull.es\/la-universidad\/wp-content\/uploads\/sites\/2\/2025\/02\/portada-bio-375x225.jpg 375w, https:\/\/www.ull.es\/la-universidad\/wp-content\/uploads\/sites\/2\/2025\/02\/portada-bio-750x450.jpg 750w\" sizes=\"auto, (max-width: 1000px) 100vw, 1000px\" \/><\/a><\/figure>\n\n\n\n<div class=\"wp-block-stackable-text stk-block-text stk-block stk-9084858\" data-block-id=\"9084858\"><style>.stk-9084858 {margin-top:14px !important;}<\/style><p class=\"stk-block-text__text\">Instituto Universitario de Bio-Org\u00e1nica Antonio Gonz\u00e1lez<\/p><\/div>\n<\/div><\/div><\/div>\n\n\n\n<div class=\"wp-block-stackable-column stk-block-column stk-column stk-block stk-3e26651\" data-v=\"4\" data-block-id=\"3e26651\"><div class=\"stk-column-wrapper stk-block-column__content stk-container stk-3e26651-container stk--no-background stk--no-padding\"><div class=\"stk-block-content stk-inner-blocks stk-3e26651-inner-blocks\">\n<figure class=\"wp-block-image size-full\"><a href=\"https:\/\/www.ull.es\/institutos\/instituto-universitario-de-desarrollo-regional\/\" target=\"_blank\" rel=\"noopener\"><img loading=\"lazy\" decoding=\"async\" width=\"1000\" height=\"600\" src=\"https:\/\/www.ull.es\/la-universidad\/wp-content\/uploads\/sites\/2\/2018\/04\/imagen-instituto-7.jpg\" alt=\"\" class=\"wp-image-12863\" srcset=\"https:\/\/www.ull.es\/la-universidad\/wp-content\/uploads\/sites\/2\/2018\/04\/imagen-instituto-7.jpg 1000w, https:\/\/www.ull.es\/la-universidad\/wp-content\/uploads\/sites\/2\/2018\/04\/imagen-instituto-7-300x180.jpg 300w, https:\/\/www.ull.es\/la-universidad\/wp-content\/uploads\/sites\/2\/2018\/04\/imagen-instituto-7-768x461.jpg 768w, https:\/\/www.ull.es\/la-universidad\/wp-content\/uploads\/sites\/2\/2018\/04\/imagen-instituto-7-375x225.jpg 375w, https:\/\/www.ull.es\/la-universidad\/wp-content\/uploads\/sites\/2\/2018\/04\/imagen-instituto-7-750x450.jpg 750w\" sizes=\"auto, (max-width: 1000px) 100vw, 1000px\" \/><\/a><\/figure>\n\n\n\n<div class=\"wp-block-stackable-text stk-block-text stk-block stk-821b1f1\" data-block-id=\"821b1f1\"><style>.stk-821b1f1 {margin-top:14px !important;}<\/style><p class=\"stk-block-text__text\">Instituto Universitario de Desarrollo Regional<\/p><\/div>\n<\/div><\/div><\/div>\n\n\n\n<div class=\"wp-block-stackable-column stk-block-column stk-column stk-block stk-1c418de\" data-v=\"4\" data-block-id=\"1c418de\"><div class=\"stk-column-wrapper stk-block-column__content stk-container stk-1c418de-container stk--no-background stk--no-padding\"><div class=\"stk-block-content stk-inner-blocks stk-1c418de-inner-blocks\">\n<figure class=\"wp-block-image size-full\"><a href=\"https:\/\/www.ull.es\/institutos\/instituto-universitario-de-la-empresa\/\" target=\"_blank\" rel=\"noopener\"><img loading=\"lazy\" decoding=\"async\" width=\"1000\" height=\"600\" src=\"https:\/\/www.ull.es\/la-universidad\/wp-content\/uploads\/sites\/2\/2018\/04\/imagen-instituto-11.jpg\" alt=\"\" class=\"wp-image-12868\" srcset=\"https:\/\/www.ull.es\/la-universidad\/wp-content\/uploads\/sites\/2\/2018\/04\/imagen-instituto-11.jpg 1000w, https:\/\/www.ull.es\/la-universidad\/wp-content\/uploads\/sites\/2\/2018\/04\/imagen-instituto-11-300x180.jpg 300w, https:\/\/www.ull.es\/la-universidad\/wp-content\/uploads\/sites\/2\/2018\/04\/imagen-instituto-11-768x461.jpg 768w, https:\/\/www.ull.es\/la-universidad\/wp-content\/uploads\/sites\/2\/2018\/04\/imagen-instituto-11-375x225.jpg 375w, https:\/\/www.ull.es\/la-universidad\/wp-content\/uploads\/sites\/2\/2018\/04\/imagen-instituto-11-750x450.jpg 750w\" sizes=\"auto, (max-width: 1000px) 100vw, 1000px\" \/><\/a><\/figure>\n\n\n\n<div class=\"wp-block-stackable-text stk-block-text stk-block stk-6d201d3\" data-block-id=\"6d201d3\"><style>.stk-6d201d3 {margin-top:14px !important;}<\/style><p class=\"stk-block-text__text\">Instituto Universitario de la Empresa<\/p><\/div>\n<\/div><\/div><\/div>\n\n\n\n<div class=\"wp-block-stackable-column stk-block-column stk-column stk-block stk-18ace42\" data-v=\"4\" data-block-id=\"18ace42\"><div class=\"stk-column-wrapper stk-block-column__content stk-container stk-18ace42-container stk--no-background stk--no-padding\"><div class=\"stk-block-content stk-inner-blocks stk-18ace42-inner-blocks\">\n<figure class=\"wp-block-image size-full\"><a href=\"https:\/\/www.ull.es\/institutos\/instituto-enfermedades-tropicales-salud-publica-canarias\/\" target=\"_blank\" rel=\"noopener\"><img loading=\"lazy\" decoding=\"async\" width=\"1000\" height=\"600\" src=\"https:\/\/www.ull.es\/la-universidad\/wp-content\/uploads\/sites\/2\/2018\/04\/imagen-instituto-8.jpg\" alt=\"\" class=\"wp-image-12865\" srcset=\"https:\/\/www.ull.es\/la-universidad\/wp-content\/uploads\/sites\/2\/2018\/04\/imagen-instituto-8.jpg 1000w, https:\/\/www.ull.es\/la-universidad\/wp-content\/uploads\/sites\/2\/2018\/04\/imagen-instituto-8-300x180.jpg 300w, https:\/\/www.ull.es\/la-universidad\/wp-content\/uploads\/sites\/2\/2018\/04\/imagen-instituto-8-768x461.jpg 768w, https:\/\/www.ull.es\/la-universidad\/wp-content\/uploads\/sites\/2\/2018\/04\/imagen-instituto-8-375x225.jpg 375w, https:\/\/www.ull.es\/la-universidad\/wp-content\/uploads\/sites\/2\/2018\/04\/imagen-instituto-8-750x450.jpg 750w\" sizes=\"auto, (max-width: 1000px) 100vw, 1000px\" \/><\/a><\/figure>\n\n\n\n<div class=\"wp-block-stackable-text stk-block-text stk-block stk-109db55\" data-block-id=\"109db55\"><style>.stk-109db55 {margin-top:14px !important;}<\/style><p class=\"stk-block-text__text\">Instituto Universitario de Enfermedades Tropicales y Salud P\u00fablica de Canarias<\/p><\/div>\n<\/div><\/div><\/div>\n<\/div><\/div>\n\n\n\n<div class=\"wp-block-stackable-columns stk-block-columns stk-block stk-7350dc6\" data-block-id=\"7350dc6\"><style>.stk-7350dc6 {margin-bottom:10px !important;}.stk-7350dc6-column{--stk-columns-spacing:10px !important;}<\/style><div class=\"stk-row stk-inner-blocks stk-block-content stk-content-align stk-7350dc6-column\">\n<div class=\"wp-block-stackable-column stk-block-column stk-column stk-block stk-a11ffbc\" data-v=\"4\" data-block-id=\"a11ffbc\"><div class=\"stk-column-wrapper stk-block-column__content stk-container stk-a11ffbc-container stk--no-background stk--no-padding\"><div class=\"stk-block-content stk-inner-blocks stk-a11ffbc-inner-blocks\">\n<figure class=\"wp-block-image size-full\"><a href=\"https:\/\/www.ull.es\/institutos\/instituto-universitario-estudios-avanzados-fisica-atomica-molecular-fotonica\/\" target=\"_blank\" rel=\"noopener\"><img loading=\"lazy\" decoding=\"async\" width=\"1000\" height=\"600\" src=\"https:\/\/www.ull.es\/la-universidad\/wp-content\/uploads\/sites\/2\/2017\/04\/imagen-instituto-9.jpg\" alt=\"\" class=\"wp-image-12081\" srcset=\"https:\/\/www.ull.es\/la-universidad\/wp-content\/uploads\/sites\/2\/2017\/04\/imagen-instituto-9.jpg 1000w, https:\/\/www.ull.es\/la-universidad\/wp-content\/uploads\/sites\/2\/2017\/04\/imagen-instituto-9-300x180.jpg 300w, https:\/\/www.ull.es\/la-universidad\/wp-content\/uploads\/sites\/2\/2017\/04\/imagen-instituto-9-768x461.jpg 768w, https:\/\/www.ull.es\/la-universidad\/wp-content\/uploads\/sites\/2\/2017\/04\/imagen-instituto-9-375x225.jpg 375w, https:\/\/www.ull.es\/la-universidad\/wp-content\/uploads\/sites\/2\/2017\/04\/imagen-instituto-9-750x450.jpg 750w\" sizes=\"auto, (max-width: 1000px) 100vw, 1000px\" \/><\/a><\/figure>\n\n\n\n<div class=\"wp-block-stackable-text stk-block-text stk-block stk-9cac6e3\" data-block-id=\"9cac6e3\"><style>.stk-9cac6e3 {margin-top:14px !important;}<\/style><p class=\"stk-block-text__text\">Instituto Universitario de Estudios Avanzados en F\u00edsica At\u00f3mica Molecular y Fot\u00f3nica<\/p><\/div>\n<\/div><\/div><\/div>\n\n\n\n<div class=\"wp-block-stackable-column stk-block-column stk-column stk-block stk-1f63aea\" data-v=\"4\" data-block-id=\"1f63aea\"><div class=\"stk-column-wrapper stk-block-column__content stk-container stk-1f63aea-container stk--no-background stk--no-padding\"><div class=\"stk-block-content stk-inner-blocks stk-1f63aea-inner-blocks\">\n<figure class=\"wp-block-image size-full\"><a href=\"https:\/\/www.ull.es\/institutos\/instituto-universitario-estudios-mujeres\/\" target=\"_blank\" rel=\"noopener\"><img loading=\"lazy\" decoding=\"async\" width=\"1000\" height=\"600\" src=\"https:\/\/www.ull.es\/la-universidad\/wp-content\/uploads\/sites\/2\/2018\/04\/imagen-instituto-10.jpg\" alt=\"\" class=\"wp-image-12870\" srcset=\"https:\/\/www.ull.es\/la-universidad\/wp-content\/uploads\/sites\/2\/2018\/04\/imagen-instituto-10.jpg 1000w, https:\/\/www.ull.es\/la-universidad\/wp-content\/uploads\/sites\/2\/2018\/04\/imagen-instituto-10-300x180.jpg 300w, https:\/\/www.ull.es\/la-universidad\/wp-content\/uploads\/sites\/2\/2018\/04\/imagen-instituto-10-768x461.jpg 768w, https:\/\/www.ull.es\/la-universidad\/wp-content\/uploads\/sites\/2\/2018\/04\/imagen-instituto-10-375x225.jpg 375w, https:\/\/www.ull.es\/la-universidad\/wp-content\/uploads\/sites\/2\/2018\/04\/imagen-instituto-10-750x450.jpg 750w\" sizes=\"auto, (max-width: 1000px) 100vw, 1000px\" \/><\/a><\/figure>\n\n\n\n<div class=\"wp-block-stackable-text stk-block-text stk-block stk-9aa02cd\" data-block-id=\"9aa02cd\"><style>.stk-9aa02cd {margin-top:14px !important;}<\/style><p class=\"stk-block-text__text\">Instituto Universitario de Estudios de las Mujeres<\/p><\/div>\n<\/div><\/div><\/div>\n\n\n\n<div class=\"wp-block-stackable-column stk-block-column stk-column stk-block stk-9d9a228\" data-v=\"4\" data-block-id=\"9d9a228\"><div class=\"stk-column-wrapper stk-block-column__content stk-container stk-9d9a228-container stk--no-background stk--no-padding\"><div class=\"stk-block-content stk-inner-blocks stk-9d9a228-inner-blocks\">\n<figure class=\"wp-block-image size-full\"><a href=\"https:\/\/www.ull.es\/institutos\/instituto-universitario-estudios-medievales-renacentistas\/\" target=\"_blank\" rel=\"noopener\"><img loading=\"lazy\" decoding=\"async\" width=\"1000\" height=\"600\" src=\"https:\/\/www.ull.es\/la-universidad\/wp-content\/uploads\/sites\/2\/2018\/04\/imagen-instituto-2.jpg\" alt=\"\" class=\"wp-image-12855\" srcset=\"https:\/\/www.ull.es\/la-universidad\/wp-content\/uploads\/sites\/2\/2018\/04\/imagen-instituto-2.jpg 1000w, https:\/\/www.ull.es\/la-universidad\/wp-content\/uploads\/sites\/2\/2018\/04\/imagen-instituto-2-300x180.jpg 300w, https:\/\/www.ull.es\/la-universidad\/wp-content\/uploads\/sites\/2\/2018\/04\/imagen-instituto-2-768x461.jpg 768w, https:\/\/www.ull.es\/la-universidad\/wp-content\/uploads\/sites\/2\/2018\/04\/imagen-instituto-2-375x225.jpg 375w, https:\/\/www.ull.es\/la-universidad\/wp-content\/uploads\/sites\/2\/2018\/04\/imagen-instituto-2-750x450.jpg 750w\" sizes=\"auto, (max-width: 1000px) 100vw, 1000px\" \/><\/a><\/figure>\n\n\n\n<div class=\"wp-block-stackable-text stk-block-text stk-block stk-b1f3392\" data-block-id=\"b1f3392\"><style>.stk-b1f3392 {margin-top:14px !important;}<\/style><p class=\"stk-block-text__text\">Instituto de Estudios Medievales y Renacentistas<\/p><\/div>\n<\/div><\/div><\/div>\n\n\n\n<div class=\"wp-block-stackable-column stk-block-column stk-column stk-block stk-fc0ec21\" data-v=\"4\" data-block-id=\"fc0ec21\"><div class=\"stk-column-wrapper stk-block-column__content stk-container stk-fc0ec21-container stk--no-background stk--no-padding\"><div class=\"stk-block-content stk-inner-blocks stk-fc0ec21-inner-blocks\">\n<figure class=\"wp-block-image size-full\"><a href=\"https:\/\/www.ull.es\/institutos\/instituto-universitario-de-investigacion-social-y-turismo\/\" target=\"_blank\" rel=\"noopener\"><img loading=\"lazy\" decoding=\"async\" width=\"1000\" height=\"600\" src=\"https:\/\/www.ull.es\/la-universidad\/wp-content\/uploads\/sites\/2\/2018\/05\/imagen-instituto-6.jpg\" alt=\"\" class=\"wp-image-12951\" srcset=\"https:\/\/www.ull.es\/la-universidad\/wp-content\/uploads\/sites\/2\/2018\/05\/imagen-instituto-6.jpg 1000w, https:\/\/www.ull.es\/la-universidad\/wp-content\/uploads\/sites\/2\/2018\/05\/imagen-instituto-6-300x180.jpg 300w, https:\/\/www.ull.es\/la-universidad\/wp-content\/uploads\/sites\/2\/2018\/05\/imagen-instituto-6-768x461.jpg 768w, https:\/\/www.ull.es\/la-universidad\/wp-content\/uploads\/sites\/2\/2018\/05\/imagen-instituto-6-375x225.jpg 375w, https:\/\/www.ull.es\/la-universidad\/wp-content\/uploads\/sites\/2\/2018\/05\/imagen-instituto-6-750x450.jpg 750w\" sizes=\"auto, (max-width: 1000px) 100vw, 1000px\" \/><\/a><\/figure>\n\n\n\n<div class=\"wp-block-stackable-text stk-block-text stk-block stk-4e1f149\" data-block-id=\"4e1f149\"><style>.stk-4e1f149 {margin-top:14px !important;}<\/style><p class=\"stk-block-text__text\">Instituto Universitario de Investigaci\u00f3n Social y Turismo<\/p><\/div>\n<\/div><\/div><\/div>\n<\/div><\/div>\n\n\n\n<div class=\"wp-block-stackable-columns stk-block-columns stk-block stk-66441e6\" data-block-id=\"66441e6\"><style>.stk-66441e6 {margin-bottom:10px !important;}.stk-66441e6-column{--stk-columns-spacing:10px !important;}<\/style><div class=\"stk-row stk-inner-blocks stk-block-content stk-content-align stk-66441e6-column\">\n<div class=\"wp-block-stackable-column stk-block-column stk-column stk-block stk-5f25553\" data-v=\"4\" data-block-id=\"5f25553\"><div class=\"stk-column-wrapper stk-block-column__content stk-container stk-5f25553-container stk--no-background stk--no-padding\"><div class=\"stk-block-content stk-inner-blocks stk-5f25553-inner-blocks\">\n<figure class=\"wp-block-image size-full\"><a href=\"https:\/\/www.ull.es\/institutos\/instituto-universitario-linguistica-andres-bello\/\" target=\"_blank\" rel=\"noopener\"><img loading=\"lazy\" decoding=\"async\" width=\"1000\" height=\"600\" src=\"https:\/\/www.ull.es\/la-universidad\/wp-content\/uploads\/sites\/2\/2018\/04\/imagen-instituto-3.jpg\" alt=\"\" class=\"wp-image-12857\" srcset=\"https:\/\/www.ull.es\/la-universidad\/wp-content\/uploads\/sites\/2\/2018\/04\/imagen-instituto-3.jpg 1000w, https:\/\/www.ull.es\/la-universidad\/wp-content\/uploads\/sites\/2\/2018\/04\/imagen-instituto-3-300x180.jpg 300w, https:\/\/www.ull.es\/la-universidad\/wp-content\/uploads\/sites\/2\/2018\/04\/imagen-instituto-3-768x461.jpg 768w, https:\/\/www.ull.es\/la-universidad\/wp-content\/uploads\/sites\/2\/2018\/04\/imagen-instituto-3-375x225.jpg 375w, https:\/\/www.ull.es\/la-universidad\/wp-content\/uploads\/sites\/2\/2018\/04\/imagen-instituto-3-750x450.jpg 750w\" sizes=\"auto, (max-width: 1000px) 100vw, 1000px\" \/><\/a><\/figure>\n\n\n\n<div class=\"wp-block-stackable-text stk-block-text stk-block stk-98662a1\" data-block-id=\"98662a1\"><style>.stk-98662a1 {margin-top:14px !important;}<\/style><p class=\"stk-block-text__text\">Instituto Universitario de Ling\u00fc\u00edstica Andr\u00e9s Bello<\/p><\/div>\n<\/div><\/div><\/div>\n\n\n\n<div class=\"wp-block-stackable-column stk-block-column stk-column stk-block stk-2c7023a\" data-v=\"4\" data-block-id=\"2c7023a\"><div class=\"stk-column-wrapper stk-block-column__content stk-container stk-2c7023a-container stk--no-background stk--no-padding\"><div class=\"stk-block-content stk-inner-blocks stk-2c7023a-inner-blocks\">\n<figure class=\"wp-block-image size-full\"><a href=\"https:\/\/www.ull.es\/institutos\/instituto-universitario-neurociencia\/\" target=\"_blank\" rel=\"noopener\"><img loading=\"lazy\" decoding=\"async\" width=\"1000\" height=\"600\" src=\"https:\/\/www.ull.es\/la-universidad\/wp-content\/uploads\/sites\/2\/2018\/04\/imagen-instituto-1.jpg\" alt=\"\" class=\"wp-image-12866\" srcset=\"https:\/\/www.ull.es\/la-universidad\/wp-content\/uploads\/sites\/2\/2018\/04\/imagen-instituto-1.jpg 1000w, https:\/\/www.ull.es\/la-universidad\/wp-content\/uploads\/sites\/2\/2018\/04\/imagen-instituto-1-300x180.jpg 300w, https:\/\/www.ull.es\/la-universidad\/wp-content\/uploads\/sites\/2\/2018\/04\/imagen-instituto-1-768x461.jpg 768w, https:\/\/www.ull.es\/la-universidad\/wp-content\/uploads\/sites\/2\/2018\/04\/imagen-instituto-1-375x225.jpg 375w, https:\/\/www.ull.es\/la-universidad\/wp-content\/uploads\/sites\/2\/2018\/04\/imagen-instituto-1-750x450.jpg 750w\" sizes=\"auto, (max-width: 1000px) 100vw, 1000px\" \/><\/a><\/figure>\n\n\n\n<div class=\"wp-block-stackable-text stk-block-text stk-block stk-368b3b5\" data-block-id=\"368b3b5\"><style>.stk-368b3b5 {margin-top:14px !important;}<\/style><p class=\"stk-block-text__text\">Instituto Universitario de Neurociencia<\/p><\/div>\n<\/div><\/div><\/div>\n\n\n\n<div class=\"wp-block-stackable-column stk-block-column stk-column stk-block stk-0768bc3\" data-v=\"4\" data-block-id=\"0768bc3\"><div class=\"stk-column-wrapper stk-block-column__content stk-container stk-0768bc3-container stk--no-background stk--no-padding\"><div class=\"stk-block-content stk-inner-blocks stk-0768bc3-inner-blocks\">\n<figure class=\"wp-block-image size-full\"><a href=\"https:\/\/www.ull.es\/institutos\/instituto-matematicas-aplicaciones\/\" target=\"_blank\" rel=\"noopener\"><img loading=\"lazy\" decoding=\"async\" width=\"1000\" height=\"600\" src=\"https:\/\/www.ull.es\/la-universidad\/wp-content\/uploads\/sites\/2\/2025\/01\/imagen-departamento-16.jpg\" alt=\"\" class=\"wp-image-17506\" srcset=\"https:\/\/www.ull.es\/la-universidad\/wp-content\/uploads\/sites\/2\/2025\/01\/imagen-departamento-16.jpg 1000w, https:\/\/www.ull.es\/la-universidad\/wp-content\/uploads\/sites\/2\/2025\/01\/imagen-departamento-16-300x180.jpg 300w, https:\/\/www.ull.es\/la-universidad\/wp-content\/uploads\/sites\/2\/2025\/01\/imagen-departamento-16-768x461.jpg 768w, https:\/\/www.ull.es\/la-universidad\/wp-content\/uploads\/sites\/2\/2025\/01\/imagen-departamento-16-375x225.jpg 375w, https:\/\/www.ull.es\/la-universidad\/wp-content\/uploads\/sites\/2\/2025\/01\/imagen-departamento-16-750x450.jpg 750w\" sizes=\"auto, (max-width: 1000px) 100vw, 1000px\" \/><\/a><\/figure>\n\n\n\n<div class=\"wp-block-stackable-text stk-block-text stk-block stk-5ee6020\" data-block-id=\"5ee6020\"><style>.stk-5ee6020 {margin-top:14px !important;}<\/style><p class=\"stk-block-text__text\">Instituto Universitario de Matem\u00e1ticas y Aplicaciones<\/p><\/div>\n<\/div><\/div><\/div>\n\n\n\n<div class=\"wp-block-stackable-column stk-block-column stk-column stk-block stk-674fda3\" data-v=\"4\" data-block-id=\"674fda3\"><div class=\"stk-column-wrapper stk-block-column__content stk-container stk-674fda3-container stk--no-background stk--no-padding\"><div class=\"stk-block-content stk-inner-blocks stk-674fda3-inner-blocks\">\n<figure class=\"wp-block-image size-full\"><a href=\"https:\/\/www.ull.es\/institutos\/instituto-materiales-nanotecnologia\" target=\"_blank\" rel=\"noopener\"><img loading=\"lazy\" decoding=\"async\" width=\"1000\" height=\"600\" src=\"https:\/\/www.ull.es\/la-universidad\/wp-content\/uploads\/sites\/2\/2018\/04\/imagen-instituto-4.jpg\" alt=\"\" class=\"wp-image-12859\" srcset=\"https:\/\/www.ull.es\/la-universidad\/wp-content\/uploads\/sites\/2\/2018\/04\/imagen-instituto-4.jpg 1000w, https:\/\/www.ull.es\/la-universidad\/wp-content\/uploads\/sites\/2\/2018\/04\/imagen-instituto-4-300x180.jpg 300w, https:\/\/www.ull.es\/la-universidad\/wp-content\/uploads\/sites\/2\/2018\/04\/imagen-instituto-4-768x461.jpg 768w, https:\/\/www.ull.es\/la-universidad\/wp-content\/uploads\/sites\/2\/2018\/04\/imagen-instituto-4-375x225.jpg 375w, https:\/\/www.ull.es\/la-universidad\/wp-content\/uploads\/sites\/2\/2018\/04\/imagen-instituto-4-750x450.jpg 750w\" sizes=\"auto, (max-width: 1000px) 100vw, 1000px\" \/><\/a><\/figure>\n\n\n\n<div class=\"wp-block-stackable-text stk-block-text stk-block stk-3a70aa0\" data-block-id=\"3a70aa0\"><style>.stk-3a70aa0 {margin-top:14px !important;}<\/style><p class=\"stk-block-text__text\">Instituto de Materiales y Nanotecnolog\u00eda<\/p><\/div>\n<\/div><\/div><\/div>\n<\/div><\/div>\n\n\n\n<div class=\"wp-block-stackable-columns stk-block-columns stk-block stk-587a0aa\" data-block-id=\"587a0aa\"><style>.stk-587a0aa {margin-bottom:10px !important;}.stk-587a0aa-column{--stk-columns-spacing:10px !important;}<\/style><div class=\"stk-row stk-inner-blocks stk-block-content stk-content-align stk-587a0aa-column\">\n<div class=\"wp-block-stackable-column stk-block-column stk-column stk-block stk-1aeb19a\" data-v=\"4\" data-block-id=\"1aeb19a\"><div class=\"stk-column-wrapper stk-block-column__content stk-container stk-1aeb19a-container stk--no-background stk--no-padding\"><div class=\"stk-block-content stk-inner-blocks stk-1aeb19a-inner-blocks\">\n<figure class=\"wp-block-image size-full\"><a href=\"https:\/\/www.ull.es\/institutos\/instituto-tecnologias-biomedicas\/\" target=\"_blank\" rel=\"noopener\"><img loading=\"lazy\" decoding=\"async\" width=\"1000\" height=\"600\" src=\"https:\/\/www.ull.es\/la-universidad\/wp-content\/uploads\/sites\/2\/2018\/04\/imagen-instituto-12.jpg\" alt=\"\" class=\"wp-image-12860\" srcset=\"https:\/\/www.ull.es\/la-universidad\/wp-content\/uploads\/sites\/2\/2018\/04\/imagen-instituto-12.jpg 1000w, https:\/\/www.ull.es\/la-universidad\/wp-content\/uploads\/sites\/2\/2018\/04\/imagen-instituto-12-300x180.jpg 300w, https:\/\/www.ull.es\/la-universidad\/wp-content\/uploads\/sites\/2\/2018\/04\/imagen-instituto-12-768x461.jpg 768w, https:\/\/www.ull.es\/la-universidad\/wp-content\/uploads\/sites\/2\/2018\/04\/imagen-instituto-12-375x225.jpg 375w, https:\/\/www.ull.es\/la-universidad\/wp-content\/uploads\/sites\/2\/2018\/04\/imagen-instituto-12-750x450.jpg 750w\" sizes=\"auto, (max-width: 1000px) 100vw, 1000px\" \/><\/a><\/figure>\n\n\n\n<div class=\"wp-block-stackable-text stk-block-text stk-block stk-dd303f3\" data-block-id=\"dd303f3\"><style>.stk-dd303f3 {margin-top:14px !important;}<\/style><p class=\"stk-block-text__text\">Instituto de Tecnolog\u00edas Biom\u00e9dicas<\/p><\/div>\n<\/div><\/div><\/div>\n\n\n\n<div class=\"wp-block-stackable-column stk-block-column stk-column stk-block stk-4cc54ed\" data-v=\"4\" data-block-id=\"4cc54ed\"><div class=\"stk-column-wrapper stk-block-column__content stk-container stk-4cc54ed-container stk--no-background stk--no-padding\"><div class=\"stk-block-content stk-inner-blocks stk-4cc54ed-inner-blocks\"><\/div><\/div><\/div>\n\n\n\n<div class=\"wp-block-stackable-column stk-block-column stk-column stk-block stk-e3dacab\" data-v=\"4\" data-block-id=\"e3dacab\"><div class=\"stk-column-wrapper stk-block-column__content stk-container stk-e3dacab-container stk--no-background stk--no-padding\"><div class=\"stk-block-content stk-inner-blocks stk-e3dacab-inner-blocks\"><\/div><\/div><\/div>\n\n\n\n<div class=\"wp-block-stackable-column stk-block-column stk-column stk-block stk-13622c0\" data-v=\"4\" data-block-id=\"13622c0\"><div class=\"stk-column-wrapper stk-block-column__content stk-container stk-13622c0-container stk--no-background stk--no-padding\"><div class=\"stk-block-content stk-inner-blocks stk-13622c0-inner-blocks\"><\/div><\/div><\/div>\n<\/div><\/div>\n","protected":false},"excerpt":{"rendered":"<p>Instituto Universitario de Bio-Org\u00e1nica Antonio Gonz\u00e1lez Instituto Universitario de Desarrollo Regional Instituto Universitario de la Empresa Instituto Universitario de Enfermedades Tropicales y Salud P\u00fablica de Canarias Instituto Universitario de Estudios Avanzados en F\u00edsica At\u00f3mica Molecular y Fot\u00f3nica Instituto Universitario de Estudios de las Mujeres Instituto de Estudios Medievales y Renacentistas Instituto Universitario de Investigaci\u00f3n Social&#8230;<\/p>\n","protected":false},"author":1,"featured_media":0,"parent":0,"menu_order":0,"comment_status":"closed","ping_status":"closed","template":"templates\/template-100-width.php","meta":{"footnotes":""},"class_list":["post-393","page","type-page","status-publish","hentry"],"_links":{"self":[{"href":"https:\/\/www.ull.es\/la-universidad\/wp-json\/wp\/v2\/pages\/393","targetHints":{"allow":["GET"]}}],"collection":[{"href":"https:\/\/www.ull.es\/la-universidad\/wp-json\/wp\/v2\/pages"}],"about":[{"href":"https:\/\/www.ull.es\/la-universidad\/wp-json\/wp\/v2\/types\/page"}],"author":[{"embeddable":true,"href":"https:\/\/www.ull.es\/la-universidad\/wp-json\/wp\/v2\/users\/1"}],"replies":[{"embeddable":true,"href":"https:\/\/www.ull.es\/la-universidad\/wp-json\/wp\/v2\/comments?post=393"}],"version-history":[{"count":39,"href":"https:\/\/www.ull.es\/la-universidad\/wp-json\/wp\/v2\/pages\/393\/revisions"}],"predecessor-version":[{"id":17759,"href":"https:\/\/www.ull.es\/la-universidad\/wp-json\/wp\/v2\/pages\/393\/revisions\/17759"}],"wp:attachment":[{"href":"https:\/\/www.ull.es\/la-universidad\/wp-json\/wp\/v2\/media?parent=393"}],"curies":[{"name":"wp","href":"https:\/\/api.w.org\/{rel}","templated":true}]}}