{"id":84,"date":"2016-09-01T12:56:58","date_gmt":"2016-09-01T12:56:58","guid":{"rendered":"http:\/\/www.ull.es\/conoce-la-ull\/?page_id=84"},"modified":"2025-10-16T06:35:56","modified_gmt":"2025-10-16T06:35:56","slug":"ubicacion-entorno","status":"publish","type":"page","link":"https:\/\/www.ull.es\/la-universidad\/ubicacion-entorno\/","title":{"rendered":"Ubicaci\u00f3n y entorno"},"content":{"rendered":"\n<div class=\"wp-block-stackable-image alignfull stk-block-image has-text-align-center stk-block stk-98f8a4a\" data-block-id=\"98f8a4a\"><style>.stk-98f8a4a {margin-bottom:50px !important;}.stk-98f8a4a .stk-img-wrapper{height:300px !important;}.stk-98f8a4a .stk-img-wrapper img{object-fit:cover !important;}<\/style><figure><span class=\"stk-img-wrapper stk-image--shape-stretch\"><img loading=\"lazy\" decoding=\"async\" class=\"stk-img wp-image-14048\" src=\"https:\/\/www.ull.es\/la-universidad\/wp-content\/uploads\/sites\/2\/2019\/07\/La-Laguna-7.jpg\" width=\"1600\" height=\"580\" srcset=\"https:\/\/www.ull.es\/la-universidad\/wp-content\/uploads\/sites\/2\/2019\/07\/La-Laguna-7.jpg 1600w, https:\/\/www.ull.es\/la-universidad\/wp-content\/uploads\/sites\/2\/2019\/07\/La-Laguna-7-300x109.jpg 300w, https:\/\/www.ull.es\/la-universidad\/wp-content\/uploads\/sites\/2\/2019\/07\/La-Laguna-7-768x278.jpg 768w, https:\/\/www.ull.es\/la-universidad\/wp-content\/uploads\/sites\/2\/2019\/07\/La-Laguna-7-1024x371.jpg 1024w, https:\/\/www.ull.es\/la-universidad\/wp-content\/uploads\/sites\/2\/2019\/07\/La-Laguna-7-375x136.jpg 375w, https:\/\/www.ull.es\/la-universidad\/wp-content\/uploads\/sites\/2\/2019\/07\/La-Laguna-7-750x272.jpg 750w, https:\/\/www.ull.es\/la-universidad\/wp-content\/uploads\/sites\/2\/2019\/07\/La-Laguna-7-1140x413.jpg 1140w\" sizes=\"auto, (max-width: 1600px) 100vw, 1600px\" \/><\/span><\/figure><\/div>\n\n\n\n<div class=\"wp-block-stackable-text stk-block-text stk-block stk-440da2f\" data-block-id=\"440da2f\"><p class=\"stk-block-text__text has-text-align-center\">La Universidad de la Laguna se encuentra en la isla de Tenerife, la m\u00e1s extensa de las islas del archipi\u00e9lago canario con 2.034,38 km\u00b2 y la isla m\u00e1s poblada de Espa\u00f1a con 888.184 habitantes.<\/p><\/div>\n\n\n\n<div class=\"wp-block-stackable-columns stk-block-columns stk-block stk-3af4a7e\" data-block-id=\"3af4a7e\"><div class=\"stk-row stk-inner-blocks stk-block-content stk-content-align stk-3af4a7e-column\">\n<div class=\"wp-block-stackable-column stk-block-column stk-column stk-block stk-7ef22a6\" data-v=\"4\" data-block-id=\"7ef22a6\"><style>@media screen and (min-width: 768px){.stk-7ef22a6 {flex:var(--stk-flex-grow, 1) 1 calc(67.1% - var(--stk-column-gap, 0px) * 1 \/ 2 ) !important;}}<\/style><div class=\"stk-column-wrapper stk-block-column__content stk-container stk-7ef22a6-container stk--no-background stk--no-padding\"><div class=\"stk-block-content stk-inner-blocks stk-7ef22a6-inner-blocks\">\n<div class=\"wp-block-stackable-heading stk-block-heading stk-block-heading--v2 stk-block stk-e8e469f\" id=\"ubicacion\" data-block-id=\"e8e469f\"><h2 class=\"stk-block-heading__text\">Ubicaci\u00f3n<\/h2><\/div>\n\n\n\n<div class=\"wp-block-stackable-text stk-block-text stk-block stk-cbc6a89\" data-block-id=\"cbc6a89\"><p class=\"stk-block-text__text\">La instituci\u00f3n docente localiza sus principales campus (Central, Anchieta, Guajara y Ofra) en el municipio de La Laguna y algunos centros dispersos en el de Santa Cruz de Tenerife. En los mismos,&nbsp; desarrollan su actividad&nbsp; cerca 20.000 estudiantes en ense\u00f1anzas oficiales de grado y posgrado, 1.635 profesores y 797 miembros del Personal de Administraci\u00f3n y Servicios.<\/p><\/div>\n\n\n\n<div class=\"wp-block-stackable-button-group stk-block-button-group stk-block stk-8e4ec96\" data-block-id=\"8e4ec96\"><div class=\"stk-row stk-inner-blocks stk-block-content stk-button-group\">\n<div class=\"wp-block-stackable-button stk-block-button stk-block stk-1c66322\" data-block-id=\"1c66322\"><style>.stk-1c66322 .stk-button{background:#000000 !important;}.stk-1c66322 .stk-button:hover:after{background:#5c068c !important;opacity:1 !important;}.stk-1c66322 .stk-button .stk--inner-svg svg:last-child{margin-inline-start:35px !important;}<\/style><a class=\"stk-link stk-button stk--hover-effect-darken\" href=\"https:\/\/www.ull.es\/donde\/\" target=\"_blank\" rel=\"noopener\"><span class=\"stk-button__inner-text\">Acceder al mapa de ubicaciones de la universidad<\/span><span class=\"stk--svg-wrapper\"><div class=\"stk--inner-svg\"><svg xmlns=\"http:\/\/www.w3.org\/2000\/svg\" viewBox=\"0 0 320 512\" aria-hidden=\"true\" width=\"32\" height=\"32\"><path d=\"M310.6 233.4c12.5 12.5 12.5 32.8 0 45.3l-192 192c-12.5 12.5-32.8 12.5-45.3 0s-12.5-32.8 0-45.3L242.7 256 73.4 86.6c-12.5-12.5-12.5-32.8 0-45.3s32.8-12.5 45.3 0l192 192z\"><\/path><\/svg><\/div><\/span><\/a><\/div>\n<\/div><\/div>\n\n\n\n<div class=\"wp-block-stackable-heading stk-block-heading stk-block-heading--v2 stk-block stk-8da696d\" id=\"entorno\" data-block-id=\"8da696d\"><h2 class=\"stk-block-heading__text\">Entorno<\/h2><\/div>\n\n\n\n<div class=\"wp-block-stackable-text stk-block-text stk-block stk-571b9af\" data-block-id=\"571b9af\"><p class=\"stk-block-text__text\">San Crist\u00f3bal de La Laguna es un municipio situado en el Noreste de la isla de Tenerife, en la provincia de Santa Cruz de Tenerife, Islas Canarias (Espa\u00f1a), con 102,05 kil\u00f3metros cuadrados de superficie<\/p><\/div>\n\n\n\n<p>La ciudad de San Crist\u00f3bal de La Laguna, fundada en el siglo XV por el adelantado Alonso Fern\u00e1ndez de Lugo, fue hasta el XIX capital de la isla y del archipi\u00e9lago. Parte de su importancia en la regi\u00f3n se deriva de su vocaci\u00f3n docente, pues en su t\u00e9rmino se ubica la Universidad de La Laguna, fundada en 1792, que cuenta en la actualidad con diversos campus (Central, Geneto, Guajara y Ofra) que acogen a los estudiantes universitarios de una buena parte del archipi\u00e9lago.<\/p>\n\n\n\n<p>La mayor parte del municipio se extiende por una zona relativamente llana de bastante amplitud&nbsp;como la propia capital o La Vega,&nbsp;el resto de los enclaves se ubica a una cota m\u00e1s baja, como Taco, La Cuesta, Tejina y Valle de Guerra, o en la costa, caso de los n\u00facleos tur\u00edstico-residenciales de Bajamar y Punta del Hidalgo.<\/p>\n\n\n\n<p>Nexo entre la actual capital insular, con la que se ha conurbado desde hace algunos a\u00f1os, y el Valle de La Orotava, est\u00e1 servida por la autopista del Norte y el aeropuerto de Los Rodeos. En su interior existe otro municipio, Tegueste, caso \u00fanico en la regi\u00f3n.<\/p>\n\n\n\n<p>En su demarcaci\u00f3n existe un importante bosque de laurisilva, Las Mercedes, en la zona de contacto con la pen\u00ednsula de Anaga, donde se encuentra uno de los principales parques rurales de la regi\u00f3n<\/p>\n<\/div><\/div><\/div>\n\n\n\n<div class=\"wp-block-stackable-column stk-block-column stk-column stk-block stk-b453c4f\" data-v=\"4\" data-block-id=\"b453c4f\"><style>@media screen and (min-width: 768px){.stk-b453c4f {flex:var(--stk-flex-grow, 1) 1 calc(32.9% - var(--stk-column-gap, 0px) * 1 \/ 2 ) !important;}}<\/style><div class=\"stk-column-wrapper stk-block-column__content stk-container stk-b453c4f-container stk--no-background stk--no-padding\"><div class=\"stk-block-content stk-inner-blocks stk-b453c4f-inner-blocks\">\n<div class=\"wp-block-stackable-image stk-block-image stk-block stk-f47fc18\" data-block-id=\"f47fc18\"><style>.stk-f47fc18 {margin-bottom:10px !important;}<\/style><figure><span class=\"stk-img-wrapper stk-image--shape-stretch\"><img loading=\"lazy\" decoding=\"async\" class=\"stk-img wp-image-2786\" src=\"https:\/\/www.ull.es\/la-universidad\/wp-content\/uploads\/sites\/2\/2016\/09\/edf_central.jpg\" width=\"500\" height=\"196\" srcset=\"https:\/\/www.ull.es\/la-universidad\/wp-content\/uploads\/sites\/2\/2016\/09\/edf_central.jpg 500w, https:\/\/www.ull.es\/la-universidad\/wp-content\/uploads\/sites\/2\/2016\/09\/edf_central-300x118.jpg 300w, https:\/\/www.ull.es\/la-universidad\/wp-content\/uploads\/sites\/2\/2016\/09\/edf_central-375x147.jpg 375w\" sizes=\"auto, (max-width: 500px) 100vw, 500px\" \/><\/span><\/figure><\/div>\n\n\n\n<div class=\"wp-block-stackable-icon-list stk-block-icon-list has-text-color stk-block stk-15182a9\" data-block-id=\"15182a9\"><style>.stk-15182a9 {--stk-icon-list-icon-size:13px !important;margin-bottom:0px !important;}.stk-15182a9 .stk-block-icon-list-item__content{align-items:flex-start !important;}.stk-15182a9 ul .stk-block-icon-list-item__content .stk--inner-svg, .stk-15182a9 ol .stk-block-icon-list-item__content .stk-block-icon-list-item__marker{transform:translateY(3px) !important;}.stk-15182a9 ul li, .stk-15182a9 ol li, .stk-15182a9 ul li span, .stk-15182a9 ol li span{color:#3d3d3d !important;font-family:\"Argentum sans\", Sans-serif !important;}<\/style><svg style=\"display:none\"><defs><g id=\"stk-icon-list__icon-svg-def-15182a9\"><svg xmlns=\"http:\/\/www.w3.org\/2000\/svg\" viewBox=\"0 0 384 512\"><path d=\"M215.7 499.2C267 435 384 279.4 384 192C384 86 298 0 192 0S0 86 0 192c0 87.4 117 243 168.3 307.2c12.3 15.3 35.1 15.3 47.4 0zM192 128a64 64 0 1 1 0 128 64 64 0 1 1 0-128z\"\/><\/svg><\/g><\/defs><\/svg><ul class=\"stk-block-icon-list__ul stk-block-icon-list--column\">\n<li class=\"wp-block-stackable-icon-list-item stk-block-icon-list-item stk-block stk-4b417e9\" data-block-id=\"4b417e9\"><style>.stk-4b417e9 .stk-block-icon-list-item__text{font-family:\"ArgentumSans\", Sans-serif !important;}<\/style><div class=\"stk-block-icon-list-item__content\"><span class=\"stk--svg-wrapper\"><div class=\"stk--inner-svg\"><svg aria-hidden=\"true\" width=\"32\" height=\"32\"><use xlink:href=\"#stk-icon-list__icon-svg-def-15182a9\"><\/use><\/svg><\/div><\/span><span class=\"stk-block-icon-list-item__text\">&nbsp;Pabell\u00f3n de Gobierno, C\/ Padre Herrera s\/n. 38200, Apartado Postal 456 \u2013 San Crist\u00f3bal de La Laguna (Espa\u00f1a)<\/span><\/div><\/li>\n<\/ul><\/div>\n\n\n\n<div class=\"wp-block-stackable-icon-list stk-block-icon-list has-text-color stk-block stk-5c9a7d5\" data-block-id=\"5c9a7d5\"><style>.stk-5c9a7d5 {--stk-icon-list-icon-size:13px !important;}.stk-5c9a7d5 .stk-block-icon-list-item__content{align-items:flex-start !important;}.stk-5c9a7d5 ul .stk-block-icon-list-item__content .stk--inner-svg, .stk-5c9a7d5 ol .stk-block-icon-list-item__content .stk-block-icon-list-item__marker{transform:translateY(3px) !important;}.stk-5c9a7d5 ul li, .stk-5c9a7d5 ol li, .stk-5c9a7d5 ul li span, .stk-5c9a7d5 ol li span{color:#3d3d3d !important;font-family:\"Argentum sans\", Sans-serif !important;}<\/style><svg style=\"display:none\"><defs><g id=\"stk-icon-list__icon-svg-def-5c9a7d5\"><svg xmlns=\"http:\/\/www.w3.org\/2000\/svg\" viewBox=\"0 0 512 512\"><path d=\"M164.9 24.6c-7.7-18.6-28-28.5-47.4-23.2l-88 24C12.1 30.2 0 46 0 64C0 311.4 200.6 512 448 512c18 0 33.8-12.1 38.6-29.5l24-88c5.3-19.4-4.6-39.7-23.2-47.4l-96-40c-16.3-6.8-35.2-2.1-46.3 11.6L304.7 368C234.3 334.7 177.3 277.7 144 207.3L193.3 167c13.7-11.2 18.4-30 11.6-46.3l-40-96z\"\/><\/svg><\/g><\/defs><\/svg><ul class=\"stk-block-icon-list__ul stk-block-icon-list--column\">\n<li class=\"wp-block-stackable-icon-list-item stk-block-icon-list-item stk-block stk-8801164\" data-block-id=\"8801164\"><style>.stk-8801164 .stk-block-icon-list-item__text{font-family:\"ArgentumSans\", Sans-serif !important;}<\/style><div class=\"stk-block-icon-list-item__content\"><span class=\"stk--svg-wrapper\"><div class=\"stk--inner-svg\"><svg aria-hidden=\"true\" width=\"32\" height=\"32\"><use xlink:href=\"#stk-icon-list__icon-svg-def-5c9a7d5\"><\/use><\/svg><\/div><\/span><span class=\"stk-block-icon-list-item__text\">(+34) 922 31 90 00<\/span><\/div><\/li>\n<\/ul><\/div>\n\n\n\n<iframe loading=\"lazy\" src=\"https:\/\/www.google.com\/maps\/embed?pb=!1m14!1m8!1m3!1d14027.484215631235!2d-16.3169594!3d28.483429700000002!3m2!1i1024!2i768!4f13.1!3m3!1m2!1s0x0%3A0x8f6b5ff009de9421!2sUniv.+de+La+Laguna-Campus+Central!5e0!3m2!1ses!2ses!4v1472807140096\" width=\"370\" height=\"250\" frameborder=\"0\" style=\"border:0\" allowfullscreen><\/iframe>\n\n\n\n<div class=\"wp-block-stackable-button-group stk-block-button-group stk-block stk-57c962c\" data-block-id=\"57c962c\"><style>.stk-57c962c .stk-block-button, .stk-57c962c .stk-block-icon-button{flex:1 0 0% !important;}.stk-57c962c .stk-inner-blocks{row-gap:0px !important;}<\/style><div class=\"stk-row stk-inner-blocks has-text-align-center stk-block-content stk-button-group\">\n<div class=\"wp-block-stackable-button stk-block-button has-text-align-left stk-block stk-cd1f571\" data-block-id=\"cd1f571\"><style>.stk-cd1f571 , .stk-cd1f571 .stk-button{width:100% !important;}.stk-cd1f571 {flex:1 0 var(--stk-button-group-flex-wrap, 0) !important;}.stk-cd1f571 .stk-button{padding-right:0px !important;padding-left:0px !important;background:#000000 !important;}.stk-cd1f571 .stk-button:hover:after{background:#5c068c !important;opacity:1 !important;}.stk-cd1f571 .stk-button .stk--inner-svg svg:last-child{margin-inline-start:220px !important;}<\/style><a class=\"stk-link stk-button stk--hover-effect-darken\" href=\"https:\/\/goo.gl\/maps\/owHLdEJnMQx\" target=\"_blank\" rel=\"noopener\"><span class=\"stk-button__inner-text\">C\u00f3mo llegar<\/span><span class=\"stk--svg-wrapper\"><div class=\"stk--inner-svg\"><svg xmlns=\"http:\/\/www.w3.org\/2000\/svg\" viewBox=\"0 0 320 512\" aria-hidden=\"true\" width=\"32\" height=\"32\"><path d=\"M310.6 233.4c12.5 12.5 12.5 32.8 0 45.3l-192 192c-12.5 12.5-32.8 12.5-45.3 0s-12.5-32.8 0-45.3L242.7 256 73.4 86.6c-12.5-12.5-12.5-32.8 0-45.3s32.8-12.5 45.3 0l192 192z\"><\/path><\/svg><\/div><\/span><\/a><\/div>\n<\/div><\/div>\n\n\n\n<div class=\"wp-block-stackable-text stk-block-text stk-block stk-3c9e769 stk-block-background\" data-block-id=\"3c9e769\"><style>.stk-3c9e769 {background-color:#313d4b !important;padding-top:10px !important;padding-right:10px !important;padding-bottom:10px !important;padding-left:10px !important;}.stk-3c9e769:before{background-color:#313d4b !important;}.stk-3c9e769 .stk-block-text__text{color:#ffffff !important;}<\/style><p class=\"stk-block-text__text has-text-color has-text-align-left\">Enlaces de inter\u00e9s<\/p><\/div>\n\n\n\n<li><a href=\"http:\/\/www.aytolalaguna.com\" target=\"_blank\" rel=\"noopener noreferrer\" target=\"_blank\" rel=\"noopener\"><i class=\"fa fa-external-link\"><\/i> Ayuntamiento de La Laguna<\/a><\/li>\n \t<li><a href=\"http:\/\/www.tenerife.es\/\" target=\"_blank\" rel=\"noopener noreferrer\" target=\"_blank\" rel=\"noopener\"><i class=\"fa fa-external-link\"><\/i> Cabildo de Tenerife<\/a><\/li>\n<\/ul>\n<\/div><\/div><\/div>\n<\/div><\/div>\n","protected":false},"excerpt":{"rendered":"<p>La Universidad de la Laguna se encuentra en la isla de Tenerife, la m\u00e1s extensa de las islas del archipi\u00e9lago canario con 2.034,38 km\u00b2 y la isla m\u00e1s poblada de Espa\u00f1a con 888.184 habitantes. Ubicaci\u00f3n La instituci\u00f3n docente localiza sus principales campus (Central, Anchieta, Guajara y Ofra) en el municipio de La Laguna y algunos&#8230;<\/p>\n","protected":false},"author":1,"featured_media":0,"parent":0,"menu_order":0,"comment_status":"closed","ping_status":"closed","template":"templates\/template-frontpage.php","meta":{"footnotes":""},"class_list":["post-84","page","type-page","status-publish","hentry"],"_links":{"self":[{"href":"https:\/\/www.ull.es\/la-universidad\/wp-json\/wp\/v2\/pages\/84","targetHints":{"allow":["GET"]}}],"collection":[{"href":"https:\/\/www.ull.es\/la-universidad\/wp-json\/wp\/v2\/pages"}],"about":[{"href":"https:\/\/www.ull.es\/la-universidad\/wp-json\/wp\/v2\/types\/page"}],"author":[{"embeddable":true,"href":"https:\/\/www.ull.es\/la-universidad\/wp-json\/wp\/v2\/users\/1"}],"replies":[{"embeddable":true,"href":"https:\/\/www.ull.es\/la-universidad\/wp-json\/wp\/v2\/comments?post=84"}],"version-history":[{"count":40,"href":"https:\/\/www.ull.es\/la-universidad\/wp-json\/wp\/v2\/pages\/84\/revisions"}],"predecessor-version":[{"id":18543,"href":"https:\/\/www.ull.es\/la-universidad\/wp-json\/wp\/v2\/pages\/84\/revisions\/18543"}],"wp:attachment":[{"href":"https:\/\/www.ull.es\/la-universidad\/wp-json\/wp\/v2\/media?parent=84"}],"curies":[{"name":"wp","href":"https:\/\/api.w.org\/{rel}","templated":true}]}}