{"id":28,"date":"2017-06-28T12:58:21","date_gmt":"2017-06-28T12:58:21","guid":{"rendered":"http:\/\/www.ull.es\/masteres\/desarrollo-y-gestion-de-recursos-humanos\/?page_id=28"},"modified":"2018-02-14T10:13:39","modified_gmt":"2018-02-14T10:13:39","slug":"justificacion-del-titulo","status":"publish","type":"page","link":"https:\/\/www.ull.es\/masteres\/abogacia\/fr\/justificacion-del-titulo\/","title":{"rendered":"Justification du titre"},"content":{"rendered":"<p>[vc_row][vc_column][vc_column_text]<\/p>\n<h1>Justificaci\u00f3n del t\u00edtulo<\/h1>\n<p>De acuerdo con lo establecido en la Exposici\u00f3n de Motivos de Ley 34\/2006, de 30 de octubre, la regulaci\u00f3n del r\u00e9gimen de acceso a la profesi\u00f3n de abogado en Espa\u00f1a es una exigencia derivada de los art\u00edculos 17.3 y 24 de la Constituci\u00f3n espa\u00f1ola. En el \u00e1mbito del Derecho comparado, la capacitaci\u00f3n profesional para actuar ante los tribunales de justicia requiere una acreditaci\u00f3n previa de los titulados en ciencias jur\u00eddicas. Asimismo, en Espa\u00f1a, el requerimiento de dicha capacitaci\u00f3n ha constituido una constante exigencia de los colegios profesionales en las \u00faltimas tres d\u00e9cadas.<\/p>\n<p>En el mismo sentido se orienta el Libro Blanco de la Justicia presentado por el Consejo General del Poder Judicial en 1997, al igual que la X Conferencia de Decanos de las Facultades de Derecho de las universidades espa\u00f1olas celebrada el 28 de junio de 2004. Tambi\u00e9n, desde la perspectiva pol\u00edtica, el Pacto de Estado sobre la Justicia del a\u00f1o 2001 se pronunci\u00f3 en la misma direcci\u00f3n.<\/p>\n<p>De ah\u00ed que se promulgara la mencionada ley reguladora del acceso a la profesi\u00f3n de abogado \u00a0que, junto a su Reglamento de desarrollo a trav\u00e9s del Real Decreto 775\/2011, de 11 de junio, requieren para el acceso a la profesi\u00f3n de Abogado un proceso de capacitaci\u00f3n profesional basado en tres pilares b\u00e1sicos: la realizaci\u00f3n de cursos formativos, un per\u00edodo de pr\u00e1cticas y una prueba de aptitud profesional.<\/p>\n<p>Seg\u00fan el art. 4.1 de la mencionada ley, los cursos de formaci\u00f3n y las pr\u00e1cticas externas\u00a0constituyen la formaci\u00f3n especializada que permite al alumno optar a la evaluaci\u00f3n nacional, y tal\u00a0formaci\u00f3n podr\u00e1 impartirse de acuerdo con la normativa reguladora de la ense\u00f1anza universitaria oficial de postgrado. Por su parte el Reglamento que desarrolla la ley, en su art. 4.1, a) establece que las universidades p\u00fablicas o privadas pueden impartir la formaci\u00f3n en el marco de las ense\u00f1anzas conducentes a la obtenci\u00f3n de un t\u00edtulo de oficial de M\u00e1ster Universitario.<\/p>\n<p>En consecuencia, los estudios de Grado en Derecho \u2013y de Licenciado en Derecho-, a partir de la entrada en vigor de la mencionada normativa -31 de octubre de 2011- no habilitan, como hasta ahora, para acceder directamente al ejercicio de la profesi\u00f3n de Abogado, convirti\u00e9ndose el M\u00e1ster Universitario de Abogac\u00eda en la v\u00eda que proporcionar\u00eda la formaci\u00f3n necesaria a los egresados universitarios que pretendieran ejercer dicha profesi\u00f3n previa superaci\u00f3n tambi\u00e9n de una prueba nacional de capacitaci\u00f3n, teniendo en cuenta que la intervenci\u00f3n de los profesionales de la Abogac\u00eda resulta imprescindible para el adecuado funcionamiento de la Administraci\u00f3n de Justicia que experimenta una continua expansi\u00f3n y especializaci\u00f3n. En definitiva, el t\u00edtulo se propone para dar cumplimiento a los requerimientos de formaci\u00f3n que establece la normativa reguladora del acceso a la profesi\u00f3n de abogado.<\/p>\n<p>Por ello, la Facultad de Derecho de la Universidad de La Laguna promueve la organizaci\u00f3n de los estudios conducentes al t\u00edtulo de M\u00e1ster universitario en Abogac\u00eda con la participaci\u00f3n en el mismo del Ilustre Colegio de Abogados de Santa Cruz de Santa Cruz de Tenerife, en el ejercicio de sus responsabilidades sociales como instituciones vinculadas con la formaci\u00f3n acad\u00e9mica y al ejercicio profesional, para lo cual se ha firmado el convenio requerido por el art. 7 del Reglamento de acceso a las profesiones de Abogado y Procurador de los Tribunales.<\/p>\n<p><strong>Descripci\u00f3n de los procedimientos de consulta internos y externos utilizados para la\u00a0elaboraci\u00f3n del plan de estudios<br \/>\n<\/strong><\/p>\n<p>La Facultad de Derecho de la Universidad de La Laguna est\u00e1 en proceso de implantaci\u00f3n (4\u00ba a\u00f1o) del t\u00edtulo de Graduado en Derecho as\u00ed como en el de extinci\u00f3n del t\u00edtulo de Licenciado en\u00a0Derecho, constituyentes ambos de t\u00edtulos habilitantes para el acceso al M\u00e1ster Universitario en Abogac\u00eda [<a href=\"https:\/\/drive.google.com\/open?id=1dzQt9KufJXI7ad-DcmPzPzJCUSmbon_O\" target=\"_blank\" rel=\"noopener\" target=\"_blank\" rel=\"noopener\">M\u00e1s informaci\u00f3n<\/a>][\/vc_column_text][\/vc_column][\/vc_row]<\/p>\n","protected":false},"excerpt":{"rendered":"<p>[vc_row][vc_column][vc_column_text] Justificaci\u00f3n del t\u00edtulo De acuerdo con lo establecido en la Exposici\u00f3n de Motivos de Ley 34\/2006, de 30 de octubre, la regulaci\u00f3n del r\u00e9gimen de acceso a la profesi\u00f3n de abogado en Espa\u00f1a es una exigencia derivada de los art\u00edculos 17.3 y 24 de la Constituci\u00f3n espa\u00f1ola. En el \u00e1mbito del Derecho comparado, la&#8230;<\/p>\n","protected":false},"author":1,"featured_media":0,"parent":0,"menu_order":0,"comment_status":"closed","ping_status":"closed","template":"","meta":{"footnotes":""},"class_list":["post-28","page","type-page","status-publish","hentry"],"yoast_head":"<!-- This site is optimized with the Yoast SEO plugin v27.3 - https:\/\/yoast.com\/product\/yoast-seo-wordpress\/ -->\n<title>Justificaci\u00f3n del t\u00edtulo - M\u00e1ster Universitario en Abogac\u00eda y Procura<\/title>\n<meta name=\"robots\" content=\"index, follow, max-snippet:-1, max-image-preview:large, max-video-preview:-1\" \/>\n<link rel=\"canonical\" href=\"https:\/\/www.ull.es\/masteres\/abogacia\/fr\/justificacion-del-titulo\/\" \/>\n<meta property=\"og:locale\" content=\"fr_FR\" \/>\n<meta property=\"og:type\" content=\"article\" \/>\n<meta property=\"og:title\" content=\"Justificaci\u00f3n del t\u00edtulo - M\u00e1ster Universitario en Abogac\u00eda y Procura\" \/>\n<meta property=\"og:description\" content=\"[vc_row][vc_column][vc_column_text] Justificaci\u00f3n del t\u00edtulo De acuerdo con lo establecido en la Exposici\u00f3n de Motivos de Ley 34\/2006, de 30 de octubre, la regulaci\u00f3n del r\u00e9gimen de acceso a la profesi\u00f3n de abogado en Espa\u00f1a es una exigencia derivada de los art\u00edculos 17.3 y 24 de la Constituci\u00f3n espa\u00f1ola. En el \u00e1mbito del Derecho comparado, la...\" \/>\n<meta property=\"og:url\" content=\"https:\/\/www.ull.es\/masteres\/abogacia\/fr\/justificacion-del-titulo\/\" \/>\n<meta property=\"og:site_name\" content=\"M\u00e1ster Universitario en Abogac\u00eda y Procura\" \/>\n<meta property=\"article:modified_time\" content=\"2018-02-14T10:13:39+00:00\" \/>\n<meta name=\"twitter:card\" content=\"summary_large_image\" \/>\n<meta name=\"twitter:label1\" content=\"Dur\u00e9e de lecture estim\u00e9e\" \/>\n\t<meta name=\"twitter:data1\" content=\"3 minutes\" \/>\n<script type=\"application\/ld+json\" class=\"yoast-schema-graph\">{\"@context\":\"https:\\\/\\\/schema.org\",\"@graph\":[{\"@type\":\"WebPage\",\"@id\":\"https:\\\/\\\/www.ull.es\\\/masteres\\\/abogacia\\\/en\\\/justificacion-del-titulo\\\/\",\"url\":\"https:\\\/\\\/www.ull.es\\\/masteres\\\/abogacia\\\/en\\\/justificacion-del-titulo\\\/\",\"name\":\"Justificaci\u00f3n del t\u00edtulo - M\u00e1ster Universitario en Abogac\u00eda y Procura\",\"isPartOf\":{\"@id\":\"https:\\\/\\\/www.ull.es\\\/masteres\\\/abogacia\\\/en\\\/#website\"},\"datePublished\":\"2017-06-28T12:58:21+00:00\",\"dateModified\":\"2018-02-14T10:13:39+00:00\",\"breadcrumb\":{\"@id\":\"https:\\\/\\\/www.ull.es\\\/masteres\\\/abogacia\\\/en\\\/justificacion-del-titulo\\\/#breadcrumb\"},\"inLanguage\":\"fr-FR\",\"potentialAction\":[{\"@type\":\"ReadAction\",\"target\":[\"https:\\\/\\\/www.ull.es\\\/masteres\\\/abogacia\\\/en\\\/justificacion-del-titulo\\\/\"]}]},{\"@type\":\"BreadcrumbList\",\"@id\":\"https:\\\/\\\/www.ull.es\\\/masteres\\\/abogacia\\\/en\\\/justificacion-del-titulo\\\/#breadcrumb\",\"itemListElement\":[{\"@type\":\"ListItem\",\"position\":1,\"name\":\"Portada\",\"item\":\"https:\\\/\\\/www.ull.es\\\/masteres\\\/abogacia\\\/fr\\\/\"},{\"@type\":\"ListItem\",\"position\":2,\"name\":\"Justificaci\u00f3n del t\u00edtulo\"}]},{\"@type\":\"WebSite\",\"@id\":\"https:\\\/\\\/www.ull.es\\\/masteres\\\/abogacia\\\/en\\\/#website\",\"url\":\"https:\\\/\\\/www.ull.es\\\/masteres\\\/abogacia\\\/en\\\/\",\"name\":\"M\u00e1ster Universitario en Abogac\u00eda y Procura\",\"description\":\"\",\"potentialAction\":[{\"@type\":\"SearchAction\",\"target\":{\"@type\":\"EntryPoint\",\"urlTemplate\":\"https:\\\/\\\/www.ull.es\\\/masteres\\\/abogacia\\\/en\\\/?s={search_term_string}\"},\"query-input\":{\"@type\":\"PropertyValueSpecification\",\"valueRequired\":true,\"valueName\":\"search_term_string\"}}],\"inLanguage\":\"fr-FR\"}]}<\/script>\n<!-- \/ Yoast SEO plugin. -->","yoast_head_json":{"title":"Justification du titre - Master en droit et march\u00e9s publics","robots":{"index":"index","follow":"follow","max-snippet":"max-snippet:-1","max-image-preview":"max-image-preview:large","max-video-preview":"max-video-preview:-1"},"canonical":"https:\/\/www.ull.es\/masteres\/abogacia\/fr\/justificacion-del-titulo\/","og_locale":"fr_FR","og_type":"article","og_title":"Justificaci\u00f3n del t\u00edtulo - M\u00e1ster Universitario en Abogac\u00eda y Procura","og_description":"[vc_row][vc_column][vc_column_text] Justificaci\u00f3n del t\u00edtulo De acuerdo con lo establecido en la Exposici\u00f3n de Motivos de Ley 34\/2006, de 30 de octubre, la regulaci\u00f3n del r\u00e9gimen de acceso a la profesi\u00f3n de abogado en Espa\u00f1a es una exigencia derivada de los art\u00edculos 17.3 y 24 de la Constituci\u00f3n espa\u00f1ola. En el \u00e1mbito del Derecho comparado, la...","og_url":"https:\/\/www.ull.es\/masteres\/abogacia\/fr\/justificacion-del-titulo\/","og_site_name":"M\u00e1ster Universitario en Abogac\u00eda y Procura","article_modified_time":"2018-02-14T10:13:39+00:00","twitter_card":"summary_large_image","twitter_misc":{"Dur\u00e9e de lecture estim\u00e9e":"3 minutes"},"schema":{"@context":"https:\/\/schema.org","@graph":[{"@type":"WebPage","@id":"https:\/\/www.ull.es\/masteres\/abogacia\/en\/justificacion-del-titulo\/","url":"https:\/\/www.ull.es\/masteres\/abogacia\/en\/justificacion-del-titulo\/","name":"Justification du titre - Master en droit et march\u00e9s publics","isPartOf":{"@id":"https:\/\/www.ull.es\/masteres\/abogacia\/en\/#website"},"datePublished":"2017-06-28T12:58:21+00:00","dateModified":"2018-02-14T10:13:39+00:00","breadcrumb":{"@id":"https:\/\/www.ull.es\/masteres\/abogacia\/en\/justificacion-del-titulo\/#breadcrumb"},"inLanguage":"fr-FR","potentialAction":[{"@type":"ReadAction","target":["https:\/\/www.ull.es\/masteres\/abogacia\/en\/justificacion-del-titulo\/"]}]},{"@type":"BreadcrumbList","@id":"https:\/\/www.ull.es\/masteres\/abogacia\/en\/justificacion-del-titulo\/#breadcrumb","itemListElement":[{"@type":"ListItem","position":1,"name":"Portada","item":"https:\/\/www.ull.es\/masteres\/abogacia\/fr\/"},{"@type":"ListItem","position":2,"name":"Justificaci\u00f3n del t\u00edtulo"}]},{"@type":"WebSite","@id":"https:\/\/www.ull.es\/masteres\/abogacia\/en\/#website","url":"https:\/\/www.ull.es\/masteres\/abogacia\/en\/","name":"Master en droit et march\u00e9s publics","description":"","potentialAction":[{"@type":"SearchAction","target":{"@type":"EntryPoint","urlTemplate":"https:\/\/www.ull.es\/masteres\/abogacia\/en\/?s={search_term_string}"},"query-input":{"@type":"PropertyValueSpecification","valueRequired":true,"valueName":"search_term_string"}}],"inLanguage":"fr-FR"}]}},"_links":{"self":[{"href":"https:\/\/www.ull.es\/masteres\/abogacia\/fr\/wp-json\/wp\/v2\/pages\/28","targetHints":{"allow":["GET"]}}],"collection":[{"href":"https:\/\/www.ull.es\/masteres\/abogacia\/fr\/wp-json\/wp\/v2\/pages"}],"about":[{"href":"https:\/\/www.ull.es\/masteres\/abogacia\/fr\/wp-json\/wp\/v2\/types\/page"}],"author":[{"embeddable":true,"href":"https:\/\/www.ull.es\/masteres\/abogacia\/fr\/wp-json\/wp\/v2\/users\/1"}],"replies":[{"embeddable":true,"href":"https:\/\/www.ull.es\/masteres\/abogacia\/fr\/wp-json\/wp\/v2\/comments?post=28"}],"version-history":[{"count":9,"href":"https:\/\/www.ull.es\/masteres\/abogacia\/fr\/wp-json\/wp\/v2\/pages\/28\/revisions"}],"predecessor-version":[{"id":652,"href":"https:\/\/www.ull.es\/masteres\/abogacia\/fr\/wp-json\/wp\/v2\/pages\/28\/revisions\/652"}],"wp:attachment":[{"href":"https:\/\/www.ull.es\/masteres\/abogacia\/fr\/wp-json\/wp\/v2\/media?parent=28"}],"curies":[{"name":"wp","href":"https:\/\/api.w.org\/{rel}","templated":true}]}}