{"id":30,"date":"2017-06-28T12:58:45","date_gmt":"2017-06-28T12:58:45","guid":{"rendered":"http:\/\/www.ull.es\/masteres\/desarrollo-y-gestion-de-recursos-humanos\/?page_id=30"},"modified":"2025-07-23T09:19:35","modified_gmt":"2025-07-23T09:19:35","slug":"perfil-de-ingreso-y-egreso","status":"publish","type":"page","link":"https:\/\/www.ull.es\/masteres\/abogacia\/informacion-academica\/perfil-de-ingreso-y-egreso\/","title":{"rendered":"Perfil de ingreso y egreso"},"content":{"rendered":"\n<div class=\"wp-block-stackable-columns alignfull stk-block-columns stk-block stk-2314a6b\" data-block-id=\"2314a6b\"><style>.stk-2314a6b {padding-bottom:0px !important;margin-top:-100px !important;margin-bottom:0px !important;}<\/style><div class=\"stk-row stk-inner-blocks stk-block-content stk-content-align stk-2314a6b-column alignfull\">\n<div class=\"wp-block-stackable-column stk-block-column stk-column stk-block stk-1d1764d\" data-v=\"4\" data-block-id=\"1d1764d\"><div class=\"stk-column-wrapper stk-block-column__content stk-container stk-1d1764d-container stk--no-background stk--no-padding\"><div class=\"stk-block-content stk-inner-blocks stk-1d1764d-inner-blocks\"><style id=\"depicter-1-inline-pre-css\">\n\n.depicter-1:not(.depicter-ready){\n\theight:450px;\n}\n\n\/***** Tablet *****\/\n@media screen and (max-width: 1024px){\n\n.depicter-1:not(.depicter-ready){\n\theight:700px;\n}\n\n}\n\/***** Mobile *****\/\n@media screen and (max-width: 767px){\n\n.depicter-1:not(.depicter-ready){\n\theight:360px;\n}\n\n}\n<\/style>\n<div id=\"depicter-1\" class=\"depicter depicter-document depicter-revert depicter-1 depicter-layout-fullwidth\">\n\n<div class=\"depicter-loading-container depicter-loading dotFlashing-dark\"><div class=\"depicter-loading-dark depicter-dot-flashing\">\n   <span><\/span>\n   <span><\/span>\n   <span><\/span>\n<\/div>\n<\/div>\n<div id=\"depicter-1-section-1\" class=\"depicter-section depicter-1-section-1\" data-name=\"Section 1\" data-type=\"section\" data-local-id=\"section-1\">\n<picture class=\"depicter-bg\">\n<source data-depicter-srcset=\"https:\/\/www.ull.es\/masteres\/abogacia\/wp-content\/uploads\/sites\/19\/2025\/07\/Headers-Masteres_Abogacia-y-Procura-768x248.jpg, https:\/\/www.ull.es\/masteres\/abogacia\/wp-content\/uploads\/sites\/19\/2025\/07\/Headers-Masteres_Abogacia-y-Procura.jpg 2x\" srcset=\"data:image\/gif;base64,R0lGODlhAQABAIAAAAAAAP\/\/\/yH5BAEAAAAALAAAAAABAAEAAAIBRAA7\" media=\"(max-width: 1024px)\" \/>\n\n<source data-depicter-srcset=\"https:\/\/www.ull.es\/masteres\/abogacia\/wp-content\/uploads\/sites\/19\/2025\/07\/Headers-Masteres_Abogacia-y-Procura.jpg, https:\/\/www.ull.es\/masteres\/abogacia\/wp-content\/uploads\/sites\/19\/2025\/07\/Headers-Masteres_Abogacia-y-Procura-1280x413.jpg 2x\" srcset=\"data:image\/gif;base64,R0lGODlhAQABAIAAAAAAAP\/\/\/yH5BAEAAAAALAAAAAABAAEAAAIBRAA7\" media=\"(min-width: 1025px)\" \/>\n<img decoding=\"async\" src=\"data:image\/gif;base64,R0lGODlhAQABAIAAAAAAAP\/\/\/yH5BAEAAAAALAAAAAABAAEAAAIBRAA7\" data-ken-burns=\"false\" data-tablet-ken-burns=\"false\" data-mobile-ken-burns=\"false\" alt=\"\" data-depicter-src=\"https:\/\/www.ull.es\/masteres\/abogacia\/wp-content\/uploads\/sites\/19\/2025\/07\/Headers-Masteres_Abogacia-y-Procura.jpg\" data-object-fit=\"custom,custom,\" data-object-position=\"center top,,\" data-crop=\"{'focalPoint':{'x':0.5,'y':0.5},'mediaSize':{'width':1394.6731234866829254315234720706939697265625,'height':450}}\" data-tablet-crop=\"{'focalPoint':{'x':0.5,'y':0.5},'mediaSize':{'width':2169.4915254237284898408688604831695556640625,'height':700}}\" data-mobile-crop=\"{'focalPoint':{'x':0.5,'y':0.5},'mediaSize':{'width':1394.6731234866829254315234720706939697265625,'height':450}}\" \/>\n<\/picture>\n\n\n<h1 id=\"depicter-1-element-5\" class=\"depicter-element depicter-layer depicter-1-element-5\" data-type=\"text\" data-wrap=\"true\" data-name=\"Text 2\" data-local-id=\"element-5\" data-offset=\"x:0px;y:141px;origin:tl\" data-tablet-offset=\"x:196px;y:223px;origin:tl\" data-mobile-offset=\"x:-16px;y:108px;origin:tl\" data-width=\"1200px,633px,408px\" data-height=\"auto,auto,auto\" data-responsive-scale=\"true,,\">M\u00e1ster Universitario<br>en Abogac\u00eda y Procura<br><\/h1>\n\n<div id=\"depicter-1-element-10\" class=\"depicter-element depicter-layer depicter-1-element-10\" data-type=\"shape\" data-wrap=\"true\" data-name=\"Shape 1\" data-local-id=\"element-10\" data-offset=\"x:0px;y:315px;origin:tl\" data-tablet-offset=\"x:189px;y:455px;origin:tl\" data-mobile-offset=\"x:-16px;y:269px;origin:tl\" data-width=\"813px,647px,408px\" data-height=\"8px,8px,8px\" data-responsive-scale=\"true,,\"><\/div>\n<\/div>\n<\/div>\n<script>\n(window.depicterSetups = window.depicterSetups || []).push(function(){\n\tDepicter.basePath = 'https:\/\/www.ull.es\/masteres\/abogacia\/wp-content\/plugins\/depicter\/resources\/scripts\/player\/';\n\tconst dpPlayer = Depicter.setup('.depicter-1',\n\t\t{\"width\":[\"1200\",\"1024\",\"360\"],\"height\":[\"450\",\"700\",\"360\"],\"view\":\"basic\",\"keepAspectRatio\":true,\"preload\":0,\"layout\":\"fullwidth\",\"rtl\":false,\"initAfterAppear\":false,\"ajaxApiUrl\":\"https:\\\/\\\/www.ull.es\\\/masteres\\\/abogacia\\\/wp-admin\\\/admin-ajax.php\",\"mouseSwipe\":true,\"touchSwipe\":true,\"useWatermark\":false}\n\t);\n});\n<\/script><\/div><\/div><\/div>\n<\/div><\/div>\n\n\n\n<div class=\"wp-block-stackable-columns alignfull stk-block-columns stk--hide-mobile stk-block stk-6394276 stk-block-background\" data-block-id=\"6394276\"><style>.stk-6394276 {background-color:#fa6199 !important;padding-top:50px !important;padding-right:0px !important;padding-bottom:1px !important;padding-left:0px !important;margin-top:-40px !important;margin-bottom:0px !important;}.stk-6394276:before{background-color:#fa6199 !important;}<\/style><div class=\"stk-row stk-inner-blocks stk-block-content stk-content-align stk-6394276-column alignfull\">\n<div class=\"wp-block-stackable-column stk-block-column stk-column stk-block stk-8a66885\" data-v=\"4\" data-block-id=\"8a66885\"><div class=\"stk-column-wrapper stk-block-column__content stk-container stk-8a66885-container stk--no-background stk--no-padding\"><div class=\"stk-block-content stk-inner-blocks stk-8a66885-inner-blocks\">\n<div class=\"wp-block-stackable-spacer stk-block-spacer stk--no-padding stk-block stk-bc89b3e\" data-block-id=\"bc89b3e\"><style>.stk-bc89b3e {height:0px !important;}<\/style><\/div>\n<\/div><\/div><\/div>\n<\/div><\/div>\n\n\n\n<div class=\"wp-block-stackable-columns stk-block-columns stk-block stk-8b59b96\" data-block-id=\"8b59b96\"><style>.stk-8b59b96 .stk--block-align-8b59b96{align-items:flex-start !important;}.stk-8b59b96 {margin-top:50px !important;}.stk-8b59b96-column{--stk-columns-spacing:0px !important;--stk-column-gap:50px !important;}@media screen and (max-width: 767px){.stk-8b59b96-column{row-gap:var(--stk--preset--spacing--60, 2.25rem) !important;}}<\/style><div class=\"stk-row stk-inner-blocks stk--block-align-8b59b96 stk-block-content stk-content-align stk-8b59b96-column\">\n<div class=\"wp-block-stackable-column stk-block-column stk-column stk-block stk-dbb7e15\" data-v=\"4\" data-block-id=\"dbb7e15\"><style>@media screen and (min-width: 768px){.stk-dbb7e15 {flex:var(--stk-flex-grow, 1) 1 66.7% !important;}}<\/style><div class=\"stk-column-wrapper stk-block-column__content stk-container stk-dbb7e15-container stk--no-background stk--no-padding\"><div class=\"stk-block-content stk-inner-blocks stk-dbb7e15-inner-blocks\">\n<div class=\"wp-block-stackable-heading stk-block-heading stk-block-heading--v2 stk-block stk-cc0239e\" id=\"complementos-de-formacion\" data-block-id=\"cc0239e\"><style>.stk-cc0239e .stk-block-heading__text{color:#fa6199 !important;font-weight:500 !important;}<\/style><h1 class=\"stk-block-heading__text has-text-color\">Perfil de ingreso y egreso<\/h1><\/div>\n\n\n\n<div class=\"wp-block-stackable-heading stk-block-heading stk-block-heading--v2 stk-block stk-2a76251\" id=\"complementos-de-formacion\" data-block-id=\"2a76251\"><style>.stk-2a76251 .stk-block-heading__text{font-weight:700 !important;}<\/style><h3 class=\"stk-block-heading__text\">Perfil de ingreso<\/h3><\/div>\n\n\n\n<div class=\"wp-block-stackable-text stk-block-text stk-block stk-3310fbd\" data-block-id=\"3310fbd\"><p class=\"stk-block-text__text\">El perfil de ingreso son los conocimientos, habilidades y capacidades del alumnado que accede a la titulaci\u00f3n.<\/p><\/div>\n\n\n\n<p>Con car\u00e1cter general, el M\u00e1ster permitir\u00e1 el acceso a los titulados que cumplan con lo establecido en el art. 16 del RD 1393\/2007, accediendo preferentemente aquellos alumnos que, adem\u00e1s, acrediten B2 o, en su caso B1 en ingl\u00e9s, seg\u00fan se dispone en los requisitos de&nbsp;<a href=\"https:\/\/www.ull.es\/masteres\/abogacia\/informacion-academica\/acceso-admision-y-matricula\/#acceso\" target=\"_blank\" rel=\"noreferrer noopener\" target=\"_blank\" rel=\"noopener\">acceso<\/a>.<\/p>\n\n\n\n<p>M\u00e1s concretamente, en cuanto al perfil de ingreso recomendado, se ha de tener en cuenta que este M\u00e1ster va dirigido a aquellas personas que deseen acceder a la profesi\u00f3n de Abogado de los Tribunales, y su objetivo principal es mejorar la capacitaci\u00f3n profesional del abogado en cuanto colaboradores relevantes de la administraci\u00f3n de justicia con el fin de que los ciudadanos tengan garantizado un asesoramiento, una defensa jur\u00eddica y una representaci\u00f3n t\u00e9cnica de calidad como elementos esenciales para el ejercicio del derecho fundamental a la tutela efectiva. Por ello, la ley establece un sistema de formaci\u00f3n en la excelencia cuyos pilares b\u00e1sicos&nbsp;son la realizaci\u00f3n de este master, donde el alumno\/a adquirir\u00e1 un conjunto de competencias profesionales espec\u00edficas, el desarrollo de un per\u00edodo de pr\u00e1cticas externas y la realizaci\u00f3n de una evaluaci\u00f3n de la aptitud profesional que culmina el proceso de capacitaci\u00f3n con car\u00e1cter previo a la inscripci\u00f3n en el correspondiente colegio profesional. De ah\u00ed que no s\u00f3lo debamos acudir \u00fanicamente al Real Decreto 1393\/2007, modificado por el Real Decreto 861\/2010, en su art. 16 establece que para acceder a las ense\u00f1anzas oficiales de Master, sino tambi\u00e9n al Real Decreto 775\/2011, de 3 de junio, por el que se aprueba el Reglamento de la Ley 34\/2006, de 30 de octubre, sobre el acceso a las profesiones de Abogado y Procurador de los Tribunales, que&nbsp;establece que el estudiantado deba contar con un t\u00edtulo en el que haya adquirido las siguientes competencias jur\u00eddicas:<\/p>\n\n\n\n<p>a) Conocer y comprender los elementos, estructura, recursos, interpretaci\u00f3n y aplicaci\u00f3n del ordenamiento jur\u00eddico e interpretar las fuentes y los conceptos jur\u00eddicos fundamentales de cada uno de los distintos \u00f3rdenes jurisdiccionales.<\/p>\n\n\n\n<p>b) Conocer y comprender los mecanismos y procedimientos de resoluci\u00f3n de los&nbsp;conflictos jur\u00eddicos, as\u00ed como la posici\u00f3n jur\u00eddica de las personas en sus relaciones con la Administraci\u00f3n y en general con los poderes p\u00fablicos.<\/p>\n\n\n\n<p>c) Conocer y saber aplicar los criterios de prelaci\u00f3n de las fuentes para determinar las normas aplicables en cada caso, y en especial el de la conformidad con las reglas, los principios y los valores constitucionales.<\/p>\n\n\n\n<p>d) Interpretar textos jur\u00eddicos desde una perspectiva interdisciplinar utilizando los&nbsp;principios jur\u00eddicos y los valores y principios sociales, \u00e9ticos y deontol\u00f3gicos como herramientas de an\u00e1lisis.<\/p>\n\n\n\n<p>e) Pronunciarse con una argumentaci\u00f3n jur\u00eddica convincente sobre una cuesti\u00f3n te\u00f3rica relativa a las diversas materias jur\u00eddicas.<\/p>\n\n\n\n<p>f) Resolver casos pr\u00e1cticos conforme al Derecho positivo vigente, lo que implica la&nbsp;elaboraci\u00f3n previa de material, la identificaci\u00f3n de cuestiones problem\u00e1ticas, la&nbsp;selecci\u00f3n e interpretaci\u00f3n del dato de Derecho positivo aplicable y la exposici\u00f3n&nbsp;argumentada de la subsunci\u00f3n.<\/p>\n\n\n\n<p>g) Manejar con destreza y precisi\u00f3n el lenguaje jur\u00eddico y la terminolog\u00eda propia de las distintas ramas del derecho: redactar de forma ordenada y comprensible documentos jur\u00eddicos. Comunicar oralmente y por escrito ideas, argumentaciones y razonamientos jur\u00eddicos usando los registros adecuados en cada contexto.<\/p>\n\n\n\n<p>h) Utilizar las tecnolog\u00edas de la informaci\u00f3n y las comunicaciones para la b\u00fasqueda y obtenci\u00f3n de informaci\u00f3n jur\u00eddica (bases de datos de legislaci\u00f3n jurisprudencia,&nbsp;bibliograf\u00eda, etc.), as\u00ed como herramientas de trabajo y comunicaci\u00f3n.<\/p>\n\n\n\n<div class=\"wp-block-stackable-heading stk-block-heading stk-block-heading--v2 stk-block stk-0d06bba\" id=\"complementos-de-formacion\" data-block-id=\"0d06bba\"><style>.stk-0d06bba .stk-block-heading__text{font-weight:700 !important;}<\/style><h3 class=\"stk-block-heading__text\">Perfil de egreso<\/h3><\/div>\n\n\n\n<div class=\"wp-block-stackable-text stk-block-text stk-block stk-f79739a\" data-block-id=\"f79739a\"><p class=\"stk-block-text__text\">El M\u00e1ster est\u00e1 dise\u00f1ado para que el estudiantado egresado pueda acreditar a su t\u00e9rmino su capacitaci\u00f3n profesional, permiti\u00e9ndole el correcto y adecuado ejercicio tanto de la Abogac\u00eda como de la Procura y su inserci\u00f3n profesional. Adem\u00e1s, ofrece al estudiantado egresado la preparaci\u00f3n adecuada para superar con \u00e9xito la prueba de evaluaci\u00f3n final acreditativa de la capacitaci\u00f3n profesional para el ejercicio de la Abogac\u00eda y la Procura, que resulta imprescindible para la colegiaci\u00f3n oficial en caso de los graduados y de las graduadas. Asimismo, es un complemento formativo muy valioso para el desempe\u00f1o de la profesi\u00f3n jur\u00eddica.<\/p><\/div>\n\n\n\n<p>El ejercicio de las profesiones de Abogac\u00eda y Procura que llevar\u00e1n a cabo las y los egresados del M\u00e1ster, una vez obtenido el correspondiente t\u00edtulo profesional tras la superaci\u00f3n prueba estatal, podr\u00e1 realizarse de forma individual o colectiva, por cuenta propia (abogado\/a o procurador\/a aut\u00f3nomo\/a) o por cuenta ajena (abogado\/a o procurador\/a de entidad).<\/p>\n<\/div><\/div><\/div>\n\n\n\n<div class=\"wp-block-stackable-column stk-block-column stk-column stk-block stk-53ec762\" data-v=\"4\" data-block-id=\"53ec762\"><style>.stk-53ec762-inner-blocks{row-gap:0px !important;}.stk-53ec762 {padding-top:0px !important;padding-right:0px !important;padding-bottom:0px !important;padding-left:0px !important;}@media screen and (min-width: 768px){.stk-53ec762 {flex:var(--stk-flex-grow, 1) 1 33.3% !important;}}<\/style><div class=\"stk-column-wrapper stk-block-column__content stk-container stk-53ec762-container stk--no-background stk--no-padding\"><div class=\"stk-block-content stk-inner-blocks stk-53ec762-inner-blocks\">\n\n<ul class=\"widget-box\">\n<li class='contacto-header'>Informaci\u00f3n de contacto<\/li><li><i class=\"fa fa-map-marker\"><\/i> Avda. Astrof\u00edsico Francisco S\u00e1nchez, SN. Edificio Calabaza \u2013 AN.2D Apdo. 456 38200 San Crist\u00f3bal de La Laguna<\/li><li><i class=\"fa fa-envelope\"><\/i>  <a href=mailto:master.abogacia@ull.es>master.abogacia@ull.es<\/a><\/li><li><i class=\"fa fa-archive\"><\/i><a href=\"https:\/\/sede.ull.es\/ecivilis-site\/catalog\/showProcedure\/484\"> Procedimiento para quejas, sugerencias y felicitaciones<\/a><\/li>\n<\/ul>\n\n\n<\/div><\/div><\/div>\n<\/div><\/div>\n","protected":false},"excerpt":{"rendered":"<p>Perfil de ingreso y egreso Perfil de ingreso El perfil de ingreso son los conocimientos, habilidades y capacidades del alumnado que accede a la titulaci\u00f3n. Con car\u00e1cter general, el M\u00e1ster permitir\u00e1 el acceso a los titulados que cumplan con lo establecido en el art. 16 del RD 1393\/2007, accediendo preferentemente aquellos alumnos que, adem\u00e1s, acrediten&#8230;<\/p>\n","protected":false},"author":1,"featured_media":0,"parent":252,"menu_order":1,"comment_status":"closed","ping_status":"closed","template":"templates\/template-frontpage.php","meta":{"footnotes":""},"class_list":["post-30","page","type-page","status-publish","hentry"],"yoast_head":"<!-- This site is optimized with the Yoast SEO plugin v27.3 - https:\/\/yoast.com\/product\/yoast-seo-wordpress\/ -->\n<title>Perfil de ingreso y egreso - M\u00e1ster Universitario en Abogac\u00eda y Procura<\/title>\n<meta name=\"robots\" content=\"index, follow, max-snippet:-1, max-image-preview:large, max-video-preview:-1\" \/>\n<link rel=\"canonical\" href=\"https:\/\/www.ull.es\/masteres\/abogacia\/informacion-academica\/perfil-de-ingreso-y-egreso\/\" \/>\n<meta property=\"og:locale\" content=\"es_ES\" \/>\n<meta property=\"og:type\" content=\"article\" \/>\n<meta property=\"og:title\" content=\"Perfil de ingreso y egreso - M\u00e1ster Universitario en Abogac\u00eda y Procura\" \/>\n<meta property=\"og:description\" content=\"Perfil de ingreso y egreso Perfil de ingreso El perfil de ingreso son los conocimientos, habilidades y capacidades del alumnado que accede a la titulaci\u00f3n. Con car\u00e1cter general, el M\u00e1ster permitir\u00e1 el acceso a los titulados que cumplan con lo establecido en el art. 16 del RD 1393\/2007, accediendo preferentemente aquellos alumnos que, adem\u00e1s, acrediten...\" \/>\n<meta property=\"og:url\" content=\"https:\/\/www.ull.es\/masteres\/abogacia\/informacion-academica\/perfil-de-ingreso-y-egreso\/\" \/>\n<meta property=\"og:site_name\" content=\"M\u00e1ster Universitario en Abogac\u00eda y Procura\" \/>\n<meta property=\"article:modified_time\" content=\"2025-07-23T09:19:35+00:00\" \/>\n<meta name=\"twitter:card\" content=\"summary_large_image\" \/>\n<meta name=\"twitter:label1\" content=\"Tiempo de lectura\" \/>\n\t<meta name=\"twitter:data1\" content=\"4 minutos\" \/>\n<script type=\"application\/ld+json\" class=\"yoast-schema-graph\">{\"@context\":\"https:\\\/\\\/schema.org\",\"@graph\":[{\"@type\":\"WebPage\",\"@id\":\"https:\\\/\\\/www.ull.es\\\/masteres\\\/abogacia\\\/fr\\\/informacion-academica\\\/perfil-de-ingreso-y-egreso\\\/\",\"url\":\"https:\\\/\\\/www.ull.es\\\/masteres\\\/abogacia\\\/fr\\\/informacion-academica\\\/perfil-de-ingreso-y-egreso\\\/\",\"name\":\"Perfil de ingreso y egreso - M\u00e1ster Universitario en Abogac\u00eda y Procura\",\"isPartOf\":{\"@id\":\"https:\\\/\\\/www.ull.es\\\/masteres\\\/abogacia\\\/en\\\/#website\"},\"datePublished\":\"2017-06-28T12:58:45+00:00\",\"dateModified\":\"2025-07-23T09:19:35+00:00\",\"breadcrumb\":{\"@id\":\"https:\\\/\\\/www.ull.es\\\/masteres\\\/abogacia\\\/fr\\\/informacion-academica\\\/perfil-de-ingreso-y-egreso\\\/#breadcrumb\"},\"inLanguage\":\"es\",\"potentialAction\":[{\"@type\":\"ReadAction\",\"target\":[\"https:\\\/\\\/www.ull.es\\\/masteres\\\/abogacia\\\/fr\\\/informacion-academica\\\/perfil-de-ingreso-y-egreso\\\/\"]}]},{\"@type\":\"BreadcrumbList\",\"@id\":\"https:\\\/\\\/www.ull.es\\\/masteres\\\/abogacia\\\/fr\\\/informacion-academica\\\/perfil-de-ingreso-y-egreso\\\/#breadcrumb\",\"itemListElement\":[{\"@type\":\"ListItem\",\"position\":1,\"name\":\"Portada\",\"item\":\"https:\\\/\\\/www.ull.es\\\/masteres\\\/abogacia\\\/fr\\\/\"},{\"@type\":\"ListItem\",\"position\":2,\"name\":\"Informaci\u00f3n Acad\u00e9mica\",\"item\":\"https:\\\/\\\/www.ull.es\\\/masteres\\\/abogacia\\\/fr\\\/informacion-academica\\\/\"},{\"@type\":\"ListItem\",\"position\":3,\"name\":\"Perfil de ingreso y egreso\"}]},{\"@type\":\"WebSite\",\"@id\":\"https:\\\/\\\/www.ull.es\\\/masteres\\\/abogacia\\\/en\\\/#website\",\"url\":\"https:\\\/\\\/www.ull.es\\\/masteres\\\/abogacia\\\/en\\\/\",\"name\":\"M\u00e1ster Universitario en Abogac\u00eda y Procura\",\"description\":\"\",\"potentialAction\":[{\"@type\":\"SearchAction\",\"target\":{\"@type\":\"EntryPoint\",\"urlTemplate\":\"https:\\\/\\\/www.ull.es\\\/masteres\\\/abogacia\\\/en\\\/?s={search_term_string}\"},\"query-input\":{\"@type\":\"PropertyValueSpecification\",\"valueRequired\":true,\"valueName\":\"search_term_string\"}}],\"inLanguage\":\"es\"}]}<\/script>\n<!-- \/ Yoast SEO plugin. -->","yoast_head_json":{"title":"Perfil de ingreso y egreso - M\u00e1ster Universitario en Abogac\u00eda y Procura","robots":{"index":"index","follow":"follow","max-snippet":"max-snippet:-1","max-image-preview":"max-image-preview:large","max-video-preview":"max-video-preview:-1"},"canonical":"https:\/\/www.ull.es\/masteres\/abogacia\/informacion-academica\/perfil-de-ingreso-y-egreso\/","og_locale":"es_ES","og_type":"article","og_title":"Perfil de ingreso y egreso - M\u00e1ster Universitario en Abogac\u00eda y Procura","og_description":"Perfil de ingreso y egreso Perfil de ingreso El perfil de ingreso son los conocimientos, habilidades y capacidades del alumnado que accede a la titulaci\u00f3n. Con car\u00e1cter general, el M\u00e1ster permitir\u00e1 el acceso a los titulados que cumplan con lo establecido en el art. 16 del RD 1393\/2007, accediendo preferentemente aquellos alumnos que, adem\u00e1s, acrediten...","og_url":"https:\/\/www.ull.es\/masteres\/abogacia\/informacion-academica\/perfil-de-ingreso-y-egreso\/","og_site_name":"M\u00e1ster Universitario en Abogac\u00eda y Procura","article_modified_time":"2025-07-23T09:19:35+00:00","twitter_card":"summary_large_image","twitter_misc":{"Tiempo de lectura":"4 minutos"},"schema":{"@context":"https:\/\/schema.org","@graph":[{"@type":"WebPage","@id":"https:\/\/www.ull.es\/masteres\/abogacia\/fr\/informacion-academica\/perfil-de-ingreso-y-egreso\/","url":"https:\/\/www.ull.es\/masteres\/abogacia\/fr\/informacion-academica\/perfil-de-ingreso-y-egreso\/","name":"Perfil de ingreso y egreso - M\u00e1ster Universitario en Abogac\u00eda y Procura","isPartOf":{"@id":"https:\/\/www.ull.es\/masteres\/abogacia\/en\/#website"},"datePublished":"2017-06-28T12:58:45+00:00","dateModified":"2025-07-23T09:19:35+00:00","breadcrumb":{"@id":"https:\/\/www.ull.es\/masteres\/abogacia\/fr\/informacion-academica\/perfil-de-ingreso-y-egreso\/#breadcrumb"},"inLanguage":"es","potentialAction":[{"@type":"ReadAction","target":["https:\/\/www.ull.es\/masteres\/abogacia\/fr\/informacion-academica\/perfil-de-ingreso-y-egreso\/"]}]},{"@type":"BreadcrumbList","@id":"https:\/\/www.ull.es\/masteres\/abogacia\/fr\/informacion-academica\/perfil-de-ingreso-y-egreso\/#breadcrumb","itemListElement":[{"@type":"ListItem","position":1,"name":"Portada","item":"https:\/\/www.ull.es\/masteres\/abogacia\/fr\/"},{"@type":"ListItem","position":2,"name":"Informaci\u00f3n Acad\u00e9mica","item":"https:\/\/www.ull.es\/masteres\/abogacia\/fr\/informacion-academica\/"},{"@type":"ListItem","position":3,"name":"Perfil de ingreso y egreso"}]},{"@type":"WebSite","@id":"https:\/\/www.ull.es\/masteres\/abogacia\/en\/#website","url":"https:\/\/www.ull.es\/masteres\/abogacia\/en\/","name":"M\u00e1ster Universitario en Abogac\u00eda y Procura","description":"","potentialAction":[{"@type":"SearchAction","target":{"@type":"EntryPoint","urlTemplate":"https:\/\/www.ull.es\/masteres\/abogacia\/en\/?s={search_term_string}"},"query-input":{"@type":"PropertyValueSpecification","valueRequired":true,"valueName":"search_term_string"}}],"inLanguage":"es"}]}},"_links":{"self":[{"href":"https:\/\/www.ull.es\/masteres\/abogacia\/wp-json\/wp\/v2\/pages\/30","targetHints":{"allow":["GET"]}}],"collection":[{"href":"https:\/\/www.ull.es\/masteres\/abogacia\/wp-json\/wp\/v2\/pages"}],"about":[{"href":"https:\/\/www.ull.es\/masteres\/abogacia\/wp-json\/wp\/v2\/types\/page"}],"author":[{"embeddable":true,"href":"https:\/\/www.ull.es\/masteres\/abogacia\/wp-json\/wp\/v2\/users\/1"}],"replies":[{"embeddable":true,"href":"https:\/\/www.ull.es\/masteres\/abogacia\/wp-json\/wp\/v2\/comments?post=30"}],"version-history":[{"count":12,"href":"https:\/\/www.ull.es\/masteres\/abogacia\/wp-json\/wp\/v2\/pages\/30\/revisions"}],"predecessor-version":[{"id":1112,"href":"https:\/\/www.ull.es\/masteres\/abogacia\/wp-json\/wp\/v2\/pages\/30\/revisions\/1112"}],"up":[{"embeddable":true,"href":"https:\/\/www.ull.es\/masteres\/abogacia\/wp-json\/wp\/v2\/pages\/252"}],"wp:attachment":[{"href":"https:\/\/www.ull.es\/masteres\/abogacia\/wp-json\/wp\/v2\/media?parent=30"}],"curies":[{"name":"wp","href":"https:\/\/api.w.org\/{rel}","templated":true}]}}