{"id":30,"date":"2017-06-28T12:58:45","date_gmt":"2017-06-28T12:58:45","guid":{"rendered":"http:\/\/www.ull.es\/masteres\/desarrollo-y-gestion-de-recursos-humanos\/?page_id=30"},"modified":"2025-07-23T09:28:46","modified_gmt":"2025-07-23T09:28:46","slug":"perfil-de-ingreso-y-egreso","status":"publish","type":"page","link":"https:\/\/www.ull.es\/masteres\/analisis-aplicado-ciencias-sociales\/en\/informacion-academica\/perfil-de-ingreso-y-egreso\/","title":{"rendered":"Admission and graduation profile"},"content":{"rendered":"\n<div class=\"wp-block-stackable-columns alignfull stk-block-columns stk-block stk-2314a6b\" data-block-id=\"2314a6b\"><style>.stk-2314a6b {padding-bottom:0px !important;margin-top:-100px !important;margin-bottom:0px !important;}<\/style><div class=\"stk-row stk-inner-blocks stk-block-content stk-content-align stk-2314a6b-column alignfull\">\n<div class=\"wp-block-stackable-column stk-block-column stk-column stk-block stk-1d1764d\" data-v=\"4\" data-block-id=\"1d1764d\"><div class=\"stk-column-wrapper stk-block-column__content stk-container stk-1d1764d-container stk--no-background stk--no-padding\"><div class=\"stk-block-content stk-inner-blocks stk-1d1764d-inner-blocks\"><style id=\"depicter-1-inline-pre-css\">\n\n.depicter-1:not(.depicter-ready){\n\theight:450px;\n}\n\n\/***** Tablet *****\/\n@media screen and (max-width: 1024px){\n\n.depicter-1:not(.depicter-ready){\n\theight:700px;\n}\n\n}\n\/***** Mobile *****\/\n@media screen and (max-width: 767px){\n\n.depicter-1:not(.depicter-ready){\n\theight:360px;\n}\n\n}\n<\/style>\n<div id=\"depicter-1\" class=\"depicter depicter-document depicter-revert depicter-1 depicter-layout-fullwidth\">\n\n<div class=\"depicter-loading-container depicter-loading dotFlashing-dark\"><div class=\"depicter-loading-dark depicter-dot-flashing\">\n   <span><\/span>\n   <span><\/span>\n   <span><\/span>\n<\/div>\n<\/div>\n<div id=\"depicter-1-section-1\" class=\"depicter-section depicter-1-section-1\" data-name=\"Section 1\" data-type=\"section\" data-local-id=\"section-1\">\n<picture class=\"depicter-bg\">\n<source data-depicter-srcset=\"https:\/\/www.ull.es\/masteres\/analisis-aplicado-ciencias-sociales\/wp-content\/uploads\/sites\/67\/2025\/07\/Headers-Masteres_Analisis-Aplicado-para-las-Ciencias-Sociales-768x248.jpg, https:\/\/www.ull.es\/masteres\/analisis-aplicado-ciencias-sociales\/wp-content\/uploads\/sites\/67\/2025\/07\/Headers-Masteres_Analisis-Aplicado-para-las-Ciencias-Sociales.jpg 2x\" srcset=\"data:image\/gif;base64,R0lGODlhAQABAIAAAAAAAP\/\/\/yH5BAEAAAAALAAAAAABAAEAAAIBRAA7\" media=\"(max-width: 1024px)\" \/>\n\n<source data-depicter-srcset=\"https:\/\/www.ull.es\/masteres\/analisis-aplicado-ciencias-sociales\/wp-content\/uploads\/sites\/67\/2025\/07\/Headers-Masteres_Analisis-Aplicado-para-las-Ciencias-Sociales.jpg, https:\/\/www.ull.es\/masteres\/analisis-aplicado-ciencias-sociales\/wp-content\/uploads\/sites\/67\/2025\/07\/Headers-Masteres_Analisis-Aplicado-para-las-Ciencias-Sociales-1280x413.jpg 2x\" srcset=\"data:image\/gif;base64,R0lGODlhAQABAIAAAAAAAP\/\/\/yH5BAEAAAAALAAAAAABAAEAAAIBRAA7\" media=\"(min-width: 1025px)\" \/>\n<img decoding=\"async\" src=\"data:image\/gif;base64,R0lGODlhAQABAIAAAAAAAP\/\/\/yH5BAEAAAAALAAAAAABAAEAAAIBRAA7\" data-ken-burns=\"false\" data-tablet-ken-burns=\"false\" data-mobile-ken-burns=\"false\" alt=\"\" data-depicter-src=\"https:\/\/www.ull.es\/masteres\/analisis-aplicado-ciencias-sociales\/wp-content\/uploads\/sites\/67\/2025\/07\/Headers-Masteres_Analisis-Aplicado-para-las-Ciencias-Sociales.jpg\" data-object-fit=\"custom,custom,\" data-object-position=\"center top,,\" data-crop=\"{'focalPoint':{'x':0.5,'y':0.5},'mediaSize':{'width':1394.6731234866829254315234720706939697265625,'height':450}}\" data-tablet-crop=\"{'focalPoint':{'x':0.5,'y':0.5},'mediaSize':{'width':2169.4915254237284898408688604831695556640625,'height':700}}\" data-mobile-crop=\"{'focalPoint':{'x':0.5,'y':0.5},'mediaSize':{'width':1394.6731234866829254315234720706939697265625,'height':450}}\" \/>\n<\/picture>\n\n\n<h1 id=\"depicter-1-element-5\" class=\"depicter-element depicter-layer depicter-1-element-5\" data-type=\"text\" data-wrap=\"true\" data-name=\"Text 2\" data-local-id=\"element-5\" data-offset=\"x:0px;y:99px;origin:tl\" data-tablet-offset=\"x:203px;y:206px;origin:tl\" data-mobile-offset=\"x:-16px;y:60px;origin:tl\" data-width=\"1200px,633px,408px\" data-height=\"auto,auto,auto\" data-responsive-scale=\"true,,\">M\u00e1ster Universitario en An\u00e1lisis Aplicado para las Ciencias Sociales<br><\/h1>\n\n<div id=\"depicter-1-element-10\" class=\"depicter-element depicter-layer depicter-1-element-10\" data-type=\"shape\" data-wrap=\"true\" data-name=\"Shape 1\" data-local-id=\"element-10\" data-offset=\"x:0px;y:363px;origin:tl\" data-tablet-offset=\"x:196px;y:494px;origin:tl\" data-mobile-offset=\"x:-16px;y:263px;origin:tl\" data-width=\"1093px,647px,408px\" data-height=\"8px,8px,8px\" data-responsive-scale=\"true,,\"><\/div>\n<\/div>\n<\/div>\n<script>\n(window.depicterSetups = window.depicterSetups || []).push(function(){\n\tDepicter.basePath = 'https:\/\/www.ull.es\/masteres\/analisis-aplicado-ciencias-sociales\/wp-content\/plugins\/depicter\/resources\/scripts\/player\/';\n\tconst dpPlayer = Depicter.setup('.depicter-1',\n\t\t{\"width\":[\"1200\",\"1024\",\"360\"],\"height\":[\"450\",\"700\",\"360\"],\"view\":\"basic\",\"keepAspectRatio\":true,\"preload\":0,\"layout\":\"fullwidth\",\"rtl\":false,\"initAfterAppear\":false,\"ajaxApiUrl\":\"https:\\\/\\\/www.ull.es\\\/masteres\\\/analisis-aplicado-ciencias-sociales\\\/wp-admin\\\/admin-ajax.php\",\"mouseSwipe\":true,\"touchSwipe\":true,\"useWatermark\":false}\n\t);\n});\n<\/script><\/div><\/div><\/div>\n<\/div><\/div>\n\n\n\n<div class=\"wp-block-stackable-columns alignfull stk-block-columns stk--hide-mobile stk-block stk-6394276 stk-block-background\" data-block-id=\"6394276\"><style>.stk-6394276 {background-color:#fa6199 !important;padding-top:50px !important;padding-right:0px !important;padding-bottom:1px !important;padding-left:0px !important;margin-top:-40px !important;margin-bottom:0px !important;}.stk-6394276:before{background-color:#fa6199 !important;}<\/style><div class=\"stk-row stk-inner-blocks stk-block-content stk-content-align stk-6394276-column alignfull\">\n<div class=\"wp-block-stackable-column stk-block-column stk-column stk-block stk-8a66885\" data-v=\"4\" data-block-id=\"8a66885\"><div class=\"stk-column-wrapper stk-block-column__content stk-container stk-8a66885-container stk--no-background stk--no-padding\"><div class=\"stk-block-content stk-inner-blocks stk-8a66885-inner-blocks\">\n<div class=\"wp-block-stackable-spacer stk-block-spacer stk--no-padding stk-block stk-bc89b3e\" data-block-id=\"bc89b3e\"><style>.stk-bc89b3e {height:0px !important;}<\/style><\/div>\n<\/div><\/div><\/div>\n<\/div><\/div>\n\n\n\n<div class=\"wp-block-stackable-columns stk-block-columns stk-block stk-8b59b96\" data-block-id=\"8b59b96\"><style>.stk-8b59b96 .stk--block-align-8b59b96{align-items:flex-start !important;}.stk-8b59b96 {margin-top:50px !important;}.stk-8b59b96-column{--stk-columns-spacing:0px !important;--stk-column-gap:50px !important;}@media screen and (max-width: 767px){.stk-8b59b96-column{row-gap:var(--stk--preset--spacing--60, 2.25rem) !important;}}<\/style><div class=\"stk-row stk-inner-blocks stk--block-align-8b59b96 stk-block-content stk-content-align stk-8b59b96-column\">\n<div class=\"wp-block-stackable-column stk-block-column stk-column stk-block stk-dbb7e15\" data-v=\"4\" data-block-id=\"dbb7e15\"><style>@media screen and (min-width: 768px){.stk-dbb7e15 {flex:var(--stk-flex-grow, 1) 1 66.7% !important;}}<\/style><div class=\"stk-column-wrapper stk-block-column__content stk-container stk-dbb7e15-container stk--no-background stk--no-padding\"><div class=\"stk-block-content stk-inner-blocks stk-dbb7e15-inner-blocks\">\n<div class=\"wp-block-stackable-heading stk-block-heading stk-block-heading--v2 stk-block stk-cc0239e\" id=\"complementos-de-formacion\" data-block-id=\"cc0239e\"><style>.stk-cc0239e .stk-block-heading__text{color:#fa6199 !important;font-weight:500 !important;}<\/style><h1 class=\"stk-block-heading__text has-text-color\">Perfil de ingreso y egreso<\/h1><\/div>\n\n\n\n<div class=\"wp-block-stackable-heading stk-block-heading stk-block-heading--v2 stk-block stk-2a76251\" id=\"complementos-de-formacion\" data-block-id=\"2a76251\"><style>.stk-2a76251 .stk-block-heading__text{font-weight:700 !important;}<\/style><h3 class=\"stk-block-heading__text\">Perfil de ingreso<\/h3><\/div>\n\n\n\n<div class=\"wp-block-stackable-text stk-block-text stk-block stk-3310fbd\" data-block-id=\"3310fbd\"><p class=\"stk-block-text__text\">Las personas que ingresen en el m\u00e1ster han de tener vocaci\u00f3n e inter\u00e9s por las t\u00e9cnicas de an\u00e1lisis aplicado, tanto para desarrollarse profesionalmente como para iniciarse en la carrera investigadora El M\u00e1ster Universitario en An\u00e1lisis Aplicado para las Ciencias Sociales se dirige especialmente a egresados y egresadas de titulaciones en Ciencias Sociales y Jur\u00eddicas con al menos dos asignaturas de m\u00e9todos cuantitativos, tales como los grados en Administraci\u00f3n y Direcci\u00f3n de Empresas, Antropolog\u00eda Social y Cultural, Contabilidad y Finanzas, Econom\u00eda, Geograf\u00eda y Ordenaci\u00f3n del Territorio, Sociolog\u00eda, y Turismo y, en menor medida, los grados en Ciencias Sociales con menor formaci\u00f3n en m\u00e9todos cuantitativos, como son el grado de Pedagog\u00eda, Periodismo, Trabajo Social o Relaciones Laborales, entre otros. Para que los egresados de estos grados puedan acceder al master, se exigir\u00e1n complementos formativos. Tambi\u00e9n tienen cabida los egresados o egresadas que hayan desarrollado competencias en el uso de m\u00e9todos num\u00e9ricos y cuantitativos, como Ciencias Medioambientales, Estad\u00edstica, Ingenier\u00eda Inform\u00e1tica o Matem\u00e1ticas, y que est\u00e9n altamente motivados en la introducci\u00f3n de la resoluci\u00f3n de problemas desde una perspectiva de las Ciencias Sociales.<\/p><\/div>\n\n\n\n<p>M\u00e1s espec\u00edficamente, el m\u00e1ster va dirigido a quienes hayan cursado titulaciones en Ciencias Sociales y Jur\u00eddicas o, siendo de otras ramas del conocimiento, tengan conocimientos b\u00e1sicos en m\u00e9todos num\u00e9ricos y estad\u00edsticos, y que quieran profundizar o actualizarse en:<\/p>\n\n\n\n<ol class=\"wp-block-list\">\n<li>El estudio de aspectos relevantes en las Ciencias Sociales desde una perspectiva multidisciplinar.<\/li>\n\n\n\n<li>El conocimiento y la profundizaci\u00f3n de las t\u00e9cnicas y m\u00e9todos de investigaci\u00f3n social (cuantitativas y cualitativas) para iniciarse en la carrera investigadora.<\/li>\n\n\n\n<li>El uso de m\u00e9todos aplicados de investigaci\u00f3n para el an\u00e1lisis de indicadores econ\u00f3micos, sociales o medioambientales, realizaci\u00f3n de informes de coyuntura, y estudios de eficiencia y de an\u00e1lisis multicriterio y multivariante con aplicaciones al sector profesional y a la consultor\u00eda.<\/li>\n\n\n\n<li>El aprendizaje de m\u00e9todos cuantitativos avanzados usando extensivamente paquetes estad\u00edsticos y econom\u00e9tricos con aplicaciones de casos reales, basados en trabajos cient\u00edficos o en aplicaciones de consultor\u00eda.<\/li>\n\n\n\n<li>La elaboraci\u00f3n y dise\u00f1o de encuestas sociales y del an\u00e1lisis de sus resultados e implicaciones de los mismos.<\/li>\n\n\n\n<li>El an\u00e1lisis de la efectividad de las pol\u00edticas p\u00fablicas en temas como la lucha contra la desigualdad social, las mejoras en equidad en salud o en beneficio de un crecimiento sostenible.<\/li>\n\n\n\n<li>La aplicaci\u00f3n de las nuevas tecnolog\u00edas de uso masivo de datos y de t\u00e9cnicas de sistemas geogr\u00e1ficos de informaci\u00f3n aplicadas en los estudios relacionados con las ciencias sociales.<\/li>\n<\/ol>\n\n\n\n<p>El m\u00e1ster se impartir\u00e1 en la lengua oficial del castellano y requiere que el alumnado tenga conocimientos b\u00e1sicos previos sobre m\u00e9todos estad\u00edsticos y manejo de datos.<\/p>\n\n\n\n<div class=\"wp-block-stackable-heading stk-block-heading stk-block-heading--v2 stk-block stk-0d06bba\" id=\"complementos-de-formacion\" data-block-id=\"0d06bba\"><style>.stk-0d06bba .stk-block-heading__text{font-weight:700 !important;}<\/style><h3 class=\"stk-block-heading__text\">Perfil de egreso<\/h3><\/div>\n\n\n\n<div class=\"wp-block-stackable-text stk-block-text stk-block stk-f79739a\" data-block-id=\"f79739a\"><p class=\"stk-block-text__text\">Existe una demanda creciente de profesionales cualificados con perfil t\u00e9cnico por parte de las administraciones p\u00fablicas canarias y del entorno privado empresarial. El M\u00e1ster Universitario en An\u00e1lisis Aplicado para las Ciencias Sociales de la ULL apuesta por la formaci\u00f3n de profesionales e investigadores desde un enfoque multidisciplinar para que sean capaces de analizar y resolver problemas de inter\u00e9s social y medioambiental usando t\u00e9cnicas de an\u00e1lisis aplicado riguroso. El m\u00e1ster mantiene as\u00ed un firme compromiso en la preparaci\u00f3n del egresado para trabajar en empresas privadas como consultor\u00edas y gabinetes, organismos p\u00fablicos, centros de investigaci\u00f3n en las tareas de transferencia de resultados hacia otros agentes socioecon\u00f3micos, o bien iniciarse en la carrera investigadora tanto el \u00e1mbito regional como en el resto del contexto europeo.<\/p><\/div>\n\n\n\n<p>El m\u00e1ster tambi\u00e9n se compromete y apuesta porque el egresado pueda continuar una carrera de investigaci\u00f3n de calidad. En general, el contenido formativo del m\u00e1ster propuesto, contribuir\u00e1 a mejorar la formaci\u00f3n de los egresados\/as que quieran iniciar una carrera acad\u00e9mica tanto en la ULL como en otras universidades nacionales o extranjeras en el \u00e1mbito de las ciencias sociales.<\/p>\n\n\n\n<p>Una formaci\u00f3n exigente, de calidad y eminentemente pr\u00e1ctica de los egresados y egresadas en ciencias sociales en m\u00e9todos de an\u00e1lisis aplicado servir\u00e1 tambi\u00e9n para formar a futuros investigadores de centros acad\u00e9micos y de investigaci\u00f3n en el \u00e1mbito regional.<\/p>\n<\/div><\/div><\/div>\n\n\n\n<div class=\"wp-block-stackable-column stk-block-column stk-column stk-block stk-53ec762\" data-v=\"4\" data-block-id=\"53ec762\"><style>.stk-53ec762-inner-blocks{row-gap:0px !important;}.stk-53ec762 {padding-top:0px !important;padding-right:0px !important;padding-bottom:0px !important;padding-left:0px !important;}@media screen and (min-width: 768px){.stk-53ec762 {flex:var(--stk-flex-grow, 1) 1 33.3% !important;}}<\/style><div class=\"stk-column-wrapper stk-block-column__content stk-container stk-53ec762-container stk--no-background stk--no-padding\"><div class=\"stk-block-content stk-inner-blocks stk-53ec762-inner-blocks\">\n\n<ul class=\"widget-box\">\n<li class='contacto-header'>Informaci\u00f3n de contacto<\/li><li><i class=\"fa fa-map-marker\"><\/i> Escuela de Doctorado y Estudios de Posgrado: Avda. Astrof\u00edsico Francisco S\u00e1nchez, SN. Edificio Calabaza, 38200 San Crist\u00f3bal de La Laguna<\/li><li><i class=\"fa fa-envelope\"><\/i>  <a href=mailto:Consulta Administrativa: master@ull.es>Consulta Administrativa: master@ull.es<\/a><\/li><li><i class=\"fa fa-envelope\"><\/i>  <a href=mailto:Consulta Acad\u00e9mica: muaac@ull.es>Consulta Acad\u00e9mica: muaac@ull.es<\/a><\/li><li><i class=\"fa fa-archive\"><\/i><a href=\"https:\/\/sede.ull.es\/ecivilis-site\/catalog\/showProcedure\/484\"> Procedimiento para quejas, sugerencias y felicitaciones<\/a><\/li>\n<\/ul>\n\n\n<\/div><\/div><\/div>\n<\/div><\/div>\n","protected":false},"excerpt":{"rendered":"<p>Admission and Graduation Profile Admission Profile Those entering the master&#039;s degree must have a vocation and interest in applied analysis techniques, both for professional development and to begin a research career. The Master&#039;s Degree in Applied Analysis for the Social Sciences is especially aimed at graduates\u2026<\/p>","protected":false},"author":1,"featured_media":0,"parent":252,"menu_order":1,"comment_status":"closed","ping_status":"closed","template":"templates\/template-frontpage.php","meta":{"footnotes":""},"class_list":["post-30","page","type-page","status-publish","hentry"],"yoast_head":"<!-- This site is optimized with the Yoast SEO plugin v27.3 - https:\/\/yoast.com\/product\/yoast-seo-wordpress\/ -->\n<title>Perfil de ingreso y egreso - M\u00e1ster Universitario en An\u00e1lisis Aplicado para las Ciencias Sociales<\/title>\n<meta name=\"robots\" content=\"noindex, follow, max-snippet:-1, max-image-preview:large, max-video-preview:-1\" \/>\n<meta property=\"og:locale\" content=\"en_GB\" \/>\n<meta property=\"og:type\" content=\"article\" \/>\n<meta property=\"og:title\" content=\"Perfil de ingreso y egreso - M\u00e1ster Universitario en An\u00e1lisis Aplicado para las Ciencias Sociales\" \/>\n<meta property=\"og:description\" content=\"Perfil de ingreso y egreso Perfil de ingreso Las personas que ingresen en el m\u00e1ster han de tener vocaci\u00f3n e inter\u00e9s por las t\u00e9cnicas de an\u00e1lisis aplicado, tanto para desarrollarse profesionalmente como para iniciarse en la carrera investigadora El M\u00e1ster Universitario en An\u00e1lisis Aplicado para las Ciencias Sociales se dirige especialmente a egresados y egresadas...\" \/>\n<meta property=\"og:url\" content=\"https:\/\/www.ull.es\/masteres\/analisis-aplicado-ciencias-sociales\/en\/informacion-academica\/perfil-de-ingreso-y-egreso\/\" \/>\n<meta property=\"og:site_name\" content=\"M\u00e1ster Universitario en An\u00e1lisis Aplicado para las Ciencias Sociales\" \/>\n<meta property=\"article:modified_time\" content=\"2025-07-23T09:28:46+00:00\" \/>\n<meta name=\"twitter:card\" content=\"summary_large_image\" \/>\n<meta name=\"twitter:label1\" content=\"Estimated reading time\" \/>\n\t<meta name=\"twitter:data1\" content=\"4 minutes\" \/>\n<script type=\"application\/ld+json\" class=\"yoast-schema-graph\">{\"@context\":\"https:\\\/\\\/schema.org\",\"@graph\":[{\"@type\":\"WebPage\",\"@id\":\"https:\\\/\\\/www.ull.es\\\/masteres\\\/analisis-aplicado-ciencias-sociales\\\/informacion-academica\\\/perfil-de-ingreso-y-egreso\\\/\",\"url\":\"https:\\\/\\\/www.ull.es\\\/masteres\\\/analisis-aplicado-ciencias-sociales\\\/informacion-academica\\\/perfil-de-ingreso-y-egreso\\\/\",\"name\":\"Perfil de ingreso y egreso - M\u00e1ster Universitario en An\u00e1lisis Aplicado para las Ciencias Sociales\",\"isPartOf\":{\"@id\":\"https:\\\/\\\/www.ull.es\\\/masteres\\\/analisis-aplicado-ciencias-sociales\\\/#website\"},\"datePublished\":\"2017-06-28T12:58:45+00:00\",\"dateModified\":\"2025-07-23T09:28:46+00:00\",\"breadcrumb\":{\"@id\":\"https:\\\/\\\/www.ull.es\\\/masteres\\\/analisis-aplicado-ciencias-sociales\\\/informacion-academica\\\/perfil-de-ingreso-y-egreso\\\/#breadcrumb\"},\"inLanguage\":\"en-GB\",\"potentialAction\":[{\"@type\":\"ReadAction\",\"target\":[\"https:\\\/\\\/www.ull.es\\\/masteres\\\/analisis-aplicado-ciencias-sociales\\\/informacion-academica\\\/perfil-de-ingreso-y-egreso\\\/\"]}]},{\"@type\":\"BreadcrumbList\",\"@id\":\"https:\\\/\\\/www.ull.es\\\/masteres\\\/analisis-aplicado-ciencias-sociales\\\/informacion-academica\\\/perfil-de-ingreso-y-egreso\\\/#breadcrumb\",\"itemListElement\":[{\"@type\":\"ListItem\",\"position\":1,\"name\":\"Portada\",\"item\":\"https:\\\/\\\/www.ull.es\\\/masteres\\\/analisis-aplicado-ciencias-sociales\\\/\"},{\"@type\":\"ListItem\",\"position\":2,\"name\":\"Informaci\u00f3n Acad\u00e9mica\",\"item\":\"https:\\\/\\\/www.ull.es\\\/masteres\\\/analisis-aplicado-ciencias-sociales\\\/informacion-academica\\\/\"},{\"@type\":\"ListItem\",\"position\":3,\"name\":\"Perfil de ingreso y egreso\"}]},{\"@type\":\"WebSite\",\"@id\":\"https:\\\/\\\/www.ull.es\\\/masteres\\\/analisis-aplicado-ciencias-sociales\\\/#website\",\"url\":\"https:\\\/\\\/www.ull.es\\\/masteres\\\/analisis-aplicado-ciencias-sociales\\\/\",\"name\":\"M\u00e1ster Universitario en An\u00e1lisis Aplicado para las Ciencias Sociales\",\"description\":\"\",\"potentialAction\":[{\"@type\":\"SearchAction\",\"target\":{\"@type\":\"EntryPoint\",\"urlTemplate\":\"https:\\\/\\\/www.ull.es\\\/masteres\\\/analisis-aplicado-ciencias-sociales\\\/?s={search_term_string}\"},\"query-input\":{\"@type\":\"PropertyValueSpecification\",\"valueRequired\":true,\"valueName\":\"search_term_string\"}}],\"inLanguage\":\"en-GB\"}]}<\/script>\n<!-- \/ Yoast SEO plugin. -->","yoast_head_json":{"title":"Admission and graduation profile - Master&#039;s Degree in Applied Analysis for the Social Sciences","robots":{"index":"noindex","follow":"follow","max-snippet":"max-snippet:-1","max-image-preview":"max-image-preview:large","max-video-preview":"max-video-preview:-1"},"og_locale":"en_GB","og_type":"article","og_title":"Perfil de ingreso y egreso - M\u00e1ster Universitario en An\u00e1lisis Aplicado para las Ciencias Sociales","og_description":"Perfil de ingreso y egreso Perfil de ingreso Las personas que ingresen en el m\u00e1ster han de tener vocaci\u00f3n e inter\u00e9s por las t\u00e9cnicas de an\u00e1lisis aplicado, tanto para desarrollarse profesionalmente como para iniciarse en la carrera investigadora El M\u00e1ster Universitario en An\u00e1lisis Aplicado para las Ciencias Sociales se dirige especialmente a egresados y egresadas...","og_url":"https:\/\/www.ull.es\/masteres\/analisis-aplicado-ciencias-sociales\/en\/informacion-academica\/perfil-de-ingreso-y-egreso\/","og_site_name":"M\u00e1ster Universitario en An\u00e1lisis Aplicado para las Ciencias Sociales","article_modified_time":"2025-07-23T09:28:46+00:00","twitter_card":"summary_large_image","twitter_misc":{"Estimated reading time":"4 minutes"},"schema":{"@context":"https:\/\/schema.org","@graph":[{"@type":"WebPage","@id":"https:\/\/www.ull.es\/masteres\/analisis-aplicado-ciencias-sociales\/informacion-academica\/perfil-de-ingreso-y-egreso\/","url":"https:\/\/www.ull.es\/masteres\/analisis-aplicado-ciencias-sociales\/informacion-academica\/perfil-de-ingreso-y-egreso\/","name":"Admission and graduation profile - Master&#039;s Degree in Applied Analysis for the Social Sciences","isPartOf":{"@id":"https:\/\/www.ull.es\/masteres\/analisis-aplicado-ciencias-sociales\/#website"},"datePublished":"2017-06-28T12:58:45+00:00","dateModified":"2025-07-23T09:28:46+00:00","breadcrumb":{"@id":"https:\/\/www.ull.es\/masteres\/analisis-aplicado-ciencias-sociales\/informacion-academica\/perfil-de-ingreso-y-egreso\/#breadcrumb"},"inLanguage":"en-GB","potentialAction":[{"@type":"ReadAction","target":["https:\/\/www.ull.es\/masteres\/analisis-aplicado-ciencias-sociales\/informacion-academica\/perfil-de-ingreso-y-egreso\/"]}]},{"@type":"BreadcrumbList","@id":"https:\/\/www.ull.es\/masteres\/analisis-aplicado-ciencias-sociales\/informacion-academica\/perfil-de-ingreso-y-egreso\/#breadcrumb","itemListElement":[{"@type":"ListItem","position":1,"name":"Portada","item":"https:\/\/www.ull.es\/masteres\/analisis-aplicado-ciencias-sociales\/"},{"@type":"ListItem","position":2,"name":"Informaci\u00f3n Acad\u00e9mica","item":"https:\/\/www.ull.es\/masteres\/analisis-aplicado-ciencias-sociales\/informacion-academica\/"},{"@type":"ListItem","position":3,"name":"Perfil de ingreso y egreso"}]},{"@type":"WebSite","@id":"https:\/\/www.ull.es\/masteres\/analisis-aplicado-ciencias-sociales\/#website","url":"https:\/\/www.ull.es\/masteres\/analisis-aplicado-ciencias-sociales\/","name":"Master&#039;s Degree in Applied Analysis for Social Sciences","description":"","potentialAction":[{"@type":"SearchAction","target":{"@type":"EntryPoint","urlTemplate":"https:\/\/www.ull.es\/masteres\/analisis-aplicado-ciencias-sociales\/?s={search_term_string}"},"query-input":{"@type":"PropertyValueSpecification","valueRequired":true,"valueName":"search_term_string"}}],"inLanguage":"en-GB"}]}},"_links":{"self":[{"href":"https:\/\/www.ull.es\/masteres\/analisis-aplicado-ciencias-sociales\/en\/wp-json\/wp\/v2\/pages\/30","targetHints":{"allow":["GET"]}}],"collection":[{"href":"https:\/\/www.ull.es\/masteres\/analisis-aplicado-ciencias-sociales\/en\/wp-json\/wp\/v2\/pages"}],"about":[{"href":"https:\/\/www.ull.es\/masteres\/analisis-aplicado-ciencias-sociales\/en\/wp-json\/wp\/v2\/types\/page"}],"author":[{"embeddable":true,"href":"https:\/\/www.ull.es\/masteres\/analisis-aplicado-ciencias-sociales\/en\/wp-json\/wp\/v2\/users\/1"}],"replies":[{"embeddable":true,"href":"https:\/\/www.ull.es\/masteres\/analisis-aplicado-ciencias-sociales\/en\/wp-json\/wp\/v2\/comments?post=30"}],"version-history":[{"count":6,"href":"https:\/\/www.ull.es\/masteres\/analisis-aplicado-ciencias-sociales\/en\/wp-json\/wp\/v2\/pages\/30\/revisions"}],"predecessor-version":[{"id":1403,"href":"https:\/\/www.ull.es\/masteres\/analisis-aplicado-ciencias-sociales\/en\/wp-json\/wp\/v2\/pages\/30\/revisions\/1403"}],"up":[{"embeddable":true,"href":"https:\/\/www.ull.es\/masteres\/analisis-aplicado-ciencias-sociales\/en\/wp-json\/wp\/v2\/pages\/252"}],"wp:attachment":[{"href":"https:\/\/www.ull.es\/masteres\/analisis-aplicado-ciencias-sociales\/en\/wp-json\/wp\/v2\/media?parent=30"}],"curies":[{"name":"wp","href":"https:\/\/api.w.org\/{rel}","templated":true}]}}