{"id":26,"date":"2017-06-28T12:58:08","date_gmt":"2017-06-28T12:58:08","guid":{"rendered":"http:\/\/www.ull.es\/masteres\/desarrollo-y-gestion-de-recursos-humanos\/?page_id=26"},"modified":"2025-07-23T09:28:32","modified_gmt":"2025-07-23T09:28:32","slug":"descripcion-del-titulo","status":"publish","type":"page","link":"https:\/\/www.ull.es\/masteres\/analisis-aplicado-ciencias-sociales\/fr\/informacion-academica\/descripcion-del-titulo\/","title":{"rendered":"Description du titre"},"content":{"rendered":"\n<div class=\"wp-block-stackable-columns alignfull stk-block-columns stk-block stk-2314a6b\" data-block-id=\"2314a6b\"><style>.stk-2314a6b {padding-bottom:0px !important;margin-top:-100px !important;margin-bottom:0px !important;}<\/style><div class=\"stk-row stk-inner-blocks stk-block-content stk-content-align stk-2314a6b-column alignfull\">\n<div class=\"wp-block-stackable-column stk-block-column stk-column stk-block stk-1d1764d\" data-v=\"4\" data-block-id=\"1d1764d\"><div class=\"stk-column-wrapper stk-block-column__content stk-container stk-1d1764d-container stk--no-background stk--no-padding\"><div class=\"stk-block-content stk-inner-blocks stk-1d1764d-inner-blocks\"><style id=\"depicter-1-inline-pre-css\">\n\n.depicter-1:not(.depicter-ready){\n\theight:450px;\n}\n\n\/***** Tablet *****\/\n@media screen and (max-width: 1024px){\n\n.depicter-1:not(.depicter-ready){\n\theight:700px;\n}\n\n}\n\/***** Mobile *****\/\n@media screen and (max-width: 767px){\n\n.depicter-1:not(.depicter-ready){\n\theight:360px;\n}\n\n}\n<\/style>\n<div id=\"depicter-1\" class=\"depicter depicter-document depicter-revert depicter-1 depicter-layout-fullwidth\">\n\n<div class=\"depicter-loading-container depicter-loading dotFlashing-dark\"><div class=\"depicter-loading-dark depicter-dot-flashing\">\n   <span><\/span>\n   <span><\/span>\n   <span><\/span>\n<\/div>\n<\/div>\n<div id=\"depicter-1-section-1\" class=\"depicter-section depicter-1-section-1\" data-name=\"Section 1\" data-type=\"section\" data-local-id=\"section-1\">\n<picture class=\"depicter-bg\">\n<source data-depicter-srcset=\"https:\/\/www.ull.es\/masteres\/analisis-aplicado-ciencias-sociales\/wp-content\/uploads\/sites\/67\/2025\/07\/Headers-Masteres_Analisis-Aplicado-para-las-Ciencias-Sociales-768x248.jpg, https:\/\/www.ull.es\/masteres\/analisis-aplicado-ciencias-sociales\/wp-content\/uploads\/sites\/67\/2025\/07\/Headers-Masteres_Analisis-Aplicado-para-las-Ciencias-Sociales.jpg 2x\" srcset=\"data:image\/gif;base64,R0lGODlhAQABAIAAAAAAAP\/\/\/yH5BAEAAAAALAAAAAABAAEAAAIBRAA7\" media=\"(max-width: 1024px)\" \/>\n\n<source data-depicter-srcset=\"https:\/\/www.ull.es\/masteres\/analisis-aplicado-ciencias-sociales\/wp-content\/uploads\/sites\/67\/2025\/07\/Headers-Masteres_Analisis-Aplicado-para-las-Ciencias-Sociales.jpg, https:\/\/www.ull.es\/masteres\/analisis-aplicado-ciencias-sociales\/wp-content\/uploads\/sites\/67\/2025\/07\/Headers-Masteres_Analisis-Aplicado-para-las-Ciencias-Sociales-1280x413.jpg 2x\" srcset=\"data:image\/gif;base64,R0lGODlhAQABAIAAAAAAAP\/\/\/yH5BAEAAAAALAAAAAABAAEAAAIBRAA7\" media=\"(min-width: 1025px)\" \/>\n<img decoding=\"async\" src=\"data:image\/gif;base64,R0lGODlhAQABAIAAAAAAAP\/\/\/yH5BAEAAAAALAAAAAABAAEAAAIBRAA7\" data-ken-burns=\"false\" data-tablet-ken-burns=\"false\" data-mobile-ken-burns=\"false\" alt=\"\" data-depicter-src=\"https:\/\/www.ull.es\/masteres\/analisis-aplicado-ciencias-sociales\/wp-content\/uploads\/sites\/67\/2025\/07\/Headers-Masteres_Analisis-Aplicado-para-las-Ciencias-Sociales.jpg\" data-object-fit=\"custom,custom,\" data-object-position=\"center top,,\" data-crop=\"{'focalPoint':{'x':0.5,'y':0.5},'mediaSize':{'width':1394.6731234866829254315234720706939697265625,'height':450}}\" data-tablet-crop=\"{'focalPoint':{'x':0.5,'y':0.5},'mediaSize':{'width':2169.4915254237284898408688604831695556640625,'height':700}}\" data-mobile-crop=\"{'focalPoint':{'x':0.5,'y':0.5},'mediaSize':{'width':1394.6731234866829254315234720706939697265625,'height':450}}\" \/>\n<\/picture>\n\n\n<h1 id=\"depicter-1-element-5\" class=\"depicter-element depicter-layer depicter-1-element-5\" data-type=\"text\" data-wrap=\"true\" data-name=\"Text 2\" data-local-id=\"element-5\" data-offset=\"x:0px;y:99px;origin:tl\" data-tablet-offset=\"x:203px;y:206px;origin:tl\" data-mobile-offset=\"x:-16px;y:60px;origin:tl\" data-width=\"1200px,633px,408px\" data-height=\"auto,auto,auto\" data-responsive-scale=\"true,,\">M\u00e1ster Universitario en An\u00e1lisis Aplicado para las Ciencias Sociales<br><\/h1>\n\n<div id=\"depicter-1-element-10\" class=\"depicter-element depicter-layer depicter-1-element-10\" data-type=\"shape\" data-wrap=\"true\" data-name=\"Shape 1\" data-local-id=\"element-10\" data-offset=\"x:0px;y:363px;origin:tl\" data-tablet-offset=\"x:196px;y:494px;origin:tl\" data-mobile-offset=\"x:-16px;y:263px;origin:tl\" data-width=\"1093px,647px,408px\" data-height=\"8px,8px,8px\" data-responsive-scale=\"true,,\"><\/div>\n<\/div>\n<\/div>\n<script>\n(window.depicterSetups = window.depicterSetups || []).push(function(){\n\tDepicter.basePath = 'https:\/\/www.ull.es\/masteres\/analisis-aplicado-ciencias-sociales\/wp-content\/plugins\/depicter\/resources\/scripts\/player\/';\n\tconst dpPlayer = Depicter.setup('.depicter-1',\n\t\t{\"width\":[\"1200\",\"1024\",\"360\"],\"height\":[\"450\",\"700\",\"360\"],\"view\":\"basic\",\"keepAspectRatio\":true,\"preload\":0,\"layout\":\"fullwidth\",\"rtl\":false,\"initAfterAppear\":false,\"ajaxApiUrl\":\"https:\\\/\\\/www.ull.es\\\/masteres\\\/analisis-aplicado-ciencias-sociales\\\/wp-admin\\\/admin-ajax.php\",\"mouseSwipe\":true,\"touchSwipe\":true,\"useWatermark\":false}\n\t);\n});\n<\/script><\/div><\/div><\/div>\n<\/div><\/div>\n\n\n\n<div class=\"wp-block-stackable-columns alignfull stk-block-columns stk--hide-mobile stk-block stk-6394276 stk-block-background\" data-block-id=\"6394276\"><style>.stk-6394276 {background-color:#fa6199 !important;padding-top:50px !important;padding-right:0px !important;padding-bottom:1px !important;padding-left:0px !important;margin-top:-40px !important;margin-bottom:0px !important;}.stk-6394276:before{background-color:#fa6199 !important;}<\/style><div class=\"stk-row stk-inner-blocks stk-block-content stk-content-align stk-6394276-column alignfull\">\n<div class=\"wp-block-stackable-column stk-block-column stk-column stk-block stk-8a66885\" data-v=\"4\" data-block-id=\"8a66885\"><div class=\"stk-column-wrapper stk-block-column__content stk-container stk-8a66885-container stk--no-background stk--no-padding\"><div class=\"stk-block-content stk-inner-blocks stk-8a66885-inner-blocks\">\n<div class=\"wp-block-stackable-spacer stk-block-spacer stk--no-padding stk-block stk-bc89b3e\" data-block-id=\"bc89b3e\"><style>.stk-bc89b3e {height:0px !important;}<\/style><\/div>\n<\/div><\/div><\/div>\n<\/div><\/div>\n\n\n\n<div class=\"wp-block-stackable-columns stk-block-columns stk-block stk-8b59b96\" data-block-id=\"8b59b96\"><style>.stk-8b59b96 .stk--block-align-8b59b96{align-items:flex-start !important;}.stk-8b59b96 {margin-top:50px !important;}.stk-8b59b96-column{--stk-columns-spacing:0px !important;--stk-column-gap:50px !important;}@media screen and (max-width: 767px){.stk-8b59b96-column{row-gap:var(--stk--preset--spacing--60, 2.25rem) !important;}}<\/style><div class=\"stk-row stk-inner-blocks stk--block-align-8b59b96 stk-block-content stk-content-align stk-8b59b96-column\">\n<div class=\"wp-block-stackable-column stk-block-column stk-column stk-block stk-dbb7e15\" data-v=\"4\" data-block-id=\"dbb7e15\"><style>@media screen and (min-width: 768px){.stk-dbb7e15 {flex:var(--stk-flex-grow, 1) 1 66.7% !important;}}<\/style><div class=\"stk-column-wrapper stk-block-column__content stk-container stk-dbb7e15-container stk--no-background stk--no-padding\"><div class=\"stk-block-content stk-inner-blocks stk-dbb7e15-inner-blocks\">\n<div class=\"wp-block-stackable-heading stk-block-heading stk-block-heading--v2 stk-block stk-cc0239e\" id=\"complementos-de-formacion\" data-block-id=\"cc0239e\"><style>.stk-cc0239e .stk-block-heading__text{color:#fa6199 !important;font-weight:500 !important;}<\/style><h1 class=\"stk-block-heading__text has-text-color\">Descripci\u00f3n del t\u00edtulo<\/h1><\/div>\n\n\n\n<table>\n<tbody>\n<tr>\n<td><span style=\"font-weight: 400;\">Nombre del t\u00edtulo:\u00a0 M\u00e1ster Universitario en An\u00e1lisis Aplicado para las Ciencias Sociales<\/span><\/td>\n<td><\/td>\n<\/tr>\n<tr>\n<td><a href=\"https:\/\/www.ull.es\/masteres\/analisis-aplicado-ciencias-sociales\/justificacion-del-titulo\/\" target=\"_blank\" rel=\"noopener\">Inter\u00e9s del M\u00e1ster<\/a><\/td>\n<td><\/td>\n<\/tr>\n<tr>\n<td><a href=\"https:\/\/www.ull.es\/masteres\/analisis-aplicado-ciencias-sociales\/informacion-academica\/coordinacion-docente\/\" target=\"_blank\" rel=\"noopener\">Comisi\u00f3n Acad\u00e9mica<\/a><\/td>\n<td><\/td>\n<\/tr>\n<tr>\n<td><a href=\"https:\/\/www.ull.es\/masteres\/analisis-aplicado-ciencias-sociales\/#competencias\" target=\"_blank\" rel=\"noopener\" target=\"_blank\" rel=\"noopener\">Competencias a adquirir por el alumnado<\/a><\/td>\n<td><\/td>\n<\/tr>\n<tr>\n<td><a href=\"https:\/\/www.ull.es\/masteres\/analisis-aplicado-ciencias-sociales\/informacion-academica\/perfil-de-ingreso-y-egreso\/\" target=\"_blank\" rel=\"noopener\" target=\"_blank\" rel=\"noopener\">Perfil del alumnado que ingresa y egresa<\/a><\/td>\n<td><\/td>\n<\/tr>\n<tr>\n<td><a href=\"https:\/\/www.ull.es\/masteres\/analisis-aplicado-ciencias-sociales\/informacion-academica\/reconocimiento-y-transferencia-de-creditos\/\" target=\"_blank\" rel=\"noopener\" target=\"_blank\" rel=\"noopener\">Reconocimiento y transferencia de cr\u00e9ditos<\/a><\/td>\n<td><\/td>\n<\/tr>\n<tr>\n<td><a href=\"https:\/\/www.ull.es\/masteres\/analisis-aplicado-ciencias-sociales\/informacion-academica\/apoyo-y-orientacion\/\" target=\"_blank\" rel=\"noopener\">Apoyo y orientaci\u00f3n<\/a><\/td>\n<td><\/td>\n<\/tr>\n<tr>\n<td><a href=\"https:\/\/www.ull.es\/masteres\/analisis-aplicado-ciencias-sociales\/informacion-academica\/normativa-y-reglamentos\/\" target=\"_blank\" rel=\"noopener\">Normativas y reglamentos de inter\u00e9s<\/a><\/td>\n<td><\/td>\n<\/tr>\n<tr>\n<td><\/td>\n<td><\/td>\n<\/tr>\n<tr>\n<td><\/td>\n<td><\/td>\n<\/tr>\n<\/tbody>\n<\/table>\n<\/div><\/div><\/div>\n\n\n\n<div class=\"wp-block-stackable-column stk-block-column stk-column stk-block stk-53ec762\" data-v=\"4\" data-block-id=\"53ec762\"><style>.stk-53ec762-inner-blocks{row-gap:0px !important;}.stk-53ec762 {padding-top:0px !important;padding-right:0px !important;padding-bottom:0px !important;padding-left:0px !important;}@media screen and (min-width: 768px){.stk-53ec762 {flex:var(--stk-flex-grow, 1) 1 33.3% !important;}}<\/style><div class=\"stk-column-wrapper stk-block-column__content stk-container stk-53ec762-container stk--no-background stk--no-padding\"><div class=\"stk-block-content stk-inner-blocks stk-53ec762-inner-blocks\">\n\n<ul class=\"widget-box\">\n<li class='contacto-header'>Informaci\u00f3n de contacto<\/li><li><i class=\"fa fa-map-marker\"><\/i> Escuela de Doctorado y Estudios de Posgrado: Avda. Astrof\u00edsico Francisco S\u00e1nchez, SN. Edificio Calabaza, 38200 San Crist\u00f3bal de La Laguna<\/li><li><i class=\"fa fa-envelope\"><\/i>  <a href=mailto:Consulta Administrativa: master@ull.es>Consulta Administrativa: master@ull.es<\/a><\/li><li><i class=\"fa fa-envelope\"><\/i>  <a href=mailto:Consulta Acad\u00e9mica: muaac@ull.es>Consulta Acad\u00e9mica: muaac@ull.es<\/a><\/li><li><i class=\"fa fa-archive\"><\/i><a href=\"https:\/\/sede.ull.es\/ecivilis-site\/catalog\/showProcedure\/484\"> Procedimiento para quejas, sugerencias y felicitaciones<\/a><\/li>\n<\/ul>\n\n\n<\/div><\/div><\/div>\n<\/div><\/div>\n","protected":false},"excerpt":{"rendered":"<p>Titre Description Nom du titre : Master en analyse appliqu\u00e9e aux sciences sociales Int\u00e9r\u00eat du Master Comit\u00e9 acad\u00e9mique Comp\u00e9tences \u00e0 acqu\u00e9rir par les \u00e9tudiants Profil des \u00e9tudiants entrants et sortants Reconnaissance et transfert de cr\u00e9dits Soutien et orientation R\u00e8glements et r\u00e8gles d&#039;int\u00e9r\u00eat<\/p>","protected":false},"author":1,"featured_media":0,"parent":252,"menu_order":0,"comment_status":"closed","ping_status":"closed","template":"templates\/template-frontpage.php","meta":{"footnotes":""},"class_list":["post-26","page","type-page","status-publish","hentry"],"yoast_head":"<!-- This site is optimized with the Yoast SEO plugin v27.3 - https:\/\/yoast.com\/product\/yoast-seo-wordpress\/ -->\n<title>Descripci\u00f3n del t\u00edtulo - M\u00e1ster Universitario en An\u00e1lisis Aplicado para las Ciencias Sociales<\/title>\n<meta name=\"robots\" content=\"noindex, follow, max-snippet:-1, max-image-preview:large, max-video-preview:-1\" \/>\n<meta property=\"og:locale\" content=\"fr_FR\" \/>\n<meta property=\"og:type\" content=\"article\" \/>\n<meta property=\"og:title\" content=\"Descripci\u00f3n del t\u00edtulo - M\u00e1ster Universitario en An\u00e1lisis Aplicado para las Ciencias Sociales\" \/>\n<meta property=\"og:description\" content=\"Descripci\u00f3n del t\u00edtulo Nombre del t\u00edtulo:\u00a0 M\u00e1ster Universitario en An\u00e1lisis Aplicado para las Ciencias Sociales Inter\u00e9s del M\u00e1ster Comisi\u00f3n Acad\u00e9mica Competencias a adquirir por el alumnado Perfil del alumnado que ingresa y egresa Reconocimiento y transferencia de cr\u00e9ditos Apoyo y orientaci\u00f3n Normativas y reglamentos de inter\u00e9s\" \/>\n<meta property=\"og:url\" content=\"https:\/\/www.ull.es\/masteres\/analisis-aplicado-ciencias-sociales\/fr\/informacion-academica\/descripcion-del-titulo\/\" \/>\n<meta property=\"og:site_name\" content=\"M\u00e1ster Universitario en An\u00e1lisis Aplicado para las Ciencias Sociales\" \/>\n<meta property=\"article:modified_time\" content=\"2025-07-23T09:28:32+00:00\" \/>\n<meta name=\"twitter:card\" content=\"summary_large_image\" \/>\n<meta name=\"twitter:label1\" content=\"Dur\u00e9e de lecture estim\u00e9e\" \/>\n\t<meta name=\"twitter:data1\" content=\"1 minute\" \/>\n<script type=\"application\/ld+json\" class=\"yoast-schema-graph\">{\"@context\":\"https:\\\/\\\/schema.org\",\"@graph\":[{\"@type\":\"WebPage\",\"@id\":\"https:\\\/\\\/www.ull.es\\\/masteres\\\/analisis-aplicado-ciencias-sociales\\\/informacion-academica\\\/descripcion-del-titulo\\\/\",\"url\":\"https:\\\/\\\/www.ull.es\\\/masteres\\\/analisis-aplicado-ciencias-sociales\\\/informacion-academica\\\/descripcion-del-titulo\\\/\",\"name\":\"Descripci\u00f3n del t\u00edtulo - M\u00e1ster Universitario en An\u00e1lisis Aplicado para las Ciencias Sociales\",\"isPartOf\":{\"@id\":\"https:\\\/\\\/www.ull.es\\\/masteres\\\/analisis-aplicado-ciencias-sociales\\\/#website\"},\"datePublished\":\"2017-06-28T12:58:08+00:00\",\"dateModified\":\"2025-07-23T09:28:32+00:00\",\"breadcrumb\":{\"@id\":\"https:\\\/\\\/www.ull.es\\\/masteres\\\/analisis-aplicado-ciencias-sociales\\\/informacion-academica\\\/descripcion-del-titulo\\\/#breadcrumb\"},\"inLanguage\":\"fr-FR\",\"potentialAction\":[{\"@type\":\"ReadAction\",\"target\":[\"https:\\\/\\\/www.ull.es\\\/masteres\\\/analisis-aplicado-ciencias-sociales\\\/informacion-academica\\\/descripcion-del-titulo\\\/\"]}]},{\"@type\":\"BreadcrumbList\",\"@id\":\"https:\\\/\\\/www.ull.es\\\/masteres\\\/analisis-aplicado-ciencias-sociales\\\/informacion-academica\\\/descripcion-del-titulo\\\/#breadcrumb\",\"itemListElement\":[{\"@type\":\"ListItem\",\"position\":1,\"name\":\"Portada\",\"item\":\"https:\\\/\\\/www.ull.es\\\/masteres\\\/analisis-aplicado-ciencias-sociales\\\/\"},{\"@type\":\"ListItem\",\"position\":2,\"name\":\"Informaci\u00f3n Acad\u00e9mica\",\"item\":\"https:\\\/\\\/www.ull.es\\\/masteres\\\/analisis-aplicado-ciencias-sociales\\\/informacion-academica\\\/\"},{\"@type\":\"ListItem\",\"position\":3,\"name\":\"Descripci\u00f3n del t\u00edtulo\"}]},{\"@type\":\"WebSite\",\"@id\":\"https:\\\/\\\/www.ull.es\\\/masteres\\\/analisis-aplicado-ciencias-sociales\\\/#website\",\"url\":\"https:\\\/\\\/www.ull.es\\\/masteres\\\/analisis-aplicado-ciencias-sociales\\\/\",\"name\":\"M\u00e1ster Universitario en An\u00e1lisis Aplicado para las Ciencias Sociales\",\"description\":\"\",\"potentialAction\":[{\"@type\":\"SearchAction\",\"target\":{\"@type\":\"EntryPoint\",\"urlTemplate\":\"https:\\\/\\\/www.ull.es\\\/masteres\\\/analisis-aplicado-ciencias-sociales\\\/?s={search_term_string}\"},\"query-input\":{\"@type\":\"PropertyValueSpecification\",\"valueRequired\":true,\"valueName\":\"search_term_string\"}}],\"inLanguage\":\"fr-FR\"}]}<\/script>\n<!-- \/ Yoast SEO plugin. -->","yoast_head_json":{"title":"Titre Description - Master en Analyse Appliqu\u00e9e aux Sciences Sociales","robots":{"index":"noindex","follow":"follow","max-snippet":"max-snippet:-1","max-image-preview":"max-image-preview:large","max-video-preview":"max-video-preview:-1"},"og_locale":"fr_FR","og_type":"article","og_title":"Descripci\u00f3n del t\u00edtulo - M\u00e1ster Universitario en An\u00e1lisis Aplicado para las Ciencias Sociales","og_description":"Descripci\u00f3n del t\u00edtulo Nombre del t\u00edtulo:\u00a0 M\u00e1ster Universitario en An\u00e1lisis Aplicado para las Ciencias Sociales Inter\u00e9s del M\u00e1ster Comisi\u00f3n Acad\u00e9mica Competencias a adquirir por el alumnado Perfil del alumnado que ingresa y egresa Reconocimiento y transferencia de cr\u00e9ditos Apoyo y orientaci\u00f3n Normativas y reglamentos de inter\u00e9s","og_url":"https:\/\/www.ull.es\/masteres\/analisis-aplicado-ciencias-sociales\/fr\/informacion-academica\/descripcion-del-titulo\/","og_site_name":"M\u00e1ster Universitario en An\u00e1lisis Aplicado para las Ciencias Sociales","article_modified_time":"2025-07-23T09:28:32+00:00","twitter_card":"summary_large_image","twitter_misc":{"Dur\u00e9e de lecture estim\u00e9e":"1 minute"},"schema":{"@context":"https:\/\/schema.org","@graph":[{"@type":"WebPage","@id":"https:\/\/www.ull.es\/masteres\/analisis-aplicado-ciencias-sociales\/informacion-academica\/descripcion-del-titulo\/","url":"https:\/\/www.ull.es\/masteres\/analisis-aplicado-ciencias-sociales\/informacion-academica\/descripcion-del-titulo\/","name":"Titre Description - Master en Analyse Appliqu\u00e9e aux Sciences Sociales","isPartOf":{"@id":"https:\/\/www.ull.es\/masteres\/analisis-aplicado-ciencias-sociales\/#website"},"datePublished":"2017-06-28T12:58:08+00:00","dateModified":"2025-07-23T09:28:32+00:00","breadcrumb":{"@id":"https:\/\/www.ull.es\/masteres\/analisis-aplicado-ciencias-sociales\/informacion-academica\/descripcion-del-titulo\/#breadcrumb"},"inLanguage":"fr-FR","potentialAction":[{"@type":"ReadAction","target":["https:\/\/www.ull.es\/masteres\/analisis-aplicado-ciencias-sociales\/informacion-academica\/descripcion-del-titulo\/"]}]},{"@type":"BreadcrumbList","@id":"https:\/\/www.ull.es\/masteres\/analisis-aplicado-ciencias-sociales\/informacion-academica\/descripcion-del-titulo\/#breadcrumb","itemListElement":[{"@type":"ListItem","position":1,"name":"Portada","item":"https:\/\/www.ull.es\/masteres\/analisis-aplicado-ciencias-sociales\/"},{"@type":"ListItem","position":2,"name":"Informaci\u00f3n Acad\u00e9mica","item":"https:\/\/www.ull.es\/masteres\/analisis-aplicado-ciencias-sociales\/informacion-academica\/"},{"@type":"ListItem","position":3,"name":"Descripci\u00f3n del t\u00edtulo"}]},{"@type":"WebSite","@id":"https:\/\/www.ull.es\/masteres\/analisis-aplicado-ciencias-sociales\/#website","url":"https:\/\/www.ull.es\/masteres\/analisis-aplicado-ciencias-sociales\/","name":"Master en Analyse Appliqu\u00e9e aux Sciences Sociales","description":"","potentialAction":[{"@type":"SearchAction","target":{"@type":"EntryPoint","urlTemplate":"https:\/\/www.ull.es\/masteres\/analisis-aplicado-ciencias-sociales\/?s={search_term_string}"},"query-input":{"@type":"PropertyValueSpecification","valueRequired":true,"valueName":"search_term_string"}}],"inLanguage":"fr-FR"}]}},"_links":{"self":[{"href":"https:\/\/www.ull.es\/masteres\/analisis-aplicado-ciencias-sociales\/fr\/wp-json\/wp\/v2\/pages\/26","targetHints":{"allow":["GET"]}}],"collection":[{"href":"https:\/\/www.ull.es\/masteres\/analisis-aplicado-ciencias-sociales\/fr\/wp-json\/wp\/v2\/pages"}],"about":[{"href":"https:\/\/www.ull.es\/masteres\/analisis-aplicado-ciencias-sociales\/fr\/wp-json\/wp\/v2\/types\/page"}],"author":[{"embeddable":true,"href":"https:\/\/www.ull.es\/masteres\/analisis-aplicado-ciencias-sociales\/fr\/wp-json\/wp\/v2\/users\/1"}],"replies":[{"embeddable":true,"href":"https:\/\/www.ull.es\/masteres\/analisis-aplicado-ciencias-sociales\/fr\/wp-json\/wp\/v2\/comments?post=26"}],"version-history":[{"count":28,"href":"https:\/\/www.ull.es\/masteres\/analisis-aplicado-ciencias-sociales\/fr\/wp-json\/wp\/v2\/pages\/26\/revisions"}],"predecessor-version":[{"id":1402,"href":"https:\/\/www.ull.es\/masteres\/analisis-aplicado-ciencias-sociales\/fr\/wp-json\/wp\/v2\/pages\/26\/revisions\/1402"}],"up":[{"embeddable":true,"href":"https:\/\/www.ull.es\/masteres\/analisis-aplicado-ciencias-sociales\/fr\/wp-json\/wp\/v2\/pages\/252"}],"wp:attachment":[{"href":"https:\/\/www.ull.es\/masteres\/analisis-aplicado-ciencias-sociales\/fr\/wp-json\/wp\/v2\/media?parent=26"}],"curies":[{"name":"wp","href":"https:\/\/api.w.org\/{rel}","templated":true}]}}