{"id":24,"date":"2017-06-28T12:52:52","date_gmt":"2017-06-28T12:52:52","guid":{"rendered":"http:\/\/www.ull.es\/masteres\/desarrollo-y-gestion-de-recursos-humanos\/?page_id=24"},"modified":"2025-07-23T06:46:01","modified_gmt":"2025-07-23T06:46:01","slug":"estructura-del-plan-de-estudios","status":"publish","type":"page","link":"https:\/\/www.ull.es\/masteres\/astrofisica\/fr\/plan-de-estudios\/estructura-del-plan-de-estudios\/","title":{"rendered":"Structure du programme"},"content":{"rendered":"\n<div class=\"wp-block-stackable-columns alignfull stk-block-columns stk-block stk-2314a6b\" data-block-id=\"2314a6b\"><style>.stk-2314a6b {padding-bottom:0px !important;margin-top:-100px !important;margin-bottom:0px !important;}<\/style><div class=\"stk-row stk-inner-blocks stk-block-content stk-content-align stk-2314a6b-column alignfull\">\n<div class=\"wp-block-stackable-column stk-block-column stk-column stk-block stk-1d1764d\" data-v=\"4\" data-block-id=\"1d1764d\"><div class=\"stk-column-wrapper stk-block-column__content stk-container stk-1d1764d-container stk--no-background stk--no-padding\"><div class=\"stk-block-content stk-inner-blocks stk-1d1764d-inner-blocks\"><style id=\"depicter-1-inline-pre-css\">\n\n.depicter-1:not(.depicter-ready){\n\theight:450px;\n}\n\n\/***** Tablet *****\/\n@media screen and (max-width: 1024px){\n\n.depicter-1:not(.depicter-ready){\n\theight:700px;\n}\n\n}\n\/***** Mobile *****\/\n@media screen and (max-width: 767px){\n\n.depicter-1:not(.depicter-ready){\n\theight:360px;\n}\n\n}\n<\/style>\n<div id=\"depicter-1\" class=\"depicter depicter-document depicter-revert depicter-1 depicter-layout-fullwidth\">\n\n<div class=\"depicter-loading-container depicter-loading dotFlashing-dark\"><div class=\"depicter-loading-dark depicter-dot-flashing\">\n   <span><\/span>\n   <span><\/span>\n   <span><\/span>\n<\/div>\n<\/div>\n<div id=\"depicter-1-section-1\" class=\"depicter-section depicter-1-section-1\" data-name=\"Section 1\" data-type=\"section\" data-local-id=\"section-1\">\n<picture class=\"depicter-bg\">\n<source data-depicter-srcset=\"https:\/\/www.ull.es\/masteres\/astrofisica\/wp-content\/uploads\/sites\/44\/2025\/06\/Headers-Masteres_Astrofisica-768x248.jpg, https:\/\/www.ull.es\/masteres\/astrofisica\/wp-content\/uploads\/sites\/44\/2025\/06\/Headers-Masteres_Astrofisica.jpg 2x\" srcset=\"data:image\/gif;base64,R0lGODlhAQABAIAAAAAAAP\/\/\/yH5BAEAAAAALAAAAAABAAEAAAIBRAA7\" media=\"(max-width: 1024px)\" \/>\n\n<source data-depicter-srcset=\"https:\/\/www.ull.es\/masteres\/astrofisica\/wp-content\/uploads\/sites\/44\/2025\/06\/Headers-Masteres_Astrofisica.jpg, https:\/\/www.ull.es\/masteres\/astrofisica\/wp-content\/uploads\/sites\/44\/2025\/06\/Headers-Masteres_Astrofisica-1280x413.jpg 2x\" srcset=\"data:image\/gif;base64,R0lGODlhAQABAIAAAAAAAP\/\/\/yH5BAEAAAAALAAAAAABAAEAAAIBRAA7\" media=\"(min-width: 1025px)\" \/>\n<img decoding=\"async\" src=\"data:image\/gif;base64,R0lGODlhAQABAIAAAAAAAP\/\/\/yH5BAEAAAAALAAAAAABAAEAAAIBRAA7\" data-ken-burns=\"false\" data-tablet-ken-burns=\"false\" data-mobile-ken-burns=\"false\" alt=\"\" data-depicter-src=\"https:\/\/www.ull.es\/masteres\/astrofisica\/wp-content\/uploads\/sites\/44\/2025\/06\/Headers-Masteres_Astrofisica.jpg\" data-object-fit=\"custom,custom,\" data-object-position=\"center top,,\" data-crop=\"{'focalPoint':{'x':0.5,'y':0.5},'mediaSize':{'width':1394.6731234866829254315234720706939697265625,'height':450}}\" data-tablet-crop=\"{'focalPoint':{'x':0.5,'y':0.5},'mediaSize':{'width':2169.4915254237284898408688604831695556640625,'height':700}}\" data-mobile-crop=\"{'focalPoint':{'x':0.65000000000000002220446049250313080847263336181640625,'y':0.4899999999999999911182158029987476766109466552734375},'mediaSize':{'width':1394,'height':450}}\" \/>\n<\/picture>\n\n\n<h1 id=\"depicter-1-element-5\" class=\"depicter-element depicter-layer depicter-1-element-5\" data-type=\"text\" data-wrap=\"true\" data-name=\"Text 2\" data-local-id=\"element-5\" data-offset=\"x:0px;y:183px;origin:tl\" data-tablet-offset=\"x:196px;y:223px;origin:tl\" data-mobile-offset=\"x:0px;y:143px;origin:tl\" data-width=\"1200px,633px,404px\" data-height=\"auto,auto,auto\" data-responsive-scale=\"true,,\">M\u00e1ster Universitario en Astrof\u00edsica<br><\/h1>\n\n<div id=\"depicter-1-element-10\" class=\"depicter-element depicter-layer depicter-1-element-10\" data-type=\"shape\" data-wrap=\"true\" data-name=\"Shape 1\" data-local-id=\"element-10\" data-offset=\"x:0px;y:273px;origin:tl\" data-tablet-offset=\"x:189px;y:455px;origin:tl\" data-mobile-offset=\"x:0px;y:234px;origin:tl\" data-width=\"1186px,647px,341px\" data-height=\"8px,8px,8px\" data-responsive-scale=\"true,,\"><\/div>\n<\/div>\n<\/div>\n<script>\n(window.depicterSetups = window.depicterSetups || []).push(function(){\n\tDepicter.basePath = 'https:\/\/www.ull.es\/masteres\/astrofisica\/wp-content\/plugins\/depicter\/resources\/scripts\/player\/';\n\tconst dpPlayer = Depicter.setup('.depicter-1',\n\t\t{\"width\":[\"1200\",\"1024\",\"360\"],\"height\":[\"450\",\"700\",\"360\"],\"view\":\"basic\",\"keepAspectRatio\":true,\"preload\":0,\"layout\":\"fullwidth\",\"rtl\":false,\"initAfterAppear\":false,\"ajaxApiUrl\":\"https:\\\/\\\/www.ull.es\\\/masteres\\\/astrofisica\\\/wp-admin\\\/admin-ajax.php\",\"mouseSwipe\":true,\"touchSwipe\":true,\"useWatermark\":false}\n\t);\n});\n<\/script><\/div><\/div><\/div>\n<\/div><\/div>\n\n\n\n<div class=\"wp-block-stackable-columns alignfull stk-block-columns stk--hide-mobile stk-block stk-6394276 stk-block-background\" data-block-id=\"6394276\"><style>.stk-6394276 {background-color:#fa6199 !important;padding-top:50px !important;padding-right:0px !important;padding-bottom:1px !important;padding-left:0px !important;margin-top:-40px !important;margin-bottom:0px !important;}.stk-6394276:before{background-color:#fa6199 !important;}<\/style><div class=\"stk-row stk-inner-blocks stk-block-content stk-content-align stk-6394276-column alignfull\">\n<div class=\"wp-block-stackable-column stk-block-column stk-column stk-block stk-8a66885\" data-v=\"4\" data-block-id=\"8a66885\"><div class=\"stk-column-wrapper stk-block-column__content stk-container stk-8a66885-container stk--no-background stk--no-padding\"><div class=\"stk-block-content stk-inner-blocks stk-8a66885-inner-blocks\">\n<div class=\"wp-block-stackable-spacer stk-block-spacer stk--no-padding stk-block stk-bc89b3e\" data-block-id=\"bc89b3e\"><style>.stk-bc89b3e {height:0px !important;}<\/style><\/div>\n<\/div><\/div><\/div>\n<\/div><\/div>\n\n\n\n<div class=\"wp-block-stackable-columns stk-block-columns stk-block stk-8b59b96\" data-block-id=\"8b59b96\"><style>.stk-8b59b96 .stk--block-align-8b59b96{align-items:flex-start !important;}.stk-8b59b96 {margin-top:50px !important;}.stk-8b59b96-column{--stk-columns-spacing:0px !important;--stk-column-gap:50px !important;}@media screen and (max-width: 767px){.stk-8b59b96-column{row-gap:var(--stk--preset--spacing--60, 2.25rem) !important;}}<\/style><div class=\"stk-row stk-inner-blocks stk--block-align-8b59b96 stk-block-content stk-content-align stk-8b59b96-column\">\n<div class=\"wp-block-stackable-column stk-block-column stk-column stk-block stk-dbb7e15\" data-v=\"4\" data-block-id=\"dbb7e15\"><style>@media screen and (min-width: 768px){.stk-dbb7e15 {flex:var(--stk-flex-grow, 1) 1 66.7% !important;}}<\/style><div class=\"stk-column-wrapper stk-block-column__content stk-container stk-dbb7e15-container stk--no-background stk--no-padding\"><div class=\"stk-block-content stk-inner-blocks stk-dbb7e15-inner-blocks\">\n<div class=\"wp-block-stackable-heading stk-block-heading stk-block-heading--v2 stk-block stk-cc0239e\" id=\"complementos-de-formacion\" data-block-id=\"cc0239e\"><style>.stk-cc0239e .stk-block-heading__text{color:#fa6199 !important;font-weight:500 !important;}<\/style><h1 class=\"stk-block-heading__text has-text-color\">Estructura del plan de estudios<\/h1><\/div>\n\n\n\n<div class=\"wp-block-stackable-text stk-block-text stk-block stk-6bf6b27\" data-block-id=\"6bf6b27\"><p class=\"stk-block-text__text\">La planificaci\u00f3n de las ense\u00f1anzas supone la vertebraci\u00f3n de contenidos, sistemas y metodolog\u00edas que hacen posible la adquisici\u00f3n de los conocimientos, capacidades, habilidades y destrezas b\u00e1sicas necesarias para que los estudiantes puedan desarrollar su actividad en cualquiera de las l\u00edneas especificadas en el perfil profesional definido para la titulaci\u00f3n.<\/p><\/div>\n\n\n\n<p>El plan de estudios estructurado en m\u00f3dulos\/materias y asignaturas est\u00e1 elaborado en base al marco normativo para la ordenaci\u00f3n y verificaci\u00f3n de las ense\u00f1anzas universitarias oficiales \u2013el RD 1393\/2007- y las directrices desarrolladas por la Universidad de La Laguna.<\/p>\n\n\n\n<div class=\"wp-block-stackable-heading stk-block-heading stk-block-heading--v2 stk-block stk-80d276d\" id=\"complementos-de-formacion\" data-block-id=\"80d276d\"><style>.stk-80d276d .stk-block-heading__text{color:#fa6199 !important;font-weight:500 !important;}<\/style><h1 class=\"stk-block-heading__text has-text-color\">Estructura<\/h1><\/div>\n\n\n\n<div class=\"wp-block-stackable-text stk-block-text stk-block stk-4b7b3d5\" data-block-id=\"4b7b3d5\"><p class=\"stk-block-text__text\">Si desea consultar el hist\u00f3rico de las gu\u00edas docentes, selecci\u00f3nelo accediendo al&nbsp;<a href=\"https:\/\/www.ull.es\/apps\/guias\/guias\/view_degree\/642\/\" target=\"_blank\" rel=\"noreferrer noopener\" target=\"_blank\" rel=\"noopener\">Portal e-gu\u00eda ULL&nbsp;<\/a>(una vez seleccionada la asignatura, haga clic en curso acad\u00e9mico para visualizar cursos anteriores):<\/p><\/div>\n\n\n\n<table border=\"1\" cellspacing=\"0\" cellpadding=\"0\">\n<tbody>\n<tr>\n<td>\n<div align=\"center\"><b>Car\u00e1cter<\/b><\/div><\/td>\n<td>\n<div align=\"center\"><b>Asignatura<\/b><\/div><\/td>\n<td>\n<div align=\"center\"><b>Cr\u00e9ditos<\/b><\/div><\/td>\n<td>\n<div align=\"center\"><b>Cuatrimestre<\/b><\/div><\/td>\n<\/tr>\n<tr>\n<td rowspan=\"7\">\n<div><strong>Asignaturas Comunes<\/strong><\/div>\n<div><strong>36 cr\u00e9ditos<\/strong><\/div>\n<div><strong>Obligatorias<\/strong><\/div><\/td>\n<td>\n<div>Estructura y Evoluci\u00f3n Estelar<\/div><\/td>\n<td>\n<div align=\"center\">6<\/div><\/td>\n<td>\n<div align=\"center\">I<\/div><\/td>\n<\/tr>\n<tr>\n<td>\n<div>Atm\u00f3sferas Estelares<\/div><\/td>\n<td>\n<div align=\"center\">6<\/div><\/td>\n<td>\n<div align=\"center\">I<\/div><\/td>\n<\/tr>\n<tr>\n<td>\n<div>F\u00edsica Gal\u00e1ctica<\/div><\/td>\n<td>\n<div align=\"center\">6<\/div><\/td>\n<td>\n<div align=\"center\">I<\/div><\/td>\n<\/tr>\n<tr>\n<td>\n<div>F\u00edsica Extragal\u00e1ctica<\/div><\/td>\n<td>\n<div align=\"center\">6<\/div><\/td>\n<td>\n<div align=\"center\">I<\/div><\/td>\n<\/tr>\n<tr>\n<td>\n<div>T\u00e9cnicas Computacionales B\u00e1sicas<\/div><\/td>\n<td>\n<div align=\"center\">3<\/div><\/td>\n<td>\n<div align=\"center\">I<\/div><\/td>\n<\/tr>\n<tr>\n<td>\n<div>Instrumentaci\u00f3n b\u00e1sica<\/div><\/td>\n<td>\n<div align=\"center\">3<\/div><\/td>\n<td>\n<div align=\"center\">II<\/div><\/td>\n<\/tr>\n<tr>\n<td>\n<div>Cosmolog\u00eda<\/div><\/td>\n<td>\n<div align=\"center\">6<\/div><\/td>\n<td>\n<div align=\"center\">II<\/div><\/td>\n<\/tr>\n<tr>\n<td rowspan=\"9\">\n<div><strong>Especialidad<\/strong><\/div>\n<div><strong>Observacional Instrumental<\/strong><\/div>\n<div><strong>39 cr\u00e9ditos<\/strong><\/div>\n<div><strong>Optativas<\/strong><\/div><\/td>\n<td>\n<div>T\u00e9cnicas de Espectroscopia<\/div><\/td>\n<td>\n<div align=\"center\">6<\/div><\/td>\n<td>\n<div align=\"center\">II<\/div><\/td>\n<\/tr>\n<tr>\n<td>\n<div>T\u00e9cnicas Astrof\u00edsicas de Objetos Extensos<\/div><\/td>\n<td>\n<div align=\"center\">6<\/div><\/td>\n<td>\n<div align=\"center\">III<\/div><\/td>\n<\/tr>\n<tr>\n<td>\n<div>Instrumentaci\u00f3n Avanzada<\/div><\/td>\n<td>\n<div align=\"center\">6<\/div><\/td>\n<td>\n<div align=\"center\">III<\/div><\/td>\n<\/tr>\n<tr>\n<td>\n<div>T\u00e9cnicas Observacionales B\u00e1sicas<\/div><\/td>\n<td>\n<div align=\"center\">3<\/div><\/td>\n<td>\n<div align=\"center\">I<\/div><\/td>\n<\/tr>\n<tr>\n<td>\n<div>Nebulosas Ionizadas<\/div><\/td>\n<td>\n<div align=\"center\">3<\/div><\/td>\n<td>\n<div align=\"center\">II<\/div><\/td>\n<\/tr>\n<tr>\n<td>\n<div>Exoplanetas y Exobiolog\u00eda<\/div><\/td>\n<td>\n<div align=\"center\">3<\/div><\/td>\n<td>\n<div align=\"center\">II<\/div><\/td>\n<\/tr>\n<tr>\n<td>\n<div>Radioastronom\u00eda<\/div><\/td>\n<td>\n<div align=\"center\">3<\/div><\/td>\n<td>\n<div align=\"center\">II<\/div><\/td>\n<\/tr>\n<tr>\n<td>\n<div>Actividades Complementarias a la Investigaci\u00f3n<\/div><\/td>\n<td>\n<div align=\"center\">3<\/div><\/td>\n<td>\n<div align=\"center\">III<\/div><\/td>\n<\/tr>\n<tr>\n<td>\n<div>Astrof\u00edsica de Altas Energ\u00edas y Astropart\u00edculas<\/div><\/td>\n<td>\n<div align=\"center\">6<\/div><\/td>\n<td>\n<div align=\"center\">II<\/div><\/td>\n<\/tr>\n<tr>\n<td rowspan=\"10\">\n<div><strong>Especialidad<\/strong><\/div>\n<div><strong>Te\u00f3rico Computacional<\/strong><\/div>\n<div><strong>39 cr\u00e9ditos<\/strong><\/div>\n<div><strong>Optativas<\/strong><\/div><\/td>\n<td>\n<div>T\u00e9cnicas de Simulaci\u00f3n Num\u00e9rica<\/div><\/td>\n<td>\n<div align=\"center\">6<\/div><\/td>\n<td>\n<div align=\"center\">II<\/div><\/td>\n<\/tr>\n<tr>\n<td>\n<div>Astrof\u00edsica Computacional<\/div><\/td>\n<td>\n<div align=\"center\">3<\/div><\/td>\n<td>\n<div align=\"center\">II<\/div><\/td>\n<\/tr>\n<tr>\n<td>\n<div>F\u00edsica del Plasma C\u00f3smico<\/div><\/td>\n<td>\n<div align=\"center\">6<\/div><\/td>\n<td>\n<div align=\"center\">II<\/div><\/td>\n<\/tr>\n<tr>\n<td>\n<div>T\u00e9cnicas Observacionales B\u00e1sicas<\/div><\/td>\n<td>\n<div align=\"center\">3<\/div><\/td>\n<td>\n<div align=\"center\">I<\/div><\/td>\n<\/tr>\n<tr>\n<td>\n<div>Espectropolarimetr\u00eda en Astrof\u00edsica<\/div><\/td>\n<td>\n<div align=\"center\">3<\/div><\/td>\n<td>\n<div align=\"center\">III<\/div><\/td>\n<\/tr>\n<tr>\n<td>\n<div>T\u00e9cnicas de Programaci\u00f3n<\/div><\/td>\n<td>\n<div align=\"center\">3<\/div><\/td>\n<td>\n<div align=\"center\">III<\/div><\/td>\n<\/tr>\n<tr>\n<td>\n<div>F\u00edsica de Objetos Compactos y Procesos de Acreci\u00f3n<\/div><\/td>\n<td>\n<div align=\"center\">3<\/div><\/td>\n<td>\n<div align=\"center\">II<\/div><\/td>\n<\/tr>\n<tr>\n<td>\n<div>Estructura del Universo a Gran Escala<\/div><\/td>\n<td>\n<div align=\"center\">3<\/div><\/td>\n<td>\n<div align=\"center\">II<\/div><\/td>\n<\/tr>\n<tr>\n<td>\n<div>Actividades Complementarias a la Investigaci\u00f3n<\/div><\/td>\n<td>\n<div align=\"center\">3<\/div><\/td>\n<td>\n<div align=\"center\">III<\/div><\/td>\n<\/tr>\n<tr>\n<td>\n<div>F\u00edsica Solar y Clima Espacial<\/div><\/td>\n<td>\n<div align=\"center\">6<\/div><\/td>\n<td>\n<div align=\"center\">III<\/div><\/td>\n<\/tr>\n<tr>\n<td rowspan=\"7\">\n<div><strong>Especialidad<\/strong><\/div>\n<div><strong>Estructura de la Materia<\/strong><\/div>\n<div><strong>39 cr\u00e9ditos<\/strong><\/div>\n<div><strong>Optativas<\/strong><\/div><\/td>\n<td>\n<div>Ampliaci\u00f3n de Mec\u00e1nica Cu\u00e1ntica<\/div><\/td>\n<td>\n<div align=\"center\">6<\/div><\/td>\n<td>\n<div align=\"center\">II<\/div><\/td>\n<\/tr>\n<tr>\n<td>\n<div>\u00c1tomos, Mol\u00e9culas y Fotones<\/div><\/td>\n<td>\n<div align=\"center\">6<\/div><\/td>\n<td>\n<div align=\"center\">II<\/div><\/td>\n<\/tr>\n<tr>\n<td>\n<div>Ampliaci\u00f3n de F\u00edsica Estad\u00edstica<\/div><\/td>\n<td>\n<div align=\"center\">6<\/div><\/td>\n<td>\n<div align=\"center\">II<\/div><\/td>\n<\/tr>\n<tr>\n<td>\n<div>Teor\u00eda Cu\u00e1ntica de la Materia Condensada<\/div><\/td>\n<td>\n<div align=\"center\">6<\/div><\/td>\n<td>\n<div align=\"center\">II<\/div><\/td>\n<\/tr>\n<tr>\n<td>\n<div>Electrodin\u00e1mica Cl\u00e1sica<\/div><\/td>\n<td>\n<div align=\"center\">3<\/div><\/td>\n<td>\n<div align=\"center\">I<\/div><\/td>\n<\/tr>\n<tr>\n<td>\n<div>Laboratorio I: Propiedades \u00d3pticas de los Materiales<\/div><\/td>\n<td>\n<div align=\"center\">6<\/div><\/td>\n<td>\n<div align=\"center\">III<\/div><\/td>\n<\/tr>\n<tr>\n<td>\n<div>Laboratorio II: S\u00edntesis y caracterizaci\u00f3n de Materiales Avanzados<\/div><\/td>\n<td>\n<div align=\"center\">6<\/div><\/td>\n<td>\n<div align=\"center\">III<\/div><\/td>\n<\/tr>\n<tr>\n<td>\n<div><strong>Trabajo Fin de M\u00e1ster<\/strong><\/div><\/td>\n<td>\n<div>Trabajo Fin de M\u00e1ster<\/div><\/td>\n<td>\n<div align=\"center\">15<\/div><\/td>\n<td>\n<div align=\"center\">III<\/div><\/td>\n<\/tr>\n<\/tbody>\n<\/table>\n<\/div><\/div><\/div>\n\n\n\n<div class=\"wp-block-stackable-column stk-block-column stk-column stk-block stk-53ec762\" data-v=\"4\" data-block-id=\"53ec762\"><style>.stk-53ec762-inner-blocks{row-gap:0px !important;}.stk-53ec762 {padding-top:0px !important;padding-right:0px !important;padding-bottom:0px !important;padding-left:0px !important;}@media screen and (min-width: 768px){.stk-53ec762 {flex:var(--stk-flex-grow, 1) 1 33.3% !important;}}<\/style><div class=\"stk-column-wrapper stk-block-column__content stk-container stk-53ec762-container stk--no-background stk--no-padding\"><div class=\"stk-block-content stk-inner-blocks stk-53ec762-inner-blocks\">\n\n<ul class=\"widget-box\">\n<li class='contacto-header'>Informaci\u00f3n de contacto<\/li><li><i class=\"fa fa-map-marker\"><\/i> Avda. Astrof\u00edsico Francisco S\u00e1nchez, SN. Edificio Calabaza \u2013 AN.2D Apdo. 456 38200 San Crist\u00f3bal de La Laguna<\/li><li><i class=\"fa fa-envelope\"><\/i>  <a href=mailto:master.astrofisica@ull.es>master.astrofisica@ull.es<\/a><\/li><li><i class=\"fa fa-archive\"><\/i><a href=\"https:\/\/sede.ull.es\/ecivilis-site\/catalog\/showProcedure\/484\"> Procedimiento para quejas, sugerencias y felicitaciones<\/a><\/li>\n<\/ul>\n\n\n<\/div><\/div><\/div>\n<\/div><\/div>\n","protected":false},"excerpt":{"rendered":"<p>Structure du programme d&#039;\u00e9tudes La planification du programme d&#039;\u00e9tudes implique la structuration du contenu, des syst\u00e8mes et des m\u00e9thodologies qui permettent aux \u00e9tudiants d&#039;acqu\u00e9rir les connaissances, les comp\u00e9tences, les aptitudes et les aptitudes de base n\u00e9cessaires pour poursuivre leur carri\u00e8re dans l&#039;un des domaines sp\u00e9cifi\u00e9s dans le profil professionnel d\u00e9fini pour leur dipl\u00f4me. Le\u2026<\/p>","protected":false},"author":1,"featured_media":0,"parent":270,"menu_order":0,"comment_status":"closed","ping_status":"closed","template":"templates\/template-frontpage.php","meta":{"footnotes":""},"class_list":["post-24","page","type-page","status-publish","hentry"],"yoast_head":"<!-- This site is optimized with the Yoast SEO plugin v27.4 - https:\/\/yoast.com\/product\/yoast-seo-wordpress\/ -->\n<title>Estructura del plan de estudios - M\u00e1ster Universitario en Astrof\u00edsica<\/title>\n<meta name=\"robots\" content=\"index, follow, max-snippet:-1, max-image-preview:large, max-video-preview:-1\" \/>\n<link rel=\"canonical\" href=\"http:\/\/www.ull.es\/masteres\/astrofisica\/fr\/plan-de-estudios\/estructura-del-plan-de-estudios\/\" \/>\n<meta property=\"og:locale\" content=\"fr_FR\" \/>\n<meta property=\"og:type\" content=\"article\" \/>\n<meta property=\"og:title\" content=\"Estructura del plan de estudios - M\u00e1ster Universitario en Astrof\u00edsica\" \/>\n<meta property=\"og:description\" content=\"Estructura del plan de estudios La planificaci\u00f3n de las ense\u00f1anzas supone la vertebraci\u00f3n de contenidos, sistemas y metodolog\u00edas que hacen posible la adquisici\u00f3n de los conocimientos, capacidades, habilidades y destrezas b\u00e1sicas necesarias para que los estudiantes puedan desarrollar su actividad en cualquiera de las l\u00edneas especificadas en el perfil profesional definido para la titulaci\u00f3n. El...\" \/>\n<meta property=\"og:url\" content=\"http:\/\/www.ull.es\/masteres\/astrofisica\/fr\/plan-de-estudios\/estructura-del-plan-de-estudios\/\" \/>\n<meta property=\"og:site_name\" content=\"M\u00e1ster Universitario en Astrof\u00edsica\" \/>\n<meta property=\"article:modified_time\" content=\"2025-07-23T06:46:01+00:00\" \/>\n<meta name=\"twitter:card\" content=\"summary_large_image\" \/>\n<meta name=\"twitter:label1\" content=\"Dur\u00e9e de lecture estim\u00e9e\" \/>\n\t<meta name=\"twitter:data1\" content=\"2 minutes\" \/>\n<script type=\"application\/ld+json\" class=\"yoast-schema-graph\">{\"@context\":\"https:\\\/\\\/schema.org\",\"@graph\":[{\"@type\":\"WebPage\",\"@id\":\"http:\\\/\\\/www.ull.es\\\/masteres\\\/astrofisica\\\/plan-de-estudios\\\/estructura-del-plan-de-estudios\\\/\",\"url\":\"http:\\\/\\\/www.ull.es\\\/masteres\\\/astrofisica\\\/plan-de-estudios\\\/estructura-del-plan-de-estudios\\\/\",\"name\":\"Estructura del plan de estudios - M\u00e1ster Universitario en Astrof\u00edsica\",\"isPartOf\":{\"@id\":\"https:\\\/\\\/www.ull.es\\\/masteres\\\/astrofisica\\\/#website\"},\"datePublished\":\"2017-06-28T12:52:52+00:00\",\"dateModified\":\"2025-07-23T06:46:01+00:00\",\"breadcrumb\":{\"@id\":\"http:\\\/\\\/www.ull.es\\\/masteres\\\/astrofisica\\\/plan-de-estudios\\\/estructura-del-plan-de-estudios\\\/#breadcrumb\"},\"inLanguage\":\"fr-FR\",\"potentialAction\":[{\"@type\":\"ReadAction\",\"target\":[\"http:\\\/\\\/www.ull.es\\\/masteres\\\/astrofisica\\\/plan-de-estudios\\\/estructura-del-plan-de-estudios\\\/\"]}]},{\"@type\":\"BreadcrumbList\",\"@id\":\"http:\\\/\\\/www.ull.es\\\/masteres\\\/astrofisica\\\/plan-de-estudios\\\/estructura-del-plan-de-estudios\\\/#breadcrumb\",\"itemListElement\":[{\"@type\":\"ListItem\",\"position\":1,\"name\":\"Portada\",\"item\":\"https:\\\/\\\/www.ull.es\\\/masteres\\\/astrofisica\\\/\"},{\"@type\":\"ListItem\",\"position\":2,\"name\":\"Plan de estudios\",\"item\":\"http:\\\/\\\/www.ull.es\\\/masteres\\\/astrofisica\\\/plan-de-estudios\\\/\"},{\"@type\":\"ListItem\",\"position\":3,\"name\":\"Estructura del plan de estudios\"}]},{\"@type\":\"WebSite\",\"@id\":\"https:\\\/\\\/www.ull.es\\\/masteres\\\/astrofisica\\\/#website\",\"url\":\"https:\\\/\\\/www.ull.es\\\/masteres\\\/astrofisica\\\/\",\"name\":\"M\u00e1ster Universitario en Astrof\u00edsica\",\"description\":\"\",\"potentialAction\":[{\"@type\":\"SearchAction\",\"target\":{\"@type\":\"EntryPoint\",\"urlTemplate\":\"https:\\\/\\\/www.ull.es\\\/masteres\\\/astrofisica\\\/?s={search_term_string}\"},\"query-input\":{\"@type\":\"PropertyValueSpecification\",\"valueRequired\":true,\"valueName\":\"search_term_string\"}}],\"inLanguage\":\"fr-FR\"}]}<\/script>\n<!-- \/ Yoast SEO plugin. -->","yoast_head_json":{"title":"Structure du programme d&#039;\u00e9tudes - Master en astrophysique","robots":{"index":"index","follow":"follow","max-snippet":"max-snippet:-1","max-image-preview":"max-image-preview:large","max-video-preview":"max-video-preview:-1"},"canonical":"http:\/\/www.ull.es\/masteres\/astrofisica\/fr\/plan-de-estudios\/estructura-del-plan-de-estudios\/","og_locale":"fr_FR","og_type":"article","og_title":"Estructura del plan de estudios - M\u00e1ster Universitario en Astrof\u00edsica","og_description":"Estructura del plan de estudios La planificaci\u00f3n de las ense\u00f1anzas supone la vertebraci\u00f3n de contenidos, sistemas y metodolog\u00edas que hacen posible la adquisici\u00f3n de los conocimientos, capacidades, habilidades y destrezas b\u00e1sicas necesarias para que los estudiantes puedan desarrollar su actividad en cualquiera de las l\u00edneas especificadas en el perfil profesional definido para la titulaci\u00f3n. El...","og_url":"http:\/\/www.ull.es\/masteres\/astrofisica\/fr\/plan-de-estudios\/estructura-del-plan-de-estudios\/","og_site_name":"M\u00e1ster Universitario en Astrof\u00edsica","article_modified_time":"2025-07-23T06:46:01+00:00","twitter_card":"summary_large_image","twitter_misc":{"Dur\u00e9e de lecture estim\u00e9e":"2 minutes"},"schema":{"@context":"https:\/\/schema.org","@graph":[{"@type":"WebPage","@id":"http:\/\/www.ull.es\/masteres\/astrofisica\/plan-de-estudios\/estructura-del-plan-de-estudios\/","url":"http:\/\/www.ull.es\/masteres\/astrofisica\/plan-de-estudios\/estructura-del-plan-de-estudios\/","name":"Structure du programme d&#039;\u00e9tudes - Master en astrophysique","isPartOf":{"@id":"https:\/\/www.ull.es\/masteres\/astrofisica\/#website"},"datePublished":"2017-06-28T12:52:52+00:00","dateModified":"2025-07-23T06:46:01+00:00","breadcrumb":{"@id":"http:\/\/www.ull.es\/masteres\/astrofisica\/plan-de-estudios\/estructura-del-plan-de-estudios\/#breadcrumb"},"inLanguage":"fr-FR","potentialAction":[{"@type":"ReadAction","target":["http:\/\/www.ull.es\/masteres\/astrofisica\/plan-de-estudios\/estructura-del-plan-de-estudios\/"]}]},{"@type":"BreadcrumbList","@id":"http:\/\/www.ull.es\/masteres\/astrofisica\/plan-de-estudios\/estructura-del-plan-de-estudios\/#breadcrumb","itemListElement":[{"@type":"ListItem","position":1,"name":"Portada","item":"https:\/\/www.ull.es\/masteres\/astrofisica\/"},{"@type":"ListItem","position":2,"name":"Plan de estudios","item":"http:\/\/www.ull.es\/masteres\/astrofisica\/plan-de-estudios\/"},{"@type":"ListItem","position":3,"name":"Estructura del plan de estudios"}]},{"@type":"WebSite","@id":"https:\/\/www.ull.es\/masteres\/astrofisica\/#website","url":"https:\/\/www.ull.es\/masteres\/astrofisica\/","name":"Master en Astrophysique","description":"","potentialAction":[{"@type":"SearchAction","target":{"@type":"EntryPoint","urlTemplate":"https:\/\/www.ull.es\/masteres\/astrofisica\/?s={search_term_string}"},"query-input":{"@type":"PropertyValueSpecification","valueRequired":true,"valueName":"search_term_string"}}],"inLanguage":"fr-FR"}]}},"_links":{"self":[{"href":"https:\/\/www.ull.es\/masteres\/astrofisica\/fr\/wp-json\/wp\/v2\/pages\/24","targetHints":{"allow":["GET"]}}],"collection":[{"href":"https:\/\/www.ull.es\/masteres\/astrofisica\/fr\/wp-json\/wp\/v2\/pages"}],"about":[{"href":"https:\/\/www.ull.es\/masteres\/astrofisica\/fr\/wp-json\/wp\/v2\/types\/page"}],"author":[{"embeddable":true,"href":"https:\/\/www.ull.es\/masteres\/astrofisica\/fr\/wp-json\/wp\/v2\/users\/1"}],"replies":[{"embeddable":true,"href":"https:\/\/www.ull.es\/masteres\/astrofisica\/fr\/wp-json\/wp\/v2\/comments?post=24"}],"version-history":[{"count":15,"href":"https:\/\/www.ull.es\/masteres\/astrofisica\/fr\/wp-json\/wp\/v2\/pages\/24\/revisions"}],"predecessor-version":[{"id":997,"href":"https:\/\/www.ull.es\/masteres\/astrofisica\/fr\/wp-json\/wp\/v2\/pages\/24\/revisions\/997"}],"up":[{"embeddable":true,"href":"https:\/\/www.ull.es\/masteres\/astrofisica\/fr\/wp-json\/wp\/v2\/pages\/270"}],"wp:attachment":[{"href":"https:\/\/www.ull.es\/masteres\/astrofisica\/fr\/wp-json\/wp\/v2\/media?parent=24"}],"curies":[{"name":"wp","href":"https:\/\/api.w.org\/{rel}","templated":true}]}}