{"id":28,"date":"2017-06-28T12:58:21","date_gmt":"2017-06-28T12:58:21","guid":{"rendered":"http:\/\/www.ull.es\/masteres\/desarrollo-y-gestion-de-recursos-humanos\/?page_id=28"},"modified":"2018-09-25T12:56:05","modified_gmt":"2018-09-25T12:56:05","slug":"justificacion-del-titulo","status":"publish","type":"page","link":"https:\/\/www.ull.es\/masteres\/astrofisica\/fr\/justificacion-del-titulo\/","title":{"rendered":"Justification du titre"},"content":{"rendered":"<p>[vc_row][vc_column][vc_column_text]<\/p>\n<h1>Justificaci\u00f3n del t\u00edtulo<\/h1>\n<p>El nuevo m\u00e1ster en Astrof\u00edsica es una propuesta del Departamentos de Astrof\u00edsica\u00a0(DA), con la colaboraci\u00f3n de los Departamentos de F\u00edsica Fundamental II (F2), F\u00edsica\u00a0B\u00e1sica (FB) y F\u00edsica Fundamental y Experimental, Electr\u00f3nica y Sistemas (FE) de la\u00a0Universidad de la Laguna (ULL) y es respaldada por el Instituto de Astrof\u00edsica de\u00a0Canarias (IAC).<\/p>\n<p>La Astrof\u00edsica es una ciencia experimental multidisciplinar que integra muy diversas\u00a0\u00e1reas de la F\u00edsica con m\u00faltiples conexiones con las Matem\u00e1ticas, Geolog\u00eda, Qu\u00edmica,\u00a0Biolog\u00eda, Tecnolog\u00eda y Computaci\u00f3n. Actualmente la Astrof\u00edsica se ha convertido en\u00a0una disciplina cient\u00edfica de gran inter\u00e9s para la sociedad que la apoya como \u00e1rea\u00a0prioritaria de investigaci\u00f3n. Dicho inter\u00e9s tambi\u00e9n se manifiesta en la prensa diaria, en\u00a0las conferencias y exposiciones al gran p\u00fablico, y tambi\u00e9n en una demanda significativa\u00a0de formaci\u00f3n acad\u00e9mica por parte de los estudiantes universitarios.<\/p>\n<p>La Astronom\u00eda es probablemente la ciencia m\u00e1s antigua que se conoce y practica. La\u00a0Astrof\u00edsica, que surge como consecuencia de la aplicaci\u00f3n de la F\u00edsica al estudio de la\u00a0estructura, composici\u00f3n y evoluci\u00f3n de los astros, se ha desarrollado hacia finales del<br \/>\nsiglo XIX y, principalmente, a lo largo del XX. Materias relacionadas directamente con\u00a0la Astrof\u00edsica han entrado en las universidades en los \u00faltimos 40 a\u00f1os, asent\u00e1ndose\u00a0s\u00f3lidamente en los planes de estudios y teniendo una extraordinaria aceptaci\u00f3n entre los\u00a0estudiantes de ciencias experimentales, fundamentalmente.<\/p>\n<p>Por otra parte, basta con repasar la prensa diaria para darse cuenta de que actualmente la\u00a0Astrof\u00edsica es una de las ciencias experimentales que suscita mayor inter\u00e9s en nuestra\u00a0sociedad. Esto es debido, entre otras, a las siguientes causas:<\/p>\n<ul>\n<li>muchas de las preguntas que el hombre se plantea sobre la naturaleza y sus\u00a0or\u00edgenes pertenecen al \u00e1mbito de estudio de esta ciencia (como las referentes a\u00a0cosmolog\u00eda, exobiolog\u00eda, estudio de climas planetarios, agujeros negros, materia\u00a0oscura, astropart\u00edculas, etc.),<\/li>\n<li>recientes desarrollos tecnol\u00f3gicos y experimentales (telescopios espaciales y\u00a0gigantes, sat\u00e9lites de observaci\u00f3n en infrarrojos y de rayos X, nuevos detectores,\u00a0interferometr\u00eda en radio y visible, detectores de ondas gravitacionales,\u00a0supercomputadores, etc.) est\u00e1n permitiendo o van a permitir en un futuro\u00a0pr\u00f3ximo avances efectivos en la resoluci\u00f3n de los enigmas antes citados y,\u00a0adem\u00e1s,<\/li>\n<li>es una ciencia marcadamente interdisciplinar, teniendo relaciones\u00a0fundamentalmente con la F\u00edsica y las Matem\u00e1ticas, pero tambi\u00e9n con la\u00a0Qu\u00edmica, Biolog\u00eda, Geolog\u00eda, Ingenier\u00eda, Computaci\u00f3n, entre otras.<\/li>\n<\/ul>\n<p>Este inter\u00e9s de la sociedad hace que en el momento actual una formaci\u00f3n acad\u00e9mica en\u00a0Astrof\u00edsica sea solicitada por un n\u00famero significativo de estudiantes (a pesar de la\u00a0disminuci\u00f3n general de alumnos en los grados de ciencias experimentales) y, adem\u00e1s, la\u00a0convierte en una oferta atractiva tanto para la docencia en ense\u00f1anza secundaria y\u00a0bachillerato como para la divulgaci\u00f3n de la ciencia al gran p\u00fablico.<\/p>\n<p>Por otro lado, la Astrof\u00edsica es materia prioritaria en la investigaci\u00f3n no s\u00f3lo en nuestro\u00a0pa\u00eds sino tambi\u00e9n en los pa\u00edses de la Uni\u00f3n Europea (UE) y dem\u00e1s pa\u00edses avanzados del\u00a0mundo. Incluso organismos nacionales y supranacionales como NASA (National\u00a0Aeronautics and Space Administration), ESA (Agencia Europea del Espacio), ESO\u00a0(European Southern Observatory) y muchos otros mantienen programas cient\u00edficos<br \/>\ndedicados a la investigaci\u00f3n en esta materia.[\/vc_column_text][\/vc_column][\/vc_row]<\/p>\n","protected":false},"excerpt":{"rendered":"<p>[vc_row][vc_column][vc_column_text] Justificaci\u00f3n del t\u00edtulo El nuevo m\u00e1ster en Astrof\u00edsica es una propuesta del Departamentos de Astrof\u00edsica\u00a0(DA), con la colaboraci\u00f3n de los Departamentos de F\u00edsica Fundamental II (F2), F\u00edsica\u00a0B\u00e1sica (FB) y F\u00edsica Fundamental y Experimental, Electr\u00f3nica y Sistemas (FE) de la\u00a0Universidad de la Laguna (ULL) y es respaldada por el Instituto de Astrof\u00edsica de\u00a0Canarias (IAC). La&#8230;<\/p>\n","protected":false},"author":1,"featured_media":0,"parent":0,"menu_order":0,"comment_status":"closed","ping_status":"closed","template":"","meta":{"footnotes":""},"class_list":["post-28","page","type-page","status-publish","hentry"],"yoast_head":"<!-- This site is optimized with the Yoast SEO plugin v27.3 - https:\/\/yoast.com\/product\/yoast-seo-wordpress\/ -->\n<title>Justificaci\u00f3n del t\u00edtulo - M\u00e1ster Universitario en Astrof\u00edsica<\/title>\n<meta name=\"robots\" content=\"index, follow, max-snippet:-1, max-image-preview:large, max-video-preview:-1\" \/>\n<link rel=\"canonical\" href=\"https:\/\/www.ull.es\/masteres\/astrofisica\/fr\/justificacion-del-titulo\/\" \/>\n<meta property=\"og:locale\" content=\"fr_FR\" \/>\n<meta property=\"og:type\" content=\"article\" \/>\n<meta property=\"og:title\" content=\"Justificaci\u00f3n del t\u00edtulo - M\u00e1ster Universitario en Astrof\u00edsica\" \/>\n<meta property=\"og:description\" content=\"[vc_row][vc_column][vc_column_text] Justificaci\u00f3n del t\u00edtulo El nuevo m\u00e1ster en Astrof\u00edsica es una propuesta del Departamentos de Astrof\u00edsica\u00a0(DA), con la colaboraci\u00f3n de los Departamentos de F\u00edsica Fundamental II (F2), F\u00edsica\u00a0B\u00e1sica (FB) y F\u00edsica Fundamental y Experimental, Electr\u00f3nica y Sistemas (FE) de la\u00a0Universidad de la Laguna (ULL) y es respaldada por el Instituto de Astrof\u00edsica de\u00a0Canarias (IAC). La...\" \/>\n<meta property=\"og:url\" content=\"https:\/\/www.ull.es\/masteres\/astrofisica\/fr\/justificacion-del-titulo\/\" \/>\n<meta property=\"og:site_name\" content=\"M\u00e1ster Universitario en Astrof\u00edsica\" \/>\n<meta property=\"article:modified_time\" content=\"2018-09-25T12:56:05+00:00\" \/>\n<meta name=\"twitter:card\" content=\"summary_large_image\" \/>\n<meta name=\"twitter:label1\" content=\"Dur\u00e9e de lecture estim\u00e9e\" \/>\n\t<meta name=\"twitter:data1\" content=\"3 minutes\" \/>\n<script type=\"application\/ld+json\" class=\"yoast-schema-graph\">{\"@context\":\"https:\\\/\\\/schema.org\",\"@graph\":[{\"@type\":\"WebPage\",\"@id\":\"https:\\\/\\\/www.ull.es\\\/masteres\\\/astrofisica\\\/fr\\\/justificacion-del-titulo\\\/\",\"url\":\"https:\\\/\\\/www.ull.es\\\/masteres\\\/astrofisica\\\/fr\\\/justificacion-del-titulo\\\/\",\"name\":\"Justificaci\u00f3n del t\u00edtulo - M\u00e1ster Universitario en Astrof\u00edsica\",\"isPartOf\":{\"@id\":\"https:\\\/\\\/www.ull.es\\\/masteres\\\/astrofisica\\\/#website\"},\"datePublished\":\"2017-06-28T12:58:21+00:00\",\"dateModified\":\"2018-09-25T12:56:05+00:00\",\"breadcrumb\":{\"@id\":\"https:\\\/\\\/www.ull.es\\\/masteres\\\/astrofisica\\\/fr\\\/justificacion-del-titulo\\\/#breadcrumb\"},\"inLanguage\":\"fr-FR\",\"potentialAction\":[{\"@type\":\"ReadAction\",\"target\":[\"https:\\\/\\\/www.ull.es\\\/masteres\\\/astrofisica\\\/fr\\\/justificacion-del-titulo\\\/\"]}]},{\"@type\":\"BreadcrumbList\",\"@id\":\"https:\\\/\\\/www.ull.es\\\/masteres\\\/astrofisica\\\/fr\\\/justificacion-del-titulo\\\/#breadcrumb\",\"itemListElement\":[{\"@type\":\"ListItem\",\"position\":1,\"name\":\"Portada\",\"item\":\"https:\\\/\\\/www.ull.es\\\/masteres\\\/astrofisica\\\/\"},{\"@type\":\"ListItem\",\"position\":2,\"name\":\"Justificaci\u00f3n del t\u00edtulo\"}]},{\"@type\":\"WebSite\",\"@id\":\"https:\\\/\\\/www.ull.es\\\/masteres\\\/astrofisica\\\/#website\",\"url\":\"https:\\\/\\\/www.ull.es\\\/masteres\\\/astrofisica\\\/\",\"name\":\"M\u00e1ster Universitario en Astrof\u00edsica\",\"description\":\"\",\"potentialAction\":[{\"@type\":\"SearchAction\",\"target\":{\"@type\":\"EntryPoint\",\"urlTemplate\":\"https:\\\/\\\/www.ull.es\\\/masteres\\\/astrofisica\\\/?s={search_term_string}\"},\"query-input\":{\"@type\":\"PropertyValueSpecification\",\"valueRequired\":true,\"valueName\":\"search_term_string\"}}],\"inLanguage\":\"fr-FR\"}]}<\/script>\n<!-- \/ Yoast SEO plugin. -->","yoast_head_json":{"title":"Justification du titre - Master en astrophysique","robots":{"index":"index","follow":"follow","max-snippet":"max-snippet:-1","max-image-preview":"max-image-preview:large","max-video-preview":"max-video-preview:-1"},"canonical":"https:\/\/www.ull.es\/masteres\/astrofisica\/fr\/justificacion-del-titulo\/","og_locale":"fr_FR","og_type":"article","og_title":"Justificaci\u00f3n del t\u00edtulo - M\u00e1ster Universitario en Astrof\u00edsica","og_description":"[vc_row][vc_column][vc_column_text] Justificaci\u00f3n del t\u00edtulo El nuevo m\u00e1ster en Astrof\u00edsica es una propuesta del Departamentos de Astrof\u00edsica\u00a0(DA), con la colaboraci\u00f3n de los Departamentos de F\u00edsica Fundamental II (F2), F\u00edsica\u00a0B\u00e1sica (FB) y F\u00edsica Fundamental y Experimental, Electr\u00f3nica y Sistemas (FE) de la\u00a0Universidad de la Laguna (ULL) y es respaldada por el Instituto de Astrof\u00edsica de\u00a0Canarias (IAC). La...","og_url":"https:\/\/www.ull.es\/masteres\/astrofisica\/fr\/justificacion-del-titulo\/","og_site_name":"M\u00e1ster Universitario en Astrof\u00edsica","article_modified_time":"2018-09-25T12:56:05+00:00","twitter_card":"summary_large_image","twitter_misc":{"Dur\u00e9e de lecture estim\u00e9e":"3 minutes"},"schema":{"@context":"https:\/\/schema.org","@graph":[{"@type":"WebPage","@id":"https:\/\/www.ull.es\/masteres\/astrofisica\/fr\/justificacion-del-titulo\/","url":"https:\/\/www.ull.es\/masteres\/astrofisica\/fr\/justificacion-del-titulo\/","name":"Justification du titre - Master en astrophysique","isPartOf":{"@id":"https:\/\/www.ull.es\/masteres\/astrofisica\/#website"},"datePublished":"2017-06-28T12:58:21+00:00","dateModified":"2018-09-25T12:56:05+00:00","breadcrumb":{"@id":"https:\/\/www.ull.es\/masteres\/astrofisica\/fr\/justificacion-del-titulo\/#breadcrumb"},"inLanguage":"fr-FR","potentialAction":[{"@type":"ReadAction","target":["https:\/\/www.ull.es\/masteres\/astrofisica\/fr\/justificacion-del-titulo\/"]}]},{"@type":"BreadcrumbList","@id":"https:\/\/www.ull.es\/masteres\/astrofisica\/fr\/justificacion-del-titulo\/#breadcrumb","itemListElement":[{"@type":"ListItem","position":1,"name":"Portada","item":"https:\/\/www.ull.es\/masteres\/astrofisica\/"},{"@type":"ListItem","position":2,"name":"Justificaci\u00f3n del t\u00edtulo"}]},{"@type":"WebSite","@id":"https:\/\/www.ull.es\/masteres\/astrofisica\/#website","url":"https:\/\/www.ull.es\/masteres\/astrofisica\/","name":"Master en Astrophysique","description":"","potentialAction":[{"@type":"SearchAction","target":{"@type":"EntryPoint","urlTemplate":"https:\/\/www.ull.es\/masteres\/astrofisica\/?s={search_term_string}"},"query-input":{"@type":"PropertyValueSpecification","valueRequired":true,"valueName":"search_term_string"}}],"inLanguage":"fr-FR"}]}},"_links":{"self":[{"href":"https:\/\/www.ull.es\/masteres\/astrofisica\/fr\/wp-json\/wp\/v2\/pages\/28","targetHints":{"allow":["GET"]}}],"collection":[{"href":"https:\/\/www.ull.es\/masteres\/astrofisica\/fr\/wp-json\/wp\/v2\/pages"}],"about":[{"href":"https:\/\/www.ull.es\/masteres\/astrofisica\/fr\/wp-json\/wp\/v2\/types\/page"}],"author":[{"embeddable":true,"href":"https:\/\/www.ull.es\/masteres\/astrofisica\/fr\/wp-json\/wp\/v2\/users\/1"}],"replies":[{"embeddable":true,"href":"https:\/\/www.ull.es\/masteres\/astrofisica\/fr\/wp-json\/wp\/v2\/comments?post=28"}],"version-history":[{"count":9,"href":"https:\/\/www.ull.es\/masteres\/astrofisica\/fr\/wp-json\/wp\/v2\/pages\/28\/revisions"}],"predecessor-version":[{"id":724,"href":"https:\/\/www.ull.es\/masteres\/astrofisica\/fr\/wp-json\/wp\/v2\/pages\/28\/revisions\/724"}],"wp:attachment":[{"href":"https:\/\/www.ull.es\/masteres\/astrofisica\/fr\/wp-json\/wp\/v2\/media?parent=28"}],"curies":[{"name":"wp","href":"https:\/\/api.w.org\/{rel}","templated":true}]}}