{"id":28,"date":"2017-06-28T12:58:21","date_gmt":"2017-06-28T12:58:21","guid":{"rendered":"http:\/\/www.ull.es\/masteres\/desarrollo-y-gestion-de-recursos-humanos\/?page_id=28"},"modified":"2018-05-02T12:09:39","modified_gmt":"2018-05-02T12:09:39","slug":"justificacion-del-titulo","status":"publish","type":"page","link":"https:\/\/www.ull.es\/masteres\/biomedicina\/justificacion-del-titulo\/","title":{"rendered":"Justificaci\u00f3n del t\u00edtulo"},"content":{"rendered":"<p>[vc_row][vc_column][vc_column_text]<\/p>\n<h1>Justificaci\u00f3n del t\u00edtulo<\/h1>\n<p>La Biomedicina constituye uno de los sectores con mayor impacto socio-econ\u00f3mico de nuestro entorno. La sociedad demanda cada d\u00eda una mayor calidad de vida, la cual depende a su vez del adecuado desarrollo del sector biosanitario. En las \u00faltimas d\u00e9cadas se han producido grandes avances en las diferentes disciplinas implicadas en este \u00e1mbito, lo que ha permitido profundizar en el conocimiento del organismo humano, los fundamentos biof\u00edsicos y bioqu\u00edmicas, que explican su funcionamiento en estado de salud, y las bases celulares y moleculares de las enfermedades. Como consecuencia de todo ello ha surgido un potente sector biom\u00e9dico que requiere de profesionales con formaci\u00f3n muy especializada, tanto en el sector p\u00fablico como en el privado.<\/p>\n<p>Por lo tanto, si consideramos a la Biomedicina como una ciencia multidisciplinar que tiene por objeto la profundizaci\u00f3n en la l\u00f3gica de la vida de cara a mejorar la salud de los individuos podemos justificar el dise\u00f1o de la Titulaci\u00f3n que se propone pretende ofrecer una formaci\u00f3n altamente especializada en cada una de las disciplinas que conforman el plan formativo, al mismo tiempo que interrelacionadas entre si.<\/p>\n<p>Este programa, de car\u00e1cter interdepartamental e interfacultativo, se ha dise\u00f1ado para aunar las actividades docentes dirigidas a estudiantes de posgrado de aquellas \u00e1reas de conocimiento en las que, en la Universidad de La Laguna, se desarrollan l\u00edneas de investigaci\u00f3n de excelencia relacionadas, en mayor o menor grado, con la biomedicina. Con ello se pretende configurar un programa que integre estratos del conocimiento b\u00e1sico y aplicado.<\/p>\n<p>Este programa pretende ser, por lo tanto, una oferta de posgrado de calidad, con una orientaci\u00f3n hacia la formaci\u00f3n en investigaci\u00f3n biom\u00e9dica, potencialmente \u00fatil para las Licenciaturas o Grados de Biolog\u00eda, Farmacia, Medicina, Qu\u00edmica y Psicolog\u00eda de la Universidad de La Laguna, as\u00ed como una v\u00eda para la formaci\u00f3n de profesionales y doctores entre los egresados de dichas Licenciaturas o Grados. Asimismo, este programa se plantea como una oportunidad formativa para egresados de \u00e9stas y otras titulaciones relacionadas, procedentes de universidades espa\u00f1olas y extranjeras, que deseen continuar sus estudios universitarios en estos campos del conocimiento.<\/p>\n<p><strong>Referentes externos a la Universidad.\u00a0<\/strong><\/p>\n<p>Las materias que se imparten en este programa abordan cuestiones que se encuentran de plena actualidad, raz\u00f3n por la cual un n\u00famero importante de universidades prestigiosas, tanto espa\u00f1olas como de otros pa\u00edses, ofertan t\u00edtulos de m\u00e1ster con un contenido similar. Baste citar, como ejemplos, el M\u00e1ster en Biomedicina de la Universidad de Barcelona, el Programa de Posgrado en Biolog\u00eda Molecular y Biomedicina de la Universidad de Sevilla, el Programa Oficial de Posgrado en Biotecnolog\u00eda y Biomedicina de la Universidad de Alicante, el M\u00e1ster en Biotecnolog\u00eda M\u00e9dica de la Universidad Pompeu Fabra, y el M\u00e1ster en Bioqu\u00edmica, Biolog\u00eda Molecular y Biomedicina de la Universidad Aut\u00f3noma de Barcelona, entre otros, en universidades espa\u00f1olas. Igualmente, fuera de nuestro pa\u00eds existen otros programas similares, como el MSC in Biomedical Sciences Research del King\u2019s College London (Reino Unido), el Master in Biomedicine and Biotechnology de la Universidad de Viena (Austria), el Master of Health Science de la John Hopkins University (Baltimore, MD, USA), as\u00ed como numerosos t\u00edtulos equivalentes impartidos en universidades de Estados Unidos, Australia y diversos pa\u00edses europeos.<\/p>\n<p><strong>Procedimientos de consulta externos e internos para la elaboraci\u00f3n del plan de estudios.<\/strong><\/p>\n<p>En lo referente a la oferta previa de posgrado en la Universidad de La Laguna relacionada con este programa, cabe se\u00f1alar que tiene como antecedentes directos los programas de doctorado titulados Investigaci\u00f3n Biom\u00e9dica B\u00e1sica e Investigaci\u00f3n Biom\u00e9dica y Cl\u00ednica Quir\u00fargica, de una parte, y Ciencias de la Vida y del Medio Ambiente, de otra, que han constituido la oferta de tercer ciclo que en esta universidad ha permitido el acceso al t\u00edtulo de doctor a los licenciados por las Facultades de Medicina, Biolog\u00eda y Farmacia. Tambi\u00e9n, el programa de doctorado interuniversitario en Neurociencia Cognitiva, y el Programa Oficial de Posgrado (POP) Biomedicina y Biotecnolog\u00eda, ambos con Menci\u00f3n de Calidad.<\/p>\n<p>Basada en la experiencia adquirida durante la existencia del POP Biomedicina y Biotecnolog\u00eda se estableci\u00f3 una comisi\u00f3n de dise\u00f1o de la Nueva Titulaci\u00f3n \u2013 compuesta por profesores que hab\u00edan impartido y en contacto permanente con el Consejo Acad\u00e9mico &#8211; que utiliz\u00f3 como referencia datos suministrados por el Gabinete de An\u00e1lisis y Planificaci\u00f3n de la ULL relacionados con aspectos acad\u00e9micos (contenidos y organizaci\u00f3n), n\u00famero de egresados que continuaron su tesis doctoral y encuesta de satisfacci\u00f3n del estudiantado.<\/p>\n<p>Esta comisi\u00f3n trabaj\u00f3 apoy\u00e1ndose en la normativa de la ULL y de su Comisi\u00f3n de Estudios de Posgrado para establecer la propuesta que se plantea. En la ULL se desarrollan diversas l\u00edneas de investigaci\u00f3n consolidadas cuya tem\u00e1tica puede considerarse como perteneciente a \u00e1reas propias de la biomedicina o afines a las mismas, en las que los estudiantes pueden adquirir formaci\u00f3n te\u00f3rica y pr\u00e1ctica en la metodolog\u00eda cient\u00edfica general y en t\u00e9cnicas espec\u00edficas, y realizar los trabajos de investigaci\u00f3n correspondientes a sus Trabajos Fin de M\u00e1ster y\/o Tesis Doctoral. La mayor\u00eda de estas l\u00edneas de investigaci\u00f3n- una de las fortalezas de la Titulaci\u00f3n que se propone- quedar\u00e1n integradas tanto en el M\u00e1ster que ahora se propone como en el Doctorado en Ciencias Biom\u00e9dicas.<\/p>\n<p>Adem\u00e1s, este programa incorpora de manera activa a diversos grupos de investigaci\u00f3n de los tres institutos universitarios relacionados con la tem\u00e1tica del mismo (Instituto Universitario de Bioorg\u00e1nica \u201cAntonio Gonz\u00e1lez\u201d, Instituto de Enfermedades Tropicales y Salud P\u00fablica de Canarias, e Instituto de Tecnolog\u00edas Biom\u00e9dicas), as\u00ed como a las Unidades de Investigaci\u00f3n de los Hospitales Universitarios de Tenerife (Hospital Universitario de Canarias y Hospital Universitario Nuestra Se\u00f1ora de Candelaria). Por \u00faltimo, cabe se\u00f1alar la posible conversi\u00f3n de esta titulaci\u00f3n en una conjunta, incorporando la participaci\u00f3n de la Universidad de las Palmas de Gran Canaria, en un futuro pr\u00f3ximo.<\/p>\n<p>El \u00e9xito de toda econom\u00eda basada en el conocimiento depende de la generaci\u00f3n, difusi\u00f3n y aplicaci\u00f3n de ese conocimiento y, por ello, del entorno regional, nacional e internacional donde se desarrolla. La posici\u00f3n espa\u00f1ola en el desarrollo de la biotecnolog\u00eda viene marcada por el esfuerzo llevado a cabo en nuestro pa\u00eds a lo largo de la d\u00e9cada de los ochenta para promover la ciencia y la tecnolog\u00eda. En el esfuerzo desarrollado a partir de los a\u00f1os ochenta, la biotecnolog\u00eda fue considerada como el modelo de tecnolog\u00eda para poner en marcha una pol\u00edtica de decidido apoyo estatal. Desde entonces, la inversi\u00f3n total en biotecnolog\u00eda, estimulada por el apoyo del Estado en proyectos de I+D, ha sido de m\u00e1s de 100 millones de euros, de los que algo m\u00e1s del 50% corresponden al sector p\u00fablico.<\/p>\n<p>Un desglose de la financiaci\u00f3n por sectores indica un predominio del sector Salud, 53%, que incluye el desarrollo de productos farmac\u00e9uticos, en especial vacunas, prote\u00ednas, p\u00e9ptidos y macromol\u00e9culas de alto valor a\u00f1adido obtenidas por ingenier\u00eda gen\u00e9tica; y productos para diagn\u00f3stico, b\u00e1sicamente anticuerpos monoclonales y sondas de ADN. El resto corresponde a los sectores agroalimentario, 30%; qu\u00edmico, 12 %, y de protecci\u00f3n del medio ambiente, 5 %. En los \u00faltimos a\u00f1os se ha producido en Espa\u00f1a un gran aumento del esfuerzo dedicado a la investigaci\u00f3n biom\u00e9dica y biotecnol\u00f3gica, lo que ha permitido la generaci\u00f3n de conocimiento y la adquisici\u00f3n de experiencia, hasta el punto de haber favorecido el caldo de cultivo capaz de sustentar la creaci\u00f3n de empresas de base tecnol\u00f3gica tanto en el sector de la alimentaci\u00f3n como en el de la salud. Aunque en este tiempo se ha creado un n\u00famero importante de empresas en estos sectores, todos los datos indican que existe capacidad tecnol\u00f3gica suficiente como para emprender muchos m\u00e1s proyectos.<\/p>\n<p>A pesar de la situaci\u00f3n coyuntural de crisis econ\u00f3mica y su incidencia en la distribuci\u00f3n de recursos, es evidente, por tanto, que los sectores econ\u00f3micos y sociales relacionados con la formaci\u00f3n impartida en esta titulaci\u00f3n requieren y seguir\u00e1n requiriendo de profesionales con una formaci\u00f3n muy especializada. La Universidad de La Laguna dispone de profesores e investigadores que son especialistas de calidad contrastada y que realizan investigaci\u00f3n competitiva en \u00e1reas directamente relacionadas con la Biomedicina, como lo demuestran las l\u00edneas de investigaci\u00f3n que forman parte del programa y los CV de los profesores e investigadores participantes, lo que resulta una garant\u00eda de que este programa podr\u00e1 ofrecer formaci\u00f3n de calidad para los futuros profesionales de estos sectores. Adem\u00e1s, la relaci\u00f3n de esos profesores e investigadores con colegas que desarrollan su trabajo en otras instituciones nacionales y supranacionales \u2013 que podr\u00e1n ser invitados para participar en el plan formativo de la titulaci\u00f3n \u2013 contribuir\u00e1n a cimentar con mayor fuerza la calidad de la formaci\u00f3n de los egresados.[\/vc_column_text][\/vc_column][\/vc_row]<\/p>\n","protected":false},"excerpt":{"rendered":"<p>[vc_row][vc_column][vc_column_text] Justificaci\u00f3n del t\u00edtulo La Biomedicina constituye uno de los sectores con mayor impacto socio-econ\u00f3mico de nuestro entorno. La sociedad demanda cada d\u00eda una mayor calidad de vida, la cual depende a su vez del adecuado desarrollo del sector biosanitario. En las \u00faltimas d\u00e9cadas se han producido grandes avances en las diferentes disciplinas implicadas en&#8230;<\/p>\n","protected":false},"author":1,"featured_media":0,"parent":0,"menu_order":0,"comment_status":"closed","ping_status":"closed","template":"","meta":{"footnotes":""},"class_list":["post-28","page","type-page","status-publish","hentry"],"yoast_head":"<!-- This site is optimized with the Yoast SEO plugin v27.3 - https:\/\/yoast.com\/product\/yoast-seo-wordpress\/ -->\n<title>Justificaci\u00f3n del t\u00edtulo - M\u00e1ster Universitario en Biomedicina<\/title>\n<meta name=\"robots\" content=\"index, follow, max-snippet:-1, max-image-preview:large, max-video-preview:-1\" \/>\n<link rel=\"canonical\" href=\"https:\/\/www.ull.es\/masteres\/biomedicina\/justificacion-del-titulo\/\" \/>\n<meta property=\"og:locale\" content=\"es_ES\" \/>\n<meta property=\"og:type\" content=\"article\" \/>\n<meta property=\"og:title\" content=\"Justificaci\u00f3n del t\u00edtulo - M\u00e1ster Universitario en Biomedicina\" \/>\n<meta property=\"og:description\" content=\"[vc_row][vc_column][vc_column_text] Justificaci\u00f3n del t\u00edtulo La Biomedicina constituye uno de los sectores con mayor impacto socio-econ\u00f3mico de nuestro entorno. La sociedad demanda cada d\u00eda una mayor calidad de vida, la cual depende a su vez del adecuado desarrollo del sector biosanitario. En las \u00faltimas d\u00e9cadas se han producido grandes avances en las diferentes disciplinas implicadas en...\" \/>\n<meta property=\"og:url\" content=\"https:\/\/www.ull.es\/masteres\/biomedicina\/justificacion-del-titulo\/\" \/>\n<meta property=\"og:site_name\" content=\"M\u00e1ster Universitario en Biomedicina\" \/>\n<meta property=\"article:modified_time\" content=\"2018-05-02T12:09:39+00:00\" \/>\n<meta name=\"twitter:card\" content=\"summary_large_image\" \/>\n<meta name=\"twitter:label1\" content=\"Tiempo de lectura\" \/>\n\t<meta name=\"twitter:data1\" content=\"8 minutos\" \/>\n<script type=\"application\/ld+json\" class=\"yoast-schema-graph\">{\"@context\":\"https:\\\/\\\/schema.org\",\"@graph\":[{\"@type\":\"WebPage\",\"@id\":\"https:\\\/\\\/www.ull.es\\\/masteres\\\/biomedicina\\\/justificacion-del-titulo\\\/\",\"url\":\"https:\\\/\\\/www.ull.es\\\/masteres\\\/biomedicina\\\/justificacion-del-titulo\\\/\",\"name\":\"Justificaci\u00f3n del t\u00edtulo - M\u00e1ster Universitario en Biomedicina\",\"isPartOf\":{\"@id\":\"https:\\\/\\\/www.ull.es\\\/masteres\\\/biomedicina\\\/#website\"},\"datePublished\":\"2017-06-28T12:58:21+00:00\",\"dateModified\":\"2018-05-02T12:09:39+00:00\",\"breadcrumb\":{\"@id\":\"https:\\\/\\\/www.ull.es\\\/masteres\\\/biomedicina\\\/justificacion-del-titulo\\\/#breadcrumb\"},\"inLanguage\":\"es\",\"potentialAction\":[{\"@type\":\"ReadAction\",\"target\":[\"https:\\\/\\\/www.ull.es\\\/masteres\\\/biomedicina\\\/justificacion-del-titulo\\\/\"]}]},{\"@type\":\"BreadcrumbList\",\"@id\":\"https:\\\/\\\/www.ull.es\\\/masteres\\\/biomedicina\\\/justificacion-del-titulo\\\/#breadcrumb\",\"itemListElement\":[{\"@type\":\"ListItem\",\"position\":1,\"name\":\"Portada\",\"item\":\"https:\\\/\\\/www.ull.es\\\/masteres\\\/biomedicina\\\/\"},{\"@type\":\"ListItem\",\"position\":2,\"name\":\"Justificaci\u00f3n del t\u00edtulo\"}]},{\"@type\":\"WebSite\",\"@id\":\"https:\\\/\\\/www.ull.es\\\/masteres\\\/biomedicina\\\/#website\",\"url\":\"https:\\\/\\\/www.ull.es\\\/masteres\\\/biomedicina\\\/\",\"name\":\"M\u00e1ster Universitario en Biomedicina\",\"description\":\"\",\"potentialAction\":[{\"@type\":\"SearchAction\",\"target\":{\"@type\":\"EntryPoint\",\"urlTemplate\":\"https:\\\/\\\/www.ull.es\\\/masteres\\\/biomedicina\\\/?s={search_term_string}\"},\"query-input\":{\"@type\":\"PropertyValueSpecification\",\"valueRequired\":true,\"valueName\":\"search_term_string\"}}],\"inLanguage\":\"es\"}]}<\/script>\n<!-- \/ Yoast SEO plugin. -->","yoast_head_json":{"title":"Justificaci\u00f3n del t\u00edtulo - M\u00e1ster Universitario en Biomedicina","robots":{"index":"index","follow":"follow","max-snippet":"max-snippet:-1","max-image-preview":"max-image-preview:large","max-video-preview":"max-video-preview:-1"},"canonical":"https:\/\/www.ull.es\/masteres\/biomedicina\/justificacion-del-titulo\/","og_locale":"es_ES","og_type":"article","og_title":"Justificaci\u00f3n del t\u00edtulo - M\u00e1ster Universitario en Biomedicina","og_description":"[vc_row][vc_column][vc_column_text] Justificaci\u00f3n del t\u00edtulo La Biomedicina constituye uno de los sectores con mayor impacto socio-econ\u00f3mico de nuestro entorno. La sociedad demanda cada d\u00eda una mayor calidad de vida, la cual depende a su vez del adecuado desarrollo del sector biosanitario. En las \u00faltimas d\u00e9cadas se han producido grandes avances en las diferentes disciplinas implicadas en...","og_url":"https:\/\/www.ull.es\/masteres\/biomedicina\/justificacion-del-titulo\/","og_site_name":"M\u00e1ster Universitario en Biomedicina","article_modified_time":"2018-05-02T12:09:39+00:00","twitter_card":"summary_large_image","twitter_misc":{"Tiempo de lectura":"8 minutos"},"schema":{"@context":"https:\/\/schema.org","@graph":[{"@type":"WebPage","@id":"https:\/\/www.ull.es\/masteres\/biomedicina\/justificacion-del-titulo\/","url":"https:\/\/www.ull.es\/masteres\/biomedicina\/justificacion-del-titulo\/","name":"Justificaci\u00f3n del t\u00edtulo - M\u00e1ster Universitario en Biomedicina","isPartOf":{"@id":"https:\/\/www.ull.es\/masteres\/biomedicina\/#website"},"datePublished":"2017-06-28T12:58:21+00:00","dateModified":"2018-05-02T12:09:39+00:00","breadcrumb":{"@id":"https:\/\/www.ull.es\/masteres\/biomedicina\/justificacion-del-titulo\/#breadcrumb"},"inLanguage":"es","potentialAction":[{"@type":"ReadAction","target":["https:\/\/www.ull.es\/masteres\/biomedicina\/justificacion-del-titulo\/"]}]},{"@type":"BreadcrumbList","@id":"https:\/\/www.ull.es\/masteres\/biomedicina\/justificacion-del-titulo\/#breadcrumb","itemListElement":[{"@type":"ListItem","position":1,"name":"Portada","item":"https:\/\/www.ull.es\/masteres\/biomedicina\/"},{"@type":"ListItem","position":2,"name":"Justificaci\u00f3n del t\u00edtulo"}]},{"@type":"WebSite","@id":"https:\/\/www.ull.es\/masteres\/biomedicina\/#website","url":"https:\/\/www.ull.es\/masteres\/biomedicina\/","name":"M\u00e1ster Universitario en Biomedicina","description":"","potentialAction":[{"@type":"SearchAction","target":{"@type":"EntryPoint","urlTemplate":"https:\/\/www.ull.es\/masteres\/biomedicina\/?s={search_term_string}"},"query-input":{"@type":"PropertyValueSpecification","valueRequired":true,"valueName":"search_term_string"}}],"inLanguage":"es"}]}},"_links":{"self":[{"href":"https:\/\/www.ull.es\/masteres\/biomedicina\/wp-json\/wp\/v2\/pages\/28","targetHints":{"allow":["GET"]}}],"collection":[{"href":"https:\/\/www.ull.es\/masteres\/biomedicina\/wp-json\/wp\/v2\/pages"}],"about":[{"href":"https:\/\/www.ull.es\/masteres\/biomedicina\/wp-json\/wp\/v2\/types\/page"}],"author":[{"embeddable":true,"href":"https:\/\/www.ull.es\/masteres\/biomedicina\/wp-json\/wp\/v2\/users\/1"}],"replies":[{"embeddable":true,"href":"https:\/\/www.ull.es\/masteres\/biomedicina\/wp-json\/wp\/v2\/comments?post=28"}],"version-history":[{"count":11,"href":"https:\/\/www.ull.es\/masteres\/biomedicina\/wp-json\/wp\/v2\/pages\/28\/revisions"}],"predecessor-version":[{"id":760,"href":"https:\/\/www.ull.es\/masteres\/biomedicina\/wp-json\/wp\/v2\/pages\/28\/revisions\/760"}],"wp:attachment":[{"href":"https:\/\/www.ull.es\/masteres\/biomedicina\/wp-json\/wp\/v2\/media?parent=28"}],"curies":[{"name":"wp","href":"https:\/\/api.w.org\/{rel}","templated":true}]}}