{"id":40,"date":"2017-06-28T13:01:41","date_gmt":"2017-06-28T13:01:41","guid":{"rendered":"http:\/\/www.ull.es\/masteres\/desarrollo-y-gestion-de-recursos-humanos\/?page_id=40"},"modified":"2025-07-23T05:36:03","modified_gmt":"2025-07-23T05:36:03","slug":"reconocimiento-y-transferencia-de-creditos","status":"publish","type":"page","link":"https:\/\/www.ull.es\/masteres\/ciencias-de-las-religiones\/fr\/informacion-academica\/reconocimiento-y-transferencia-de-creditos\/","title":{"rendered":"Reconnaissance et transfert de cr\u00e9dits"},"content":{"rendered":"\n<div class=\"wp-block-stackable-columns alignfull stk-block-columns stk-block stk-2314a6b\" data-block-id=\"2314a6b\"><style>.stk-2314a6b {padding-bottom:0px !important;margin-top:-100px !important;margin-bottom:0px !important;}<\/style><div class=\"stk-row stk-inner-blocks stk-block-content stk-content-align stk-2314a6b-column alignfull\">\n<div class=\"wp-block-stackable-column stk-block-column stk-column stk-block stk-1d1764d\" data-v=\"4\" data-block-id=\"1d1764d\"><div class=\"stk-column-wrapper stk-block-column__content stk-container stk-1d1764d-container stk--no-background stk--no-padding\"><div class=\"stk-block-content stk-inner-blocks stk-1d1764d-inner-blocks\"><style id=\"depicter-1-inline-pre-css\">\n\n.depicter-1:not(.depicter-ready){\n\theight:450px;\n}\n\n\/***** Tablet *****\/\n@media screen and (max-width: 1024px){\n\n.depicter-1:not(.depicter-ready){\n\theight:700px;\n}\n\n}\n\/***** Mobile *****\/\n@media screen and (max-width: 767px){\n\n.depicter-1:not(.depicter-ready){\n\theight:360px;\n}\n\n}\n<\/style>\n<div id=\"depicter-1\" class=\"depicter depicter-document depicter-revert depicter-1 depicter-layout-fullwidth\">\n\n<div class=\"depicter-loading-container depicter-loading dotFlashing-dark\"><div class=\"depicter-loading-dark depicter-dot-flashing\">\n   <span><\/span>\n   <span><\/span>\n   <span><\/span>\n<\/div>\n<\/div>\n<div id=\"depicter-1-section-1\" class=\"depicter-section depicter-1-section-1\" data-name=\"Section 1\" data-type=\"section\" data-local-id=\"section-1\">\n<picture class=\"depicter-bg\">\n<source data-depicter-srcset=\"https:\/\/www.ull.es\/masteres\/ciencias-de-las-religiones\/wp-content\/uploads\/sites\/26\/2025\/06\/Headers-Masteres_Ciencias-de-las-religiones-768x248.jpg, https:\/\/www.ull.es\/masteres\/ciencias-de-las-religiones\/wp-content\/uploads\/sites\/26\/2025\/06\/Headers-Masteres_Ciencias-de-las-religiones.jpg 2x\" srcset=\"data:image\/gif;base64,R0lGODlhAQABAIAAAAAAAP\/\/\/yH5BAEAAAAALAAAAAABAAEAAAIBRAA7\" media=\"(max-width: 1024px)\" \/>\n\n<source data-depicter-srcset=\"https:\/\/www.ull.es\/masteres\/ciencias-de-las-religiones\/wp-content\/uploads\/sites\/26\/2025\/06\/Headers-Masteres_Ciencias-de-las-religiones.jpg, https:\/\/www.ull.es\/masteres\/ciencias-de-las-religiones\/wp-content\/uploads\/sites\/26\/2025\/06\/Headers-Masteres_Ciencias-de-las-religiones-1280x413.jpg 2x\" srcset=\"data:image\/gif;base64,R0lGODlhAQABAIAAAAAAAP\/\/\/yH5BAEAAAAALAAAAAABAAEAAAIBRAA7\" media=\"(min-width: 1025px)\" \/>\n<img decoding=\"async\" src=\"data:image\/gif;base64,R0lGODlhAQABAIAAAAAAAP\/\/\/yH5BAEAAAAALAAAAAABAAEAAAIBRAA7\" data-ken-burns=\"false\" data-tablet-ken-burns=\"false\" data-mobile-ken-burns=\"false\" alt=\"\" data-depicter-src=\"https:\/\/www.ull.es\/masteres\/ciencias-de-las-religiones\/wp-content\/uploads\/sites\/26\/2025\/06\/Headers-Masteres_Ciencias-de-las-religiones.jpg\" data-object-fit=\"custom,custom,\" data-object-position=\"center top,,\" data-crop=\"{'focalPoint':{'x':0.5,'y':0.479999999999999982236431605997495353221893310546875},'mediaSize':{'width':1792,'height':578}}\" data-tablet-crop=\"{'focalPoint':{'x':0.5,'y':0.5},'mediaSize':{'width':2169.4915254237284898408688604831695556640625,'height':700}}\" data-mobile-crop=\"{'focalPoint':{'x':0.5,'y':0.5},'mediaSize':{'width':1394.6731234866829254315234720706939697265625,'height':450}}\" \/>\n<\/picture>\n\n\n<h1 id=\"depicter-1-element-5\" class=\"depicter-element depicter-layer depicter-1-element-5\" data-type=\"text\" data-wrap=\"true\" data-name=\"Text 2\" data-local-id=\"element-5\" data-offset=\"x:0px;y:118px;origin:tl\" data-tablet-offset=\"x:109px;y:220px;origin:tl\" data-mobile-offset=\"x:0px;y:78px;origin:tl\" data-width=\"1200px,808px,399px\" data-height=\"auto,auto,auto\" data-responsive-scale=\"true,,\">M\u00e1ster Universitario en Ciencias de las Religiones: Historia y Sociedad (Interuniversitario)<br><\/h1>\n\n<div id=\"depicter-1-element-10\" class=\"depicter-element depicter-layer depicter-1-element-10\" data-type=\"shape\" data-wrap=\"true\" data-name=\"Shape 1\" data-local-id=\"element-10\" data-offset=\"x:0px;y:366px;origin:tl\" data-tablet-offset=\"x:124px;y:521px;origin:tl\" data-mobile-offset=\"x:-9px;y:295px;origin:tl\" data-width=\"1126px,778px,408px\" data-height=\"8px,8px,8px\" data-responsive-scale=\"true,,\"><\/div>\n<\/div>\n<\/div>\n<script>\n(window.depicterSetups = window.depicterSetups || []).push(function(){\n\tDepicter.basePath = 'https:\/\/www.ull.es\/masteres\/ciencias-de-las-religiones\/wp-content\/plugins\/depicter\/resources\/scripts\/player\/';\n\tconst dpPlayer = Depicter.setup('.depicter-1',\n\t\t{\"width\":[\"1200\",\"1024\",\"360\"],\"height\":[\"450\",\"700\",\"360\"],\"view\":\"basic\",\"keepAspectRatio\":true,\"preload\":0,\"layout\":\"fullwidth\",\"rtl\":false,\"initAfterAppear\":false,\"ajaxApiUrl\":\"https:\\\/\\\/www.ull.es\\\/masteres\\\/ciencias-de-las-religiones\\\/wp-admin\\\/admin-ajax.php\",\"mouseSwipe\":true,\"touchSwipe\":true,\"useWatermark\":false}\n\t);\n});\n<\/script><\/div><\/div><\/div>\n<\/div><\/div>\n\n\n\n<div class=\"wp-block-stackable-columns alignfull stk-block-columns stk--hide-mobile stk-block stk-6394276 stk-block-background\" data-block-id=\"6394276\"><style>.stk-6394276 {background-color:#fa6199 !important;padding-top:50px !important;padding-right:0px !important;padding-bottom:1px !important;padding-left:0px !important;margin-top:-40px !important;margin-bottom:0px !important;}.stk-6394276:before{background-color:#fa6199 !important;}<\/style><div class=\"stk-row stk-inner-blocks stk-block-content stk-content-align stk-6394276-column alignfull\">\n<div class=\"wp-block-stackable-column stk-block-column stk-column stk-block stk-8a66885\" data-v=\"4\" data-block-id=\"8a66885\"><div class=\"stk-column-wrapper stk-block-column__content stk-container stk-8a66885-container stk--no-background stk--no-padding\"><div class=\"stk-block-content stk-inner-blocks stk-8a66885-inner-blocks\">\n<div class=\"wp-block-stackable-spacer stk-block-spacer stk--no-padding stk-block stk-bc89b3e\" data-block-id=\"bc89b3e\"><style>.stk-bc89b3e {height:0px !important;}<\/style><\/div>\n<\/div><\/div><\/div>\n<\/div><\/div>\n\n\n\n<div class=\"wp-block-stackable-columns stk-block-columns stk-block stk-8b59b96\" data-block-id=\"8b59b96\"><style>.stk-8b59b96 .stk--block-align-8b59b96{align-items:flex-start !important;}.stk-8b59b96 {margin-top:50px !important;}.stk-8b59b96-column{--stk-columns-spacing:0px !important;--stk-column-gap:50px !important;}@media screen and (max-width: 767px){.stk-8b59b96-column{row-gap:var(--stk--preset--spacing--60, 2.25rem) !important;}}<\/style><div class=\"stk-row stk-inner-blocks stk--block-align-8b59b96 stk-block-content stk-content-align stk-8b59b96-column\">\n<div class=\"wp-block-stackable-column stk-block-column stk-column stk-block stk-dbb7e15\" data-v=\"4\" data-block-id=\"dbb7e15\"><style>@media screen and (min-width: 768px){.stk-dbb7e15 {flex:var(--stk-flex-grow, 1) 1 66.7% !important;}}<\/style><div class=\"stk-column-wrapper stk-block-column__content stk-container stk-dbb7e15-container stk--no-background stk--no-padding\"><div class=\"stk-block-content stk-inner-blocks stk-dbb7e15-inner-blocks\">\n<div class=\"wp-block-stackable-heading stk-block-heading stk-block-heading--v2 stk-block stk-cc0239e\" id=\"complementos-de-formacion\" data-block-id=\"cc0239e\"><style>.stk-cc0239e .stk-block-heading__text{color:#fa6199 !important;font-weight:500 !important;}<\/style><h1 class=\"stk-block-heading__text has-text-color\">Reconocimiento y transferencia de cr\u00e9ditos<\/h1><\/div>\n\n\n\n<div class=\"wp-block-stackable-text stk-block-text stk-block stk-15d6cec\" data-block-id=\"15d6cec\"><p class=\"stk-block-text__text\">El Reconocimiento de Cr\u00e9ditos supone la aceptaci\u00f3n por la Universidad de los cr\u00e9ditos obtenidos, atendiendo a lo establecido en la Memoria de Verificaci\u00f3n\/Modificaci\u00f3n de la Titulaci\u00f3n y a las disposiciones de la normativa aplicable, esto es, al&nbsp;<a href=\"http:\/\/www.gobcan.es\/boc\/2012\/091\/004.html\" target=\"_blank\" rel=\"noreferrer noopener\" target=\"_blank\" rel=\"noopener\">Reglamento de Reconocimiento, Adaptaci\u00f3n y Transferencia de Cr\u00e9ditos<\/a>&nbsp;de la Universidad de La Laguna&nbsp;<a href=\"https:\/\/drive.google.com\/file\/d\/1WpxAYuuXEBbI4dq-4cnAKupbQ2C8jSqm\/view?usp=sharing\" target=\"_blank\" rel=\"noreferrer noopener\" target=\"_blank\" rel=\"noopener\">(modificado en sesi\u00f3n del Consejo de Gobierno de 19 de marzo de 2021)<\/a>, a trav\u00e9s de:<\/p><\/div>\n\n\n\n<ul class=\"wp-block-list\">\n<li>Ense\u00f1anzas Oficiales Universitarias<\/li>\n\n\n\n<li>T\u00edtulos Propios<\/li>\n\n\n\n<li>Acreditaci\u00f3n de Experiencia Laboral y Profesional<\/li>\n\n\n\n<li>Participaci\u00f3n en Programas de Movilidad Nacional e Internacional<\/li>\n<\/ul>\n\n\n\n<p>Los cr\u00e9ditos correspondientes a las asignaturas Trabajo Fin de M\u00e1ster no podr\u00e1n ser objeto de reconocimiento (Art. 6.2 del&nbsp;<a href=\"https:\/\/www.boe.es\/buscar\/act.php?id=BOE-A-2007-18770\" target=\"_blank\" rel=\"noreferrer noopener\" target=\"_blank\" rel=\"noopener\">RD 1393\/2007<\/a>&nbsp;de ordenaci\u00f3n de las ense\u00f1anzas universitarias oficiales).<\/p>\n\n\n\n<p>La informaci\u00f3n sobre reconocimiento, adaptaci\u00f3n y transferencia de cr\u00e9ditos est\u00e1 disponible en la p\u00e1gina web institucional de la ULL.<\/p>\n<\/div><\/div><\/div>\n\n\n\n<div class=\"wp-block-stackable-column stk-block-column stk-column stk-block stk-53ec762\" data-v=\"4\" data-block-id=\"53ec762\"><style>.stk-53ec762-inner-blocks{row-gap:0px !important;}.stk-53ec762 {padding-top:0px !important;padding-right:0px !important;padding-bottom:0px !important;padding-left:0px !important;}@media screen and (min-width: 768px){.stk-53ec762 {flex:var(--stk-flex-grow, 1) 1 33.3% !important;}}<\/style><div class=\"stk-column-wrapper stk-block-column__content stk-container stk-53ec762-container stk--no-background stk--no-padding\"><div class=\"stk-block-content stk-inner-blocks stk-53ec762-inner-blocks\">\n<a class=\"btn-destacado\" style=\"font-size: 18px; background-color:#fa6199 !important;\" href=\"https:\/\/www.ull.es\/estudios-docencia\/reconocimiento-adaptacion-transferencia\/\" target=\"_blank\" rel=\"noopener noreferrer\" target=\"_blank\" rel=\"noopener\">Reconocimiento, adaptaci\u00f3n y transferencia<i class=\"fa fa-arrow-right\"><\/i><\/a>\n\n\n\n<div class=\"wp-block-stackable-spacer stk-block-spacer stk--no-padding stk-block stk-4130d6d\" data-block-id=\"4130d6d\"><\/div>\n\n\n\n\n<ul class=\"widget-box\">\n<li class='contacto-header'>Informaci\u00f3n de contacto<\/li><li><i class=\"fa fa-map-marker\"><\/i> Avda. Astrof\u00edsico Francisco S\u00e1nchez, SN. Edificio Calabaza \u2013 AN.2D Apdo. 456 38200 San Crist\u00f3bal de La Laguna<\/li><li><i class=\"fa fa-envelope\"><\/i>  <a href=mailto:master.religiones@ull.es>master.religiones@ull.es<\/a><\/li><li><i class=\"fa fa-archive\"><\/i><a href=\"https:\/\/sede.ull.es\/ecivilis-site\/catalog\/showProcedure\/484\"> Procedimiento para quejas, sugerencias y felicitaciones<\/a><\/li>\n<\/ul>\n\n\n<\/div><\/div><\/div>\n<\/div><\/div>\n","protected":false},"excerpt":{"rendered":"<p>Reconnaissance et transfert de cr\u00e9dits La reconnaissance des cr\u00e9dits implique l&#039;acceptation par l&#039;Universit\u00e9 des cr\u00e9dits obtenus, conform\u00e9ment aux dispositions du Rapport de V\u00e9rification\/Modification du Dipl\u00f4me et aux dispositions de la r\u00e9glementation applicable, c&#039;est-\u00e0-dire le R\u00e8glement pour la Reconnaissance, l&#039;Adaptation et le Transfert des Cr\u00e9dits de l&#039;Universit\u00e9 de La Laguna (modifi\u00e9 en\u2026<\/p>","protected":false},"author":1,"featured_media":0,"parent":252,"menu_order":3,"comment_status":"closed","ping_status":"closed","template":"templates\/template-frontpage.php","meta":{"footnotes":""},"class_list":["post-40","page","type-page","status-publish","hentry"],"yoast_head":"<!-- This site is optimized with the Yoast SEO plugin v27.2 - https:\/\/yoast.com\/product\/yoast-seo-wordpress\/ -->\n<title>Reconocimiento y transferencia de cr\u00e9ditos - M\u00e1ster Universitario en Ciencias de las Religiones: Historia y Sociedad<\/title>\n<meta name=\"robots\" content=\"index, follow, max-snippet:-1, max-image-preview:large, max-video-preview:-1\" \/>\n<link rel=\"canonical\" href=\"https:\/\/www.ull.es\/masteres\/ciencias-de-las-religiones\/fr\/informacion-academica\/reconocimiento-y-transferencia-de-creditos\/\" \/>\n<meta property=\"og:locale\" content=\"fr_FR\" \/>\n<meta property=\"og:type\" content=\"article\" \/>\n<meta property=\"og:title\" content=\"Reconocimiento y transferencia de cr\u00e9ditos - M\u00e1ster Universitario en Ciencias de las Religiones: Historia y Sociedad\" \/>\n<meta property=\"og:description\" content=\"Reconocimiento y transferencia de cr\u00e9ditos El Reconocimiento de Cr\u00e9ditos supone la aceptaci\u00f3n por la Universidad de los cr\u00e9ditos obtenidos, atendiendo a lo establecido en la Memoria de Verificaci\u00f3n\/Modificaci\u00f3n de la Titulaci\u00f3n y a las disposiciones de la normativa aplicable, esto es, al&nbsp;Reglamento de Reconocimiento, Adaptaci\u00f3n y Transferencia de Cr\u00e9ditos&nbsp;de la Universidad de La Laguna&nbsp;(modificado en...\" \/>\n<meta property=\"og:url\" content=\"https:\/\/www.ull.es\/masteres\/ciencias-de-las-religiones\/fr\/informacion-academica\/reconocimiento-y-transferencia-de-creditos\/\" \/>\n<meta property=\"og:site_name\" content=\"M\u00e1ster Universitario en Ciencias de las Religiones: Historia y Sociedad\" \/>\n<meta property=\"article:modified_time\" content=\"2025-07-23T05:36:03+00:00\" \/>\n<meta name=\"twitter:card\" content=\"summary_large_image\" \/>\n<meta name=\"twitter:label1\" content=\"Dur\u00e9e de lecture estim\u00e9e\" \/>\n\t<meta name=\"twitter:data1\" content=\"1 minute\" \/>\n<script type=\"application\/ld+json\" class=\"yoast-schema-graph\">{\"@context\":\"https:\/\/schema.org\",\"@graph\":[{\"@type\":\"WebPage\",\"@id\":\"https:\/\/www.ull.es\/masteres\/ciencias-de-las-religiones\/informacion-academica\/reconocimiento-y-transferencia-de-creditos\/\",\"url\":\"https:\/\/www.ull.es\/masteres\/ciencias-de-las-religiones\/informacion-academica\/reconocimiento-y-transferencia-de-creditos\/\",\"name\":\"Reconocimiento y transferencia de cr\u00e9ditos - M\u00e1ster Universitario en Ciencias de las Religiones: Historia y Sociedad\",\"isPartOf\":{\"@id\":\"https:\/\/www.ull.es\/masteres\/ciencias-de-las-religiones\/fr\/#website\"},\"datePublished\":\"2017-06-28T13:01:41+00:00\",\"dateModified\":\"2025-07-23T05:36:03+00:00\",\"breadcrumb\":{\"@id\":\"https:\/\/www.ull.es\/masteres\/ciencias-de-las-religiones\/informacion-academica\/reconocimiento-y-transferencia-de-creditos\/#breadcrumb\"},\"inLanguage\":\"fr-FR\",\"potentialAction\":[{\"@type\":\"ReadAction\",\"target\":[\"https:\/\/www.ull.es\/masteres\/ciencias-de-las-religiones\/informacion-academica\/reconocimiento-y-transferencia-de-creditos\/\"]}]},{\"@type\":\"BreadcrumbList\",\"@id\":\"https:\/\/www.ull.es\/masteres\/ciencias-de-las-religiones\/informacion-academica\/reconocimiento-y-transferencia-de-creditos\/#breadcrumb\",\"itemListElement\":[{\"@type\":\"ListItem\",\"position\":1,\"name\":\"Portada\",\"item\":\"https:\/\/www.ull.es\/masteres\/ciencias-de-las-religiones\/fr\/\"},{\"@type\":\"ListItem\",\"position\":2,\"name\":\"Informaci\u00f3n Acad\u00e9mica\",\"item\":\"https:\/\/www.ull.es\/masteres\/ciencias-de-las-religiones\/en\/informacion-academica\/\"},{\"@type\":\"ListItem\",\"position\":3,\"name\":\"Reconocimiento y transferencia de cr\u00e9ditos\"}]},{\"@type\":\"WebSite\",\"@id\":\"https:\/\/www.ull.es\/masteres\/ciencias-de-las-religiones\/fr\/#website\",\"url\":\"https:\/\/www.ull.es\/masteres\/ciencias-de-las-religiones\/fr\/\",\"name\":\"M\u00e1ster Universitario en Ciencias de las Religiones: Historia y Sociedad\",\"description\":\"\",\"potentialAction\":[{\"@type\":\"SearchAction\",\"target\":{\"@type\":\"EntryPoint\",\"urlTemplate\":\"https:\/\/www.ull.es\/masteres\/ciencias-de-las-religiones\/fr\/?s={search_term_string}\"},\"query-input\":{\"@type\":\"PropertyValueSpecification\",\"valueRequired\":true,\"valueName\":\"search_term_string\"}}],\"inLanguage\":\"fr-FR\"}]}<\/script>\n<!-- \/ Yoast SEO plugin. -->","yoast_head_json":{"title":"Reconnaissance et transfert de cr\u00e9dits - Master en Sciences des Religions : Histoire et Soci\u00e9t\u00e9s","robots":{"index":"index","follow":"follow","max-snippet":"max-snippet:-1","max-image-preview":"max-image-preview:large","max-video-preview":"max-video-preview:-1"},"canonical":"https:\/\/www.ull.es\/masteres\/ciencias-de-las-religiones\/fr\/informacion-academica\/reconocimiento-y-transferencia-de-creditos\/","og_locale":"fr_FR","og_type":"article","og_title":"Reconocimiento y transferencia de cr\u00e9ditos - M\u00e1ster Universitario en Ciencias de las Religiones: Historia y Sociedad","og_description":"Reconocimiento y transferencia de cr\u00e9ditos El Reconocimiento de Cr\u00e9ditos supone la aceptaci\u00f3n por la Universidad de los cr\u00e9ditos obtenidos, atendiendo a lo establecido en la Memoria de Verificaci\u00f3n\/Modificaci\u00f3n de la Titulaci\u00f3n y a las disposiciones de la normativa aplicable, esto es, al&nbsp;Reglamento de Reconocimiento, Adaptaci\u00f3n y Transferencia de Cr\u00e9ditos&nbsp;de la Universidad de La Laguna&nbsp;(modificado en...","og_url":"https:\/\/www.ull.es\/masteres\/ciencias-de-las-religiones\/fr\/informacion-academica\/reconocimiento-y-transferencia-de-creditos\/","og_site_name":"M\u00e1ster Universitario en Ciencias de las Religiones: Historia y Sociedad","article_modified_time":"2025-07-23T05:36:03+00:00","twitter_card":"summary_large_image","twitter_misc":{"Dur\u00e9e de lecture estim\u00e9e":"1 minute"},"schema":{"@context":"https:\/\/schema.org","@graph":[{"@type":"WebPage","@id":"https:\/\/www.ull.es\/masteres\/ciencias-de-las-religiones\/informacion-academica\/reconocimiento-y-transferencia-de-creditos\/","url":"https:\/\/www.ull.es\/masteres\/ciencias-de-las-religiones\/informacion-academica\/reconocimiento-y-transferencia-de-creditos\/","name":"Reconnaissance et transfert de cr\u00e9dits - Master en Sciences des Religions : Histoire et Soci\u00e9t\u00e9s","isPartOf":{"@id":"https:\/\/www.ull.es\/masteres\/ciencias-de-las-religiones\/fr\/#website"},"datePublished":"2017-06-28T13:01:41+00:00","dateModified":"2025-07-23T05:36:03+00:00","breadcrumb":{"@id":"https:\/\/www.ull.es\/masteres\/ciencias-de-las-religiones\/informacion-academica\/reconocimiento-y-transferencia-de-creditos\/#breadcrumb"},"inLanguage":"fr-FR","potentialAction":[{"@type":"ReadAction","target":["https:\/\/www.ull.es\/masteres\/ciencias-de-las-religiones\/informacion-academica\/reconocimiento-y-transferencia-de-creditos\/"]}]},{"@type":"BreadcrumbList","@id":"https:\/\/www.ull.es\/masteres\/ciencias-de-las-religiones\/informacion-academica\/reconocimiento-y-transferencia-de-creditos\/#breadcrumb","itemListElement":[{"@type":"ListItem","position":1,"name":"Portada","item":"https:\/\/www.ull.es\/masteres\/ciencias-de-las-religiones\/fr\/"},{"@type":"ListItem","position":2,"name":"Informaci\u00f3n Acad\u00e9mica","item":"https:\/\/www.ull.es\/masteres\/ciencias-de-las-religiones\/en\/informacion-academica\/"},{"@type":"ListItem","position":3,"name":"Reconocimiento y transferencia de cr\u00e9ditos"}]},{"@type":"WebSite","@id":"https:\/\/www.ull.es\/masteres\/ciencias-de-las-religiones\/fr\/#website","url":"https:\/\/www.ull.es\/masteres\/ciencias-de-las-religiones\/fr\/","name":"Master en Sciences des Religions : Histoire et Soci\u00e9t\u00e9","description":"","potentialAction":[{"@type":"SearchAction","target":{"@type":"EntryPoint","urlTemplate":"https:\/\/www.ull.es\/masteres\/ciencias-de-las-religiones\/fr\/?s={search_term_string}"},"query-input":{"@type":"PropertyValueSpecification","valueRequired":true,"valueName":"search_term_string"}}],"inLanguage":"fr-FR"}]}},"_links":{"self":[{"href":"https:\/\/www.ull.es\/masteres\/ciencias-de-las-religiones\/fr\/wp-json\/wp\/v2\/pages\/40","targetHints":{"allow":["GET"]}}],"collection":[{"href":"https:\/\/www.ull.es\/masteres\/ciencias-de-las-religiones\/fr\/wp-json\/wp\/v2\/pages"}],"about":[{"href":"https:\/\/www.ull.es\/masteres\/ciencias-de-las-religiones\/fr\/wp-json\/wp\/v2\/types\/page"}],"author":[{"embeddable":true,"href":"https:\/\/www.ull.es\/masteres\/ciencias-de-las-religiones\/fr\/wp-json\/wp\/v2\/users\/1"}],"replies":[{"embeddable":true,"href":"https:\/\/www.ull.es\/masteres\/ciencias-de-las-religiones\/fr\/wp-json\/wp\/v2\/comments?post=40"}],"version-history":[{"count":10,"href":"https:\/\/www.ull.es\/masteres\/ciencias-de-las-religiones\/fr\/wp-json\/wp\/v2\/pages\/40\/revisions"}],"predecessor-version":[{"id":1084,"href":"https:\/\/www.ull.es\/masteres\/ciencias-de-las-religiones\/fr\/wp-json\/wp\/v2\/pages\/40\/revisions\/1084"}],"up":[{"embeddable":true,"href":"https:\/\/www.ull.es\/masteres\/ciencias-de-las-religiones\/fr\/wp-json\/wp\/v2\/pages\/252"}],"wp:attachment":[{"href":"https:\/\/www.ull.es\/masteres\/ciencias-de-las-religiones\/fr\/wp-json\/wp\/v2\/media?parent=40"}],"curies":[{"name":"wp","href":"https:\/\/api.w.org\/{rel}","templated":true}]}}