{"id":28,"date":"2017-06-28T12:58:21","date_gmt":"2017-06-28T12:58:21","guid":{"rendered":"http:\/\/www.ull.es\/masteres\/desarrollo-y-gestion-de-recursos-humanos\/?page_id=28"},"modified":"2018-02-15T10:29:52","modified_gmt":"2018-02-15T10:29:52","slug":"justificacion-del-titulo","status":"publish","type":"page","link":"https:\/\/www.ull.es\/masteres\/desarrollo-regional\/en\/justificacion-del-titulo\/","title":{"rendered":"Justification of the title"},"content":{"rendered":"<p>[vc_row][vc_column][vc_column_text]<\/p>\n<h1>Justificaci\u00f3n del t\u00edtulo<\/h1>\n<p>La globalizaci\u00f3n de la econom\u00eda y el desarrollo local y regional est\u00e1n experimentando una importante transformaci\u00f3n. Por otra parte, la creciente relevancia de los conocimientos y la innovaci\u00f3n en las estrategias de crecimiento y competitividad, tanto de las empresas como de los territorios, el desarrollo de clusters como entornos econ\u00f3micos espaciales competitivos, y la sostenibilidad como componente b\u00e1sico,\u00a0plantean la necesidad de una integraci\u00f3n articulada de la regi\u00f3n en los procesos de globalizaci\u00f3n.<\/p>\n<p>El objetivo del Master \u201cDesarrollo regional\u201d es dar una formaci\u00f3n avanzada con un enfoque interdisciplinar y vocaci\u00f3n integradora que permita formar investigadores con los conocimientos, competencias, habilidades y destrezas necesarias para poder desarrollar tareas de investigaci\u00f3n sustantivas en el campo del desarrollo regional. La experiencia docente de los profesores, la afinidad entre los contenidos formativos propuestos y las l\u00edneas de investigaci\u00f3n de los profesores que participan en el mismo constituyen un importante aval para el logro de los objetivos del Master.<\/p>\n<p>El M\u00e1ster surge de la experiencia alcanzada por los profesores en la docencia y la investigaci\u00f3n realizada durante m\u00e1s de 20 a\u00f1os en programas de doctorado con contenidos relativos al desarrollo regional. De hecho, este nuevo M\u00e1ster sustituye a un t\u00edtulo anterior: \u201cM\u00e1ster en Desarrollo Regional, Formaci\u00f3n y Empleo\u201d; y ha sido elaborado con la finalidad de mejorar las respuestas en la formaci\u00f3n impartida a las\u00a0demandas sociales y econ\u00f3micas actuales. Los nuevos contenidos se adaptan a los requerimientos del alumnado, no s\u00f3lo canario, sino tambi\u00e9n, de pa\u00edses latinoamericanos y africanos que tradicionalmente han cursado estudios de posgrado en los t\u00edtulos que preceden al nuevo propuesto.[\/vc_column_text][\/vc_column][\/vc_row]<\/p>\n","protected":false},"excerpt":{"rendered":"<p>[vc_row][vc_column][vc_column_text] Justificaci\u00f3n del t\u00edtulo La globalizaci\u00f3n de la econom\u00eda y el desarrollo local y regional est\u00e1n experimentando una importante transformaci\u00f3n. Por otra parte, la creciente relevancia de los conocimientos y la innovaci\u00f3n en las estrategias de crecimiento y competitividad, tanto de las empresas como de los territorios, el desarrollo de clusters como entornos econ\u00f3micos espaciales&#8230;<\/p>\n","protected":false},"author":1,"featured_media":0,"parent":0,"menu_order":0,"comment_status":"closed","ping_status":"closed","template":"","meta":{"footnotes":""},"class_list":["post-28","page","type-page","status-publish","hentry"],"yoast_head":"<!-- This site is optimized with the Yoast SEO plugin v27.3 - https:\/\/yoast.com\/product\/yoast-seo-wordpress\/ -->\n<title>Justificaci\u00f3n del t\u00edtulo - M\u00e1ster Universitario en Desarrollo Regional<\/title>\n<meta name=\"robots\" content=\"index, follow, max-snippet:-1, max-image-preview:large, max-video-preview:-1\" \/>\n<link rel=\"canonical\" href=\"https:\/\/www.ull.es\/masteres\/desarrollo-regional\/en\/justificacion-del-titulo\/\" \/>\n<meta property=\"og:locale\" content=\"en_GB\" \/>\n<meta property=\"og:type\" content=\"article\" \/>\n<meta property=\"og:title\" content=\"Justificaci\u00f3n del t\u00edtulo - M\u00e1ster Universitario en Desarrollo Regional\" \/>\n<meta property=\"og:description\" content=\"[vc_row][vc_column][vc_column_text] Justificaci\u00f3n del t\u00edtulo La globalizaci\u00f3n de la econom\u00eda y el desarrollo local y regional est\u00e1n experimentando una importante transformaci\u00f3n. Por otra parte, la creciente relevancia de los conocimientos y la innovaci\u00f3n en las estrategias de crecimiento y competitividad, tanto de las empresas como de los territorios, el desarrollo de clusters como entornos econ\u00f3micos espaciales...\" \/>\n<meta property=\"og:url\" content=\"https:\/\/www.ull.es\/masteres\/desarrollo-regional\/en\/justificacion-del-titulo\/\" \/>\n<meta property=\"og:site_name\" content=\"M\u00e1ster Universitario en Desarrollo Regional\" \/>\n<meta property=\"article:modified_time\" content=\"2018-02-15T10:29:52+00:00\" \/>\n<meta name=\"twitter:card\" content=\"summary_large_image\" \/>\n<meta name=\"twitter:label1\" content=\"Estimated reading time\" \/>\n\t<meta name=\"twitter:data1\" content=\"2 minutes\" \/>\n<script type=\"application\/ld+json\" class=\"yoast-schema-graph\">{\"@context\":\"https:\\\/\\\/schema.org\",\"@graph\":[{\"@type\":\"WebPage\",\"@id\":\"https:\\\/\\\/www.ull.es\\\/masteres\\\/desarrollo-regional\\\/en\\\/justificacion-del-titulo\\\/\",\"url\":\"https:\\\/\\\/www.ull.es\\\/masteres\\\/desarrollo-regional\\\/en\\\/justificacion-del-titulo\\\/\",\"name\":\"Justificaci\u00f3n del t\u00edtulo - M\u00e1ster Universitario en Desarrollo Regional\",\"isPartOf\":{\"@id\":\"https:\\\/\\\/www.ull.es\\\/masteres\\\/desarrollo-regional\\\/fr\\\/#website\"},\"datePublished\":\"2017-06-28T12:58:21+00:00\",\"dateModified\":\"2018-02-15T10:29:52+00:00\",\"breadcrumb\":{\"@id\":\"https:\\\/\\\/www.ull.es\\\/masteres\\\/desarrollo-regional\\\/en\\\/justificacion-del-titulo\\\/#breadcrumb\"},\"inLanguage\":\"en-GB\",\"potentialAction\":[{\"@type\":\"ReadAction\",\"target\":[\"https:\\\/\\\/www.ull.es\\\/masteres\\\/desarrollo-regional\\\/en\\\/justificacion-del-titulo\\\/\"]}]},{\"@type\":\"BreadcrumbList\",\"@id\":\"https:\\\/\\\/www.ull.es\\\/masteres\\\/desarrollo-regional\\\/en\\\/justificacion-del-titulo\\\/#breadcrumb\",\"itemListElement\":[{\"@type\":\"ListItem\",\"position\":1,\"name\":\"Portada\",\"item\":\"https:\\\/\\\/www.ull.es\\\/masteres\\\/desarrollo-regional\\\/\"},{\"@type\":\"ListItem\",\"position\":2,\"name\":\"Justificaci\u00f3n del t\u00edtulo\"}]},{\"@type\":\"WebSite\",\"@id\":\"https:\\\/\\\/www.ull.es\\\/masteres\\\/desarrollo-regional\\\/fr\\\/#website\",\"url\":\"https:\\\/\\\/www.ull.es\\\/masteres\\\/desarrollo-regional\\\/fr\\\/\",\"name\":\"M\u00e1ster Universitario en Desarrollo Regional\",\"description\":\"\",\"potentialAction\":[{\"@type\":\"SearchAction\",\"target\":{\"@type\":\"EntryPoint\",\"urlTemplate\":\"https:\\\/\\\/www.ull.es\\\/masteres\\\/desarrollo-regional\\\/fr\\\/?s={search_term_string}\"},\"query-input\":{\"@type\":\"PropertyValueSpecification\",\"valueRequired\":true,\"valueName\":\"search_term_string\"}}],\"inLanguage\":\"en-GB\"}]}<\/script>\n<!-- \/ Yoast SEO plugin. -->","yoast_head_json":{"title":"Title Justification - Master&#039;s Degree in Regional Development","robots":{"index":"index","follow":"follow","max-snippet":"max-snippet:-1","max-image-preview":"max-image-preview:large","max-video-preview":"max-video-preview:-1"},"canonical":"https:\/\/www.ull.es\/masteres\/desarrollo-regional\/en\/justificacion-del-titulo\/","og_locale":"en_GB","og_type":"article","og_title":"Justificaci\u00f3n del t\u00edtulo - M\u00e1ster Universitario en Desarrollo Regional","og_description":"[vc_row][vc_column][vc_column_text] Justificaci\u00f3n del t\u00edtulo La globalizaci\u00f3n de la econom\u00eda y el desarrollo local y regional est\u00e1n experimentando una importante transformaci\u00f3n. Por otra parte, la creciente relevancia de los conocimientos y la innovaci\u00f3n en las estrategias de crecimiento y competitividad, tanto de las empresas como de los territorios, el desarrollo de clusters como entornos econ\u00f3micos espaciales...","og_url":"https:\/\/www.ull.es\/masteres\/desarrollo-regional\/en\/justificacion-del-titulo\/","og_site_name":"M\u00e1ster Universitario en Desarrollo Regional","article_modified_time":"2018-02-15T10:29:52+00:00","twitter_card":"summary_large_image","twitter_misc":{"Estimated reading time":"2 minutes"},"schema":{"@context":"https:\/\/schema.org","@graph":[{"@type":"WebPage","@id":"https:\/\/www.ull.es\/masteres\/desarrollo-regional\/en\/justificacion-del-titulo\/","url":"https:\/\/www.ull.es\/masteres\/desarrollo-regional\/en\/justificacion-del-titulo\/","name":"Title Justification - Master&#039;s Degree in Regional Development","isPartOf":{"@id":"https:\/\/www.ull.es\/masteres\/desarrollo-regional\/fr\/#website"},"datePublished":"2017-06-28T12:58:21+00:00","dateModified":"2018-02-15T10:29:52+00:00","breadcrumb":{"@id":"https:\/\/www.ull.es\/masteres\/desarrollo-regional\/en\/justificacion-del-titulo\/#breadcrumb"},"inLanguage":"en-GB","potentialAction":[{"@type":"ReadAction","target":["https:\/\/www.ull.es\/masteres\/desarrollo-regional\/en\/justificacion-del-titulo\/"]}]},{"@type":"BreadcrumbList","@id":"https:\/\/www.ull.es\/masteres\/desarrollo-regional\/en\/justificacion-del-titulo\/#breadcrumb","itemListElement":[{"@type":"ListItem","position":1,"name":"Portada","item":"https:\/\/www.ull.es\/masteres\/desarrollo-regional\/"},{"@type":"ListItem","position":2,"name":"Justificaci\u00f3n del t\u00edtulo"}]},{"@type":"WebSite","@id":"https:\/\/www.ull.es\/masteres\/desarrollo-regional\/fr\/#website","url":"https:\/\/www.ull.es\/masteres\/desarrollo-regional\/fr\/","name":"Master&#039;s Degree in Regional Development","description":"","potentialAction":[{"@type":"SearchAction","target":{"@type":"EntryPoint","urlTemplate":"https:\/\/www.ull.es\/masteres\/desarrollo-regional\/fr\/?s={search_term_string}"},"query-input":{"@type":"PropertyValueSpecification","valueRequired":true,"valueName":"search_term_string"}}],"inLanguage":"en-GB"}]}},"_links":{"self":[{"href":"https:\/\/www.ull.es\/masteres\/desarrollo-regional\/en\/wp-json\/wp\/v2\/pages\/28","targetHints":{"allow":["GET"]}}],"collection":[{"href":"https:\/\/www.ull.es\/masteres\/desarrollo-regional\/en\/wp-json\/wp\/v2\/pages"}],"about":[{"href":"https:\/\/www.ull.es\/masteres\/desarrollo-regional\/en\/wp-json\/wp\/v2\/types\/page"}],"author":[{"embeddable":true,"href":"https:\/\/www.ull.es\/masteres\/desarrollo-regional\/en\/wp-json\/wp\/v2\/users\/1"}],"replies":[{"embeddable":true,"href":"https:\/\/www.ull.es\/masteres\/desarrollo-regional\/en\/wp-json\/wp\/v2\/comments?post=28"}],"version-history":[{"count":10,"href":"https:\/\/www.ull.es\/masteres\/desarrollo-regional\/en\/wp-json\/wp\/v2\/pages\/28\/revisions"}],"predecessor-version":[{"id":656,"href":"https:\/\/www.ull.es\/masteres\/desarrollo-regional\/en\/wp-json\/wp\/v2\/pages\/28\/revisions\/656"}],"wp:attachment":[{"href":"https:\/\/www.ull.es\/masteres\/desarrollo-regional\/en\/wp-json\/wp\/v2\/media?parent=28"}],"curies":[{"name":"wp","href":"https:\/\/api.w.org\/{rel}","templated":true}]}}