{"id":18,"date":"2017-06-28T12:47:36","date_gmt":"2017-06-28T12:47:36","guid":{"rendered":"http:\/\/www.ull.es\/masteres\/desarrollo-y-gestion-de-recursos-humanos\/?page_id=18"},"modified":"2025-07-23T09:40:54","modified_gmt":"2025-07-23T09:40:54","slug":"apoyo-y-orientacion","status":"publish","type":"page","link":"https:\/\/www.ull.es\/masteres\/desarrollo-regional\/fr\/informacion-academica\/apoyo-y-orientacion\/","title":{"rendered":"Accompagnement et conseils"},"content":{"rendered":"\n<div class=\"wp-block-stackable-columns alignfull stk-block-columns stk-block stk-2314a6b\" data-block-id=\"2314a6b\"><style>.stk-2314a6b {padding-bottom:0px !important;margin-top:-100px !important;margin-bottom:0px !important;}<\/style><div class=\"stk-row stk-inner-blocks stk-block-content stk-content-align stk-2314a6b-column alignfull\">\n<div class=\"wp-block-stackable-column stk-block-column stk-column stk-block stk-1d1764d\" data-v=\"4\" data-block-id=\"1d1764d\"><div class=\"stk-column-wrapper stk-block-column__content stk-container stk-1d1764d-container stk--no-background stk--no-padding\"><div class=\"stk-block-content stk-inner-blocks stk-1d1764d-inner-blocks\"><style id=\"depicter-1-inline-pre-css\">\n\n.depicter-1:not(.depicter-ready){\n\theight:450px;\n}\n\n\/***** Tablet *****\/\n@media screen and (max-width: 1024px){\n\n.depicter-1:not(.depicter-ready){\n\theight:700px;\n}\n\n}\n\/***** Mobile *****\/\n@media screen and (max-width: 767px){\n\n.depicter-1:not(.depicter-ready){\n\theight:360px;\n}\n\n}\n<\/style>\n<div id=\"depicter-1\" class=\"depicter depicter-document depicter-revert depicter-1 depicter-layout-fullwidth\">\n\n<div class=\"depicter-loading-container depicter-loading dotFlashing-dark\"><div class=\"depicter-loading-dark depicter-dot-flashing\">\n   <span><\/span>\n   <span><\/span>\n   <span><\/span>\n<\/div>\n<\/div>\n<div id=\"depicter-1-section-1\" class=\"depicter-section depicter-1-section-1\" data-name=\"Section 1\" data-type=\"section\" data-local-id=\"section-1\">\n<picture class=\"depicter-bg\">\n<source data-depicter-srcset=\"https:\/\/www.ull.es\/masteres\/desarrollo-regional\/wp-content\/uploads\/sites\/29\/2025\/07\/Headers-Masteres_Desarrollo-Regional-768x248.jpg, https:\/\/www.ull.es\/masteres\/desarrollo-regional\/wp-content\/uploads\/sites\/29\/2025\/07\/Headers-Masteres_Desarrollo-Regional.jpg 2x\" srcset=\"data:image\/gif;base64,R0lGODlhAQABAIAAAAAAAP\/\/\/yH5BAEAAAAALAAAAAABAAEAAAIBRAA7\" media=\"(max-width: 1024px)\" \/>\n\n<source data-depicter-srcset=\"https:\/\/www.ull.es\/masteres\/desarrollo-regional\/wp-content\/uploads\/sites\/29\/2025\/07\/Headers-Masteres_Desarrollo-Regional.jpg, https:\/\/www.ull.es\/masteres\/desarrollo-regional\/wp-content\/uploads\/sites\/29\/2025\/07\/Headers-Masteres_Desarrollo-Regional-1280x413.jpg 2x\" srcset=\"data:image\/gif;base64,R0lGODlhAQABAIAAAAAAAP\/\/\/yH5BAEAAAAALAAAAAABAAEAAAIBRAA7\" media=\"(min-width: 1025px)\" \/>\n<img decoding=\"async\" src=\"data:image\/gif;base64,R0lGODlhAQABAIAAAAAAAP\/\/\/yH5BAEAAAAALAAAAAABAAEAAAIBRAA7\" data-ken-burns=\"false\" data-tablet-ken-burns=\"false\" data-mobile-ken-burns=\"false\" alt=\"\" data-depicter-src=\"https:\/\/www.ull.es\/masteres\/desarrollo-regional\/wp-content\/uploads\/sites\/29\/2025\/07\/Headers-Masteres_Desarrollo-Regional.jpg\" data-object-fit=\"custom,custom,\" data-object-position=\"center top,,\" data-crop=\"{'focalPoint':{'x':0.5,'y':0.5},'mediaSize':{'width':1394.6731234866829254315234720706939697265625,'height':450}}\" data-tablet-crop=\"{'focalPoint':{'x':0.5,'y':0.5},'mediaSize':{'width':2169.4915254237284898408688604831695556640625,'height':700}}\" data-mobile-crop=\"{'focalPoint':{'x':0.5,'y':0.5},'mediaSize':{'width':1394.6731234866829254315234720706939697265625,'height':450}}\" \/>\n<\/picture>\n\n\n<h1 id=\"depicter-1-element-5\" class=\"depicter-element depicter-layer depicter-1-element-5\" data-type=\"text\" data-wrap=\"true\" data-name=\"Text 2\" data-local-id=\"element-5\" data-offset=\"x:0px;y:141px;origin:tl\" data-tablet-offset=\"x:196px;y:223px;origin:tl\" data-mobile-offset=\"x:0px;y:84px;origin:tl\" data-width=\"1200px,633px,398px\" data-height=\"auto,auto,auto\" data-responsive-scale=\"true,,\">M\u00e1ster Universitario en Desarrollo Regional<br><\/h1>\n\n<div id=\"depicter-1-element-10\" class=\"depicter-element depicter-layer depicter-1-element-10\" data-type=\"shape\" data-wrap=\"true\" data-name=\"Shape 1\" data-local-id=\"element-10\" data-offset=\"x:0px;y:318px;origin:tl\" data-tablet-offset=\"x:189px;y:455px;origin:tl\" data-mobile-offset=\"x:-16px;y:290px;origin:tl\" data-width=\"1200px,647px,408px\" data-height=\"8px,8px,8px\" data-responsive-scale=\"true,,\"><\/div>\n<\/div>\n<\/div>\n<script>\n(window.depicterSetups = window.depicterSetups || []).push(function(){\n\tDepicter.basePath = 'https:\/\/www.ull.es\/masteres\/desarrollo-regional\/wp-content\/plugins\/depicter\/resources\/scripts\/player\/';\n\tconst dpPlayer = Depicter.setup('.depicter-1',\n\t\t{\"width\":[\"1200\",\"1024\",\"360\"],\"height\":[\"450\",\"700\",\"360\"],\"view\":\"basic\",\"keepAspectRatio\":true,\"preload\":0,\"layout\":\"fullwidth\",\"rtl\":false,\"initAfterAppear\":false,\"ajaxApiUrl\":\"https:\\\/\\\/www.ull.es\\\/masteres\\\/desarrollo-regional\\\/wp-admin\\\/admin-ajax.php\",\"mouseSwipe\":true,\"touchSwipe\":true,\"useWatermark\":false}\n\t);\n});\n<\/script><\/div><\/div><\/div>\n<\/div><\/div>\n\n\n\n<div class=\"wp-block-stackable-columns alignfull stk-block-columns stk--hide-mobile stk-block stk-6394276 stk-block-background\" data-block-id=\"6394276\"><style>.stk-6394276 {background-color:#fa6199 !important;padding-top:50px !important;padding-right:0px !important;padding-bottom:1px !important;padding-left:0px !important;margin-top:-40px !important;margin-bottom:0px !important;}.stk-6394276:before{background-color:#fa6199 !important;}<\/style><div class=\"stk-row stk-inner-blocks stk-block-content stk-content-align stk-6394276-column alignfull\">\n<div class=\"wp-block-stackable-column stk-block-column stk-column stk-block stk-8a66885\" data-v=\"4\" data-block-id=\"8a66885\"><div class=\"stk-column-wrapper stk-block-column__content stk-container stk-8a66885-container stk--no-background stk--no-padding\"><div class=\"stk-block-content stk-inner-blocks stk-8a66885-inner-blocks\">\n<div class=\"wp-block-stackable-spacer stk-block-spacer stk--no-padding stk-block stk-bc89b3e\" data-block-id=\"bc89b3e\"><style>.stk-bc89b3e {height:0px !important;}<\/style><\/div>\n<\/div><\/div><\/div>\n<\/div><\/div>\n\n\n\n<div class=\"wp-block-stackable-columns stk-block-columns stk-block stk-8b59b96\" data-block-id=\"8b59b96\"><style>.stk-8b59b96 .stk--block-align-8b59b96{align-items:flex-start !important;}.stk-8b59b96 {margin-top:50px !important;}.stk-8b59b96-column{--stk-columns-spacing:0px !important;--stk-column-gap:50px !important;}@media screen and (max-width: 767px){.stk-8b59b96-column{row-gap:var(--stk--preset--spacing--60, 2.25rem) !important;}}<\/style><div class=\"stk-row stk-inner-blocks stk--block-align-8b59b96 stk-block-content stk-content-align stk-8b59b96-column\">\n<div class=\"wp-block-stackable-column stk-block-column stk-column stk-block stk-dbb7e15\" data-v=\"4\" data-block-id=\"dbb7e15\"><style>@media screen and (min-width: 768px){.stk-dbb7e15 {flex:var(--stk-flex-grow, 1) 1 66.7% !important;}}<\/style><div class=\"stk-column-wrapper stk-block-column__content stk-container stk-dbb7e15-container stk--no-background stk--no-padding\"><div class=\"stk-block-content stk-inner-blocks stk-dbb7e15-inner-blocks\">\n<div class=\"wp-block-stackable-heading stk-block-heading stk-block-heading--v2 stk-block stk-cc0239e\" id=\"complementos-de-formacion\" data-block-id=\"cc0239e\"><style>.stk-cc0239e .stk-block-heading__text{color:#fa6199 !important;font-weight:500 !important;}<\/style><h1 class=\"stk-block-heading__text has-text-color\">Apoyo y orientaci\u00f3n<\/h1><\/div>\n\n\n\n<div class=\"wp-block-stackable-text stk-block-text stk-block stk-0522ffa\" data-block-id=\"0522ffa\"><p class=\"stk-block-text__text\">El apoyo y la orientaci\u00f3n puestos a disposici\u00f3n de los estudiantes una vez matriculados en el t\u00edtulo responden a lo recogido en apartado 4.3 de la Memoria de Verificaci\u00f3n del t\u00edtulo.<\/p><\/div>\n\n\n\n<p>Una vez que el alumnado haya sido admitido en el M\u00e1ster, la Comisi\u00f3n Acad\u00e9mica le asignar\u00e1 un tutor\/a que ser\u00e1 el encargado\/a de guiar y orientar al estudiante en su proceso de aprendizaje, as\u00ed como&nbsp;prestarles asistencia en los tr\u00e1mites administrativos de M\u00e1ster. El tutor\/a ha de orientar al alumnado en el dise\u00f1o de su curr\u00edculum acad\u00e9mico y realizar un seguimiento activo del desarrollo de su actividad&nbsp;acad\u00e9mica. El tutor\/a, adem\u00e1s de orientar al alumnado en los aspectos generales del M\u00e1ster, le informar\u00e1 sobre las opciones que se ofertan y sobre las infraestructuras que tiene a su disposici\u00f3n. Tambi\u00e9n&nbsp;informar\u00e1 al alumnado de los proyectos en los que se puede integrar para realizar el trabajo fin de M\u00e1ster. El tutor\/a ha de mantener reuniones peri\u00f3dicas con el alumnado que tutele para analizar la&nbsp;evoluci\u00f3n del proceso de aprendizaje, para ello elaborar\u00e1 un plan de tutor\u00edas en el que har\u00e1 constar las actividades previstas a lo largo del curso acad\u00e9mico, emitiendo al final del mismo un informe&nbsp;que remitir\u00e1 a la Comisi\u00f3n Acad\u00e9mica.<\/p>\n\n\n\n<p>Dentro del Plan de Acci\u00f3n tutorial propuesto se incorporar\u00e1n dos actividades de car\u00e1cter horizontal:<\/p>\n\n\n\n<p>a) Sesi\u00f3n de presentaci\u00f3n al alumnado de la informaci\u00f3n relevante sobre el M\u00e1ster, una vez formalizada la matr\u00edcula.<\/p>\n\n\n\n<p>b) Sesi\u00f3n de presentaci\u00f3n de recursos existentes en la biblioteca y sesi\u00f3n pr\u00e1ctica para que el alumnado aprenda el uso de los recursos electr\u00f3nicos disponibles.<\/p>\n\n\n\n<p>A trav\u00e9s de los distintos niveles de tutorizaci\u00f3n-coordinaci\u00f3n docente (Director Acad\u00e9mico, Coordinador\/as de Asignatura, Tutor de Trabajo Fin de M\u00e1ster,&nbsp;etc.) se mantiene una relaci\u00f3n directa y continua con los estudiantes, lo que permite la detecci\u00f3n y diagn\u00f3stico de causas de dificultades en el rendimiento acad\u00e9mico y procesos de aprendizaje, y permite valorar su alcance y efectividad, dando traslado de las mismas a la Comisi\u00f3n Acad\u00e9mica, en su caso.<\/p>\n\n\n\n<p>Adem\u00e1s de las estructuras existentes a nivel centro, la ULL cuenta con un Servicio de Informaci\u00f3n y Orientaci\u00f3n (SIO) destinado a informar, asesorar y orientar a los futuros estudiantes y a la comunidad universitaria en general. El SIO dispone de tres \u00e1reas diferenciadas: un \u00e1rea de informaci\u00f3n (becas y ayudas, propuestas formativas universitarias, tr\u00e1mites, derechos y deberes, plazos y procedimientos,\u2026), una Asesor\u00eda Psicopedag\u00f3gica y una Asesor\u00eda Jur\u00eddica. Puede accederse al SIO a trav\u00e9s del siguiente&nbsp;<a href=\"https:\/\/www.ull.es\/servicios\/servicio-de-informacion-y-orientacion-sio\/\" target=\"_blank\" rel=\"noreferrer noopener\" target=\"_blank\" rel=\"noopener\">enlace.<\/a>&nbsp;Asimismo, la ULL cuenta con el Programa de Atenci\u00f3n a Estudiantes con Necesidades Espec\u00edficas de Apoyo Educativo (PAED).<\/p>\n<\/div><\/div><\/div>\n\n\n\n<div class=\"wp-block-stackable-column stk-block-column stk-column stk-block stk-53ec762\" data-v=\"4\" data-block-id=\"53ec762\"><style>.stk-53ec762-inner-blocks{row-gap:0px !important;}.stk-53ec762 {padding-top:0px !important;padding-right:0px !important;padding-bottom:0px !important;padding-left:0px !important;}@media screen and (min-width: 768px){.stk-53ec762 {flex:var(--stk-flex-grow, 1) 1 33.3% !important;}}<\/style><div class=\"stk-column-wrapper stk-block-column__content stk-container stk-53ec762-container stk--no-background stk--no-padding\"><div class=\"stk-block-content stk-inner-blocks stk-53ec762-inner-blocks\">\n\n<ul class=\"widget-box\">\n<li class='contacto-header'>Informaci\u00f3n de contacto<\/li><li><i class=\"fa fa-map-marker\"><\/i> Avda. Astrof\u00edsico Francisco S\u00e1nchez, SN. Edificio Calabaza \u2013 AN.2D Apdo. 456 38200 San Crist\u00f3bal de La Laguna.<\/li><li><i class=\"fa fa-envelope\"><\/i>  <a href=mailto:master.dregional@ull.es>master.dregional@ull.es<\/a><\/li><li><i class=\"fa fa-archive\"><\/i><a href=\"https:\/\/sede.ull.es\/ecivilis-site\/catalog\/showProcedure\/484\"> Procedimiento para quejas, sugerencias y felicitaciones<\/a><\/li>\n<\/ul>\n\n\n<\/div><\/div><\/div>\n<\/div><\/div>\n","protected":false},"excerpt":{"rendered":"<p>Accompagnement et accompagnement\u00a0: l&#039;accompagnement et l&#039;accompagnement des \u00e9tudiants inscrits au programme sont d\u00e9crits \u00e0 la section\u00a04.3 du rapport de v\u00e9rification du dipl\u00f4me. Une fois admis au master, le comit\u00e9 acad\u00e9mique leur attribuera un tuteur qui\u2026<\/p>","protected":false},"author":1,"featured_media":0,"parent":252,"menu_order":7,"comment_status":"closed","ping_status":"closed","template":"templates\/template-frontpage.php","meta":{"footnotes":""},"class_list":["post-18","page","type-page","status-publish","hentry"],"yoast_head":"<!-- This site is optimized with the Yoast SEO plugin v27.2 - https:\/\/yoast.com\/product\/yoast-seo-wordpress\/ -->\n<title>Apoyo y orientaci\u00f3n - M\u00e1ster Universitario en Desarrollo Regional<\/title>\n<meta name=\"robots\" content=\"index, follow, max-snippet:-1, max-image-preview:large, max-video-preview:-1\" \/>\n<link rel=\"canonical\" href=\"https:\/\/www.ull.es\/masteres\/desarrollo-regional\/fr\/informacion-academica\/apoyo-y-orientacion\/\" \/>\n<meta property=\"og:locale\" content=\"fr_FR\" \/>\n<meta property=\"og:type\" content=\"article\" \/>\n<meta property=\"og:title\" content=\"Apoyo y orientaci\u00f3n - M\u00e1ster Universitario en Desarrollo Regional\" \/>\n<meta property=\"og:description\" content=\"Apoyo y orientaci\u00f3n El apoyo y la orientaci\u00f3n puestos a disposici\u00f3n de los estudiantes una vez matriculados en el t\u00edtulo responden a lo recogido en apartado 4.3 de la Memoria de Verificaci\u00f3n del t\u00edtulo. Una vez que el alumnado haya sido admitido en el M\u00e1ster, la Comisi\u00f3n Acad\u00e9mica le asignar\u00e1 un tutor\/a que ser\u00e1 el...\" \/>\n<meta property=\"og:url\" content=\"https:\/\/www.ull.es\/masteres\/desarrollo-regional\/fr\/informacion-academica\/apoyo-y-orientacion\/\" \/>\n<meta property=\"og:site_name\" content=\"M\u00e1ster Universitario en Desarrollo Regional\" \/>\n<meta property=\"article:modified_time\" content=\"2025-07-23T09:40:54+00:00\" \/>\n<meta name=\"twitter:card\" content=\"summary_large_image\" \/>\n<meta name=\"twitter:label1\" content=\"Dur\u00e9e de lecture estim\u00e9e\" \/>\n\t<meta name=\"twitter:data1\" content=\"2 minutes\" \/>\n<script type=\"application\/ld+json\" class=\"yoast-schema-graph\">{\"@context\":\"https:\/\/schema.org\",\"@graph\":[{\"@type\":\"WebPage\",\"@id\":\"https:\/\/www.ull.es\/masteres\/desarrollo-regional\/informacion-academica\/apoyo-y-orientacion\/\",\"url\":\"https:\/\/www.ull.es\/masteres\/desarrollo-regional\/informacion-academica\/apoyo-y-orientacion\/\",\"name\":\"Apoyo y orientaci\u00f3n - M\u00e1ster Universitario en Desarrollo Regional\",\"isPartOf\":{\"@id\":\"https:\/\/www.ull.es\/masteres\/desarrollo-regional\/fr\/#website\"},\"datePublished\":\"2017-06-28T12:47:36+00:00\",\"dateModified\":\"2025-07-23T09:40:54+00:00\",\"breadcrumb\":{\"@id\":\"https:\/\/www.ull.es\/masteres\/desarrollo-regional\/informacion-academica\/apoyo-y-orientacion\/#breadcrumb\"},\"inLanguage\":\"fr-FR\",\"potentialAction\":[{\"@type\":\"ReadAction\",\"target\":[\"https:\/\/www.ull.es\/masteres\/desarrollo-regional\/informacion-academica\/apoyo-y-orientacion\/\"]}]},{\"@type\":\"BreadcrumbList\",\"@id\":\"https:\/\/www.ull.es\/masteres\/desarrollo-regional\/informacion-academica\/apoyo-y-orientacion\/#breadcrumb\",\"itemListElement\":[{\"@type\":\"ListItem\",\"position\":1,\"name\":\"Portada\",\"item\":\"https:\/\/www.ull.es\/masteres\/desarrollo-regional\/\"},{\"@type\":\"ListItem\",\"position\":2,\"name\":\"Informaci\u00f3n Acad\u00e9mica\",\"item\":\"https:\/\/www.ull.es\/masteres\/desarrollo-regional\/fr\/informacion-academica\/\"},{\"@type\":\"ListItem\",\"position\":3,\"name\":\"Apoyo y orientaci\u00f3n\"}]},{\"@type\":\"WebSite\",\"@id\":\"https:\/\/www.ull.es\/masteres\/desarrollo-regional\/fr\/#website\",\"url\":\"https:\/\/www.ull.es\/masteres\/desarrollo-regional\/fr\/\",\"name\":\"M\u00e1ster Universitario en Desarrollo Regional\",\"description\":\"\",\"potentialAction\":[{\"@type\":\"SearchAction\",\"target\":{\"@type\":\"EntryPoint\",\"urlTemplate\":\"https:\/\/www.ull.es\/masteres\/desarrollo-regional\/fr\/?s={search_term_string}\"},\"query-input\":{\"@type\":\"PropertyValueSpecification\",\"valueRequired\":true,\"valueName\":\"search_term_string\"}}],\"inLanguage\":\"fr-FR\"}]}<\/script>\n<!-- \/ Yoast SEO plugin. -->","yoast_head_json":{"title":"Accompagnement et accompagnement - Master D\u00e9veloppement R\u00e9gional","robots":{"index":"index","follow":"follow","max-snippet":"max-snippet:-1","max-image-preview":"max-image-preview:large","max-video-preview":"max-video-preview:-1"},"canonical":"https:\/\/www.ull.es\/masteres\/desarrollo-regional\/fr\/informacion-academica\/apoyo-y-orientacion\/","og_locale":"fr_FR","og_type":"article","og_title":"Apoyo y orientaci\u00f3n - M\u00e1ster Universitario en Desarrollo Regional","og_description":"Apoyo y orientaci\u00f3n El apoyo y la orientaci\u00f3n puestos a disposici\u00f3n de los estudiantes una vez matriculados en el t\u00edtulo responden a lo recogido en apartado 4.3 de la Memoria de Verificaci\u00f3n del t\u00edtulo. Una vez que el alumnado haya sido admitido en el M\u00e1ster, la Comisi\u00f3n Acad\u00e9mica le asignar\u00e1 un tutor\/a que ser\u00e1 el...","og_url":"https:\/\/www.ull.es\/masteres\/desarrollo-regional\/fr\/informacion-academica\/apoyo-y-orientacion\/","og_site_name":"M\u00e1ster Universitario en Desarrollo Regional","article_modified_time":"2025-07-23T09:40:54+00:00","twitter_card":"summary_large_image","twitter_misc":{"Dur\u00e9e de lecture estim\u00e9e":"2 minutes"},"schema":{"@context":"https:\/\/schema.org","@graph":[{"@type":"WebPage","@id":"https:\/\/www.ull.es\/masteres\/desarrollo-regional\/informacion-academica\/apoyo-y-orientacion\/","url":"https:\/\/www.ull.es\/masteres\/desarrollo-regional\/informacion-academica\/apoyo-y-orientacion\/","name":"Accompagnement et accompagnement - Master D\u00e9veloppement R\u00e9gional","isPartOf":{"@id":"https:\/\/www.ull.es\/masteres\/desarrollo-regional\/fr\/#website"},"datePublished":"2017-06-28T12:47:36+00:00","dateModified":"2025-07-23T09:40:54+00:00","breadcrumb":{"@id":"https:\/\/www.ull.es\/masteres\/desarrollo-regional\/informacion-academica\/apoyo-y-orientacion\/#breadcrumb"},"inLanguage":"fr-FR","potentialAction":[{"@type":"ReadAction","target":["https:\/\/www.ull.es\/masteres\/desarrollo-regional\/informacion-academica\/apoyo-y-orientacion\/"]}]},{"@type":"BreadcrumbList","@id":"https:\/\/www.ull.es\/masteres\/desarrollo-regional\/informacion-academica\/apoyo-y-orientacion\/#breadcrumb","itemListElement":[{"@type":"ListItem","position":1,"name":"Portada","item":"https:\/\/www.ull.es\/masteres\/desarrollo-regional\/"},{"@type":"ListItem","position":2,"name":"Informaci\u00f3n Acad\u00e9mica","item":"https:\/\/www.ull.es\/masteres\/desarrollo-regional\/fr\/informacion-academica\/"},{"@type":"ListItem","position":3,"name":"Apoyo y orientaci\u00f3n"}]},{"@type":"WebSite","@id":"https:\/\/www.ull.es\/masteres\/desarrollo-regional\/fr\/#website","url":"https:\/\/www.ull.es\/masteres\/desarrollo-regional\/fr\/","name":"Master en D\u00e9veloppement R\u00e9gional","description":"","potentialAction":[{"@type":"SearchAction","target":{"@type":"EntryPoint","urlTemplate":"https:\/\/www.ull.es\/masteres\/desarrollo-regional\/fr\/?s={search_term_string}"},"query-input":{"@type":"PropertyValueSpecification","valueRequired":true,"valueName":"search_term_string"}}],"inLanguage":"fr-FR"}]}},"_links":{"self":[{"href":"https:\/\/www.ull.es\/masteres\/desarrollo-regional\/fr\/wp-json\/wp\/v2\/pages\/18","targetHints":{"allow":["GET"]}}],"collection":[{"href":"https:\/\/www.ull.es\/masteres\/desarrollo-regional\/fr\/wp-json\/wp\/v2\/pages"}],"about":[{"href":"https:\/\/www.ull.es\/masteres\/desarrollo-regional\/fr\/wp-json\/wp\/v2\/types\/page"}],"author":[{"embeddable":true,"href":"https:\/\/www.ull.es\/masteres\/desarrollo-regional\/fr\/wp-json\/wp\/v2\/users\/1"}],"replies":[{"embeddable":true,"href":"https:\/\/www.ull.es\/masteres\/desarrollo-regional\/fr\/wp-json\/wp\/v2\/comments?post=18"}],"version-history":[{"count":11,"href":"https:\/\/www.ull.es\/masteres\/desarrollo-regional\/fr\/wp-json\/wp\/v2\/pages\/18\/revisions"}],"predecessor-version":[{"id":1076,"href":"https:\/\/www.ull.es\/masteres\/desarrollo-regional\/fr\/wp-json\/wp\/v2\/pages\/18\/revisions\/1076"}],"up":[{"embeddable":true,"href":"https:\/\/www.ull.es\/masteres\/desarrollo-regional\/fr\/wp-json\/wp\/v2\/pages\/252"}],"wp:attachment":[{"href":"https:\/\/www.ull.es\/masteres\/desarrollo-regional\/fr\/wp-json\/wp\/v2\/media?parent=18"}],"curies":[{"name":"wp","href":"https:\/\/api.w.org\/{rel}","templated":true}]}}