{"id":292,"date":"2017-07-11T13:43:14","date_gmt":"2017-07-11T13:43:14","guid":{"rendered":"http:\/\/www.ull.es\/masteres\/desarrollo-y-gestion-de-recursos-humanos\/?page_id=292"},"modified":"2025-07-23T09:54:50","modified_gmt":"2025-07-23T09:54:50","slug":"recursos-materiales-e-infraestructuras","status":"publish","type":"page","link":"https:\/\/www.ull.es\/masteres\/desarrollo-y-gestion-de-recursos-humanos\/en\/profesorado-y-recursos\/recursos-materiales-e-infraestructuras\/","title":{"rendered":"Material resources and infrastructure"},"content":{"rendered":"\n<div class=\"wp-block-stackable-columns alignfull stk-block-columns stk-block stk-2314a6b\" data-block-id=\"2314a6b\"><style>.stk-2314a6b {padding-bottom:0px !important;margin-top:-100px !important;margin-bottom:0px !important;}<\/style><div class=\"stk-row stk-inner-blocks stk-block-content stk-content-align stk-2314a6b-column alignfull\">\n<div class=\"wp-block-stackable-column stk-block-column stk-column stk-block stk-1d1764d\" data-v=\"4\" data-block-id=\"1d1764d\"><div class=\"stk-column-wrapper stk-block-column__content stk-container stk-1d1764d-container stk--no-background stk--no-padding\"><div class=\"stk-block-content stk-inner-blocks stk-1d1764d-inner-blocks\"><style id=\"depicter-1-inline-pre-css\">\n\n.depicter-1:not(.depicter-ready){\n\theight:450px;\n}\n\n\/***** Tablet *****\/\n@media screen and (max-width: 1024px){\n\n.depicter-1:not(.depicter-ready){\n\theight:700px;\n}\n\n}\n\/***** Mobile *****\/\n@media screen and (max-width: 767px){\n\n.depicter-1:not(.depicter-ready){\n\theight:360px;\n}\n\n}\n<\/style>\n<div id=\"depicter-1\" class=\"depicter depicter-document depicter-revert depicter-1 depicter-layout-fullwidth\">\n\n<div class=\"depicter-loading-container depicter-loading dotFlashing-dark\"><div class=\"depicter-loading-dark depicter-dot-flashing\">\n   <span><\/span>\n   <span><\/span>\n   <span><\/span>\n<\/div>\n<\/div>\n<div id=\"depicter-1-section-1\" class=\"depicter-section depicter-1-section-1\" data-name=\"Section 1\" data-type=\"section\" data-local-id=\"section-1\">\n<picture class=\"depicter-bg\">\n<source data-depicter-srcset=\"https:\/\/www.ull.es\/masteres\/desarrollo-y-gestion-de-recursos-humanos\/wp-content\/uploads\/sites\/12\/2025\/07\/Headers-Masteres_Desarrollo-y-Gestion-de-Recursos-Humanos-768x248.jpg, https:\/\/www.ull.es\/masteres\/desarrollo-y-gestion-de-recursos-humanos\/wp-content\/uploads\/sites\/12\/2025\/07\/Headers-Masteres_Desarrollo-y-Gestion-de-Recursos-Humanos.jpg 2x\" srcset=\"data:image\/gif;base64,R0lGODlhAQABAIAAAAAAAP\/\/\/yH5BAEAAAAALAAAAAABAAEAAAIBRAA7\" media=\"(max-width: 1024px)\" \/>\n\n<source data-depicter-srcset=\"https:\/\/www.ull.es\/masteres\/desarrollo-y-gestion-de-recursos-humanos\/wp-content\/uploads\/sites\/12\/2025\/07\/Headers-Masteres_Desarrollo-y-Gestion-de-Recursos-Humanos.jpg, https:\/\/www.ull.es\/masteres\/desarrollo-y-gestion-de-recursos-humanos\/wp-content\/uploads\/sites\/12\/2025\/07\/Headers-Masteres_Desarrollo-y-Gestion-de-Recursos-Humanos-1280x413.jpg 2x\" srcset=\"data:image\/gif;base64,R0lGODlhAQABAIAAAAAAAP\/\/\/yH5BAEAAAAALAAAAAABAAEAAAIBRAA7\" media=\"(min-width: 1025px)\" \/>\n<img decoding=\"async\" src=\"data:image\/gif;base64,R0lGODlhAQABAIAAAAAAAP\/\/\/yH5BAEAAAAALAAAAAABAAEAAAIBRAA7\" data-ken-burns=\"false\" data-tablet-ken-burns=\"false\" data-mobile-ken-burns=\"false\" alt=\"\" data-depicter-src=\"https:\/\/www.ull.es\/masteres\/desarrollo-y-gestion-de-recursos-humanos\/wp-content\/uploads\/sites\/12\/2025\/07\/Headers-Masteres_Desarrollo-y-Gestion-de-Recursos-Humanos.jpg\" data-object-fit=\"custom,custom,\" data-object-position=\"center top,,\" data-crop=\"{'focalPoint':{'x':0.5,'y':0.5},'mediaSize':{'width':1394.6731234866829254315234720706939697265625,'height':450}}\" data-tablet-crop=\"{'focalPoint':{'x':0.5,'y':0.5},'mediaSize':{'width':2169.4915254237284898408688604831695556640625,'height':700}}\" data-mobile-crop=\"{'focalPoint':{'x':0.729999999999999982236431605997495353221893310546875,'y':0.5},'mediaSize':{'width':1394,'height':450}}\" \/>\n<\/picture>\n\n\n<h1 id=\"depicter-1-element-5\" class=\"depicter-element depicter-layer depicter-1-element-5\" data-type=\"text\" data-wrap=\"true\" data-name=\"Text 2\" data-local-id=\"element-5\" data-offset=\"x:0px;y:141px;origin:tl\" data-tablet-offset=\"x:196px;y:170px;origin:tl\" data-mobile-offset=\"x:-16px;y:60px;origin:tl\" data-width=\"1200px,633px,408px\" data-height=\"auto,auto,auto\" data-responsive-scale=\"true,,\">M\u00e1ster Universitario en Desarrollo y Gesti\u00f3n de Recursos Humanos<br><\/h1>\n\n<div id=\"depicter-1-element-10\" class=\"depicter-element depicter-layer depicter-1-element-10\" data-type=\"shape\" data-wrap=\"true\" data-name=\"Shape 1\" data-local-id=\"element-10\" data-offset=\"x:0px;y:319px;origin:tl\" data-tablet-offset=\"x:196px;y:539px;origin:tl\" data-mobile-offset=\"x:-16px;y:311px;origin:tl\" data-width=\"1200px,647px,408px\" data-height=\"8px,8px,8px\" data-responsive-scale=\"true,,\"><\/div>\n<\/div>\n<\/div>\n<script>\n(window.depicterSetups = window.depicterSetups || []).push(function(){\n\tDepicter.basePath = 'https:\/\/www.ull.es\/masteres\/desarrollo-y-gestion-de-recursos-humanos\/wp-content\/plugins\/depicter\/resources\/scripts\/player\/';\n\tconst dpPlayer = Depicter.setup('.depicter-1',\n\t\t{\"width\":[\"1200\",\"1024\",\"360\"],\"height\":[\"450\",\"700\",\"360\"],\"view\":\"basic\",\"keepAspectRatio\":true,\"preload\":0,\"layout\":\"fullwidth\",\"rtl\":false,\"initAfterAppear\":false,\"ajaxApiUrl\":\"https:\\\/\\\/www.ull.es\\\/masteres\\\/desarrollo-y-gestion-de-recursos-humanos\\\/wp-admin\\\/admin-ajax.php\",\"mouseSwipe\":true,\"touchSwipe\":true,\"useWatermark\":false}\n\t);\n});\n<\/script><\/div><\/div><\/div>\n<\/div><\/div>\n\n\n\n<div class=\"wp-block-stackable-columns alignfull stk-block-columns stk--hide-mobile stk-block stk-6394276 stk-block-background\" data-block-id=\"6394276\"><style>.stk-6394276 {background-color:#fa6199 !important;padding-top:50px !important;padding-right:0px !important;padding-bottom:1px !important;padding-left:0px !important;margin-top:-40px !important;margin-bottom:0px !important;}.stk-6394276:before{background-color:#fa6199 !important;}<\/style><div class=\"stk-row stk-inner-blocks stk-block-content stk-content-align stk-6394276-column alignfull\">\n<div class=\"wp-block-stackable-column stk-block-column stk-column stk-block stk-8a66885\" data-v=\"4\" data-block-id=\"8a66885\"><div class=\"stk-column-wrapper stk-block-column__content stk-container stk-8a66885-container stk--no-background stk--no-padding\"><div class=\"stk-block-content stk-inner-blocks stk-8a66885-inner-blocks\">\n<div class=\"wp-block-stackable-spacer stk-block-spacer stk--no-padding stk-block stk-bc89b3e\" data-block-id=\"bc89b3e\"><style>.stk-bc89b3e {height:0px !important;}<\/style><\/div>\n<\/div><\/div><\/div>\n<\/div><\/div>\n\n\n\n<div class=\"wp-block-stackable-columns stk-block-columns stk-block stk-8b59b96\" data-block-id=\"8b59b96\"><style>.stk-8b59b96 .stk--block-align-8b59b96{align-items:flex-start !important;}.stk-8b59b96 {margin-top:50px !important;}.stk-8b59b96-column{--stk-columns-spacing:0px !important;--stk-column-gap:50px !important;}@media screen and (max-width: 767px){.stk-8b59b96-column{row-gap:var(--stk--preset--spacing--60, 2.25rem) !important;}}<\/style><div class=\"stk-row stk-inner-blocks stk--block-align-8b59b96 stk-block-content stk-content-align stk-8b59b96-column\">\n<div class=\"wp-block-stackable-column stk-block-column stk-column stk-block stk-dbb7e15\" data-v=\"4\" data-block-id=\"dbb7e15\"><style>@media screen and (min-width: 768px){.stk-dbb7e15 {flex:var(--stk-flex-grow, 1) 1 66.7% !important;}}<\/style><div class=\"stk-column-wrapper stk-block-column__content stk-container stk-dbb7e15-container stk--no-background stk--no-padding\"><div class=\"stk-block-content stk-inner-blocks stk-dbb7e15-inner-blocks\">\n<div class=\"wp-block-stackable-heading stk-block-heading stk-block-heading--v2 stk-block stk-cc0239e\" id=\"complementos-de-formacion\" data-block-id=\"cc0239e\"><style>.stk-cc0239e .stk-block-heading__text{color:#fa6199 !important;font-weight:500 !important;}<\/style><h1 class=\"stk-block-heading__text has-text-color\">Recursos materiales e infraestructuras<\/h1><\/div>\n\n\n\n<div class=\"wp-block-stackable-text stk-block-text stk-block stk-44a67f6\" data-block-id=\"44a67f6\"><p class=\"stk-block-text__text\">La titulaci\u00f3n dispone de los espacios y los equipamientos necesarios propios del centro\/secci\u00f3n en la que se imparte, disponiendo de las aulas, los seminarios, laboratorios y dem\u00e1s recursos materiales asignados a la docencia te\u00f3rica y pr\u00e1ctica del t\u00edtulo,&nbsp;de distinta capacidad en funci\u00f3n de las actividades formativas que en ellas se desarrollan y del tama\u00f1o medio del grupo.<\/p><\/div>\n\n\n\n<p>Adem\u00e1s, se cuenta con los espacios generales del centro\/secci\u00f3n para llevar a cabo el resto de actividades: sal\u00f3n de actos, aulas de inform\u00e1tica, salas de estudio, biblioteca, etc.<\/p>\n\n\n\n<p>Puede consultar la informaci\u00f3n en el siguiente enlace:&nbsp;<a href=\"https:\/\/www.ull.es\/centros\/facultad-psicologia-logopedia\/infraestructuras-y-servicios\/\" target=\"_blank\" rel=\"noreferrer noopener\" target=\"_blank\" rel=\"noopener\">Infraestructuras de la Secci\u00f3n<\/a><\/p>\n<\/div><\/div><\/div>\n\n\n\n<div class=\"wp-block-stackable-column stk-block-column stk-column stk-block stk-53ec762\" data-v=\"4\" data-block-id=\"53ec762\"><style>.stk-53ec762-inner-blocks{row-gap:0px !important;}.stk-53ec762 {padding-top:0px !important;padding-right:0px !important;padding-bottom:0px !important;padding-left:0px !important;}@media screen and (min-width: 768px){.stk-53ec762 {flex:var(--stk-flex-grow, 1) 1 33.3% !important;}}<\/style><div class=\"stk-column-wrapper stk-block-column__content stk-container stk-53ec762-container stk--no-background stk--no-padding\"><div class=\"stk-block-content stk-inner-blocks stk-53ec762-inner-blocks\">\n\n<ul class=\"widget-box\">\n<li class='contacto-header'>Informaci\u00f3n de contacto<\/li><li><i class=\"fa fa-map-marker\"><\/i> Avda. Astrof\u00edsico Francisco S\u00e1nchez, SN. Edificio Calabaza \u2013 AN.2D Apdo. 456 38200 San Crist\u00f3bal de La Laguna<\/li><li><i class=\"fa fa-envelope\"><\/i>  <a href=mailto:master.gestionrrhh@ull.es>master.gestionrrhh@ull.es<\/a><\/li><li><i class=\"fa fa-archive\"><\/i><a href=\"https:\/\/sede.ull.es\/ecivilis-site\/catalog\/showProcedure\/484\"> Procedimiento para quejas, sugerencias y felicitaciones<\/a><\/li>\n<\/ul>\n\n\n<\/div><\/div><\/div>\n<\/div><\/div>\n","protected":false},"excerpt":{"rendered":"<p>Material resources and infrastructure The degree program has the necessary spaces and equipment specific to the center\/section in which it is taught, including classrooms, seminars, laboratories, and other material resources assigned to the theoretical and practical teaching of the degree, with varying capacities depending on the training activities carried out there.<\/p>","protected":false},"author":1,"featured_media":0,"parent":285,"menu_order":2,"comment_status":"closed","ping_status":"closed","template":"templates\/template-frontpage.php","meta":{"footnotes":""},"class_list":["post-292","page","type-page","status-publish","hentry"],"yoast_head":"<!-- This site is optimized with the Yoast SEO plugin v27.3 - https:\/\/yoast.com\/product\/yoast-seo-wordpress\/ -->\n<title>Recursos materiales e infraestructuras - Desarrollo y Gesti\u00f3n de Recursos Humanos<\/title>\n<meta name=\"robots\" content=\"noindex, follow, max-snippet:-1, max-image-preview:large, max-video-preview:-1\" \/>\n<meta property=\"og:locale\" content=\"en_GB\" \/>\n<meta property=\"og:type\" content=\"article\" \/>\n<meta property=\"og:title\" content=\"Recursos materiales e infraestructuras - Desarrollo y Gesti\u00f3n de Recursos Humanos\" \/>\n<meta property=\"og:description\" content=\"Recursos materiales e infraestructuras La titulaci\u00f3n dispone de los espacios y los equipamientos necesarios propios del centro\/secci\u00f3n en la que se imparte, disponiendo de las aulas, los seminarios, laboratorios y dem\u00e1s recursos materiales asignados a la docencia te\u00f3rica y pr\u00e1ctica del t\u00edtulo,&nbsp;de distinta capacidad en funci\u00f3n de las actividades formativas que en ellas se desarrollan...\" \/>\n<meta property=\"og:url\" content=\"https:\/\/www.ull.es\/masteres\/desarrollo-y-gestion-de-recursos-humanos\/en\/profesorado-y-recursos\/recursos-materiales-e-infraestructuras\/\" \/>\n<meta property=\"og:site_name\" content=\"Desarrollo y Gesti\u00f3n de Recursos Humanos\" \/>\n<meta property=\"article:modified_time\" content=\"2025-07-23T09:54:50+00:00\" \/>\n<meta name=\"twitter:card\" content=\"summary_large_image\" \/>\n<meta name=\"twitter:label1\" content=\"Estimated reading time\" \/>\n\t<meta name=\"twitter:data1\" content=\"1 minute\" \/>\n<script type=\"application\/ld+json\" class=\"yoast-schema-graph\">{\"@context\":\"https:\\\/\\\/schema.org\",\"@graph\":[{\"@type\":\"WebPage\",\"@id\":\"https:\\\/\\\/www.ull.es\\\/masteres\\\/desarrollo-y-gestion-de-recursos-humanos\\\/fr\\\/profesorado-y-recursos\\\/recursos-materiales-e-infraestructuras\\\/\",\"url\":\"https:\\\/\\\/www.ull.es\\\/masteres\\\/desarrollo-y-gestion-de-recursos-humanos\\\/fr\\\/profesorado-y-recursos\\\/recursos-materiales-e-infraestructuras\\\/\",\"name\":\"Recursos materiales e infraestructuras - Desarrollo y Gesti\u00f3n de Recursos Humanos\",\"isPartOf\":{\"@id\":\"https:\\\/\\\/www.ull.es\\\/masteres\\\/desarrollo-y-gestion-de-recursos-humanos\\\/#website\"},\"datePublished\":\"2017-07-11T13:43:14+00:00\",\"dateModified\":\"2025-07-23T09:54:50+00:00\",\"breadcrumb\":{\"@id\":\"https:\\\/\\\/www.ull.es\\\/masteres\\\/desarrollo-y-gestion-de-recursos-humanos\\\/fr\\\/profesorado-y-recursos\\\/recursos-materiales-e-infraestructuras\\\/#breadcrumb\"},\"inLanguage\":\"en-GB\",\"potentialAction\":[{\"@type\":\"ReadAction\",\"target\":[\"https:\\\/\\\/www.ull.es\\\/masteres\\\/desarrollo-y-gestion-de-recursos-humanos\\\/fr\\\/profesorado-y-recursos\\\/recursos-materiales-e-infraestructuras\\\/\"]}]},{\"@type\":\"BreadcrumbList\",\"@id\":\"https:\\\/\\\/www.ull.es\\\/masteres\\\/desarrollo-y-gestion-de-recursos-humanos\\\/fr\\\/profesorado-y-recursos\\\/recursos-materiales-e-infraestructuras\\\/#breadcrumb\",\"itemListElement\":[{\"@type\":\"ListItem\",\"position\":1,\"name\":\"Portada\",\"item\":\"https:\\\/\\\/www.ull.es\\\/masteres\\\/desarrollo-y-gestion-de-recursos-humanos\\\/\"},{\"@type\":\"ListItem\",\"position\":2,\"name\":\"Profesorado y recursos\",\"item\":\"https:\\\/\\\/www.ull.es\\\/masteres\\\/desarrollo-y-gestion-de-recursos-humanos\\\/en\\\/profesorado-y-recursos\\\/\"},{\"@type\":\"ListItem\",\"position\":3,\"name\":\"Recursos materiales e infraestructuras\"}]},{\"@type\":\"WebSite\",\"@id\":\"https:\\\/\\\/www.ull.es\\\/masteres\\\/desarrollo-y-gestion-de-recursos-humanos\\\/#website\",\"url\":\"https:\\\/\\\/www.ull.es\\\/masteres\\\/desarrollo-y-gestion-de-recursos-humanos\\\/\",\"name\":\"Desarrollo y Gesti\u00f3n de Recursos Humanos\",\"description\":\"\",\"potentialAction\":[{\"@type\":\"SearchAction\",\"target\":{\"@type\":\"EntryPoint\",\"urlTemplate\":\"https:\\\/\\\/www.ull.es\\\/masteres\\\/desarrollo-y-gestion-de-recursos-humanos\\\/?s={search_term_string}\"},\"query-input\":{\"@type\":\"PropertyValueSpecification\",\"valueRequired\":true,\"valueName\":\"search_term_string\"}}],\"inLanguage\":\"en-GB\"}]}<\/script>\n<!-- \/ Yoast SEO plugin. -->","yoast_head_json":{"title":"Material resources and infrastructure - Human Resources Development and Management","robots":{"index":"noindex","follow":"follow","max-snippet":"max-snippet:-1","max-image-preview":"max-image-preview:large","max-video-preview":"max-video-preview:-1"},"og_locale":"en_GB","og_type":"article","og_title":"Recursos materiales e infraestructuras - Desarrollo y Gesti\u00f3n de Recursos Humanos","og_description":"Recursos materiales e infraestructuras La titulaci\u00f3n dispone de los espacios y los equipamientos necesarios propios del centro\/secci\u00f3n en la que se imparte, disponiendo de las aulas, los seminarios, laboratorios y dem\u00e1s recursos materiales asignados a la docencia te\u00f3rica y pr\u00e1ctica del t\u00edtulo,&nbsp;de distinta capacidad en funci\u00f3n de las actividades formativas que en ellas se desarrollan...","og_url":"https:\/\/www.ull.es\/masteres\/desarrollo-y-gestion-de-recursos-humanos\/en\/profesorado-y-recursos\/recursos-materiales-e-infraestructuras\/","og_site_name":"Desarrollo y Gesti\u00f3n de Recursos Humanos","article_modified_time":"2025-07-23T09:54:50+00:00","twitter_card":"summary_large_image","twitter_misc":{"Estimated reading time":"1 minute"},"schema":{"@context":"https:\/\/schema.org","@graph":[{"@type":"WebPage","@id":"https:\/\/www.ull.es\/masteres\/desarrollo-y-gestion-de-recursos-humanos\/fr\/profesorado-y-recursos\/recursos-materiales-e-infraestructuras\/","url":"https:\/\/www.ull.es\/masteres\/desarrollo-y-gestion-de-recursos-humanos\/fr\/profesorado-y-recursos\/recursos-materiales-e-infraestructuras\/","name":"Material resources and infrastructure - Human Resources Development and Management","isPartOf":{"@id":"https:\/\/www.ull.es\/masteres\/desarrollo-y-gestion-de-recursos-humanos\/#website"},"datePublished":"2017-07-11T13:43:14+00:00","dateModified":"2025-07-23T09:54:50+00:00","breadcrumb":{"@id":"https:\/\/www.ull.es\/masteres\/desarrollo-y-gestion-de-recursos-humanos\/fr\/profesorado-y-recursos\/recursos-materiales-e-infraestructuras\/#breadcrumb"},"inLanguage":"en-GB","potentialAction":[{"@type":"ReadAction","target":["https:\/\/www.ull.es\/masteres\/desarrollo-y-gestion-de-recursos-humanos\/fr\/profesorado-y-recursos\/recursos-materiales-e-infraestructuras\/"]}]},{"@type":"BreadcrumbList","@id":"https:\/\/www.ull.es\/masteres\/desarrollo-y-gestion-de-recursos-humanos\/fr\/profesorado-y-recursos\/recursos-materiales-e-infraestructuras\/#breadcrumb","itemListElement":[{"@type":"ListItem","position":1,"name":"Portada","item":"https:\/\/www.ull.es\/masteres\/desarrollo-y-gestion-de-recursos-humanos\/"},{"@type":"ListItem","position":2,"name":"Profesorado y recursos","item":"https:\/\/www.ull.es\/masteres\/desarrollo-y-gestion-de-recursos-humanos\/en\/profesorado-y-recursos\/"},{"@type":"ListItem","position":3,"name":"Recursos materiales e infraestructuras"}]},{"@type":"WebSite","@id":"https:\/\/www.ull.es\/masteres\/desarrollo-y-gestion-de-recursos-humanos\/#website","url":"https:\/\/www.ull.es\/masteres\/desarrollo-y-gestion-de-recursos-humanos\/","name":"Human Resources Development and Management","description":"","potentialAction":[{"@type":"SearchAction","target":{"@type":"EntryPoint","urlTemplate":"https:\/\/www.ull.es\/masteres\/desarrollo-y-gestion-de-recursos-humanos\/?s={search_term_string}"},"query-input":{"@type":"PropertyValueSpecification","valueRequired":true,"valueName":"search_term_string"}}],"inLanguage":"en-GB"}]}},"_links":{"self":[{"href":"https:\/\/www.ull.es\/masteres\/desarrollo-y-gestion-de-recursos-humanos\/en\/wp-json\/wp\/v2\/pages\/292","targetHints":{"allow":["GET"]}}],"collection":[{"href":"https:\/\/www.ull.es\/masteres\/desarrollo-y-gestion-de-recursos-humanos\/en\/wp-json\/wp\/v2\/pages"}],"about":[{"href":"https:\/\/www.ull.es\/masteres\/desarrollo-y-gestion-de-recursos-humanos\/en\/wp-json\/wp\/v2\/types\/page"}],"author":[{"embeddable":true,"href":"https:\/\/www.ull.es\/masteres\/desarrollo-y-gestion-de-recursos-humanos\/en\/wp-json\/wp\/v2\/users\/1"}],"replies":[{"embeddable":true,"href":"https:\/\/www.ull.es\/masteres\/desarrollo-y-gestion-de-recursos-humanos\/en\/wp-json\/wp\/v2\/comments?post=292"}],"version-history":[{"count":7,"href":"https:\/\/www.ull.es\/masteres\/desarrollo-y-gestion-de-recursos-humanos\/en\/wp-json\/wp\/v2\/pages\/292\/revisions"}],"predecessor-version":[{"id":940,"href":"https:\/\/www.ull.es\/masteres\/desarrollo-y-gestion-de-recursos-humanos\/en\/wp-json\/wp\/v2\/pages\/292\/revisions\/940"}],"up":[{"embeddable":true,"href":"https:\/\/www.ull.es\/masteres\/desarrollo-y-gestion-de-recursos-humanos\/en\/wp-json\/wp\/v2\/pages\/285"}],"wp:attachment":[{"href":"https:\/\/www.ull.es\/masteres\/desarrollo-y-gestion-de-recursos-humanos\/en\/wp-json\/wp\/v2\/media?parent=292"}],"curies":[{"name":"wp","href":"https:\/\/api.w.org\/{rel}","templated":true}]}}