{"id":42,"date":"2017-06-28T13:01:59","date_gmt":"2017-06-28T13:01:59","guid":{"rendered":"http:\/\/www.ull.es\/masteres\/desarrollo-y-gestion-de-recursos-humanos\/?page_id=42"},"modified":"2025-07-23T09:50:24","modified_gmt":"2025-07-23T09:50:24","slug":"coordinacion-docente","status":"publish","type":"page","link":"https:\/\/www.ull.es\/masteres\/desarrollo-y-gestion-de-recursos-humanos\/en\/informacion-academica\/coordinacion-docente\/","title":{"rendered":"Teaching coordination"},"content":{"rendered":"\n<div class=\"wp-block-stackable-columns alignfull stk-block-columns stk-block stk-2314a6b\" data-block-id=\"2314a6b\"><style>.stk-2314a6b {padding-bottom:0px !important;margin-top:-100px !important;margin-bottom:0px !important;}<\/style><div class=\"stk-row stk-inner-blocks stk-block-content stk-content-align stk-2314a6b-column alignfull\">\n<div class=\"wp-block-stackable-column stk-block-column stk-column stk-block stk-1d1764d\" data-v=\"4\" data-block-id=\"1d1764d\"><div class=\"stk-column-wrapper stk-block-column__content stk-container stk-1d1764d-container stk--no-background stk--no-padding\"><div class=\"stk-block-content stk-inner-blocks stk-1d1764d-inner-blocks\"><style id=\"depicter-1-inline-pre-css\">\n\n.depicter-1:not(.depicter-ready){\n\theight:450px;\n}\n\n\/***** Tablet *****\/\n@media screen and (max-width: 1024px){\n\n.depicter-1:not(.depicter-ready){\n\theight:700px;\n}\n\n}\n\/***** Mobile *****\/\n@media screen and (max-width: 767px){\n\n.depicter-1:not(.depicter-ready){\n\theight:360px;\n}\n\n}\n<\/style>\n<div id=\"depicter-1\" class=\"depicter depicter-document depicter-revert depicter-1 depicter-layout-fullwidth\">\n\n<div class=\"depicter-loading-container depicter-loading dotFlashing-dark\"><div class=\"depicter-loading-dark depicter-dot-flashing\">\n   <span><\/span>\n   <span><\/span>\n   <span><\/span>\n<\/div>\n<\/div>\n<div id=\"depicter-1-section-1\" class=\"depicter-section depicter-1-section-1\" data-name=\"Section 1\" data-type=\"section\" data-local-id=\"section-1\">\n<picture class=\"depicter-bg\">\n<source data-depicter-srcset=\"https:\/\/www.ull.es\/masteres\/desarrollo-y-gestion-de-recursos-humanos\/wp-content\/uploads\/sites\/12\/2025\/07\/Headers-Masteres_Desarrollo-y-Gestion-de-Recursos-Humanos-768x248.jpg, https:\/\/www.ull.es\/masteres\/desarrollo-y-gestion-de-recursos-humanos\/wp-content\/uploads\/sites\/12\/2025\/07\/Headers-Masteres_Desarrollo-y-Gestion-de-Recursos-Humanos.jpg 2x\" srcset=\"data:image\/gif;base64,R0lGODlhAQABAIAAAAAAAP\/\/\/yH5BAEAAAAALAAAAAABAAEAAAIBRAA7\" media=\"(max-width: 1024px)\" \/>\n\n<source data-depicter-srcset=\"https:\/\/www.ull.es\/masteres\/desarrollo-y-gestion-de-recursos-humanos\/wp-content\/uploads\/sites\/12\/2025\/07\/Headers-Masteres_Desarrollo-y-Gestion-de-Recursos-Humanos.jpg, https:\/\/www.ull.es\/masteres\/desarrollo-y-gestion-de-recursos-humanos\/wp-content\/uploads\/sites\/12\/2025\/07\/Headers-Masteres_Desarrollo-y-Gestion-de-Recursos-Humanos-1280x413.jpg 2x\" srcset=\"data:image\/gif;base64,R0lGODlhAQABAIAAAAAAAP\/\/\/yH5BAEAAAAALAAAAAABAAEAAAIBRAA7\" media=\"(min-width: 1025px)\" \/>\n<img decoding=\"async\" src=\"data:image\/gif;base64,R0lGODlhAQABAIAAAAAAAP\/\/\/yH5BAEAAAAALAAAAAABAAEAAAIBRAA7\" data-ken-burns=\"false\" data-tablet-ken-burns=\"false\" data-mobile-ken-burns=\"false\" alt=\"\" data-depicter-src=\"https:\/\/www.ull.es\/masteres\/desarrollo-y-gestion-de-recursos-humanos\/wp-content\/uploads\/sites\/12\/2025\/07\/Headers-Masteres_Desarrollo-y-Gestion-de-Recursos-Humanos.jpg\" data-object-fit=\"custom,custom,\" data-object-position=\"center top,,\" data-crop=\"{'focalPoint':{'x':0.5,'y':0.5},'mediaSize':{'width':1394.6731234866829254315234720706939697265625,'height':450}}\" data-tablet-crop=\"{'focalPoint':{'x':0.5,'y':0.5},'mediaSize':{'width':2169.4915254237284898408688604831695556640625,'height':700}}\" data-mobile-crop=\"{'focalPoint':{'x':0.729999999999999982236431605997495353221893310546875,'y':0.5},'mediaSize':{'width':1394,'height':450}}\" \/>\n<\/picture>\n\n\n<h1 id=\"depicter-1-element-5\" class=\"depicter-element depicter-layer depicter-1-element-5\" data-type=\"text\" data-wrap=\"true\" data-name=\"Text 2\" data-local-id=\"element-5\" data-offset=\"x:0px;y:141px;origin:tl\" data-tablet-offset=\"x:196px;y:170px;origin:tl\" data-mobile-offset=\"x:-16px;y:60px;origin:tl\" data-width=\"1200px,633px,408px\" data-height=\"auto,auto,auto\" data-responsive-scale=\"true,,\">M\u00e1ster Universitario en Desarrollo y Gesti\u00f3n de Recursos Humanos<br><\/h1>\n\n<div id=\"depicter-1-element-10\" class=\"depicter-element depicter-layer depicter-1-element-10\" data-type=\"shape\" data-wrap=\"true\" data-name=\"Shape 1\" data-local-id=\"element-10\" data-offset=\"x:0px;y:319px;origin:tl\" data-tablet-offset=\"x:196px;y:539px;origin:tl\" data-mobile-offset=\"x:-16px;y:311px;origin:tl\" data-width=\"1200px,647px,408px\" data-height=\"8px,8px,8px\" data-responsive-scale=\"true,,\"><\/div>\n<\/div>\n<\/div>\n<script>\n(window.depicterSetups = window.depicterSetups || []).push(function(){\n\tDepicter.basePath = 'https:\/\/www.ull.es\/masteres\/desarrollo-y-gestion-de-recursos-humanos\/wp-content\/plugins\/depicter\/resources\/scripts\/player\/';\n\tconst dpPlayer = Depicter.setup('.depicter-1',\n\t\t{\"width\":[\"1200\",\"1024\",\"360\"],\"height\":[\"450\",\"700\",\"360\"],\"view\":\"basic\",\"keepAspectRatio\":true,\"preload\":0,\"layout\":\"fullwidth\",\"rtl\":false,\"initAfterAppear\":false,\"ajaxApiUrl\":\"https:\\\/\\\/www.ull.es\\\/masteres\\\/desarrollo-y-gestion-de-recursos-humanos\\\/wp-admin\\\/admin-ajax.php\",\"mouseSwipe\":true,\"touchSwipe\":true,\"useWatermark\":false}\n\t);\n});\n<\/script><\/div><\/div><\/div>\n<\/div><\/div>\n\n\n\n<div class=\"wp-block-stackable-columns alignfull stk-block-columns stk--hide-mobile stk-block stk-6394276 stk-block-background\" data-block-id=\"6394276\"><style>.stk-6394276 {background-color:#fa6199 !important;padding-top:50px !important;padding-right:0px !important;padding-bottom:1px !important;padding-left:0px !important;margin-top:-40px !important;margin-bottom:0px !important;}.stk-6394276:before{background-color:#fa6199 !important;}<\/style><div class=\"stk-row stk-inner-blocks stk-block-content stk-content-align stk-6394276-column alignfull\">\n<div class=\"wp-block-stackable-column stk-block-column stk-column stk-block stk-8a66885\" data-v=\"4\" data-block-id=\"8a66885\"><div class=\"stk-column-wrapper stk-block-column__content stk-container stk-8a66885-container stk--no-background stk--no-padding\"><div class=\"stk-block-content stk-inner-blocks stk-8a66885-inner-blocks\">\n<div class=\"wp-block-stackable-spacer stk-block-spacer stk--no-padding stk-block stk-bc89b3e\" data-block-id=\"bc89b3e\"><style>.stk-bc89b3e {height:0px !important;}<\/style><\/div>\n<\/div><\/div><\/div>\n<\/div><\/div>\n\n\n\n<div class=\"wp-block-stackable-columns stk-block-columns stk-block stk-8b59b96\" data-block-id=\"8b59b96\"><style>.stk-8b59b96 .stk--block-align-8b59b96{align-items:flex-start !important;}.stk-8b59b96 {margin-top:50px !important;}.stk-8b59b96-column{--stk-columns-spacing:0px !important;--stk-column-gap:50px !important;}@media screen and (max-width: 767px){.stk-8b59b96-column{row-gap:var(--stk--preset--spacing--60, 2.25rem) !important;}}<\/style><div class=\"stk-row stk-inner-blocks stk--block-align-8b59b96 stk-block-content stk-content-align stk-8b59b96-column\">\n<div class=\"wp-block-stackable-column stk-block-column stk-column stk-block stk-dbb7e15\" data-v=\"4\" data-block-id=\"dbb7e15\"><style>@media screen and (min-width: 768px){.stk-dbb7e15 {flex:var(--stk-flex-grow, 1) 1 66.7% !important;}}<\/style><div class=\"stk-column-wrapper stk-block-column__content stk-container stk-dbb7e15-container stk--no-background stk--no-padding\"><div class=\"stk-block-content stk-inner-blocks stk-dbb7e15-inner-blocks\">\n<div class=\"wp-block-stackable-heading stk-block-heading stk-block-heading--v2 stk-block stk-cc0239e\" id=\"complementos-de-formacion\" data-block-id=\"cc0239e\"><style>.stk-cc0239e .stk-block-heading__text{color:#fa6199 !important;font-weight:500 !important;}<\/style><h1 class=\"stk-block-heading__text has-text-color\">Coordinaci\u00f3n docente<\/h1><\/div>\n\n\n\n<div class=\"wp-block-stackable-text stk-block-text stk-block stk-95513a5\" data-block-id=\"95513a5\"><p class=\"stk-block-text__text\">El t\u00edtulo cuenta con las estructuras de coordinaci\u00f3n necesarias en sus diferentes niveles para garantizar que se organiza y desarrolla de manera adecuada. As\u00ed, para articular la coordinaci\u00f3n horizontal y vertical a nivel titulaci\u00f3n, se cuenta con:<\/p><\/div>\n\n\n\n<ul class=\"wp-block-list\">\n<li>Directora Acad\u00e9mica<\/li>\n\n\n\n<li>Comisi\u00f3n Acad\u00e9mica<\/li>\n\n\n\n<li>Coordinador\/a de Asignatura, el cual puede consultarse en la&nbsp;<a href=\"https:\/\/www.ull.es\/masteres\/desarrollo-y-gestion-de-recursos-humanos\/plan-de-estudios\/guias-docentes\/\" target=\"_blank\" rel=\"noreferrer noopener\" target=\"_blank\" rel=\"noopener\">gu\u00eda docente<\/a>&nbsp;correspondiente.<\/li>\n<\/ul>\n\n\n\n<p>Las citadas estructuras cuentan con los mecanismos de funcionamiento mediante reuniones peri\u00f3dicas para realizar el an\u00e1lisis del desarrollo de la titulaci\u00f3n en sus diferentes niveles (titulaci\u00f3n, curso y asignatura).<\/p>\n\n\n\n<p>A trav\u00e9s de la coordinaci\u00f3n horizontal y vertical se garantiza, entre otras: la adecuada secuenciaci\u00f3n y planificaci\u00f3n temporal de las asignaturas, su contenido y sistema de evaluaci\u00f3n; se evita vac\u00edos, duplicidades y desajustes; y se distribuye de forma adecuada la carga de trabajo del alumnado para facilitar la adquisici\u00f3n de los resultados de aprendizaje.<\/p>\n\n\n\n<div class=\"wp-block-stackable-divider stk-block-divider stk-block stk-73fad38\" data-block-id=\"73fad38\"><style>.stk-73fad38 hr.stk-block-divider__hr{width:100% !important;}<\/style><hr class=\"stk-block-divider__hr\"\/><\/div>\n\n\n\n<div class=\"wp-block-stackable-heading stk-block-heading stk-block-heading--v2 stk-block stk-aa27de7\" id=\"complementos-de-formacion\" data-block-id=\"aa27de7\"><style>.stk-aa27de7 .stk-block-heading__text{color:#fa6199 !important;font-weight:500 !important;}<\/style><h1 class=\"stk-block-heading__text has-text-color\">Direcci\u00f3n y comisi\u00f3n acad\u00e9mica<\/h1><\/div>\n\n\n\n<style>\n    .shortcode-equipo h2 {\n        margin-bottom: 10px !important;\n    }\n<\/style>\n\n<div class=\"shortcode-equipo\">\n    <h2>Equipo de direcci\u00f3n<\/h2><dl><dt><strong>Direcci\u00f3n acad\u00e9mica:<\/strong><\/dt><dd><a href='https:\/\/www.ull.es\/directorio\/search\/?busqueda=Cristina Ruiz Pacheco' target='_blank'>Cristina Ruiz Pacheco<\/a><\/dd><\/dl><h2>Comisi\u00f3n acad\u00e9mica<\/h2><dl><dt><strong>Coordinadora de Pr\u00e1cticas Externas<\/strong><\/dt><dd> <a href='https:\/\/www.ull.es\/directorio\/search\/?busqueda=Naira Delgado Rodr\u00edguez' target='_blank'>Naira Delgado Rodr\u00edguez<\/a><\/dd><dt><strong>Subdirecci\u00f3n acad\u00e9mica<\/strong><\/dt><dd> <a href='https:\/\/www.ull.es\/directorio\/search\/?busqueda=Estefan\u00eda Hern\u00e1ndez Fernaud' target='_blank'>Estefan\u00eda Hern\u00e1ndez Fernaud<\/a><\/dd><dt><strong>Representantes del \u00c1rea de Psicolog\u00eda Social<\/strong><\/dt><dd> <a href='https:\/\/www.ull.es\/directorio\/search\/?busqueda=Estefan\u00eda Hern\u00e1ndez Fernaud' target='_blank'>Estefan\u00eda Hern\u00e1ndez Fernaud<\/a><\/dd><dd> <a href='https:\/\/www.ull.es\/directorio\/search\/?busqueda=Gladys Rolo Gonz\u00e1lez' target='_blank'>Gladys Rolo Gonz\u00e1lez<\/a><\/dd><dt><strong>Representante de otra \u00e1rea<\/strong><\/dt><dd> <a href='https:\/\/www.ull.es\/directorio\/search\/?busqueda=Juan Jos\u00e9 Rodr\u00edguez Bravo de Laguna,Director del Master U. en Direcci\u00f3n de RR.HH,' target='_blank'>Juan Jos\u00e9 Rodr\u00edguez Bravo de Laguna,Director del Master U. en Direcci\u00f3n de RR.HH,<\/a><\/dd><dt><strong>Vocales<\/strong><\/dt><dd> <a href='https:\/\/www.ull.es\/directorio\/search\/?busqueda=Juan Manuel Bethencourt P\u00e9rez' target='_blank'>Juan Manuel Bethencourt P\u00e9rez<\/a><\/dd><dd> <a href='https:\/\/www.ull.es\/directorio\/search\/?busqueda=Naira Delgado Rodr\u00edguez' target='_blank'>Naira Delgado Rodr\u00edguez<\/a><\/dd><dd> <a href='https:\/\/www.ull.es\/directorio\/search\/?busqueda=Rosa Isla D\u00edaz' target='_blank'>Rosa Isla D\u00edaz<\/a><\/dd><dd> <a href='https:\/\/www.ull.es\/directorio\/search\/?busqueda=Estefan\u00eda Hern\u00e1ndez Fernaud' target='_blank'>Estefan\u00eda Hern\u00e1ndez Fernaud<\/a><\/dd><dd> <a href='https:\/\/www.ull.es\/directorio\/search\/?busqueda=Juan Jos\u00e9 Rodr\u00edguez Bravo de La Laguna' target='_blank'>Juan Jos\u00e9 Rodr\u00edguez Bravo de La Laguna<\/a><\/dd><dd> <a href='https:\/\/www.ull.es\/directorio\/search\/?busqueda=Gladys Rolo Gonz\u00e1lez' target='_blank'>Gladys Rolo Gonz\u00e1lez<\/a><\/dd><dd> <a href='https:\/\/www.ull.es\/directorio\/search\/?busqueda=Christian Rosales S\u00e1nchez' target='_blank'>Christian Rosales S\u00e1nchez<\/a><\/dd><dd> <a href='https:\/\/www.ull.es\/directorio\/search\/?busqueda=Cristina Ruiz Pacheco' target='_blank'>Cristina Ruiz Pacheco<\/a><\/dd><dt><strong>Coordinadora de Trabajo Fin de M\u00e1ster<\/strong><\/dt><dd> <a href='https:\/\/www.ull.es\/directorio\/search\/?busqueda=Cristina Ruiz Pacheco' target='_blank'>Cristina Ruiz Pacheco<\/a><\/dd><dt><strong>Representante de la Facultad de Psicolog\u00eda y Logopedia:<\/strong><\/dt><dd> <a href='https:\/\/www.ull.es\/directorio\/search\/?busqueda=Juan Manuel Bethencourt P\u00e9rez, Decano de la Facultad' target='_blank'>Juan Manuel Bethencourt P\u00e9rez, Decano de la Facultad<\/a><\/dd><dt><strong>Comisi\u00f3n Reconocimiento de Cr\u00e9ditos<\/strong><\/dt><dd> <a href='https:\/\/www.ull.es\/directorio\/search\/?busqueda=Naira Delgado Rodr\u00edguez' target='_blank'>Naira Delgado Rodr\u00edguez<\/a><\/dd><dd> <a href='https:\/\/www.ull.es\/directorio\/search\/?busqueda=Rosa Isla D\u00edaz' target='_blank'>Rosa Isla D\u00edaz<\/a><\/dd><dd> <a href='https:\/\/www.ull.es\/directorio\/search\/?busqueda=Estefan\u00eda Hern\u00e1ndez Fernaud' target='_blank'>Estefan\u00eda Hern\u00e1ndez Fernaud<\/a><\/dd><dd> <a href='https:\/\/www.ull.es\/directorio\/search\/?busqueda=Gladys Rolo Gonz\u00e1lez' target='_blank'>Gladys Rolo Gonz\u00e1lez<\/a><\/dd><dd> <a href='https:\/\/www.ull.es\/directorio\/search\/?busqueda=Christian Rosales S\u00e1nchez' target='_blank'>Christian Rosales S\u00e1nchez<\/a><\/dd><dd> <a href='https:\/\/www.ull.es\/directorio\/search\/?busqueda=Cristina Ruiz Pacheco' target='_blank'>Cristina Ruiz Pacheco<\/a><\/dd><\/dl>\n<\/div>\n\n\n\n\n<h2 style=\"color:black !important;\"><b>Otras Comisiones<\/b><\/h2>\n<a href=\"https:\/\/www.ull.es\/centros\/escuela-doctorado-estudios-posgrado\/informacion-general\/consejo-de-direccion\/#comisiones\" target=\"_blank\" rel=\"noopener\">Puede consultar las Comisiones vinculadas a la titulaci\u00f3n, accediendo al apartado correspondiente de la web de Centro\u00a0<\/a>\n<\/div><\/div><\/div>\n\n\n\n<div class=\"wp-block-stackable-column stk-block-column stk-column stk-block stk-53ec762\" data-v=\"4\" data-block-id=\"53ec762\"><style>.stk-53ec762-inner-blocks{row-gap:0px !important;}.stk-53ec762 {padding-top:0px !important;padding-right:0px !important;padding-bottom:0px !important;padding-left:0px !important;}@media screen and (min-width: 768px){.stk-53ec762 {flex:var(--stk-flex-grow, 1) 1 33.3% !important;}}<\/style><div class=\"stk-column-wrapper stk-block-column__content stk-container stk-53ec762-container stk--no-background stk--no-padding\"><div class=\"stk-block-content stk-inner-blocks stk-53ec762-inner-blocks\">\n\n<ul class=\"widget-box\">\n<li class='contacto-header'>Informaci\u00f3n de contacto<\/li><li><i class=\"fa fa-map-marker\"><\/i> Avda. Astrof\u00edsico Francisco S\u00e1nchez, SN. Edificio Calabaza \u2013 AN.2D Apdo. 456 38200 San Crist\u00f3bal de La Laguna<\/li><li><i class=\"fa fa-envelope\"><\/i>  <a href=mailto:master.gestionrrhh@ull.es>master.gestionrrhh@ull.es<\/a><\/li><li><i class=\"fa fa-archive\"><\/i><a href=\"https:\/\/sede.ull.es\/ecivilis-site\/catalog\/showProcedure\/484\"> Procedimiento para quejas, sugerencias y felicitaciones<\/a><\/li>\n<\/ul>\n\n\n<\/div><\/div><\/div>\n<\/div><\/div>\n","protected":false},"excerpt":{"rendered":"<p>Teaching Coordination The program has the necessary coordination structures at its various levels to ensure proper organization and development. To articulate horizontal and vertical coordination at the program level, the following structures are in place: These structures have operating mechanisms through regular meetings to conduct analysis\u2026<\/p>","protected":false},"author":1,"featured_media":0,"parent":252,"menu_order":6,"comment_status":"closed","ping_status":"closed","template":"templates\/template-frontpage.php","meta":{"footnotes":""},"class_list":["post-42","page","type-page","status-publish","hentry"],"yoast_head":"<!-- This site is optimized with the Yoast SEO plugin v27.3 - https:\/\/yoast.com\/product\/yoast-seo-wordpress\/ -->\n<title>Coordinaci\u00f3n docente - Desarrollo y Gesti\u00f3n de Recursos Humanos<\/title>\n<meta name=\"robots\" content=\"noindex, follow, max-snippet:-1, max-image-preview:large, max-video-preview:-1\" \/>\n<meta property=\"og:locale\" content=\"en_GB\" \/>\n<meta property=\"og:type\" content=\"article\" \/>\n<meta property=\"og:title\" content=\"Coordinaci\u00f3n docente - Desarrollo y Gesti\u00f3n de Recursos Humanos\" \/>\n<meta property=\"og:description\" content=\"Coordinaci\u00f3n docente El t\u00edtulo cuenta con las estructuras de coordinaci\u00f3n necesarias en sus diferentes niveles para garantizar que se organiza y desarrolla de manera adecuada. As\u00ed, para articular la coordinaci\u00f3n horizontal y vertical a nivel titulaci\u00f3n, se cuenta con: Las citadas estructuras cuentan con los mecanismos de funcionamiento mediante reuniones peri\u00f3dicas para realizar el an\u00e1lisis...\" \/>\n<meta property=\"og:url\" content=\"https:\/\/www.ull.es\/masteres\/desarrollo-y-gestion-de-recursos-humanos\/en\/informacion-academica\/coordinacion-docente\/\" \/>\n<meta property=\"og:site_name\" content=\"Desarrollo y Gesti\u00f3n de Recursos Humanos\" \/>\n<meta property=\"article:modified_time\" content=\"2025-07-23T09:50:24+00:00\" \/>\n<meta name=\"twitter:card\" content=\"summary_large_image\" \/>\n<meta name=\"twitter:label1\" content=\"Estimated reading time\" \/>\n\t<meta name=\"twitter:data1\" content=\"1 minute\" \/>\n<script type=\"application\/ld+json\" class=\"yoast-schema-graph\">{\"@context\":\"https:\\\/\\\/schema.org\",\"@graph\":[{\"@type\":\"WebPage\",\"@id\":\"https:\\\/\\\/www.ull.es\\\/masteres\\\/desarrollo-y-gestion-de-recursos-humanos\\\/en\\\/informacion-academica\\\/coordinacion-docente\\\/\",\"url\":\"https:\\\/\\\/www.ull.es\\\/masteres\\\/desarrollo-y-gestion-de-recursos-humanos\\\/en\\\/informacion-academica\\\/coordinacion-docente\\\/\",\"name\":\"Coordinaci\u00f3n docente - Desarrollo y Gesti\u00f3n de Recursos Humanos\",\"isPartOf\":{\"@id\":\"https:\\\/\\\/www.ull.es\\\/masteres\\\/desarrollo-y-gestion-de-recursos-humanos\\\/#website\"},\"datePublished\":\"2017-06-28T13:01:59+00:00\",\"dateModified\":\"2025-07-23T09:50:24+00:00\",\"breadcrumb\":{\"@id\":\"https:\\\/\\\/www.ull.es\\\/masteres\\\/desarrollo-y-gestion-de-recursos-humanos\\\/en\\\/informacion-academica\\\/coordinacion-docente\\\/#breadcrumb\"},\"inLanguage\":\"en-GB\",\"potentialAction\":[{\"@type\":\"ReadAction\",\"target\":[\"https:\\\/\\\/www.ull.es\\\/masteres\\\/desarrollo-y-gestion-de-recursos-humanos\\\/en\\\/informacion-academica\\\/coordinacion-docente\\\/\"]}]},{\"@type\":\"BreadcrumbList\",\"@id\":\"https:\\\/\\\/www.ull.es\\\/masteres\\\/desarrollo-y-gestion-de-recursos-humanos\\\/en\\\/informacion-academica\\\/coordinacion-docente\\\/#breadcrumb\",\"itemListElement\":[{\"@type\":\"ListItem\",\"position\":1,\"name\":\"Portada\",\"item\":\"https:\\\/\\\/www.ull.es\\\/masteres\\\/desarrollo-y-gestion-de-recursos-humanos\\\/\"},{\"@type\":\"ListItem\",\"position\":2,\"name\":\"Informaci\u00f3n Acad\u00e9mica\",\"item\":\"https:\\\/\\\/www.ull.es\\\/masteres\\\/desarrollo-y-gestion-de-recursos-humanos\\\/informacion-academica\\\/\"},{\"@type\":\"ListItem\",\"position\":3,\"name\":\"Coordinaci\u00f3n docente\"}]},{\"@type\":\"WebSite\",\"@id\":\"https:\\\/\\\/www.ull.es\\\/masteres\\\/desarrollo-y-gestion-de-recursos-humanos\\\/#website\",\"url\":\"https:\\\/\\\/www.ull.es\\\/masteres\\\/desarrollo-y-gestion-de-recursos-humanos\\\/\",\"name\":\"Desarrollo y Gesti\u00f3n de Recursos Humanos\",\"description\":\"\",\"potentialAction\":[{\"@type\":\"SearchAction\",\"target\":{\"@type\":\"EntryPoint\",\"urlTemplate\":\"https:\\\/\\\/www.ull.es\\\/masteres\\\/desarrollo-y-gestion-de-recursos-humanos\\\/?s={search_term_string}\"},\"query-input\":{\"@type\":\"PropertyValueSpecification\",\"valueRequired\":true,\"valueName\":\"search_term_string\"}}],\"inLanguage\":\"en-GB\"}]}<\/script>\n<!-- \/ Yoast SEO plugin. -->","yoast_head_json":{"title":"Teaching Coordination - Human Resources Development and Management","robots":{"index":"noindex","follow":"follow","max-snippet":"max-snippet:-1","max-image-preview":"max-image-preview:large","max-video-preview":"max-video-preview:-1"},"og_locale":"en_GB","og_type":"article","og_title":"Coordinaci\u00f3n docente - Desarrollo y Gesti\u00f3n de Recursos Humanos","og_description":"Coordinaci\u00f3n docente El t\u00edtulo cuenta con las estructuras de coordinaci\u00f3n necesarias en sus diferentes niveles para garantizar que se organiza y desarrolla de manera adecuada. As\u00ed, para articular la coordinaci\u00f3n horizontal y vertical a nivel titulaci\u00f3n, se cuenta con: Las citadas estructuras cuentan con los mecanismos de funcionamiento mediante reuniones peri\u00f3dicas para realizar el an\u00e1lisis...","og_url":"https:\/\/www.ull.es\/masteres\/desarrollo-y-gestion-de-recursos-humanos\/en\/informacion-academica\/coordinacion-docente\/","og_site_name":"Desarrollo y Gesti\u00f3n de Recursos Humanos","article_modified_time":"2025-07-23T09:50:24+00:00","twitter_card":"summary_large_image","twitter_misc":{"Estimated reading time":"1 minute"},"schema":{"@context":"https:\/\/schema.org","@graph":[{"@type":"WebPage","@id":"https:\/\/www.ull.es\/masteres\/desarrollo-y-gestion-de-recursos-humanos\/en\/informacion-academica\/coordinacion-docente\/","url":"https:\/\/www.ull.es\/masteres\/desarrollo-y-gestion-de-recursos-humanos\/en\/informacion-academica\/coordinacion-docente\/","name":"Teaching Coordination - Human Resources Development and Management","isPartOf":{"@id":"https:\/\/www.ull.es\/masteres\/desarrollo-y-gestion-de-recursos-humanos\/#website"},"datePublished":"2017-06-28T13:01:59+00:00","dateModified":"2025-07-23T09:50:24+00:00","breadcrumb":{"@id":"https:\/\/www.ull.es\/masteres\/desarrollo-y-gestion-de-recursos-humanos\/en\/informacion-academica\/coordinacion-docente\/#breadcrumb"},"inLanguage":"en-GB","potentialAction":[{"@type":"ReadAction","target":["https:\/\/www.ull.es\/masteres\/desarrollo-y-gestion-de-recursos-humanos\/en\/informacion-academica\/coordinacion-docente\/"]}]},{"@type":"BreadcrumbList","@id":"https:\/\/www.ull.es\/masteres\/desarrollo-y-gestion-de-recursos-humanos\/en\/informacion-academica\/coordinacion-docente\/#breadcrumb","itemListElement":[{"@type":"ListItem","position":1,"name":"Portada","item":"https:\/\/www.ull.es\/masteres\/desarrollo-y-gestion-de-recursos-humanos\/"},{"@type":"ListItem","position":2,"name":"Informaci\u00f3n Acad\u00e9mica","item":"https:\/\/www.ull.es\/masteres\/desarrollo-y-gestion-de-recursos-humanos\/informacion-academica\/"},{"@type":"ListItem","position":3,"name":"Coordinaci\u00f3n docente"}]},{"@type":"WebSite","@id":"https:\/\/www.ull.es\/masteres\/desarrollo-y-gestion-de-recursos-humanos\/#website","url":"https:\/\/www.ull.es\/masteres\/desarrollo-y-gestion-de-recursos-humanos\/","name":"Human Resources Development and Management","description":"","potentialAction":[{"@type":"SearchAction","target":{"@type":"EntryPoint","urlTemplate":"https:\/\/www.ull.es\/masteres\/desarrollo-y-gestion-de-recursos-humanos\/?s={search_term_string}"},"query-input":{"@type":"PropertyValueSpecification","valueRequired":true,"valueName":"search_term_string"}}],"inLanguage":"en-GB"}]}},"_links":{"self":[{"href":"https:\/\/www.ull.es\/masteres\/desarrollo-y-gestion-de-recursos-humanos\/en\/wp-json\/wp\/v2\/pages\/42","targetHints":{"allow":["GET"]}}],"collection":[{"href":"https:\/\/www.ull.es\/masteres\/desarrollo-y-gestion-de-recursos-humanos\/en\/wp-json\/wp\/v2\/pages"}],"about":[{"href":"https:\/\/www.ull.es\/masteres\/desarrollo-y-gestion-de-recursos-humanos\/en\/wp-json\/wp\/v2\/types\/page"}],"author":[{"embeddable":true,"href":"https:\/\/www.ull.es\/masteres\/desarrollo-y-gestion-de-recursos-humanos\/en\/wp-json\/wp\/v2\/users\/1"}],"replies":[{"embeddable":true,"href":"https:\/\/www.ull.es\/masteres\/desarrollo-y-gestion-de-recursos-humanos\/en\/wp-json\/wp\/v2\/comments?post=42"}],"version-history":[{"count":12,"href":"https:\/\/www.ull.es\/masteres\/desarrollo-y-gestion-de-recursos-humanos\/en\/wp-json\/wp\/v2\/pages\/42\/revisions"}],"predecessor-version":[{"id":927,"href":"https:\/\/www.ull.es\/masteres\/desarrollo-y-gestion-de-recursos-humanos\/en\/wp-json\/wp\/v2\/pages\/42\/revisions\/927"}],"up":[{"embeddable":true,"href":"https:\/\/www.ull.es\/masteres\/desarrollo-y-gestion-de-recursos-humanos\/en\/wp-json\/wp\/v2\/pages\/252"}],"wp:attachment":[{"href":"https:\/\/www.ull.es\/masteres\/desarrollo-y-gestion-de-recursos-humanos\/en\/wp-json\/wp\/v2\/media?parent=42"}],"curies":[{"name":"wp","href":"https:\/\/api.w.org\/{rel}","templated":true}]}}