{"id":24,"date":"2017-06-28T12:52:52","date_gmt":"2017-06-28T12:52:52","guid":{"rendered":"http:\/\/www.ull.es\/masteres\/desarrollo-y-gestion-de-recursos-humanos\/?page_id=24"},"modified":"2025-07-23T09:52:18","modified_gmt":"2025-07-23T09:52:18","slug":"estructura-del-plan-de-estudios","status":"publish","type":"page","link":"https:\/\/www.ull.es\/masteres\/desarrollo-y-gestion-de-recursos-humanos\/plan-de-estudios\/estructura-del-plan-de-estudios\/","title":{"rendered":"Estructura del Plan de Estudios"},"content":{"rendered":"\n<div class=\"wp-block-stackable-columns alignfull stk-block-columns stk-block stk-2314a6b\" data-block-id=\"2314a6b\"><style>.stk-2314a6b {padding-bottom:0px !important;margin-top:-100px !important;margin-bottom:0px !important;}<\/style><div class=\"stk-row stk-inner-blocks stk-block-content stk-content-align stk-2314a6b-column alignfull\">\n<div class=\"wp-block-stackable-column stk-block-column stk-column stk-block stk-1d1764d\" data-v=\"4\" data-block-id=\"1d1764d\"><div class=\"stk-column-wrapper stk-block-column__content stk-container stk-1d1764d-container stk--no-background stk--no-padding\"><div class=\"stk-block-content stk-inner-blocks stk-1d1764d-inner-blocks\"><style id=\"depicter-1-inline-pre-css\">\n\n.depicter-1:not(.depicter-ready){\n\theight:450px;\n}\n\n\/***** Tablet *****\/\n@media screen and (max-width: 1024px){\n\n.depicter-1:not(.depicter-ready){\n\theight:700px;\n}\n\n}\n\/***** Mobile *****\/\n@media screen and (max-width: 767px){\n\n.depicter-1:not(.depicter-ready){\n\theight:360px;\n}\n\n}\n<\/style>\n<div id=\"depicter-1\" class=\"depicter depicter-document depicter-revert depicter-1 depicter-layout-fullwidth\">\n\n<div class=\"depicter-loading-container depicter-loading dotFlashing-dark\"><div class=\"depicter-loading-dark depicter-dot-flashing\">\n   <span><\/span>\n   <span><\/span>\n   <span><\/span>\n<\/div>\n<\/div>\n<div id=\"depicter-1-section-1\" class=\"depicter-section depicter-1-section-1\" data-name=\"Section 1\" data-type=\"section\" data-local-id=\"section-1\">\n<picture class=\"depicter-bg\">\n<source data-depicter-srcset=\"https:\/\/www.ull.es\/masteres\/desarrollo-y-gestion-de-recursos-humanos\/wp-content\/uploads\/sites\/12\/2025\/07\/Headers-Masteres_Desarrollo-y-Gestion-de-Recursos-Humanos-768x248.jpg, https:\/\/www.ull.es\/masteres\/desarrollo-y-gestion-de-recursos-humanos\/wp-content\/uploads\/sites\/12\/2025\/07\/Headers-Masteres_Desarrollo-y-Gestion-de-Recursos-Humanos.jpg 2x\" srcset=\"data:image\/gif;base64,R0lGODlhAQABAIAAAAAAAP\/\/\/yH5BAEAAAAALAAAAAABAAEAAAIBRAA7\" media=\"(max-width: 1024px)\" \/>\n\n<source data-depicter-srcset=\"https:\/\/www.ull.es\/masteres\/desarrollo-y-gestion-de-recursos-humanos\/wp-content\/uploads\/sites\/12\/2025\/07\/Headers-Masteres_Desarrollo-y-Gestion-de-Recursos-Humanos.jpg, https:\/\/www.ull.es\/masteres\/desarrollo-y-gestion-de-recursos-humanos\/wp-content\/uploads\/sites\/12\/2025\/07\/Headers-Masteres_Desarrollo-y-Gestion-de-Recursos-Humanos-1280x413.jpg 2x\" srcset=\"data:image\/gif;base64,R0lGODlhAQABAIAAAAAAAP\/\/\/yH5BAEAAAAALAAAAAABAAEAAAIBRAA7\" media=\"(min-width: 1025px)\" \/>\n<img decoding=\"async\" src=\"data:image\/gif;base64,R0lGODlhAQABAIAAAAAAAP\/\/\/yH5BAEAAAAALAAAAAABAAEAAAIBRAA7\" data-ken-burns=\"false\" data-tablet-ken-burns=\"false\" data-mobile-ken-burns=\"false\" alt=\"\" data-depicter-src=\"https:\/\/www.ull.es\/masteres\/desarrollo-y-gestion-de-recursos-humanos\/wp-content\/uploads\/sites\/12\/2025\/07\/Headers-Masteres_Desarrollo-y-Gestion-de-Recursos-Humanos.jpg\" data-object-fit=\"custom,custom,\" data-object-position=\"center top,,\" data-crop=\"{'focalPoint':{'x':0.5,'y':0.5},'mediaSize':{'width':1394.6731234866829254315234720706939697265625,'height':450}}\" data-tablet-crop=\"{'focalPoint':{'x':0.5,'y':0.5},'mediaSize':{'width':2169.4915254237284898408688604831695556640625,'height':700}}\" data-mobile-crop=\"{'focalPoint':{'x':0.729999999999999982236431605997495353221893310546875,'y':0.5},'mediaSize':{'width':1394,'height':450}}\" \/>\n<\/picture>\n\n\n<h1 id=\"depicter-1-element-5\" class=\"depicter-element depicter-layer depicter-1-element-5\" data-type=\"text\" data-wrap=\"true\" data-name=\"Text 2\" data-local-id=\"element-5\" data-offset=\"x:0px;y:141px;origin:tl\" data-tablet-offset=\"x:196px;y:170px;origin:tl\" data-mobile-offset=\"x:-16px;y:60px;origin:tl\" data-width=\"1200px,633px,408px\" data-height=\"auto,auto,auto\" data-responsive-scale=\"true,,\">M\u00e1ster Universitario en Desarrollo y Gesti\u00f3n de Recursos Humanos<br><\/h1>\n\n<div id=\"depicter-1-element-10\" class=\"depicter-element depicter-layer depicter-1-element-10\" data-type=\"shape\" data-wrap=\"true\" data-name=\"Shape 1\" data-local-id=\"element-10\" data-offset=\"x:0px;y:319px;origin:tl\" data-tablet-offset=\"x:196px;y:539px;origin:tl\" data-mobile-offset=\"x:-16px;y:311px;origin:tl\" data-width=\"1200px,647px,408px\" data-height=\"8px,8px,8px\" data-responsive-scale=\"true,,\"><\/div>\n<\/div>\n<\/div>\n<script>\n(window.depicterSetups = window.depicterSetups || []).push(function(){\n\tDepicter.basePath = 'https:\/\/www.ull.es\/masteres\/desarrollo-y-gestion-de-recursos-humanos\/wp-content\/plugins\/depicter\/resources\/scripts\/player\/';\n\tconst dpPlayer = Depicter.setup('.depicter-1',\n\t\t{\"width\":[\"1200\",\"1024\",\"360\"],\"height\":[\"450\",\"700\",\"360\"],\"view\":\"basic\",\"keepAspectRatio\":true,\"preload\":0,\"layout\":\"fullwidth\",\"rtl\":false,\"initAfterAppear\":false,\"ajaxApiUrl\":\"https:\\\/\\\/www.ull.es\\\/masteres\\\/desarrollo-y-gestion-de-recursos-humanos\\\/wp-admin\\\/admin-ajax.php\",\"mouseSwipe\":true,\"touchSwipe\":true,\"useWatermark\":false}\n\t);\n});\n<\/script><\/div><\/div><\/div>\n<\/div><\/div>\n\n\n\n<div class=\"wp-block-stackable-columns alignfull stk-block-columns stk--hide-mobile stk-block stk-6394276 stk-block-background\" data-block-id=\"6394276\"><style>.stk-6394276 {background-color:#fa6199 !important;padding-top:50px !important;padding-right:0px !important;padding-bottom:1px !important;padding-left:0px !important;margin-top:-40px !important;margin-bottom:0px !important;}.stk-6394276:before{background-color:#fa6199 !important;}<\/style><div class=\"stk-row stk-inner-blocks stk-block-content stk-content-align stk-6394276-column alignfull\">\n<div class=\"wp-block-stackable-column stk-block-column stk-column stk-block stk-8a66885\" data-v=\"4\" data-block-id=\"8a66885\"><div class=\"stk-column-wrapper stk-block-column__content stk-container stk-8a66885-container stk--no-background stk--no-padding\"><div class=\"stk-block-content stk-inner-blocks stk-8a66885-inner-blocks\">\n<div class=\"wp-block-stackable-spacer stk-block-spacer stk--no-padding stk-block stk-bc89b3e\" data-block-id=\"bc89b3e\"><style>.stk-bc89b3e {height:0px !important;}<\/style><\/div>\n<\/div><\/div><\/div>\n<\/div><\/div>\n\n\n\n<div class=\"wp-block-stackable-columns stk-block-columns stk-block stk-8b59b96\" data-block-id=\"8b59b96\"><style>.stk-8b59b96 .stk--block-align-8b59b96{align-items:flex-start !important;}.stk-8b59b96 {margin-top:50px !important;}.stk-8b59b96-column{--stk-columns-spacing:0px !important;--stk-column-gap:50px !important;}@media screen and (max-width: 767px){.stk-8b59b96-column{row-gap:var(--stk--preset--spacing--60, 2.25rem) !important;}}<\/style><div class=\"stk-row stk-inner-blocks stk--block-align-8b59b96 stk-block-content stk-content-align stk-8b59b96-column\">\n<div class=\"wp-block-stackable-column stk-block-column stk-column stk-block stk-dbb7e15\" data-v=\"4\" data-block-id=\"dbb7e15\"><style>@media screen and (min-width: 768px){.stk-dbb7e15 {flex:var(--stk-flex-grow, 1) 1 66.7% !important;}}<\/style><div class=\"stk-column-wrapper stk-block-column__content stk-container stk-dbb7e15-container stk--no-background stk--no-padding\"><div class=\"stk-block-content stk-inner-blocks stk-dbb7e15-inner-blocks\">\n<div class=\"wp-block-stackable-heading stk-block-heading stk-block-heading--v2 stk-block stk-cc0239e\" id=\"complementos-de-formacion\" data-block-id=\"cc0239e\"><style>.stk-cc0239e .stk-block-heading__text{color:#fa6199 !important;font-weight:500 !important;}<\/style><h1 class=\"stk-block-heading__text has-text-color\">Estructura del plan de estudios<\/h1><\/div>\n\n\n\n<div class=\"wp-block-stackable-text stk-block-text stk-block stk-fd2f250\" data-block-id=\"fd2f250\"><p class=\"stk-block-text__text\">La planificaci\u00f3n de las ense\u00f1anzas supone la vertebraci\u00f3n de contenidos, sistemas y metodolog\u00edas que hacen posible la adquisici\u00f3n de los conocimientos, capacidades, habilidades y destrezas b\u00e1sicas necesarias para que los estudiantes puedan desarrollar su actividad en cualquiera de las l\u00edneas especificadas en el perfil profesional definido para la titulaci\u00f3n.<\/p><\/div>\n\n\n\n<p>El plan de estudios estructurado en m\u00f3dulos\/materias y asignaturas est\u00e1 elaborado en base al marco normativo para la ordenaci\u00f3n y verificaci\u00f3n de las ense\u00f1anzas universitarias oficiales \u2013el RD 1393\/2007- y las directrices desarrolladas por la Universidad de La Laguna.<\/p>\n\n\n\n<div class=\"wp-block-stackable-heading stk-block-heading stk-block-heading--v2 stk-block stk-3d1fdd7\" id=\"complementos-de-formacion\" data-block-id=\"3d1fdd7\"><style>.stk-3d1fdd7 .stk-block-heading__text{color:#fa6199 !important;font-weight:500 !important;}<\/style><h1 class=\"stk-block-heading__text has-text-color\">Plan de estudios<\/h1><\/div>\n\n\n\n<div class=\"wp-block-stackable-text stk-block-text stk-block stk-284db50\" data-block-id=\"284db50\"><p class=\"stk-block-text__text\">Si desea consultar el hist\u00f3rico de las gu\u00edas docentes, selecci\u00f3nelo accediendo al&nbsp;<a href=\"https:\/\/www.ull.es\/apps\/guias\/guias\/view_degree\/644\/\" target=\"_blank\" rel=\"noreferrer noopener\" target=\"_blank\" rel=\"noopener\">Portal e-gu\u00eda ULL<\/a>&nbsp;(una vez seleccionada la asignatura, haga clic en curso acad\u00e9mico para visualizar cursos anteriores):<\/p><\/div>\n\n\n\n<table class=\"grales\" width=\"100%\">\n<tbody>\n<tr>\n<th class=\"bluecolumn\" width=\"5%\">C\u00f3digo<\/th>\n<th class=\"bluecolumn\" width=\"75%\">Asignatura<\/th>\n<th class=\"bluecolumn\" width=\"5%\">Tipolog\u00eda<\/th>\n<th class=\"bluecolumn\" width=\"5%\">Cr\u00e9ditos<\/th>\n<th class=\"bluecolumn\" width=\"5%\">Curso<\/th>\n<th class=\"bluecolumn\" width=\"5%\">Cuatrimestre<\/th>\n<\/tr>\n<tr class=\"trAsig0\">\n<td class=\"tdAsig\">315731101<\/td>\n<td class=\"tdAsig\">Direcci\u00f3n Estrat\u00e9gica de la Empresa<\/td>\n<td class=\"tdAsig\">Obligatoria<\/td>\n<td class=\"tdAsig\">3<\/td>\n<td class=\"tdAsig\">1\u00ba<\/td>\n<td class=\"tdAsig\">1\u00ba<\/td>\n<\/tr>\n<tr class=\"trAsig1\">\n<td class=\"tdAsig\">315731102<\/td>\n<td class=\"tdAsig\">Planificaci\u00f3n de los Recursos Humanos<\/td>\n<td class=\"tdAsig\">Obligatoria<\/td>\n<td class=\"tdAsig\">3<\/td>\n<td class=\"tdAsig\">1\u00ba<\/td>\n<td class=\"tdAsig\">1\u00ba<\/td>\n<\/tr>\n<tr class=\"trAsig0\">\n<td class=\"tdAsig\">315731103<\/td>\n<td class=\"tdAsig\">Gesti\u00f3n integrada de calidad, medio ambiente y salud laboral<\/td>\n<td class=\"tdAsig\">Obligatoria<\/td>\n<td class=\"tdAsig\">3<\/td>\n<td class=\"tdAsig\">1\u00ba<\/td>\n<td class=\"tdAsig\">1\u00ba<\/td>\n<\/tr>\n<tr class=\"trAsig1\">\n<td class=\"tdAsig\">315731104<\/td>\n<td class=\"tdAsig\">Estrategias de evaluaci\u00f3n y an\u00e1lisis de las organizaciones<\/td>\n<td class=\"tdAsig\">Obligatoria<\/td>\n<td class=\"tdAsig\">3<\/td>\n<td class=\"tdAsig\">1\u00ba<\/td>\n<td class=\"tdAsig\">1\u00ba<\/td>\n<\/tr>\n<tr class=\"trAsig0\">\n<td class=\"tdAsig\">315731105<\/td>\n<td class=\"tdAsig\">R\u00e9gimen estatutario de los funcionarios p\u00fablicos<\/td>\n<td class=\"tdAsig\">Obligatoria<\/td>\n<td class=\"tdAsig\">3<\/td>\n<td class=\"tdAsig\">1\u00ba<\/td>\n<td class=\"tdAsig\">1\u00ba<\/td>\n<\/tr>\n<tr class=\"trAsig1\">\n<td class=\"tdAsig\">315731106<\/td>\n<td class=\"tdAsig\">Habilidades para la direcci\u00f3n de equipos<\/td>\n<td class=\"tdAsig\">Obligatoria<\/td>\n<td class=\"tdAsig\">6<\/td>\n<td class=\"tdAsig\">1\u00ba<\/td>\n<td class=\"tdAsig\">1\u00ba<\/td>\n<\/tr>\n<tr class=\"trAsig0\">\n<td class=\"tdAsig\">315731201<\/td>\n<td class=\"tdAsig\">Marco jur\u00eddico de las relaciones laborales I<\/td>\n<td class=\"tdAsig\">Obligatoria<\/td>\n<td class=\"tdAsig\">3<\/td>\n<td class=\"tdAsig\">1\u00ba<\/td>\n<td class=\"tdAsig\">2\u00ba<\/td>\n<\/tr>\n<tr class=\"trAsig1\">\n<td class=\"tdAsig\">315731107<\/td>\n<td class=\"tdAsig\">An\u00e1lisis del trabajo y desarrollo de planes de formaci\u00f3n<\/td>\n<td class=\"tdAsig\">Obligatoria<\/td>\n<td class=\"tdAsig\">6<\/td>\n<td class=\"tdAsig\">1\u00ba<\/td>\n<td class=\"tdAsig\">1\u00ba<\/td>\n<\/tr>\n<tr class=\"trAsig0\">\n<td class=\"tdAsig\">315731108<\/td>\n<td class=\"tdAsig\">Procesos de selecci\u00f3n y socializaci\u00f3n en la organizaci\u00f3n<\/td>\n<td class=\"tdAsig\">Obligatoria<\/td>\n<td class=\"tdAsig\">3<\/td>\n<td class=\"tdAsig\">1\u00ba<\/td>\n<td class=\"tdAsig\">1\u00ba<\/td>\n<\/tr>\n<tr class=\"trAsig1\">\n<td class=\"tdAsig\">315731202<\/td>\n<td class=\"tdAsig\">Dise\u00f1o e implantaci\u00f3n de sistemas de evaluaci\u00f3n del desempe\u00f1o<\/td>\n<td class=\"tdAsig\">Obligatoria<\/td>\n<td class=\"tdAsig\">3<\/td>\n<td class=\"tdAsig\">1\u00ba<\/td>\n<td class=\"tdAsig\">2\u00ba<\/td>\n<\/tr>\n<tr class=\"trAsig0\">\n<td class=\"tdAsig\">315731204<\/td>\n<td class=\"tdAsig\">Trabajo Fin de M\u00e1ster<\/td>\n<td class=\"tdAsig\">Obligatoria<\/td>\n<td class=\"tdAsig\">6<\/td>\n<td class=\"tdAsig\">1\u00ba<\/td>\n<td class=\"tdAsig\">2\u00ba<\/td>\n<\/tr>\n<tr class=\"trAsig1\">\n<td class=\"tdAsig\">315731203<\/td>\n<td class=\"tdAsig\">Pr\u00e1cticas Externas<\/td>\n<td class=\"tdAsig\">Obligatoria<\/td>\n<td class=\"tdAsig\">12<\/td>\n<td class=\"tdAsig\">1\u00ba<\/td>\n<td class=\"tdAsig\">2\u00ba<\/td>\n<\/tr>\n<tr class=\"trAsig0\">\n<td class=\"tdAsig\"><\/td>\n<td class=\"tdAsig\">Deber\u00e1n cursarse 6 cr\u00e9ditos optativos<\/td>\n<td class=\"tdAsig\"><\/td>\n<td class=\"tdAsig\"><\/td>\n<td class=\"tdAsig\"><\/td>\n<td class=\"tdAsig\"><\/td>\n<\/tr>\n<tr class=\"trAsig1\">\n<td class=\"tdAsig\">315730901<\/td>\n<td class=\"tdAsig\">Marco jur\u00eddico de las relaciones laborales II<\/td>\n<td class=\"tdAsig\">Optativa<\/td>\n<td class=\"tdAsig\">3<\/td>\n<td class=\"tdAsig\">1\u00ba<\/td>\n<td class=\"tdAsig\">2\u00ba<\/td>\n<\/tr>\n<tr class=\"trAsig0\">\n<td class=\"tdAsig\">315730902<\/td>\n<td class=\"tdAsig\">Gesti\u00f3n y Promoci\u00f3n de la Calidad de Vida en el Trabajo<\/td>\n<td class=\"tdAsig\">Optativa<\/td>\n<td class=\"tdAsig\">3<\/td>\n<td class=\"tdAsig\">1\u00ba<\/td>\n<td class=\"tdAsig\">2\u00ba<\/td>\n<\/tr>\n<tr class=\"trAsig1\">\n<td class=\"tdAsig\">315730903<\/td>\n<td class=\"tdAsig\">Evaluaci\u00f3n conductual en las organizaciones<\/td>\n<td class=\"tdAsig\">Optativa<\/td>\n<td class=\"tdAsig\">3<\/td>\n<td class=\"tdAsig\">1\u00ba<\/td>\n<td class=\"tdAsig\">2\u00ba<\/td>\n<\/tr>\n<tr class=\"trAsig0\">\n<td class=\"tdAsig\">315730904<\/td>\n<td class=\"tdAsig\">Aplicaci\u00f3n de software especializado para el an\u00e1lisis de datos<\/td>\n<td class=\"tdAsig\">Optativa<\/td>\n<td class=\"tdAsig\">3<\/td>\n<td class=\"tdAsig\">1\u00ba<\/td>\n<td class=\"tdAsig\">2\u00ba<\/td>\n<\/tr>\n<\/tbody>\n<\/table>\n<\/div><\/div><\/div>\n\n\n\n<div class=\"wp-block-stackable-column stk-block-column stk-column stk-block stk-53ec762\" data-v=\"4\" data-block-id=\"53ec762\"><style>.stk-53ec762-inner-blocks{row-gap:0px !important;}.stk-53ec762 {padding-top:0px !important;padding-right:0px !important;padding-bottom:0px !important;padding-left:0px !important;}@media screen and (min-width: 768px){.stk-53ec762 {flex:var(--stk-flex-grow, 1) 1 33.3% !important;}}<\/style><div class=\"stk-column-wrapper stk-block-column__content stk-container stk-53ec762-container stk--no-background stk--no-padding\"><div class=\"stk-block-content stk-inner-blocks stk-53ec762-inner-blocks\">\n\n<ul class=\"widget-box\">\n<li class='contacto-header'>Informaci\u00f3n de contacto<\/li><li><i class=\"fa fa-map-marker\"><\/i> Avda. Astrof\u00edsico Francisco S\u00e1nchez, SN. Edificio Calabaza \u2013 AN.2D Apdo. 456 38200 San Crist\u00f3bal de La Laguna<\/li><li><i class=\"fa fa-envelope\"><\/i>  <a href=mailto:master.gestionrrhh@ull.es>master.gestionrrhh@ull.es<\/a><\/li><li><i class=\"fa fa-archive\"><\/i><a href=\"https:\/\/sede.ull.es\/ecivilis-site\/catalog\/showProcedure\/484\"> Procedimiento para quejas, sugerencias y felicitaciones<\/a><\/li>\n<\/ul>\n\n\n<\/div><\/div><\/div>\n<\/div><\/div>\n","protected":false},"excerpt":{"rendered":"<p>Estructura del plan de estudios La planificaci\u00f3n de las ense\u00f1anzas supone la vertebraci\u00f3n de contenidos, sistemas y metodolog\u00edas que hacen posible la adquisici\u00f3n de los conocimientos, capacidades, habilidades y destrezas b\u00e1sicas necesarias para que los estudiantes puedan desarrollar su actividad en cualquiera de las l\u00edneas especificadas en el perfil profesional definido para la titulaci\u00f3n. El&#8230;<\/p>\n","protected":false},"author":1,"featured_media":0,"parent":270,"menu_order":0,"comment_status":"closed","ping_status":"closed","template":"templates\/template-frontpage.php","meta":{"footnotes":""},"class_list":["post-24","page","type-page","status-publish","hentry"],"yoast_head":"<!-- This site is optimized with the Yoast SEO plugin v27.3 - https:\/\/yoast.com\/product\/yoast-seo-wordpress\/ -->\n<title>Estructura del Plan de Estudios - Desarrollo y Gesti\u00f3n de Recursos Humanos<\/title>\n<meta name=\"robots\" content=\"noindex, follow, max-snippet:-1, max-image-preview:large, max-video-preview:-1\" \/>\n<meta property=\"og:locale\" content=\"es_ES\" \/>\n<meta property=\"og:type\" content=\"article\" \/>\n<meta property=\"og:title\" content=\"Estructura del Plan de Estudios - Desarrollo y Gesti\u00f3n de Recursos Humanos\" \/>\n<meta property=\"og:description\" content=\"Estructura del plan de estudios La planificaci\u00f3n de las ense\u00f1anzas supone la vertebraci\u00f3n de contenidos, sistemas y metodolog\u00edas que hacen posible la adquisici\u00f3n de los conocimientos, capacidades, habilidades y destrezas b\u00e1sicas necesarias para que los estudiantes puedan desarrollar su actividad en cualquiera de las l\u00edneas especificadas en el perfil profesional definido para la titulaci\u00f3n. El...\" \/>\n<meta property=\"og:url\" content=\"https:\/\/www.ull.es\/masteres\/desarrollo-y-gestion-de-recursos-humanos\/plan-de-estudios\/estructura-del-plan-de-estudios\/\" \/>\n<meta property=\"og:site_name\" content=\"Desarrollo y Gesti\u00f3n de Recursos Humanos\" \/>\n<meta property=\"article:modified_time\" content=\"2025-07-23T09:52:18+00:00\" \/>\n<meta name=\"twitter:card\" content=\"summary_large_image\" \/>\n<meta name=\"twitter:label1\" content=\"Tiempo de lectura\" \/>\n\t<meta name=\"twitter:data1\" content=\"2 minutos\" \/>\n<script type=\"application\/ld+json\" class=\"yoast-schema-graph\">{\"@context\":\"https:\\\/\\\/schema.org\",\"@graph\":[{\"@type\":\"WebPage\",\"@id\":\"https:\\\/\\\/www.ull.es\\\/masteres\\\/desarrollo-y-gestion-de-recursos-humanos\\\/plan-de-estudios\\\/estructura-del-plan-de-estudios\\\/\",\"url\":\"https:\\\/\\\/www.ull.es\\\/masteres\\\/desarrollo-y-gestion-de-recursos-humanos\\\/plan-de-estudios\\\/estructura-del-plan-de-estudios\\\/\",\"name\":\"Estructura del Plan de Estudios - Desarrollo y Gesti\u00f3n de Recursos Humanos\",\"isPartOf\":{\"@id\":\"https:\\\/\\\/www.ull.es\\\/masteres\\\/desarrollo-y-gestion-de-recursos-humanos\\\/#website\"},\"datePublished\":\"2017-06-28T12:52:52+00:00\",\"dateModified\":\"2025-07-23T09:52:18+00:00\",\"breadcrumb\":{\"@id\":\"https:\\\/\\\/www.ull.es\\\/masteres\\\/desarrollo-y-gestion-de-recursos-humanos\\\/plan-de-estudios\\\/estructura-del-plan-de-estudios\\\/#breadcrumb\"},\"inLanguage\":\"es\",\"potentialAction\":[{\"@type\":\"ReadAction\",\"target\":[\"https:\\\/\\\/www.ull.es\\\/masteres\\\/desarrollo-y-gestion-de-recursos-humanos\\\/plan-de-estudios\\\/estructura-del-plan-de-estudios\\\/\"]}]},{\"@type\":\"BreadcrumbList\",\"@id\":\"https:\\\/\\\/www.ull.es\\\/masteres\\\/desarrollo-y-gestion-de-recursos-humanos\\\/plan-de-estudios\\\/estructura-del-plan-de-estudios\\\/#breadcrumb\",\"itemListElement\":[{\"@type\":\"ListItem\",\"position\":1,\"name\":\"Portada\",\"item\":\"https:\\\/\\\/www.ull.es\\\/masteres\\\/desarrollo-y-gestion-de-recursos-humanos\\\/\"},{\"@type\":\"ListItem\",\"position\":2,\"name\":\"Plan de estudios\",\"item\":\"https:\\\/\\\/www.ull.es\\\/masteres\\\/desarrollo-y-gestion-de-recursos-humanos\\\/fr\\\/plan-de-estudios\\\/\"},{\"@type\":\"ListItem\",\"position\":3,\"name\":\"Estructura del Plan de Estudios\"}]},{\"@type\":\"WebSite\",\"@id\":\"https:\\\/\\\/www.ull.es\\\/masteres\\\/desarrollo-y-gestion-de-recursos-humanos\\\/#website\",\"url\":\"https:\\\/\\\/www.ull.es\\\/masteres\\\/desarrollo-y-gestion-de-recursos-humanos\\\/\",\"name\":\"Desarrollo y Gesti\u00f3n de Recursos Humanos\",\"description\":\"\",\"potentialAction\":[{\"@type\":\"SearchAction\",\"target\":{\"@type\":\"EntryPoint\",\"urlTemplate\":\"https:\\\/\\\/www.ull.es\\\/masteres\\\/desarrollo-y-gestion-de-recursos-humanos\\\/?s={search_term_string}\"},\"query-input\":{\"@type\":\"PropertyValueSpecification\",\"valueRequired\":true,\"valueName\":\"search_term_string\"}}],\"inLanguage\":\"es\"}]}<\/script>\n<!-- \/ Yoast SEO plugin. -->","yoast_head_json":{"title":"Estructura del Plan de Estudios - Desarrollo y Gesti\u00f3n de Recursos Humanos","robots":{"index":"noindex","follow":"follow","max-snippet":"max-snippet:-1","max-image-preview":"max-image-preview:large","max-video-preview":"max-video-preview:-1"},"og_locale":"es_ES","og_type":"article","og_title":"Estructura del Plan de Estudios - Desarrollo y Gesti\u00f3n de Recursos Humanos","og_description":"Estructura del plan de estudios La planificaci\u00f3n de las ense\u00f1anzas supone la vertebraci\u00f3n de contenidos, sistemas y metodolog\u00edas que hacen posible la adquisici\u00f3n de los conocimientos, capacidades, habilidades y destrezas b\u00e1sicas necesarias para que los estudiantes puedan desarrollar su actividad en cualquiera de las l\u00edneas especificadas en el perfil profesional definido para la titulaci\u00f3n. El...","og_url":"https:\/\/www.ull.es\/masteres\/desarrollo-y-gestion-de-recursos-humanos\/plan-de-estudios\/estructura-del-plan-de-estudios\/","og_site_name":"Desarrollo y Gesti\u00f3n de Recursos Humanos","article_modified_time":"2025-07-23T09:52:18+00:00","twitter_card":"summary_large_image","twitter_misc":{"Tiempo de lectura":"2 minutos"},"schema":{"@context":"https:\/\/schema.org","@graph":[{"@type":"WebPage","@id":"https:\/\/www.ull.es\/masteres\/desarrollo-y-gestion-de-recursos-humanos\/plan-de-estudios\/estructura-del-plan-de-estudios\/","url":"https:\/\/www.ull.es\/masteres\/desarrollo-y-gestion-de-recursos-humanos\/plan-de-estudios\/estructura-del-plan-de-estudios\/","name":"Estructura del Plan de Estudios - Desarrollo y Gesti\u00f3n de Recursos Humanos","isPartOf":{"@id":"https:\/\/www.ull.es\/masteres\/desarrollo-y-gestion-de-recursos-humanos\/#website"},"datePublished":"2017-06-28T12:52:52+00:00","dateModified":"2025-07-23T09:52:18+00:00","breadcrumb":{"@id":"https:\/\/www.ull.es\/masteres\/desarrollo-y-gestion-de-recursos-humanos\/plan-de-estudios\/estructura-del-plan-de-estudios\/#breadcrumb"},"inLanguage":"es","potentialAction":[{"@type":"ReadAction","target":["https:\/\/www.ull.es\/masteres\/desarrollo-y-gestion-de-recursos-humanos\/plan-de-estudios\/estructura-del-plan-de-estudios\/"]}]},{"@type":"BreadcrumbList","@id":"https:\/\/www.ull.es\/masteres\/desarrollo-y-gestion-de-recursos-humanos\/plan-de-estudios\/estructura-del-plan-de-estudios\/#breadcrumb","itemListElement":[{"@type":"ListItem","position":1,"name":"Portada","item":"https:\/\/www.ull.es\/masteres\/desarrollo-y-gestion-de-recursos-humanos\/"},{"@type":"ListItem","position":2,"name":"Plan de estudios","item":"https:\/\/www.ull.es\/masteres\/desarrollo-y-gestion-de-recursos-humanos\/fr\/plan-de-estudios\/"},{"@type":"ListItem","position":3,"name":"Estructura del Plan de Estudios"}]},{"@type":"WebSite","@id":"https:\/\/www.ull.es\/masteres\/desarrollo-y-gestion-de-recursos-humanos\/#website","url":"https:\/\/www.ull.es\/masteres\/desarrollo-y-gestion-de-recursos-humanos\/","name":"Desarrollo y Gesti\u00f3n de Recursos Humanos","description":"","potentialAction":[{"@type":"SearchAction","target":{"@type":"EntryPoint","urlTemplate":"https:\/\/www.ull.es\/masteres\/desarrollo-y-gestion-de-recursos-humanos\/?s={search_term_string}"},"query-input":{"@type":"PropertyValueSpecification","valueRequired":true,"valueName":"search_term_string"}}],"inLanguage":"es"}]}},"_links":{"self":[{"href":"https:\/\/www.ull.es\/masteres\/desarrollo-y-gestion-de-recursos-humanos\/wp-json\/wp\/v2\/pages\/24","targetHints":{"allow":["GET"]}}],"collection":[{"href":"https:\/\/www.ull.es\/masteres\/desarrollo-y-gestion-de-recursos-humanos\/wp-json\/wp\/v2\/pages"}],"about":[{"href":"https:\/\/www.ull.es\/masteres\/desarrollo-y-gestion-de-recursos-humanos\/wp-json\/wp\/v2\/types\/page"}],"author":[{"embeddable":true,"href":"https:\/\/www.ull.es\/masteres\/desarrollo-y-gestion-de-recursos-humanos\/wp-json\/wp\/v2\/users\/1"}],"replies":[{"embeddable":true,"href":"https:\/\/www.ull.es\/masteres\/desarrollo-y-gestion-de-recursos-humanos\/wp-json\/wp\/v2\/comments?post=24"}],"version-history":[{"count":7,"href":"https:\/\/www.ull.es\/masteres\/desarrollo-y-gestion-de-recursos-humanos\/wp-json\/wp\/v2\/pages\/24\/revisions"}],"predecessor-version":[{"id":933,"href":"https:\/\/www.ull.es\/masteres\/desarrollo-y-gestion-de-recursos-humanos\/wp-json\/wp\/v2\/pages\/24\/revisions\/933"}],"up":[{"embeddable":true,"href":"https:\/\/www.ull.es\/masteres\/desarrollo-y-gestion-de-recursos-humanos\/wp-json\/wp\/v2\/pages\/270"}],"wp:attachment":[{"href":"https:\/\/www.ull.es\/masteres\/desarrollo-y-gestion-de-recursos-humanos\/wp-json\/wp\/v2\/media?parent=24"}],"curies":[{"name":"wp","href":"https:\/\/api.w.org\/{rel}","templated":true}]}}