{"id":28,"date":"2017-06-28T12:58:21","date_gmt":"2017-06-28T12:58:21","guid":{"rendered":"http:\/\/www.ull.es\/masteres\/desarrollo-y-gestion-de-recursos-humanos\/?page_id=28"},"modified":"2018-02-16T10:37:54","modified_gmt":"2018-02-16T10:37:54","slug":"justificacion-del-titulo","status":"publish","type":"page","link":"https:\/\/www.ull.es\/masteres\/direccion-planificacion-turismo\/en\/justificacion-del-titulo\/","title":{"rendered":"Justification of the title"},"content":{"rendered":"<p>[vc_row][vc_column][vc_column_text]<\/p>\n<h1>Justificaci\u00f3n del t\u00edtulo<\/h1>\n<p>En el Archipi\u00e9lago canario el turismo es una actividad de gran relevancia econ\u00f3mico-empresarial, geogr\u00e1fica y social. En la actualidad dicha actividad se encuentra en una fase de madurez tanto de destino como de producto. Es por ello que desde hace m\u00e1s de una d\u00e9cada se plantea en el \u00e1mbito acad\u00e9mico y en el propiamente empresarial la necesidad de desarrollar pol\u00edticas de reconversi\u00f3n y modernizaci\u00f3n del modelo tur\u00edstico maduro de sol y playas. Esta propuesta de t\u00edtulo debe comprenderse en este contexto. Lo que le lleva a vertebrarse sobre una serie de elementos diferenciales con respecto a otros m\u00e1steres espa\u00f1oles. \u00c9stos ser\u00edan los siguientes.<\/p>\n<p>En primer lugar, la orientaci\u00f3n del m\u00e1ster en direcci\u00f3n y planificaci\u00f3n del turismo. Y ello es as\u00ed porque los profesionales y directivos de empresas tur\u00edsticas requieren un conocimiento del destino en el que se insertan dichas empresas, pero tambi\u00e9n porque los profesionales orientados a la planificaci\u00f3n de los destinos deben conocer la din\u00e1mica interna de las empresas tur\u00edsticas. Se trata de un caso en el que el conocimiento del entorno empresarial (el destino tur\u00edstico) es fundamental para las adecuadas opciones estrat\u00e9gicas de las empresas. En segundo lugar, la importancia de la realidad insular que obliga a plantear la dimensi\u00f3n espacial y de destino de una forma espec\u00edfica, con problem\u00e1ticas que no se dan en los espacios continentales. Y en tercer lugar, el necesario acento en el planteamiento estrat\u00e9gico de empresas y destinos en la reconversi\u00f3n y modernizaci\u00f3n de un espacio centrado hist\u00f3ricamente en el producto sol y playas.<\/p>\n<p>A partir de estas premisas, la organizaci\u00f3n del t\u00edtulo es la siguiente. Una materia compuesta por las asignaturas obligatorias que se desarrollan sobre todo en el primer cuatrimestre. Y que atienden, por un lado, a la dimensi\u00f3n empresarial del turismo de una forma avanzada, con asignaturas como planificaci\u00f3n empresarial tur\u00edstica y gesti\u00f3n empresarial tur\u00edstica. Aunque tambi\u00e9n, por otro lado, se detiene en el estudio de los aspectos del turismo vinculados al destino como un objeto de atenci\u00f3n acad\u00e9mica, espacio (f\u00edsico, pol\u00edtico-administrativo, social) en el que se inserta la actividad empresarial. Con asignaturas como mercados tur\u00edsticos y planificaci\u00f3n de destinos insulares. En un \u00e1mbito como el del Archipi\u00e9lago canario, se ha prestado especial atenci\u00f3n a esta dimensi\u00f3n insular, y a las particularidades de la planificaci\u00f3n de estos espacios. En tercer lugar, dentro de esta materia de asignaturas obligatorias se requiere tambi\u00e9n de productos tur\u00edsticos que atienden a los resultados diversos del desarrollo de la actividad empresarial tur\u00edstica en un entorno determinado. Y de impactos del turismo, como otro de los resultados del desarrollo de la actividad, y que en destinos maduros es ineludible atender. Esta asignatura es nueva, en la comparativa con el anterior plan de estudios, y permite agrupar en una sola asignatura todos los impactos del turismo que antes estaban integrados en otras materias. Aportando adem\u00e1s, la novedad de los impactos medio-ambientales, tan importantes en la actualidad. Completa la relaci\u00f3n de asignaturas obligatorias los idiomas, imprescindible en estudios tur\u00edsticos, cuanto no m\u00e1s de posgrado. Las tres siguientes materias agrupan por un lado a las asignaturas optativas, por otro al trabajo fin m\u00e1ster, y en tercer lugar a las pr\u00e1cticas externas. En cuanto a las asignaturas optativas, son dos. Que atienden a las dos dimensiones centrales de este m\u00e1ster: empresa y destino. Efectivamente, son las asignaturas optativas estrategias innovadoras en empresas tur\u00edsticas y estrategias innovadoras en destinos tur\u00edsticos. El idioma en el que se impartir\u00e1 el m\u00e1ster es el espa\u00f1ol; el ingl\u00e9s ser\u00e1 el idioma en la materia de idiomas. Aunque dado que se plantea como criterio de admisi\u00f3n el B1 de ingl\u00e9s, est\u00e1 previsto que se puedan impartir algunas clases en ese idioma, cuando haya invitados externos, profesionales o acad\u00e9micos. Por otro lado, en algunos casos es posible realizar el trabajo fin de m\u00e1ster en ingl\u00e9s y adem\u00e1s se favorecer\u00e1 la realizaci\u00f3n de pr\u00e1cticas externas en el extranjero. Por lo que est\u00e1 previsto que el trabajo fin m\u00e1ster y las pr\u00e1cticas externas pueden realizarse tanto en espa\u00f1ol como en ingl\u00e9s. Por ello, est\u00e1n localizadas ambas materias en el segundo cuatrimestre. La modalidad de ense\u00f1anza ser\u00e1 presencial, estando apoyada por aulas de docencia virtual, tanto para cada asignatura, como para la coordinaci\u00f3n del m\u00e1ster en su conjunto. En general, se considera que los contenidos de las materias obligatorias y optativas se ajustan al perfil de un profesional que en el sector tur\u00edstico habr\u00e1 de atender a funciones de direcci\u00f3n y planificaci\u00f3n. Funciones para las que se requiere de conocimientos de empresa, caracter\u00edsticas del destino, de los productos tur\u00edsticos, de los mercados tur\u00edsticos, y de idiomas.[\/vc_column_text][\/vc_column][\/vc_row]<\/p>\n","protected":false},"excerpt":{"rendered":"<p>[vc_row][vc_column][vc_column_text] Justificaci\u00f3n del t\u00edtulo En el Archipi\u00e9lago canario el turismo es una actividad de gran relevancia econ\u00f3mico-empresarial, geogr\u00e1fica y social. En la actualidad dicha actividad se encuentra en una fase de madurez tanto de destino como de producto. Es por ello que desde hace m\u00e1s de una d\u00e9cada se plantea en el \u00e1mbito acad\u00e9mico y&#8230;<\/p>\n","protected":false},"author":1,"featured_media":0,"parent":0,"menu_order":0,"comment_status":"closed","ping_status":"closed","template":"","meta":{"footnotes":""},"class_list":["post-28","page","type-page","status-publish","hentry"],"yoast_head":"<!-- This site is optimized with the Yoast SEO plugin v27.4 - https:\/\/yoast.com\/product\/yoast-seo-wordpress\/ -->\n<title>Justificaci\u00f3n del t\u00edtulo - M\u00e1ster Universitario en Direcci\u00f3n y Planificaci\u00f3n del Turismo<\/title>\n<meta name=\"robots\" content=\"index, follow, max-snippet:-1, max-image-preview:large, max-video-preview:-1\" \/>\n<link rel=\"canonical\" href=\"https:\/\/www.ull.es\/masteres\/direccion-planificacion-turismo\/en\/justificacion-del-titulo\/\" \/>\n<meta property=\"og:locale\" content=\"en_GB\" \/>\n<meta property=\"og:type\" content=\"article\" \/>\n<meta property=\"og:title\" content=\"Justificaci\u00f3n del t\u00edtulo - M\u00e1ster Universitario en Direcci\u00f3n y Planificaci\u00f3n del Turismo\" \/>\n<meta property=\"og:description\" content=\"[vc_row][vc_column][vc_column_text] Justificaci\u00f3n del t\u00edtulo En el Archipi\u00e9lago canario el turismo es una actividad de gran relevancia econ\u00f3mico-empresarial, geogr\u00e1fica y social. En la actualidad dicha actividad se encuentra en una fase de madurez tanto de destino como de producto. Es por ello que desde hace m\u00e1s de una d\u00e9cada se plantea en el \u00e1mbito acad\u00e9mico y...\" \/>\n<meta property=\"og:url\" content=\"https:\/\/www.ull.es\/masteres\/direccion-planificacion-turismo\/en\/justificacion-del-titulo\/\" \/>\n<meta property=\"og:site_name\" content=\"M\u00e1ster Universitario en Direcci\u00f3n y Planificaci\u00f3n del Turismo\" \/>\n<meta property=\"article:modified_time\" content=\"2018-02-16T10:37:54+00:00\" \/>\n<meta name=\"twitter:card\" content=\"summary_large_image\" \/>\n<meta name=\"twitter:label1\" content=\"Estimated reading time\" \/>\n\t<meta name=\"twitter:data1\" content=\"4 minutes\" \/>\n<script type=\"application\/ld+json\" class=\"yoast-schema-graph\">{\"@context\":\"https:\\\/\\\/schema.org\",\"@graph\":[{\"@type\":\"WebPage\",\"@id\":\"https:\\\/\\\/www.ull.es\\\/masteres\\\/direccion-planificacion-turismo\\\/fr\\\/justificacion-del-titulo\\\/\",\"url\":\"https:\\\/\\\/www.ull.es\\\/masteres\\\/direccion-planificacion-turismo\\\/fr\\\/justificacion-del-titulo\\\/\",\"name\":\"Justificaci\u00f3n del t\u00edtulo - M\u00e1ster Universitario en Direcci\u00f3n y Planificaci\u00f3n del Turismo\",\"isPartOf\":{\"@id\":\"https:\\\/\\\/www.ull.es\\\/masteres\\\/direccion-planificacion-turismo\\\/en\\\/#website\"},\"datePublished\":\"2017-06-28T12:58:21+00:00\",\"dateModified\":\"2018-02-16T10:37:54+00:00\",\"breadcrumb\":{\"@id\":\"https:\\\/\\\/www.ull.es\\\/masteres\\\/direccion-planificacion-turismo\\\/fr\\\/justificacion-del-titulo\\\/#breadcrumb\"},\"inLanguage\":\"en-GB\",\"potentialAction\":[{\"@type\":\"ReadAction\",\"target\":[\"https:\\\/\\\/www.ull.es\\\/masteres\\\/direccion-planificacion-turismo\\\/fr\\\/justificacion-del-titulo\\\/\"]}]},{\"@type\":\"BreadcrumbList\",\"@id\":\"https:\\\/\\\/www.ull.es\\\/masteres\\\/direccion-planificacion-turismo\\\/fr\\\/justificacion-del-titulo\\\/#breadcrumb\",\"itemListElement\":[{\"@type\":\"ListItem\",\"position\":1,\"name\":\"Portada\",\"item\":\"https:\\\/\\\/www.ull.es\\\/masteres\\\/direccion-planificacion-turismo\\\/\"},{\"@type\":\"ListItem\",\"position\":2,\"name\":\"Justificaci\u00f3n del t\u00edtulo\"}]},{\"@type\":\"WebSite\",\"@id\":\"https:\\\/\\\/www.ull.es\\\/masteres\\\/direccion-planificacion-turismo\\\/en\\\/#website\",\"url\":\"https:\\\/\\\/www.ull.es\\\/masteres\\\/direccion-planificacion-turismo\\\/en\\\/\",\"name\":\"M\u00e1ster Universitario en Direcci\u00f3n y Planificaci\u00f3n del Turismo\",\"description\":\"\",\"potentialAction\":[{\"@type\":\"SearchAction\",\"target\":{\"@type\":\"EntryPoint\",\"urlTemplate\":\"https:\\\/\\\/www.ull.es\\\/masteres\\\/direccion-planificacion-turismo\\\/en\\\/?s={search_term_string}\"},\"query-input\":{\"@type\":\"PropertyValueSpecification\",\"valueRequired\":true,\"valueName\":\"search_term_string\"}}],\"inLanguage\":\"en-GB\"}]}<\/script>\n<!-- \/ Yoast SEO plugin. -->","yoast_head_json":{"title":"Title Justification - Master&#039;s Degree in Tourism Management and Planning","robots":{"index":"index","follow":"follow","max-snippet":"max-snippet:-1","max-image-preview":"max-image-preview:large","max-video-preview":"max-video-preview:-1"},"canonical":"https:\/\/www.ull.es\/masteres\/direccion-planificacion-turismo\/en\/justificacion-del-titulo\/","og_locale":"en_GB","og_type":"article","og_title":"Justificaci\u00f3n del t\u00edtulo - M\u00e1ster Universitario en Direcci\u00f3n y Planificaci\u00f3n del Turismo","og_description":"[vc_row][vc_column][vc_column_text] Justificaci\u00f3n del t\u00edtulo En el Archipi\u00e9lago canario el turismo es una actividad de gran relevancia econ\u00f3mico-empresarial, geogr\u00e1fica y social. En la actualidad dicha actividad se encuentra en una fase de madurez tanto de destino como de producto. Es por ello que desde hace m\u00e1s de una d\u00e9cada se plantea en el \u00e1mbito acad\u00e9mico y...","og_url":"https:\/\/www.ull.es\/masteres\/direccion-planificacion-turismo\/en\/justificacion-del-titulo\/","og_site_name":"M\u00e1ster Universitario en Direcci\u00f3n y Planificaci\u00f3n del Turismo","article_modified_time":"2018-02-16T10:37:54+00:00","twitter_card":"summary_large_image","twitter_misc":{"Estimated reading time":"4 minutes"},"schema":{"@context":"https:\/\/schema.org","@graph":[{"@type":"WebPage","@id":"https:\/\/www.ull.es\/masteres\/direccion-planificacion-turismo\/fr\/justificacion-del-titulo\/","url":"https:\/\/www.ull.es\/masteres\/direccion-planificacion-turismo\/fr\/justificacion-del-titulo\/","name":"Title Justification - Master&#039;s Degree in Tourism Management and Planning","isPartOf":{"@id":"https:\/\/www.ull.es\/masteres\/direccion-planificacion-turismo\/en\/#website"},"datePublished":"2017-06-28T12:58:21+00:00","dateModified":"2018-02-16T10:37:54+00:00","breadcrumb":{"@id":"https:\/\/www.ull.es\/masteres\/direccion-planificacion-turismo\/fr\/justificacion-del-titulo\/#breadcrumb"},"inLanguage":"en-GB","potentialAction":[{"@type":"ReadAction","target":["https:\/\/www.ull.es\/masteres\/direccion-planificacion-turismo\/fr\/justificacion-del-titulo\/"]}]},{"@type":"BreadcrumbList","@id":"https:\/\/www.ull.es\/masteres\/direccion-planificacion-turismo\/fr\/justificacion-del-titulo\/#breadcrumb","itemListElement":[{"@type":"ListItem","position":1,"name":"Portada","item":"https:\/\/www.ull.es\/masteres\/direccion-planificacion-turismo\/"},{"@type":"ListItem","position":2,"name":"Justificaci\u00f3n del t\u00edtulo"}]},{"@type":"WebSite","@id":"https:\/\/www.ull.es\/masteres\/direccion-planificacion-turismo\/en\/#website","url":"https:\/\/www.ull.es\/masteres\/direccion-planificacion-turismo\/en\/","name":"Master&#039;s Degree in Tourism Management and Planning","description":"","potentialAction":[{"@type":"SearchAction","target":{"@type":"EntryPoint","urlTemplate":"https:\/\/www.ull.es\/masteres\/direccion-planificacion-turismo\/en\/?s={search_term_string}"},"query-input":{"@type":"PropertyValueSpecification","valueRequired":true,"valueName":"search_term_string"}}],"inLanguage":"en-GB"}]}},"_links":{"self":[{"href":"https:\/\/www.ull.es\/masteres\/direccion-planificacion-turismo\/en\/wp-json\/wp\/v2\/pages\/28","targetHints":{"allow":["GET"]}}],"collection":[{"href":"https:\/\/www.ull.es\/masteres\/direccion-planificacion-turismo\/en\/wp-json\/wp\/v2\/pages"}],"about":[{"href":"https:\/\/www.ull.es\/masteres\/direccion-planificacion-turismo\/en\/wp-json\/wp\/v2\/types\/page"}],"author":[{"embeddable":true,"href":"https:\/\/www.ull.es\/masteres\/direccion-planificacion-turismo\/en\/wp-json\/wp\/v2\/users\/1"}],"replies":[{"embeddable":true,"href":"https:\/\/www.ull.es\/masteres\/direccion-planificacion-turismo\/en\/wp-json\/wp\/v2\/comments?post=28"}],"version-history":[{"count":10,"href":"https:\/\/www.ull.es\/masteres\/direccion-planificacion-turismo\/en\/wp-json\/wp\/v2\/pages\/28\/revisions"}],"predecessor-version":[{"id":655,"href":"https:\/\/www.ull.es\/masteres\/direccion-planificacion-turismo\/en\/wp-json\/wp\/v2\/pages\/28\/revisions\/655"}],"wp:attachment":[{"href":"https:\/\/www.ull.es\/masteres\/direccion-planificacion-turismo\/en\/wp-json\/wp\/v2\/media?parent=28"}],"curies":[{"name":"wp","href":"https:\/\/api.w.org\/{rel}","templated":true}]}}