{"id":28,"date":"2017-06-28T12:58:21","date_gmt":"2017-06-28T12:58:21","guid":{"rendered":"http:\/\/www.ull.es\/masteres\/desarrollo-y-gestion-de-recursos-humanos\/?page_id=28"},"modified":"2017-10-13T08:20:29","modified_gmt":"2017-10-13T08:20:29","slug":"justificacion-del-titulo","status":"publish","type":"page","link":"https:\/\/www.ull.es\/masteres\/direccion-recursos-humanos\/fr\/justificacion-del-titulo\/","title":{"rendered":"Justification du titre"},"content":{"rendered":"<h1>Justification du titre<\/h1>\n<p>Les personnes constituent l\u2019un des principaux atouts de toute organisation, ce qui rend de plus en plus n\u00e9cessaire la professionnalisation des responsables des ressources humaines. Il y a quelques d\u00e9cennies, la gestion des ressources humaines se limitait \u00e0 l&#039;administration du personnel (gestion de la paie et des avantages sociaux, contrats et r\u00e9glementation du travail). Leur contribution \u00e0 la r\u00e9alisation des objectifs strat\u00e9giques des organisations n&#039;est pas contestable ; Cela n\u2019existait tout simplement pas. Il est aujourd\u2019hui indispensable de disposer de personnel qualifi\u00e9. Comme le montre une \u00e9tude r\u00e9alis\u00e9e par la Communaut\u00e9 de Madrid en 2007, la mati\u00e8re de troisi\u00e8me cycle la plus demand\u00e9e par les entreprises est celle des ressources humaines (pour plus de 44 % d&#039;entreprises) ; bien devant d&#039;autres comme les MBA (7.5%).<\/p>\n<p>Bien que les \u00e9tudiants cibles soient diff\u00e9rents, une indication suppl\u00e9mentaire de l&#039;int\u00e9r\u00eat du dipl\u00f4me propos\u00e9 est offerte par l&#039;exp\u00e9rience confirm\u00e9e d&#039;enseignement de ce Master par une multitude d&#039;universit\u00e9s et d&#039;autres institutions depuis plus d&#039;une d\u00e9cennie avec une offre vari\u00e9e de places qui ann\u00e9e apr\u00e8s ann\u00e9e. Ils sont r\u00e9clam\u00e9s.<\/p>\n<p>Les professionnels dipl\u00f4m\u00e9s de ces dipl\u00f4mes disposent de bonnes offres d&#039;emploi et re\u00e7oivent un grand nombre de candidatures, non seulement en Espagne, mais aussi en Am\u00e9rique latine et en Europe, avec diff\u00e9rents dipl\u00f4mes et profils professionnels.<\/p>\n<p>Les recherches les plus avanc\u00e9es en gestion des ressources humaines ont d\u00e9montr\u00e9 empiriquement que gr\u00e2ce \u00e0 une gestion efficace, la gestion strat\u00e9gique des ressources humaines devient un avantage comp\u00e9titif, ce qui a eu un effet imm\u00e9diat sur l&#039;int\u00e9r\u00eat suscit\u00e9 pour le d\u00e9veloppement d&#039;une recherche de qualit\u00e9 sur le r\u00f4le des ressources humaines dans le domaine. de gestion d&#039;entreprise. Ci-dessous se trouvent deux indicateurs essentiels de l\u2019\u00e9volution qu\u2019a connue l\u2019\u00e9tude acad\u00e9mique et rigoureuse des ressources humaines : le nombre de chercheurs dans le domaine et la qualit\u00e9 de leur production acad\u00e9mique.<\/p>\n<p>Premi\u00e8rement, pour conna\u00eetre le nombre de chercheurs qui font officiellement partie de ce domaine, il faut prendre comme r\u00e9f\u00e9rence les donn\u00e9es publi\u00e9es par l&#039;Academy of Management, qui est la plus importante association internationale de chercheurs en administration des affaires et en gestion.<\/p>\n<p>Selon cela, la section des chercheurs incluse dans le domaine de la gestion des ressources humaines est compos\u00e9e de 3 565 chercheurs et occupe la quatri\u00e8me place du classement en nombre de chercheurs associ\u00e9s3. Les publications constituent un deuxi\u00e8me indicateur de la pertinence acad\u00e9mique d\u2019un domaine. La production acad\u00e9mique sur les ressources humaines est l\u2019une des plus fructueuses dans le domaine de l\u2019organisation. Diverses publications traitant des ressources humaines sont incluses dans le prestigieux Journal of Citations Report (JCR). \u00c0 c\u00f4t\u00e9 des revues g\u00e9n\u00e9ralistes qui publient des articles non seulement sur la gestion des ressources humaines, comme l&#039;Academy of Management Journal, l&#039;Academy of Management Review, l&#039;Administrative Science Quarterly, le Journal of International Business Review, l&#039;Organisation Science ou le Journal of Management, il existe un nombre important de publications sp\u00e9cifiques aux ressources humaines. D&#039;autre part, le moteur de recherche Google Scholar renvoie le nombre suivant de citations d&#039;articles, de documents de travail et de pr\u00e9sentations acad\u00e9miques pour les termes les plus courants tels que \u00ab Ressources humaines \u00bb (1 130 000 citations), \u00ab Gestion des ressources humaines \u00bb (292 000 citations) et \u00ab Ressources humaines \u00bb (281 000 citations).<\/p>\n<p>En bref, l&#039;objectif fondamental du Master en gestion des ressources humaines est de former de nouvelles g\u00e9n\u00e9rations d&#039;analystes et de professionnels \u00e0 travers une sp\u00e9cialisation technique et de gestion dans les domaines li\u00e9s \u00e0 la gestion du capital humain dans ses multiples facettes, \u00e0 savoir : (1) la gestion des personnes dans les organisations publiques et priv\u00e9es; (2) la conception, la mise en \u0153uvre et l&#039;\u00e9valuation de pratiques de gestion des personnes\u00a0; (3) l&#039;analyse des politiques de gestion du capital humain ; (4) la formulation et la mise en \u0153uvre d&#039;initiatives de gestion des relations industrielles ou des relations de travail.<\/p>\n<p>Bon nombre des universit\u00e9s les plus importantes au monde proposent des dipl\u00f4mes de troisi\u00e8me cycle sp\u00e9cifiques (ma\u00eetrise ou doctorat) en ressources humaines. Bien qu&#039;il n&#039;existe pas de classement sp\u00e9cifique des \u00e9tudes dispens\u00e9es sur les ressources humaines, parmi les programmes de master (ou autres \u00e9tudes analogues) en gestion strat\u00e9gique des ressources humaines qui peuvent \u00eatre cit\u00e9s comme \u00e9quivalents internationaux en raison de la qualit\u00e9 av\u00e9r\u00e9e des universit\u00e9s qui les enseignent, ils se d\u00e9marquent sur les suivants. Tous ont \u00e9t\u00e9 pris comme r\u00e9f\u00e9rence lors de la comparaison de cette proposition.<\/p>\n<p>Aux \u00c9tats-Unis, la Society for Human Resource Management \u00e0 elle seule a officiellement certifi\u00e9 plus de 40 ma\u00eetrises \u00e8s sciences en ressources humaines (voir tableau 5). Parmi les programmes les plus prestigieux, il convient de souligner le Master of Science in Strategic Human Resource Management, enseign\u00e9 par l&#039;Universit\u00e9 Rutgers, consid\u00e9r\u00e9e comme la plus r\u00e9put\u00e9e aux \u00c9tats-Unis ; celui propos\u00e9 par l&#039;Universit\u00e9 Cornell, l&#039;ILR&#039;s Human Resource Management, qui propose des \u00e9tudes de troisi\u00e8me cycle essentiellement ax\u00e9es sur la gestion strat\u00e9gique des ressources humaines et, enfin, le Master en ressources humaines et relations industrielles, enseign\u00e9 par l&#039;Universit\u00e9 de l&#039;Illinois \u00e0 Urbana-Champaign.<\/p>\n<p>Au niveau europ\u00e9en, il existe une grande vari\u00e9t\u00e9 de masters en gestion des ressources humaines mettant l&#039;accent sur les aspects strat\u00e9giques de la gestion des personnes. Parmi eux, il convient de souligner pour leur sp\u00e9cialisation en gestion strat\u00e9gique des ressources humaines, les programmes propos\u00e9s par la London School of Economics, la Cranfield University, la London South Bank University et le King&#039;s College au Royaume-Uni, ou encore ceux propos\u00e9s par l&#039;Universit\u00e9 de Tilburg. et l&#039;Universit\u00e9 Bocconi de Milan.<\/p>\n<p>Enfin, il convient de noter que dans le contexte national, il existe une vari\u00e9t\u00e9 d&#039;\u00e9tudes sup\u00e9rieures (ma\u00eetrise et doctorat) sur la gestion des ressources humaines. Parce qu&#039;il s&#039;agit d&#039;un secteur \u00e0 fort potentiel, il existe une offre \u00e9ducative vari\u00e9e \u00e0 cet \u00e9gard ; Cependant, ils n\u2019ont pas tous la pertinence et le prestige acad\u00e9mique n\u00e9cessaires. Plus pr\u00e9cis\u00e9ment, on se concentre moins sur la gestion et l&#039;orientation strat\u00e9gique des ressources humaines. Au contraire, un nombre consid\u00e9rable de programmes officiels enseign\u00e9s en Espagne sont promus exclusivement par les d\u00e9partements de psychologie et accordent donc moins d&#039;importance aux aspects de gestion et de direction, contrairement \u00e0 celui propos\u00e9 ici qui, comme indiqu\u00e9 plus haut, est construit en parall\u00e8le avec un autre du profil susmentionn\u00e9.<\/p>\n<p>Le Master en Ressources Humaines vise \u00e0 former d&#039;excellents professionnels capables de relever avec succ\u00e8s les d\u00e9fis que repr\u00e9sente aujourd&#039;hui la gestion des personnes gr\u00e2ce au d\u00e9veloppement des comp\u00e9tences et des aptitudes n\u00e9cessaires pour assumer les fonctions et responsabilit\u00e9s requises par les organisations complexes actuelles.<\/p>\n<p>Avec cet objectif, le Master am\u00e9liore la capacit\u00e9 \u00e0 planifier et \u00e0 d\u00e9velopper des strat\u00e9gies efficaces de gestion des ressources humaines conform\u00e9ment aux objectifs g\u00e9n\u00e9raux de l&#039;organisation qui peuvent anticiper les mouvements futurs.<\/p>\n<p>Le Master en gestion des ressources humaines doit \u00eatre con\u00e7u pour atteindre les objectifs suivants\u00a0:<\/p>\n<ul>\n<li>Diriger avec succ\u00e8s une \u00e9quipe de personnes.<\/li>\n<li>Conna\u00eetre et ma\u00eetriser les techniques les plus appropri\u00e9es dans ce domaine de la gestion, afin d&#039;am\u00e9liorer la capacit\u00e9 de gestion et de prise de d\u00e9cision.<\/li>\n<li>Fournir les capacit\u00e9s et comp\u00e9tences n\u00e9cessaires, ainsi que la m\u00e9thodologie pour les appliquer dans la gestion des personnes dans l&#039;organisation.<\/li>\n<li>D\u00e9velopper les fonctions et proc\u00e9dures de planification, d&#039;organisation, d&#039;ex\u00e9cution et de contr\u00f4le des ressources humaines dans l&#039;entreprise.<\/li>\n<li>D\u00e9velopper les bases strat\u00e9giques, en ad\u00e9quation avec les objectifs de l&#039;entreprise, qui permettent de planifier et d&#039;anticiper les mouvements futurs dans le domaine des ressources humaines.<\/li>\n<\/ul>\n<p>Le Master cherche \u00e0 am\u00e9liorer la comp\u00e9titivit\u00e9 de ses \u00e9tudiants potentiels \u00e0 travers le contenu n\u00e9cessaire \u00e0 une formation compl\u00e8te dans le domaine des ressources humaines. Une personne sp\u00e9cialis\u00e9e dans ce domaine doit avoir des connaissances et ma\u00eetriser la terminologie des principaux d\u00e9partements avec lesquels, conjointement, le travail de gestion de l&#039;organisation sera effectu\u00e9. Le programme de Master approfondit le domaine des ressources humaines \u00e0 partir du langage \u00e9conomique-financier, juridique, marketing, innovation, etc.<\/p>","protected":false},"excerpt":{"rendered":"<p>Titre Justification Les personnes sont l\u2019un des principaux atouts de toute organisation, ce qui rend la professionnalisation des responsables des ressources humaines de plus en plus n\u00e9cessaire. Il y a quelques d\u00e9cennies, la gestion des ressources humaines se limitait \u00e0 l\u2019administration du personnel (gestion des salaires et des avantages sociaux, contrats et r\u00e9glementation du travail). Son\u2026<\/p>","protected":false},"author":1,"featured_media":0,"parent":0,"menu_order":0,"comment_status":"closed","ping_status":"closed","template":"","meta":{"footnotes":""},"class_list":["post-28","page","type-page","status-publish","hentry"],"yoast_head":"<!-- This site is optimized with the Yoast SEO plugin v27.4 - https:\/\/yoast.com\/product\/yoast-seo-wordpress\/ -->\n<title>Justificaci\u00f3n del t\u00edtulo - Direcci\u00f3n de Recursos Humanos<\/title>\n<meta name=\"robots\" content=\"index, follow, max-snippet:-1, max-image-preview:large, max-video-preview:-1\" \/>\n<link rel=\"canonical\" href=\"https:\/\/www.ull.es\/masteres\/direccion-recursos-humanos\/fr\/justificacion-del-titulo\/\" \/>\n<meta property=\"og:locale\" content=\"fr_FR\" \/>\n<meta property=\"og:type\" content=\"article\" \/>\n<meta property=\"og:title\" content=\"Justificaci\u00f3n del t\u00edtulo - Direcci\u00f3n de Recursos Humanos\" \/>\n<meta property=\"og:description\" content=\"Justificaci\u00f3n del t\u00edtulo Las personas constituyen uno de los principales activos de cualquier organizaci\u00f3n, lo que hace cada vez m\u00e1s necesaria la profesionalizaci\u00f3n de los responsables de los recursos humanos. Hace unas d\u00e9cadas la direcci\u00f3n de recursos humanos se ce\u00f1\u00eda a la administraci\u00f3n de personal (gesti\u00f3n de n\u00f3minas y beneficios, contratos y regulaciones laborales). Su...\" \/>\n<meta property=\"og:url\" content=\"https:\/\/www.ull.es\/masteres\/direccion-recursos-humanos\/fr\/justificacion-del-titulo\/\" \/>\n<meta property=\"og:site_name\" content=\"Direcci\u00f3n de Recursos Humanos\" \/>\n<meta property=\"article:modified_time\" content=\"2017-10-13T08:20:29+00:00\" \/>\n<meta name=\"twitter:card\" content=\"summary_large_image\" \/>\n<meta name=\"twitter:label1\" content=\"Dur\u00e9e de lecture estim\u00e9e\" \/>\n\t<meta name=\"twitter:data1\" content=\"7 minutes\" \/>\n<script type=\"application\/ld+json\" class=\"yoast-schema-graph\">{\"@context\":\"https:\\\/\\\/schema.org\",\"@graph\":[{\"@type\":\"WebPage\",\"@id\":\"https:\\\/\\\/www.ull.es\\\/masteres\\\/direccion-recursos-humanos\\\/justificacion-del-titulo\\\/\",\"url\":\"https:\\\/\\\/www.ull.es\\\/masteres\\\/direccion-recursos-humanos\\\/justificacion-del-titulo\\\/\",\"name\":\"Justificaci\u00f3n del t\u00edtulo - Direcci\u00f3n de Recursos Humanos\",\"isPartOf\":{\"@id\":\"https:\\\/\\\/www.ull.es\\\/masteres\\\/direccion-recursos-humanos\\\/#website\"},\"datePublished\":\"2017-06-28T12:58:21+00:00\",\"dateModified\":\"2017-10-13T08:20:29+00:00\",\"breadcrumb\":{\"@id\":\"https:\\\/\\\/www.ull.es\\\/masteres\\\/direccion-recursos-humanos\\\/justificacion-del-titulo\\\/#breadcrumb\"},\"inLanguage\":\"fr-FR\",\"potentialAction\":[{\"@type\":\"ReadAction\",\"target\":[\"https:\\\/\\\/www.ull.es\\\/masteres\\\/direccion-recursos-humanos\\\/justificacion-del-titulo\\\/\"]}]},{\"@type\":\"BreadcrumbList\",\"@id\":\"https:\\\/\\\/www.ull.es\\\/masteres\\\/direccion-recursos-humanos\\\/justificacion-del-titulo\\\/#breadcrumb\",\"itemListElement\":[{\"@type\":\"ListItem\",\"position\":1,\"name\":\"Portada\",\"item\":\"https:\\\/\\\/www.ull.es\\\/masteres\\\/direccion-recursos-humanos\\\/\"},{\"@type\":\"ListItem\",\"position\":2,\"name\":\"Justificaci\u00f3n del t\u00edtulo\"}]},{\"@type\":\"WebSite\",\"@id\":\"https:\\\/\\\/www.ull.es\\\/masteres\\\/direccion-recursos-humanos\\\/#website\",\"url\":\"https:\\\/\\\/www.ull.es\\\/masteres\\\/direccion-recursos-humanos\\\/\",\"name\":\"Direcci\u00f3n de Recursos Humanos\",\"description\":\"\",\"potentialAction\":[{\"@type\":\"SearchAction\",\"target\":{\"@type\":\"EntryPoint\",\"urlTemplate\":\"https:\\\/\\\/www.ull.es\\\/masteres\\\/direccion-recursos-humanos\\\/?s={search_term_string}\"},\"query-input\":{\"@type\":\"PropertyValueSpecification\",\"valueRequired\":true,\"valueName\":\"search_term_string\"}}],\"inLanguage\":\"fr-FR\"}]}<\/script>\n<!-- \/ Yoast SEO plugin. -->","yoast_head_json":{"title":"Justification du titre - D\u00e9partement des ressources humaines","robots":{"index":"index","follow":"follow","max-snippet":"max-snippet:-1","max-image-preview":"max-image-preview:large","max-video-preview":"max-video-preview:-1"},"canonical":"https:\/\/www.ull.es\/masteres\/direccion-recursos-humanos\/fr\/justificacion-del-titulo\/","og_locale":"fr_FR","og_type":"article","og_title":"Justificaci\u00f3n del t\u00edtulo - Direcci\u00f3n de Recursos Humanos","og_description":"Justificaci\u00f3n del t\u00edtulo Las personas constituyen uno de los principales activos de cualquier organizaci\u00f3n, lo que hace cada vez m\u00e1s necesaria la profesionalizaci\u00f3n de los responsables de los recursos humanos. Hace unas d\u00e9cadas la direcci\u00f3n de recursos humanos se ce\u00f1\u00eda a la administraci\u00f3n de personal (gesti\u00f3n de n\u00f3minas y beneficios, contratos y regulaciones laborales). Su...","og_url":"https:\/\/www.ull.es\/masteres\/direccion-recursos-humanos\/fr\/justificacion-del-titulo\/","og_site_name":"Direcci\u00f3n de Recursos Humanos","article_modified_time":"2017-10-13T08:20:29+00:00","twitter_card":"summary_large_image","twitter_misc":{"Dur\u00e9e de lecture estim\u00e9e":"7 minutes"},"schema":{"@context":"https:\/\/schema.org","@graph":[{"@type":"WebPage","@id":"https:\/\/www.ull.es\/masteres\/direccion-recursos-humanos\/justificacion-del-titulo\/","url":"https:\/\/www.ull.es\/masteres\/direccion-recursos-humanos\/justificacion-del-titulo\/","name":"Justification du titre - D\u00e9partement des ressources humaines","isPartOf":{"@id":"https:\/\/www.ull.es\/masteres\/direccion-recursos-humanos\/#website"},"datePublished":"2017-06-28T12:58:21+00:00","dateModified":"2017-10-13T08:20:29+00:00","breadcrumb":{"@id":"https:\/\/www.ull.es\/masteres\/direccion-recursos-humanos\/justificacion-del-titulo\/#breadcrumb"},"inLanguage":"fr-FR","potentialAction":[{"@type":"ReadAction","target":["https:\/\/www.ull.es\/masteres\/direccion-recursos-humanos\/justificacion-del-titulo\/"]}]},{"@type":"BreadcrumbList","@id":"https:\/\/www.ull.es\/masteres\/direccion-recursos-humanos\/justificacion-del-titulo\/#breadcrumb","itemListElement":[{"@type":"ListItem","position":1,"name":"Portada","item":"https:\/\/www.ull.es\/masteres\/direccion-recursos-humanos\/"},{"@type":"ListItem","position":2,"name":"Justificaci\u00f3n del t\u00edtulo"}]},{"@type":"WebSite","@id":"https:\/\/www.ull.es\/masteres\/direccion-recursos-humanos\/#website","url":"https:\/\/www.ull.es\/masteres\/direccion-recursos-humanos\/","name":"D\u00e9partement des ressources humaines","description":"","potentialAction":[{"@type":"SearchAction","target":{"@type":"EntryPoint","urlTemplate":"https:\/\/www.ull.es\/masteres\/direccion-recursos-humanos\/?s={search_term_string}"},"query-input":{"@type":"PropertyValueSpecification","valueRequired":true,"valueName":"search_term_string"}}],"inLanguage":"fr-FR"}]}},"_links":{"self":[{"href":"https:\/\/www.ull.es\/masteres\/direccion-recursos-humanos\/fr\/wp-json\/wp\/v2\/pages\/28","targetHints":{"allow":["GET"]}}],"collection":[{"href":"https:\/\/www.ull.es\/masteres\/direccion-recursos-humanos\/fr\/wp-json\/wp\/v2\/pages"}],"about":[{"href":"https:\/\/www.ull.es\/masteres\/direccion-recursos-humanos\/fr\/wp-json\/wp\/v2\/types\/page"}],"author":[{"embeddable":true,"href":"https:\/\/www.ull.es\/masteres\/direccion-recursos-humanos\/fr\/wp-json\/wp\/v2\/users\/1"}],"replies":[{"embeddable":true,"href":"https:\/\/www.ull.es\/masteres\/direccion-recursos-humanos\/fr\/wp-json\/wp\/v2\/comments?post=28"}],"version-history":[{"count":2,"href":"https:\/\/www.ull.es\/masteres\/direccion-recursos-humanos\/fr\/wp-json\/wp\/v2\/pages\/28\/revisions"}],"predecessor-version":[{"id":404,"href":"https:\/\/www.ull.es\/masteres\/direccion-recursos-humanos\/fr\/wp-json\/wp\/v2\/pages\/28\/revisions\/404"}],"wp:attachment":[{"href":"https:\/\/www.ull.es\/masteres\/direccion-recursos-humanos\/fr\/wp-json\/wp\/v2\/media?parent=28"}],"curies":[{"name":"wp","href":"https:\/\/api.w.org\/{rel}","templated":true}]}}