{"id":3134,"date":"2024-03-05T12:49:27","date_gmt":"2024-03-05T12:49:27","guid":{"rendered":"https:\/\/www.ull.es\/masteres\/?page_id=3134"},"modified":"2026-03-25T15:15:59","modified_gmt":"2026-03-25T15:15:59","slug":"trabajo-de-fin-de-master","status":"publish","type":"page","link":"https:\/\/www.ull.es\/masteres\/en\/trabajo-de-fin-de-master\/","title":{"rendered":"Master&#039;s Thesis"},"content":{"rendered":"\n<div class=\"wp-block-stackable-columns alignfull stk-block-columns stk-block stk-2314a6b\" data-block-id=\"2314a6b\"><style>.stk-2314a6b {padding-bottom:0px !important;margin-bottom:0px !important;}@media screen and (max-width: 767px){.stk-2314a6b {padding-top:0px !important;padding-right:0px !important;padding-bottom:0px !important;padding-left:0px !important;margin-top:-15px !important;margin-left:-8px !important;}}<\/style><div class=\"stk-row stk-inner-blocks stk-block-content stk-content-align stk-2314a6b-column alignfull\">\n<div class=\"wp-block-stackable-column stk-block-column stk-column stk-block stk-1d1764d\" data-v=\"4\" data-block-id=\"1d1764d\"><div class=\"stk-column-wrapper stk-block-column__content stk-container stk-1d1764d-container stk--no-background stk--no-padding\"><div class=\"stk-block-content stk-inner-blocks stk-1d1764d-inner-blocks\"><style id=\"depicter-43-inline-pre-css\">\n\n.depicter-43:not(.depicter-ready){\n\theight:500px;\n}\n\n\/***** Tablet *****\/\n@media screen and (max-width: 1024px){\n\n.depicter-43:not(.depicter-ready){\n\theight:700px;\n}\n\n}\n\/***** Mobile *****\/\n@media screen and (max-width: 767px){\n\n.depicter-43:not(.depicter-ready){\n\theight:360px;\n}\n\n}\n<\/style>\n<div id=\"depicter-43\" class=\"depicter depicter-document depicter-revert depicter-43 depicter-layout-fullwidth\">\n\n<div class=\"depicter-loading-container depicter-loading dotFlashing-dark\"><div class=\"depicter-loading-dark depicter-dot-flashing\">\n   <span><\/span>\n   <span><\/span>\n   <span><\/span>\n<\/div>\n<\/div>\n<div id=\"depicter-43-section-1\" class=\"depicter-section depicter-43-section-1\" data-name=\"Section 1\" data-type=\"section\" data-local-id=\"section-1\">\n<picture class=\"depicter-bg\">\n<source data-depicter-srcset=\"https:\/\/www.ull.es\/masteres\/wp-content\/uploads\/2026\/03\/mobile-1-768x845.jpg, https:\/\/www.ull.es\/masteres\/wp-content\/uploads\/2026\/03\/mobile-1.jpg 2x\" srcset=\"data:image\/gif;base64,R0lGODlhAQABAIAAAAAAAP\/\/\/yH5BAEAAAAALAAAAAABAAEAAAIBRAA7\" media=\"(max-width: 767px)\" \/>\n\n<source data-depicter-srcset=\"https:\/\/www.ull.es\/masteres\/wp-content\/uploads\/2026\/03\/mobile-1.jpg, https:\/\/www.ull.es\/masteres\/wp-content\/uploads\/2026\/03\/mobile-1-1000x1100.jpg 2x\" srcset=\"data:image\/gif;base64,R0lGODlhAQABAIAAAAAAAP\/\/\/yH5BAEAAAAALAAAAAABAAEAAAIBRAA7\" media=\"(max-width: 1024px)\" \/>\n\n<source data-depicter-srcset=\"https:\/\/www.ull.es\/masteres\/wp-content\/uploads\/2026\/03\/web-2.jpg, https:\/\/www.ull.es\/masteres\/wp-content\/uploads\/2026\/03\/web-2-1280x400.jpg 2x\" srcset=\"data:image\/gif;base64,R0lGODlhAQABAIAAAAAAAP\/\/\/yH5BAEAAAAALAAAAAABAAEAAAIBRAA7\" media=\"(min-width: 1025px)\" \/>\n<img decoding=\"async\" src=\"data:image\/gif;base64,R0lGODlhAQABAIAAAAAAAP\/\/\/yH5BAEAAAAALAAAAAABAAEAAAIBRAA7\" data-ken-burns=\"{'scale':1,'duration':'5000','focalPoint':{'x':0.5,'y':0.38000000000000000444089209850062616169452667236328125},'easing':'linear'}\" data-tablet-ken-burns=\"{'scale':0.75,'duration':0,'focalPoint':{'x':0.5,'y':0.38000000000000000444089209850062616169452667236328125},'easing':'linear'}\" data-mobile-ken-burns=\"{'scale':1,'duration':0,'focalPoint':{'x':0.5,'y':0.38000000000000000444089209850062616169452667236328125},'easing':'linear'}\" alt=\"\" data-depicter-src=\"https:\/\/www.ull.es\/masteres\/wp-content\/uploads\/2026\/03\/web-2.jpg\" data-object-fit=\"cover,custom,custom\" data-object-position=\",,center center\" data-crop=\"{'focalPoint':{'x':0.5,'y':0.5},'mediaSize':{'width':1280,'height':400}}\" data-tablet-crop=\"{'focalPoint':{'x':0.5,'y':0.5},'mediaSize':{'width':1024,'height':1126.40000000000009094947017729282379150390625}}\" data-mobile-crop=\"{'focalPoint':{'x':0.5,'y':0.38000000000000000444089209850062616169452667236328125},'mediaSize':{'width':767,'height':843}}\" \/>\n<\/picture>\n\n\n<picture id=\"depicter-43-element-13\" class=\"depicter-element depicter-layer depicter-43-element-13\" data-type=\"image\" data-wrap=\"true\" data-name=\"Image 9\" data-local-id=\"element-13\" data-offset=\"x:-249px;y:-373px;origin:tl\" data-mobile-offset=\"x:-32px;y:-52px;origin:tl\" data-width=\"262px,,423px\" data-height=\"288px,,464px\" data-responsive-scale=\"true,,\" data-crop=\"false\">\n<source data-depicter-srcset=\"https:\/\/www.ull.es\/masteres\/wp-content\/uploads\/2026\/03\/mobile-1-423x464.jpg, https:\/\/www.ull.es\/masteres\/wp-content\/uploads\/2026\/03\/mobile-1-846x928.jpg 2x\" srcset=\"data:image\/gif;base64,R0lGODlhAQABAIAAAAAAAP\/\/\/yH5BAEAAAAALAAAAAABAAEAAAIBRAA7\" media=\"(max-width: 767px)\" \/>\n\n<source data-depicter-srcset=\"https:\/\/www.ull.es\/masteres\/wp-content\/uploads\/2026\/03\/mobile-1-262x288.jpg, https:\/\/www.ull.es\/masteres\/wp-content\/uploads\/2026\/03\/mobile-1-524x576.jpg 2x\" srcset=\"data:image\/gif;base64,R0lGODlhAQABAIAAAAAAAP\/\/\/yH5BAEAAAAALAAAAAABAAEAAAIBRAA7\" media=\"(min-width: 768px)\" \/>\n<img decoding=\"async\" src=\"data:image\/gif;base64,R0lGODlhAQABAIAAAAAAAP\/\/\/yH5BAEAAAAALAAAAAABAAEAAAIBRAA7\" data-depicter-src=\"https:\/\/www.ull.es\/masteres\/wp-content\/uploads\/2026\/03\/mobile-1-262x288.jpg\" alt=\"\" \/>\n<\/picture>\n<h2 id=\"depicter-43-element-15\" class=\"depicter-element depicter-layer depicter-43-element-15\" data-type=\"text\" data-wrap=\"true\" data-name=\"Text 3\" data-local-id=\"element-15\" data-offset=\"x:390px;y:202px;origin:tl\" data-tablet-offset=\"x:59px;y:308px;origin:tl\" data-mobile-offset=\"x:0px;y:173px;origin:tl\" data-width=\"421px,906px,360px\" data-height=\"auto,auto,auto\" data-responsive-scale=\"true,,\">M\u00e1steres <br><\/h2>\n\n<div id=\"depicter-43-element-16\" class=\"depicter-element depicter-layer depicter-43-element-16\" data-type=\"shape\" data-wrap=\"true\" data-name=\"Shape 1\" data-local-id=\"element-16\" data-offset=\"x:390px;y:294px;origin:tl\" data-tablet-offset=\"x:364px;y:398px;origin:tl\" data-mobile-offset=\"x:96px;y:209px;origin:tl\" data-width=\"349px,297px,172px\" data-height=\"8px,8px,8px\" data-responsive-scale=\"true,,\"><\/div>\n<\/div>\n<\/div>\n<script>\n(window.depicterSetups = window.depicterSetups || []).push(function(){\n\tDepicter.basePath = 'https:\/\/www.ull.es\/masteres\/wp-content\/plugins\/depicter\/resources\/scripts\/player\/';\n\tconst dpPlayer = Depicter.setup('.depicter-43',\n\t\t{\"width\":[\"1200\",\"1024\",\"360\"],\"height\":[\"500\",\"700\",\"360\"],\"view\":\"basic\",\"keepAspectRatio\":true,\"preload\":0,\"layout\":\"fullwidth\",\"rtl\":false,\"initAfterAppear\":false,\"ajaxApiUrl\":\"https:\\\/\\\/www.ull.es\\\/masteres\\\/wp-admin\\\/admin-ajax.php\",\"mouseSwipe\":true,\"touchSwipe\":true,\"useWatermark\":false}\n\t);\n});\n<\/script><\/div><\/div><\/div>\n<\/div><\/div>\n\n\n\n<div class=\"wp-block-stackable-heading alignfull stk-block-heading stk--hide-mobile stk-block-heading--v2 stk-block stk-67e3263 stk-block-background\" id=\"oferta-de-masteres-y-posgrados-universitarios-curso-2026-2027\" data-block-id=\"67e3263\"><style>.stk-67e3263 {background-color:#fa6199 !important;padding-top:35px !important;padding-bottom:35px !important;margin-top:-50px !important;margin-bottom:41px !important;}.stk-67e3263:before{background-color:#fa6199 !important;}.stk-67e3263 .stk-block-heading__text{font-size:20px !important;color:#ffffff !important;font-weight:500 !important;font-family:\"ArgentumSans\", Sans-serif !important;}@media screen and (max-width: 1023px){.stk-67e3263 .stk-block-heading__text{font-size:20px !important;}}<\/style><h2 class=\"stk-block-heading__text has-text-color has-text-align-center\">OFERTA DE M\u00c1STERES Y POSGRADOS UNIVERSITARIOS CURSO 2026-2027<\/h2><\/div>\n\n\n\n<div class=\"wp-block-stackable-columns alignwide stk-block-columns stk-block stk-6d3c23a\" data-block-id=\"6d3c23a\"><style>.stk-6d3c23a {padding-right:5% !important;padding-left:5% !important;}@media screen and (max-width: 767px){.stk-6d3c23a {padding-right:0px !important;padding-left:0px !important;margin-top:35px !important;}}<\/style><div class=\"stk-row stk-inner-blocks stk-block-content stk-content-align stk-6d3c23a-column alignwide\">\n<div class=\"wp-block-stackable-column stk-block-column stk-column stk-block stk-c85aebf\" data-v=\"4\" data-block-id=\"c85aebf\"><style>@media screen and (min-width: 768px){.stk-c85aebf {flex:var(--stk-flex-grow, 1) 1 66.7% !important;}}<\/style><div class=\"stk-column-wrapper stk-block-column__content stk-container stk-c85aebf-container stk--no-background stk--no-padding\"><div class=\"stk-block-content stk-inner-blocks stk-c85aebf-inner-blocks\">\n<div class=\"wp-block-stackable-heading stk-block-heading stk-block-heading--v2 stk-block stk-37ecbc0\" id=\"trabajo-de-fin-de-master\" data-block-id=\"37ecbc0\"><style>.stk-37ecbc0 {margin-bottom:40px !important;}.stk-37ecbc0 .stk-block-heading__text{color:#000000 !important;font-weight:700 !important;}<\/style><h1 class=\"stk-block-heading__text has-text-color has-text-align-center-mobile\">Trabajo de Fin de M\u00e1ster<\/h1><\/div>\n\n\n\n<ul class=\"wp-block-list\">\n<li><a href=\"https:\/\/sede.ull.es\/ecivilis-site\/catalog\/showProcedure\/257\" target=\"_blank\" rel=\"noreferrer noopener\" target=\"_blank\" rel=\"noopener\">Presentaci\u00f3n del Trabajo Fin de M\u00e1ster<\/a><\/li>\n\n\n\n<li><a href=\"https:\/\/sede.ull.es\/ecivilis-site\/bulletinBoard\/showBulletin\/60321:1\" target=\"_blank\" rel=\"noopener\">Calendario de presentaci\u00f3n y defensa de TFM 2025\/2026<\/a><\/li>\n\n\n\n<li><a href=\"https:\/\/drive.google.com\/file\/d\/1YmQXhToVNBh6hLHGJyxYA0y0CkrjSrMQ\/view?usp=drive_link\" target=\"_blank\" rel=\"noopener\">Reglamento de la asignatura de Trabajo de Fin de M\u00e1ster<\/a><\/li>\n\n\n\n<li><a href=\"https:\/\/sede.ull.es\/ecivilis-site\/bulletinBoard\/showBulletin\/60321:1\" target=\"_blank\" rel=\"noopener\">Instrucci\u00f3n del Director de la Escuela de Doctorado y Estudios de Posgrado para la presentaci\u00f3n de las memorias de trabajo fin de m\u00e1ster por parte del alumnado matriculado en los m\u00e1steres universitarios oficiales de la ULL  curso 2025\/2026<\/a><\/li>\n<\/ul>\n<\/div><\/div><\/div>\n\n\n\n<div class=\"wp-block-stackable-column stk-block-column stk-column stk-block stk-901a5ad\" data-v=\"4\" data-block-id=\"901a5ad\"><style>.stk-901a5ad {margin-top:var(--stk--preset--spacing--none, 0px) !important;}@media screen and (min-width: 768px){.stk-901a5ad {flex:var(--stk-flex-grow, 1) 1 33.3% !important;}}<\/style><div class=\"stk-column-wrapper stk-block-column__content stk-container stk-901a5ad-container stk--no-background stk--no-padding\"><div class=\"stk-block-content stk-inner-blocks stk-901a5ad-inner-blocks\">\n<div style=\"border:2px solid black;padding:0px 30px 30px 25px;width:80%\"><h4><span style=\"color: #FA6199;font-size: 16px\"><strong>INFORMACI\u00d3N DE CONTACTO<\/strong><\/span><\/h4>\n<p style=\"font-size: 12px;line-height: 12px;font-weight: 500\"><strong style=\"font-weight: 500\">Direcci\u00f3n : <\/strong><span style=\"font-weight: 400\">Avda. Astrof\u00edsico Francisco S\u00e1nchez, SN. Edificio Calabaza\u00a0 38200 San Crist\u00f3bal de La Laguna.<\/span><\/p>\n<p style=\"font-size: 12px;line-height: 12px;font-weight: 500\"><strong style=\"font-weight: 500\">Tel\u00e9fono<\/strong>: <span style=\"color: #000000;line-height: 12px;font-weight: 400\"><a style=\"color: #000000\" target=\"_blank\" rel=\"noopener\" target=\"_blank\" rel=\"noopener\">(+34) 922 31 96 68 \/ 922 31 96 84<\/a><\/span><\/p>\n<p style=\"font-size: 12px;line-height: 12px;font-weight: 500\"><strong style=\"font-weight: 500\">Correo<\/strong>: <span style=\"color: #000000;line-height: 2px;font-weight: 400\"><a style=\"color: #000000\" href=\"mailto:master@ull.es\" target=\"_blank\" rel=\"noopener\" target=\"_blank\" rel=\"noopener\">master@ull.es<\/a><\/span><\/p>\n<p style=\"font-size: 12px;line-height: 12px;font-weight: 500\"><strong style=\"font-weight: 500\">Online:\u00a0<\/strong><a href=\"https:\/\/www.ull.es\/centros\/escuela-doctorado-estudios-posgrado\/\" target=\"_blank\" rel=\"noopener\" target=\"_blank\" rel=\"noopener\">\u00a0<span style=\"color: #000000;text-decoration: underline;font-weight: 400\">P\u00e1gina web<\/span><\/a> \/ <a href=\"http:\/\/citaprevia.ull.es\/index.php?s=edpo\" target=\"_blank\" rel=\"noopener\" target=\"_blank\" rel=\"noopener\">\u00a0<span style=\"color: #000000;text-decoration: underline;font-weight: 400\">Cita previa<\/span><\/a> \/ <a href=\"https:\/\/sede.ull.es\/ecivilis-site\/catalog\/showProcedure\/484\" target=\"_blank\" rel=\"noopener\" target=\"_blank\" rel=\"noopener\">\u00a0<span style=\"color: #000000;text-decoration: underline;font-weight: 400\">Procedimiento para quejas, sugerencias y felicitaciones<\/span><\/a><\/p><\/div>\n<\/div><\/div><\/div>\n<\/div><\/div>\n","protected":false},"excerpt":{"rendered":"<p>UNIVERSITY MASTER&#039;S AND POSTGRADUATE PROGRAMS OFFERED ACADEMIC YEAR 2026-2027 Master&#039;s Thesis CONTACT INFORMATION Address: Avda. Astrof\u00edsico Francisco S\u00e1nchez, SN. Edificio Calabaza 38200 San Crist\u00f3bal de La Laguna. Telephone: (+34) 922 31 96 68 \/ 922 31 96 84 Email: master@ull.es Online: Website \/ Appointment Booking \/ Procedure for complaints, suggestions and\u2026<\/p>","protected":false},"author":14,"featured_media":0,"parent":0,"menu_order":2,"comment_status":"closed","ping_status":"closed","template":"templates\/template-frontpage.php","meta":{"footnotes":""},"class_list":["post-3134","page","type-page","status-publish","hentry"],"yoast_head":"<!-- This site is optimized with the Yoast SEO plugin v27.3 - https:\/\/yoast.com\/product\/yoast-seo-wordpress\/ -->\n<title>Trabajo de Fin de M\u00e1ster - M\u00e1steres<\/title>\n<meta name=\"robots\" content=\"index, follow, max-snippet:-1, max-image-preview:large, max-video-preview:-1\" \/>\n<link rel=\"canonical\" href=\"https:\/\/www.ull.es\/masteres\/en\/trabajo-de-fin-de-master\/\" \/>\n<meta property=\"og:locale\" content=\"en_GB\" \/>\n<meta property=\"og:type\" content=\"article\" \/>\n<meta property=\"og:title\" content=\"Trabajo de Fin de M\u00e1ster - M\u00e1steres\" \/>\n<meta property=\"og:description\" content=\"OFERTA DE M\u00c1STERES Y POSGRADOS UNIVERSITARIOS CURSO 2026-2027 Trabajo de Fin de M\u00e1ster INFORMACI\u00d3N DE CONTACTO Direcci\u00f3n : Avda. Astrof\u00edsico Francisco S\u00e1nchez, SN. Edificio Calabaza\u00a0 38200 San Crist\u00f3bal de La Laguna. Tel\u00e9fono: (+34) 922 31 96 68 \/ 922 31 96 84 Correo: master@ull.es Online:\u00a0\u00a0P\u00e1gina web \/ \u00a0Cita previa \/ \u00a0Procedimiento para quejas, sugerencias y...\" \/>\n<meta property=\"og:url\" content=\"https:\/\/www.ull.es\/masteres\/en\/trabajo-de-fin-de-master\/\" \/>\n<meta property=\"og:site_name\" content=\"M\u00e1steres\" \/>\n<meta property=\"article:modified_time\" content=\"2026-03-25T15:15:59+00:00\" \/>\n<meta name=\"twitter:card\" content=\"summary_large_image\" \/>\n<meta name=\"twitter:label1\" content=\"Estimated reading time\" \/>\n\t<meta name=\"twitter:data1\" content=\"1 minute\" \/>\n<script type=\"application\/ld+json\" class=\"yoast-schema-graph\">{\"@context\":\"https:\\\/\\\/schema.org\",\"@graph\":[{\"@type\":\"WebPage\",\"@id\":\"https:\\\/\\\/www.ull.es\\\/masteres\\\/trabajo-de-fin-de-master\\\/\",\"url\":\"https:\\\/\\\/www.ull.es\\\/masteres\\\/trabajo-de-fin-de-master\\\/\",\"name\":\"Trabajo de Fin de M\u00e1ster - M\u00e1steres\",\"isPartOf\":{\"@id\":\"https:\\\/\\\/www.ull.es\\\/masteres\\\/#website\"},\"datePublished\":\"2024-03-05T12:49:27+00:00\",\"dateModified\":\"2026-03-25T15:15:59+00:00\",\"breadcrumb\":{\"@id\":\"https:\\\/\\\/www.ull.es\\\/masteres\\\/trabajo-de-fin-de-master\\\/#breadcrumb\"},\"inLanguage\":\"en-GB\",\"potentialAction\":[{\"@type\":\"ReadAction\",\"target\":[\"https:\\\/\\\/www.ull.es\\\/masteres\\\/trabajo-de-fin-de-master\\\/\"]}]},{\"@type\":\"BreadcrumbList\",\"@id\":\"https:\\\/\\\/www.ull.es\\\/masteres\\\/trabajo-de-fin-de-master\\\/#breadcrumb\",\"itemListElement\":[{\"@type\":\"ListItem\",\"position\":1,\"name\":\"Portada\",\"item\":\"https:\\\/\\\/www.ull.es\\\/masteres\\\/\"},{\"@type\":\"ListItem\",\"position\":2,\"name\":\"Trabajo de Fin de M\u00e1ster\"}]},{\"@type\":\"WebSite\",\"@id\":\"https:\\\/\\\/www.ull.es\\\/masteres\\\/#website\",\"url\":\"https:\\\/\\\/www.ull.es\\\/masteres\\\/\",\"name\":\"M\u00e1steres\",\"description\":\"\",\"potentialAction\":[{\"@type\":\"SearchAction\",\"target\":{\"@type\":\"EntryPoint\",\"urlTemplate\":\"https:\\\/\\\/www.ull.es\\\/masteres\\\/?s={search_term_string}\"},\"query-input\":{\"@type\":\"PropertyValueSpecification\",\"valueRequired\":true,\"valueName\":\"search_term_string\"}}],\"inLanguage\":\"en-GB\"}]}<\/script>\n<!-- \/ Yoast SEO plugin. -->","yoast_head_json":{"title":"Master&#039;s Thesis - Master&#039;s Degrees","robots":{"index":"index","follow":"follow","max-snippet":"max-snippet:-1","max-image-preview":"max-image-preview:large","max-video-preview":"max-video-preview:-1"},"canonical":"https:\/\/www.ull.es\/masteres\/en\/trabajo-de-fin-de-master\/","og_locale":"en_GB","og_type":"article","og_title":"Trabajo de Fin de M\u00e1ster - M\u00e1steres","og_description":"OFERTA DE M\u00c1STERES Y POSGRADOS UNIVERSITARIOS CURSO 2026-2027 Trabajo de Fin de M\u00e1ster INFORMACI\u00d3N DE CONTACTO Direcci\u00f3n : Avda. Astrof\u00edsico Francisco S\u00e1nchez, SN. Edificio Calabaza\u00a0 38200 San Crist\u00f3bal de La Laguna. Tel\u00e9fono: (+34) 922 31 96 68 \/ 922 31 96 84 Correo: master@ull.es Online:\u00a0\u00a0P\u00e1gina web \/ \u00a0Cita previa \/ \u00a0Procedimiento para quejas, sugerencias y...","og_url":"https:\/\/www.ull.es\/masteres\/en\/trabajo-de-fin-de-master\/","og_site_name":"M\u00e1steres","article_modified_time":"2026-03-25T15:15:59+00:00","twitter_card":"summary_large_image","twitter_misc":{"Estimated reading time":"1 minute"},"schema":{"@context":"https:\/\/schema.org","@graph":[{"@type":"WebPage","@id":"https:\/\/www.ull.es\/masteres\/trabajo-de-fin-de-master\/","url":"https:\/\/www.ull.es\/masteres\/trabajo-de-fin-de-master\/","name":"Master&#039;s Thesis - Master&#039;s Degrees","isPartOf":{"@id":"https:\/\/www.ull.es\/masteres\/#website"},"datePublished":"2024-03-05T12:49:27+00:00","dateModified":"2026-03-25T15:15:59+00:00","breadcrumb":{"@id":"https:\/\/www.ull.es\/masteres\/trabajo-de-fin-de-master\/#breadcrumb"},"inLanguage":"en-GB","potentialAction":[{"@type":"ReadAction","target":["https:\/\/www.ull.es\/masteres\/trabajo-de-fin-de-master\/"]}]},{"@type":"BreadcrumbList","@id":"https:\/\/www.ull.es\/masteres\/trabajo-de-fin-de-master\/#breadcrumb","itemListElement":[{"@type":"ListItem","position":1,"name":"Portada","item":"https:\/\/www.ull.es\/masteres\/"},{"@type":"ListItem","position":2,"name":"Trabajo de Fin de M\u00e1ster"}]},{"@type":"WebSite","@id":"https:\/\/www.ull.es\/masteres\/#website","url":"https:\/\/www.ull.es\/masteres\/","name":"Masters","description":"","potentialAction":[{"@type":"SearchAction","target":{"@type":"EntryPoint","urlTemplate":"https:\/\/www.ull.es\/masteres\/?s={search_term_string}"},"query-input":{"@type":"PropertyValueSpecification","valueRequired":true,"valueName":"search_term_string"}}],"inLanguage":"en-GB"}]}},"_links":{"self":[{"href":"https:\/\/www.ull.es\/masteres\/en\/wp-json\/wp\/v2\/pages\/3134","targetHints":{"allow":["GET"]}}],"collection":[{"href":"https:\/\/www.ull.es\/masteres\/en\/wp-json\/wp\/v2\/pages"}],"about":[{"href":"https:\/\/www.ull.es\/masteres\/en\/wp-json\/wp\/v2\/types\/page"}],"author":[{"embeddable":true,"href":"https:\/\/www.ull.es\/masteres\/en\/wp-json\/wp\/v2\/users\/14"}],"replies":[{"embeddable":true,"href":"https:\/\/www.ull.es\/masteres\/en\/wp-json\/wp\/v2\/comments?post=3134"}],"version-history":[{"count":34,"href":"https:\/\/www.ull.es\/masteres\/en\/wp-json\/wp\/v2\/pages\/3134\/revisions"}],"predecessor-version":[{"id":7066,"href":"https:\/\/www.ull.es\/masteres\/en\/wp-json\/wp\/v2\/pages\/3134\/revisions\/7066"}],"wp:attachment":[{"href":"https:\/\/www.ull.es\/masteres\/en\/wp-json\/wp\/v2\/media?parent=3134"}],"curies":[{"name":"wp","href":"https:\/\/api.w.org\/{rel}","templated":true}]}}