{"id":28,"date":"2017-06-28T12:58:21","date_gmt":"2017-06-28T12:58:21","guid":{"rendered":"http:\/\/www.ull.es\/masteres\/desarrollo-y-gestion-de-recursos-humanos\/?page_id=28"},"modified":"2018-09-26T09:15:33","modified_gmt":"2018-09-26T09:15:33","slug":"justificacion-del-titulo","status":"publish","type":"page","link":"https:\/\/www.ull.es\/masteres\/energias-renovables\/en\/justificacion-del-titulo\/","title":{"rendered":"Justification of the title"},"content":{"rendered":"<p>[vc_row][vc_column][vc_column_text]<\/p>\n<h1>Justificaci\u00f3n del t\u00edtulo<\/h1>\n<p>El aprovechamiento de las energ\u00edas renovables en Canarias se encuentra muy alejado de su capacidad potencial. Esto es debido a una serie de razones principales, entre las que destaca la escasa presencia de profesionales adecuadamente formados y de empresas especializadas, la inexistencia de estudios reglados que permitan la formaci\u00f3n adecuada de dichos t\u00e9cnicos, la insuficiente implicaci\u00f3n de recursos p\u00fablicos y privados para su fomento, y la falta de una cultura social que demande de forma efectiva este tipo de infraestructuras energ\u00e9ticas.<\/p>\n<p>Sin embargo, en 2006 tres instituciones que mantienen una importante actividad en el campo de las energ\u00edas renovables en Canarias se pusieron de acuerdo para impulsar una maestr\u00eda en Energ\u00edas Renovables : La Universidad de La Laguna, y el Instituto Tecnol\u00f3gico de Canarias (ITC) y el Instituto\u00a0 Tecnol\u00f3gico de Energ\u00edas Renovables. En 2010 la titulaci\u00f3n se convierte en m\u00e1ster oficial, y a partir de 2012, la docencia presencial la pasa a asumir en exclusiva la Universidad de La Laguna, mientras que la entrada en vigor del Protocolo de Kyoto y el consiguiente compromiso del Gobierno del Estado en la revisi\u00f3n del Plan Energ\u00e9tico Nacional y el impulso a las energ\u00edas renovables, son aspectos que hacen que se est\u00e9 produciendo un importante incremento de la demanda de profesionales de este sector, por lo que la necesidad del dise\u00f1o y puesta en marcha de los estudios que proponemos dentro de este master tiene una gran importancia en el momento actual y futuro. A esto se suma el giro que la mayor parte de los pa\u00edses importantes est\u00e1n dando a sus pol\u00edticas energ\u00e9ticas, apostando de forma decidida por las energ\u00edas renovables, lo que genera, sin duda, un gran impulso a escala global.<\/p>\n<p>Descendiendo al \u00e1mbito de la Comunidad Aut\u00f3noma Canaria, la mayor parte de las aplicaciones derivadas de las energ\u00edas renovables, a tratar dentro de este master, son cruciales para el desarrollo sostenible de Canarias, como la desalaci\u00f3n, bioclimatismo, producci\u00f3n end\u00f3gena de energ\u00eda el\u00e9ctrica y el desarrollo econ\u00f3mico derivado.<\/p>\n<p>Tambi\u00e9n es importante se\u00f1alar que, a partir de la experiencia acumulada en la gesti\u00f3n de dos ediciones de la Maestr\u00eda Universitaria en Energ\u00edas Renovables y la primera edici\u00f3n como titulaci\u00f3n oficial, hemos percibido la gran demanda que hay de este tipo de estudios, tanto dentro de nuestra comunidad aut\u00f3noma como por estudiantes de otros lugares del territorio nacional e Hispanoam\u00e9rica que desean cursar nuestra titulaci\u00f3n, lo que siempre ha hecho que el n\u00famero de preinscritos superara los l\u00edmites de matr\u00edculas ofertadas (25). Esta demanda ha sido mucho mayor cuando la titulaci\u00f3n ha sido ofertada en forma de T\u00edtulo Oficial de Posgrado, habiendo supuesto tambi\u00e9n una significativa disminuci\u00f3n de las tasas de matr\u00edcula.<\/p>\n<p>Un \u00faltimo aspecto a considerar, es el potencial beneficio desde el punto de vista estrat\u00e9gico dentro del \u00e1mbito de la Comunidad Aut\u00f3noma de Canarias, donde no existe ninguna titulaci\u00f3n oficial en energ\u00edas renovables. As\u00ed, los contenidos de la titulaci\u00f3n se ajustan de forma muy adecuada a lo establecido dentro del Plan Canario de I+D+i+d 2007 &#8211; 2010. Espec\u00edficamente, el Plan Canario de I+D+i+d plantea como una de sus nueve Inversiones Estrat\u00e9gicas la relacionada con la Sostenibilidad, apostando por el desarrollo de actividades en energ\u00edas renovables y aprovechamiento eficaz del agua, y donde se se\u00f1ala a la Universidad como a uno de los cuatro agentes implicados en su desarrollo.[\/vc_column_text][\/vc_column][\/vc_row]<\/p>\n","protected":false},"excerpt":{"rendered":"<p>[vc_row][vc_column][vc_column_text] Justificaci\u00f3n del t\u00edtulo El aprovechamiento de las energ\u00edas renovables en Canarias se encuentra muy alejado de su capacidad potencial. Esto es debido a una serie de razones principales, entre las que destaca la escasa presencia de profesionales adecuadamente formados y de empresas especializadas, la inexistencia de estudios reglados que permitan la formaci\u00f3n adecuada de&#8230;<\/p>\n","protected":false},"author":1,"featured_media":0,"parent":0,"menu_order":0,"comment_status":"closed","ping_status":"closed","template":"","meta":{"footnotes":""},"class_list":["post-28","page","type-page","status-publish","hentry"],"yoast_head":"<!-- This site is optimized with the Yoast SEO plugin v27.2 - https:\/\/yoast.com\/product\/yoast-seo-wordpress\/ -->\n<title>Justificaci\u00f3n del t\u00edtulo - M\u00e1ster Universitario en Energ\u00edas Renovables<\/title>\n<meta name=\"robots\" content=\"index, follow, max-snippet:-1, max-image-preview:large, max-video-preview:-1\" \/>\n<link rel=\"canonical\" href=\"https:\/\/www.ull.es\/masteres\/energias-renovables\/en\/justificacion-del-titulo\/\" \/>\n<meta property=\"og:locale\" content=\"en_GB\" \/>\n<meta property=\"og:type\" content=\"article\" \/>\n<meta property=\"og:title\" content=\"Justificaci\u00f3n del t\u00edtulo - M\u00e1ster Universitario en Energ\u00edas Renovables\" \/>\n<meta property=\"og:description\" content=\"[vc_row][vc_column][vc_column_text] Justificaci\u00f3n del t\u00edtulo El aprovechamiento de las energ\u00edas renovables en Canarias se encuentra muy alejado de su capacidad potencial. Esto es debido a una serie de razones principales, entre las que destaca la escasa presencia de profesionales adecuadamente formados y de empresas especializadas, la inexistencia de estudios reglados que permitan la formaci\u00f3n adecuada de...\" \/>\n<meta property=\"og:url\" content=\"https:\/\/www.ull.es\/masteres\/energias-renovables\/en\/justificacion-del-titulo\/\" \/>\n<meta property=\"og:site_name\" content=\"M\u00e1ster Universitario en Energ\u00edas Renovables\" \/>\n<meta property=\"article:modified_time\" content=\"2018-09-26T09:15:33+00:00\" \/>\n<meta name=\"twitter:card\" content=\"summary_large_image\" \/>\n<meta name=\"twitter:label1\" content=\"Estimated reading time\" \/>\n\t<meta name=\"twitter:data1\" content=\"3 minutes\" \/>\n<script type=\"application\/ld+json\" class=\"yoast-schema-graph\">{\"@context\":\"https:\/\/schema.org\",\"@graph\":[{\"@type\":\"WebPage\",\"@id\":\"https:\/\/www.ull.es\/masteres\/energias-renovables\/en\/justificacion-del-titulo\/\",\"url\":\"https:\/\/www.ull.es\/masteres\/energias-renovables\/en\/justificacion-del-titulo\/\",\"name\":\"Justificaci\u00f3n del t\u00edtulo - M\u00e1ster Universitario en Energ\u00edas Renovables\",\"isPartOf\":{\"@id\":\"https:\/\/www.ull.es\/masteres\/energias-renovables\/fr\/#website\"},\"datePublished\":\"2017-06-28T12:58:21+00:00\",\"dateModified\":\"2018-09-26T09:15:33+00:00\",\"breadcrumb\":{\"@id\":\"https:\/\/www.ull.es\/masteres\/energias-renovables\/en\/justificacion-del-titulo\/#breadcrumb\"},\"inLanguage\":\"en-GB\",\"potentialAction\":[{\"@type\":\"ReadAction\",\"target\":[\"https:\/\/www.ull.es\/masteres\/energias-renovables\/en\/justificacion-del-titulo\/\"]}]},{\"@type\":\"BreadcrumbList\",\"@id\":\"https:\/\/www.ull.es\/masteres\/energias-renovables\/en\/justificacion-del-titulo\/#breadcrumb\",\"itemListElement\":[{\"@type\":\"ListItem\",\"position\":1,\"name\":\"Portada\",\"item\":\"https:\/\/www.ull.es\/masteres\/energias-renovables\/\"},{\"@type\":\"ListItem\",\"position\":2,\"name\":\"Justificaci\u00f3n del t\u00edtulo\"}]},{\"@type\":\"WebSite\",\"@id\":\"https:\/\/www.ull.es\/masteres\/energias-renovables\/fr\/#website\",\"url\":\"https:\/\/www.ull.es\/masteres\/energias-renovables\/fr\/\",\"name\":\"M\u00e1ster Universitario en Energ\u00edas Renovables\",\"description\":\"\",\"potentialAction\":[{\"@type\":\"SearchAction\",\"target\":{\"@type\":\"EntryPoint\",\"urlTemplate\":\"https:\/\/www.ull.es\/masteres\/energias-renovables\/fr\/?s={search_term_string}\"},\"query-input\":{\"@type\":\"PropertyValueSpecification\",\"valueRequired\":true,\"valueName\":\"search_term_string\"}}],\"inLanguage\":\"en-GB\"}]}<\/script>\n<!-- \/ Yoast SEO plugin. -->","yoast_head_json":{"title":"Title Justification - Master&#039;s Degree in Renewable Energies","robots":{"index":"index","follow":"follow","max-snippet":"max-snippet:-1","max-image-preview":"max-image-preview:large","max-video-preview":"max-video-preview:-1"},"canonical":"https:\/\/www.ull.es\/masteres\/energias-renovables\/en\/justificacion-del-titulo\/","og_locale":"en_GB","og_type":"article","og_title":"Justificaci\u00f3n del t\u00edtulo - M\u00e1ster Universitario en Energ\u00edas Renovables","og_description":"[vc_row][vc_column][vc_column_text] Justificaci\u00f3n del t\u00edtulo El aprovechamiento de las energ\u00edas renovables en Canarias se encuentra muy alejado de su capacidad potencial. Esto es debido a una serie de razones principales, entre las que destaca la escasa presencia de profesionales adecuadamente formados y de empresas especializadas, la inexistencia de estudios reglados que permitan la formaci\u00f3n adecuada de...","og_url":"https:\/\/www.ull.es\/masteres\/energias-renovables\/en\/justificacion-del-titulo\/","og_site_name":"M\u00e1ster Universitario en Energ\u00edas Renovables","article_modified_time":"2018-09-26T09:15:33+00:00","twitter_card":"summary_large_image","twitter_misc":{"Estimated reading time":"3 minutes"},"schema":{"@context":"https:\/\/schema.org","@graph":[{"@type":"WebPage","@id":"https:\/\/www.ull.es\/masteres\/energias-renovables\/en\/justificacion-del-titulo\/","url":"https:\/\/www.ull.es\/masteres\/energias-renovables\/en\/justificacion-del-titulo\/","name":"Title Justification - Master&#039;s Degree in Renewable Energies","isPartOf":{"@id":"https:\/\/www.ull.es\/masteres\/energias-renovables\/fr\/#website"},"datePublished":"2017-06-28T12:58:21+00:00","dateModified":"2018-09-26T09:15:33+00:00","breadcrumb":{"@id":"https:\/\/www.ull.es\/masteres\/energias-renovables\/en\/justificacion-del-titulo\/#breadcrumb"},"inLanguage":"en-GB","potentialAction":[{"@type":"ReadAction","target":["https:\/\/www.ull.es\/masteres\/energias-renovables\/en\/justificacion-del-titulo\/"]}]},{"@type":"BreadcrumbList","@id":"https:\/\/www.ull.es\/masteres\/energias-renovables\/en\/justificacion-del-titulo\/#breadcrumb","itemListElement":[{"@type":"ListItem","position":1,"name":"Portada","item":"https:\/\/www.ull.es\/masteres\/energias-renovables\/"},{"@type":"ListItem","position":2,"name":"Justificaci\u00f3n del t\u00edtulo"}]},{"@type":"WebSite","@id":"https:\/\/www.ull.es\/masteres\/energias-renovables\/fr\/#website","url":"https:\/\/www.ull.es\/masteres\/energias-renovables\/fr\/","name":"Master&#039;s Degree in Renewable Energy","description":"","potentialAction":[{"@type":"SearchAction","target":{"@type":"EntryPoint","urlTemplate":"https:\/\/www.ull.es\/masteres\/energias-renovables\/fr\/?s={search_term_string}"},"query-input":{"@type":"PropertyValueSpecification","valueRequired":true,"valueName":"search_term_string"}}],"inLanguage":"en-GB"}]}},"_links":{"self":[{"href":"https:\/\/www.ull.es\/masteres\/energias-renovables\/en\/wp-json\/wp\/v2\/pages\/28","targetHints":{"allow":["GET"]}}],"collection":[{"href":"https:\/\/www.ull.es\/masteres\/energias-renovables\/en\/wp-json\/wp\/v2\/pages"}],"about":[{"href":"https:\/\/www.ull.es\/masteres\/energias-renovables\/en\/wp-json\/wp\/v2\/types\/page"}],"author":[{"embeddable":true,"href":"https:\/\/www.ull.es\/masteres\/energias-renovables\/en\/wp-json\/wp\/v2\/users\/1"}],"replies":[{"embeddable":true,"href":"https:\/\/www.ull.es\/masteres\/energias-renovables\/en\/wp-json\/wp\/v2\/comments?post=28"}],"version-history":[{"count":8,"href":"https:\/\/www.ull.es\/masteres\/energias-renovables\/en\/wp-json\/wp\/v2\/pages\/28\/revisions"}],"predecessor-version":[{"id":748,"href":"https:\/\/www.ull.es\/masteres\/energias-renovables\/en\/wp-json\/wp\/v2\/pages\/28\/revisions\/748"}],"wp:attachment":[{"href":"https:\/\/www.ull.es\/masteres\/energias-renovables\/en\/wp-json\/wp\/v2\/media?parent=28"}],"curies":[{"name":"wp","href":"https:\/\/api.w.org\/{rel}","templated":true}]}}