{"id":28,"date":"2017-06-28T12:58:21","date_gmt":"2017-06-28T12:58:21","guid":{"rendered":"http:\/\/www.ull.es\/masteres\/desarrollo-y-gestion-de-recursos-humanos\/?page_id=28"},"modified":"2018-02-21T10:09:41","modified_gmt":"2018-02-21T10:09:41","slug":"justificacion-del-titulo","status":"publish","type":"page","link":"https:\/\/www.ull.es\/masteres\/estudios-pedagogicos-avanzados\/en\/justificacion-del-titulo\/","title":{"rendered":"Justification of the title"},"content":{"rendered":"<p>[vc_row][vc_column][vc_column_text]<\/p>\n<h1>Justificaci\u00f3n del t\u00edtulo<\/h1>\n<p><strong>Objeto y alcance:<\/strong><\/p>\n<p>Este m\u00e1ster pretende proporcionar al alumnado que lo curse una formaci\u00f3n avanzada de car\u00e1cter especializado que promueva el conocimiento para comprender el fen\u00f3meno \u201ceducaci\u00f3n\u201d, m\u00e1s all\u00e1 de los campos concretos de aplicaci\u00f3n, y favorezca las capacidades y competencias que permitan formar especialistas en an\u00e1lisis y gesti\u00f3n de problemas vinculados a los diferentes \u00e1mbitos de educaci\u00f3n en la sociedad actual.<br \/>\nLa investigaci\u00f3n en educaci\u00f3n y su capacidad de generar innovaci\u00f3n son factores claves para implementar desarrollo y sostenibilidad social, regional, nacional y transnacional. Desde una perspectiva plural, la investigaci\u00f3n desde los \u00e1mbitos te\u00f3ricos, hist\u00f3ricos y sociol\u00f3gicos permite acceder al marco formativo necesario, tanto para la reflexi\u00f3n sobre las interpretaciones te\u00f3ricas, pol\u00edticas y pr\u00e1cticas sobre la educaci\u00f3n, como para el desarrollo de pol\u00edticas y pr\u00e1cticas educativas comprometidas con el desarrollo social.<br \/>\nEs con este convencimiento que hemos dise\u00f1ado unos estudios de master que promuevan y posibiliten la formaci\u00f3n de investigadores para la exploraci\u00f3n, an\u00e1lisis, interpretaci\u00f3n, b\u00fasqueda y dise\u00f1o de alternativas en construcciones discursivas y acciones de los diferentes protagonistas (sujetos e instituciones) en las situaciones y contextos de producci\u00f3n en los procesos de ense\u00f1anza aprendizaje. Los fundamentos retrospectivos, la pluralidad de perspectivas y la vocaci\u00f3n prospectiva, son los ejes de una concepci\u00f3n del saber pedag\u00f3gico complejo, transdisciplinar y de incuestionable transferencia social.<br \/>\n<strong>Estudio de demanda social:<\/strong><\/p>\n<p>La educaci\u00f3n es una pr\u00e1ctica social constituyente y vertebradora en nuestras sociedades y supone una fuente de perenne preocupaci\u00f3n e insatisfacci\u00f3n. Muestra de ello es la presencia constante en los medios de comunicaci\u00f3n de un debate acerca de las disfunciones y limitaciones de nuestro sistema educativo. Resulta un tanto parad\u00f3jico que en el caso espa\u00f1ol la dimensi\u00f3n p\u00fablica del debate educativo haya tendido a reducirse a dos tipos de intervenciones. De un lado, las reflexiones generales formuladas por periodistas, pensadores y pol\u00edticos; de otro, intervenciones limitadas muy ligadas a un \u00e1mbito concreto de la pr\u00e1ctica educativa, ya sea por parte de profesionales o por los propios padres de familias. Sorprende, sin embargo, la escasa presencia de intervenciones fundamentadas en el conocimiento acad\u00e9mico riguroso disponible desde una perspectiva amplia. La pregunta que surge es: \u00bfd\u00f3nde est\u00e1n los especialistas en educaci\u00f3n?<\/p>\n<p>Este master pretende contribuir a superar esta carencia a trav\u00e9s formaci\u00f3n de profesionales capaces de analizar e interpretar los retos educativos a los que se enfrenta nuestra sociedad con el rigor que confiere los conocimientos disciplinares b\u00e1sicos sobre la educaci\u00f3n. En este sentido, este master no se dirige a profesionales que vayan a intervenir en los \u00e1mbitos educativos formal, no formal o informal, para los que existen otros m\u00e1steres mucho m\u00e1s concretos, sino a profesionales especializados en el an\u00e1lisis, interpretaci\u00f3n y reflexi\u00f3n del fen\u00f3meno educativo desde una perspectiva global interdisciplinar fundamentada en los conocimientos provenientes de los \u00e1mbitos de la teor\u00eda, la historia y la sociolog\u00eda de la educaci\u00f3n. Se trata de una formaci\u00f3n fundamental que en el \u00e1mbito acad\u00e9mico anglosaj\u00f3n se denomina precisamente fundations of education.<br \/>\nEste enfoque perfila dos grandes grupos de futuros estudiantes:<\/p>\n<ul>\n<li>De un lado, los estudiantes interesados en adquirir la formaci\u00f3n metodol\u00f3gica y conceptual necesaria para la investigaci\u00f3n y la realizaci\u00f3n posterior de un doctorado.<\/li>\n<li>De otro, los estudiantes interesados en trabajar en \u00e1mbitos t\u00e9cnicos como el dise\u00f1o e implementaci\u00f3n de pol\u00edticas educativas y la gesti\u00f3n y planificaci\u00f3n educativas. Este segundo grupo se ve ampliado por los t\u00e9cnicos, b\u00e1sicamente de la administraci\u00f3n educativa p\u00fablica, que ya trabajan en estos \u00e1mbitos y requieren ampliar o actualizar su formaci\u00f3n.<\/li>\n<\/ul>\n<p>Puede consultar en detalle los siguientes ep\u00edgrafes en la\u00a0<a href=\"https:\/\/www.ull.es\/masteres\/estudios-pedagogicos-avanzados\/calidad-y-resultados\/documentacion-de-evaluacion-del-titulo\/#verificacion-modificacion\" target=\"_blank\" rel=\"noopener\" target=\"_blank\" rel=\"noopener\">Memoria de Verificaci\u00f3n<\/a>:<\/p>\n<ul>\n<li>Contexto, tradici\u00f3n y oferta global<\/li>\n<li>Referentes acad\u00e9mico-cient\u00edficos, proyecci\u00f3n y potencialidad<\/li>\n<li>Descripci\u00f3n de los procedimientos de consulta internos y externos utilizados para la elaboraci\u00f3n del plan de estudios<\/li>\n<\/ul>\n<p>[\/vc_column_text][\/vc_column][\/vc_row]<\/p>\n","protected":false},"excerpt":{"rendered":"<p>[vc_row][vc_column][vc_column_text] Justificaci\u00f3n del t\u00edtulo Objeto y alcance: Este m\u00e1ster pretende proporcionar al alumnado que lo curse una formaci\u00f3n avanzada de car\u00e1cter especializado que promueva el conocimiento para comprender el fen\u00f3meno \u201ceducaci\u00f3n\u201d, m\u00e1s all\u00e1 de los campos concretos de aplicaci\u00f3n, y favorezca las capacidades y competencias que permitan formar especialistas en an\u00e1lisis y gesti\u00f3n de problemas&#8230;<\/p>\n","protected":false},"author":1,"featured_media":0,"parent":0,"menu_order":0,"comment_status":"closed","ping_status":"closed","template":"","meta":{"footnotes":""},"class_list":["post-28","page","type-page","status-publish","hentry"],"yoast_head":"<!-- This site is optimized with the Yoast SEO plugin v27.3 - https:\/\/yoast.com\/product\/yoast-seo-wordpress\/ -->\n<title>Justificaci\u00f3n del t\u00edtulo - M\u00e1ster Universitario en Estudios Pedag\u00f3gicos Avanzados<\/title>\n<meta name=\"robots\" content=\"index, follow, max-snippet:-1, max-image-preview:large, max-video-preview:-1\" \/>\n<link rel=\"canonical\" href=\"https:\/\/www.ull.es\/masteres\/estudios-pedagogicos-avanzados\/en\/justificacion-del-titulo\/\" \/>\n<meta property=\"og:locale\" content=\"en_GB\" \/>\n<meta property=\"og:type\" content=\"article\" \/>\n<meta property=\"og:title\" content=\"Justificaci\u00f3n del t\u00edtulo - M\u00e1ster Universitario en Estudios Pedag\u00f3gicos Avanzados\" \/>\n<meta property=\"og:description\" content=\"[vc_row][vc_column][vc_column_text] Justificaci\u00f3n del t\u00edtulo Objeto y alcance: Este m\u00e1ster pretende proporcionar al alumnado que lo curse una formaci\u00f3n avanzada de car\u00e1cter especializado que promueva el conocimiento para comprender el fen\u00f3meno \u201ceducaci\u00f3n\u201d, m\u00e1s all\u00e1 de los campos concretos de aplicaci\u00f3n, y favorezca las capacidades y competencias que permitan formar especialistas en an\u00e1lisis y gesti\u00f3n de problemas...\" \/>\n<meta property=\"og:url\" content=\"https:\/\/www.ull.es\/masteres\/estudios-pedagogicos-avanzados\/en\/justificacion-del-titulo\/\" \/>\n<meta property=\"og:site_name\" content=\"M\u00e1ster Universitario en Estudios Pedag\u00f3gicos Avanzados\" \/>\n<meta property=\"article:modified_time\" content=\"2018-02-21T10:09:41+00:00\" \/>\n<meta name=\"twitter:card\" content=\"summary_large_image\" \/>\n<meta name=\"twitter:label1\" content=\"Estimated reading time\" \/>\n\t<meta name=\"twitter:data1\" content=\"4 minutes\" \/>\n<script type=\"application\/ld+json\" class=\"yoast-schema-graph\">{\"@context\":\"https:\\\/\\\/schema.org\",\"@graph\":[{\"@type\":\"WebPage\",\"@id\":\"https:\\\/\\\/www.ull.es\\\/masteres\\\/estudios-pedagogicos-avanzados\\\/justificacion-del-titulo\\\/\",\"url\":\"https:\\\/\\\/www.ull.es\\\/masteres\\\/estudios-pedagogicos-avanzados\\\/justificacion-del-titulo\\\/\",\"name\":\"Justificaci\u00f3n del t\u00edtulo - M\u00e1ster Universitario en Estudios Pedag\u00f3gicos Avanzados\",\"isPartOf\":{\"@id\":\"https:\\\/\\\/www.ull.es\\\/masteres\\\/estudios-pedagogicos-avanzados\\\/en\\\/#website\"},\"datePublished\":\"2017-06-28T12:58:21+00:00\",\"dateModified\":\"2018-02-21T10:09:41+00:00\",\"breadcrumb\":{\"@id\":\"https:\\\/\\\/www.ull.es\\\/masteres\\\/estudios-pedagogicos-avanzados\\\/justificacion-del-titulo\\\/#breadcrumb\"},\"inLanguage\":\"en-GB\",\"potentialAction\":[{\"@type\":\"ReadAction\",\"target\":[\"https:\\\/\\\/www.ull.es\\\/masteres\\\/estudios-pedagogicos-avanzados\\\/justificacion-del-titulo\\\/\"]}]},{\"@type\":\"BreadcrumbList\",\"@id\":\"https:\\\/\\\/www.ull.es\\\/masteres\\\/estudios-pedagogicos-avanzados\\\/justificacion-del-titulo\\\/#breadcrumb\",\"itemListElement\":[{\"@type\":\"ListItem\",\"position\":1,\"name\":\"Portada\",\"item\":\"https:\\\/\\\/www.ull.es\\\/masteres\\\/estudios-pedagogicos-avanzados\\\/en\\\/\"},{\"@type\":\"ListItem\",\"position\":2,\"name\":\"Justificaci\u00f3n del t\u00edtulo\"}]},{\"@type\":\"WebSite\",\"@id\":\"https:\\\/\\\/www.ull.es\\\/masteres\\\/estudios-pedagogicos-avanzados\\\/en\\\/#website\",\"url\":\"https:\\\/\\\/www.ull.es\\\/masteres\\\/estudios-pedagogicos-avanzados\\\/en\\\/\",\"name\":\"M\u00e1ster Universitario en Estudios Pedag\u00f3gicos Avanzados\",\"description\":\"\",\"potentialAction\":[{\"@type\":\"SearchAction\",\"target\":{\"@type\":\"EntryPoint\",\"urlTemplate\":\"https:\\\/\\\/www.ull.es\\\/masteres\\\/estudios-pedagogicos-avanzados\\\/en\\\/?s={search_term_string}\"},\"query-input\":{\"@type\":\"PropertyValueSpecification\",\"valueRequired\":true,\"valueName\":\"search_term_string\"}}],\"inLanguage\":\"en-GB\"}]}<\/script>\n<!-- \/ Yoast SEO plugin. -->","yoast_head_json":{"title":"Title Justification - Master&#039;s Degree in Advanced Pedagogical Studies","robots":{"index":"index","follow":"follow","max-snippet":"max-snippet:-1","max-image-preview":"max-image-preview:large","max-video-preview":"max-video-preview:-1"},"canonical":"https:\/\/www.ull.es\/masteres\/estudios-pedagogicos-avanzados\/en\/justificacion-del-titulo\/","og_locale":"en_GB","og_type":"article","og_title":"Justificaci\u00f3n del t\u00edtulo - M\u00e1ster Universitario en Estudios Pedag\u00f3gicos Avanzados","og_description":"[vc_row][vc_column][vc_column_text] Justificaci\u00f3n del t\u00edtulo Objeto y alcance: Este m\u00e1ster pretende proporcionar al alumnado que lo curse una formaci\u00f3n avanzada de car\u00e1cter especializado que promueva el conocimiento para comprender el fen\u00f3meno \u201ceducaci\u00f3n\u201d, m\u00e1s all\u00e1 de los campos concretos de aplicaci\u00f3n, y favorezca las capacidades y competencias que permitan formar especialistas en an\u00e1lisis y gesti\u00f3n de problemas...","og_url":"https:\/\/www.ull.es\/masteres\/estudios-pedagogicos-avanzados\/en\/justificacion-del-titulo\/","og_site_name":"M\u00e1ster Universitario en Estudios Pedag\u00f3gicos Avanzados","article_modified_time":"2018-02-21T10:09:41+00:00","twitter_card":"summary_large_image","twitter_misc":{"Estimated reading time":"4 minutes"},"schema":{"@context":"https:\/\/schema.org","@graph":[{"@type":"WebPage","@id":"https:\/\/www.ull.es\/masteres\/estudios-pedagogicos-avanzados\/justificacion-del-titulo\/","url":"https:\/\/www.ull.es\/masteres\/estudios-pedagogicos-avanzados\/justificacion-del-titulo\/","name":"Title Justification - Master&#039;s Degree in Advanced Pedagogical Studies","isPartOf":{"@id":"https:\/\/www.ull.es\/masteres\/estudios-pedagogicos-avanzados\/en\/#website"},"datePublished":"2017-06-28T12:58:21+00:00","dateModified":"2018-02-21T10:09:41+00:00","breadcrumb":{"@id":"https:\/\/www.ull.es\/masteres\/estudios-pedagogicos-avanzados\/justificacion-del-titulo\/#breadcrumb"},"inLanguage":"en-GB","potentialAction":[{"@type":"ReadAction","target":["https:\/\/www.ull.es\/masteres\/estudios-pedagogicos-avanzados\/justificacion-del-titulo\/"]}]},{"@type":"BreadcrumbList","@id":"https:\/\/www.ull.es\/masteres\/estudios-pedagogicos-avanzados\/justificacion-del-titulo\/#breadcrumb","itemListElement":[{"@type":"ListItem","position":1,"name":"Portada","item":"https:\/\/www.ull.es\/masteres\/estudios-pedagogicos-avanzados\/en\/"},{"@type":"ListItem","position":2,"name":"Justificaci\u00f3n del t\u00edtulo"}]},{"@type":"WebSite","@id":"https:\/\/www.ull.es\/masteres\/estudios-pedagogicos-avanzados\/en\/#website","url":"https:\/\/www.ull.es\/masteres\/estudios-pedagogicos-avanzados\/en\/","name":"Master&#039;s Degree in Advanced Pedagogical Studies","description":"","potentialAction":[{"@type":"SearchAction","target":{"@type":"EntryPoint","urlTemplate":"https:\/\/www.ull.es\/masteres\/estudios-pedagogicos-avanzados\/en\/?s={search_term_string}"},"query-input":{"@type":"PropertyValueSpecification","valueRequired":true,"valueName":"search_term_string"}}],"inLanguage":"en-GB"}]}},"_links":{"self":[{"href":"https:\/\/www.ull.es\/masteres\/estudios-pedagogicos-avanzados\/en\/wp-json\/wp\/v2\/pages\/28","targetHints":{"allow":["GET"]}}],"collection":[{"href":"https:\/\/www.ull.es\/masteres\/estudios-pedagogicos-avanzados\/en\/wp-json\/wp\/v2\/pages"}],"about":[{"href":"https:\/\/www.ull.es\/masteres\/estudios-pedagogicos-avanzados\/en\/wp-json\/wp\/v2\/types\/page"}],"author":[{"embeddable":true,"href":"https:\/\/www.ull.es\/masteres\/estudios-pedagogicos-avanzados\/en\/wp-json\/wp\/v2\/users\/1"}],"replies":[{"embeddable":true,"href":"https:\/\/www.ull.es\/masteres\/estudios-pedagogicos-avanzados\/en\/wp-json\/wp\/v2\/comments?post=28"}],"version-history":[{"count":10,"href":"https:\/\/www.ull.es\/masteres\/estudios-pedagogicos-avanzados\/en\/wp-json\/wp\/v2\/pages\/28\/revisions"}],"predecessor-version":[{"id":655,"href":"https:\/\/www.ull.es\/masteres\/estudios-pedagogicos-avanzados\/en\/wp-json\/wp\/v2\/pages\/28\/revisions\/655"}],"wp:attachment":[{"href":"https:\/\/www.ull.es\/masteres\/estudios-pedagogicos-avanzados\/en\/wp-json\/wp\/v2\/media?parent=28"}],"curies":[{"name":"wp","href":"https:\/\/api.w.org\/{rel}","templated":true}]}}