{"id":272,"date":"2017-07-11T13:22:52","date_gmt":"2017-07-11T13:22:52","guid":{"rendered":"http:\/\/www.ull.es\/masteres\/desarrollo-y-gestion-de-recursos-humanos\/?page_id=272"},"modified":"2025-07-23T10:49:39","modified_gmt":"2025-07-23T10:49:39","slug":"horarios-y-calendario-de-examenes","status":"publish","type":"page","link":"https:\/\/www.ull.es\/masteres\/estudios-pedagogicos-avanzados\/fr\/informacion-academica\/horarios-y-calendario-de-examenes\/","title":{"rendered":"Horaires et calendrier des examens"},"content":{"rendered":"\n<div class=\"wp-block-stackable-columns alignfull stk-block-columns stk-block stk-2314a6b\" data-block-id=\"2314a6b\"><style>.stk-2314a6b {padding-bottom:0px !important;margin-top:-100px !important;margin-bottom:0px !important;}<\/style><div class=\"stk-row stk-inner-blocks stk-block-content stk-content-align stk-2314a6b-column alignfull\">\n<div class=\"wp-block-stackable-column stk-block-column stk-column stk-block stk-1d1764d\" data-v=\"4\" data-block-id=\"1d1764d\"><div class=\"stk-column-wrapper stk-block-column__content stk-container stk-1d1764d-container stk--no-background stk--no-padding\"><div class=\"stk-block-content stk-inner-blocks stk-1d1764d-inner-blocks\"><style id=\"depicter-1-inline-pre-css\">\n\n.depicter-1:not(.depicter-ready){\n\theight:450px;\n}\n\n\/***** Tablet *****\/\n@media screen and (max-width: 1024px){\n\n.depicter-1:not(.depicter-ready){\n\theight:700px;\n}\n\n}\n\/***** Mobile *****\/\n@media screen and (max-width: 767px){\n\n.depicter-1:not(.depicter-ready){\n\theight:360px;\n}\n\n}\n<\/style>\n<div id=\"depicter-1\" class=\"depicter depicter-document depicter-revert depicter-1 depicter-layout-fullwidth\">\n\n<div class=\"depicter-loading-container depicter-loading dotFlashing-dark\"><div class=\"depicter-loading-dark depicter-dot-flashing\">\n   <span><\/span>\n   <span><\/span>\n   <span><\/span>\n<\/div>\n<\/div>\n<div id=\"depicter-1-section-1\" class=\"depicter-section depicter-1-section-1\" data-name=\"Section 1\" data-type=\"section\" data-local-id=\"section-1\">\n<picture class=\"depicter-bg\">\n<source data-depicter-srcset=\"https:\/\/www.ull.es\/masteres\/estudios-pedagogicos-avanzados\/wp-content\/uploads\/sites\/38\/2025\/07\/Headers-Masteres_Estudios-Pedagogicos-Avanzados-768x248.jpg, https:\/\/www.ull.es\/masteres\/estudios-pedagogicos-avanzados\/wp-content\/uploads\/sites\/38\/2025\/07\/Headers-Masteres_Estudios-Pedagogicos-Avanzados.jpg 2x\" srcset=\"data:image\/gif;base64,R0lGODlhAQABAIAAAAAAAP\/\/\/yH5BAEAAAAALAAAAAABAAEAAAIBRAA7\" media=\"(max-width: 1024px)\" \/>\n\n<source data-depicter-srcset=\"https:\/\/www.ull.es\/masteres\/estudios-pedagogicos-avanzados\/wp-content\/uploads\/sites\/38\/2025\/07\/Headers-Masteres_Estudios-Pedagogicos-Avanzados.jpg, https:\/\/www.ull.es\/masteres\/estudios-pedagogicos-avanzados\/wp-content\/uploads\/sites\/38\/2025\/07\/Headers-Masteres_Estudios-Pedagogicos-Avanzados-1280x413.jpg 2x\" srcset=\"data:image\/gif;base64,R0lGODlhAQABAIAAAAAAAP\/\/\/yH5BAEAAAAALAAAAAABAAEAAAIBRAA7\" media=\"(min-width: 1025px)\" \/>\n<img decoding=\"async\" src=\"data:image\/gif;base64,R0lGODlhAQABAIAAAAAAAP\/\/\/yH5BAEAAAAALAAAAAABAAEAAAIBRAA7\" data-ken-burns=\"false\" data-tablet-ken-burns=\"false\" data-mobile-ken-burns=\"false\" alt=\"\" data-depicter-src=\"https:\/\/www.ull.es\/masteres\/estudios-pedagogicos-avanzados\/wp-content\/uploads\/sites\/38\/2025\/07\/Headers-Masteres_Estudios-Pedagogicos-Avanzados.jpg\" data-object-fit=\"custom,custom,\" data-object-position=\"center top,,\" data-crop=\"{'focalPoint':{'x':0.5,'y':0.5},'mediaSize':{'width':1394.6731234866829254315234720706939697265625,'height':450}}\" data-tablet-crop=\"{'focalPoint':{'x':0.5,'y':0.5},'mediaSize':{'width':2169.4915254237284898408688604831695556640625,'height':700}}\" data-mobile-crop=\"{'focalPoint':{'x':0.5,'y':0.5},'mediaSize':{'width':1394.6731234866829254315234720706939697265625,'height':450}}\" \/>\n<\/picture>\n\n\n<h1 id=\"depicter-1-element-5\" class=\"depicter-element depicter-layer depicter-1-element-5\" data-type=\"text\" data-wrap=\"true\" data-name=\"Text 2\" data-local-id=\"element-5\" data-offset=\"x:0px;y:141px;origin:tl\" data-tablet-offset=\"x:196px;y:155px;origin:tl\" data-mobile-offset=\"x:-16px;y:84px;origin:tl\" data-width=\"1200px,633px,408px\" data-height=\"auto,auto,auto\" data-responsive-scale=\"true,,\">M\u00e1ster Universitario en Estudios Pedag\u00f3gicos Avanzados<br><\/h1>\n\n<div id=\"depicter-1-element-10\" class=\"depicter-element depicter-layer depicter-1-element-10\" data-type=\"shape\" data-wrap=\"true\" data-name=\"Shape 1\" data-local-id=\"element-10\" data-offset=\"x:0px;y:316px;origin:tl\" data-tablet-offset=\"x:189px;y:455px;origin:tl\" data-mobile-offset=\"x:-16px;y:288px;origin:tl\" data-width=\"1138px,647px,408px\" data-height=\"8px,8px,8px\" data-responsive-scale=\"true,,\"><\/div>\n<\/div>\n<\/div>\n<script>\n(window.depicterSetups = window.depicterSetups || []).push(function(){\n\tDepicter.basePath = 'https:\/\/www.ull.es\/masteres\/estudios-pedagogicos-avanzados\/wp-content\/plugins\/depicter\/resources\/scripts\/player\/';\n\tconst dpPlayer = Depicter.setup('.depicter-1',\n\t\t{\"width\":[\"1200\",\"1024\",\"360\"],\"height\":[\"450\",\"700\",\"360\"],\"view\":\"basic\",\"keepAspectRatio\":true,\"preload\":0,\"layout\":\"fullwidth\",\"rtl\":false,\"initAfterAppear\":false,\"ajaxApiUrl\":\"https:\\\/\\\/www.ull.es\\\/masteres\\\/estudios-pedagogicos-avanzados\\\/wp-admin\\\/admin-ajax.php\",\"mouseSwipe\":true,\"touchSwipe\":true,\"useWatermark\":false}\n\t);\n});\n<\/script><\/div><\/div><\/div>\n<\/div><\/div>\n\n\n\n<div class=\"wp-block-stackable-columns alignfull stk-block-columns stk--hide-mobile stk-block stk-6394276 stk-block-background\" data-block-id=\"6394276\"><style>.stk-6394276 {background-color:#fa6199 !important;padding-top:50px !important;padding-right:0px !important;padding-bottom:1px !important;padding-left:0px !important;margin-top:-40px !important;margin-bottom:0px !important;}.stk-6394276:before{background-color:#fa6199 !important;}<\/style><div class=\"stk-row stk-inner-blocks stk-block-content stk-content-align stk-6394276-column alignfull\">\n<div class=\"wp-block-stackable-column stk-block-column stk-column stk-block stk-8a66885\" data-v=\"4\" data-block-id=\"8a66885\"><div class=\"stk-column-wrapper stk-block-column__content stk-container stk-8a66885-container stk--no-background stk--no-padding\"><div class=\"stk-block-content stk-inner-blocks stk-8a66885-inner-blocks\">\n<div class=\"wp-block-stackable-spacer stk-block-spacer stk--no-padding stk-block stk-bc89b3e\" data-block-id=\"bc89b3e\"><style>.stk-bc89b3e {height:0px !important;}<\/style><\/div>\n<\/div><\/div><\/div>\n<\/div><\/div>\n\n\n\n<div class=\"wp-block-stackable-columns stk-block-columns stk-block stk-8b59b96\" data-block-id=\"8b59b96\"><style>.stk-8b59b96 .stk--block-align-8b59b96{align-items:flex-start !important;}.stk-8b59b96 {margin-top:50px !important;}.stk-8b59b96-column{--stk-columns-spacing:0px !important;--stk-column-gap:50px !important;}@media screen and (max-width: 767px){.stk-8b59b96-column{row-gap:var(--stk--preset--spacing--60, 2.25rem) !important;}}<\/style><div class=\"stk-row stk-inner-blocks stk--block-align-8b59b96 stk-block-content stk-content-align stk-8b59b96-column\">\n<div class=\"wp-block-stackable-column stk-block-column stk-column stk-block stk-dbb7e15\" data-v=\"4\" data-block-id=\"dbb7e15\"><style>@media screen and (min-width: 768px){.stk-dbb7e15 {flex:var(--stk-flex-grow, 1) 1 66.7% !important;}}<\/style><div class=\"stk-column-wrapper stk-block-column__content stk-container stk-dbb7e15-container stk--no-background stk--no-padding\"><div class=\"stk-block-content stk-inner-blocks stk-dbb7e15-inner-blocks\">\n<div class=\"wp-block-stackable-heading stk-block-heading stk-block-heading--v2 stk-block stk-cc0239e\" id=\"complementos-de-formacion\" data-block-id=\"cc0239e\"><style>.stk-cc0239e .stk-block-heading__text{color:#fa6199 !important;font-weight:500 !important;}<\/style><h1 class=\"stk-block-heading__text has-text-color\">Horarios<\/h1><\/div>\n\n\n\n<div class=\"wp-block-stackable-text stk-block-text stk-block stk-4784e0c\" data-block-id=\"4784e0c\"><p class=\"stk-block-text__text\">Al tratarse de educaci\u00f3n a distancia, las aulas virtuales de las asignaturas se abrir\u00e1n y cerrar\u00e1n seg\u00fan su distribuci\u00f3n cuatrimestral siguiendo el calendario acad\u00e9mico oficial. Cualquier estudiante puede trabajar y acceder a las aulas virtuales 24 horas diarias\/7 d\u00edas a la semana.<\/p><\/div>\n\n\n\n<ul class=\"wp-block-list\">\n<li><a href=\"https:\/\/drive.google.com\/file\/d\/1SiikSj4w0cB4T6HZOqqmH8011_UebUrf\/view?usp=sharing\" target=\"_blank\" rel=\"noreferrer noopener\" target=\"_blank\" rel=\"noopener\">Sistema de priorizaci\u00f3n<\/a><\/li>\n<\/ul>\n\n\n\n<div class=\"wp-block-stackable-divider stk-block-divider stk-block stk-cc13a77\" data-block-id=\"cc13a77\"><style>.stk-cc13a77 hr.stk-block-divider__hr{width:100% !important;}<\/style><hr class=\"stk-block-divider__hr\"\/><\/div>\n\n\n\n<div class=\"wp-block-stackable-heading stk-block-heading stk-block-heading--v2 stk-block stk-227db8c\" id=\"complementos-de-formacion\" data-block-id=\"227db8c\"><style>.stk-227db8c .stk-block-heading__text{color:#fa6199 !important;font-weight:500 !important;}<\/style><h1 class=\"stk-block-heading__text has-text-color\">Calendario de ex\u00e1menes<\/h1><\/div>\n\n\n\n<ul class=\"wp-block-list\">\n<li><a href=\"https:\/\/drive.google.com\/file\/d\/1WV1Xx2u6p1YwP7tDcrgeGwMIuOBiaT3G\/view?usp=drive_link\" target=\"_blank\" rel=\"noreferrer noopener\" target=\"_blank\" rel=\"noopener\">Calendario de ex\u00e1menes curso 2025-2026<\/a><\/li>\n\n\n\n<li><a href=\"https:\/\/drive.google.com\/file\/d\/1mSzdkVz1h9rY3kdle6VKFyg8kGA9KtoX\/view?usp=sharing\" target=\"_blank\" rel=\"noreferrer noopener\" target=\"_blank\" rel=\"noopener\">Calendario de ex\u00e1menes curso 2024-2025<\/a><\/li>\n\n\n\n<li><a href=\"https:\/\/drive.google.com\/file\/d\/1nhxQP8UCVlrtSs-kXtyjr8gNmW1ZE7lF\/view?usp=sharing\" target=\"_blank\" rel=\"noreferrer noopener\" target=\"_blank\" rel=\"noopener\">Calendario de ex\u00e1menes curso 2023-2024<\/a><\/li>\n<\/ul>\n\n\n\n<div class=\"wp-block-stackable-divider stk-block-divider stk-block stk-af2e333\" data-block-id=\"af2e333\"><style>.stk-af2e333 hr.stk-block-divider__hr{width:100% !important;}<\/style><hr class=\"stk-block-divider__hr\"\/><\/div>\n\n\n\n<div class=\"wp-block-stackable-heading stk-block-heading stk-block-heading--v2 stk-block stk-1f2d2ee\" id=\"complementos-de-formacion\" data-block-id=\"1f2d2ee\"><style>.stk-1f2d2ee .stk-block-heading__text{color:#fa6199 !important;font-weight:500 !important;}<\/style><h1 class=\"stk-block-heading__text has-text-color\">Calendario acad\u00e9mico<\/h1><\/div>\n\n\n\n<ul class=\"wp-block-list\">\n<li><a href=\"https:\/\/www.ull.es\/estudios-docencia\/calendario-academico\" target=\"_blank\" rel=\"noreferrer noopener\" target=\"_blank\" rel=\"noopener\">Acceso al calendario acad\u00e9mico oficial de la ULL<\/a><\/li>\n<\/ul>\n<\/div><\/div><\/div>\n\n\n\n<div class=\"wp-block-stackable-column stk-block-column stk-column stk-block stk-53ec762\" data-v=\"4\" data-block-id=\"53ec762\"><style>.stk-53ec762-inner-blocks{row-gap:0px !important;}.stk-53ec762 {padding-top:0px !important;padding-right:0px !important;padding-bottom:0px !important;padding-left:0px !important;}@media screen and (min-width: 768px){.stk-53ec762 {flex:var(--stk-flex-grow, 1) 1 33.3% !important;}}<\/style><div class=\"stk-column-wrapper stk-block-column__content stk-container stk-53ec762-container stk--no-background stk--no-padding\"><div class=\"stk-block-content stk-inner-blocks stk-53ec762-inner-blocks\">\n\n<ul class=\"widget-box\">\n<li class='contacto-header'>Informaci\u00f3n de contacto<\/li><li><i class=\"fa fa-map-marker\"><\/i> Avda. Astrof\u00edsico Francisco S\u00e1nchez, SN. Edificio Calabaza \u2013 AN.2D Apdo. 456 38200 San Crist\u00f3bal de La Laguna<\/li><li><i class=\"fa fa-envelope\"><\/i>  <a href=mailto:master.estudiospedagogicos@ull.es>master.estudiospedagogicos@ull.es<\/a><\/li><li><i class=\"fa fa-archive\"><\/i><a href=\"https:\/\/sede.ull.es\/ecivilis-site\/catalog\/showProcedure\/484\"> Procedimiento para quejas, sugerencias y felicitaciones<\/a><\/li>\n<\/ul>\n\n\n<\/div><\/div><\/div>\n<\/div><\/div>\n","protected":false},"excerpt":{"rendered":"<p>Horaires\u00a0: S&#039;agissant d&#039;un enseignement \u00e0 distance, les classes virtuelles de chaque mati\u00e8re ouvriront et fermeront selon leur horaire trimestriel, conform\u00e9ment au calendrier acad\u00e9mique officiel. Tous les \u00e9tudiants peuvent travailler et acc\u00e9der aux classes virtuelles 24\u00a0h\/24 et 7\u00a0j\/7. Calendrier des examens\u00a0: Calendrier acad\u00e9mique<\/p>","protected":false},"author":1,"featured_media":0,"parent":252,"menu_order":4,"comment_status":"closed","ping_status":"closed","template":"templates\/template-frontpage.php","meta":{"footnotes":""},"class_list":["post-272","page","type-page","status-publish","hentry"],"yoast_head":"<!-- This site is optimized with the Yoast SEO plugin v27.3 - https:\/\/yoast.com\/product\/yoast-seo-wordpress\/ -->\n<title>Horarios y calendario de ex\u00e1menes - M\u00e1ster Universitario en Estudios Pedag\u00f3gicos Avanzados<\/title>\n<meta name=\"robots\" content=\"index, follow, max-snippet:-1, max-image-preview:large, max-video-preview:-1\" \/>\n<link rel=\"canonical\" href=\"https:\/\/www.ull.es\/masteres\/estudios-pedagogicos-avanzados\/fr\/informacion-academica\/horarios-y-calendario-de-examenes\/\" \/>\n<meta property=\"og:locale\" content=\"fr_FR\" \/>\n<meta property=\"og:type\" content=\"article\" \/>\n<meta property=\"og:title\" content=\"Horarios y calendario de ex\u00e1menes - M\u00e1ster Universitario en Estudios Pedag\u00f3gicos Avanzados\" \/>\n<meta property=\"og:description\" content=\"Horarios Al tratarse de educaci\u00f3n a distancia, las aulas virtuales de las asignaturas se abrir\u00e1n y cerrar\u00e1n seg\u00fan su distribuci\u00f3n cuatrimestral siguiendo el calendario acad\u00e9mico oficial. Cualquier estudiante puede trabajar y acceder a las aulas virtuales 24 horas diarias\/7 d\u00edas a la semana. Calendario de ex\u00e1menes Calendario acad\u00e9mico\" \/>\n<meta property=\"og:url\" content=\"https:\/\/www.ull.es\/masteres\/estudios-pedagogicos-avanzados\/fr\/informacion-academica\/horarios-y-calendario-de-examenes\/\" \/>\n<meta property=\"og:site_name\" content=\"M\u00e1ster Universitario en Estudios Pedag\u00f3gicos Avanzados\" \/>\n<meta property=\"article:modified_time\" content=\"2025-07-23T10:49:39+00:00\" \/>\n<meta name=\"twitter:card\" content=\"summary_large_image\" \/>\n<meta name=\"twitter:label1\" content=\"Dur\u00e9e de lecture estim\u00e9e\" \/>\n\t<meta name=\"twitter:data1\" content=\"1 minute\" \/>\n<script type=\"application\/ld+json\" class=\"yoast-schema-graph\">{\"@context\":\"https:\\\/\\\/schema.org\",\"@graph\":[{\"@type\":\"WebPage\",\"@id\":\"https:\\\/\\\/www.ull.es\\\/masteres\\\/estudios-pedagogicos-avanzados\\\/en\\\/informacion-academica\\\/horarios-y-calendario-de-examenes\\\/\",\"url\":\"https:\\\/\\\/www.ull.es\\\/masteres\\\/estudios-pedagogicos-avanzados\\\/en\\\/informacion-academica\\\/horarios-y-calendario-de-examenes\\\/\",\"name\":\"Horarios y calendario de ex\u00e1menes - M\u00e1ster Universitario en Estudios Pedag\u00f3gicos Avanzados\",\"isPartOf\":{\"@id\":\"https:\\\/\\\/www.ull.es\\\/masteres\\\/estudios-pedagogicos-avanzados\\\/en\\\/#website\"},\"datePublished\":\"2017-07-11T13:22:52+00:00\",\"dateModified\":\"2025-07-23T10:49:39+00:00\",\"breadcrumb\":{\"@id\":\"https:\\\/\\\/www.ull.es\\\/masteres\\\/estudios-pedagogicos-avanzados\\\/en\\\/informacion-academica\\\/horarios-y-calendario-de-examenes\\\/#breadcrumb\"},\"inLanguage\":\"fr-FR\",\"potentialAction\":[{\"@type\":\"ReadAction\",\"target\":[\"https:\\\/\\\/www.ull.es\\\/masteres\\\/estudios-pedagogicos-avanzados\\\/en\\\/informacion-academica\\\/horarios-y-calendario-de-examenes\\\/\"]}]},{\"@type\":\"BreadcrumbList\",\"@id\":\"https:\\\/\\\/www.ull.es\\\/masteres\\\/estudios-pedagogicos-avanzados\\\/en\\\/informacion-academica\\\/horarios-y-calendario-de-examenes\\\/#breadcrumb\",\"itemListElement\":[{\"@type\":\"ListItem\",\"position\":1,\"name\":\"Portada\",\"item\":\"https:\\\/\\\/www.ull.es\\\/masteres\\\/estudios-pedagogicos-avanzados\\\/en\\\/\"},{\"@type\":\"ListItem\",\"position\":2,\"name\":\"Informaci\u00f3n Acad\u00e9mica\",\"item\":\"https:\\\/\\\/www.ull.es\\\/masteres\\\/estudios-pedagogicos-avanzados\\\/en\\\/informacion-academica\\\/\"},{\"@type\":\"ListItem\",\"position\":3,\"name\":\"Horarios y calendario de ex\u00e1menes\"}]},{\"@type\":\"WebSite\",\"@id\":\"https:\\\/\\\/www.ull.es\\\/masteres\\\/estudios-pedagogicos-avanzados\\\/en\\\/#website\",\"url\":\"https:\\\/\\\/www.ull.es\\\/masteres\\\/estudios-pedagogicos-avanzados\\\/en\\\/\",\"name\":\"M\u00e1ster Universitario en Estudios Pedag\u00f3gicos Avanzados\",\"description\":\"\",\"potentialAction\":[{\"@type\":\"SearchAction\",\"target\":{\"@type\":\"EntryPoint\",\"urlTemplate\":\"https:\\\/\\\/www.ull.es\\\/masteres\\\/estudios-pedagogicos-avanzados\\\/en\\\/?s={search_term_string}\"},\"query-input\":{\"@type\":\"PropertyValueSpecification\",\"valueRequired\":true,\"valueName\":\"search_term_string\"}}],\"inLanguage\":\"fr-FR\"}]}<\/script>\n<!-- \/ Yoast SEO plugin. -->","yoast_head_json":{"title":"Calendrier et calendrier des examens - Master en \u00e9tudes p\u00e9dagogiques avanc\u00e9es","robots":{"index":"index","follow":"follow","max-snippet":"max-snippet:-1","max-image-preview":"max-image-preview:large","max-video-preview":"max-video-preview:-1"},"canonical":"https:\/\/www.ull.es\/masteres\/estudios-pedagogicos-avanzados\/fr\/informacion-academica\/horarios-y-calendario-de-examenes\/","og_locale":"fr_FR","og_type":"article","og_title":"Horarios y calendario de ex\u00e1menes - M\u00e1ster Universitario en Estudios Pedag\u00f3gicos Avanzados","og_description":"Horarios Al tratarse de educaci\u00f3n a distancia, las aulas virtuales de las asignaturas se abrir\u00e1n y cerrar\u00e1n seg\u00fan su distribuci\u00f3n cuatrimestral siguiendo el calendario acad\u00e9mico oficial. Cualquier estudiante puede trabajar y acceder a las aulas virtuales 24 horas diarias\/7 d\u00edas a la semana. Calendario de ex\u00e1menes Calendario acad\u00e9mico","og_url":"https:\/\/www.ull.es\/masteres\/estudios-pedagogicos-avanzados\/fr\/informacion-academica\/horarios-y-calendario-de-examenes\/","og_site_name":"M\u00e1ster Universitario en Estudios Pedag\u00f3gicos Avanzados","article_modified_time":"2025-07-23T10:49:39+00:00","twitter_card":"summary_large_image","twitter_misc":{"Dur\u00e9e de lecture estim\u00e9e":"1 minute"},"schema":{"@context":"https:\/\/schema.org","@graph":[{"@type":"WebPage","@id":"https:\/\/www.ull.es\/masteres\/estudios-pedagogicos-avanzados\/en\/informacion-academica\/horarios-y-calendario-de-examenes\/","url":"https:\/\/www.ull.es\/masteres\/estudios-pedagogicos-avanzados\/en\/informacion-academica\/horarios-y-calendario-de-examenes\/","name":"Calendrier et calendrier des examens - Master en \u00e9tudes p\u00e9dagogiques avanc\u00e9es","isPartOf":{"@id":"https:\/\/www.ull.es\/masteres\/estudios-pedagogicos-avanzados\/en\/#website"},"datePublished":"2017-07-11T13:22:52+00:00","dateModified":"2025-07-23T10:49:39+00:00","breadcrumb":{"@id":"https:\/\/www.ull.es\/masteres\/estudios-pedagogicos-avanzados\/en\/informacion-academica\/horarios-y-calendario-de-examenes\/#breadcrumb"},"inLanguage":"fr-FR","potentialAction":[{"@type":"ReadAction","target":["https:\/\/www.ull.es\/masteres\/estudios-pedagogicos-avanzados\/en\/informacion-academica\/horarios-y-calendario-de-examenes\/"]}]},{"@type":"BreadcrumbList","@id":"https:\/\/www.ull.es\/masteres\/estudios-pedagogicos-avanzados\/en\/informacion-academica\/horarios-y-calendario-de-examenes\/#breadcrumb","itemListElement":[{"@type":"ListItem","position":1,"name":"Portada","item":"https:\/\/www.ull.es\/masteres\/estudios-pedagogicos-avanzados\/en\/"},{"@type":"ListItem","position":2,"name":"Informaci\u00f3n Acad\u00e9mica","item":"https:\/\/www.ull.es\/masteres\/estudios-pedagogicos-avanzados\/en\/informacion-academica\/"},{"@type":"ListItem","position":3,"name":"Horarios y calendario de ex\u00e1menes"}]},{"@type":"WebSite","@id":"https:\/\/www.ull.es\/masteres\/estudios-pedagogicos-avanzados\/en\/#website","url":"https:\/\/www.ull.es\/masteres\/estudios-pedagogicos-avanzados\/en\/","name":"Master en \u00e9tudes p\u00e9dagogiques avanc\u00e9es","description":"","potentialAction":[{"@type":"SearchAction","target":{"@type":"EntryPoint","urlTemplate":"https:\/\/www.ull.es\/masteres\/estudios-pedagogicos-avanzados\/en\/?s={search_term_string}"},"query-input":{"@type":"PropertyValueSpecification","valueRequired":true,"valueName":"search_term_string"}}],"inLanguage":"fr-FR"}]}},"_links":{"self":[{"href":"https:\/\/www.ull.es\/masteres\/estudios-pedagogicos-avanzados\/fr\/wp-json\/wp\/v2\/pages\/272","targetHints":{"allow":["GET"]}}],"collection":[{"href":"https:\/\/www.ull.es\/masteres\/estudios-pedagogicos-avanzados\/fr\/wp-json\/wp\/v2\/pages"}],"about":[{"href":"https:\/\/www.ull.es\/masteres\/estudios-pedagogicos-avanzados\/fr\/wp-json\/wp\/v2\/types\/page"}],"author":[{"embeddable":true,"href":"https:\/\/www.ull.es\/masteres\/estudios-pedagogicos-avanzados\/fr\/wp-json\/wp\/v2\/users\/1"}],"replies":[{"embeddable":true,"href":"https:\/\/www.ull.es\/masteres\/estudios-pedagogicos-avanzados\/fr\/wp-json\/wp\/v2\/comments?post=272"}],"version-history":[{"count":32,"href":"https:\/\/www.ull.es\/masteres\/estudios-pedagogicos-avanzados\/fr\/wp-json\/wp\/v2\/pages\/272\/revisions"}],"predecessor-version":[{"id":977,"href":"https:\/\/www.ull.es\/masteres\/estudios-pedagogicos-avanzados\/fr\/wp-json\/wp\/v2\/pages\/272\/revisions\/977"}],"up":[{"embeddable":true,"href":"https:\/\/www.ull.es\/masteres\/estudios-pedagogicos-avanzados\/fr\/wp-json\/wp\/v2\/pages\/252"}],"wp:attachment":[{"href":"https:\/\/www.ull.es\/masteres\/estudios-pedagogicos-avanzados\/fr\/wp-json\/wp\/v2\/media?parent=272"}],"curies":[{"name":"wp","href":"https:\/\/api.w.org\/{rel}","templated":true}]}}