{"id":28,"date":"2017-06-28T12:58:21","date_gmt":"2017-06-28T12:58:21","guid":{"rendered":"http:\/\/www.ull.es\/masteres\/desarrollo-y-gestion-de-recursos-humanos\/?page_id=28"},"modified":"2021-06-24T07:46:39","modified_gmt":"2021-06-24T07:46:39","slug":"justificacion-del-titulo","status":"publish","type":"page","link":"https:\/\/www.ull.es\/masteres\/formacion-profesorado\/fr\/justificacion-del-titulo\/","title":{"rendered":"Justification du titre"},"content":{"rendered":"<p>[vc_row][vc_column][vc_column_text]<\/p>\n<h1>Justificaci\u00f3n del t\u00edtulo<\/h1>\n<p>El M\u00e1ster Interuniversitario en Formaci\u00f3n del Profesorado de Educaci\u00f3n Secundaria Obligatoria y Bachillerato, Formaci\u00f3n Profesional y Ense\u00f1anza de Idiomas por las Universidades de La Laguna y Las Palmas de Gran Canaria, habilita para el ejercicio de las profesiones de Profesor de Educaci\u00f3n Secundaria Obligatoria y Bachillerato, Formaci\u00f3n Profesional, Ense\u00f1anza de Idiomas, Art\u00edsticas y Deportivas.<\/p>\n<p>Los Centros responsables de las ense\u00f1anzas que conducen al t\u00edtulo son las\u00a0Universidades de La Laguna y de Las Palmas de Gran Canaria a trav\u00e9s de los\u00a0respectivos centros Facultad de Educaci\u00f3n y la Facultad de Formaci\u00f3n del Profesorado,\u00a0siendo la Universidad Coordinadora la Universidad de La Laguna.<\/p>\n<p>Se presenta la\u00a0<a href=\"https:\/\/drive.google.com\/open?id=1d_g9NO2GqSLd1R7qg9t6WHvqL_4-JkhF\" target=\"_blank\" rel=\"noopener\" target=\"_blank\" rel=\"noopener\">Memoria de Verificaci\u00f3n<\/a>\u00a0tras haber considerado la oportunidad de\u00a0reducir especialidades que hab\u00edan tenido menor n\u00famero de alumnado desde el a\u00f1o 2009\u00a0hasta la actualidad, as\u00ed como por la necesaria adecuaci\u00f3n del mismo a la Orden que\u00a0regula la Orientaci\u00f3n Educativa. Tambi\u00e9n hemos tenido en cuenta las directrices\u00a0institucionales de ambas universidades, consecuencia de la autoevaluaci\u00f3n llevada a cabo cada curso acad\u00e9mico, as\u00ed como las recomendaciones de la ANECA respecto a\u00a0este M\u00e1ster.<\/p>\n<p>Para m\u00e1s informaci\u00f3n:\u00a0<a href=\"https:\/\/drive.google.com\/open?id=1cLhnbC-ww7dyFSXulWVQGBsqyOhfrJPD\" target=\"_blank\" rel=\"noopener\" target=\"_blank\" rel=\"noopener\">justificaci\u00f3n del t\u00edtulo, su inter\u00e9s acad\u00e9mico, cient\u00edfico y profesional<\/a>.[\/vc_column_text][\/vc_column][\/vc_row]<\/p>\n","protected":false},"excerpt":{"rendered":"<p>[vc_row][vc_column][vc_column_text] Justificaci\u00f3n del t\u00edtulo El M\u00e1ster Interuniversitario en Formaci\u00f3n del Profesorado de Educaci\u00f3n Secundaria Obligatoria y Bachillerato, Formaci\u00f3n Profesional y Ense\u00f1anza de Idiomas por las Universidades de La Laguna y Las Palmas de Gran Canaria, habilita para el ejercicio de las profesiones de Profesor de Educaci\u00f3n Secundaria Obligatoria y Bachillerato, Formaci\u00f3n Profesional, Ense\u00f1anza de Idiomas,&#8230;<\/p>\n","protected":false},"author":1,"featured_media":0,"parent":0,"menu_order":0,"comment_status":"closed","ping_status":"closed","template":"","meta":{"footnotes":""},"class_list":["post-28","page","type-page","status-publish","hentry"],"yoast_head":"<!-- This site is optimized with the Yoast SEO plugin v27.3 - https:\/\/yoast.com\/product\/yoast-seo-wordpress\/ -->\n<title>Justificaci\u00f3n del t\u00edtulo - M\u00e1ster en Formaci\u00f3n del Prof. de E.S.O. y Bachillerato, F.P. y Ense\u00f1anza de Idiomas<\/title>\n<meta name=\"robots\" content=\"index, follow, max-snippet:-1, max-image-preview:large, max-video-preview:-1\" \/>\n<link rel=\"canonical\" href=\"https:\/\/www.ull.es\/masteres\/formacion-profesorado\/fr\/justificacion-del-titulo\/\" \/>\n<meta property=\"og:locale\" content=\"fr_FR\" \/>\n<meta property=\"og:type\" content=\"article\" \/>\n<meta property=\"og:title\" content=\"Justificaci\u00f3n del t\u00edtulo - M\u00e1ster en Formaci\u00f3n del Prof. de E.S.O. y Bachillerato, F.P. y Ense\u00f1anza de Idiomas\" \/>\n<meta property=\"og:description\" content=\"[vc_row][vc_column][vc_column_text] Justificaci\u00f3n del t\u00edtulo El M\u00e1ster Interuniversitario en Formaci\u00f3n del Profesorado de Educaci\u00f3n Secundaria Obligatoria y Bachillerato, Formaci\u00f3n Profesional y Ense\u00f1anza de Idiomas por las Universidades de La Laguna y Las Palmas de Gran Canaria, habilita para el ejercicio de las profesiones de Profesor de Educaci\u00f3n Secundaria Obligatoria y Bachillerato, Formaci\u00f3n Profesional, Ense\u00f1anza de Idiomas,...\" \/>\n<meta property=\"og:url\" content=\"https:\/\/www.ull.es\/masteres\/formacion-profesorado\/fr\/justificacion-del-titulo\/\" \/>\n<meta property=\"og:site_name\" content=\"M\u00e1ster en Formaci\u00f3n del Prof. de E.S.O. y Bachillerato, F.P. y Ense\u00f1anza de Idiomas\" \/>\n<meta property=\"article:modified_time\" content=\"2021-06-24T07:46:39+00:00\" \/>\n<meta name=\"twitter:card\" content=\"summary_large_image\" \/>\n<meta name=\"twitter:label1\" content=\"Dur\u00e9e de lecture estim\u00e9e\" \/>\n\t<meta name=\"twitter:data1\" content=\"1 minute\" \/>\n<script type=\"application\/ld+json\" class=\"yoast-schema-graph\">{\"@context\":\"https:\\\/\\\/schema.org\",\"@graph\":[{\"@type\":\"WebPage\",\"@id\":\"https:\\\/\\\/www.ull.es\\\/masteres\\\/formacion-profesorado\\\/justificacion-del-titulo\\\/\",\"url\":\"https:\\\/\\\/www.ull.es\\\/masteres\\\/formacion-profesorado\\\/justificacion-del-titulo\\\/\",\"name\":\"Justificaci\u00f3n del t\u00edtulo - M\u00e1ster en Formaci\u00f3n del Prof. de E.S.O. y Bachillerato, F.P. y Ense\u00f1anza de Idiomas\",\"isPartOf\":{\"@id\":\"https:\\\/\\\/www.ull.es\\\/masteres\\\/formacion-profesorado\\\/#website\"},\"datePublished\":\"2017-06-28T12:58:21+00:00\",\"dateModified\":\"2021-06-24T07:46:39+00:00\",\"breadcrumb\":{\"@id\":\"https:\\\/\\\/www.ull.es\\\/masteres\\\/formacion-profesorado\\\/justificacion-del-titulo\\\/#breadcrumb\"},\"inLanguage\":\"fr-FR\",\"potentialAction\":[{\"@type\":\"ReadAction\",\"target\":[\"https:\\\/\\\/www.ull.es\\\/masteres\\\/formacion-profesorado\\\/justificacion-del-titulo\\\/\"]}]},{\"@type\":\"BreadcrumbList\",\"@id\":\"https:\\\/\\\/www.ull.es\\\/masteres\\\/formacion-profesorado\\\/justificacion-del-titulo\\\/#breadcrumb\",\"itemListElement\":[{\"@type\":\"ListItem\",\"position\":1,\"name\":\"Portada\",\"item\":\"https:\\\/\\\/www.ull.es\\\/masteres\\\/formacion-profesorado\\\/\"},{\"@type\":\"ListItem\",\"position\":2,\"name\":\"Justificaci\u00f3n del t\u00edtulo\"}]},{\"@type\":\"WebSite\",\"@id\":\"https:\\\/\\\/www.ull.es\\\/masteres\\\/formacion-profesorado\\\/#website\",\"url\":\"https:\\\/\\\/www.ull.es\\\/masteres\\\/formacion-profesorado\\\/\",\"name\":\"M\u00e1ster en Formaci\u00f3n del Prof. de E.S.O. y Bachillerato, F.P. y Ense\u00f1anza de Idiomas\",\"description\":\"\",\"potentialAction\":[{\"@type\":\"SearchAction\",\"target\":{\"@type\":\"EntryPoint\",\"urlTemplate\":\"https:\\\/\\\/www.ull.es\\\/masteres\\\/formacion-profesorado\\\/?s={search_term_string}\"},\"query-input\":{\"@type\":\"PropertyValueSpecification\",\"valueRequired\":true,\"valueName\":\"search_term_string\"}}],\"inLanguage\":\"fr-FR\"}]}<\/script>\n<!-- \/ Yoast SEO plugin. -->","yoast_head_json":{"title":"Justification du titre - Master en formation des enseignants du secondaire et du baccalaur\u00e9at, formation professionnelle et didactique des langues","robots":{"index":"index","follow":"follow","max-snippet":"max-snippet:-1","max-image-preview":"max-image-preview:large","max-video-preview":"max-video-preview:-1"},"canonical":"https:\/\/www.ull.es\/masteres\/formacion-profesorado\/fr\/justificacion-del-titulo\/","og_locale":"fr_FR","og_type":"article","og_title":"Justificaci\u00f3n del t\u00edtulo - M\u00e1ster en Formaci\u00f3n del Prof. de E.S.O. y Bachillerato, F.P. y Ense\u00f1anza de Idiomas","og_description":"[vc_row][vc_column][vc_column_text] Justificaci\u00f3n del t\u00edtulo El M\u00e1ster Interuniversitario en Formaci\u00f3n del Profesorado de Educaci\u00f3n Secundaria Obligatoria y Bachillerato, Formaci\u00f3n Profesional y Ense\u00f1anza de Idiomas por las Universidades de La Laguna y Las Palmas de Gran Canaria, habilita para el ejercicio de las profesiones de Profesor de Educaci\u00f3n Secundaria Obligatoria y Bachillerato, Formaci\u00f3n Profesional, Ense\u00f1anza de Idiomas,...","og_url":"https:\/\/www.ull.es\/masteres\/formacion-profesorado\/fr\/justificacion-del-titulo\/","og_site_name":"M\u00e1ster en Formaci\u00f3n del Prof. de E.S.O. y Bachillerato, F.P. y Ense\u00f1anza de Idiomas","article_modified_time":"2021-06-24T07:46:39+00:00","twitter_card":"summary_large_image","twitter_misc":{"Dur\u00e9e de lecture estim\u00e9e":"1 minute"},"schema":{"@context":"https:\/\/schema.org","@graph":[{"@type":"WebPage","@id":"https:\/\/www.ull.es\/masteres\/formacion-profesorado\/justificacion-del-titulo\/","url":"https:\/\/www.ull.es\/masteres\/formacion-profesorado\/justificacion-del-titulo\/","name":"Justification du titre - Master en formation des enseignants du secondaire et du baccalaur\u00e9at, formation professionnelle et didactique des langues","isPartOf":{"@id":"https:\/\/www.ull.es\/masteres\/formacion-profesorado\/#website"},"datePublished":"2017-06-28T12:58:21+00:00","dateModified":"2021-06-24T07:46:39+00:00","breadcrumb":{"@id":"https:\/\/www.ull.es\/masteres\/formacion-profesorado\/justificacion-del-titulo\/#breadcrumb"},"inLanguage":"fr-FR","potentialAction":[{"@type":"ReadAction","target":["https:\/\/www.ull.es\/masteres\/formacion-profesorado\/justificacion-del-titulo\/"]}]},{"@type":"BreadcrumbList","@id":"https:\/\/www.ull.es\/masteres\/formacion-profesorado\/justificacion-del-titulo\/#breadcrumb","itemListElement":[{"@type":"ListItem","position":1,"name":"Portada","item":"https:\/\/www.ull.es\/masteres\/formacion-profesorado\/"},{"@type":"ListItem","position":2,"name":"Justificaci\u00f3n del t\u00edtulo"}]},{"@type":"WebSite","@id":"https:\/\/www.ull.es\/masteres\/formacion-profesorado\/#website","url":"https:\/\/www.ull.es\/masteres\/formacion-profesorado\/","name":"Master en Formation des Enseignants pour l&#039;ESO et le Baccalaur\u00e9at, Formation Professionnelle et Enseignement des Langues","description":"","potentialAction":[{"@type":"SearchAction","target":{"@type":"EntryPoint","urlTemplate":"https:\/\/www.ull.es\/masteres\/formacion-profesorado\/?s={search_term_string}"},"query-input":{"@type":"PropertyValueSpecification","valueRequired":true,"valueName":"search_term_string"}}],"inLanguage":"fr-FR"}]}},"_links":{"self":[{"href":"https:\/\/www.ull.es\/masteres\/formacion-profesorado\/fr\/wp-json\/wp\/v2\/pages\/28","targetHints":{"allow":["GET"]}}],"collection":[{"href":"https:\/\/www.ull.es\/masteres\/formacion-profesorado\/fr\/wp-json\/wp\/v2\/pages"}],"about":[{"href":"https:\/\/www.ull.es\/masteres\/formacion-profesorado\/fr\/wp-json\/wp\/v2\/types\/page"}],"author":[{"embeddable":true,"href":"https:\/\/www.ull.es\/masteres\/formacion-profesorado\/fr\/wp-json\/wp\/v2\/users\/1"}],"replies":[{"embeddable":true,"href":"https:\/\/www.ull.es\/masteres\/formacion-profesorado\/fr\/wp-json\/wp\/v2\/comments?post=28"}],"version-history":[{"count":10,"href":"https:\/\/www.ull.es\/masteres\/formacion-profesorado\/fr\/wp-json\/wp\/v2\/pages\/28\/revisions"}],"predecessor-version":[{"id":1257,"href":"https:\/\/www.ull.es\/masteres\/formacion-profesorado\/fr\/wp-json\/wp\/v2\/pages\/28\/revisions\/1257"}],"wp:attachment":[{"href":"https:\/\/www.ull.es\/masteres\/formacion-profesorado\/fr\/wp-json\/wp\/v2\/media?parent=28"}],"curies":[{"name":"wp","href":"https:\/\/api.w.org\/{rel}","templated":true}]}}