{"id":18,"date":"2017-06-28T12:47:36","date_gmt":"2017-06-28T12:47:36","guid":{"rendered":"http:\/\/www.ull.es\/masteres\/desarrollo-y-gestion-de-recursos-humanos\/?page_id=18"},"modified":"2025-12-04T12:00:52","modified_gmt":"2025-12-04T12:00:52","slug":"apoyo-y-orientacion","status":"publish","type":"page","link":"https:\/\/www.ull.es\/masteres\/formacion-profesorado\/informacion-academica\/apoyo-y-orientacion\/","title":{"rendered":"Apoyo y orientaci\u00f3n"},"content":{"rendered":"\n<div class=\"wp-block-stackable-columns alignfull stk-block-columns stk-block stk-2314a6b\" data-block-id=\"2314a6b\"><style>.stk-2314a6b {padding-bottom:0px !important;margin-top:-100px !important;margin-bottom:0px !important;}<\/style><div class=\"stk-row stk-inner-blocks stk-block-content stk-content-align stk-2314a6b-column alignfull\">\n<div class=\"wp-block-stackable-column stk-block-column stk-column stk-block stk-1d1764d\" data-v=\"4\" data-block-id=\"1d1764d\"><div class=\"stk-column-wrapper stk-block-column__content stk-container stk-1d1764d-container stk--no-background stk--no-padding\"><div class=\"stk-block-content stk-inner-blocks stk-1d1764d-inner-blocks\"><style id=\"depicter-1-inline-pre-css\">\n\n.depicter-1:not(.depicter-ready){\n\theight:450px;\n}\n\n\/***** Tablet *****\/\n@media screen and (max-width: 1024px){\n\n.depicter-1:not(.depicter-ready){\n\theight:700px;\n}\n\n}\n\/***** Mobile *****\/\n@media screen and (max-width: 767px){\n\n.depicter-1:not(.depicter-ready){\n\theight:450px;\n}\n\n}\n<\/style>\n<div id=\"depicter-1\" class=\"depicter depicter-document depicter-revert depicter-1 depicter-layout-fullwidth\">\n\n<div class=\"depicter-loading-container depicter-loading dotFlashing-dark\"><div class=\"depicter-loading-dark depicter-dot-flashing\">\n   <span><\/span>\n   <span><\/span>\n   <span><\/span>\n<\/div>\n<\/div>\n<div id=\"depicter-1-section-1\" class=\"depicter-section depicter-1-section-1\" data-name=\"Section 1\" data-type=\"section\" data-local-id=\"section-1\">\n<picture class=\"depicter-bg\">\n<source data-depicter-srcset=\"https:\/\/www.ull.es\/masteres\/formacion-profesorado\/wp-content\/uploads\/sites\/23\/2025\/07\/Headers-Masteres_Formacion-del-Profesorado-768x248.jpg, https:\/\/www.ull.es\/masteres\/formacion-profesorado\/wp-content\/uploads\/sites\/23\/2025\/07\/Headers-Masteres_Formacion-del-Profesorado.jpg 2x\" srcset=\"data:image\/gif;base64,R0lGODlhAQABAIAAAAAAAP\/\/\/yH5BAEAAAAALAAAAAABAAEAAAIBRAA7\" media=\"(max-width: 1024px)\" \/>\n\n<source data-depicter-srcset=\"https:\/\/www.ull.es\/masteres\/formacion-profesorado\/wp-content\/uploads\/sites\/23\/2025\/07\/Headers-Masteres_Formacion-del-Profesorado.jpg, https:\/\/www.ull.es\/masteres\/formacion-profesorado\/wp-content\/uploads\/sites\/23\/2025\/07\/Headers-Masteres_Formacion-del-Profesorado-1280x413.jpg 2x\" srcset=\"data:image\/gif;base64,R0lGODlhAQABAIAAAAAAAP\/\/\/yH5BAEAAAAALAAAAAABAAEAAAIBRAA7\" media=\"(min-width: 1025px)\" \/>\n<img decoding=\"async\" src=\"data:image\/gif;base64,R0lGODlhAQABAIAAAAAAAP\/\/\/yH5BAEAAAAALAAAAAABAAEAAAIBRAA7\" data-ken-burns=\"false\" data-tablet-ken-burns=\"false\" data-mobile-ken-burns=\"false\" alt=\"\" data-depicter-src=\"https:\/\/www.ull.es\/masteres\/formacion-profesorado\/wp-content\/uploads\/sites\/23\/2025\/07\/Headers-Masteres_Formacion-del-Profesorado.jpg\" data-object-fit=\"custom,custom,\" data-object-position=\"center top,,\" data-crop=\"{'focalPoint':{'x':0.5,'y':0.5},'mediaSize':{'width':1394.6731234866829254315234720706939697265625,'height':450}}\" data-tablet-crop=\"{'focalPoint':{'x':0.5,'y':0.5},'mediaSize':{'width':2169.4915254237284898408688604831695556640625,'height':700}}\" data-mobile-crop=\"{'focalPoint':{'x':0.5,'y':0.5},'mediaSize':{'width':1394.6731234866829254315234720706939697265625,'height':450}}\" \/>\n<\/picture>\n\n\n<h1 id=\"depicter-1-element-5\" class=\"depicter-element depicter-layer depicter-1-element-5\" data-type=\"text\" data-wrap=\"true\" data-name=\"Text 2\" data-local-id=\"element-5\" data-offset=\"x:0px;y:57px;origin:tl\" data-tablet-offset=\"x:196px;y:134px;origin:tl\" data-mobile-offset=\"x:-16px;y:81px;origin:tl\" data-width=\"1200px,633px,408px\" data-height=\"auto,auto,auto\" data-responsive-scale=\"true,,\">M\u00e1ster Universitario del Prof. de ESO y Bachillerato, FP y Ense\u00f1anza de Idiomas (Interuniversitario)<br><\/h1>\n\n<div id=\"depicter-1-element-10\" class=\"depicter-element depicter-layer depicter-1-element-10\" data-type=\"shape\" data-wrap=\"true\" data-name=\"Shape 1\" data-local-id=\"element-10\" data-offset=\"x:0px;y:401px;origin:tl\" data-tablet-offset=\"x:189px;y:575px;origin:tl\" data-mobile-offset=\"x:-16px;y:384px;origin:tl\" data-width=\"1135px,647px,408px\" data-height=\"8px,8px,8px\" data-responsive-scale=\"true,,\"><\/div>\n<\/div>\n<\/div>\n<script>\n(window.depicterSetups = window.depicterSetups || []).push(function(){\n\tDepicter.basePath = 'https:\/\/www.ull.es\/masteres\/formacion-profesorado\/wp-content\/plugins\/depicter\/resources\/scripts\/player\/';\n\tconst dpPlayer = Depicter.setup('.depicter-1',\n\t\t{\"width\":[\"1200\",\"1024\",\"360\"],\"height\":[\"450\",\"700\",\"450\"],\"view\":\"basic\",\"keepAspectRatio\":true,\"preload\":0,\"layout\":\"fullwidth\",\"rtl\":false,\"initAfterAppear\":false,\"ajaxApiUrl\":\"https:\\\/\\\/www.ull.es\\\/masteres\\\/formacion-profesorado\\\/wp-admin\\\/admin-ajax.php\",\"mouseSwipe\":true,\"touchSwipe\":true,\"useWatermark\":false}\n\t);\n});\n<\/script><\/div><\/div><\/div>\n<\/div><\/div>\n\n\n\n<div class=\"wp-block-stackable-columns alignfull stk-block-columns stk--hide-mobile stk-block stk-6394276 stk-block-background\" data-block-id=\"6394276\"><style>.stk-6394276 {background-color:#fa6199 !important;padding-top:50px !important;padding-right:0px !important;padding-bottom:1px !important;padding-left:0px !important;margin-top:-40px !important;margin-bottom:0px !important;}.stk-6394276:before{background-color:#fa6199 !important;}<\/style><div class=\"stk-row stk-inner-blocks stk-block-content stk-content-align stk-6394276-column alignfull\">\n<div class=\"wp-block-stackable-column stk-block-column stk-column stk-block stk-8a66885\" data-v=\"4\" data-block-id=\"8a66885\"><div class=\"stk-column-wrapper stk-block-column__content stk-container stk-8a66885-container stk--no-background stk--no-padding\"><div class=\"stk-block-content stk-inner-blocks stk-8a66885-inner-blocks\">\n<div class=\"wp-block-stackable-spacer stk-block-spacer stk--no-padding stk-block stk-bc89b3e\" data-block-id=\"bc89b3e\"><style>.stk-bc89b3e {height:0px !important;}<\/style><\/div>\n<\/div><\/div><\/div>\n<\/div><\/div>\n\n\n\n<div class=\"wp-block-stackable-columns stk-block-columns stk-block stk-8b59b96\" data-block-id=\"8b59b96\"><style>.stk-8b59b96 .stk--block-align-8b59b96{align-items:flex-start !important;}.stk-8b59b96 {margin-top:50px !important;}.stk-8b59b96-column{--stk-columns-spacing:0px !important;--stk-column-gap:50px !important;}@media screen and (max-width: 767px){.stk-8b59b96-column{row-gap:var(--stk--preset--spacing--60, 2.25rem) !important;}}<\/style><div class=\"stk-row stk-inner-blocks stk--block-align-8b59b96 stk-block-content stk-content-align stk-8b59b96-column\">\n<div class=\"wp-block-stackable-column stk-block-column stk-column stk-block stk-dbb7e15\" data-v=\"4\" data-block-id=\"dbb7e15\"><style>@media screen and (min-width: 768px){.stk-dbb7e15 {flex:var(--stk-flex-grow, 1) 1 66.7% !important;}}<\/style><div class=\"stk-column-wrapper stk-block-column__content stk-container stk-dbb7e15-container stk--no-background stk--no-padding\"><div class=\"stk-block-content stk-inner-blocks stk-dbb7e15-inner-blocks\">\n<div class=\"wp-block-stackable-heading stk-block-heading stk-block-heading--v2 stk-block stk-cc0239e\" id=\"complementos-de-formacion\" data-block-id=\"cc0239e\"><style>.stk-cc0239e .stk-block-heading__text{color:#fa6199 !important;font-weight:500 !important;}<\/style><h1 class=\"stk-block-heading__text has-text-color\">Apoyo y orientaci\u00f3n<\/h1><\/div>\n\n\n\n<div class=\"wp-block-stackable-text stk-block-text stk-block stk-0522ffa\" data-block-id=\"0522ffa\"><p class=\"stk-block-text__text\">El apoyo y la orientaci\u00f3n puestos a disposici\u00f3n de los estudiantes una vez matriculados en el t\u00edtulo responden a lo recogido en apartado 4.3 de la Memoria de Verificaci\u00f3n del t\u00edtulo.<\/p><\/div>\n\n\n\n<p>En este sentido, la Direcci\u00f3n del M\u00e1ster adem\u00e1s de las funciones propias de gesti\u00f3n y de coordinaci\u00f3n del t\u00edtulo, act\u00faa como tutor\/a general del alumnado, junto con los coordinadores\/as de especialidad como referente a la hora de asesorar al alumnado en las cuestiones acad\u00e9micas relativas al master, apoyando la labor de tutorizaci\u00f3n que realizan los profesores de cada una de las asignaturas y de manera particular, el coordinador de las mismas. Esta funci\u00f3n tutorial es compartida y personalizada a trav\u00e9s de los tutores de las asignaturas Trabajo Fin de M\u00e1ster y las Pr\u00e1cticas Externas.<\/p>\n\n\n\n<p>A trav\u00e9s de los distintos niveles de tutorizaci\u00f3n-coordinaci\u00f3n docente (Director Acad\u00e9mico, Coordinador\/as de Asignatura, Tutor de Trabajo Fin de M\u00e1ster, Tutor de Pr\u00e1cticas Externas,\u2026) se mantiene una relaci\u00f3n directa y continua con los estudiantes, lo que permite la detecci\u00f3n y diagn\u00f3stico de causas de dificultades en el rendimiento acad\u00e9mico y procesos de aprendizaje, y permite valorar su alcance y efectividad, dando traslado de las mismas a la Comisi\u00f3n Acad\u00e9mica, en su caso.<\/p>\n\n\n\n<p>El M\u00e1ster de Formaci\u00f3n del Profesorado cuenta con un&nbsp;<strong>Plan de Informaci\u00f3n y Orientaci\u00f3n&nbsp;<\/strong>que tiene como finalidad apoyar y guiar a los estudiantes del m\u00e1ster en su proceso de desarrollo profesional y personal, garantizando una formaci\u00f3n de calidad y prepar\u00e1ndolos de manera integral para su futura labor como docentes.<\/p>\n\n\n\n<p>Los objetivos son:&nbsp;<\/p>\n\n\n\n<ul class=\"wp-block-list\">\n<li>Brindar informaci\u00f3n clara y precisa sobre los requisitos, estructura y contenido del m\u00e1ster de formaci\u00f3n del profesorado.<\/li>\n\n\n\n<li>Proporcionar orientaci\u00f3n acad\u00e9mica y pedag\u00f3gica para ayudar a los estudiantes a desarrollar habilidades docentes efectivas.<\/li>\n\n\n\n<li>Informar sobre las pr\u00e1cticas y experiencias de ense\u00f1anza en centros educativos, brindando pautas y apoyo para su realizaci\u00f3n exitosa.<\/li>\n\n\n\n<li>Orientar a los estudiantes en la planificaci\u00f3n de su carrera profesional como docentes, ofreciendo informaci\u00f3n sobre las posibilidades de empleo, procesos de selecci\u00f3n y oportunidades de desarrollo profesional.<\/li>\n\n\n\n<li>Facilitar el acceso a recursos y materiales de apoyo, como bibliograf\u00eda relevante, herramientas digitales, buenas pr\u00e1cticas y materiales curriculares.<\/li>\n\n\n\n<li>Promover la reflexi\u00f3n y el crecimiento profesional de los estudiantes, estimulando la participaci\u00f3n en actividades de formaci\u00f3n continua, grupos de investigaci\u00f3n y redes profesionales.<\/li>\n\n\n\n<li>Fomentar la adquisici\u00f3n de competencias transversales, como habilidades comunicativas, trabajo en equipo, liderazgo y resoluci\u00f3n de problemas, que sean relevantes para la pr\u00e1ctica docente.<\/li>\n\n\n\n<li>Evaluar y mejorar continuamente el plan de informaci\u00f3n y orientaci\u00f3n en base a los comentarios y necesidades de los estudiantes, asegurando su eficacia y pertinencia.<\/li>\n<\/ul>\n\n\n\n<p>En el siguiente\u00a0<a href=\"https:\/\/drive.google.com\/file\/d\/1Rtlu0imrlkDnZTyd3xmpjbgUxAePvnyg\/view?usp=sharing\" target=\"_blank\" rel=\"noopener\">enlace\u00a0<\/a>puede consultar el Plan de Informaci\u00f3n y Orientaci\u00f3n para el curso 2024\/2025.<\/p>\n\n\n\n<p>Hist\u00f3rico:&nbsp;<\/p>\n\n\n\n<p><a href=\"https:\/\/drive.google.com\/file\/d\/19kdEsmAA5_0e9ID5HhLHt02ag7Alvj5f\/view?usp=drive_link\" target=\"_blank\" rel=\"noopener\">Plan de Informaci\u00f3n y Orientaci\u00f3n del curso 2024\/2025<\/a><\/p>\n\n\n\n<p><a href=\"https:\/\/drive.google.com\/file\/d\/1QbBsj45SqQfrZR4Aoi-01lNV8rr5zBgd\/view?usp=drive_link\" target=\"_blank\" rel=\"noreferrer noopener\" target=\"_blank\" rel=\"noopener\">Plan de Informaci\u00f3n y Orientaci\u00f3n del curso 2023\/2024<\/a><\/p>\n\n\n\n<p><a href=\"https:\/\/drive.google.com\/file\/d\/1mmtQOt5q7wo02-6InWZGZltObPq8D7hk\/view?usp=sharing\" target=\"_blank\" rel=\"noreferrer noopener\" target=\"_blank\" rel=\"noopener\">Plan de Informaci\u00f3n y Orientaci\u00f3n del curso 2022\/2023<\/a><\/p>\n\n\n\n<p>El M\u00e1ster de Formaci\u00f3n de Profesorado dispone de un aula virtual de coordinaci\u00f3n que facilita la interacci\u00f3n entre el equipo directivo del programa, el alumnado y los coordinadores de las especialidades. Este espacio est\u00e1 dise\u00f1ado para servir como medio de comunicaci\u00f3n, consulta de informaci\u00f3n general y presentaci\u00f3n de propuestas de actividades puntuales desarrolladas durante el curso. Desde el comienzo del curso, el alumnado estar\u00e1 inscrito para mantener un contacto continuo con la organizaci\u00f3n y el desarrollo del m\u00e1ster.<\/p>\n\n\n\n<p>Adem\u00e1s de las estructuras existentes a nivel centro, la ULL cuenta con un Servicio de Informaci\u00f3n y Orientaci\u00f3n (SIO) destinado a informar, asesorar y orientar a los futuros estudiantes y a la comunidad universitaria en general. El SIO dispone de tres \u00e1reas diferenciadas: un \u00e1rea de informaci\u00f3n (becas y ayudas, propuestas formativas universitarias, tr\u00e1mites, derechos y deberes, plazos y procedimientos,\u2026), una Asesor\u00eda Psicopedag\u00f3gica y una Asesor\u00eda Jur\u00eddica. Puede accederse al SIO a trav\u00e9s del siguiente&nbsp;<a href=\"https:\/\/www.ull.es\/servicios\/servicio-de-informacion-y-orientacion-sio\/\" target=\"_blank\" rel=\"noreferrer noopener\" target=\"_blank\" rel=\"noopener\">enlace.<\/a><\/p>\n\n\n\n<p><strong>Profesi\u00f3n regulada<\/strong><\/p>\n\n\n\n<p><em>El M\u00e1ster Interuniversitario en Formaci\u00f3n del Profesorado de Educaci\u00f3n Secundaria Obligatoria y Bachillerato, Formaci\u00f3n Profesional y Ense\u00f1anza de Idiomas por las Universidades de La Laguna y Las Palmas de Gran Canaria, habilita para el ejercicio de actividades profesionales, seg\u00fan la Orden EDU\/3498\/2011, de 16 de diciembre, por la que se modifica la Orden ECI\/3858\/2007, de 27 de diciembre, por la que se establecen los requisitos para la verificaci\u00f3n de los t\u00edtulos universitarios oficiales que habiliten para el ejercicio de las profesiones de Profesor de Educaci\u00f3n Secundaria Obligatoria y Bachillerato, Formaci\u00f3n Profesional y Ense\u00f1anza de Idiomas<\/em><\/p>\n\n\n\n<p><a href=\"https:\/\/drive.google.com\/file\/d\/1yDTuj5zsV55Y8kuP9Blelf-CU_VEAReJ\/view?usp=sharing\" target=\"_blank\" rel=\"noreferrer noopener\" target=\"_blank\" rel=\"noopener\"><strong>Memoria de actividades del M\u00e1ster de Formaci\u00f3n del Profesorado 2022-2023<\/strong><\/a><\/p>\n<\/div><\/div><\/div>\n\n\n\n<div class=\"wp-block-stackable-column stk-block-column stk-column stk-block stk-53ec762\" data-v=\"4\" data-block-id=\"53ec762\"><style>.stk-53ec762-inner-blocks{row-gap:0px !important;}.stk-53ec762 {padding-top:0px !important;padding-right:0px !important;padding-bottom:0px !important;padding-left:0px !important;}@media screen and (min-width: 768px){.stk-53ec762 {flex:var(--stk-flex-grow, 1) 1 33.3% !important;}}<\/style><div class=\"stk-column-wrapper stk-block-column__content stk-container stk-53ec762-container stk--no-background stk--no-padding\"><div class=\"stk-block-content stk-inner-blocks stk-53ec762-inner-blocks\">\n\n<ul class=\"widget-box\">\n<li class='contacto-header'>Informaci\u00f3n de contacto<\/li><li><i class=\"fa fa-map-marker\"><\/i> Avda. Astrof\u00edsico Francisco S\u00e1nchez, SN. Edificio Calabaza \u2013 AN.2D Apdo. 456 38200 San Crist\u00f3bal de La Laguna<\/li><li><i class=\"fa fa-envelope\"><\/i>  <a href=mailto:master.profesorado@ull.es>master.profesorado@ull.es<\/a><\/li><li><i class=\"fa fa-archive\"><\/i><a href=\"https:\/\/sede.ull.es\/ecivilis-site\/catalog\/showProcedure\/484\"> Procedimiento para quejas, sugerencias y felicitaciones<\/a><\/li>\n<\/ul>\n\n\n<\/div><\/div><\/div>\n<\/div><\/div>\n","protected":false},"excerpt":{"rendered":"<p>Apoyo y orientaci\u00f3n El apoyo y la orientaci\u00f3n puestos a disposici\u00f3n de los estudiantes una vez matriculados en el t\u00edtulo responden a lo recogido en apartado 4.3 de la Memoria de Verificaci\u00f3n del t\u00edtulo. En este sentido, la Direcci\u00f3n del M\u00e1ster adem\u00e1s de las funciones propias de gesti\u00f3n y de coordinaci\u00f3n del t\u00edtulo, act\u00faa como&#8230;<\/p>\n","protected":false},"author":1,"featured_media":0,"parent":252,"menu_order":7,"comment_status":"closed","ping_status":"closed","template":"templates\/template-frontpage.php","meta":{"footnotes":""},"class_list":["post-18","page","type-page","status-publish","hentry"],"yoast_head":"<!-- This site is optimized with the Yoast SEO plugin v27.3 - https:\/\/yoast.com\/product\/yoast-seo-wordpress\/ -->\n<title>Apoyo y orientaci\u00f3n - M\u00e1ster en Formaci\u00f3n del Prof. de E.S.O. y Bachillerato, F.P. y Ense\u00f1anza de Idiomas<\/title>\n<meta name=\"robots\" content=\"index, follow, max-snippet:-1, max-image-preview:large, max-video-preview:-1\" \/>\n<link rel=\"canonical\" href=\"https:\/\/www.ull.es\/masteres\/formacion-profesorado\/informacion-academica\/apoyo-y-orientacion\/\" \/>\n<meta property=\"og:locale\" content=\"es_ES\" \/>\n<meta property=\"og:type\" content=\"article\" \/>\n<meta property=\"og:title\" content=\"Apoyo y orientaci\u00f3n - M\u00e1ster en Formaci\u00f3n del Prof. de E.S.O. y Bachillerato, F.P. y Ense\u00f1anza de Idiomas\" \/>\n<meta property=\"og:description\" content=\"Apoyo y orientaci\u00f3n El apoyo y la orientaci\u00f3n puestos a disposici\u00f3n de los estudiantes una vez matriculados en el t\u00edtulo responden a lo recogido en apartado 4.3 de la Memoria de Verificaci\u00f3n del t\u00edtulo. En este sentido, la Direcci\u00f3n del M\u00e1ster adem\u00e1s de las funciones propias de gesti\u00f3n y de coordinaci\u00f3n del t\u00edtulo, act\u00faa como...\" \/>\n<meta property=\"og:url\" content=\"https:\/\/www.ull.es\/masteres\/formacion-profesorado\/informacion-academica\/apoyo-y-orientacion\/\" \/>\n<meta property=\"og:site_name\" content=\"M\u00e1ster en Formaci\u00f3n del Prof. de E.S.O. y Bachillerato, F.P. y Ense\u00f1anza de Idiomas\" \/>\n<meta property=\"article:modified_time\" content=\"2025-12-04T12:00:52+00:00\" \/>\n<meta name=\"twitter:card\" content=\"summary_large_image\" \/>\n<meta name=\"twitter:label1\" content=\"Tiempo de lectura\" \/>\n\t<meta name=\"twitter:data1\" content=\"4 minutos\" \/>\n<script type=\"application\/ld+json\" class=\"yoast-schema-graph\">{\"@context\":\"https:\\\/\\\/schema.org\",\"@graph\":[{\"@type\":\"WebPage\",\"@id\":\"https:\\\/\\\/www.ull.es\\\/masteres\\\/formacion-profesorado\\\/informacion-academica\\\/apoyo-y-orientacion\\\/\",\"url\":\"https:\\\/\\\/www.ull.es\\\/masteres\\\/formacion-profesorado\\\/informacion-academica\\\/apoyo-y-orientacion\\\/\",\"name\":\"Apoyo y orientaci\u00f3n - M\u00e1ster en Formaci\u00f3n del Prof. de E.S.O. y Bachillerato, F.P. y Ense\u00f1anza de Idiomas\",\"isPartOf\":{\"@id\":\"https:\\\/\\\/www.ull.es\\\/masteres\\\/formacion-profesorado\\\/#website\"},\"datePublished\":\"2017-06-28T12:47:36+00:00\",\"dateModified\":\"2025-12-04T12:00:52+00:00\",\"breadcrumb\":{\"@id\":\"https:\\\/\\\/www.ull.es\\\/masteres\\\/formacion-profesorado\\\/informacion-academica\\\/apoyo-y-orientacion\\\/#breadcrumb\"},\"inLanguage\":\"es\",\"potentialAction\":[{\"@type\":\"ReadAction\",\"target\":[\"https:\\\/\\\/www.ull.es\\\/masteres\\\/formacion-profesorado\\\/informacion-academica\\\/apoyo-y-orientacion\\\/\"]}]},{\"@type\":\"BreadcrumbList\",\"@id\":\"https:\\\/\\\/www.ull.es\\\/masteres\\\/formacion-profesorado\\\/informacion-academica\\\/apoyo-y-orientacion\\\/#breadcrumb\",\"itemListElement\":[{\"@type\":\"ListItem\",\"position\":1,\"name\":\"Portada\",\"item\":\"https:\\\/\\\/www.ull.es\\\/masteres\\\/formacion-profesorado\\\/\"},{\"@type\":\"ListItem\",\"position\":2,\"name\":\"Informaci\u00f3n Acad\u00e9mica\",\"item\":\"https:\\\/\\\/www.ull.es\\\/masteres\\\/formacion-profesorado\\\/informacion-academica\\\/\"},{\"@type\":\"ListItem\",\"position\":3,\"name\":\"Apoyo y orientaci\u00f3n\"}]},{\"@type\":\"WebSite\",\"@id\":\"https:\\\/\\\/www.ull.es\\\/masteres\\\/formacion-profesorado\\\/#website\",\"url\":\"https:\\\/\\\/www.ull.es\\\/masteres\\\/formacion-profesorado\\\/\",\"name\":\"M\u00e1ster en Formaci\u00f3n del Prof. de E.S.O. y Bachillerato, F.P. y Ense\u00f1anza de Idiomas\",\"description\":\"\",\"potentialAction\":[{\"@type\":\"SearchAction\",\"target\":{\"@type\":\"EntryPoint\",\"urlTemplate\":\"https:\\\/\\\/www.ull.es\\\/masteres\\\/formacion-profesorado\\\/?s={search_term_string}\"},\"query-input\":{\"@type\":\"PropertyValueSpecification\",\"valueRequired\":true,\"valueName\":\"search_term_string\"}}],\"inLanguage\":\"es\"}]}<\/script>\n<!-- \/ Yoast SEO plugin. -->","yoast_head_json":{"title":"Apoyo y orientaci\u00f3n - M\u00e1ster en Formaci\u00f3n del Prof. de E.S.O. y Bachillerato, F.P. y Ense\u00f1anza de Idiomas","robots":{"index":"index","follow":"follow","max-snippet":"max-snippet:-1","max-image-preview":"max-image-preview:large","max-video-preview":"max-video-preview:-1"},"canonical":"https:\/\/www.ull.es\/masteres\/formacion-profesorado\/informacion-academica\/apoyo-y-orientacion\/","og_locale":"es_ES","og_type":"article","og_title":"Apoyo y orientaci\u00f3n - M\u00e1ster en Formaci\u00f3n del Prof. de E.S.O. y Bachillerato, F.P. y Ense\u00f1anza de Idiomas","og_description":"Apoyo y orientaci\u00f3n El apoyo y la orientaci\u00f3n puestos a disposici\u00f3n de los estudiantes una vez matriculados en el t\u00edtulo responden a lo recogido en apartado 4.3 de la Memoria de Verificaci\u00f3n del t\u00edtulo. En este sentido, la Direcci\u00f3n del M\u00e1ster adem\u00e1s de las funciones propias de gesti\u00f3n y de coordinaci\u00f3n del t\u00edtulo, act\u00faa como...","og_url":"https:\/\/www.ull.es\/masteres\/formacion-profesorado\/informacion-academica\/apoyo-y-orientacion\/","og_site_name":"M\u00e1ster en Formaci\u00f3n del Prof. de E.S.O. y Bachillerato, F.P. y Ense\u00f1anza de Idiomas","article_modified_time":"2025-12-04T12:00:52+00:00","twitter_card":"summary_large_image","twitter_misc":{"Tiempo de lectura":"4 minutos"},"schema":{"@context":"https:\/\/schema.org","@graph":[{"@type":"WebPage","@id":"https:\/\/www.ull.es\/masteres\/formacion-profesorado\/informacion-academica\/apoyo-y-orientacion\/","url":"https:\/\/www.ull.es\/masteres\/formacion-profesorado\/informacion-academica\/apoyo-y-orientacion\/","name":"Apoyo y orientaci\u00f3n - M\u00e1ster en Formaci\u00f3n del Prof. de E.S.O. y Bachillerato, F.P. y Ense\u00f1anza de Idiomas","isPartOf":{"@id":"https:\/\/www.ull.es\/masteres\/formacion-profesorado\/#website"},"datePublished":"2017-06-28T12:47:36+00:00","dateModified":"2025-12-04T12:00:52+00:00","breadcrumb":{"@id":"https:\/\/www.ull.es\/masteres\/formacion-profesorado\/informacion-academica\/apoyo-y-orientacion\/#breadcrumb"},"inLanguage":"es","potentialAction":[{"@type":"ReadAction","target":["https:\/\/www.ull.es\/masteres\/formacion-profesorado\/informacion-academica\/apoyo-y-orientacion\/"]}]},{"@type":"BreadcrumbList","@id":"https:\/\/www.ull.es\/masteres\/formacion-profesorado\/informacion-academica\/apoyo-y-orientacion\/#breadcrumb","itemListElement":[{"@type":"ListItem","position":1,"name":"Portada","item":"https:\/\/www.ull.es\/masteres\/formacion-profesorado\/"},{"@type":"ListItem","position":2,"name":"Informaci\u00f3n Acad\u00e9mica","item":"https:\/\/www.ull.es\/masteres\/formacion-profesorado\/informacion-academica\/"},{"@type":"ListItem","position":3,"name":"Apoyo y orientaci\u00f3n"}]},{"@type":"WebSite","@id":"https:\/\/www.ull.es\/masteres\/formacion-profesorado\/#website","url":"https:\/\/www.ull.es\/masteres\/formacion-profesorado\/","name":"M\u00e1ster en Formaci\u00f3n del Prof. de E.S.O. y Bachillerato, F.P. y Ense\u00f1anza de Idiomas","description":"","potentialAction":[{"@type":"SearchAction","target":{"@type":"EntryPoint","urlTemplate":"https:\/\/www.ull.es\/masteres\/formacion-profesorado\/?s={search_term_string}"},"query-input":{"@type":"PropertyValueSpecification","valueRequired":true,"valueName":"search_term_string"}}],"inLanguage":"es"}]}},"_links":{"self":[{"href":"https:\/\/www.ull.es\/masteres\/formacion-profesorado\/wp-json\/wp\/v2\/pages\/18","targetHints":{"allow":["GET"]}}],"collection":[{"href":"https:\/\/www.ull.es\/masteres\/formacion-profesorado\/wp-json\/wp\/v2\/pages"}],"about":[{"href":"https:\/\/www.ull.es\/masteres\/formacion-profesorado\/wp-json\/wp\/v2\/types\/page"}],"author":[{"embeddable":true,"href":"https:\/\/www.ull.es\/masteres\/formacion-profesorado\/wp-json\/wp\/v2\/users\/1"}],"replies":[{"embeddable":true,"href":"https:\/\/www.ull.es\/masteres\/formacion-profesorado\/wp-json\/wp\/v2\/comments?post=18"}],"version-history":[{"count":26,"href":"https:\/\/www.ull.es\/masteres\/formacion-profesorado\/wp-json\/wp\/v2\/pages\/18\/revisions"}],"predecessor-version":[{"id":1629,"href":"https:\/\/www.ull.es\/masteres\/formacion-profesorado\/wp-json\/wp\/v2\/pages\/18\/revisions\/1629"}],"up":[{"embeddable":true,"href":"https:\/\/www.ull.es\/masteres\/formacion-profesorado\/wp-json\/wp\/v2\/pages\/252"}],"wp:attachment":[{"href":"https:\/\/www.ull.es\/masteres\/formacion-profesorado\/wp-json\/wp\/v2\/media?parent=18"}],"curies":[{"name":"wp","href":"https:\/\/api.w.org\/{rel}","templated":true}]}}