{"id":3126,"date":"2024-03-05T12:41:15","date_gmt":"2024-03-05T12:41:15","guid":{"rendered":"https:\/\/www.ull.es\/masteres\/?page_id=3126"},"modified":"2026-03-26T13:49:04","modified_gmt":"2026-03-26T13:49:04","slug":"acreditacion-de-nivel-de-idiomas","status":"publish","type":"page","link":"https:\/\/www.ull.es\/masteres\/fr\/acreditacion-de-nivel-de-idiomas\/","title":{"rendered":"Accr\u00e9ditation du niveau de langue"},"content":{"rendered":"\n<div class=\"wp-block-stackable-columns alignfull stk-block-columns stk-block stk-2314a6b\" data-block-id=\"2314a6b\"><style>.stk-2314a6b {padding-bottom:0px !important;margin-bottom:0px !important;}@media screen and (max-width: 767px){.stk-2314a6b {padding-top:0px !important;padding-right:0px !important;padding-bottom:0px !important;padding-left:0px !important;margin-top:-15px !important;margin-left:-8px !important;}}<\/style><div class=\"stk-row stk-inner-blocks stk-block-content stk-content-align stk-2314a6b-column alignfull\">\n<div class=\"wp-block-stackable-column stk-block-column stk-column stk-block stk-1d1764d\" data-v=\"4\" data-block-id=\"1d1764d\"><div class=\"stk-column-wrapper stk-block-column__content stk-container stk-1d1764d-container stk--no-background stk--no-padding\"><div class=\"stk-block-content stk-inner-blocks stk-1d1764d-inner-blocks\"><style id=\"depicter-43-inline-pre-css\">\n\n.depicter-43:not(.depicter-ready){\n\theight:500px;\n}\n\n\/***** Tablet *****\/\n@media screen and (max-width: 1024px){\n\n.depicter-43:not(.depicter-ready){\n\theight:700px;\n}\n\n}\n\/***** Mobile *****\/\n@media screen and (max-width: 767px){\n\n.depicter-43:not(.depicter-ready){\n\theight:360px;\n}\n\n}\n<\/style>\n<div id=\"depicter-43\" class=\"depicter depicter-document depicter-revert depicter-43 depicter-layout-fullwidth\">\n\n<div class=\"depicter-loading-container depicter-loading dotFlashing-dark\"><div class=\"depicter-loading-dark depicter-dot-flashing\">\n   <span><\/span>\n   <span><\/span>\n   <span><\/span>\n<\/div>\n<\/div>\n<div id=\"depicter-43-section-1\" class=\"depicter-section depicter-43-section-1\" data-name=\"Section 1\" data-type=\"section\" data-local-id=\"section-1\">\n<picture class=\"depicter-bg\">\n<source data-depicter-srcset=\"https:\/\/www.ull.es\/masteres\/wp-content\/uploads\/2026\/03\/mobile-1-768x845.jpg, https:\/\/www.ull.es\/masteres\/wp-content\/uploads\/2026\/03\/mobile-1.jpg 2x\" srcset=\"data:image\/gif;base64,R0lGODlhAQABAIAAAAAAAP\/\/\/yH5BAEAAAAALAAAAAABAAEAAAIBRAA7\" media=\"(max-width: 767px)\" \/>\n\n<source data-depicter-srcset=\"https:\/\/www.ull.es\/masteres\/wp-content\/uploads\/2026\/03\/mobile-1.jpg, https:\/\/www.ull.es\/masteres\/wp-content\/uploads\/2026\/03\/mobile-1-1000x1100.jpg 2x\" srcset=\"data:image\/gif;base64,R0lGODlhAQABAIAAAAAAAP\/\/\/yH5BAEAAAAALAAAAAABAAEAAAIBRAA7\" media=\"(max-width: 1024px)\" \/>\n\n<source data-depicter-srcset=\"https:\/\/www.ull.es\/masteres\/wp-content\/uploads\/2026\/03\/web-2.jpg, https:\/\/www.ull.es\/masteres\/wp-content\/uploads\/2026\/03\/web-2-1280x400.jpg 2x\" srcset=\"data:image\/gif;base64,R0lGODlhAQABAIAAAAAAAP\/\/\/yH5BAEAAAAALAAAAAABAAEAAAIBRAA7\" media=\"(min-width: 1025px)\" \/>\n<img decoding=\"async\" src=\"data:image\/gif;base64,R0lGODlhAQABAIAAAAAAAP\/\/\/yH5BAEAAAAALAAAAAABAAEAAAIBRAA7\" data-ken-burns=\"{'scale':1,'duration':'5000','focalPoint':{'x':0.5,'y':0.38000000000000000444089209850062616169452667236328125},'easing':'linear'}\" data-tablet-ken-burns=\"{'scale':0.75,'duration':0,'focalPoint':{'x':0.5,'y':0.38000000000000000444089209850062616169452667236328125},'easing':'linear'}\" data-mobile-ken-burns=\"{'scale':1,'duration':0,'focalPoint':{'x':0.5,'y':0.38000000000000000444089209850062616169452667236328125},'easing':'linear'}\" alt=\"\" data-depicter-src=\"https:\/\/www.ull.es\/masteres\/wp-content\/uploads\/2026\/03\/web-2.jpg\" data-object-fit=\"cover,custom,custom\" data-object-position=\",,center center\" data-crop=\"{'focalPoint':{'x':0.5,'y':0.5},'mediaSize':{'width':1280,'height':400}}\" data-tablet-crop=\"{'focalPoint':{'x':0.5,'y':0.5},'mediaSize':{'width':1024,'height':1126.40000000000009094947017729282379150390625}}\" data-mobile-crop=\"{'focalPoint':{'x':0.5,'y':0.38000000000000000444089209850062616169452667236328125},'mediaSize':{'width':767,'height':843}}\" \/>\n<\/picture>\n\n\n<picture id=\"depicter-43-element-13\" class=\"depicter-element depicter-layer depicter-43-element-13\" data-type=\"image\" data-wrap=\"true\" data-name=\"Image 9\" data-local-id=\"element-13\" data-offset=\"x:-249px;y:-373px;origin:tl\" data-mobile-offset=\"x:-32px;y:-52px;origin:tl\" data-width=\"262px,,423px\" data-height=\"288px,,464px\" data-responsive-scale=\"true,,\" data-crop=\"false\">\n<source data-depicter-srcset=\"https:\/\/www.ull.es\/masteres\/wp-content\/uploads\/2026\/03\/mobile-1-423x464.jpg, https:\/\/www.ull.es\/masteres\/wp-content\/uploads\/2026\/03\/mobile-1-846x928.jpg 2x\" srcset=\"data:image\/gif;base64,R0lGODlhAQABAIAAAAAAAP\/\/\/yH5BAEAAAAALAAAAAABAAEAAAIBRAA7\" media=\"(max-width: 767px)\" \/>\n\n<source data-depicter-srcset=\"https:\/\/www.ull.es\/masteres\/wp-content\/uploads\/2026\/03\/mobile-1-262x288.jpg, https:\/\/www.ull.es\/masteres\/wp-content\/uploads\/2026\/03\/mobile-1-524x576.jpg 2x\" srcset=\"data:image\/gif;base64,R0lGODlhAQABAIAAAAAAAP\/\/\/yH5BAEAAAAALAAAAAABAAEAAAIBRAA7\" media=\"(min-width: 768px)\" \/>\n<img decoding=\"async\" src=\"data:image\/gif;base64,R0lGODlhAQABAIAAAAAAAP\/\/\/yH5BAEAAAAALAAAAAABAAEAAAIBRAA7\" data-depicter-src=\"https:\/\/www.ull.es\/masteres\/wp-content\/uploads\/2026\/03\/mobile-1-262x288.jpg\" alt=\"\" \/>\n<\/picture>\n<h2 id=\"depicter-43-element-15\" class=\"depicter-element depicter-layer depicter-43-element-15\" data-type=\"text\" data-wrap=\"true\" data-name=\"Text 3\" data-local-id=\"element-15\" data-offset=\"x:390px;y:202px;origin:tl\" data-tablet-offset=\"x:59px;y:308px;origin:tl\" data-mobile-offset=\"x:0px;y:173px;origin:tl\" data-width=\"421px,906px,360px\" data-height=\"auto,auto,auto\" data-responsive-scale=\"true,,\">M\u00e1steres <br><\/h2>\n\n<div id=\"depicter-43-element-16\" class=\"depicter-element depicter-layer depicter-43-element-16\" data-type=\"shape\" data-wrap=\"true\" data-name=\"Shape 1\" data-local-id=\"element-16\" data-offset=\"x:390px;y:294px;origin:tl\" data-tablet-offset=\"x:364px;y:398px;origin:tl\" data-mobile-offset=\"x:96px;y:209px;origin:tl\" data-width=\"349px,297px,172px\" data-height=\"8px,8px,8px\" data-responsive-scale=\"true,,\"><\/div>\n<\/div>\n<\/div>\n<script>\n(window.depicterSetups = window.depicterSetups || []).push(function(){\n\tDepicter.basePath = 'https:\/\/www.ull.es\/masteres\/wp-content\/plugins\/depicter\/resources\/scripts\/player\/';\n\tconst dpPlayer = Depicter.setup('.depicter-43',\n\t\t{\"width\":[\"1200\",\"1024\",\"360\"],\"height\":[\"500\",\"700\",\"360\"],\"view\":\"basic\",\"keepAspectRatio\":true,\"preload\":0,\"layout\":\"fullwidth\",\"rtl\":false,\"initAfterAppear\":false,\"ajaxApiUrl\":\"https:\\\/\\\/www.ull.es\\\/masteres\\\/wp-admin\\\/admin-ajax.php\",\"mouseSwipe\":true,\"touchSwipe\":true,\"useWatermark\":false}\n\t);\n});\n<\/script><\/div><\/div><\/div>\n<\/div><\/div>\n\n\n\n<div class=\"wp-block-stackable-heading alignfull stk-block-heading stk--hide-mobile stk-block-heading--v2 stk-block stk-67e3263 stk-block-background\" id=\"oferta-de-masteres-y-posgrados-universitarios-curso-2026-2027\" data-block-id=\"67e3263\"><style>.stk-67e3263 {background-color:#fa6199 !important;padding-top:35px !important;padding-bottom:35px !important;margin-top:-50px !important;margin-bottom:41px !important;}.stk-67e3263:before{background-color:#fa6199 !important;}.stk-67e3263 .stk-block-heading__text{font-size:20px !important;color:#ffffff !important;font-weight:500 !important;font-family:\"ArgentumSans\", Sans-serif !important;}@media screen and (max-width: 1023px){.stk-67e3263 .stk-block-heading__text{font-size:20px !important;}}<\/style><h2 class=\"stk-block-heading__text has-text-color has-text-align-center\">OFERTA DE M\u00c1STERES Y POSGRADOS UNIVERSITARIOS CURSO 2026-2027<\/h2><\/div>\n\n\n\n<div class=\"wp-block-stackable-columns alignwide stk-block-columns stk-block stk-6d3c23a\" data-block-id=\"6d3c23a\"><style>.stk-6d3c23a {padding-right:10% !important;padding-left:10% !important;}.stk-6d3c23a-column{--stk-column-gap:35px !important;}@media screen and (max-width: 767px){.stk-6d3c23a {padding-right:0px !important;padding-left:0px !important;margin-top:35px !important;}}<\/style><div class=\"stk-row stk-inner-blocks stk-block-content stk-content-align stk-6d3c23a-column alignwide\">\n<div class=\"wp-block-stackable-column stk-block-column stk-column stk-block stk-c85aebf\" data-v=\"4\" data-block-id=\"c85aebf\"><style>@media screen and (min-width: 768px){.stk-c85aebf {flex:var(--stk-flex-grow, 1) 1 66.7% !important;}}<\/style><div class=\"stk-column-wrapper stk-block-column__content stk-container stk-c85aebf-container stk--no-background stk--no-padding\"><div class=\"stk-block-content stk-inner-blocks stk-c85aebf-inner-blocks\">\n<div class=\"wp-block-stackable-heading stk-block-heading stk-block-heading--v2 stk-block stk-37ecbc0\" id=\"acreditacion-de-nivel-de-idiomas\" data-block-id=\"37ecbc0\"><style>.stk-37ecbc0 .stk-block-heading__text{color:#000000 !important;font-weight:700 !important;}<\/style><h1 class=\"stk-block-heading__text has-text-color\">Acreditaci\u00f3n de nivel de idiomas<\/h1><\/div>\n\n\n\n<div class=\"wp-block-stackable-heading stk-block-heading stk--hide-desktop stk--hide-tablet stk--hide-mobile stk-block-heading--v2 stk-block stk-b8c5c35\" id=\"a-href-https-fg-ull-es-idiomas-pruebas-nivel-target-blank-rel-noreferrer-noopener-span-style-color-000000-class-stk-highlight-abierto-el-plazo-de-realizacion-de-pruebas-de-nivel-de-ingles-br-servicio-de-idiomas-span-a\" data-block-id=\"b8c5c35\"><style>.stk-b8c5c35 {margin-bottom:40px !important;}.stk-b8c5c35 .stk-block-heading__text{color:#000000 !important;font-weight:700 !important;}<\/style><h1 class=\"stk-block-heading__text has-text-color\"><a href=\"https:\/\/fg.ull.es\/idiomas\/pruebas-nivel\/\" target=\"_blank\" rel=\"noreferrer noopener\" target=\"_blank\" rel=\"noopener\"><span style=\"color: #000000\" class=\"stk-highlight\">Abierto el plazo de realizaci\u00f3n de pruebas de nivel de ingles:<br>Servicio de Idiomas<\/span><\/a><\/h1><\/div>\n\n\n\n<ul class=\"wp-block-list\">\n<li>Para todos los estudiantes, el requisito general (y m\u00ednimo) para poder acceder a un m\u00e1ster oficial de la Universidad de La Laguna es tener acreditado al menos un nivel B1 (o equivalente) de ingl\u00e9s.&nbsp;<\/li>\n\n\n\n<li>Para estudiantes extranjeros de habla no espa\u00f1ola han de acreditar, adem\u00e1s, un B1 de espa\u00f1ol, en caso de no ser su lengua materna.<\/li>\n<\/ul>\n\n\n\n<p>Adicionalmente, existen ciertos m\u00e1steres o especialidades cuyo requisito m\u00ednimo de idioma para que la Comisi\u00f3n Acad\u00e9mica les admita es superior. Estos casos son:&nbsp; &nbsp;<\/p>\n\n\n\n<ul class=\"wp-block-list\">\n<li>En el M.U. en Formaci\u00f3n del Profesorado de ESO, Bachillerato, FP y Ense\u00f1anzas de Idiomas, en la especialidad de Lenguas Extranjeras, se necesita el nivel C1 correspondiente de cada idioma (ingl\u00e9s o franc\u00e9s).&nbsp;<\/li>\n\n\n\n<li>En el M.U. en Nanociencia y Nanotecnolog\u00eda Molecular ser\u00e1 requisito acreditar el dominio de ingl\u00e9s a un nivel equivalente o superior al B2.<\/li>\n<\/ul>\n\n\n\n<h3 class=\"wp-block-heading\">\u00bfC\u00f3mo acreditar el requerimiento de idioma?&nbsp;<\/h3>\n\n\n\n<p>Todos los aspirantes, a excepci\u00f3n de los incluidos en los punto 3 de la siguiente lista, deber\u00e1n realizar la acreditaci\u00f3n del nivel idioma a trav\u00e9s del siguiente&nbsp;<a href=\"https:\/\/sede.ull.es\/ecivilis-site\/catalog\/showProcedure\/612\" target=\"_blank\" rel=\"noreferrer noopener\" target=\"_blank\" rel=\"noopener\">enlace<\/a>.<\/p>\n\n\n\n<p>La acreditaci\u00f3n de idiomas se podr\u00e1 llevar a cabo mediante:<\/p>\n\n\n\n<ol class=\"wp-block-list\">\n<li><a href=\"https:\/\/drive.google.com\/file\/d\/1h09PN-7rZC1JIRoN-Bj7jlL52GcZ_zRT\/view?usp=sharing\" target=\"_blank\" rel=\"noreferrer noopener\" target=\"_blank\" rel=\"noopener\">Certificados&nbsp;reconocidos.<\/a>&nbsp;Son aquellos que justifican los conocimientos del idioma de manera oficial.<\/li>\n\n\n\n<li><a href=\"https:\/\/drive.google.com\/file\/d\/1oy-niq_BAP3F6mtq5y3W7WrDFyHNucq1\/view?usp=sharing\" target=\"_blank\" rel=\"noreferrer noopener\" target=\"_blank\" rel=\"noopener\">Pruebas de nivel realizadas en el Servicio de Idiomas de la ULL.<\/a><\/li>\n\n\n\n<li>Haber cursado y superado determinadas Titulaciones oficiales de Grado de la ULL. Consultar el siguiente enlace:&nbsp;<a href=\"https:\/\/drive.google.com\/file\/d\/1-x-lWipNfcnquHNUup3ujbL8AGyCTaAd\/view?usp=drive_link\" target=\"_blank\" rel=\"noopener\">relaci\u00f3n&nbsp;de titulaciones oficiales de Grado de la ULL cuya finalizaci\u00f3n reconoce la superaci\u00f3n de competencias en idioma extranjero.&nbsp;<\/a><\/li>\n<\/ol>\n<\/div><\/div><\/div>\n\n\n\n<div class=\"wp-block-stackable-column stk-block-column stk-column stk-block stk-901a5ad\" data-v=\"4\" data-block-id=\"901a5ad\"><style>.stk-901a5ad {margin-top:var(--stk--preset--spacing--80, 5.06rem) !important;}@media screen and (min-width: 768px){.stk-901a5ad {flex:var(--stk-flex-grow, 1) 1 33.3% !important;}}<\/style><div class=\"stk-column-wrapper stk-block-column__content stk-container stk-901a5ad-container stk--no-background stk--no-padding\"><div class=\"stk-block-content stk-inner-blocks stk-901a5ad-inner-blocks\">\n<div style=\"border:2px solid black;padding:0px 30px 30px 25px;width:80%\"><h4><span style=\"color: #FA6199;font-size: 16px\"><strong>INFORMACI\u00d3N DE CONTACTO<\/strong><\/span><\/h4>\n<p style=\"font-size: 12px;line-height: 12px;font-weight: 500\"><strong style=\"font-weight: 500\">Direcci\u00f3n : <\/strong><span style=\"font-weight: 400\">Avda. Astrof\u00edsico Francisco S\u00e1nchez, SN. Edificio Calabaza\u00a0 38200 San Crist\u00f3bal de La Laguna.<\/span><\/p>\n<p style=\"font-size: 12px;line-height: 12px;font-weight: 500\"><strong style=\"font-weight: 500\">Tel\u00e9fono<\/strong>: <span style=\"color: #000000;line-height: 12px;font-weight: 400\"><a style=\"color: #000000\" target=\"_blank\" rel=\"noopener\" target=\"_blank\" rel=\"noopener\">(+34) 922 31 96 68 \/ 922 31 96 84<\/a><\/span><\/p>\n<p style=\"font-size: 12px;line-height: 12px;font-weight: 500\"><strong style=\"font-weight: 500\">Correo<\/strong>: <span style=\"color: #000000;line-height: 2px;font-weight: 400\"><a style=\"color: #000000\" href=\"mailto:master@ull.es\" target=\"_blank\" rel=\"noopener\" target=\"_blank\" rel=\"noopener\">master@ull.es<\/a><\/span><\/p>\n<p style=\"font-size: 12px;line-height: 12px;font-weight: 500\"><strong style=\"font-weight: 500\">Online:\u00a0<\/strong><a href=\"https:\/\/www.ull.es\/centros\/escuela-doctorado-estudios-posgrado\/\" target=\"_blank\" rel=\"noopener\" target=\"_blank\" rel=\"noopener\">\u00a0<span style=\"color: #000000;text-decoration: underline;font-weight: 400\">P\u00e1gina web<\/span><\/a> \/ <a href=\"http:\/\/citaprevia.ull.es\/index.php?s=edpo\" target=\"_blank\" rel=\"noopener\" target=\"_blank\" rel=\"noopener\">\u00a0<span style=\"color: #000000;text-decoration: underline;font-weight: 400\">Cita previa<\/span><\/a> \/ <a href=\"https:\/\/sede.ull.es\/ecivilis-site\/catalog\/showProcedure\/484\" target=\"_blank\" rel=\"noopener\" target=\"_blank\" rel=\"noopener\">\u00a0<span style=\"color: #000000;text-decoration: underline;font-weight: 400\">Procedimiento para quejas, sugerencias y felicitaciones<\/span><\/a><\/p><\/div>\n<\/div><\/div><\/div>\n<\/div><\/div>\n\n\n\n<div class=\"wp-block-stackable-notification stk-block-notification stk--hide-desktop stk--hide-tablet stk--hide-mobile stk--is-dismissible stk--is-info stk-block stk-7227f1d stk-block-background is-style-default\" data-v=\"2\" data-block-id=\"7227f1d\"><style>.stk-7227f1d {background-color:#ffffff !important;}.stk-7227f1d:before{background-color:#ffffff !important;}.stk-7227f1d-container{background-color:#fa6199 !important;}.stk-7227f1d-container:before{background-color:#fa6199 !important;}<\/style><div class=\"stk-block-notification__content stk-content-align stk-7227f1d-column stk-container stk-7227f1d-container stk-hover-parent\"><div class=\"stk-block-content stk-inner-blocks stk-7227f1d-inner-blocks\">\n<div class=\"wp-block-stackable-icon stk-block-icon stk-block stk-51ac1cd\" data-block-id=\"51ac1cd\"><style>.stk-51ac1cd .stk--svg-wrapper .stk--inner-svg svg:last-child, .stk-51ac1cd .stk--svg-wrapper .stk--inner-svg svg:last-child :is(g, path, rect, polygon, ellipse){fill:#FFFFFF !important;}<\/style><span class=\"stk--svg-wrapper\"><div class=\"stk--inner-svg\"><svg style=\"height:0;width:0\"><defs><linearGradient id=\"linear-gradient-51ac1cd\" x1=\"0\" x2=\"100%\" y1=\"0\" y2=\"0\"><stop offset=\"0%\" style=\"stop-opacity:1;stop-color:var(--linear-gradient-51-ac-1-cd-color-1)\"><\/stop><stop offset=\"100%\" style=\"stop-opacity:1;stop-color:var(--linear-gradient-51-ac-1-cd-color-2)\"><\/stop><\/linearGradient><\/defs><\/svg><svg data-prefix=\"fas\" data-icon=\"exclamation-triangle\" class=\"svg-inline--fa fa-exclamation-triangle fa-w-18\" xmlns=\"http:\/\/www.w3.org\/2000\/svg\" viewBox=\"0 0 576 512\" aria-hidden=\"true\" width=\"32\" height=\"32\"><path fill=\"currentColor\" d=\"M569.517 440.013C587.975 472.007 564.806 512 527.94 512H48.054c-36.937 0-59.999-40.055-41.577-71.987L246.423 23.985c18.467-32.009 64.72-31.951 83.154 0l239.94 416.028zM288 354c-25.405 0-46 20.595-46 46s20.595 46 46 46 46-20.595 46-46-20.595-46-46-46zm-43.673-165.346l7.418 136c.347 6.364 5.609 11.346 11.982 11.346h48.546c6.373 0 11.635-4.982 11.982-11.346l7.418-136c.375-6.874-5.098-12.654-11.982-12.654h-63.383c-6.884 0-12.356 5.78-11.981 12.654z\"><\/path><\/svg><\/div><\/span><\/div>\n\n\n\n<div class=\"wp-block-stackable-heading stk-block-heading stk-block-heading--v2 stk-block stk-ee09c8f\" id=\"se-informara-proximamente\" data-block-id=\"ee09c8f\"><h3 class=\"stk-block-heading__text\">Se informar\u00e1 pr\u00f3ximamente<\/h3><\/div>\n<\/div><button class=\"stk-block-notification__close-button\" aria-label=\"Close\"><svg viewBox=\"0 0 28.3 28.3\" xmlns=\"http:\/\/www.w3.org\/2000\/svg\" width=\"16\" height=\"16\"><path d=\"M52.4-166.2c3.2 0 3.2-5 0-5s-3.2 5 0 5zM16.8 13.9L26.9 3.8c.6-.6.6-1.5 0-2.1s-1.5-.6-2.1 0L14.7 11.8 4.6 1.7c-.6-.6-1.5-.6-2.1 0s-.6 1.5 0 2.1l10.1 10.1L2.5 24c-.6.6-.6 1.5 0 2.1.3.3.7.4 1.1.4s.8-.1 1.1-.4l10-10.1 10.1 10.1c.3.3.7.4 1.1.4s.8-.1 1.1-.4c.6-.6.6-1.5 0-2.1L16.8 13.9z\"><\/path><\/svg><\/button><\/div><\/div>\n\n\n\n<p><\/p>\n","protected":false},"excerpt":{"rendered":"<p>PROGRAMMES DE MA\u00ceTRISE ET DE CYCLE SUP\u00c9RIEUR UNIVERSITAIRES OFFERTS POUR L&#039;ANN\u00c9E UNIVERSITAIRE 2026-2027\u00a0: Accr\u00e9ditation en mati\u00e8re de comp\u00e9tences linguistiques. La p\u00e9riode d&#039;inscription aux tests de comp\u00e9tence en anglais est maintenant ouverte\u00a0: Service des langues. De plus, certains programmes de ma\u00eetrise ou sp\u00e9cialisations exigent un niveau de langue minimal plus \u00e9lev\u00e9 pour l&#039;admission, selon le Comit\u00e9 acad\u00e9mique. Ces programmes sont les suivants\u00a0: Comment justifier de ce niveau de langue\u2026<\/p>","protected":false},"author":14,"featured_media":0,"parent":0,"menu_order":2,"comment_status":"closed","ping_status":"closed","template":"templates\/template-frontpage.php","meta":{"footnotes":""},"class_list":["post-3126","page","type-page","status-publish","hentry"],"yoast_head":"<!-- This site is optimized with the Yoast SEO plugin v27.3 - https:\/\/yoast.com\/product\/yoast-seo-wordpress\/ -->\n<title>Acreditaci\u00f3n de nivel de idiomas - M\u00e1steres<\/title>\n<meta name=\"robots\" content=\"index, follow, max-snippet:-1, max-image-preview:large, max-video-preview:-1\" \/>\n<link rel=\"canonical\" href=\"https:\/\/www.ull.es\/masteres\/fr\/acreditacion-de-nivel-de-idiomas\/\" \/>\n<meta property=\"og:locale\" content=\"fr_FR\" \/>\n<meta property=\"og:type\" content=\"article\" \/>\n<meta property=\"og:title\" content=\"Acreditaci\u00f3n de nivel de idiomas - M\u00e1steres\" \/>\n<meta property=\"og:description\" content=\"OFERTA DE M\u00c1STERES Y POSGRADOS UNIVERSITARIOS CURSO 2026-2027 Acreditaci\u00f3n de nivel de idiomas Abierto el plazo de realizaci\u00f3n de pruebas de nivel de ingles:Servicio de Idiomas Adicionalmente, existen ciertos m\u00e1steres o especialidades cuyo requisito m\u00ednimo de idioma para que la Comisi\u00f3n Acad\u00e9mica les admita es superior. Estos casos son:&nbsp; &nbsp; \u00bfC\u00f3mo acreditar el requerimiento de...\" \/>\n<meta property=\"og:url\" content=\"https:\/\/www.ull.es\/masteres\/fr\/acreditacion-de-nivel-de-idiomas\/\" \/>\n<meta property=\"og:site_name\" content=\"M\u00e1steres\" \/>\n<meta property=\"article:modified_time\" content=\"2026-03-26T13:49:04+00:00\" \/>\n<meta name=\"twitter:card\" content=\"summary_large_image\" \/>\n<meta name=\"twitter:label1\" content=\"Dur\u00e9e de lecture estim\u00e9e\" \/>\n\t<meta name=\"twitter:data1\" content=\"2 minutes\" \/>\n<script type=\"application\/ld+json\" class=\"yoast-schema-graph\">{\"@context\":\"https:\\\/\\\/schema.org\",\"@graph\":[{\"@type\":\"WebPage\",\"@id\":\"https:\\\/\\\/www.ull.es\\\/masteres\\\/acreditacion-de-nivel-de-idiomas\\\/\",\"url\":\"https:\\\/\\\/www.ull.es\\\/masteres\\\/acreditacion-de-nivel-de-idiomas\\\/\",\"name\":\"Acreditaci\u00f3n de nivel de idiomas - M\u00e1steres\",\"isPartOf\":{\"@id\":\"https:\\\/\\\/www.ull.es\\\/masteres\\\/#website\"},\"datePublished\":\"2024-03-05T12:41:15+00:00\",\"dateModified\":\"2026-03-26T13:49:04+00:00\",\"breadcrumb\":{\"@id\":\"https:\\\/\\\/www.ull.es\\\/masteres\\\/acreditacion-de-nivel-de-idiomas\\\/#breadcrumb\"},\"inLanguage\":\"fr-FR\",\"potentialAction\":[{\"@type\":\"ReadAction\",\"target\":[\"https:\\\/\\\/www.ull.es\\\/masteres\\\/acreditacion-de-nivel-de-idiomas\\\/\"]}]},{\"@type\":\"BreadcrumbList\",\"@id\":\"https:\\\/\\\/www.ull.es\\\/masteres\\\/acreditacion-de-nivel-de-idiomas\\\/#breadcrumb\",\"itemListElement\":[{\"@type\":\"ListItem\",\"position\":1,\"name\":\"Portada\",\"item\":\"https:\\\/\\\/www.ull.es\\\/masteres\\\/\"},{\"@type\":\"ListItem\",\"position\":2,\"name\":\"Acreditaci\u00f3n de nivel de idiomas\"}]},{\"@type\":\"WebSite\",\"@id\":\"https:\\\/\\\/www.ull.es\\\/masteres\\\/#website\",\"url\":\"https:\\\/\\\/www.ull.es\\\/masteres\\\/\",\"name\":\"M\u00e1steres\",\"description\":\"\",\"potentialAction\":[{\"@type\":\"SearchAction\",\"target\":{\"@type\":\"EntryPoint\",\"urlTemplate\":\"https:\\\/\\\/www.ull.es\\\/masteres\\\/?s={search_term_string}\"},\"query-input\":{\"@type\":\"PropertyValueSpecification\",\"valueRequired\":true,\"valueName\":\"search_term_string\"}}],\"inLanguage\":\"fr-FR\"}]}<\/script>\n<!-- \/ Yoast SEO plugin. -->","yoast_head_json":{"title":"Accr\u00e9ditation du niveau de langue - Masters","robots":{"index":"index","follow":"follow","max-snippet":"max-snippet:-1","max-image-preview":"max-image-preview:large","max-video-preview":"max-video-preview:-1"},"canonical":"https:\/\/www.ull.es\/masteres\/fr\/acreditacion-de-nivel-de-idiomas\/","og_locale":"fr_FR","og_type":"article","og_title":"Acreditaci\u00f3n de nivel de idiomas - M\u00e1steres","og_description":"OFERTA DE M\u00c1STERES Y POSGRADOS UNIVERSITARIOS CURSO 2026-2027 Acreditaci\u00f3n de nivel de idiomas Abierto el plazo de realizaci\u00f3n de pruebas de nivel de ingles:Servicio de Idiomas Adicionalmente, existen ciertos m\u00e1steres o especialidades cuyo requisito m\u00ednimo de idioma para que la Comisi\u00f3n Acad\u00e9mica les admita es superior. Estos casos son:&nbsp; &nbsp; \u00bfC\u00f3mo acreditar el requerimiento de...","og_url":"https:\/\/www.ull.es\/masteres\/fr\/acreditacion-de-nivel-de-idiomas\/","og_site_name":"M\u00e1steres","article_modified_time":"2026-03-26T13:49:04+00:00","twitter_card":"summary_large_image","twitter_misc":{"Dur\u00e9e de lecture estim\u00e9e":"2 minutes"},"schema":{"@context":"https:\/\/schema.org","@graph":[{"@type":"WebPage","@id":"https:\/\/www.ull.es\/masteres\/acreditacion-de-nivel-de-idiomas\/","url":"https:\/\/www.ull.es\/masteres\/acreditacion-de-nivel-de-idiomas\/","name":"Accr\u00e9ditation du niveau de langue - Masters","isPartOf":{"@id":"https:\/\/www.ull.es\/masteres\/#website"},"datePublished":"2024-03-05T12:41:15+00:00","dateModified":"2026-03-26T13:49:04+00:00","breadcrumb":{"@id":"https:\/\/www.ull.es\/masteres\/acreditacion-de-nivel-de-idiomas\/#breadcrumb"},"inLanguage":"fr-FR","potentialAction":[{"@type":"ReadAction","target":["https:\/\/www.ull.es\/masteres\/acreditacion-de-nivel-de-idiomas\/"]}]},{"@type":"BreadcrumbList","@id":"https:\/\/www.ull.es\/masteres\/acreditacion-de-nivel-de-idiomas\/#breadcrumb","itemListElement":[{"@type":"ListItem","position":1,"name":"Portada","item":"https:\/\/www.ull.es\/masteres\/"},{"@type":"ListItem","position":2,"name":"Acreditaci\u00f3n de nivel de idiomas"}]},{"@type":"WebSite","@id":"https:\/\/www.ull.es\/masteres\/#website","url":"https:\/\/www.ull.es\/masteres\/","name":"Ma\u00eetres","description":"","potentialAction":[{"@type":"SearchAction","target":{"@type":"EntryPoint","urlTemplate":"https:\/\/www.ull.es\/masteres\/?s={search_term_string}"},"query-input":{"@type":"PropertyValueSpecification","valueRequired":true,"valueName":"search_term_string"}}],"inLanguage":"fr-FR"}]}},"_links":{"self":[{"href":"https:\/\/www.ull.es\/masteres\/fr\/wp-json\/wp\/v2\/pages\/3126","targetHints":{"allow":["GET"]}}],"collection":[{"href":"https:\/\/www.ull.es\/masteres\/fr\/wp-json\/wp\/v2\/pages"}],"about":[{"href":"https:\/\/www.ull.es\/masteres\/fr\/wp-json\/wp\/v2\/types\/page"}],"author":[{"embeddable":true,"href":"https:\/\/www.ull.es\/masteres\/fr\/wp-json\/wp\/v2\/users\/14"}],"replies":[{"embeddable":true,"href":"https:\/\/www.ull.es\/masteres\/fr\/wp-json\/wp\/v2\/comments?post=3126"}],"version-history":[{"count":79,"href":"https:\/\/www.ull.es\/masteres\/fr\/wp-json\/wp\/v2\/pages\/3126\/revisions"}],"predecessor-version":[{"id":7109,"href":"https:\/\/www.ull.es\/masteres\/fr\/wp-json\/wp\/v2\/pages\/3126\/revisions\/7109"}],"wp:attachment":[{"href":"https:\/\/www.ull.es\/masteres\/fr\/wp-json\/wp\/v2\/media?parent=3126"}],"curies":[{"name":"wp","href":"https:\/\/api.w.org\/{rel}","templated":true}]}}