{"id":1053,"date":"2024-05-02T10:16:55","date_gmt":"2024-05-02T10:16:55","guid":{"rendered":"https:\/\/www.ull.es\/masteres\/gestion-nautica-transporte-maritimo\/?page_id=1053"},"modified":"2025-07-23T12:52:40","modified_gmt":"2025-07-23T12:52:40","slug":"competencias-stcw","status":"publish","type":"page","link":"https:\/\/www.ull.es\/masteres\/gestion-nautica-transporte-maritimo\/fr\/informacion-academica\/competencias-stcw\/","title":{"rendered":"Comp\u00e9titions STCW"},"content":{"rendered":"\n<div class=\"wp-block-stackable-columns alignfull stk-block-columns stk-block stk-2314a6b\" data-block-id=\"2314a6b\"><style>.stk-2314a6b {padding-bottom:0px !important;margin-top:-100px !important;margin-bottom:0px !important;}<\/style><div class=\"stk-row stk-inner-blocks stk-block-content stk-content-align stk-2314a6b-column alignfull\">\n<div class=\"wp-block-stackable-column stk-block-column stk-column stk-block stk-1d1764d\" data-v=\"4\" data-block-id=\"1d1764d\"><div class=\"stk-column-wrapper stk-block-column__content stk-container stk-1d1764d-container stk--no-background stk--no-padding\"><div class=\"stk-block-content stk-inner-blocks stk-1d1764d-inner-blocks\"><style id=\"depicter-1-inline-pre-css\">\n\n.depicter-1:not(.depicter-ready){\n\theight:450px;\n}\n\n\/***** Tablet *****\/\n@media screen and (max-width: 1024px){\n\n.depicter-1:not(.depicter-ready){\n\theight:700px;\n}\n\n}\n\/***** Mobile *****\/\n@media screen and (max-width: 767px){\n\n.depicter-1:not(.depicter-ready){\n\theight:360px;\n}\n\n}\n<\/style>\n<div id=\"depicter-1\" class=\"depicter depicter-document depicter-revert depicter-1 depicter-layout-fullwidth\">\n\n<div class=\"depicter-loading-container depicter-loading dotFlashing-dark\"><div class=\"depicter-loading-dark depicter-dot-flashing\">\n   <span><\/span>\n   <span><\/span>\n   <span><\/span>\n<\/div>\n<\/div>\n<div id=\"depicter-1-section-1\" class=\"depicter-section depicter-1-section-1\" data-name=\"Section 1\" data-type=\"section\" data-local-id=\"section-1\">\n<picture class=\"depicter-bg\">\n<source data-depicter-srcset=\"https:\/\/www.ull.es\/masteres\/gestion-nautica-transporte-maritimo\/wp-content\/uploads\/sites\/56\/2025\/07\/Headers-Masteres_Gestion-Nautica-y-Transporte-Maritimo-768x248.jpg, https:\/\/www.ull.es\/masteres\/gestion-nautica-transporte-maritimo\/wp-content\/uploads\/sites\/56\/2025\/07\/Headers-Masteres_Gestion-Nautica-y-Transporte-Maritimo.jpg 2x\" srcset=\"data:image\/gif;base64,R0lGODlhAQABAIAAAAAAAP\/\/\/yH5BAEAAAAALAAAAAABAAEAAAIBRAA7\" media=\"(max-width: 1024px)\" \/>\n\n<source data-depicter-srcset=\"https:\/\/www.ull.es\/masteres\/gestion-nautica-transporte-maritimo\/wp-content\/uploads\/sites\/56\/2025\/07\/Headers-Masteres_Gestion-Nautica-y-Transporte-Maritimo.jpg, https:\/\/www.ull.es\/masteres\/gestion-nautica-transporte-maritimo\/wp-content\/uploads\/sites\/56\/2025\/07\/Headers-Masteres_Gestion-Nautica-y-Transporte-Maritimo-1280x413.jpg 2x\" srcset=\"data:image\/gif;base64,R0lGODlhAQABAIAAAAAAAP\/\/\/yH5BAEAAAAALAAAAAABAAEAAAIBRAA7\" media=\"(min-width: 1025px)\" \/>\n<img decoding=\"async\" src=\"data:image\/gif;base64,R0lGODlhAQABAIAAAAAAAP\/\/\/yH5BAEAAAAALAAAAAABAAEAAAIBRAA7\" data-ken-burns=\"false\" data-tablet-ken-burns=\"false\" data-mobile-ken-burns=\"false\" alt=\"\" data-depicter-src=\"https:\/\/www.ull.es\/masteres\/gestion-nautica-transporte-maritimo\/wp-content\/uploads\/sites\/56\/2025\/07\/Headers-Masteres_Gestion-Nautica-y-Transporte-Maritimo.jpg\" data-object-fit=\"custom,custom,\" data-object-position=\"center top,,\" data-crop=\"{'focalPoint':{'x':0.5,'y':0.5},'mediaSize':{'width':1394.6731234866829254315234720706939697265625,'height':450}}\" data-tablet-crop=\"{'focalPoint':{'x':0.5,'y':0.5},'mediaSize':{'width':2169.4915254237284898408688604831695556640625,'height':700}}\" data-mobile-crop=\"{'focalPoint':{'x':0.5,'y':0.5},'mediaSize':{'width':1394.6731234866829254315234720706939697265625,'height':450}}\" \/>\n<\/picture>\n\n\n<h1 id=\"depicter-1-element-5\" class=\"depicter-element depicter-layer depicter-1-element-5\" data-type=\"text\" data-wrap=\"true\" data-name=\"Text 2\" data-local-id=\"element-5\" data-offset=\"x:0px;y:141px;origin:tl\" data-tablet-offset=\"x:196px;y:223px;origin:tl\" data-mobile-offset=\"x:-19px;y:84px;origin:tl\" data-width=\"1200px,633px,408px\" data-height=\"auto,auto,auto\" data-responsive-scale=\"true,,\">M\u00e1ster Universitario en Gesti\u00f3n Na\u00fatica y Transporte Mar\u00edtimo<br><\/h1>\n\n<div id=\"depicter-1-element-10\" class=\"depicter-element depicter-layer depicter-1-element-10\" data-type=\"shape\" data-wrap=\"true\" data-name=\"Shape 1\" data-local-id=\"element-10\" data-offset=\"x:0px;y:320px;origin:tl\" data-tablet-offset=\"x:189px;y:455px;origin:tl\" data-mobile-offset=\"x:-19px;y:282px;origin:tl\" data-width=\"1093px,647px,403px\" data-height=\"8px,8px,8px\" data-responsive-scale=\"true,,\"><\/div>\n<\/div>\n<\/div>\n<script>\n(window.depicterSetups = window.depicterSetups || []).push(function(){\n\tDepicter.basePath = 'https:\/\/www.ull.es\/masteres\/gestion-nautica-transporte-maritimo\/wp-content\/plugins\/depicter\/resources\/scripts\/player\/';\n\tconst dpPlayer = Depicter.setup('.depicter-1',\n\t\t{\"width\":[\"1200\",\"1024\",\"360\"],\"height\":[\"450\",\"700\",\"360\"],\"view\":\"basic\",\"keepAspectRatio\":true,\"preload\":0,\"layout\":\"fullwidth\",\"rtl\":false,\"initAfterAppear\":false,\"ajaxApiUrl\":\"https:\\\/\\\/www.ull.es\\\/masteres\\\/gestion-nautica-transporte-maritimo\\\/wp-admin\\\/admin-ajax.php\",\"mouseSwipe\":true,\"touchSwipe\":true,\"useWatermark\":false}\n\t);\n});\n<\/script><\/div><\/div><\/div>\n<\/div><\/div>\n\n\n\n<div class=\"wp-block-stackable-columns alignfull stk-block-columns stk--hide-mobile stk-block stk-6394276 stk-block-background\" data-block-id=\"6394276\"><style>.stk-6394276 {background-color:#fa6199 !important;padding-top:50px !important;padding-right:0px !important;padding-bottom:1px !important;padding-left:0px !important;margin-top:-40px !important;margin-bottom:0px !important;}.stk-6394276:before{background-color:#fa6199 !important;}<\/style><div class=\"stk-row stk-inner-blocks stk-block-content stk-content-align stk-6394276-column alignfull\">\n<div class=\"wp-block-stackable-column stk-block-column stk-column stk-block stk-8a66885\" data-v=\"4\" data-block-id=\"8a66885\"><div class=\"stk-column-wrapper stk-block-column__content stk-container stk-8a66885-container stk--no-background stk--no-padding\"><div class=\"stk-block-content stk-inner-blocks stk-8a66885-inner-blocks\">\n<div class=\"wp-block-stackable-spacer stk-block-spacer stk--no-padding stk-block stk-bc89b3e\" data-block-id=\"bc89b3e\"><style>.stk-bc89b3e {height:0px !important;}<\/style><\/div>\n<\/div><\/div><\/div>\n<\/div><\/div>\n\n\n\n<div class=\"wp-block-stackable-columns stk-block-columns stk-block stk-8b59b96\" data-block-id=\"8b59b96\"><style>.stk-8b59b96 .stk--block-align-8b59b96{align-items:flex-start !important;}.stk-8b59b96 {margin-top:50px !important;}.stk-8b59b96-column{--stk-columns-spacing:0px !important;--stk-column-gap:50px !important;}@media screen and (max-width: 767px){.stk-8b59b96-column{row-gap:var(--stk--preset--spacing--60, 2.25rem) !important;}}<\/style><div class=\"stk-row stk-inner-blocks stk--block-align-8b59b96 stk-block-content stk-content-align stk-8b59b96-column\">\n<div class=\"wp-block-stackable-column stk-block-column stk-column stk-block stk-dbb7e15\" data-v=\"4\" data-block-id=\"dbb7e15\"><style>@media screen and (min-width: 768px){.stk-dbb7e15 {flex:var(--stk-flex-grow, 1) 1 66.7% !important;}}<\/style><div class=\"stk-column-wrapper stk-block-column__content stk-container stk-dbb7e15-container stk--no-background stk--no-padding\"><div class=\"stk-block-content stk-inner-blocks stk-dbb7e15-inner-blocks\">\n<div class=\"wp-block-stackable-heading stk-block-heading stk-block-heading--v2 stk-block stk-cc0239e\" id=\"complementos-de-formacion\" data-block-id=\"cc0239e\"><style>.stk-cc0239e .stk-block-heading__text{color:#fa6199 !important;font-weight:500 !important;}<\/style><h1 class=\"stk-block-heading__text has-text-color\">Competencias STCW<\/h1><\/div>\n\n\n\n<div class=\"wp-block-stackable-heading stk-block-heading stk-block-heading--v2 stk-block stk-8233912\" id=\"complementos-de-formacion\" data-block-id=\"8233912\"><style>.stk-8233912 .stk-block-heading__text{color:#fa6199 !important;font-weight:500 !important;}<\/style><h2 class=\"stk-block-heading__text has-text-color\"><strong>Normas de formaci\u00f3n, titulaci\u00f3n y guardia para la gente de mar (STCW-Manila 2010)<\/strong><\/h2><\/div>\n\n\n\n<div class=\"wp-block-stackable-text stk-block-text stk-block stk-fb5a53d\" data-block-id=\"fb5a53d\"><p class=\"stk-block-text__text\">Secci\u00f3n A-II\/2<\/p><\/div>\n\n\n\n<p>Requisitos m\u00ednimos aplicables a la titulaci\u00f3n de los Capitanes y primeros oficiales de puente de buques de arqueo igual o superior a 500.<\/p>\n\n\n\n<p><a href=\"https:\/\/drive.google.com\/file\/d\/16EAqRX0UrYNf4HDkuGyapORgj7oRy3SW\/view?usp=drive_link\" target=\"_blank\" rel=\"noreferrer noopener\" target=\"_blank\" rel=\"noopener\">La siguiente tabla muestra la correspondencia entre las competencias y C.C.S (conocimientos, comprensi\u00f3n y suficiencia) del Cuadro A-II\/2 con las asignaturas del m\u00e1ster en Gesti\u00f3n en N\u00e1utica y Transporte Mar\u00edtimo.<\/a><\/p>\n\n\n\n<p><a href=\"https:\/\/drive.google.com\/file\/d\/1Lc0dMEZstvYyc_s6UeaQ5Vut9VmrwfKv\/view?usp=drive_link\" target=\"_blank\" rel=\"noreferrer noopener\" target=\"_blank\" rel=\"noopener\">Enmiendas de manila a la parte A del c\u00f3digo de formaci\u00f3n, titulaci\u00f3n y guardia para la gente de mar.<\/a><\/p>\n<\/div><\/div><\/div>\n\n\n\n<div class=\"wp-block-stackable-column stk-block-column stk-column stk-block stk-53ec762\" data-v=\"4\" data-block-id=\"53ec762\"><style>.stk-53ec762-inner-blocks{row-gap:0px !important;}.stk-53ec762 {padding-top:0px !important;padding-right:0px !important;padding-bottom:0px !important;padding-left:0px !important;}@media screen and (min-width: 768px){.stk-53ec762 {flex:var(--stk-flex-grow, 1) 1 33.3% !important;}}<\/style><div class=\"stk-column-wrapper stk-block-column__content stk-container stk-53ec762-container stk--no-background stk--no-padding\"><div class=\"stk-block-content stk-inner-blocks stk-53ec762-inner-blocks\">\n\n<ul class=\"widget-box\">\n<li class='contacto-header'>Informaci\u00f3n de contacto<\/li><li><i class=\"fa fa-map-marker\"><\/i> Avda. Astrof\u00edsico Francisco S\u00e1nchez, SN. Edificio Calabaza \u2013 AN.2D Apdo. 456 38200 San Crist\u00f3bal de La Laguna<\/li><li><i class=\"fa fa-envelope\"><\/i>  <a href=mailto:master.capitan@ull.es>master.capitan@ull.es<\/a><\/li><li><i class=\"fa fa-archive\"><\/i><a href=\"https:\/\/sede.ull.es\/ecivilis-site\/catalog\/showProcedure\/484\"> Procedimiento para quejas, sugerencias y felicitaciones<\/a><\/li>\n<\/ul>\n\n\n<\/div><\/div><\/div>\n<\/div><\/div>\n","protected":false},"excerpt":{"rendered":"<p>Normes de comp\u00e9tences STCW pour la formation, la d\u00e9livrance des brevets et la veille des gens de mer (STCW-Manille 2010), section A-II\/2. Exigences minimales pour la d\u00e9livrance des brevets de capitaine et de second de navires de 500 tonneaux et plus. Le tableau suivant pr\u00e9sente la correspondance entre les comp\u00e9tences et les connaissances, la compr\u00e9hension et l&#039;aptitude (CCS)\u2026<\/p>","protected":false},"author":21,"featured_media":0,"parent":252,"menu_order":0,"comment_status":"closed","ping_status":"closed","template":"templates\/template-frontpage.php","meta":{"footnotes":""},"class_list":["post-1053","page","type-page","status-publish","hentry"],"yoast_head":"<!-- This site is optimized with the Yoast SEO plugin v27.3 - https:\/\/yoast.com\/product\/yoast-seo-wordpress\/ -->\n<title>Competencias STCW - M\u00e1ster Universitario en Gesti\u00f3n N\u00e1utica y Transporte Mar\u00edtimo<\/title>\n<meta name=\"robots\" content=\"index, follow, max-snippet:-1, max-image-preview:large, max-video-preview:-1\" \/>\n<link rel=\"canonical\" href=\"https:\/\/www.ull.es\/masteres\/gestion-nautica-transporte-maritimo\/fr\/informacion-academica\/competencias-stcw\/\" \/>\n<meta property=\"og:locale\" content=\"fr_FR\" \/>\n<meta property=\"og:type\" content=\"article\" \/>\n<meta property=\"og:title\" content=\"Competencias STCW - M\u00e1ster Universitario en Gesti\u00f3n N\u00e1utica y Transporte Mar\u00edtimo\" \/>\n<meta property=\"og:description\" content=\"Competencias STCW Normas de formaci\u00f3n, titulaci\u00f3n y guardia para la gente de mar (STCW-Manila 2010) Secci\u00f3n A-II\/2 Requisitos m\u00ednimos aplicables a la titulaci\u00f3n de los Capitanes y primeros oficiales de puente de buques de arqueo igual o superior a 500. La siguiente tabla muestra la correspondencia entre las competencias y C.C.S (conocimientos, comprensi\u00f3n y suficiencia)...\" \/>\n<meta property=\"og:url\" content=\"https:\/\/www.ull.es\/masteres\/gestion-nautica-transporte-maritimo\/fr\/informacion-academica\/competencias-stcw\/\" \/>\n<meta property=\"og:site_name\" content=\"M\u00e1ster Universitario en Gesti\u00f3n N\u00e1utica y Transporte Mar\u00edtimo\" \/>\n<meta property=\"article:modified_time\" content=\"2025-07-23T12:52:40+00:00\" \/>\n<meta name=\"twitter:card\" content=\"summary_large_image\" \/>\n<meta name=\"twitter:label1\" content=\"Dur\u00e9e de lecture estim\u00e9e\" \/>\n\t<meta name=\"twitter:data1\" content=\"1 minute\" \/>\n<script type=\"application\/ld+json\" class=\"yoast-schema-graph\">{\"@context\":\"https:\\\/\\\/schema.org\",\"@graph\":[{\"@type\":\"WebPage\",\"@id\":\"https:\\\/\\\/www.ull.es\\\/masteres\\\/gestion-nautica-transporte-maritimo\\\/informacion-academica\\\/competencias-stcw\\\/\",\"url\":\"https:\\\/\\\/www.ull.es\\\/masteres\\\/gestion-nautica-transporte-maritimo\\\/informacion-academica\\\/competencias-stcw\\\/\",\"name\":\"Competencias STCW - M\u00e1ster Universitario en Gesti\u00f3n N\u00e1utica y Transporte Mar\u00edtimo\",\"isPartOf\":{\"@id\":\"https:\\\/\\\/www.ull.es\\\/masteres\\\/gestion-nautica-transporte-maritimo\\\/#website\"},\"datePublished\":\"2024-05-02T10:16:55+00:00\",\"dateModified\":\"2025-07-23T12:52:40+00:00\",\"breadcrumb\":{\"@id\":\"https:\\\/\\\/www.ull.es\\\/masteres\\\/gestion-nautica-transporte-maritimo\\\/informacion-academica\\\/competencias-stcw\\\/#breadcrumb\"},\"inLanguage\":\"fr-FR\",\"potentialAction\":[{\"@type\":\"ReadAction\",\"target\":[\"https:\\\/\\\/www.ull.es\\\/masteres\\\/gestion-nautica-transporte-maritimo\\\/informacion-academica\\\/competencias-stcw\\\/\"]}]},{\"@type\":\"BreadcrumbList\",\"@id\":\"https:\\\/\\\/www.ull.es\\\/masteres\\\/gestion-nautica-transporte-maritimo\\\/informacion-academica\\\/competencias-stcw\\\/#breadcrumb\",\"itemListElement\":[{\"@type\":\"ListItem\",\"position\":1,\"name\":\"Portada\",\"item\":\"https:\\\/\\\/www.ull.es\\\/masteres\\\/gestion-nautica-transporte-maritimo\\\/\"},{\"@type\":\"ListItem\",\"position\":2,\"name\":\"Informaci\u00f3n Acad\u00e9mica\",\"item\":\"https:\\\/\\\/www.ull.es\\\/masteres\\\/gestion-nautica-transporte-maritimo\\\/informacion-academica\\\/\"},{\"@type\":\"ListItem\",\"position\":3,\"name\":\"Competencias STCW\"}]},{\"@type\":\"WebSite\",\"@id\":\"https:\\\/\\\/www.ull.es\\\/masteres\\\/gestion-nautica-transporte-maritimo\\\/#website\",\"url\":\"https:\\\/\\\/www.ull.es\\\/masteres\\\/gestion-nautica-transporte-maritimo\\\/\",\"name\":\"M\u00e1ster Universitario en Gesti\u00f3n N\u00e1utica y Transporte Mar\u00edtimo\",\"description\":\"\",\"potentialAction\":[{\"@type\":\"SearchAction\",\"target\":{\"@type\":\"EntryPoint\",\"urlTemplate\":\"https:\\\/\\\/www.ull.es\\\/masteres\\\/gestion-nautica-transporte-maritimo\\\/?s={search_term_string}\"},\"query-input\":{\"@type\":\"PropertyValueSpecification\",\"valueRequired\":true,\"valueName\":\"search_term_string\"}}],\"inLanguage\":\"fr-FR\"}]}<\/script>\n<!-- \/ Yoast SEO plugin. -->","yoast_head_json":{"title":"Comp\u00e9tences STCW - Master en gestion nautique et transport maritime","robots":{"index":"index","follow":"follow","max-snippet":"max-snippet:-1","max-image-preview":"max-image-preview:large","max-video-preview":"max-video-preview:-1"},"canonical":"https:\/\/www.ull.es\/masteres\/gestion-nautica-transporte-maritimo\/fr\/informacion-academica\/competencias-stcw\/","og_locale":"fr_FR","og_type":"article","og_title":"Competencias STCW - M\u00e1ster Universitario en Gesti\u00f3n N\u00e1utica y Transporte Mar\u00edtimo","og_description":"Competencias STCW Normas de formaci\u00f3n, titulaci\u00f3n y guardia para la gente de mar (STCW-Manila 2010) Secci\u00f3n A-II\/2 Requisitos m\u00ednimos aplicables a la titulaci\u00f3n de los Capitanes y primeros oficiales de puente de buques de arqueo igual o superior a 500. La siguiente tabla muestra la correspondencia entre las competencias y C.C.S (conocimientos, comprensi\u00f3n y suficiencia)...","og_url":"https:\/\/www.ull.es\/masteres\/gestion-nautica-transporte-maritimo\/fr\/informacion-academica\/competencias-stcw\/","og_site_name":"M\u00e1ster Universitario en Gesti\u00f3n N\u00e1utica y Transporte Mar\u00edtimo","article_modified_time":"2025-07-23T12:52:40+00:00","twitter_card":"summary_large_image","twitter_misc":{"Dur\u00e9e de lecture estim\u00e9e":"1 minute"},"schema":{"@context":"https:\/\/schema.org","@graph":[{"@type":"WebPage","@id":"https:\/\/www.ull.es\/masteres\/gestion-nautica-transporte-maritimo\/informacion-academica\/competencias-stcw\/","url":"https:\/\/www.ull.es\/masteres\/gestion-nautica-transporte-maritimo\/informacion-academica\/competencias-stcw\/","name":"Comp\u00e9tences STCW - Master en gestion nautique et transport maritime","isPartOf":{"@id":"https:\/\/www.ull.es\/masteres\/gestion-nautica-transporte-maritimo\/#website"},"datePublished":"2024-05-02T10:16:55+00:00","dateModified":"2025-07-23T12:52:40+00:00","breadcrumb":{"@id":"https:\/\/www.ull.es\/masteres\/gestion-nautica-transporte-maritimo\/informacion-academica\/competencias-stcw\/#breadcrumb"},"inLanguage":"fr-FR","potentialAction":[{"@type":"ReadAction","target":["https:\/\/www.ull.es\/masteres\/gestion-nautica-transporte-maritimo\/informacion-academica\/competencias-stcw\/"]}]},{"@type":"BreadcrumbList","@id":"https:\/\/www.ull.es\/masteres\/gestion-nautica-transporte-maritimo\/informacion-academica\/competencias-stcw\/#breadcrumb","itemListElement":[{"@type":"ListItem","position":1,"name":"Portada","item":"https:\/\/www.ull.es\/masteres\/gestion-nautica-transporte-maritimo\/"},{"@type":"ListItem","position":2,"name":"Informaci\u00f3n Acad\u00e9mica","item":"https:\/\/www.ull.es\/masteres\/gestion-nautica-transporte-maritimo\/informacion-academica\/"},{"@type":"ListItem","position":3,"name":"Competencias STCW"}]},{"@type":"WebSite","@id":"https:\/\/www.ull.es\/masteres\/gestion-nautica-transporte-maritimo\/#website","url":"https:\/\/www.ull.es\/masteres\/gestion-nautica-transporte-maritimo\/","name":"Master en Gestion Nautique et Transport Maritime","description":"","potentialAction":[{"@type":"SearchAction","target":{"@type":"EntryPoint","urlTemplate":"https:\/\/www.ull.es\/masteres\/gestion-nautica-transporte-maritimo\/?s={search_term_string}"},"query-input":{"@type":"PropertyValueSpecification","valueRequired":true,"valueName":"search_term_string"}}],"inLanguage":"fr-FR"}]}},"_links":{"self":[{"href":"https:\/\/www.ull.es\/masteres\/gestion-nautica-transporte-maritimo\/fr\/wp-json\/wp\/v2\/pages\/1053","targetHints":{"allow":["GET"]}}],"collection":[{"href":"https:\/\/www.ull.es\/masteres\/gestion-nautica-transporte-maritimo\/fr\/wp-json\/wp\/v2\/pages"}],"about":[{"href":"https:\/\/www.ull.es\/masteres\/gestion-nautica-transporte-maritimo\/fr\/wp-json\/wp\/v2\/types\/page"}],"author":[{"embeddable":true,"href":"https:\/\/www.ull.es\/masteres\/gestion-nautica-transporte-maritimo\/fr\/wp-json\/wp\/v2\/users\/21"}],"replies":[{"embeddable":true,"href":"https:\/\/www.ull.es\/masteres\/gestion-nautica-transporte-maritimo\/fr\/wp-json\/wp\/v2\/comments?post=1053"}],"version-history":[{"count":5,"href":"https:\/\/www.ull.es\/masteres\/gestion-nautica-transporte-maritimo\/fr\/wp-json\/wp\/v2\/pages\/1053\/revisions"}],"predecessor-version":[{"id":1135,"href":"https:\/\/www.ull.es\/masteres\/gestion-nautica-transporte-maritimo\/fr\/wp-json\/wp\/v2\/pages\/1053\/revisions\/1135"}],"up":[{"embeddable":true,"href":"https:\/\/www.ull.es\/masteres\/gestion-nautica-transporte-maritimo\/fr\/wp-json\/wp\/v2\/pages\/252"}],"wp:attachment":[{"href":"https:\/\/www.ull.es\/masteres\/gestion-nautica-transporte-maritimo\/fr\/wp-json\/wp\/v2\/media?parent=1053"}],"curies":[{"name":"wp","href":"https:\/\/api.w.org\/{rel}","templated":true}]}}