{"id":40,"date":"2017-06-28T13:01:41","date_gmt":"2017-06-28T13:01:41","guid":{"rendered":"http:\/\/www.ull.es\/masteres\/desarrollo-y-gestion-de-recursos-humanos\/?page_id=40"},"modified":"2025-07-23T12:49:55","modified_gmt":"2025-07-23T12:49:55","slug":"reconocimiento-y-transferencia-de-creditos","status":"publish","type":"page","link":"https:\/\/www.ull.es\/masteres\/gestion-nautica-transporte-maritimo\/fr\/informacion-academica\/reconocimiento-y-transferencia-de-creditos\/","title":{"rendered":"Reconnaissance et transfert de cr\u00e9dits"},"content":{"rendered":"\n<div class=\"wp-block-stackable-columns alignfull stk-block-columns stk-block stk-2314a6b\" data-block-id=\"2314a6b\"><style>.stk-2314a6b {padding-bottom:0px !important;margin-top:-100px !important;margin-bottom:0px !important;}<\/style><div class=\"stk-row stk-inner-blocks stk-block-content stk-content-align stk-2314a6b-column alignfull\">\n<div class=\"wp-block-stackable-column stk-block-column stk-column stk-block stk-1d1764d\" data-v=\"4\" data-block-id=\"1d1764d\"><div class=\"stk-column-wrapper stk-block-column__content stk-container stk-1d1764d-container stk--no-background stk--no-padding\"><div class=\"stk-block-content stk-inner-blocks stk-1d1764d-inner-blocks\"><style id=\"depicter-1-inline-pre-css\">\n\n.depicter-1:not(.depicter-ready){\n\theight:450px;\n}\n\n\/***** Tablet *****\/\n@media screen and (max-width: 1024px){\n\n.depicter-1:not(.depicter-ready){\n\theight:700px;\n}\n\n}\n\/***** Mobile *****\/\n@media screen and (max-width: 767px){\n\n.depicter-1:not(.depicter-ready){\n\theight:360px;\n}\n\n}\n<\/style>\n<div id=\"depicter-1\" class=\"depicter depicter-document depicter-revert depicter-1 depicter-layout-fullwidth\">\n\n<div class=\"depicter-loading-container depicter-loading dotFlashing-dark\"><div class=\"depicter-loading-dark depicter-dot-flashing\">\n   <span><\/span>\n   <span><\/span>\n   <span><\/span>\n<\/div>\n<\/div>\n<div id=\"depicter-1-section-1\" class=\"depicter-section depicter-1-section-1\" data-name=\"Section 1\" data-type=\"section\" data-local-id=\"section-1\">\n<picture class=\"depicter-bg\">\n<source data-depicter-srcset=\"https:\/\/www.ull.es\/masteres\/gestion-nautica-transporte-maritimo\/wp-content\/uploads\/sites\/56\/2025\/07\/Headers-Masteres_Gestion-Nautica-y-Transporte-Maritimo-768x248.jpg, https:\/\/www.ull.es\/masteres\/gestion-nautica-transporte-maritimo\/wp-content\/uploads\/sites\/56\/2025\/07\/Headers-Masteres_Gestion-Nautica-y-Transporte-Maritimo.jpg 2x\" srcset=\"data:image\/gif;base64,R0lGODlhAQABAIAAAAAAAP\/\/\/yH5BAEAAAAALAAAAAABAAEAAAIBRAA7\" media=\"(max-width: 1024px)\" \/>\n\n<source data-depicter-srcset=\"https:\/\/www.ull.es\/masteres\/gestion-nautica-transporte-maritimo\/wp-content\/uploads\/sites\/56\/2025\/07\/Headers-Masteres_Gestion-Nautica-y-Transporte-Maritimo.jpg, https:\/\/www.ull.es\/masteres\/gestion-nautica-transporte-maritimo\/wp-content\/uploads\/sites\/56\/2025\/07\/Headers-Masteres_Gestion-Nautica-y-Transporte-Maritimo-1280x413.jpg 2x\" srcset=\"data:image\/gif;base64,R0lGODlhAQABAIAAAAAAAP\/\/\/yH5BAEAAAAALAAAAAABAAEAAAIBRAA7\" media=\"(min-width: 1025px)\" \/>\n<img decoding=\"async\" src=\"data:image\/gif;base64,R0lGODlhAQABAIAAAAAAAP\/\/\/yH5BAEAAAAALAAAAAABAAEAAAIBRAA7\" data-ken-burns=\"false\" data-tablet-ken-burns=\"false\" data-mobile-ken-burns=\"false\" alt=\"\" data-depicter-src=\"https:\/\/www.ull.es\/masteres\/gestion-nautica-transporte-maritimo\/wp-content\/uploads\/sites\/56\/2025\/07\/Headers-Masteres_Gestion-Nautica-y-Transporte-Maritimo.jpg\" data-object-fit=\"custom,custom,\" data-object-position=\"center top,,\" data-crop=\"{'focalPoint':{'x':0.5,'y':0.5},'mediaSize':{'width':1394.6731234866829254315234720706939697265625,'height':450}}\" data-tablet-crop=\"{'focalPoint':{'x':0.5,'y':0.5},'mediaSize':{'width':2169.4915254237284898408688604831695556640625,'height':700}}\" data-mobile-crop=\"{'focalPoint':{'x':0.5,'y':0.5},'mediaSize':{'width':1394.6731234866829254315234720706939697265625,'height':450}}\" \/>\n<\/picture>\n\n\n<h1 id=\"depicter-1-element-5\" class=\"depicter-element depicter-layer depicter-1-element-5\" data-type=\"text\" data-wrap=\"true\" data-name=\"Text 2\" data-local-id=\"element-5\" data-offset=\"x:0px;y:141px;origin:tl\" data-tablet-offset=\"x:196px;y:223px;origin:tl\" data-mobile-offset=\"x:-19px;y:84px;origin:tl\" data-width=\"1200px,633px,408px\" data-height=\"auto,auto,auto\" data-responsive-scale=\"true,,\">M\u00e1ster Universitario en Gesti\u00f3n Na\u00fatica y Transporte Mar\u00edtimo<br><\/h1>\n\n<div id=\"depicter-1-element-10\" class=\"depicter-element depicter-layer depicter-1-element-10\" data-type=\"shape\" data-wrap=\"true\" data-name=\"Shape 1\" data-local-id=\"element-10\" data-offset=\"x:0px;y:320px;origin:tl\" data-tablet-offset=\"x:189px;y:455px;origin:tl\" data-mobile-offset=\"x:-19px;y:282px;origin:tl\" data-width=\"1093px,647px,403px\" data-height=\"8px,8px,8px\" data-responsive-scale=\"true,,\"><\/div>\n<\/div>\n<\/div>\n<script>\n(window.depicterSetups = window.depicterSetups || []).push(function(){\n\tDepicter.basePath = 'https:\/\/www.ull.es\/masteres\/gestion-nautica-transporte-maritimo\/wp-content\/plugins\/depicter\/resources\/scripts\/player\/';\n\tconst dpPlayer = Depicter.setup('.depicter-1',\n\t\t{\"width\":[\"1200\",\"1024\",\"360\"],\"height\":[\"450\",\"700\",\"360\"],\"view\":\"basic\",\"keepAspectRatio\":true,\"preload\":0,\"layout\":\"fullwidth\",\"rtl\":false,\"initAfterAppear\":false,\"ajaxApiUrl\":\"https:\\\/\\\/www.ull.es\\\/masteres\\\/gestion-nautica-transporte-maritimo\\\/wp-admin\\\/admin-ajax.php\",\"mouseSwipe\":true,\"touchSwipe\":true,\"useWatermark\":false}\n\t);\n});\n<\/script><\/div><\/div><\/div>\n<\/div><\/div>\n\n\n\n<div class=\"wp-block-stackable-columns alignfull stk-block-columns stk--hide-mobile stk-block stk-6394276 stk-block-background\" data-block-id=\"6394276\"><style>.stk-6394276 {background-color:#fa6199 !important;padding-top:50px !important;padding-right:0px !important;padding-bottom:1px !important;padding-left:0px !important;margin-top:-40px !important;margin-bottom:0px !important;}.stk-6394276:before{background-color:#fa6199 !important;}<\/style><div class=\"stk-row stk-inner-blocks stk-block-content stk-content-align stk-6394276-column alignfull\">\n<div class=\"wp-block-stackable-column stk-block-column stk-column stk-block stk-8a66885\" data-v=\"4\" data-block-id=\"8a66885\"><div class=\"stk-column-wrapper stk-block-column__content stk-container stk-8a66885-container stk--no-background stk--no-padding\"><div class=\"stk-block-content stk-inner-blocks stk-8a66885-inner-blocks\">\n<div class=\"wp-block-stackable-spacer stk-block-spacer stk--no-padding stk-block stk-bc89b3e\" data-block-id=\"bc89b3e\"><style>.stk-bc89b3e {height:0px !important;}<\/style><\/div>\n<\/div><\/div><\/div>\n<\/div><\/div>\n\n\n\n<div class=\"wp-block-stackable-columns stk-block-columns stk-block stk-8b59b96\" data-block-id=\"8b59b96\"><style>.stk-8b59b96 .stk--block-align-8b59b96{align-items:flex-start !important;}.stk-8b59b96 {margin-top:50px !important;}.stk-8b59b96-column{--stk-columns-spacing:0px !important;--stk-column-gap:50px !important;}@media screen and (max-width: 767px){.stk-8b59b96-column{row-gap:var(--stk--preset--spacing--60, 2.25rem) !important;}}<\/style><div class=\"stk-row stk-inner-blocks stk--block-align-8b59b96 stk-block-content stk-content-align stk-8b59b96-column\">\n<div class=\"wp-block-stackable-column stk-block-column stk-column stk-block stk-dbb7e15\" data-v=\"4\" data-block-id=\"dbb7e15\"><style>@media screen and (min-width: 768px){.stk-dbb7e15 {flex:var(--stk-flex-grow, 1) 1 66.7% !important;}}<\/style><div class=\"stk-column-wrapper stk-block-column__content stk-container stk-dbb7e15-container stk--no-background stk--no-padding\"><div class=\"stk-block-content stk-inner-blocks stk-dbb7e15-inner-blocks\">\n<div class=\"wp-block-stackable-heading stk-block-heading stk-block-heading--v2 stk-block stk-cc0239e\" id=\"complementos-de-formacion\" data-block-id=\"cc0239e\"><style>.stk-cc0239e .stk-block-heading__text{color:#fa6199 !important;font-weight:500 !important;}<\/style><h1 class=\"stk-block-heading__text has-text-color\">Reconocimiento y transferencia de cr\u00e9ditos<\/h1><\/div>\n\n\n\n<div class=\"wp-block-stackable-text stk-block-text stk-block stk-15d6cec\" data-block-id=\"15d6cec\"><p class=\"stk-block-text__text\">El sistema de Reconocimiento y Transferencia de Cr\u00e9ditos se llevar\u00e1 a cabo de acuerdo a la normativa vigente establecida en el&nbsp;<a href=\"https:\/\/sede.ull.es\/ecivilis-site\/bulletinBoard\/showBulletin\/5390:1\" target=\"_blank\" rel=\"noreferrer noopener\" target=\"_blank\" rel=\"noopener\">Reglamento de Reconocimiento, Adaptaci\u00f3n y Transferencia de Cr\u00e9ditos de la Universidad de La Laguna<\/a>.<\/p><\/div>\n\n\n\n<p>El art\u00edculo 3 del Reglamento establece las definiciones de reconocimiento y transferencia de cr\u00e9ditos. Por reconocimiento de cr\u00e9ditos se entiende la aceptaci\u00f3n de los cr\u00e9ditos obtenidos en unas ense\u00f1anzas oficiales en la misma u otra universidad o procedentes de Ciclos Formativos de Grado Superior, actividades acad\u00e9micas o validaci\u00f3n de experiencia laboral o profesional, para su c\u00f3mputo a efectos de la obtenci\u00f3n de un t\u00edtulo oficial por la Universidad de La Laguna.<\/p>\n\n\n\n<p>Por transferencia de cr\u00e9ditos se entiende la anotaci\u00f3n en los documentos acad\u00e9micos oficiales de la Universidad de La Laguna acreditativos de las ense\u00f1anzas seguidas por cada estudiante de todos los cr\u00e9ditos obtenidos en ense\u00f1anzas oficiales cursadas con anterioridad, en la misma u otra universidad, que no hayan sido objeto de reconocimiento ni hayan conducido a la obtenci\u00f3n de un t\u00edtulo oficial.<\/p>\n\n\n\n<p>El Reglamento en su cap\u00edtulo II define las reglas para el reconocimiento y transferencia de cr\u00e9ditos. En lo aplicable a estudios de M\u00e1ster el art\u00edculo 4 establece las siguientes reglas:<\/p>\n\n\n\n<ul class=\"wp-block-list\">\n<li>El reconocimiento de cr\u00e9ditos se har\u00e1 por los cr\u00e9ditos totales de una asignatura y no se contemplar\u00e1 el reconocimiento de un n\u00famero parcial de cr\u00e9ditos.<\/li>\n\n\n\n<li>El Trabajo Fin de M\u00e1ster no podr\u00e1 ser objeto de reconocimiento.<\/li>\n\n\n\n<li>Ser\u00e1n objeto de reconocimiento los cr\u00e9ditos obtenidos en estudios pertenecientes al mismo ciclo: m\u00e1ster.<\/li>\n<\/ul>\n\n\n\n<ul class=\"wp-block-list\">\n<li>Tambi\u00e9n se podr\u00e1n obtener reconocimientos de cr\u00e9ditos en estudios oficiales de m\u00e1ster a partir de estudios previos cursados en t\u00edtulos propios de posgrado de la ULL o de otra universidad, en funci\u00f3n de la adecuaci\u00f3n entre las competencias y conocimientos asociados a las materias superadas y los previstos en el plan de estudios de las ense\u00f1anzas del m\u00e1ster oficial correspondientes. Este reconocimiento no podr\u00e1 superar el 15% del total de los cr\u00e9ditos de la titulaci\u00f3n oficial.<\/li>\n\n\n\n<li>Los cr\u00e9ditos obtenidos en estudios de licenciatura de anteriores sistemas de titulaciones universitarias podr\u00e1n ser objeto de reconocimiento en los estudios oficiales de m\u00e1ster universitario en funci\u00f3n de la adecuaci\u00f3n de contenidos y\/o competencias entre unos y otros.<\/li>\n\n\n\n<li>La unidad de reconocimiento ser\u00e1n los m\u00f3dulos, materias y asignaturas, seg\u00fan se establezca en el plan de estudios correspondiente.<\/li>\n\n\n\n<li>En el expediente figurar\u00e1n como cr\u00e9ditos reconocidos y se tendr\u00e1n en cuenta como cr\u00e9ditos realizados en la titulaci\u00f3n.<\/li>\n<\/ul>\n\n\n\n<p>El Reglamento contempla, en aplicaci\u00f3n de la legislaci\u00f3n vigente, el reconocimiento de hasta el 15% del total de cr\u00e9ditos de la titulaci\u00f3n por experiencia profesional previa o por asignaturas incluidas en t\u00edtulos propios de posgrado. Sin embargo,&nbsp;en el M\u00e1ster en Gesti\u00f3n en&nbsp;Gesti\u00f3n N\u00e1utica y Transporte Mar\u00edtimo&nbsp;no&nbsp;se&nbsp;considera&nbsp;esta&nbsp;posibilidad&nbsp;de reconocimiento.<\/p>\n<\/div><\/div><\/div>\n\n\n\n<div class=\"wp-block-stackable-column stk-block-column stk-column stk-block stk-53ec762\" data-v=\"4\" data-block-id=\"53ec762\"><style>.stk-53ec762-inner-blocks{row-gap:0px !important;}.stk-53ec762 {padding-top:0px !important;padding-right:0px !important;padding-bottom:0px !important;padding-left:0px !important;}@media screen and (min-width: 768px){.stk-53ec762 {flex:var(--stk-flex-grow, 1) 1 33.3% !important;}}<\/style><div class=\"stk-column-wrapper stk-block-column__content stk-container stk-53ec762-container stk--no-background stk--no-padding\"><div class=\"stk-block-content stk-inner-blocks stk-53ec762-inner-blocks\">\n<a class=\"btn-destacado\" style=\"font-size: 18px; background-color:#fa6199 !important;\" href=\"https:\/\/www.ull.es\/estudios-docencia\/reconocimiento-adaptacion-transferencia\/\" target=\"_blank\" rel=\"noopener noreferrer\" target=\"_blank\" rel=\"noopener\">Reconocimiento, adaptaci\u00f3n y transferencia<i class=\"fa fa-arrow-right\"><\/i><\/a>\n\n\n\n<div class=\"wp-block-stackable-spacer stk-block-spacer stk--no-padding stk-block stk-4130d6d\" data-block-id=\"4130d6d\"><\/div>\n\n\n\n\n<ul class=\"widget-box\">\n<li class='contacto-header'>Informaci\u00f3n de contacto<\/li><li><i class=\"fa fa-map-marker\"><\/i> Avda. Astrof\u00edsico Francisco S\u00e1nchez, SN. Edificio Calabaza \u2013 AN.2D Apdo. 456 38200 San Crist\u00f3bal de La Laguna<\/li><li><i class=\"fa fa-envelope\"><\/i>  <a href=mailto:master.capitan@ull.es>master.capitan@ull.es<\/a><\/li><li><i class=\"fa fa-archive\"><\/i><a href=\"https:\/\/sede.ull.es\/ecivilis-site\/catalog\/showProcedure\/484\"> Procedimiento para quejas, sugerencias y felicitaciones<\/a><\/li>\n<\/ul>\n\n\n<\/div><\/div><\/div>\n<\/div><\/div>\n","protected":false},"excerpt":{"rendered":"<p>Reconnaissance et transfert de cr\u00e9dits. Le syst\u00e8me de reconnaissance et de transfert de cr\u00e9dits sera mis en \u0153uvre conform\u00e9ment \u00e0 la r\u00e9glementation en vigueur, \u00e9tablie dans le R\u00e8glement pour la reconnaissance, l&#039;adaptation et le transfert de cr\u00e9dits de l&#039;Universit\u00e9 de La Laguna. L&#039;article 3 de ce r\u00e8glement d\u00e9finit les notions de reconnaissance et de transfert de cr\u00e9dits. Pour la reconnaissance de cr\u00e9dits\u2026<\/p>","protected":false},"author":6,"featured_media":0,"parent":252,"menu_order":3,"comment_status":"closed","ping_status":"closed","template":"templates\/template-frontpage.php","meta":{"footnotes":""},"class_list":["post-40","page","type-page","status-publish","hentry"],"yoast_head":"<!-- This site is optimized with the Yoast SEO plugin v27.3 - https:\/\/yoast.com\/product\/yoast-seo-wordpress\/ -->\n<title>Reconocimiento y transferencia de cr\u00e9ditos - M\u00e1ster Universitario en Gesti\u00f3n N\u00e1utica y Transporte Mar\u00edtimo<\/title>\n<meta name=\"robots\" content=\"index, follow, max-snippet:-1, max-image-preview:large, max-video-preview:-1\" \/>\n<link rel=\"canonical\" href=\"https:\/\/www.ull.es\/masteres\/gestion-nautica-transporte-maritimo\/fr\/informacion-academica\/reconocimiento-y-transferencia-de-creditos\/\" \/>\n<meta property=\"og:locale\" content=\"fr_FR\" \/>\n<meta property=\"og:type\" content=\"article\" \/>\n<meta property=\"og:title\" content=\"Reconocimiento y transferencia de cr\u00e9ditos - M\u00e1ster Universitario en Gesti\u00f3n N\u00e1utica y Transporte Mar\u00edtimo\" \/>\n<meta property=\"og:description\" content=\"Reconocimiento y transferencia de cr\u00e9ditos El sistema de Reconocimiento y Transferencia de Cr\u00e9ditos se llevar\u00e1 a cabo de acuerdo a la normativa vigente establecida en el&nbsp;Reglamento de Reconocimiento, Adaptaci\u00f3n y Transferencia de Cr\u00e9ditos de la Universidad de La Laguna. El art\u00edculo 3 del Reglamento establece las definiciones de reconocimiento y transferencia de cr\u00e9ditos. Por reconocimiento...\" \/>\n<meta property=\"og:url\" content=\"https:\/\/www.ull.es\/masteres\/gestion-nautica-transporte-maritimo\/fr\/informacion-academica\/reconocimiento-y-transferencia-de-creditos\/\" \/>\n<meta property=\"og:site_name\" content=\"M\u00e1ster Universitario en Gesti\u00f3n N\u00e1utica y Transporte Mar\u00edtimo\" \/>\n<meta property=\"article:modified_time\" content=\"2025-07-23T12:49:55+00:00\" \/>\n<meta name=\"twitter:card\" content=\"summary_large_image\" \/>\n<meta name=\"twitter:label1\" content=\"Dur\u00e9e de lecture estim\u00e9e\" \/>\n\t<meta name=\"twitter:data1\" content=\"3 minutes\" \/>\n<script type=\"application\/ld+json\" class=\"yoast-schema-graph\">{\"@context\":\"https:\\\/\\\/schema.org\",\"@graph\":[{\"@type\":\"WebPage\",\"@id\":\"https:\\\/\\\/www.ull.es\\\/masteres\\\/gestion-nautica-transporte-maritimo\\\/informacion-academica\\\/reconocimiento-y-transferencia-de-creditos\\\/\",\"url\":\"https:\\\/\\\/www.ull.es\\\/masteres\\\/gestion-nautica-transporte-maritimo\\\/informacion-academica\\\/reconocimiento-y-transferencia-de-creditos\\\/\",\"name\":\"Reconocimiento y transferencia de cr\u00e9ditos - M\u00e1ster Universitario en Gesti\u00f3n N\u00e1utica y Transporte Mar\u00edtimo\",\"isPartOf\":{\"@id\":\"https:\\\/\\\/www.ull.es\\\/masteres\\\/gestion-nautica-transporte-maritimo\\\/#website\"},\"datePublished\":\"2017-06-28T13:01:41+00:00\",\"dateModified\":\"2025-07-23T12:49:55+00:00\",\"breadcrumb\":{\"@id\":\"https:\\\/\\\/www.ull.es\\\/masteres\\\/gestion-nautica-transporte-maritimo\\\/informacion-academica\\\/reconocimiento-y-transferencia-de-creditos\\\/#breadcrumb\"},\"inLanguage\":\"fr-FR\",\"potentialAction\":[{\"@type\":\"ReadAction\",\"target\":[\"https:\\\/\\\/www.ull.es\\\/masteres\\\/gestion-nautica-transporte-maritimo\\\/informacion-academica\\\/reconocimiento-y-transferencia-de-creditos\\\/\"]}]},{\"@type\":\"BreadcrumbList\",\"@id\":\"https:\\\/\\\/www.ull.es\\\/masteres\\\/gestion-nautica-transporte-maritimo\\\/informacion-academica\\\/reconocimiento-y-transferencia-de-creditos\\\/#breadcrumb\",\"itemListElement\":[{\"@type\":\"ListItem\",\"position\":1,\"name\":\"Portada\",\"item\":\"https:\\\/\\\/www.ull.es\\\/masteres\\\/gestion-nautica-transporte-maritimo\\\/\"},{\"@type\":\"ListItem\",\"position\":2,\"name\":\"Informaci\u00f3n Acad\u00e9mica\",\"item\":\"https:\\\/\\\/www.ull.es\\\/masteres\\\/gestion-nautica-transporte-maritimo\\\/informacion-academica\\\/\"},{\"@type\":\"ListItem\",\"position\":3,\"name\":\"Reconocimiento y transferencia de cr\u00e9ditos\"}]},{\"@type\":\"WebSite\",\"@id\":\"https:\\\/\\\/www.ull.es\\\/masteres\\\/gestion-nautica-transporte-maritimo\\\/#website\",\"url\":\"https:\\\/\\\/www.ull.es\\\/masteres\\\/gestion-nautica-transporte-maritimo\\\/\",\"name\":\"M\u00e1ster Universitario en Gesti\u00f3n N\u00e1utica y Transporte Mar\u00edtimo\",\"description\":\"\",\"potentialAction\":[{\"@type\":\"SearchAction\",\"target\":{\"@type\":\"EntryPoint\",\"urlTemplate\":\"https:\\\/\\\/www.ull.es\\\/masteres\\\/gestion-nautica-transporte-maritimo\\\/?s={search_term_string}\"},\"query-input\":{\"@type\":\"PropertyValueSpecification\",\"valueRequired\":true,\"valueName\":\"search_term_string\"}}],\"inLanguage\":\"fr-FR\"}]}<\/script>\n<!-- \/ Yoast SEO plugin. -->","yoast_head_json":{"title":"Reconnaissance et transfert de cr\u00e9dits - Master en Management Nautique et Transport Maritime","robots":{"index":"index","follow":"follow","max-snippet":"max-snippet:-1","max-image-preview":"max-image-preview:large","max-video-preview":"max-video-preview:-1"},"canonical":"https:\/\/www.ull.es\/masteres\/gestion-nautica-transporte-maritimo\/fr\/informacion-academica\/reconocimiento-y-transferencia-de-creditos\/","og_locale":"fr_FR","og_type":"article","og_title":"Reconocimiento y transferencia de cr\u00e9ditos - M\u00e1ster Universitario en Gesti\u00f3n N\u00e1utica y Transporte Mar\u00edtimo","og_description":"Reconocimiento y transferencia de cr\u00e9ditos El sistema de Reconocimiento y Transferencia de Cr\u00e9ditos se llevar\u00e1 a cabo de acuerdo a la normativa vigente establecida en el&nbsp;Reglamento de Reconocimiento, Adaptaci\u00f3n y Transferencia de Cr\u00e9ditos de la Universidad de La Laguna. El art\u00edculo 3 del Reglamento establece las definiciones de reconocimiento y transferencia de cr\u00e9ditos. Por reconocimiento...","og_url":"https:\/\/www.ull.es\/masteres\/gestion-nautica-transporte-maritimo\/fr\/informacion-academica\/reconocimiento-y-transferencia-de-creditos\/","og_site_name":"M\u00e1ster Universitario en Gesti\u00f3n N\u00e1utica y Transporte Mar\u00edtimo","article_modified_time":"2025-07-23T12:49:55+00:00","twitter_card":"summary_large_image","twitter_misc":{"Dur\u00e9e de lecture estim\u00e9e":"3 minutes"},"schema":{"@context":"https:\/\/schema.org","@graph":[{"@type":"WebPage","@id":"https:\/\/www.ull.es\/masteres\/gestion-nautica-transporte-maritimo\/informacion-academica\/reconocimiento-y-transferencia-de-creditos\/","url":"https:\/\/www.ull.es\/masteres\/gestion-nautica-transporte-maritimo\/informacion-academica\/reconocimiento-y-transferencia-de-creditos\/","name":"Reconnaissance et transfert de cr\u00e9dits - Master en Management Nautique et Transport Maritime","isPartOf":{"@id":"https:\/\/www.ull.es\/masteres\/gestion-nautica-transporte-maritimo\/#website"},"datePublished":"2017-06-28T13:01:41+00:00","dateModified":"2025-07-23T12:49:55+00:00","breadcrumb":{"@id":"https:\/\/www.ull.es\/masteres\/gestion-nautica-transporte-maritimo\/informacion-academica\/reconocimiento-y-transferencia-de-creditos\/#breadcrumb"},"inLanguage":"fr-FR","potentialAction":[{"@type":"ReadAction","target":["https:\/\/www.ull.es\/masteres\/gestion-nautica-transporte-maritimo\/informacion-academica\/reconocimiento-y-transferencia-de-creditos\/"]}]},{"@type":"BreadcrumbList","@id":"https:\/\/www.ull.es\/masteres\/gestion-nautica-transporte-maritimo\/informacion-academica\/reconocimiento-y-transferencia-de-creditos\/#breadcrumb","itemListElement":[{"@type":"ListItem","position":1,"name":"Portada","item":"https:\/\/www.ull.es\/masteres\/gestion-nautica-transporte-maritimo\/"},{"@type":"ListItem","position":2,"name":"Informaci\u00f3n Acad\u00e9mica","item":"https:\/\/www.ull.es\/masteres\/gestion-nautica-transporte-maritimo\/informacion-academica\/"},{"@type":"ListItem","position":3,"name":"Reconocimiento y transferencia de cr\u00e9ditos"}]},{"@type":"WebSite","@id":"https:\/\/www.ull.es\/masteres\/gestion-nautica-transporte-maritimo\/#website","url":"https:\/\/www.ull.es\/masteres\/gestion-nautica-transporte-maritimo\/","name":"Master en Gestion Nautique et Transport Maritime","description":"","potentialAction":[{"@type":"SearchAction","target":{"@type":"EntryPoint","urlTemplate":"https:\/\/www.ull.es\/masteres\/gestion-nautica-transporte-maritimo\/?s={search_term_string}"},"query-input":{"@type":"PropertyValueSpecification","valueRequired":true,"valueName":"search_term_string"}}],"inLanguage":"fr-FR"}]}},"_links":{"self":[{"href":"https:\/\/www.ull.es\/masteres\/gestion-nautica-transporte-maritimo\/fr\/wp-json\/wp\/v2\/pages\/40","targetHints":{"allow":["GET"]}}],"collection":[{"href":"https:\/\/www.ull.es\/masteres\/gestion-nautica-transporte-maritimo\/fr\/wp-json\/wp\/v2\/pages"}],"about":[{"href":"https:\/\/www.ull.es\/masteres\/gestion-nautica-transporte-maritimo\/fr\/wp-json\/wp\/v2\/types\/page"}],"author":[{"embeddable":true,"href":"https:\/\/www.ull.es\/masteres\/gestion-nautica-transporte-maritimo\/fr\/wp-json\/wp\/v2\/users\/6"}],"replies":[{"embeddable":true,"href":"https:\/\/www.ull.es\/masteres\/gestion-nautica-transporte-maritimo\/fr\/wp-json\/wp\/v2\/comments?post=40"}],"version-history":[{"count":5,"href":"https:\/\/www.ull.es\/masteres\/gestion-nautica-transporte-maritimo\/fr\/wp-json\/wp\/v2\/pages\/40\/revisions"}],"predecessor-version":[{"id":1126,"href":"https:\/\/www.ull.es\/masteres\/gestion-nautica-transporte-maritimo\/fr\/wp-json\/wp\/v2\/pages\/40\/revisions\/1126"}],"up":[{"embeddable":true,"href":"https:\/\/www.ull.es\/masteres\/gestion-nautica-transporte-maritimo\/fr\/wp-json\/wp\/v2\/pages\/252"}],"wp:attachment":[{"href":"https:\/\/www.ull.es\/masteres\/gestion-nautica-transporte-maritimo\/fr\/wp-json\/wp\/v2\/media?parent=40"}],"curies":[{"name":"wp","href":"https:\/\/api.w.org\/{rel}","templated":true}]}}