{"id":18,"date":"2017-06-28T12:47:36","date_gmt":"2017-06-28T12:47:36","guid":{"rendered":"http:\/\/www.ull.es\/masteres\/desarrollo-y-gestion-de-recursos-humanos\/?page_id=18"},"modified":"2025-07-23T12:40:59","modified_gmt":"2025-07-23T12:40:59","slug":"apoyo-y-orientacion","status":"publish","type":"page","link":"https:\/\/www.ull.es\/masteres\/gestion-tecnologias-marinas\/en\/informacion-academica\/apoyo-y-orientacion\/","title":{"rendered":"Support and guidance"},"content":{"rendered":"\n<div class=\"wp-block-stackable-columns alignfull stk-block-columns stk-block stk-2314a6b\" data-block-id=\"2314a6b\"><style>.stk-2314a6b {padding-bottom:0px !important;margin-top:-100px !important;margin-bottom:0px !important;}<\/style><div class=\"stk-row stk-inner-blocks stk-block-content stk-content-align stk-2314a6b-column alignfull\">\n<div class=\"wp-block-stackable-column stk-block-column stk-column stk-block stk-1d1764d\" data-v=\"4\" data-block-id=\"1d1764d\"><div class=\"stk-column-wrapper stk-block-column__content stk-container stk-1d1764d-container stk--no-background stk--no-padding\"><div class=\"stk-block-content stk-inner-blocks stk-1d1764d-inner-blocks\"><style id=\"depicter-1-inline-pre-css\">\n\n.depicter-1:not(.depicter-ready){\n\theight:450px;\n}\n\n\/***** Tablet *****\/\n@media screen and (max-width: 1024px){\n\n.depicter-1:not(.depicter-ready){\n\theight:700px;\n}\n\n}\n\/***** Mobile *****\/\n@media screen and (max-width: 767px){\n\n.depicter-1:not(.depicter-ready){\n\theight:360px;\n}\n\n}\n<\/style>\n<div id=\"depicter-1\" class=\"depicter depicter-document depicter-revert depicter-1 depicter-layout-fullwidth\">\n\n<div class=\"depicter-loading-container depicter-loading dotFlashing-dark\"><div class=\"depicter-loading-dark depicter-dot-flashing\">\n   <span><\/span>\n   <span><\/span>\n   <span><\/span>\n<\/div>\n<\/div>\n<div id=\"depicter-1-section-1\" class=\"depicter-section depicter-1-section-1\" data-name=\"Section 1\" data-type=\"section\" data-local-id=\"section-1\">\n<picture class=\"depicter-bg\">\n<source data-depicter-srcset=\"https:\/\/www.ull.es\/masteres\/gestion-tecnologias-marinas\/wp-content\/uploads\/sites\/58\/2025\/07\/Headers-Masteres_Gestion-en-Tecnologias-Marinas-768x248.jpg, https:\/\/www.ull.es\/masteres\/gestion-tecnologias-marinas\/wp-content\/uploads\/sites\/58\/2025\/07\/Headers-Masteres_Gestion-en-Tecnologias-Marinas.jpg 2x\" srcset=\"data:image\/gif;base64,R0lGODlhAQABAIAAAAAAAP\/\/\/yH5BAEAAAAALAAAAAABAAEAAAIBRAA7\" media=\"(max-width: 1024px)\" \/>\n\n<source data-depicter-srcset=\"https:\/\/www.ull.es\/masteres\/gestion-tecnologias-marinas\/wp-content\/uploads\/sites\/58\/2025\/07\/Headers-Masteres_Gestion-en-Tecnologias-Marinas.jpg, https:\/\/www.ull.es\/masteres\/gestion-tecnologias-marinas\/wp-content\/uploads\/sites\/58\/2025\/07\/Headers-Masteres_Gestion-en-Tecnologias-Marinas-1280x413.jpg 2x\" srcset=\"data:image\/gif;base64,R0lGODlhAQABAIAAAAAAAP\/\/\/yH5BAEAAAAALAAAAAABAAEAAAIBRAA7\" media=\"(min-width: 1025px)\" \/>\n<img decoding=\"async\" src=\"data:image\/gif;base64,R0lGODlhAQABAIAAAAAAAP\/\/\/yH5BAEAAAAALAAAAAABAAEAAAIBRAA7\" data-ken-burns=\"false\" data-tablet-ken-burns=\"false\" data-mobile-ken-burns=\"false\" alt=\"\" data-depicter-src=\"https:\/\/www.ull.es\/masteres\/gestion-tecnologias-marinas\/wp-content\/uploads\/sites\/58\/2025\/07\/Headers-Masteres_Gestion-en-Tecnologias-Marinas.jpg\" data-object-fit=\"custom,custom,\" data-object-position=\"center top,,\" data-crop=\"{'focalPoint':{'x':0.5,'y':0.5},'mediaSize':{'width':1394.6731234866829254315234720706939697265625,'height':450}}\" data-tablet-crop=\"{'focalPoint':{'x':0.67000000000000003996802888650563545525074005126953125,'y':0.5},'mediaSize':{'width':2169,'height':700}}\" data-mobile-crop=\"{'focalPoint':{'x':0.61999999999999999555910790149937383830547332763671875,'y':0.5},'mediaSize':{'width':1394,'height':450}}\" \/>\n<\/picture>\n\n\n<h1 id=\"depicter-1-element-5\" class=\"depicter-element depicter-layer depicter-1-element-5\" data-type=\"text\" data-wrap=\"true\" data-name=\"Text 2\" data-local-id=\"element-5\" data-offset=\"x:0px;y:141px;origin:tl\" data-tablet-offset=\"x:196px;y:223px;origin:tl\" data-mobile-offset=\"x:-16px;y:108px;origin:tl\" data-width=\"1200px,633px,408px\" data-height=\"auto,auto,auto\" data-responsive-scale=\"true,,\">M\u00e1ster Universitario en Gesti\u00f3n en Tecnolog\u00edas Marinas<br><\/h1>\n\n<div id=\"depicter-1-element-10\" class=\"depicter-element depicter-layer depicter-1-element-10\" data-type=\"shape\" data-wrap=\"true\" data-name=\"Shape 1\" data-local-id=\"element-10\" data-offset=\"x:-6px;y:317px;origin:tl\" data-tablet-offset=\"x:189px;y:455px;origin:tl\" data-mobile-offset=\"x:-16px;y:265px;origin:tl\" data-width=\"1104px,647px,408px\" data-height=\"8px,8px,8px\" data-responsive-scale=\"true,,\"><\/div>\n<\/div>\n<\/div>\n<script>\n(window.depicterSetups = window.depicterSetups || []).push(function(){\n\tDepicter.basePath = 'https:\/\/www.ull.es\/masteres\/gestion-tecnologias-marinas\/wp-content\/plugins\/depicter\/resources\/scripts\/player\/';\n\tconst dpPlayer = Depicter.setup('.depicter-1',\n\t\t{\"width\":[\"1200\",\"1024\",\"360\"],\"height\":[\"450\",\"700\",\"360\"],\"view\":\"basic\",\"keepAspectRatio\":true,\"preload\":0,\"layout\":\"fullwidth\",\"rtl\":false,\"initAfterAppear\":false,\"ajaxApiUrl\":\"https:\\\/\\\/www.ull.es\\\/masteres\\\/gestion-tecnologias-marinas\\\/wp-admin\\\/admin-ajax.php\",\"mouseSwipe\":true,\"touchSwipe\":true,\"useWatermark\":false}\n\t);\n});\n<\/script><\/div><\/div><\/div>\n<\/div><\/div>\n\n\n\n<div class=\"wp-block-stackable-columns alignfull stk-block-columns stk--hide-mobile stk-block stk-6394276 stk-block-background\" data-block-id=\"6394276\"><style>.stk-6394276 {background-color:#fa6199 !important;padding-top:50px !important;padding-right:0px !important;padding-bottom:1px !important;padding-left:0px !important;margin-top:-40px !important;margin-bottom:0px !important;}.stk-6394276:before{background-color:#fa6199 !important;}<\/style><div class=\"stk-row stk-inner-blocks stk-block-content stk-content-align stk-6394276-column alignfull\">\n<div class=\"wp-block-stackable-column stk-block-column stk-column stk-block stk-8a66885\" data-v=\"4\" data-block-id=\"8a66885\"><div class=\"stk-column-wrapper stk-block-column__content stk-container stk-8a66885-container stk--no-background stk--no-padding\"><div class=\"stk-block-content stk-inner-blocks stk-8a66885-inner-blocks\">\n<div class=\"wp-block-stackable-spacer stk-block-spacer stk--no-padding stk-block stk-bc89b3e\" data-block-id=\"bc89b3e\"><style>.stk-bc89b3e {height:0px !important;}<\/style><\/div>\n<\/div><\/div><\/div>\n<\/div><\/div>\n\n\n\n<div class=\"wp-block-stackable-columns stk-block-columns stk-block stk-8b59b96\" data-block-id=\"8b59b96\"><style>.stk-8b59b96 .stk--block-align-8b59b96{align-items:flex-start !important;}.stk-8b59b96 {margin-top:50px !important;}.stk-8b59b96-column{--stk-columns-spacing:0px !important;--stk-column-gap:50px !important;}@media screen and (max-width: 767px){.stk-8b59b96-column{row-gap:var(--stk--preset--spacing--60, 2.25rem) !important;}}<\/style><div class=\"stk-row stk-inner-blocks stk--block-align-8b59b96 stk-block-content stk-content-align stk-8b59b96-column\">\n<div class=\"wp-block-stackable-column stk-block-column stk-column stk-block stk-dbb7e15\" data-v=\"4\" data-block-id=\"dbb7e15\"><style>@media screen and (min-width: 768px){.stk-dbb7e15 {flex:var(--stk-flex-grow, 1) 1 66.7% !important;}}<\/style><div class=\"stk-column-wrapper stk-block-column__content stk-container stk-dbb7e15-container stk--no-background stk--no-padding\"><div class=\"stk-block-content stk-inner-blocks stk-dbb7e15-inner-blocks\">\n<div class=\"wp-block-stackable-heading stk-block-heading stk-block-heading--v2 stk-block stk-cc0239e\" id=\"complementos-de-formacion\" data-block-id=\"cc0239e\"><style>.stk-cc0239e .stk-block-heading__text{color:#fa6199 !important;font-weight:500 !important;}<\/style><h1 class=\"stk-block-heading__text has-text-color\">Apoyo y orientaci\u00f3n<\/h1><\/div>\n\n\n\n<div class=\"wp-block-stackable-text stk-block-text stk-block stk-0522ffa\" data-block-id=\"0522ffa\"><p class=\"stk-block-text__text\">Se llevar\u00e1n a cabo las siguientes acciones de apoyo y orientaci\u00f3n de los estudiantes, agrupados a nivel institucional y a nivel espec\u00edfico del M\u00e1ster:<\/p><\/div>\n\n\n\n<p><strong>Unidades y Servicios de apoyo y orientaci\u00f3n de la ULL<\/strong><\/p>\n\n\n\n<p>1. Servicio de Informaci\u00f3n y Orientaci\u00f3n (SIO): Es la oficina de la Universidad de La Laguna destinada a informar, asesorar y orientar a los futuros estudiantes y a la comunidad universitaria en general. Al alumnado universitario, en especial, se le informa sobre temas relacionados con la formaci\u00f3n y la vida universitaria, asimismo se les dirige, en las demandas m\u00e1s espec\u00edficas, a las oficinas correspondientes. Algunos de sus servicios son de utilidad para los estudiantes una vez matriculados.<\/p>\n\n\n\n<p>2. Programa de Atenci\u00f3n a Estudiantes con Discapacidad (PAED), dependiente del Vicerrectorado de Estudiantes, con objeto de garantizar la igualdad de oportunidades del alumnado con discapacidad, promoviendo su plena integraci\u00f3n en el desarrollo de sus estudios y vida universitaria.<\/p>\n\n\n\n<p>3. Becas: El Servicio de Becas es el responsable de la gesti\u00f3n de todas las becas de ayuda al estudio. En el portal de la Universidad de La Laguna se encuentran todas las convocatorias de becas que puedan ser de inter\u00e9s para el alumnado (enlace).<\/p>\n\n\n\n<p>4. Movilidad internacional: En el portal de la Universidad de La Laguna se ofrece la informaci\u00f3n acerca de los distintos programas de movilidad para el alumnado (enlace).<\/p>\n\n\n\n<p>5. La Fundaci\u00f3n General de la Universidad de La Laguna (FGULL) gestiona programas de inserci\u00f3n laboral que posibilitan a los titulados adaptar los conocimientos al nuevo entorno laboral, ampliar la formaci\u00f3n pr\u00e1ctica y te\u00f3rica o insertarse laboralmente.<\/p>\n\n\n\n<p>6. Biblioteca de la ULL: El servicio de la Biblioteca de la ULL cuenta con personal profesional preparado para orientar a los estudiantes una vez matriculados. Orientaci\u00f3n tanto de los recursos de la biblioteca, como formaci\u00f3n encaminada a adquirir herramientas de aprendizaje para localizar, seleccionar y utilizar de forma adecuada todo tipo de fuentes de informaci\u00f3n (enlace).<\/p>\n\n\n\n<p>7. Estudiantes extranjeros: la informaci\u00f3n espec\u00edfica para estudiantes extranjeros se encuentra disponible en el siguiente enlace.<\/p>\n\n\n\n<p>8. Servicios de idiomas de la Fundaci\u00f3n Empresa de la Universidad de La Laguna: Se proporciona informaci\u00f3n sobre el Servicio de idiomas de la ULL (enlace).<\/p>\n\n\n\n<p>9. Tarjeta universitaria. Permite identificar a los miembros de la comunidad universitaria y acceder a servicios como el pr\u00e9stamo bibliotecario, los bonos de comedor o el acceso a zonas reservadas para usuarios de la ULL (acceso a los aparcamientos del centro donde se realice la matr\u00edcula, instalaciones deportivas, habitaciones en centros de alojamiento, control de instalaciones, etc.).<\/p>\n\n\n\n<p>10. Cuenta de correo electr\u00f3nico. Todos los miembros de la comunidad universitaria dispondr\u00e1n de una cuenta de correo electr\u00f3nico en el dominio ull.edu.es. Los servicios ull.edu.es utilizan la tecnolog\u00eda de Google para ofrecer un conjunto de funcionalidades que facilitan el trabajo colaborativo y la comunicaci\u00f3n de la comunidad universitaria en Internet. A todo el alumnado de nuevo ingreso se le asigna una nueva cuenta de correo electr\u00f3nico.<\/p>\n\n\n\n<p><strong>ACTIVIDADES DE APOYO Y ORIENTACI\u00d3N ESPEC\u00cdFICAS DEL M\u00c1STER<\/strong><\/p>\n\n\n\n<p>Jornadas de bienvenida: Se desarrollar\u00e1n la primera semana de clases. En ellas se presentar\u00e1 el t\u00edtulo de forma detallada y se ofrecer\u00e1 informaci\u00f3n sobre el desarrollo del curso.<\/p>\n\n\n\n<p>La Comisi\u00f3n Acad\u00e9mica del M\u00e1ster (CAM) ser\u00e1 la encargada de llevar a cabo la asignaci\u00f3n de una o un profesor- tutor que acompa\u00f1ar\u00e1 a cada estudiante a lo largo de toda la duraci\u00f3n del M\u00e1ster. La o el tutor-acad\u00e9mico ser\u00e1 una o un profesor universitario del M\u00e1ster que tendr\u00e1 como funci\u00f3n principal apoyar el proceso formativo del alumnado mediante tutor\u00edas.<\/p>\n\n\n\n<p>Las principales funciones a desempe\u00f1ar por la o el tutor acad\u00e9mico ser\u00e1n:<\/p>\n\n\n\n<p>1. Ayudar a planificar y organizar las actividades de aprendizaje;<\/p>\n\n\n\n<p>2. Facilitar al alumnado estrategias de aprendizaje aut\u00f3nomo; y 3) Ayudar a resolver los problemas que se vayan presentando<\/p>\n\n\n\n<p>Ya que el M\u00e1ster se imparte en modalidad virtual, el apoyo a los estudiantes se realizar\u00e1 a trav\u00e9s de tres v\u00edas utilizando distintos canales o herramientas de Internet:<\/p>\n\n\n\n<p>a) Por una parte, a trav\u00e9s del sitio o p\u00e1gina web oficial del M\u00e1ster que ser\u00e1 de acceso libre y abierto<\/p>\n\n\n\n<p>b) A trav\u00e9s de aulas virtuales que configuren un espacio virtual formativo espec\u00edfico del M\u00e1ster que ser\u00e1 privado, ya que solamente podr\u00e1n acceder al mismo el alumnado matriculado y el profesorado participante<\/p>\n\n\n\n<p>c) A trav\u00e9s de distintos recursos y herramientas abiertas de la Web 2.0, especialmente redes sociales<\/p>\n\n\n\n<p>Al tratarse de un programa formativo en modalidad virtual, el profesorado mantendr\u00e1 un contacto frecuente con el alumnado, de al menos una vez cada quince d\u00edas, para un correcto seguimiento de la labor desempe\u00f1ada. A las consultas recibidas de las y los estudiantes, los profesores y profesoras deber\u00e1n responder en un plazo m\u00e1ximo de 48 horas.<\/p>\n\n\n\n<p>Se prestar\u00e1 especial atenci\u00f3n cuando se detecten se\u00f1ales de inactividad por parte del alumnado, como la falta de participaci\u00f3n o de entregar actividades evaluables. En esos supuestos se activar\u00e1n los diversos canales de comunicaci\u00f3n previstos y se dar\u00e1 cuenta a la Direcci\u00f3n del M\u00e1ster en caso de no obtener respuesta del alumnado.<\/p>\n\n\n\n<p>Ante la previsi\u00f3n de contar con alumnado extranjero, especialmente de pa\u00edses latinoamericanos, se ajustar\u00e1n los horarios de atenci\u00f3n en tutor\u00edas para conciliarlos con la jornada laboral del profesorado y del propio alumnado. As\u00ed pues, el profesorado reservar\u00e1 franjas horarias con suficiente holgura para realizar la tutorizaci\u00f3n s\u00edncrona de manera efectiva con aquel alumnado que se encuentre localizado en husos horarios diferentes al espa\u00f1ol.<\/p>\n<\/div><\/div><\/div>\n\n\n\n<div class=\"wp-block-stackable-column stk-block-column stk-column stk-block stk-53ec762\" data-v=\"4\" data-block-id=\"53ec762\"><style>.stk-53ec762-inner-blocks{row-gap:0px !important;}.stk-53ec762 {padding-top:0px !important;padding-right:0px !important;padding-bottom:0px !important;padding-left:0px !important;}@media screen and (min-width: 768px){.stk-53ec762 {flex:var(--stk-flex-grow, 1) 1 33.3% !important;}}<\/style><div class=\"stk-column-wrapper stk-block-column__content stk-container stk-53ec762-container stk--no-background stk--no-padding\"><div class=\"stk-block-content stk-inner-blocks stk-53ec762-inner-blocks\">\n\n<ul class=\"widget-box\">\n<li class='contacto-header'>Informaci\u00f3n de contacto<\/li><li><i class=\"fa fa-map-marker\"><\/i> Epsi de N\u00e1utica, M\u00e1quinas y Radioelectr\u00f3nica Naval Virtual<\/li><li><i class=\"fa fa-archive\"><\/i><a href=\"https:\/\/sede.ull.es\/ecivilis-site\/catalog\/showProcedure\/484\"> Procedimiento para quejas, sugerencias y felicitaciones<\/a><\/li>\n<\/ul>\n\n\n<\/div><\/div><\/div>\n<\/div><\/div>\n","protected":false},"excerpt":{"rendered":"<p>Support and guidance The following support and guidance actions will be carried out for students, grouped at the institutional level and at the specific level of the Master&#039;s degree: Support and guidance units and services of the ULL 1. Information and Guidance Service (SIO): This is the office of the University of La Laguna intended for\u2026<\/p>","protected":false},"author":1,"featured_media":0,"parent":252,"menu_order":7,"comment_status":"closed","ping_status":"closed","template":"templates\/template-frontpage.php","meta":{"footnotes":""},"class_list":["post-18","page","type-page","status-publish","hentry"],"yoast_head":"<!-- This site is optimized with the Yoast SEO plugin v27.3 - https:\/\/yoast.com\/product\/yoast-seo-wordpress\/ -->\n<title>Apoyo y orientaci\u00f3n - M\u00e1ster Universitario en Gesti\u00f3n en Tecnolog\u00edas Marinas<\/title>\n<meta name=\"robots\" content=\"index, follow, max-snippet:-1, max-image-preview:large, max-video-preview:-1\" \/>\n<link rel=\"canonical\" href=\"https:\/\/www.ull.es\/masteres\/gestion-tecnologias-marinas\/en\/informacion-academica\/apoyo-y-orientacion\/\" \/>\n<meta property=\"og:locale\" content=\"en_GB\" \/>\n<meta property=\"og:type\" content=\"article\" \/>\n<meta property=\"og:title\" content=\"Apoyo y orientaci\u00f3n - M\u00e1ster Universitario en Gesti\u00f3n en Tecnolog\u00edas Marinas\" \/>\n<meta property=\"og:description\" content=\"Apoyo y orientaci\u00f3n Se llevar\u00e1n a cabo las siguientes acciones de apoyo y orientaci\u00f3n de los estudiantes, agrupados a nivel institucional y a nivel espec\u00edfico del M\u00e1ster: Unidades y Servicios de apoyo y orientaci\u00f3n de la ULL 1. Servicio de Informaci\u00f3n y Orientaci\u00f3n (SIO): Es la oficina de la Universidad de La Laguna destinada a...\" \/>\n<meta property=\"og:url\" content=\"https:\/\/www.ull.es\/masteres\/gestion-tecnologias-marinas\/en\/informacion-academica\/apoyo-y-orientacion\/\" \/>\n<meta property=\"og:site_name\" content=\"M\u00e1ster Universitario en Gesti\u00f3n en Tecnolog\u00edas Marinas\" \/>\n<meta property=\"article:modified_time\" content=\"2025-07-23T12:40:59+00:00\" \/>\n<meta name=\"twitter:card\" content=\"summary_large_image\" \/>\n<meta name=\"twitter:label1\" content=\"Estimated reading time\" \/>\n\t<meta name=\"twitter:data1\" content=\"5 minutes\" \/>\n<script type=\"application\/ld+json\" class=\"yoast-schema-graph\">{\"@context\":\"https:\\\/\\\/schema.org\",\"@graph\":[{\"@type\":\"WebPage\",\"@id\":\"https:\\\/\\\/www.ull.es\\\/masteres\\\/gestion-tecnologias-marinas\\\/informacion-academica\\\/apoyo-y-orientacion\\\/\",\"url\":\"https:\\\/\\\/www.ull.es\\\/masteres\\\/gestion-tecnologias-marinas\\\/informacion-academica\\\/apoyo-y-orientacion\\\/\",\"name\":\"Apoyo y orientaci\u00f3n - M\u00e1ster Universitario en Gesti\u00f3n en Tecnolog\u00edas Marinas\",\"isPartOf\":{\"@id\":\"https:\\\/\\\/www.ull.es\\\/masteres\\\/gestion-tecnologias-marinas\\\/#website\"},\"datePublished\":\"2017-06-28T12:47:36+00:00\",\"dateModified\":\"2025-07-23T12:40:59+00:00\",\"breadcrumb\":{\"@id\":\"https:\\\/\\\/www.ull.es\\\/masteres\\\/gestion-tecnologias-marinas\\\/informacion-academica\\\/apoyo-y-orientacion\\\/#breadcrumb\"},\"inLanguage\":\"en-GB\",\"potentialAction\":[{\"@type\":\"ReadAction\",\"target\":[\"https:\\\/\\\/www.ull.es\\\/masteres\\\/gestion-tecnologias-marinas\\\/informacion-academica\\\/apoyo-y-orientacion\\\/\"]}]},{\"@type\":\"BreadcrumbList\",\"@id\":\"https:\\\/\\\/www.ull.es\\\/masteres\\\/gestion-tecnologias-marinas\\\/informacion-academica\\\/apoyo-y-orientacion\\\/#breadcrumb\",\"itemListElement\":[{\"@type\":\"ListItem\",\"position\":1,\"name\":\"Portada\",\"item\":\"https:\\\/\\\/www.ull.es\\\/masteres\\\/gestion-tecnologias-marinas\\\/\"},{\"@type\":\"ListItem\",\"position\":2,\"name\":\"Informaci\u00f3n Acad\u00e9mica\",\"item\":\"https:\\\/\\\/www.ull.es\\\/masteres\\\/gestion-tecnologias-marinas\\\/informacion-academica\\\/\"},{\"@type\":\"ListItem\",\"position\":3,\"name\":\"Apoyo y orientaci\u00f3n\"}]},{\"@type\":\"WebSite\",\"@id\":\"https:\\\/\\\/www.ull.es\\\/masteres\\\/gestion-tecnologias-marinas\\\/#website\",\"url\":\"https:\\\/\\\/www.ull.es\\\/masteres\\\/gestion-tecnologias-marinas\\\/\",\"name\":\"M\u00e1ster Universitario en Gesti\u00f3n en Tecnolog\u00edas Marinas\",\"description\":\"\",\"potentialAction\":[{\"@type\":\"SearchAction\",\"target\":{\"@type\":\"EntryPoint\",\"urlTemplate\":\"https:\\\/\\\/www.ull.es\\\/masteres\\\/gestion-tecnologias-marinas\\\/?s={search_term_string}\"},\"query-input\":{\"@type\":\"PropertyValueSpecification\",\"valueRequired\":true,\"valueName\":\"search_term_string\"}}],\"inLanguage\":\"en-GB\"}]}<\/script>\n<!-- \/ Yoast SEO plugin. -->","yoast_head_json":{"title":"Support and guidance - Master&#039;s Degree in Marine Technology Management","robots":{"index":"index","follow":"follow","max-snippet":"max-snippet:-1","max-image-preview":"max-image-preview:large","max-video-preview":"max-video-preview:-1"},"canonical":"https:\/\/www.ull.es\/masteres\/gestion-tecnologias-marinas\/en\/informacion-academica\/apoyo-y-orientacion\/","og_locale":"en_GB","og_type":"article","og_title":"Apoyo y orientaci\u00f3n - M\u00e1ster Universitario en Gesti\u00f3n en Tecnolog\u00edas Marinas","og_description":"Apoyo y orientaci\u00f3n Se llevar\u00e1n a cabo las siguientes acciones de apoyo y orientaci\u00f3n de los estudiantes, agrupados a nivel institucional y a nivel espec\u00edfico del M\u00e1ster: Unidades y Servicios de apoyo y orientaci\u00f3n de la ULL 1. Servicio de Informaci\u00f3n y Orientaci\u00f3n (SIO): Es la oficina de la Universidad de La Laguna destinada a...","og_url":"https:\/\/www.ull.es\/masteres\/gestion-tecnologias-marinas\/en\/informacion-academica\/apoyo-y-orientacion\/","og_site_name":"M\u00e1ster Universitario en Gesti\u00f3n en Tecnolog\u00edas Marinas","article_modified_time":"2025-07-23T12:40:59+00:00","twitter_card":"summary_large_image","twitter_misc":{"Estimated reading time":"5 minutes"},"schema":{"@context":"https:\/\/schema.org","@graph":[{"@type":"WebPage","@id":"https:\/\/www.ull.es\/masteres\/gestion-tecnologias-marinas\/informacion-academica\/apoyo-y-orientacion\/","url":"https:\/\/www.ull.es\/masteres\/gestion-tecnologias-marinas\/informacion-academica\/apoyo-y-orientacion\/","name":"Support and guidance - Master&#039;s Degree in Marine Technology Management","isPartOf":{"@id":"https:\/\/www.ull.es\/masteres\/gestion-tecnologias-marinas\/#website"},"datePublished":"2017-06-28T12:47:36+00:00","dateModified":"2025-07-23T12:40:59+00:00","breadcrumb":{"@id":"https:\/\/www.ull.es\/masteres\/gestion-tecnologias-marinas\/informacion-academica\/apoyo-y-orientacion\/#breadcrumb"},"inLanguage":"en-GB","potentialAction":[{"@type":"ReadAction","target":["https:\/\/www.ull.es\/masteres\/gestion-tecnologias-marinas\/informacion-academica\/apoyo-y-orientacion\/"]}]},{"@type":"BreadcrumbList","@id":"https:\/\/www.ull.es\/masteres\/gestion-tecnologias-marinas\/informacion-academica\/apoyo-y-orientacion\/#breadcrumb","itemListElement":[{"@type":"ListItem","position":1,"name":"Portada","item":"https:\/\/www.ull.es\/masteres\/gestion-tecnologias-marinas\/"},{"@type":"ListItem","position":2,"name":"Informaci\u00f3n Acad\u00e9mica","item":"https:\/\/www.ull.es\/masteres\/gestion-tecnologias-marinas\/informacion-academica\/"},{"@type":"ListItem","position":3,"name":"Apoyo y orientaci\u00f3n"}]},{"@type":"WebSite","@id":"https:\/\/www.ull.es\/masteres\/gestion-tecnologias-marinas\/#website","url":"https:\/\/www.ull.es\/masteres\/gestion-tecnologias-marinas\/","name":"Master&#039;s Degree in Management of Marine Technologies","description":"","potentialAction":[{"@type":"SearchAction","target":{"@type":"EntryPoint","urlTemplate":"https:\/\/www.ull.es\/masteres\/gestion-tecnologias-marinas\/?s={search_term_string}"},"query-input":{"@type":"PropertyValueSpecification","valueRequired":true,"valueName":"search_term_string"}}],"inLanguage":"en-GB"}]}},"_links":{"self":[{"href":"https:\/\/www.ull.es\/masteres\/gestion-tecnologias-marinas\/en\/wp-json\/wp\/v2\/pages\/18","targetHints":{"allow":["GET"]}}],"collection":[{"href":"https:\/\/www.ull.es\/masteres\/gestion-tecnologias-marinas\/en\/wp-json\/wp\/v2\/pages"}],"about":[{"href":"https:\/\/www.ull.es\/masteres\/gestion-tecnologias-marinas\/en\/wp-json\/wp\/v2\/types\/page"}],"author":[{"embeddable":true,"href":"https:\/\/www.ull.es\/masteres\/gestion-tecnologias-marinas\/en\/wp-json\/wp\/v2\/users\/1"}],"replies":[{"embeddable":true,"href":"https:\/\/www.ull.es\/masteres\/gestion-tecnologias-marinas\/en\/wp-json\/wp\/v2\/comments?post=18"}],"version-history":[{"count":12,"href":"https:\/\/www.ull.es\/masteres\/gestion-tecnologias-marinas\/en\/wp-json\/wp\/v2\/pages\/18\/revisions"}],"predecessor-version":[{"id":1119,"href":"https:\/\/www.ull.es\/masteres\/gestion-tecnologias-marinas\/en\/wp-json\/wp\/v2\/pages\/18\/revisions\/1119"}],"up":[{"embeddable":true,"href":"https:\/\/www.ull.es\/masteres\/gestion-tecnologias-marinas\/en\/wp-json\/wp\/v2\/pages\/252"}],"wp:attachment":[{"href":"https:\/\/www.ull.es\/masteres\/gestion-tecnologias-marinas\/en\/wp-json\/wp\/v2\/media?parent=18"}],"curies":[{"name":"wp","href":"https:\/\/api.w.org\/{rel}","templated":true}]}}