{"id":24,"date":"2017-06-28T12:52:52","date_gmt":"2017-06-28T12:52:52","guid":{"rendered":"http:\/\/www.ull.es\/masteres\/desarrollo-y-gestion-de-recursos-humanos\/?page_id=24"},"modified":"2025-12-03T14:47:42","modified_gmt":"2025-12-03T14:47:42","slug":"estructura-del-plan-de-estudios","status":"publish","type":"page","link":"https:\/\/www.ull.es\/masteres\/gestion-tecnologias-marinas\/en\/plan-de-estudios\/estructura-del-plan-de-estudios\/","title":{"rendered":"Curriculum structure"},"content":{"rendered":"\n<div class=\"wp-block-stackable-columns alignfull stk-block-columns stk-block stk-2314a6b\" data-block-id=\"2314a6b\"><style>.stk-2314a6b {padding-bottom:0px !important;margin-top:-100px !important;margin-bottom:0px !important;}<\/style><div class=\"stk-row stk-inner-blocks stk-block-content stk-content-align stk-2314a6b-column alignfull\">\n<div class=\"wp-block-stackable-column stk-block-column stk-column stk-block stk-1d1764d\" data-v=\"4\" data-block-id=\"1d1764d\"><div class=\"stk-column-wrapper stk-block-column__content stk-container stk-1d1764d-container stk--no-background stk--no-padding\"><div class=\"stk-block-content stk-inner-blocks stk-1d1764d-inner-blocks\"><style id=\"depicter-1-inline-pre-css\">\n\n.depicter-1:not(.depicter-ready){\n\theight:450px;\n}\n\n\/***** Tablet *****\/\n@media screen and (max-width: 1024px){\n\n.depicter-1:not(.depicter-ready){\n\theight:700px;\n}\n\n}\n\/***** Mobile *****\/\n@media screen and (max-width: 767px){\n\n.depicter-1:not(.depicter-ready){\n\theight:360px;\n}\n\n}\n<\/style>\n<div id=\"depicter-1\" class=\"depicter depicter-document depicter-revert depicter-1 depicter-layout-fullwidth\">\n\n<div class=\"depicter-loading-container depicter-loading dotFlashing-dark\"><div class=\"depicter-loading-dark depicter-dot-flashing\">\n   <span><\/span>\n   <span><\/span>\n   <span><\/span>\n<\/div>\n<\/div>\n<div id=\"depicter-1-section-1\" class=\"depicter-section depicter-1-section-1\" data-name=\"Section 1\" data-type=\"section\" data-local-id=\"section-1\">\n<picture class=\"depicter-bg\">\n<source data-depicter-srcset=\"https:\/\/www.ull.es\/masteres\/gestion-tecnologias-marinas\/wp-content\/uploads\/sites\/58\/2025\/07\/Headers-Masteres_Gestion-en-Tecnologias-Marinas-768x248.jpg, https:\/\/www.ull.es\/masteres\/gestion-tecnologias-marinas\/wp-content\/uploads\/sites\/58\/2025\/07\/Headers-Masteres_Gestion-en-Tecnologias-Marinas.jpg 2x\" srcset=\"data:image\/gif;base64,R0lGODlhAQABAIAAAAAAAP\/\/\/yH5BAEAAAAALAAAAAABAAEAAAIBRAA7\" media=\"(max-width: 1024px)\" \/>\n\n<source data-depicter-srcset=\"https:\/\/www.ull.es\/masteres\/gestion-tecnologias-marinas\/wp-content\/uploads\/sites\/58\/2025\/07\/Headers-Masteres_Gestion-en-Tecnologias-Marinas.jpg, https:\/\/www.ull.es\/masteres\/gestion-tecnologias-marinas\/wp-content\/uploads\/sites\/58\/2025\/07\/Headers-Masteres_Gestion-en-Tecnologias-Marinas-1280x413.jpg 2x\" srcset=\"data:image\/gif;base64,R0lGODlhAQABAIAAAAAAAP\/\/\/yH5BAEAAAAALAAAAAABAAEAAAIBRAA7\" media=\"(min-width: 1025px)\" \/>\n<img decoding=\"async\" src=\"data:image\/gif;base64,R0lGODlhAQABAIAAAAAAAP\/\/\/yH5BAEAAAAALAAAAAABAAEAAAIBRAA7\" data-ken-burns=\"false\" data-tablet-ken-burns=\"false\" data-mobile-ken-burns=\"false\" alt=\"\" data-depicter-src=\"https:\/\/www.ull.es\/masteres\/gestion-tecnologias-marinas\/wp-content\/uploads\/sites\/58\/2025\/07\/Headers-Masteres_Gestion-en-Tecnologias-Marinas.jpg\" data-object-fit=\"custom,custom,\" data-object-position=\"center top,,\" data-crop=\"{'focalPoint':{'x':0.5,'y':0.5},'mediaSize':{'width':1394.6731234866829254315234720706939697265625,'height':450}}\" data-tablet-crop=\"{'focalPoint':{'x':0.67000000000000003996802888650563545525074005126953125,'y':0.5},'mediaSize':{'width':2169,'height':700}}\" data-mobile-crop=\"{'focalPoint':{'x':0.61999999999999999555910790149937383830547332763671875,'y':0.5},'mediaSize':{'width':1394,'height':450}}\" \/>\n<\/picture>\n\n\n<h1 id=\"depicter-1-element-5\" class=\"depicter-element depicter-layer depicter-1-element-5\" data-type=\"text\" data-wrap=\"true\" data-name=\"Text 2\" data-local-id=\"element-5\" data-offset=\"x:0px;y:141px;origin:tl\" data-tablet-offset=\"x:196px;y:223px;origin:tl\" data-mobile-offset=\"x:-16px;y:108px;origin:tl\" data-width=\"1200px,633px,408px\" data-height=\"auto,auto,auto\" data-responsive-scale=\"true,,\">M\u00e1ster Universitario en Gesti\u00f3n en Tecnolog\u00edas Marinas<br><\/h1>\n\n<div id=\"depicter-1-element-10\" class=\"depicter-element depicter-layer depicter-1-element-10\" data-type=\"shape\" data-wrap=\"true\" data-name=\"Shape 1\" data-local-id=\"element-10\" data-offset=\"x:-6px;y:317px;origin:tl\" data-tablet-offset=\"x:189px;y:455px;origin:tl\" data-mobile-offset=\"x:-16px;y:265px;origin:tl\" data-width=\"1104px,647px,408px\" data-height=\"8px,8px,8px\" data-responsive-scale=\"true,,\"><\/div>\n<\/div>\n<\/div>\n<script>\n(window.depicterSetups = window.depicterSetups || []).push(function(){\n\tDepicter.basePath = 'https:\/\/www.ull.es\/masteres\/gestion-tecnologias-marinas\/wp-content\/plugins\/depicter\/resources\/scripts\/player\/';\n\tconst dpPlayer = Depicter.setup('.depicter-1',\n\t\t{\"width\":[\"1200\",\"1024\",\"360\"],\"height\":[\"450\",\"700\",\"360\"],\"view\":\"basic\",\"keepAspectRatio\":true,\"preload\":0,\"layout\":\"fullwidth\",\"rtl\":false,\"initAfterAppear\":false,\"ajaxApiUrl\":\"https:\\\/\\\/www.ull.es\\\/masteres\\\/gestion-tecnologias-marinas\\\/wp-admin\\\/admin-ajax.php\",\"mouseSwipe\":true,\"touchSwipe\":true,\"useWatermark\":false}\n\t);\n});\n<\/script><\/div><\/div><\/div>\n<\/div><\/div>\n\n\n\n<div class=\"wp-block-stackable-columns alignfull stk-block-columns stk--hide-mobile stk-block stk-6394276 stk-block-background\" data-block-id=\"6394276\"><style>.stk-6394276 {background-color:#fa6199 !important;padding-top:50px !important;padding-right:0px !important;padding-bottom:1px !important;padding-left:0px !important;margin-top:-40px !important;margin-bottom:0px !important;}.stk-6394276:before{background-color:#fa6199 !important;}<\/style><div class=\"stk-row stk-inner-blocks stk-block-content stk-content-align stk-6394276-column alignfull\">\n<div class=\"wp-block-stackable-column stk-block-column stk-column stk-block stk-8a66885\" data-v=\"4\" data-block-id=\"8a66885\"><div class=\"stk-column-wrapper stk-block-column__content stk-container stk-8a66885-container stk--no-background stk--no-padding\"><div class=\"stk-block-content stk-inner-blocks stk-8a66885-inner-blocks\">\n<div class=\"wp-block-stackable-spacer stk-block-spacer stk--no-padding stk-block stk-bc89b3e\" data-block-id=\"bc89b3e\"><style>.stk-bc89b3e {height:0px !important;}<\/style><\/div>\n<\/div><\/div><\/div>\n<\/div><\/div>\n\n\n\n<div class=\"wp-block-stackable-columns stk-block-columns stk-block stk-8b59b96\" data-block-id=\"8b59b96\"><style>.stk-8b59b96 .stk--block-align-8b59b96{align-items:flex-start !important;}.stk-8b59b96 {margin-top:50px !important;}.stk-8b59b96-column{--stk-columns-spacing:0px !important;--stk-column-gap:50px !important;}@media screen and (max-width: 767px){.stk-8b59b96-column{row-gap:var(--stk--preset--spacing--60, 2.25rem) !important;}}<\/style><div class=\"stk-row stk-inner-blocks stk--block-align-8b59b96 stk-block-content stk-content-align stk-8b59b96-column\">\n<div class=\"wp-block-stackable-column stk-block-column stk-column stk-block stk-dbb7e15\" data-v=\"4\" data-block-id=\"dbb7e15\"><style>@media screen and (min-width: 768px){.stk-dbb7e15 {flex:var(--stk-flex-grow, 1) 1 66.7% !important;}}<\/style><div class=\"stk-column-wrapper stk-block-column__content stk-container stk-dbb7e15-container stk--no-background stk--no-padding\"><div class=\"stk-block-content stk-inner-blocks stk-dbb7e15-inner-blocks\">\n<div class=\"wp-block-stackable-heading stk-block-heading stk-block-heading--v2 stk-block stk-cc0239e\" id=\"complementos-de-formacion\" data-block-id=\"cc0239e\"><style>.stk-cc0239e .stk-block-heading__text{color:#fa6199 !important;font-weight:500 !important;}<\/style><h1 class=\"stk-block-heading__text has-text-color\">Estructura del plan de estudios<\/h1><\/div>\n\n\n\n<div class=\"wp-block-stackable-text stk-block-text stk-block stk-fd2f250\" data-block-id=\"fd2f250\"><p class=\"stk-block-text__text\">La planificaci\u00f3n de las ense\u00f1anzas supone la vertebraci\u00f3n de contenidos, sistemas y metodolog\u00edas que hacen posible la adquisici\u00f3n de los conocimientos, capacidades, habilidades y destrezas b\u00e1sicas necesarias para que los estudiantes puedan desarrollar su actividad en cualquiera de las l\u00edneas especificadas en el perfil profesional definido para la titulaci\u00f3n.<\/p><\/div>\n\n\n\n<p>El plan de estudios estructurado en m\u00f3dulos\/materias y asignaturas est\u00e1 elaborado en base al marco normativo para la ordenaci\u00f3n y verificaci\u00f3n de las ense\u00f1anzas universitarias oficiales \u2013el RD 1393\/2007- y las directrices desarrolladas por la Universidad de La Laguna.<\/p>\n\n\n\n<div class=\"wp-block-stackable-heading stk-block-heading stk-block-heading--v2 stk-block stk-3d1fdd7\" id=\"complementos-de-formacion\" data-block-id=\"3d1fdd7\"><style>.stk-3d1fdd7 .stk-block-heading__text{color:#fa6199 !important;font-weight:500 !important;}<\/style><h1 class=\"stk-block-heading__text has-text-color\">Estructura<\/h1><\/div>\n\n\n\n<div class=\"wp-block-stackable-text stk-block-text stk-block stk-284db50\" data-block-id=\"284db50\"><p class=\"stk-block-text__text\">Si desea consultar el hist\u00f3rico de las gu\u00edas docentes, selecci\u00f3nelo accediendo al&nbsp;<a href=\"https:\/\/www.ull.es\/apps\/guias\/guias\/view_degree\/M%C3%A1ster%20Universitario%20en%20Gesti%C3%B3n%20en%20Tecnolog%C3%ADas%20Marinas\/\" target=\"_blank\" rel=\"noreferrer noopener\" target=\"_blank\" rel=\"noopener\">Portal e-gu\u00eda ULL&nbsp;<\/a>(una vez seleccionada la asignatura, haga clic en curso acad\u00e9mico para visualizar cursos anteriores):<\/p><\/div>\n\n\n\n<style>\n\/* Efectos hover globales *\/\ntable td, table th {\n  transition: transform 0.2s, box-shadow 0.2s;\n}\ntable td:hover, table th:hover {\n  transform: scale(1.02);\n  box-shadow: 0 0.75rem 1.5rem rgba(0,0,0,0.15);\n}\n\/* Estilo general de tabla *\/\ntable {\n  border-collapse: separate;\n  border-spacing: 0;\n  width: 100%;\n  box-shadow: 0 0.5rem 1rem rgba(0,0,0,0.15);\n  border-radius: 1.5rem;\n  overflow: hidden;\n  font-family: 'Segoe UI', Tahoma, Geneva, Verdana, sans-serif;\n  margin-bottom: 2rem;\n}\ntable th, table td {\n  border: 1px solid #dee2e6;\n  padding: 10px 12px;\n  vertical-align: middle;\n  text-align: center;\n}\ntable th {\n  background-color: #e62269;\n  color: #fff;\n  font-weight: bold;\n}\ntr:nth-child(even) td {\n  background-color: #f8f8fc;\n}\n.th1 {\n  background-color: #dd3874 !important;\n  color: #fff !important;\n  font-weight: bold;\n}\n.th2 {\n  background-color: #fa6199 !important;\n  color: #fff !important;\n  font-weight: bold;\n}\n.td1 {\n  background-color: #ffffff;\n}\n.td2 {\n  background-color: #f8f8fc;\n}\n<\/style>\n<table class=\"style4\">\n<tbody>\n<tr><th colspan=\"6\"><div>Plan de estudios del M\u00e1ster en Gesti\u00f3n de Tecnolog\u00edas Marinas<\/div><\/th><\/tr>\n<tr><th class=\"th1\" colspan=\"3\">1\u00ba cuatrimestre<\/th><th class=\"th1\" colspan=\"3\">2\u00ba cuatrimestre<\/th><\/tr>\n\n<!-- PRIMER CURSO -->\n<tr><th colspan=\"6\"><div><strong>PRIMER CURSO<\/strong><\/div><\/th><\/tr>\n<tr>\n<td class=\"td1\"><strong>Asignaturas<\/strong><\/td>\n<td class=\"td1\"><strong>Tipo<\/strong><\/td>\n<td class=\"td1\"><strong>ECTS<\/strong><\/td>\n<td class=\"td1\"><strong>Asignaturas<\/strong><\/td>\n<td class=\"td1\"><strong>Tipo<\/strong><\/td>\n<td class=\"td1\"><strong>ECTS<\/strong><\/td>\n<\/tr>\n<tr><td class=\"td2\">Metodolog\u00eda de la Investigaci\u00f3n Aplicada a las Tecnolog\u00edas Marinas.<\/td><td class=\"td2\">OB<\/td><td class=\"td2\">6<\/td><td class=\"td2\">Gesti\u00f3n del Rendimiento y An\u00e1lisis de Aver\u00edas de la Instalaci\u00f3n de Propulsi\u00f3n y Auxiliar del Buque.<\/td><td class=\"td2\">OB<\/td><td class=\"td2\">3<\/td><\/tr>\n<tr><td class=\"td2\">Auditor\u00eda de Gesti\u00f3n de Calidad, Seguridad y Protecci\u00f3n del Medio Marino<\/td><td class=\"td2\">OB<\/td><td class=\"td2\">4,5<\/td><td class=\"td2\">Gesti\u00f3n de la Operaci\u00f3n de Sistemas de Calor y Fr\u00edo de Instalaciones Marinas.<\/td><td class=\"td2\">OB<\/td><td class=\"td2\">4,5<\/td><\/tr>\n<tr><td class=\"td2\">Gesti\u00f3n del Control de Estabilidad y Servicios del Buque<\/td><td class=\"td2\">OB<\/td><td class=\"td2\">3<\/td><td class=\"td2\">Optimizaci\u00f3n de la Gesti\u00f3n de M\u00e1quinas y Motores T\u00e9rmicos Marinos.<\/td><td class=\"td2\">OB<\/td><td class=\"td2\">4,5<\/td><\/tr>\n<tr><td class=\"td2\">Gesti\u00f3n de Sistemas de Cogeneraci\u00f3n en Instalaciones Marinas.<\/td><td class=\"td2\">OB<\/td><td class=\"td2\">3<\/td><td class=\"td2\">Control Avanzado de Procesos de Operaci\u00f3n, Mantenimiento y Reparaci\u00f3n en Instalaciones Marinas.<\/td><td class=\"td2\">OB<\/td><td class=\"td2\">4,5<\/td><\/tr>\n<tr><td class=\"td2\">Energ\u00edas Renovables en Instalaciones Marinas.<\/td><td class=\"td2\">OB<\/td><td class=\"td2\">4,5<\/td><td class=\"td2\">Gesti\u00f3n del Control de Inspecci\u00f3n, Auditor\u00edas y Certificaci\u00f3n de Instalaciones Marinas.<\/td><td class=\"td2\">OB<\/td><td class=\"td2\">3<\/td><\/tr>\n<tr><td class=\"td2\">Gesti\u00f3n de la Generaci\u00f3n, Transporte, Distribuci\u00f3n de Energ\u00eda El\u00e9ctrica.<\/td><td class=\"td2\">OB<\/td><td class=\"td2\">4,5<\/td><td class=\"td2\">Gesti\u00f3n del Control de Inspecci\u00f3n, Auditor\u00edas y Certificaci\u00f3n de Instalaciones Marinas.<\/td><td class=\"td2\">OB<\/td><td class=\"td2\">3<\/td><\/tr>\n<tr><td class=\"td2\">Gesti\u00f3n del Equipo de Control El\u00e9ctrico y Electr\u00f3nico del Buque.<\/td><td class=\"td2\">OB<\/td><td class=\"td2\">4,5<\/td><td class=\"td2\">Gesti\u00f3n Econ\u00f3mica de la Empresa Naviera y Explotaci\u00f3n del Buque.<\/td><td class=\"td2\">OB<\/td><td class=\"td2\">4,5<\/td><\/tr>\n<tr><td class=\"td2\"><\/td><td class=\"td2\"><\/td><td class=\"td2\"><\/td><td class=\"td2\">Trabajo de Fin de M\u00e1ster<\/td><td class=\"td2\">OB<\/td><td class=\"td2\">6<\/td><\/tr>\n<\/table>\n<\/div><\/div><\/div>\n\n\n\n<div class=\"wp-block-stackable-column stk-block-column stk-column stk-block stk-53ec762\" data-v=\"4\" data-block-id=\"53ec762\"><style>.stk-53ec762-inner-blocks{row-gap:0px !important;}.stk-53ec762 {padding-top:0px !important;padding-right:0px !important;padding-bottom:0px !important;padding-left:0px !important;}@media screen and (min-width: 768px){.stk-53ec762 {flex:var(--stk-flex-grow, 1) 1 33.3% !important;}}<\/style><div class=\"stk-column-wrapper stk-block-column__content stk-container stk-53ec762-container stk--no-background stk--no-padding\"><div class=\"stk-block-content stk-inner-blocks stk-53ec762-inner-blocks\">\n\n<ul class=\"widget-box\">\n<li class='contacto-header'>Informaci\u00f3n de contacto<\/li><li><i class=\"fa fa-map-marker\"><\/i> Epsi de N\u00e1utica, M\u00e1quinas y Radioelectr\u00f3nica Naval Virtual<\/li><li><i class=\"fa fa-archive\"><\/i><a href=\"https:\/\/sede.ull.es\/ecivilis-site\/catalog\/showProcedure\/484\"> Procedimiento para quejas, sugerencias y felicitaciones<\/a><\/li>\n<\/ul>\n\n\n<\/div><\/div><\/div>\n<\/div><\/div>\n","protected":false},"excerpt":{"rendered":"<p>Curriculum Structure Curriculum planning involves the structuring of content, systems, and methodologies that enable students to acquire the basic knowledge, skills, abilities, and skills necessary for them to pursue their careers in any of the areas specified in the professional profile defined for their degree. The\u2026<\/p>","protected":false},"author":1,"featured_media":0,"parent":270,"menu_order":0,"comment_status":"closed","ping_status":"closed","template":"templates\/template-frontpage.php","meta":{"footnotes":""},"class_list":["post-24","page","type-page","status-publish","hentry"],"yoast_head":"<!-- This site is optimized with the Yoast SEO plugin v27.3 - https:\/\/yoast.com\/product\/yoast-seo-wordpress\/ -->\n<title>Estructura del plan de estudios - M\u00e1ster Universitario en Gesti\u00f3n en Tecnolog\u00edas Marinas<\/title>\n<meta name=\"robots\" content=\"index, follow, max-snippet:-1, max-image-preview:large, max-video-preview:-1\" \/>\n<link rel=\"canonical\" href=\"https:\/\/www.ull.es\/masteres\/gestion-tecnologias-marinas\/en\/plan-de-estudios\/estructura-del-plan-de-estudios\/\" \/>\n<meta property=\"og:locale\" content=\"en_GB\" \/>\n<meta property=\"og:type\" content=\"article\" \/>\n<meta property=\"og:title\" content=\"Estructura del plan de estudios - M\u00e1ster Universitario en Gesti\u00f3n en Tecnolog\u00edas Marinas\" \/>\n<meta property=\"og:description\" content=\"Estructura del plan de estudios La planificaci\u00f3n de las ense\u00f1anzas supone la vertebraci\u00f3n de contenidos, sistemas y metodolog\u00edas que hacen posible la adquisici\u00f3n de los conocimientos, capacidades, habilidades y destrezas b\u00e1sicas necesarias para que los estudiantes puedan desarrollar su actividad en cualquiera de las l\u00edneas especificadas en el perfil profesional definido para la titulaci\u00f3n. El...\" \/>\n<meta property=\"og:url\" content=\"https:\/\/www.ull.es\/masteres\/gestion-tecnologias-marinas\/en\/plan-de-estudios\/estructura-del-plan-de-estudios\/\" \/>\n<meta property=\"og:site_name\" content=\"M\u00e1ster Universitario en Gesti\u00f3n en Tecnolog\u00edas Marinas\" \/>\n<meta property=\"article:modified_time\" content=\"2025-12-03T14:47:42+00:00\" \/>\n<meta name=\"twitter:card\" content=\"summary_large_image\" \/>\n<meta name=\"twitter:label1\" content=\"Estimated reading time\" \/>\n\t<meta name=\"twitter:data1\" content=\"2 minutes\" \/>\n<script type=\"application\/ld+json\" class=\"yoast-schema-graph\">{\"@context\":\"https:\\\/\\\/schema.org\",\"@graph\":[{\"@type\":\"WebPage\",\"@id\":\"https:\\\/\\\/www.ull.es\\\/masteres\\\/gestion-tecnologias-marinas\\\/plan-de-estudios\\\/estructura-del-plan-de-estudios\\\/\",\"url\":\"https:\\\/\\\/www.ull.es\\\/masteres\\\/gestion-tecnologias-marinas\\\/plan-de-estudios\\\/estructura-del-plan-de-estudios\\\/\",\"name\":\"Estructura del plan de estudios - M\u00e1ster Universitario en Gesti\u00f3n en Tecnolog\u00edas Marinas\",\"isPartOf\":{\"@id\":\"https:\\\/\\\/www.ull.es\\\/masteres\\\/gestion-tecnologias-marinas\\\/#website\"},\"datePublished\":\"2017-06-28T12:52:52+00:00\",\"dateModified\":\"2025-12-03T14:47:42+00:00\",\"breadcrumb\":{\"@id\":\"https:\\\/\\\/www.ull.es\\\/masteres\\\/gestion-tecnologias-marinas\\\/plan-de-estudios\\\/estructura-del-plan-de-estudios\\\/#breadcrumb\"},\"inLanguage\":\"en-GB\",\"potentialAction\":[{\"@type\":\"ReadAction\",\"target\":[\"https:\\\/\\\/www.ull.es\\\/masteres\\\/gestion-tecnologias-marinas\\\/plan-de-estudios\\\/estructura-del-plan-de-estudios\\\/\"]}]},{\"@type\":\"BreadcrumbList\",\"@id\":\"https:\\\/\\\/www.ull.es\\\/masteres\\\/gestion-tecnologias-marinas\\\/plan-de-estudios\\\/estructura-del-plan-de-estudios\\\/#breadcrumb\",\"itemListElement\":[{\"@type\":\"ListItem\",\"position\":1,\"name\":\"Portada\",\"item\":\"https:\\\/\\\/www.ull.es\\\/masteres\\\/gestion-tecnologias-marinas\\\/\"},{\"@type\":\"ListItem\",\"position\":2,\"name\":\"Plan de estudios\",\"item\":\"https:\\\/\\\/www.ull.es\\\/masteres\\\/gestion-tecnologias-marinas\\\/plan-de-estudios\\\/\"},{\"@type\":\"ListItem\",\"position\":3,\"name\":\"Estructura del plan de estudios\"}]},{\"@type\":\"WebSite\",\"@id\":\"https:\\\/\\\/www.ull.es\\\/masteres\\\/gestion-tecnologias-marinas\\\/#website\",\"url\":\"https:\\\/\\\/www.ull.es\\\/masteres\\\/gestion-tecnologias-marinas\\\/\",\"name\":\"M\u00e1ster Universitario en Gesti\u00f3n en Tecnolog\u00edas Marinas\",\"description\":\"\",\"potentialAction\":[{\"@type\":\"SearchAction\",\"target\":{\"@type\":\"EntryPoint\",\"urlTemplate\":\"https:\\\/\\\/www.ull.es\\\/masteres\\\/gestion-tecnologias-marinas\\\/?s={search_term_string}\"},\"query-input\":{\"@type\":\"PropertyValueSpecification\",\"valueRequired\":true,\"valueName\":\"search_term_string\"}}],\"inLanguage\":\"en-GB\"}]}<\/script>\n<!-- \/ Yoast SEO plugin. -->","yoast_head_json":{"title":"Curriculum Structure - Master&#039;s Degree in Marine Technology Management","robots":{"index":"index","follow":"follow","max-snippet":"max-snippet:-1","max-image-preview":"max-image-preview:large","max-video-preview":"max-video-preview:-1"},"canonical":"https:\/\/www.ull.es\/masteres\/gestion-tecnologias-marinas\/en\/plan-de-estudios\/estructura-del-plan-de-estudios\/","og_locale":"en_GB","og_type":"article","og_title":"Estructura del plan de estudios - M\u00e1ster Universitario en Gesti\u00f3n en Tecnolog\u00edas Marinas","og_description":"Estructura del plan de estudios La planificaci\u00f3n de las ense\u00f1anzas supone la vertebraci\u00f3n de contenidos, sistemas y metodolog\u00edas que hacen posible la adquisici\u00f3n de los conocimientos, capacidades, habilidades y destrezas b\u00e1sicas necesarias para que los estudiantes puedan desarrollar su actividad en cualquiera de las l\u00edneas especificadas en el perfil profesional definido para la titulaci\u00f3n. El...","og_url":"https:\/\/www.ull.es\/masteres\/gestion-tecnologias-marinas\/en\/plan-de-estudios\/estructura-del-plan-de-estudios\/","og_site_name":"M\u00e1ster Universitario en Gesti\u00f3n en Tecnolog\u00edas Marinas","article_modified_time":"2025-12-03T14:47:42+00:00","twitter_card":"summary_large_image","twitter_misc":{"Estimated reading time":"2 minutes"},"schema":{"@context":"https:\/\/schema.org","@graph":[{"@type":"WebPage","@id":"https:\/\/www.ull.es\/masteres\/gestion-tecnologias-marinas\/plan-de-estudios\/estructura-del-plan-de-estudios\/","url":"https:\/\/www.ull.es\/masteres\/gestion-tecnologias-marinas\/plan-de-estudios\/estructura-del-plan-de-estudios\/","name":"Curriculum Structure - Master&#039;s Degree in Marine Technology Management","isPartOf":{"@id":"https:\/\/www.ull.es\/masteres\/gestion-tecnologias-marinas\/#website"},"datePublished":"2017-06-28T12:52:52+00:00","dateModified":"2025-12-03T14:47:42+00:00","breadcrumb":{"@id":"https:\/\/www.ull.es\/masteres\/gestion-tecnologias-marinas\/plan-de-estudios\/estructura-del-plan-de-estudios\/#breadcrumb"},"inLanguage":"en-GB","potentialAction":[{"@type":"ReadAction","target":["https:\/\/www.ull.es\/masteres\/gestion-tecnologias-marinas\/plan-de-estudios\/estructura-del-plan-de-estudios\/"]}]},{"@type":"BreadcrumbList","@id":"https:\/\/www.ull.es\/masteres\/gestion-tecnologias-marinas\/plan-de-estudios\/estructura-del-plan-de-estudios\/#breadcrumb","itemListElement":[{"@type":"ListItem","position":1,"name":"Portada","item":"https:\/\/www.ull.es\/masteres\/gestion-tecnologias-marinas\/"},{"@type":"ListItem","position":2,"name":"Plan de estudios","item":"https:\/\/www.ull.es\/masteres\/gestion-tecnologias-marinas\/plan-de-estudios\/"},{"@type":"ListItem","position":3,"name":"Estructura del plan de estudios"}]},{"@type":"WebSite","@id":"https:\/\/www.ull.es\/masteres\/gestion-tecnologias-marinas\/#website","url":"https:\/\/www.ull.es\/masteres\/gestion-tecnologias-marinas\/","name":"Master&#039;s Degree in Management of Marine Technologies","description":"","potentialAction":[{"@type":"SearchAction","target":{"@type":"EntryPoint","urlTemplate":"https:\/\/www.ull.es\/masteres\/gestion-tecnologias-marinas\/?s={search_term_string}"},"query-input":{"@type":"PropertyValueSpecification","valueRequired":true,"valueName":"search_term_string"}}],"inLanguage":"en-GB"}]}},"_links":{"self":[{"href":"https:\/\/www.ull.es\/masteres\/gestion-tecnologias-marinas\/en\/wp-json\/wp\/v2\/pages\/24","targetHints":{"allow":["GET"]}}],"collection":[{"href":"https:\/\/www.ull.es\/masteres\/gestion-tecnologias-marinas\/en\/wp-json\/wp\/v2\/pages"}],"about":[{"href":"https:\/\/www.ull.es\/masteres\/gestion-tecnologias-marinas\/en\/wp-json\/wp\/v2\/types\/page"}],"author":[{"embeddable":true,"href":"https:\/\/www.ull.es\/masteres\/gestion-tecnologias-marinas\/en\/wp-json\/wp\/v2\/users\/1"}],"replies":[{"embeddable":true,"href":"https:\/\/www.ull.es\/masteres\/gestion-tecnologias-marinas\/en\/wp-json\/wp\/v2\/comments?post=24"}],"version-history":[{"count":22,"href":"https:\/\/www.ull.es\/masteres\/gestion-tecnologias-marinas\/en\/wp-json\/wp\/v2\/pages\/24\/revisions"}],"predecessor-version":[{"id":1152,"href":"https:\/\/www.ull.es\/masteres\/gestion-tecnologias-marinas\/en\/wp-json\/wp\/v2\/pages\/24\/revisions\/1152"}],"up":[{"embeddable":true,"href":"https:\/\/www.ull.es\/masteres\/gestion-tecnologias-marinas\/en\/wp-json\/wp\/v2\/pages\/270"}],"wp:attachment":[{"href":"https:\/\/www.ull.es\/masteres\/gestion-tecnologias-marinas\/en\/wp-json\/wp\/v2\/media?parent=24"}],"curies":[{"name":"wp","href":"https:\/\/api.w.org\/{rel}","templated":true}]}}