{"id":30,"date":"2017-06-28T12:58:45","date_gmt":"2017-06-28T12:58:45","guid":{"rendered":"http:\/\/www.ull.es\/masteres\/desarrollo-y-gestion-de-recursos-humanos\/?page_id=30"},"modified":"2025-07-23T12:59:29","modified_gmt":"2025-07-23T12:59:29","slug":"perfil-de-ingreso-y-egreso","status":"publish","type":"page","link":"https:\/\/www.ull.es\/masteres\/informatica-industrial-robotica\/fr\/informacion-academica\/perfil-de-ingreso-y-egreso\/","title":{"rendered":"Profil d&#039;entr\u00e9e et de sortie"},"content":{"rendered":"\n<div class=\"wp-block-stackable-columns alignfull stk-block-columns stk-block stk-2314a6b\" data-block-id=\"2314a6b\"><style>.stk-2314a6b {padding-bottom:0px !important;margin-top:-100px !important;margin-bottom:0px !important;}<\/style><div class=\"stk-row stk-inner-blocks stk-block-content stk-content-align stk-2314a6b-column alignfull\">\n<div class=\"wp-block-stackable-column stk-block-column stk-column stk-block stk-1d1764d\" data-v=\"4\" data-block-id=\"1d1764d\"><div class=\"stk-column-wrapper stk-block-column__content stk-container stk-1d1764d-container stk--no-background stk--no-padding\"><div class=\"stk-block-content stk-inner-blocks stk-1d1764d-inner-blocks\"><style id=\"depicter-1-inline-pre-css\">\n\n.depicter-1:not(.depicter-ready){\n\theight:450px;\n}\n\n\/***** Tablet *****\/\n@media screen and (max-width: 1024px){\n\n.depicter-1:not(.depicter-ready){\n\theight:700px;\n}\n\n}\n\/***** Mobile *****\/\n@media screen and (max-width: 767px){\n\n.depicter-1:not(.depicter-ready){\n\theight:450px;\n}\n\n}\n<\/style>\n<div id=\"depicter-1\" class=\"depicter depicter-document depicter-revert depicter-1 depicter-layout-fullwidth\">\n\n<div class=\"depicter-loading-container depicter-loading dotFlashing-dark\"><div class=\"depicter-loading-dark depicter-dot-flashing\">\n   <span><\/span>\n   <span><\/span>\n   <span><\/span>\n<\/div>\n<\/div>\n<div id=\"depicter-1-section-1\" class=\"depicter-section depicter-1-section-1\" data-name=\"Section 1\" data-type=\"section\" data-local-id=\"section-1\">\n<picture class=\"depicter-bg\">\n<source data-depicter-srcset=\"https:\/\/www.ull.es\/masteres\/informatica-industrial-robotica\/wp-content\/uploads\/sites\/57\/2025\/07\/Headers-Masteres_Informatica-Industrial-y-Robotica-768x248.jpg, https:\/\/www.ull.es\/masteres\/informatica-industrial-robotica\/wp-content\/uploads\/sites\/57\/2025\/07\/Headers-Masteres_Informatica-Industrial-y-Robotica.jpg 2x\" srcset=\"data:image\/gif;base64,R0lGODlhAQABAIAAAAAAAP\/\/\/yH5BAEAAAAALAAAAAABAAEAAAIBRAA7\" media=\"(max-width: 1024px)\" \/>\n\n<source data-depicter-srcset=\"https:\/\/www.ull.es\/masteres\/informatica-industrial-robotica\/wp-content\/uploads\/sites\/57\/2025\/07\/Headers-Masteres_Informatica-Industrial-y-Robotica.jpg, https:\/\/www.ull.es\/masteres\/informatica-industrial-robotica\/wp-content\/uploads\/sites\/57\/2025\/07\/Headers-Masteres_Informatica-Industrial-y-Robotica-1280x413.jpg 2x\" srcset=\"data:image\/gif;base64,R0lGODlhAQABAIAAAAAAAP\/\/\/yH5BAEAAAAALAAAAAABAAEAAAIBRAA7\" media=\"(min-width: 1025px)\" \/>\n<img decoding=\"async\" src=\"data:image\/gif;base64,R0lGODlhAQABAIAAAAAAAP\/\/\/yH5BAEAAAAALAAAAAABAAEAAAIBRAA7\" data-ken-burns=\"false\" data-tablet-ken-burns=\"false\" data-mobile-ken-burns=\"false\" alt=\"\" data-depicter-src=\"https:\/\/www.ull.es\/masteres\/informatica-industrial-robotica\/wp-content\/uploads\/sites\/57\/2025\/07\/Headers-Masteres_Informatica-Industrial-y-Robotica.jpg\" data-object-fit=\"custom,custom,\" data-object-position=\"center top,,\" data-crop=\"{'focalPoint':{'x':0.5,'y':0.5},'mediaSize':{'width':1394.6731234866829254315234720706939697265625,'height':450}}\" data-tablet-crop=\"{'focalPoint':{'x':0.5,'y':0.5},'mediaSize':{'width':2169.4915254237284898408688604831695556640625,'height':700}}\" data-mobile-crop=\"{'focalPoint':{'x':0.5,'y':0.5},'mediaSize':{'width':1394.6731234866829254315234720706939697265625,'height':450}}\" \/>\n<\/picture>\n\n\n<h1 id=\"depicter-1-element-5\" class=\"depicter-element depicter-layer depicter-1-element-5\" data-type=\"text\" data-wrap=\"true\" data-name=\"Text 2\" data-local-id=\"element-5\" data-offset=\"x:0px;y:141px;origin:tl\" data-tablet-offset=\"x:196px;y:223px;origin:tl\" data-mobile-offset=\"x:-15px;y:129px;origin:tl\" data-width=\"1200px,633px,408px\" data-height=\"auto,auto,auto\" data-responsive-scale=\"true,,\">M\u00e1ster Universitario en Inform\u00e1tica Industrial y Rob\u00f3tica<br><\/h1>\n\n<div id=\"depicter-1-element-10\" class=\"depicter-element depicter-layer depicter-1-element-10\" data-type=\"shape\" data-wrap=\"true\" data-name=\"Shape 1\" data-local-id=\"element-10\" data-offset=\"x:0px;y:318px;origin:tl\" data-tablet-offset=\"x:189px;y:455px;origin:tl\" data-mobile-offset=\"x:-24px;y:332px;origin:tl\" data-width=\"1142px,647px,408px\" data-height=\"8px,8px,8px\" data-responsive-scale=\"true,,\"><\/div>\n<\/div>\n<\/div>\n<script>\n(window.depicterSetups = window.depicterSetups || []).push(function(){\n\tDepicter.basePath = 'https:\/\/www.ull.es\/masteres\/informatica-industrial-robotica\/wp-content\/plugins\/depicter\/resources\/scripts\/player\/';\n\tconst dpPlayer = Depicter.setup('.depicter-1',\n\t\t{\"width\":[\"1200\",\"1024\",\"360\"],\"height\":[\"450\",\"700\",\"450\"],\"view\":\"basic\",\"keepAspectRatio\":true,\"preload\":0,\"layout\":\"fullwidth\",\"rtl\":false,\"initAfterAppear\":false,\"ajaxApiUrl\":\"https:\\\/\\\/www.ull.es\\\/masteres\\\/informatica-industrial-robotica\\\/wp-admin\\\/admin-ajax.php\",\"mouseSwipe\":true,\"touchSwipe\":true,\"useWatermark\":false}\n\t);\n});\n<\/script><\/div><\/div><\/div>\n<\/div><\/div>\n\n\n\n<div class=\"wp-block-stackable-columns alignfull stk-block-columns stk--hide-mobile stk-block stk-6394276 stk-block-background\" data-block-id=\"6394276\"><style>.stk-6394276 {background-color:#fa6199 !important;padding-top:50px !important;padding-right:0px !important;padding-bottom:1px !important;padding-left:0px !important;margin-top:-40px !important;margin-bottom:0px !important;}.stk-6394276:before{background-color:#fa6199 !important;}<\/style><div class=\"stk-row stk-inner-blocks stk-block-content stk-content-align stk-6394276-column alignfull\">\n<div class=\"wp-block-stackable-column stk-block-column stk-column stk-block stk-8a66885\" data-v=\"4\" data-block-id=\"8a66885\"><div class=\"stk-column-wrapper stk-block-column__content stk-container stk-8a66885-container stk--no-background stk--no-padding\"><div class=\"stk-block-content stk-inner-blocks stk-8a66885-inner-blocks\">\n<div class=\"wp-block-stackable-spacer stk-block-spacer stk--no-padding stk-block stk-bc89b3e\" data-block-id=\"bc89b3e\"><style>.stk-bc89b3e {height:0px !important;}<\/style><\/div>\n<\/div><\/div><\/div>\n<\/div><\/div>\n\n\n\n<div class=\"wp-block-stackable-columns stk-block-columns stk-block stk-8b59b96\" data-block-id=\"8b59b96\"><style>.stk-8b59b96 .stk--block-align-8b59b96{align-items:flex-start !important;}.stk-8b59b96 {margin-top:50px !important;}.stk-8b59b96-column{--stk-columns-spacing:0px !important;--stk-column-gap:50px !important;}@media screen and (max-width: 767px){.stk-8b59b96-column{row-gap:var(--stk--preset--spacing--60, 2.25rem) !important;}}<\/style><div class=\"stk-row stk-inner-blocks stk--block-align-8b59b96 stk-block-content stk-content-align stk-8b59b96-column\">\n<div class=\"wp-block-stackable-column stk-block-column stk-column stk-block stk-dbb7e15\" data-v=\"4\" data-block-id=\"dbb7e15\"><style>@media screen and (min-width: 768px){.stk-dbb7e15 {flex:var(--stk-flex-grow, 1) 1 66.7% !important;}}<\/style><div class=\"stk-column-wrapper stk-block-column__content stk-container stk-dbb7e15-container stk--no-background stk--no-padding\"><div class=\"stk-block-content stk-inner-blocks stk-dbb7e15-inner-blocks\">\n<div class=\"wp-block-stackable-heading stk-block-heading stk-block-heading--v2 stk-block stk-cc0239e\" id=\"complementos-de-formacion\" data-block-id=\"cc0239e\"><style>.stk-cc0239e .stk-block-heading__text{color:#fa6199 !important;font-weight:500 !important;}<\/style><h1 class=\"stk-block-heading__text has-text-color\">Perfil de ingreso y egreso<\/h1><\/div>\n\n\n\n<div class=\"wp-block-stackable-heading stk-block-heading stk-block-heading--v2 stk-block stk-2a76251\" id=\"complementos-de-formacion\" data-block-id=\"2a76251\"><style>.stk-2a76251 .stk-block-heading__text{font-weight:700 !important;}<\/style><h3 class=\"stk-block-heading__text\">Perfil de ingreso<\/h3><\/div>\n\n\n\n<div class=\"wp-block-stackable-text stk-block-text stk-block stk-3310fbd\" data-block-id=\"3310fbd\"><p class=\"stk-block-text__text\">El perfil de ingreso son los conocimientos, habilidades y capacidades del alumnado que accede a la titulaci\u00f3n.<\/p><\/div>\n\n\n\n<p>Aunque no es indispensable poseer una titulaci\u00f3n espec\u00edfica para cursar el m\u00e1ster, s\u00ed existen algunas competencias que se consideran especialmente adecuadas para cursar estos estudios, como son las adquiridas, en concreto, en las titulaciones de Ingenier\u00eda, Ingenier\u00eda T\u00e9cnica, Arquitectura, Arquitectura T\u00e9cnica, o Graduado en titulaciones relacionadas con la Ingenier\u00eda o la Inform\u00e1tica. Tambi\u00e9n, dependiendo de la especialidad realizada, pueden encajar en el perfil recomendado, entre otros, licenciados y graduados en Ciencias Matem\u00e1ticas, F\u00edsicas o similares.<\/p>\n\n\n\n<p>Tambi\u00e9n podr\u00e1n ingresar en el m\u00e1ster los titulados extranjeros que acrediten un nivel de formaci\u00f3n equivalente a los correspondientes t\u00edtulos universitarios oficiales espa\u00f1oles y que<br>facultan en el pa\u00eds expedidor del t\u00edtulo para el acceso a ense\u00f1anzas de postgrado.<\/p>\n\n\n\n<p>Por \u00faltimo, cabe aclarar que el m\u00e1ster, adem\u00e1s de estar dirigido a quienes pretenden obtener la titulaci\u00f3n propiamente dicha, tambi\u00e9n puede ser de inter\u00e9s para personas que s\u00f3lo desean cursar algunas de sus asignaturas como complemento de otros m\u00e1steres afines o de su formaci\u00f3n profesional, o buscan adquirir las herramientas necesarias para llevar a cabo una Tesis Doctoral.<\/p>\n\n\n\n<div class=\"wp-block-stackable-heading stk-block-heading stk-block-heading--v2 stk-block stk-0d06bba\" id=\"complementos-de-formacion\" data-block-id=\"0d06bba\"><style>.stk-0d06bba .stk-block-heading__text{font-weight:700 !important;}<\/style><h3 class=\"stk-block-heading__text\">Perfil de egreso<\/h3><\/div>\n\n\n\n<div class=\"wp-block-stackable-text stk-block-text stk-block stk-f79739a\" data-block-id=\"f79739a\"><p class=\"stk-block-text__text\">El perfil de egreso son las capacidades, los conocimientos y habilidades que debe haber adquirido el estudiante al finalizar la titulaci\u00f3n.<\/p><\/div>\n\n\n\n<p>Los egresados del M\u00e1ster de Inform\u00e1tica Industrial y Rob\u00f3tica van a ser profesionales capacitados para analizar, dise\u00f1ar e implementar soluciones digitales en entornos industriales de producci\u00f3n. Ser\u00e1n capaces de comprender c\u00f3mo funciona la industria y de dise\u00f1ar sistemas digitales para la mejora de la producci\u00f3n. Estos profesionales se convertir\u00e1n en elementos fundamentales para ayudar de forma eficiente en la transformaci\u00f3n digital de nuestro tejido industrial. Tendr\u00e1n una alta especializaci\u00f3n que garanticen que el proceso de avance cara a la Industria 4.0 se produzca de forma eficiente y con garant\u00edas de \u00e9xito.<\/p>\n\n\n\n<p>De forma m\u00e1s concreta, los profesionales que superen la titulaci\u00f3n del M\u00e1ster de Ingenier\u00eda Inform\u00e1tica y Rob\u00f3tica tendr\u00e1n una s\u00f3lida formaci\u00f3n en tecnolog\u00edas relacionadas con la industria 4.0:<\/p>\n\n\n\n<ul class=\"wp-block-list\">\n<li>Rob\u00f3tica.<\/li>\n\n\n\n<li>Automatizaci\u00f3n industrial.<\/li>\n\n\n\n<li>Big Data &amp; Analitics.<\/li>\n\n\n\n<li>Fabricaci\u00f3n aditiva.<\/li>\n\n\n\n<li>Programaci\u00f3n de dispositivos industriales.<\/li>\n\n\n\n<li>Computaci\u00f3n en la nube.<\/li>\n\n\n\n<li>Aplicaci\u00f3n de t\u00e9cnicas de inteligencia artificial a la industria.<\/li>\n\n\n\n<li>IoT Industrial.<\/li>\n\n\n\n<li>Computaci\u00f3n en la industria.<\/li>\n\n\n\n<li>Realidad aumentada.<\/li>\n<\/ul>\n\n\n\n<p>Algunos ejemplos de las actividades que podr\u00e1n realizar los egresados son:<\/p>\n\n\n\n<ul class=\"wp-block-list\">\n<li>Dise\u00f1ar, desarrollar e implementar sistemas digitales para la automatizaci\u00f3n de la industria.<\/li>\n\n\n\n<li>Analizar datos en la industria para la extracci\u00f3n de informaci\u00f3n valiosa y propuesta de soluciones de mejora en todos los niveles de la empresa (a nivel de campo, planificaci\u00f3n de la producci\u00f3n y gesti\u00f3n).<\/li>\n\n\n\n<li>Desarrollo de soluciones de programaci\u00f3n en entornos industriales (tanto a nivel de operaci\u00f3n como a niveles de gesti\u00f3n).<\/li>\n\n\n\n<li>Desarrollo de soluciones para la gesti\u00f3n de la informaci\u00f3n digital de la industria.<\/li>\n\n\n\n<li>Programar sistemas de inteligencia artificial en los diferentes sistemas industriales.<\/li>\n\n\n\n<li>Desarrollo de soluciones de fabricaci\u00f3n aditiva (impresi\u00f3n 3D).<\/li>\n\n\n\n<li>Implementaci\u00f3n de sistemas de computaci\u00f3n en la nube e IoT industrial.<\/li>\n\n\n\n<li>Programaci\u00f3n de robots m\u00f3viles y manipuladores.<\/li>\n\n\n\n<li>Desplegar y configurar redes de comunicaciones industriales.<\/li>\n<\/ul>\n\n\n\n<p>Desplegar y configurar redes de comunicaciones industriales.Los egresados, si desean continuar su formaci\u00f3n a la labor investigadora podr\u00e1n acceder a la realizaci\u00f3n de estudios de doctorado. En particular, el M\u00e1ster en Inform\u00e1tica Industrial y Rob\u00f3tica est\u00e1 alineado con el programa de doctorado de Ingenier\u00eda Industrial, Inform\u00e1tica y Medioambiental de la ULL.<\/p>\n<\/div><\/div><\/div>\n\n\n\n<div class=\"wp-block-stackable-column stk-block-column stk-column stk-block stk-53ec762\" data-v=\"4\" data-block-id=\"53ec762\"><style>.stk-53ec762-inner-blocks{row-gap:0px !important;}.stk-53ec762 {padding-top:0px !important;padding-right:0px !important;padding-bottom:0px !important;padding-left:0px !important;}@media screen and (min-width: 768px){.stk-53ec762 {flex:var(--stk-flex-grow, 1) 1 33.3% !important;}}<\/style><div class=\"stk-column-wrapper stk-block-column__content stk-container stk-53ec762-container stk--no-background stk--no-padding\"><div class=\"stk-block-content stk-inner-blocks stk-53ec762-inner-blocks\">\n\n<ul class=\"widget-box\">\n<li class='contacto-header'>Informaci\u00f3n de contacto<\/li><li><i class=\"fa fa-map-marker\"><\/i> Avda. Astrof\u00edsico Francisco S\u00e1nchez, SN. Edificio Calabaza \u2013 AN.2D Apdo. 456 38200 San Crist\u00f3bal de La Laguna<\/li><li><i class=\"fa fa-envelope\"><\/i>  <a href=mailto:master.muiir@ull.es>master.muiir@ull.es<\/a><\/li><li><i class=\"fa fa-archive\"><\/i><a href=\"https:\/\/sede.ull.es\/ecivilis-site\/catalog\/showProcedure\/484\"> Procedimiento para quejas, sugerencias y felicitaciones<\/a><\/li>\n<\/ul>\n\n\n<\/div><\/div><\/div>\n<\/div><\/div>\n","protected":false},"excerpt":{"rendered":"<p>Profil d&#039;admission et de diplomation. Le profil d&#039;admission refl\u00e8te les connaissances, les comp\u00e9tences et les aptitudes des \u00e9tudiants qui int\u00e8grent le programme. Bien qu&#039;aucune qualification sp\u00e9cifique ne soit requise pour poursuivre en master, certaines comp\u00e9tences sont particuli\u00e8rement adapt\u00e9es \u00e0 ces \u00e9tudes, notamment celles acquises en\u2026<\/p>","protected":false},"author":1,"featured_media":0,"parent":252,"menu_order":1,"comment_status":"closed","ping_status":"closed","template":"templates\/template-frontpage.php","meta":{"footnotes":""},"class_list":["post-30","page","type-page","status-publish","hentry"],"yoast_head":"<!-- This site is optimized with the Yoast SEO plugin v27.3 - https:\/\/yoast.com\/product\/yoast-seo-wordpress\/ -->\n<title>Perfil de ingreso y egreso - M\u00e1ster Universitario en Inform\u00e1tica Industrial y Rob\u00f3tica<\/title>\n<meta name=\"robots\" content=\"index, follow, max-snippet:-1, max-image-preview:large, max-video-preview:-1\" \/>\n<link rel=\"canonical\" href=\"https:\/\/www.ull.es\/masteres\/informatica-industrial-robotica\/fr\/informacion-academica\/perfil-de-ingreso-y-egreso\/\" \/>\n<meta property=\"og:locale\" content=\"fr_FR\" \/>\n<meta property=\"og:type\" content=\"article\" \/>\n<meta property=\"og:title\" content=\"Perfil de ingreso y egreso - M\u00e1ster Universitario en Inform\u00e1tica Industrial y Rob\u00f3tica\" \/>\n<meta property=\"og:description\" content=\"Perfil de ingreso y egreso Perfil de ingreso El perfil de ingreso son los conocimientos, habilidades y capacidades del alumnado que accede a la titulaci\u00f3n. Aunque no es indispensable poseer una titulaci\u00f3n espec\u00edfica para cursar el m\u00e1ster, s\u00ed existen algunas competencias que se consideran especialmente adecuadas para cursar estos estudios, como son las adquiridas, en...\" \/>\n<meta property=\"og:url\" content=\"https:\/\/www.ull.es\/masteres\/informatica-industrial-robotica\/fr\/informacion-academica\/perfil-de-ingreso-y-egreso\/\" \/>\n<meta property=\"og:site_name\" content=\"M\u00e1ster Universitario en Inform\u00e1tica Industrial y Rob\u00f3tica\" \/>\n<meta property=\"article:modified_time\" content=\"2025-07-23T12:59:29+00:00\" \/>\n<meta name=\"twitter:card\" content=\"summary_large_image\" \/>\n<meta name=\"twitter:label1\" content=\"Dur\u00e9e de lecture estim\u00e9e\" \/>\n\t<meta name=\"twitter:data1\" content=\"3 minutes\" \/>\n<script type=\"application\/ld+json\" class=\"yoast-schema-graph\">{\"@context\":\"https:\\\/\\\/schema.org\",\"@graph\":[{\"@type\":\"WebPage\",\"@id\":\"https:\\\/\\\/www.ull.es\\\/masteres\\\/informatica-industrial-robotica\\\/informacion-academica\\\/perfil-de-ingreso-y-egreso\\\/\",\"url\":\"https:\\\/\\\/www.ull.es\\\/masteres\\\/informatica-industrial-robotica\\\/informacion-academica\\\/perfil-de-ingreso-y-egreso\\\/\",\"name\":\"Perfil de ingreso y egreso - M\u00e1ster Universitario en Inform\u00e1tica Industrial y Rob\u00f3tica\",\"isPartOf\":{\"@id\":\"https:\\\/\\\/www.ull.es\\\/masteres\\\/informatica-industrial-robotica\\\/#website\"},\"datePublished\":\"2017-06-28T12:58:45+00:00\",\"dateModified\":\"2025-07-23T12:59:29+00:00\",\"breadcrumb\":{\"@id\":\"https:\\\/\\\/www.ull.es\\\/masteres\\\/informatica-industrial-robotica\\\/informacion-academica\\\/perfil-de-ingreso-y-egreso\\\/#breadcrumb\"},\"inLanguage\":\"fr-FR\",\"potentialAction\":[{\"@type\":\"ReadAction\",\"target\":[\"https:\\\/\\\/www.ull.es\\\/masteres\\\/informatica-industrial-robotica\\\/informacion-academica\\\/perfil-de-ingreso-y-egreso\\\/\"]}]},{\"@type\":\"BreadcrumbList\",\"@id\":\"https:\\\/\\\/www.ull.es\\\/masteres\\\/informatica-industrial-robotica\\\/informacion-academica\\\/perfil-de-ingreso-y-egreso\\\/#breadcrumb\",\"itemListElement\":[{\"@type\":\"ListItem\",\"position\":1,\"name\":\"Portada\",\"item\":\"https:\\\/\\\/www.ull.es\\\/masteres\\\/informatica-industrial-robotica\\\/\"},{\"@type\":\"ListItem\",\"position\":2,\"name\":\"Informaci\u00f3n Acad\u00e9mica\",\"item\":\"https:\\\/\\\/www.ull.es\\\/masteres\\\/informatica-industrial-robotica\\\/informacion-academica\\\/\"},{\"@type\":\"ListItem\",\"position\":3,\"name\":\"Perfil de ingreso y egreso\"}]},{\"@type\":\"WebSite\",\"@id\":\"https:\\\/\\\/www.ull.es\\\/masteres\\\/informatica-industrial-robotica\\\/#website\",\"url\":\"https:\\\/\\\/www.ull.es\\\/masteres\\\/informatica-industrial-robotica\\\/\",\"name\":\"M\u00e1ster Universitario en Inform\u00e1tica Industrial y Rob\u00f3tica\",\"description\":\"\",\"potentialAction\":[{\"@type\":\"SearchAction\",\"target\":{\"@type\":\"EntryPoint\",\"urlTemplate\":\"https:\\\/\\\/www.ull.es\\\/masteres\\\/informatica-industrial-robotica\\\/?s={search_term_string}\"},\"query-input\":{\"@type\":\"PropertyValueSpecification\",\"valueRequired\":true,\"valueName\":\"search_term_string\"}}],\"inLanguage\":\"fr-FR\"}]}<\/script>\n<!-- \/ Yoast SEO plugin. -->","yoast_head_json":{"title":"Profil d&#039;admission et de diplomation - Master en Informatique Industrielle et Robotique","robots":{"index":"index","follow":"follow","max-snippet":"max-snippet:-1","max-image-preview":"max-image-preview:large","max-video-preview":"max-video-preview:-1"},"canonical":"https:\/\/www.ull.es\/masteres\/informatica-industrial-robotica\/fr\/informacion-academica\/perfil-de-ingreso-y-egreso\/","og_locale":"fr_FR","og_type":"article","og_title":"Perfil de ingreso y egreso - M\u00e1ster Universitario en Inform\u00e1tica Industrial y Rob\u00f3tica","og_description":"Perfil de ingreso y egreso Perfil de ingreso El perfil de ingreso son los conocimientos, habilidades y capacidades del alumnado que accede a la titulaci\u00f3n. Aunque no es indispensable poseer una titulaci\u00f3n espec\u00edfica para cursar el m\u00e1ster, s\u00ed existen algunas competencias que se consideran especialmente adecuadas para cursar estos estudios, como son las adquiridas, en...","og_url":"https:\/\/www.ull.es\/masteres\/informatica-industrial-robotica\/fr\/informacion-academica\/perfil-de-ingreso-y-egreso\/","og_site_name":"M\u00e1ster Universitario en Inform\u00e1tica Industrial y Rob\u00f3tica","article_modified_time":"2025-07-23T12:59:29+00:00","twitter_card":"summary_large_image","twitter_misc":{"Dur\u00e9e de lecture estim\u00e9e":"3 minutes"},"schema":{"@context":"https:\/\/schema.org","@graph":[{"@type":"WebPage","@id":"https:\/\/www.ull.es\/masteres\/informatica-industrial-robotica\/informacion-academica\/perfil-de-ingreso-y-egreso\/","url":"https:\/\/www.ull.es\/masteres\/informatica-industrial-robotica\/informacion-academica\/perfil-de-ingreso-y-egreso\/","name":"Profil d&#039;admission et de diplomation - Master en Informatique Industrielle et Robotique","isPartOf":{"@id":"https:\/\/www.ull.es\/masteres\/informatica-industrial-robotica\/#website"},"datePublished":"2017-06-28T12:58:45+00:00","dateModified":"2025-07-23T12:59:29+00:00","breadcrumb":{"@id":"https:\/\/www.ull.es\/masteres\/informatica-industrial-robotica\/informacion-academica\/perfil-de-ingreso-y-egreso\/#breadcrumb"},"inLanguage":"fr-FR","potentialAction":[{"@type":"ReadAction","target":["https:\/\/www.ull.es\/masteres\/informatica-industrial-robotica\/informacion-academica\/perfil-de-ingreso-y-egreso\/"]}]},{"@type":"BreadcrumbList","@id":"https:\/\/www.ull.es\/masteres\/informatica-industrial-robotica\/informacion-academica\/perfil-de-ingreso-y-egreso\/#breadcrumb","itemListElement":[{"@type":"ListItem","position":1,"name":"Portada","item":"https:\/\/www.ull.es\/masteres\/informatica-industrial-robotica\/"},{"@type":"ListItem","position":2,"name":"Informaci\u00f3n Acad\u00e9mica","item":"https:\/\/www.ull.es\/masteres\/informatica-industrial-robotica\/informacion-academica\/"},{"@type":"ListItem","position":3,"name":"Perfil de ingreso y egreso"}]},{"@type":"WebSite","@id":"https:\/\/www.ull.es\/masteres\/informatica-industrial-robotica\/#website","url":"https:\/\/www.ull.es\/masteres\/informatica-industrial-robotica\/","name":"Master en Informatique Industrielle et Robotique","description":"","potentialAction":[{"@type":"SearchAction","target":{"@type":"EntryPoint","urlTemplate":"https:\/\/www.ull.es\/masteres\/informatica-industrial-robotica\/?s={search_term_string}"},"query-input":{"@type":"PropertyValueSpecification","valueRequired":true,"valueName":"search_term_string"}}],"inLanguage":"fr-FR"}]}},"_links":{"self":[{"href":"https:\/\/www.ull.es\/masteres\/informatica-industrial-robotica\/fr\/wp-json\/wp\/v2\/pages\/30","targetHints":{"allow":["GET"]}}],"collection":[{"href":"https:\/\/www.ull.es\/masteres\/informatica-industrial-robotica\/fr\/wp-json\/wp\/v2\/pages"}],"about":[{"href":"https:\/\/www.ull.es\/masteres\/informatica-industrial-robotica\/fr\/wp-json\/wp\/v2\/types\/page"}],"author":[{"embeddable":true,"href":"https:\/\/www.ull.es\/masteres\/informatica-industrial-robotica\/fr\/wp-json\/wp\/v2\/users\/1"}],"replies":[{"embeddable":true,"href":"https:\/\/www.ull.es\/masteres\/informatica-industrial-robotica\/fr\/wp-json\/wp\/v2\/comments?post=30"}],"version-history":[{"count":14,"href":"https:\/\/www.ull.es\/masteres\/informatica-industrial-robotica\/fr\/wp-json\/wp\/v2\/pages\/30\/revisions"}],"predecessor-version":[{"id":1125,"href":"https:\/\/www.ull.es\/masteres\/informatica-industrial-robotica\/fr\/wp-json\/wp\/v2\/pages\/30\/revisions\/1125"}],"up":[{"embeddable":true,"href":"https:\/\/www.ull.es\/masteres\/informatica-industrial-robotica\/fr\/wp-json\/wp\/v2\/pages\/252"}],"wp:attachment":[{"href":"https:\/\/www.ull.es\/masteres\/informatica-industrial-robotica\/fr\/wp-json\/wp\/v2\/media?parent=30"}],"curies":[{"name":"wp","href":"https:\/\/api.w.org\/{rel}","templated":true}]}}