{"id":28,"date":"2017-06-28T12:58:21","date_gmt":"2017-06-28T12:58:21","guid":{"rendered":"http:\/\/www.ull.es\/masteres\/desarrollo-y-gestion-de-recursos-humanos\/?page_id=28"},"modified":"2018-02-22T11:23:28","modified_gmt":"2018-02-22T11:23:28","slug":"justificacion-del-titulo","status":"publish","type":"page","link":"https:\/\/www.ull.es\/masteres\/ingenieria-industrial\/en\/justificacion-del-titulo\/","title":{"rendered":"Justification of the title"},"content":{"rendered":"<p>[vc_row][vc_column][vc_column_text]<\/p>\n<h1>Justificaci\u00f3n del t\u00edtulo<\/h1>\n<p><em>Experiencias anteriores de la universidad en la impartici\u00f3n de t\u00edtulos de caracter\u00edsticas\u00a0similares.<\/em><\/p>\n<p>Aunque la titulaci\u00f3n propuesta es nueva en la ULL, tanto en formato de m\u00e1ster como de<br \/>\nIngenier\u00eda superior, en la ETSICI se imparten desde el curso 2002\/03 el t\u00edtulo de Ingeniero T\u00e9cnico Industrial Especialidad Mec\u00e1nica, y desde el curso 2001\/2002 el de Ingeniero T\u00e9cnico Industrial Especialidad Electr\u00f3nica Industrial. Estos t\u00edtulos se han adaptado al EEES en el curso 2010-2011, en el que se han implantado los correspondientes grados en Ing. Mec\u00e1nica e Ing. en Electr\u00f3nica Industrial y Autom\u00e1tica. Adem\u00e1s, se ha puesto en marcha tambi\u00e9n el Grado en Ing. Qu\u00edmica Industrial, de nueva creaci\u00f3n en la ULL. Estos t\u00edtulos habilitan para el ejercicio de la profesi\u00f3n de Ingeniero T\u00e9cnico Industrial y ser\u00e1n los grados de los que se nutrir\u00e1 principalmente el m\u00e1ster en Ingenier\u00eda Industrial. Adem\u00e1s, en la ULL se han impartido (se extinguen en el curso\u00a02013\/14) la titulaci\u00f3n de segundo ciclo de Ingenier\u00eda en Autom\u00e1tica en Electr\u00f3nica Industrial y Autom\u00e1tica, as\u00ed como los m\u00e1steres en Ing. Electr\u00f3nica e Ing. Qu\u00edmica, que se reconvierten en sendas especialidades dentro del m\u00e1ster propuesto (ver apartado 5.1 y ss.). La conversi\u00f3n de estos t\u00edtulos en el m\u00e1ster de Ing. Industrial se justifica en el hecho de que este m\u00e1ster otorga las atribuciones de Ing. Industrial, y es por tanto m\u00e1s atractivo para el alumnado (como puede verse en el resto de este apartado), y tiene una mayor demanda y una previsi\u00f3n de empleabilidad mucho m\u00e1s alta, aparte del hecho, tambi\u00e9n muy relevante de que, de acuerdo con la nueva redacci\u00f3n dada al art. 81.3 b) de la LOMLOU por el apartado 5.2 del art. 6 del RD Ley 14\/2012, los precios p\u00fablicos de este m\u00e1ster ser\u00e1n menores que los de los m\u00e1steres sin atribuciones. Adem\u00e1s, permite la fusi\u00f3n en un solo m\u00e1ster con atribuciones, de varios m\u00e1sters existentes, optimizando recursos docentes tanto humanos como materiales.<\/p>\n<p>M\u00e1s informaci\u00f3n en el siguiente\u00a0<a href=\"https:\/\/drive.google.com\/open?id=1eBOnSNKFb813bvsYzeD-nLCp2VX7SUln\" target=\"_blank\" rel=\"noopener\" target=\"_blank\" rel=\"noopener\">enlace<\/a>.[\/vc_column_text][\/vc_column][\/vc_row]<\/p>\n","protected":false},"excerpt":{"rendered":"<p>[vc_row][vc_column][vc_column_text] Justificaci\u00f3n del t\u00edtulo Experiencias anteriores de la universidad en la impartici\u00f3n de t\u00edtulos de caracter\u00edsticas\u00a0similares. Aunque la titulaci\u00f3n propuesta es nueva en la ULL, tanto en formato de m\u00e1ster como de Ingenier\u00eda superior, en la ETSICI se imparten desde el curso 2002\/03 el t\u00edtulo de Ingeniero T\u00e9cnico Industrial Especialidad Mec\u00e1nica, y desde el curso&#8230;<\/p>\n","protected":false},"author":1,"featured_media":0,"parent":0,"menu_order":0,"comment_status":"closed","ping_status":"closed","template":"","meta":{"footnotes":""},"class_list":["post-28","page","type-page","status-publish","hentry"],"yoast_head":"<!-- This site is optimized with the Yoast SEO plugin v27.3 - https:\/\/yoast.com\/product\/yoast-seo-wordpress\/ -->\n<title>Justificaci\u00f3n del t\u00edtulo - M\u00e1ster Universitario en Ingenier\u00eda Industrial<\/title>\n<meta name=\"robots\" content=\"index, follow, max-snippet:-1, max-image-preview:large, max-video-preview:-1\" \/>\n<link rel=\"canonical\" href=\"https:\/\/www.ull.es\/masteres\/ingenieria-industrial\/en\/justificacion-del-titulo\/\" \/>\n<meta property=\"og:locale\" content=\"en_GB\" \/>\n<meta property=\"og:type\" content=\"article\" \/>\n<meta property=\"og:title\" content=\"Justificaci\u00f3n del t\u00edtulo - M\u00e1ster Universitario en Ingenier\u00eda Industrial\" \/>\n<meta property=\"og:description\" content=\"[vc_row][vc_column][vc_column_text] Justificaci\u00f3n del t\u00edtulo Experiencias anteriores de la universidad en la impartici\u00f3n de t\u00edtulos de caracter\u00edsticas\u00a0similares. Aunque la titulaci\u00f3n propuesta es nueva en la ULL, tanto en formato de m\u00e1ster como de Ingenier\u00eda superior, en la ETSICI se imparten desde el curso 2002\/03 el t\u00edtulo de Ingeniero T\u00e9cnico Industrial Especialidad Mec\u00e1nica, y desde el curso...\" \/>\n<meta property=\"og:url\" content=\"https:\/\/www.ull.es\/masteres\/ingenieria-industrial\/en\/justificacion-del-titulo\/\" \/>\n<meta property=\"og:site_name\" content=\"M\u00e1ster Universitario en Ingenier\u00eda Industrial\" \/>\n<meta property=\"article:modified_time\" content=\"2018-02-22T11:23:28+00:00\" \/>\n<meta name=\"twitter:card\" content=\"summary_large_image\" \/>\n<meta name=\"twitter:label1\" content=\"Estimated reading time\" \/>\n\t<meta name=\"twitter:data1\" content=\"2 minutes\" \/>\n<script type=\"application\/ld+json\" class=\"yoast-schema-graph\">{\"@context\":\"https:\\\/\\\/schema.org\",\"@graph\":[{\"@type\":\"WebPage\",\"@id\":\"https:\\\/\\\/www.ull.es\\\/masteres\\\/ingenieria-industrial\\\/fr\\\/justificacion-del-titulo\\\/\",\"url\":\"https:\\\/\\\/www.ull.es\\\/masteres\\\/ingenieria-industrial\\\/fr\\\/justificacion-del-titulo\\\/\",\"name\":\"Justificaci\u00f3n del t\u00edtulo - M\u00e1ster Universitario en Ingenier\u00eda Industrial\",\"isPartOf\":{\"@id\":\"https:\\\/\\\/www.ull.es\\\/masteres\\\/ingenieria-industrial\\\/#website\"},\"datePublished\":\"2017-06-28T12:58:21+00:00\",\"dateModified\":\"2018-02-22T11:23:28+00:00\",\"breadcrumb\":{\"@id\":\"https:\\\/\\\/www.ull.es\\\/masteres\\\/ingenieria-industrial\\\/fr\\\/justificacion-del-titulo\\\/#breadcrumb\"},\"inLanguage\":\"en-GB\",\"potentialAction\":[{\"@type\":\"ReadAction\",\"target\":[\"https:\\\/\\\/www.ull.es\\\/masteres\\\/ingenieria-industrial\\\/fr\\\/justificacion-del-titulo\\\/\"]}]},{\"@type\":\"BreadcrumbList\",\"@id\":\"https:\\\/\\\/www.ull.es\\\/masteres\\\/ingenieria-industrial\\\/fr\\\/justificacion-del-titulo\\\/#breadcrumb\",\"itemListElement\":[{\"@type\":\"ListItem\",\"position\":1,\"name\":\"Portada\",\"item\":\"https:\\\/\\\/www.ull.es\\\/masteres\\\/ingenieria-industrial\\\/\"},{\"@type\":\"ListItem\",\"position\":2,\"name\":\"Justificaci\u00f3n del t\u00edtulo\"}]},{\"@type\":\"WebSite\",\"@id\":\"https:\\\/\\\/www.ull.es\\\/masteres\\\/ingenieria-industrial\\\/#website\",\"url\":\"https:\\\/\\\/www.ull.es\\\/masteres\\\/ingenieria-industrial\\\/\",\"name\":\"M\u00e1ster Universitario en Ingenier\u00eda Industrial\",\"description\":\"\",\"potentialAction\":[{\"@type\":\"SearchAction\",\"target\":{\"@type\":\"EntryPoint\",\"urlTemplate\":\"https:\\\/\\\/www.ull.es\\\/masteres\\\/ingenieria-industrial\\\/?s={search_term_string}\"},\"query-input\":{\"@type\":\"PropertyValueSpecification\",\"valueRequired\":true,\"valueName\":\"search_term_string\"}}],\"inLanguage\":\"en-GB\"}]}<\/script>\n<!-- \/ Yoast SEO plugin. -->","yoast_head_json":{"title":"Title Justification - Master&#039;s Degree in Industrial Engineering","robots":{"index":"index","follow":"follow","max-snippet":"max-snippet:-1","max-image-preview":"max-image-preview:large","max-video-preview":"max-video-preview:-1"},"canonical":"https:\/\/www.ull.es\/masteres\/ingenieria-industrial\/en\/justificacion-del-titulo\/","og_locale":"en_GB","og_type":"article","og_title":"Justificaci\u00f3n del t\u00edtulo - M\u00e1ster Universitario en Ingenier\u00eda Industrial","og_description":"[vc_row][vc_column][vc_column_text] Justificaci\u00f3n del t\u00edtulo Experiencias anteriores de la universidad en la impartici\u00f3n de t\u00edtulos de caracter\u00edsticas\u00a0similares. Aunque la titulaci\u00f3n propuesta es nueva en la ULL, tanto en formato de m\u00e1ster como de Ingenier\u00eda superior, en la ETSICI se imparten desde el curso 2002\/03 el t\u00edtulo de Ingeniero T\u00e9cnico Industrial Especialidad Mec\u00e1nica, y desde el curso...","og_url":"https:\/\/www.ull.es\/masteres\/ingenieria-industrial\/en\/justificacion-del-titulo\/","og_site_name":"M\u00e1ster Universitario en Ingenier\u00eda Industrial","article_modified_time":"2018-02-22T11:23:28+00:00","twitter_card":"summary_large_image","twitter_misc":{"Estimated reading time":"2 minutes"},"schema":{"@context":"https:\/\/schema.org","@graph":[{"@type":"WebPage","@id":"https:\/\/www.ull.es\/masteres\/ingenieria-industrial\/fr\/justificacion-del-titulo\/","url":"https:\/\/www.ull.es\/masteres\/ingenieria-industrial\/fr\/justificacion-del-titulo\/","name":"Title Justification - Master&#039;s Degree in Industrial Engineering","isPartOf":{"@id":"https:\/\/www.ull.es\/masteres\/ingenieria-industrial\/#website"},"datePublished":"2017-06-28T12:58:21+00:00","dateModified":"2018-02-22T11:23:28+00:00","breadcrumb":{"@id":"https:\/\/www.ull.es\/masteres\/ingenieria-industrial\/fr\/justificacion-del-titulo\/#breadcrumb"},"inLanguage":"en-GB","potentialAction":[{"@type":"ReadAction","target":["https:\/\/www.ull.es\/masteres\/ingenieria-industrial\/fr\/justificacion-del-titulo\/"]}]},{"@type":"BreadcrumbList","@id":"https:\/\/www.ull.es\/masteres\/ingenieria-industrial\/fr\/justificacion-del-titulo\/#breadcrumb","itemListElement":[{"@type":"ListItem","position":1,"name":"Portada","item":"https:\/\/www.ull.es\/masteres\/ingenieria-industrial\/"},{"@type":"ListItem","position":2,"name":"Justificaci\u00f3n del t\u00edtulo"}]},{"@type":"WebSite","@id":"https:\/\/www.ull.es\/masteres\/ingenieria-industrial\/#website","url":"https:\/\/www.ull.es\/masteres\/ingenieria-industrial\/","name":"Master&#039;s Degree in Industrial Engineering","description":"","potentialAction":[{"@type":"SearchAction","target":{"@type":"EntryPoint","urlTemplate":"https:\/\/www.ull.es\/masteres\/ingenieria-industrial\/?s={search_term_string}"},"query-input":{"@type":"PropertyValueSpecification","valueRequired":true,"valueName":"search_term_string"}}],"inLanguage":"en-GB"}]}},"_links":{"self":[{"href":"https:\/\/www.ull.es\/masteres\/ingenieria-industrial\/en\/wp-json\/wp\/v2\/pages\/28","targetHints":{"allow":["GET"]}}],"collection":[{"href":"https:\/\/www.ull.es\/masteres\/ingenieria-industrial\/en\/wp-json\/wp\/v2\/pages"}],"about":[{"href":"https:\/\/www.ull.es\/masteres\/ingenieria-industrial\/en\/wp-json\/wp\/v2\/types\/page"}],"author":[{"embeddable":true,"href":"https:\/\/www.ull.es\/masteres\/ingenieria-industrial\/en\/wp-json\/wp\/v2\/users\/1"}],"replies":[{"embeddable":true,"href":"https:\/\/www.ull.es\/masteres\/ingenieria-industrial\/en\/wp-json\/wp\/v2\/comments?post=28"}],"version-history":[{"count":10,"href":"https:\/\/www.ull.es\/masteres\/ingenieria-industrial\/en\/wp-json\/wp\/v2\/pages\/28\/revisions"}],"predecessor-version":[{"id":655,"href":"https:\/\/www.ull.es\/masteres\/ingenieria-industrial\/en\/wp-json\/wp\/v2\/pages\/28\/revisions\/655"}],"wp:attachment":[{"href":"https:\/\/www.ull.es\/masteres\/ingenieria-industrial\/en\/wp-json\/wp\/v2\/media?parent=28"}],"curies":[{"name":"wp","href":"https:\/\/api.w.org\/{rel}","templated":true}]}}