{"id":227,"date":"2017-07-11T10:32:56","date_gmt":"2017-07-11T10:32:56","guid":{"rendered":"http:\/\/www.ull.es\/masteres\/desarrollo-y-gestion-de-recursos-humanos\/?page_id=227"},"modified":"2020-03-31T07:46:31","modified_gmt":"2020-03-31T07:46:31","slug":"practicas-externas","status":"publish","type":"page","link":"https:\/\/www.ull.es\/masteres\/ingenieria-informatica-y-ciberseguridad\/fr\/plan-de-estudios\/practicas-externas\/","title":{"rendered":"Pratiques externes"},"content":{"rendered":"<p>[vc_row][vc_column][vc_column_text]<\/p>\n<h1>Pr\u00e1cticas externas<\/h1>\n<p>[\/vc_column_text][vc_column_text]<span style=\"font-weight: 400;\">La realizaci\u00f3n de pr\u00e1cticas externas en empresas, organismos e instituciones es obligatoria en aquellos m\u00e1steres que lo tengan establecido en su plan de estudios. Suponen un acercamiento del alumnado a supuestos reales, complementando la formaci\u00f3n recibida con la realidad del mundo laboral<\/span><\/p>\n<p><span style=\"font-weight: 400;\">En concreto, en el M\u00e1ster Universitario en Inform\u00e1tica las pr\u00e1cticas externas son obligatorias. Constituyen una actividad de naturaleza formativa, realizada por el alumnado universitario y supervisada por las universidades, cuyo objetivo es permitir a los estudiantes aplicar y complementar los conocimientos adquiridos en su formaci\u00f3n acad\u00e9mica, favoreciendo la adquisici\u00f3n de competencias que le preparen para el ejercicio de actividades profesionales, facilitando su empleabilidad y fomentando su capacidad de emprendimiento.<\/span><\/p>\n<p><span style=\"font-weight: 400;\">Las pr\u00e1cticas acad\u00e9micas podr\u00e1n realizarse en entidades\/empresas colaboradoras, tales como empresas, instituciones, entidades p\u00fablicas\/privadas, etc.<\/span><\/p>\n<p><span style=\"font-weight: 400;\">Para el desarrollo de las pr\u00e1cticas externas, la Universidad de La Laguna mantiene los convenios necesarios realizados con las empresas, organismos e instituciones en las que se considera que el alumnado puede adquirir las competencias profesionales adecuadas al t\u00edtulo y que responden a los perfiles profesionales definidos en la Memoria.<\/span><\/p>\n<p><span style=\"font-weight: 400;\">En cada curso acad\u00e9mico, atendiendo a los perfiles, motivaciones y necesidades del alumnado, se abren nuevos convenios con centros de pr\u00e1cticas, incorpor\u00e1ndose a Departamentos de Recursos Humanos, o bien a empresas de consultor\u00eda en Recursos Humanos.<\/span><\/p>\n<p><b>Requisitos generales para la realizaci\u00f3n de las Pr\u00e1cticas Externas<\/b><\/p>\n<p><span style=\"font-weight: 400;\">Para la realizaci\u00f3n de las pr\u00e1cticas externas, el alumnado deber\u00e1 cumplir los siguientes requisitos generales:<\/span><\/p>\n<ul>\n<li style=\"font-weight: 400;\"><span style=\"font-weight: 400;\">Estar matriculado en el t\u00edtulo y en la asignatura de Pr\u00e1cticas Externas de su plan de estudios.<\/span><\/li>\n<li style=\"font-weight: 400;\"><span style=\"font-weight: 400;\">No mantener ninguna relaci\u00f3n contractual con la empresa, instituci\u00f3n o entidad, salvo los casos descritos en la normativa aplicable.<\/span><\/li>\n<li style=\"font-weight: 400;\"><span style=\"font-weight: 400;\">Cualquier otro requisito acad\u00e9mico establecido por el t\u00edtulo en su Memoria de Verificaci\u00f3n\/Modificaci\u00f3n y en la gu\u00eda docente de la asignatura.<\/span><\/li>\n<\/ul>\n<p>[\/vc_column_text][vc_tta_accordion style=\u00bbflat\u00bb shape=\u00bbsquare\u00bb c_icon=\u00bbchevron\u00bb c_position=\u00bbright\u00bb active_section=\u00bb\u00bb no_fill=\u00bbtrue\u00bb collapsible_all=\u00bbtrue\u00bb][vc_tta_section title=\u00bbOrganizaci\u00f3n de las pr\u00e1cticas tuteladas\u00bb tab_id=\u00bborganizacion-practicas-tuteladas\u00bb][vc_column_text]El t\u00edtulo cuenta con las estructuras y mecanismos de organizaci\u00f3n, gesti\u00f3n, evaluaci\u00f3n y seguimiento de las pr\u00e1cticas externas, que se concretan en: la Comisi\u00f3n de Pr\u00e1cticas Externas, la Coordinaci\u00f3n de Pr\u00e1cticas Externas, los tutores acad\u00e9micos y tutores Externos. A nivel t\u00edtulo, es el\/la Coordinador\/a de Pr\u00e1cticas Externas que se recoge en la Gu\u00eda Docente, junto con la Comisi\u00f3n de PE, los responsables de gestionar el desarrollo de la asignatura.<\/p>\n<ul>\n<li><a href=\"https:\/\/www.ull.es\/apps\/guias\/guias\/view_guide\/21561\/\" target=\"_blank\" rel=\"noopener noreferrer\" target=\"_blank\" rel=\"noopener\">M\u00e1s informaci\u00f3n en este enlace<\/a><\/li>\n<\/ul>\n<p>La Comisi\u00f3n de Pr\u00e1cticas, a la que corresponder\u00e1 la definici\u00f3n de los objetivos, orientaci\u00f3n, contenidos y requisitos relativos a esta actividad, adem\u00e1s de planificar y gestionar su desarrollo, llevar\u00e1 a cabo la selecci\u00f3n y asignaci\u00f3n de tutores acad\u00e9micos a cada alumno admitido en el proceso de selecci\u00f3n.<\/p>\n<p>Por su parte, el\/la Coordinador\/a de Pr\u00e1cticas Externas de la titulaci\u00f3n, junto con los tutores acad\u00e9micos, es el encargado de acordar con los tutores externos de las entidades el n\u00famero de estudiantes que admite, la temporalidad y las actividades a realizar por los estudiantes.<br \/>\nPara la evaluaci\u00f3n de esta actividad el estudiante deber\u00e1 elaborar una memoria de las actividades desarrolladas en el centro de pr\u00e1cticas, de la que se valorar\u00e1 la calidad y correcci\u00f3n de expresi\u00f3n acerca del contenido, as\u00ed como su presentaci\u00f3n y defensa.[\/vc_column_text][\/vc_tta_section][vc_tta_section title=\u00bbConvenios y plazas ofertadas\u00bb tab_id=\u00bbconvenios-plazas-ofertadas\u00bb][vc_column_text]<\/p>\n<ul>\n<li><a href=\"https:\/\/drive.google.com\/open?id=1v0eTuYqaDwDB6uHxaHQgbmCTxHCSqYq1\" target=\"_blank\" rel=\"noopener\">Curso 2017-18. Listado de empresas\/instituciones<\/a><\/li>\n<li><a href=\"https:\/\/drive.google.com\/open?id=1GfQ-LQ-x92i_J-j08i0k-60d20sjXA_q\" target=\"_blank\" rel=\"noopener\">Curso 2016-17. Listado de empresas\/instituciones<\/a><\/li>\n<li><a href=\"https:\/\/drive.google.com\/open?id=1AwFaMaxdlu1yMZUCqozX0fj_Mr_6iGSy\" target=\"_blank\" rel=\"noopener\">Curso 2015-16. Listado de empresas\/instituciones<\/a><\/li>\n<\/ul>\n<p>[\/vc_column_text][\/vc_tta_section][vc_tta_section title=\u00bbNormativa\u00bb tab_id=\u00bbnormativa\u00bb][vc_column_text]La normativa universitaria general, nacional, auton\u00f3mica y propia de la ULL, por la que se rige las pr\u00e1cticas externas en las titulaciones oficiales de la ULL es la siguiente:<\/p>\n<ul>\n<li><a href=\"https:\/\/www.boe.es\/buscar\/pdf\/2014\/BOE-A-2014-8138-consolidado.pdf\" target=\"_blank\" rel=\"noopener noreferrer\" target=\"_blank\" rel=\"noopener\">Real Decreto 592\/2014, de 11 de julio,<\/a> por el que se regulan las pr\u00e1cticas acad\u00e9micas externas de los estudiantes universitarios (BOE de 30 de julio de 2014)<\/li>\n<li><a href=\"http:\/\/www.gobcan.es\/boc\/2008\/154\/001.html\" target=\"_blank\" rel=\"noopener noreferrer\" target=\"_blank\" rel=\"noopener\">D. 168\/2008, de 22 de julio<\/a>, por el que se regula el procedimiento, requisitos y criterios de evaluaci\u00f3n para la autorizaci\u00f3n de la implantaci\u00f3n de las ense\u00f1anzas universitarias conducentes a la obtenci\u00f3n de los t\u00edtulos oficiales de Grado, M\u00e1ster y Doctorado de la Comunidad Aut\u00f3noma Canaria<\/li>\n<li><a href=\"https:\/\/riull.ull.es\/xmlui\/handle\/915\/7108\" target=\"_blank\" rel=\"noopener noreferrer\" target=\"_blank\" rel=\"noopener\">Acuerdo 6\/CG de 20 de diciembre de 2017 <\/a>del Consejo de Gobierno de la Universidad de La Laguna por el que se aprueba el Reglamento de Pr\u00e1cticas Externas de la Universidad de La Laguna.<\/li>\n<li><a href=\"http:\/\/www.gobcan.es\/boc\/2011\/206\/002.html\" target=\"_blank\" rel=\"noopener noreferrer\" target=\"_blank\" rel=\"noopener\">Reglamento de tutores externos de pr\u00e1cticas<\/a> de la Universidad de La Laguna (BOC, 19 de octubre de 2011).<\/li>\n<\/ul>\n<p>[\/vc_column_text][\/vc_tta_section][\/vc_tta_accordion][\/vc_column][\/vc_row]<\/p>\n","protected":false},"excerpt":{"rendered":"<p>[vc_row][vc_column][vc_column_text] Pr\u00e1cticas externas [\/vc_column_text][vc_column_text]La realizaci\u00f3n de pr\u00e1cticas externas en empresas, organismos e instituciones es obligatoria en aquellos m\u00e1steres que lo tengan establecido en su plan de estudios. Suponen un acercamiento del alumnado a supuestos reales, complementando la formaci\u00f3n recibida con la realidad del mundo laboral En concreto, en el M\u00e1ster Universitario en Inform\u00e1tica las pr\u00e1cticas&#8230;<\/p>\n","protected":false},"author":1,"featured_media":0,"parent":270,"menu_order":4,"comment_status":"closed","ping_status":"closed","template":"","meta":{"footnotes":""},"class_list":["post-227","page","type-page","status-publish","hentry"],"yoast_head":"<!-- This site is optimized with the Yoast SEO plugin v27.2 - https:\/\/yoast.com\/product\/yoast-seo-wordpress\/ -->\n<title>Pr\u00e1cticas Externas - Doble M\u00e1ster en Inform\u00e1tica y Ciberseguridad<\/title>\n<meta name=\"robots\" content=\"index, follow, max-snippet:-1, max-image-preview:large, max-video-preview:-1\" \/>\n<link rel=\"canonical\" href=\"https:\/\/www.ull.es\/masteres\/ingenieria-informatica-y-ciberseguridad\/fr\/plan-de-estudios\/practicas-externas\/\" \/>\n<meta property=\"og:locale\" content=\"fr_FR\" \/>\n<meta property=\"og:type\" content=\"article\" \/>\n<meta property=\"og:title\" content=\"Pr\u00e1cticas Externas - Doble M\u00e1ster en Inform\u00e1tica y Ciberseguridad\" \/>\n<meta property=\"og:description\" content=\"[vc_row][vc_column][vc_column_text] Pr\u00e1cticas externas [\/vc_column_text][vc_column_text]La realizaci\u00f3n de pr\u00e1cticas externas en empresas, organismos e instituciones es obligatoria en aquellos m\u00e1steres que lo tengan establecido en su plan de estudios. Suponen un acercamiento del alumnado a supuestos reales, complementando la formaci\u00f3n recibida con la realidad del mundo laboral En concreto, en el M\u00e1ster Universitario en Inform\u00e1tica las pr\u00e1cticas...\" \/>\n<meta property=\"og:url\" content=\"https:\/\/www.ull.es\/masteres\/ingenieria-informatica-y-ciberseguridad\/fr\/plan-de-estudios\/practicas-externas\/\" \/>\n<meta property=\"og:site_name\" content=\"Doble M\u00e1ster en Inform\u00e1tica y Ciberseguridad\" \/>\n<meta property=\"article:modified_time\" content=\"2020-03-31T07:46:31+00:00\" \/>\n<meta name=\"twitter:card\" content=\"summary_large_image\" \/>\n<meta name=\"twitter:label1\" content=\"Dur\u00e9e de lecture estim\u00e9e\" \/>\n\t<meta name=\"twitter:data1\" content=\"4 minutes\" \/>\n<script type=\"application\/ld+json\" class=\"yoast-schema-graph\">{\"@context\":\"https:\/\/schema.org\",\"@graph\":[{\"@type\":\"WebPage\",\"@id\":\"https:\/\/www.ull.es\/masteres\/ingenieria-informatica-y-ciberseguridad\/plan-de-estudios\/practicas-externas\/\",\"url\":\"https:\/\/www.ull.es\/masteres\/ingenieria-informatica-y-ciberseguridad\/plan-de-estudios\/practicas-externas\/\",\"name\":\"Pr\u00e1cticas Externas - Doble M\u00e1ster en Inform\u00e1tica y Ciberseguridad\",\"isPartOf\":{\"@id\":\"https:\/\/www.ull.es\/masteres\/ingenieria-informatica-y-ciberseguridad\/fr\/#website\"},\"datePublished\":\"2017-07-11T10:32:56+00:00\",\"dateModified\":\"2020-03-31T07:46:31+00:00\",\"breadcrumb\":{\"@id\":\"https:\/\/www.ull.es\/masteres\/ingenieria-informatica-y-ciberseguridad\/plan-de-estudios\/practicas-externas\/#breadcrumb\"},\"inLanguage\":\"fr-FR\",\"potentialAction\":[{\"@type\":\"ReadAction\",\"target\":[\"https:\/\/www.ull.es\/masteres\/ingenieria-informatica-y-ciberseguridad\/plan-de-estudios\/practicas-externas\/\"]}]},{\"@type\":\"BreadcrumbList\",\"@id\":\"https:\/\/www.ull.es\/masteres\/ingenieria-informatica-y-ciberseguridad\/plan-de-estudios\/practicas-externas\/#breadcrumb\",\"itemListElement\":[{\"@type\":\"ListItem\",\"position\":1,\"name\":\"Portada\",\"item\":\"https:\/\/www.ull.es\/masteres\/ingenieria-informatica-y-ciberseguridad\/en\/\"},{\"@type\":\"ListItem\",\"position\":2,\"name\":\"Plan de estudios\",\"item\":\"https:\/\/www.ull.es\/masteres\/ingenieria-informatica-y-ciberseguridad\/fr\/plan-de-estudios\/\"},{\"@type\":\"ListItem\",\"position\":3,\"name\":\"Pr\u00e1cticas Externas\"}]},{\"@type\":\"WebSite\",\"@id\":\"https:\/\/www.ull.es\/masteres\/ingenieria-informatica-y-ciberseguridad\/fr\/#website\",\"url\":\"https:\/\/www.ull.es\/masteres\/ingenieria-informatica-y-ciberseguridad\/fr\/\",\"name\":\"Doble M\u00e1ster en Inform\u00e1tica y Ciberseguridad\",\"description\":\"\",\"potentialAction\":[{\"@type\":\"SearchAction\",\"target\":{\"@type\":\"EntryPoint\",\"urlTemplate\":\"https:\/\/www.ull.es\/masteres\/ingenieria-informatica-y-ciberseguridad\/fr\/?s={search_term_string}\"},\"query-input\":{\"@type\":\"PropertyValueSpecification\",\"valueRequired\":true,\"valueName\":\"search_term_string\"}}],\"inLanguage\":\"fr-FR\"}]}<\/script>\n<!-- \/ Yoast SEO plugin. -->","yoast_head_json":{"title":"Pr\u00e1cticas Externas - Doble M\u00e1ster en Inform\u00e1tica y Ciberseguridad","robots":{"index":"index","follow":"follow","max-snippet":"max-snippet:-1","max-image-preview":"max-image-preview:large","max-video-preview":"max-video-preview:-1"},"canonical":"https:\/\/www.ull.es\/masteres\/ingenieria-informatica-y-ciberseguridad\/fr\/plan-de-estudios\/practicas-externas\/","og_locale":"fr_FR","og_type":"article","og_title":"Pr\u00e1cticas Externas - Doble M\u00e1ster en Inform\u00e1tica y Ciberseguridad","og_description":"[vc_row][vc_column][vc_column_text] Pr\u00e1cticas externas [\/vc_column_text][vc_column_text]La realizaci\u00f3n de pr\u00e1cticas externas en empresas, organismos e instituciones es obligatoria en aquellos m\u00e1steres que lo tengan establecido en su plan de estudios. Suponen un acercamiento del alumnado a supuestos reales, complementando la formaci\u00f3n recibida con la realidad del mundo laboral En concreto, en el M\u00e1ster Universitario en Inform\u00e1tica las pr\u00e1cticas...","og_url":"https:\/\/www.ull.es\/masteres\/ingenieria-informatica-y-ciberseguridad\/fr\/plan-de-estudios\/practicas-externas\/","og_site_name":"Doble M\u00e1ster en Inform\u00e1tica y Ciberseguridad","article_modified_time":"2020-03-31T07:46:31+00:00","twitter_card":"summary_large_image","twitter_misc":{"Dur\u00e9e de lecture estim\u00e9e":"4 minutes"},"schema":{"@context":"https:\/\/schema.org","@graph":[{"@type":"WebPage","@id":"https:\/\/www.ull.es\/masteres\/ingenieria-informatica-y-ciberseguridad\/plan-de-estudios\/practicas-externas\/","url":"https:\/\/www.ull.es\/masteres\/ingenieria-informatica-y-ciberseguridad\/plan-de-estudios\/practicas-externas\/","name":"Pr\u00e1cticas Externas - Doble M\u00e1ster en Inform\u00e1tica y Ciberseguridad","isPartOf":{"@id":"https:\/\/www.ull.es\/masteres\/ingenieria-informatica-y-ciberseguridad\/fr\/#website"},"datePublished":"2017-07-11T10:32:56+00:00","dateModified":"2020-03-31T07:46:31+00:00","breadcrumb":{"@id":"https:\/\/www.ull.es\/masteres\/ingenieria-informatica-y-ciberseguridad\/plan-de-estudios\/practicas-externas\/#breadcrumb"},"inLanguage":"fr-FR","potentialAction":[{"@type":"ReadAction","target":["https:\/\/www.ull.es\/masteres\/ingenieria-informatica-y-ciberseguridad\/plan-de-estudios\/practicas-externas\/"]}]},{"@type":"BreadcrumbList","@id":"https:\/\/www.ull.es\/masteres\/ingenieria-informatica-y-ciberseguridad\/plan-de-estudios\/practicas-externas\/#breadcrumb","itemListElement":[{"@type":"ListItem","position":1,"name":"Portada","item":"https:\/\/www.ull.es\/masteres\/ingenieria-informatica-y-ciberseguridad\/en\/"},{"@type":"ListItem","position":2,"name":"Plan de estudios","item":"https:\/\/www.ull.es\/masteres\/ingenieria-informatica-y-ciberseguridad\/fr\/plan-de-estudios\/"},{"@type":"ListItem","position":3,"name":"Pr\u00e1cticas Externas"}]},{"@type":"WebSite","@id":"https:\/\/www.ull.es\/masteres\/ingenieria-informatica-y-ciberseguridad\/fr\/#website","url":"https:\/\/www.ull.es\/masteres\/ingenieria-informatica-y-ciberseguridad\/fr\/","name":"Double Master en Informatique et Cybers\u00e9curit\u00e9","description":"","potentialAction":[{"@type":"SearchAction","target":{"@type":"EntryPoint","urlTemplate":"https:\/\/www.ull.es\/masteres\/ingenieria-informatica-y-ciberseguridad\/fr\/?s={search_term_string}"},"query-input":{"@type":"PropertyValueSpecification","valueRequired":true,"valueName":"search_term_string"}}],"inLanguage":"fr-FR"}]}},"_links":{"self":[{"href":"https:\/\/www.ull.es\/masteres\/ingenieria-informatica-y-ciberseguridad\/fr\/wp-json\/wp\/v2\/pages\/227","targetHints":{"allow":["GET"]}}],"collection":[{"href":"https:\/\/www.ull.es\/masteres\/ingenieria-informatica-y-ciberseguridad\/fr\/wp-json\/wp\/v2\/pages"}],"about":[{"href":"https:\/\/www.ull.es\/masteres\/ingenieria-informatica-y-ciberseguridad\/fr\/wp-json\/wp\/v2\/types\/page"}],"author":[{"embeddable":true,"href":"https:\/\/www.ull.es\/masteres\/ingenieria-informatica-y-ciberseguridad\/fr\/wp-json\/wp\/v2\/users\/1"}],"replies":[{"embeddable":true,"href":"https:\/\/www.ull.es\/masteres\/ingenieria-informatica-y-ciberseguridad\/fr\/wp-json\/wp\/v2\/comments?post=227"}],"version-history":[{"count":12,"href":"https:\/\/www.ull.es\/masteres\/ingenieria-informatica-y-ciberseguridad\/fr\/wp-json\/wp\/v2\/pages\/227\/revisions"}],"predecessor-version":[{"id":728,"href":"https:\/\/www.ull.es\/masteres\/ingenieria-informatica-y-ciberseguridad\/fr\/wp-json\/wp\/v2\/pages\/227\/revisions\/728"}],"up":[{"embeddable":true,"href":"https:\/\/www.ull.es\/masteres\/ingenieria-informatica-y-ciberseguridad\/fr\/wp-json\/wp\/v2\/pages\/270"}],"wp:attachment":[{"href":"https:\/\/www.ull.es\/masteres\/ingenieria-informatica-y-ciberseguridad\/fr\/wp-json\/wp\/v2\/media?parent=227"}],"curies":[{"name":"wp","href":"https:\/\/api.w.org\/{rel}","templated":true}]}}