{"id":252,"date":"2017-07-11T12:30:00","date_gmt":"2017-07-11T12:30:00","guid":{"rendered":"http:\/\/www.ull.es\/masteres\/desarrollo-y-gestion-de-recursos-humanos\/?page_id=252"},"modified":"2020-01-09T10:26:24","modified_gmt":"2020-01-09T10:26:24","slug":"informacion-academica","status":"publish","type":"page","link":"https:\/\/www.ull.es\/masteres\/ingenieria-informatica\/fr\/informacion-academica\/","title":{"rendered":"Informations acad\u00e9miques"},"content":{"rendered":"<p>[vc_row][vc_column width=\u00bb2\/3&#8243;][vc_column_text]<\/p>\n<h1>Informaci\u00f3n acad\u00e9mica<\/h1>\n<p>[\/vc_column_text][vc_column_text]<\/p>\n<ul>\n<li><a href=\"http:\/\/www.ull.es\/masteres\/ingenieria-informatica\/informacion-academica\/descripcion-del-titulo\/\" target=\"_blank\" rel=\"noopener\">Descripci\u00f3n del t\u00edtulo<\/a><\/li>\n<li><a href=\"http:\/\/www.ull.es\/masteres\/ingenieria-informatica\/informacion-academica\/perfil-de-ingreso-y-egreso\/\" target=\"_blank\" rel=\"noopener\">Perfil de ingreso y egreso<\/a><\/li>\n<li><a href=\"http:\/\/www.ull.es\/masteres\/ingenieria-informatica\/informacion-academica\/acceso-admision-y-matricula\/\" target=\"_blank\" rel=\"noopener\">Acceso, admisi\u00f3n y matr\u00edcula<\/a><\/li>\n<li><a href=\"http:\/\/www.ull.es\/masteres\/ingenieria-informatica\/informacion-academica\/reconocimiento-y-transferencia-de-creditos\/\" target=\"_blank\" rel=\"noopener\">Reconocimiento y transferencia de cr\u00e9ditos<\/a><\/li>\n<li><a href=\"https:\/\/drive.google.com\/file\/d\/1O7sBrpCXaBydjs0pHnq7bYeJk7ZBF57R\/view?usp=sharing\" target=\"_blank\" rel=\"noopener\">Horarios y calendario de ex\u00e1menes<\/a><\/li>\n<li><a href=\"http:\/\/www.ull.es\/masteres\/ingenieria-informatica\/informacion-academica\/coordinacion-docente\/\" target=\"_blank\" rel=\"noopener\">Coordinaci\u00f3n docente<\/a><\/li>\n<li><a href=\"http:\/\/www.ull.es\/masteres\/ingenieria-informatica\/informacion-academica\/apoyo-y-orientacion\/\" target=\"_blank\" rel=\"noopener\">Apoyo y orientaci\u00f3n<\/a><\/li>\n<li><a href=\"http:\/\/www.ull.es\/masteres\/ingenieria-informatica\/informacion-academica\/movilidad\/\" target=\"_blank\" rel=\"noopener\">Movilidad<\/a><\/li>\n<li><a href=\"https:\/\/www.ull.es\/masteres\/ingenieria-informatica\/informacion-academica\/normativa-y-reglamentos\/\" target=\"_blank\" rel=\"noopener\">Normativa y reglamentos<\/a><\/li>\n<\/ul>\n<p>[\/vc_column_text][\/vc_column][vc_column width=\u00bb1\/3&#8243;][vc_column_text]\n<ul class=\"widget-box\">\n<li class='contacto-header'>Informaci\u00f3n de contacto<\/li><li><i class=\"fa fa-map-marker\"><\/i> Avda. Astrof\u00edsico Francisco S\u00e1nchez, SN. Edificio Calabaza \u2013 AN.2D Apdo. 456 38200 San Crist\u00f3bal de La Laguna<\/li><li><i class=\"fa fa-envelope\"><\/i>  <a href=mailto:masterii@ull.es>masterii@ull.es<\/a><\/li><li><i class=\"fa fa-archive\"><\/i><a href=\"https:\/\/sede.ull.es\/ecivilis-site\/catalog\/showProcedure\/484\"> Procedimiento para quejas, sugerencias y felicitaciones<\/a><\/li>\n<\/ul>\n\n[\/vc_column_text][\/vc_column][\/vc_row]<\/p>\n","protected":false},"excerpt":{"rendered":"<p>[vc_row][vc_column width=\u00bb2\/3&#8243;][vc_column_text] Informaci\u00f3n acad\u00e9mica [\/vc_column_text][vc_column_text] Descripci\u00f3n del t\u00edtulo Perfil de ingreso y egreso Acceso, admisi\u00f3n y matr\u00edcula Reconocimiento y transferencia de cr\u00e9ditos Horarios y calendario de ex\u00e1menes Coordinaci\u00f3n docente Apoyo y orientaci\u00f3n Movilidad Normativa y reglamentos [\/vc_column_text][\/vc_column][vc_column width=\u00bb1\/3&#8243;][vc_column_text][\/vc_column_text][\/vc_column][\/vc_row]<\/p>\n","protected":false},"author":1,"featured_media":0,"parent":0,"menu_order":0,"comment_status":"closed","ping_status":"closed","template":"","meta":{"footnotes":""},"class_list":["post-252","page","type-page","status-publish","hentry"],"yoast_head":"<!-- This site is optimized with the Yoast SEO plugin v27.2 - https:\/\/yoast.com\/product\/yoast-seo-wordpress\/ -->\n<title>Informaci\u00f3n Acad\u00e9mica - Ingenier\u00eda Inform\u00e1tica<\/title>\n<meta name=\"robots\" content=\"index, follow, max-snippet:-1, max-image-preview:large, max-video-preview:-1\" \/>\n<link rel=\"canonical\" href=\"https:\/\/www.ull.es\/masteres\/ingenieria-informatica\/fr\/informacion-academica\/\" \/>\n<meta property=\"og:locale\" content=\"fr_FR\" \/>\n<meta property=\"og:type\" content=\"article\" \/>\n<meta property=\"og:title\" content=\"Informaci\u00f3n Acad\u00e9mica - Ingenier\u00eda Inform\u00e1tica\" \/>\n<meta property=\"og:description\" content=\"[vc_row][vc_column width=\u00bb2\/3&#8243;][vc_column_text] Informaci\u00f3n acad\u00e9mica [\/vc_column_text][vc_column_text] Descripci\u00f3n del t\u00edtulo Perfil de ingreso y egreso Acceso, admisi\u00f3n y matr\u00edcula Reconocimiento y transferencia de cr\u00e9ditos Horarios y calendario de ex\u00e1menes Coordinaci\u00f3n docente Apoyo y orientaci\u00f3n Movilidad Normativa y reglamentos [\/vc_column_text][\/vc_column][vc_column width=\u00bb1\/3&#8243;][vc_column_text][\/vc_column_text][\/vc_column][\/vc_row]\" \/>\n<meta property=\"og:url\" content=\"https:\/\/www.ull.es\/masteres\/ingenieria-informatica\/fr\/informacion-academica\/\" \/>\n<meta property=\"og:site_name\" content=\"Ingenier\u00eda Inform\u00e1tica\" \/>\n<meta property=\"article:modified_time\" content=\"2020-01-09T10:26:24+00:00\" \/>\n<meta name=\"twitter:card\" content=\"summary_large_image\" \/>\n<script type=\"application\/ld+json\" class=\"yoast-schema-graph\">{\"@context\":\"https:\/\/schema.org\",\"@graph\":[{\"@type\":\"WebPage\",\"@id\":\"https:\/\/www.ull.es\/masteres\/ingenieria-informatica\/informacion-academica\/\",\"url\":\"https:\/\/www.ull.es\/masteres\/ingenieria-informatica\/informacion-academica\/\",\"name\":\"Informaci\u00f3n Acad\u00e9mica - Ingenier\u00eda Inform\u00e1tica\",\"isPartOf\":{\"@id\":\"https:\/\/www.ull.es\/masteres\/ingenieria-informatica\/fr\/#website\"},\"datePublished\":\"2017-07-11T12:30:00+00:00\",\"dateModified\":\"2020-01-09T10:26:24+00:00\",\"breadcrumb\":{\"@id\":\"https:\/\/www.ull.es\/masteres\/ingenieria-informatica\/informacion-academica\/#breadcrumb\"},\"inLanguage\":\"fr-FR\",\"potentialAction\":[{\"@type\":\"ReadAction\",\"target\":[\"https:\/\/www.ull.es\/masteres\/ingenieria-informatica\/informacion-academica\/\"]}]},{\"@type\":\"BreadcrumbList\",\"@id\":\"https:\/\/www.ull.es\/masteres\/ingenieria-informatica\/informacion-academica\/#breadcrumb\",\"itemListElement\":[{\"@type\":\"ListItem\",\"position\":1,\"name\":\"Portada\",\"item\":\"https:\/\/www.ull.es\/masteres\/ingenieria-informatica\/\"},{\"@type\":\"ListItem\",\"position\":2,\"name\":\"Informaci\u00f3n Acad\u00e9mica\"}]},{\"@type\":\"WebSite\",\"@id\":\"https:\/\/www.ull.es\/masteres\/ingenieria-informatica\/fr\/#website\",\"url\":\"https:\/\/www.ull.es\/masteres\/ingenieria-informatica\/fr\/\",\"name\":\"Ingenier\u00eda Inform\u00e1tica\",\"description\":\"\",\"potentialAction\":[{\"@type\":\"SearchAction\",\"target\":{\"@type\":\"EntryPoint\",\"urlTemplate\":\"https:\/\/www.ull.es\/masteres\/ingenieria-informatica\/fr\/?s={search_term_string}\"},\"query-input\":{\"@type\":\"PropertyValueSpecification\",\"valueRequired\":true,\"valueName\":\"search_term_string\"}}],\"inLanguage\":\"fr-FR\"}]}<\/script>\n<!-- \/ Yoast SEO plugin. -->","yoast_head_json":{"title":"Informations acad\u00e9miques - G\u00e9nie informatique","robots":{"index":"index","follow":"follow","max-snippet":"max-snippet:-1","max-image-preview":"max-image-preview:large","max-video-preview":"max-video-preview:-1"},"canonical":"https:\/\/www.ull.es\/masteres\/ingenieria-informatica\/fr\/informacion-academica\/","og_locale":"fr_FR","og_type":"article","og_title":"Informaci\u00f3n Acad\u00e9mica - Ingenier\u00eda Inform\u00e1tica","og_description":"[vc_row][vc_column width=\u00bb2\/3&#8243;][vc_column_text] Informaci\u00f3n acad\u00e9mica [\/vc_column_text][vc_column_text] Descripci\u00f3n del t\u00edtulo Perfil de ingreso y egreso Acceso, admisi\u00f3n y matr\u00edcula Reconocimiento y transferencia de cr\u00e9ditos Horarios y calendario de ex\u00e1menes Coordinaci\u00f3n docente Apoyo y orientaci\u00f3n Movilidad Normativa y reglamentos [\/vc_column_text][\/vc_column][vc_column width=\u00bb1\/3&#8243;][vc_column_text][\/vc_column_text][\/vc_column][\/vc_row]","og_url":"https:\/\/www.ull.es\/masteres\/ingenieria-informatica\/fr\/informacion-academica\/","og_site_name":"Ingenier\u00eda Inform\u00e1tica","article_modified_time":"2020-01-09T10:26:24+00:00","twitter_card":"summary_large_image","schema":{"@context":"https:\/\/schema.org","@graph":[{"@type":"WebPage","@id":"https:\/\/www.ull.es\/masteres\/ingenieria-informatica\/informacion-academica\/","url":"https:\/\/www.ull.es\/masteres\/ingenieria-informatica\/informacion-academica\/","name":"Informations acad\u00e9miques - G\u00e9nie informatique","isPartOf":{"@id":"https:\/\/www.ull.es\/masteres\/ingenieria-informatica\/fr\/#website"},"datePublished":"2017-07-11T12:30:00+00:00","dateModified":"2020-01-09T10:26:24+00:00","breadcrumb":{"@id":"https:\/\/www.ull.es\/masteres\/ingenieria-informatica\/informacion-academica\/#breadcrumb"},"inLanguage":"fr-FR","potentialAction":[{"@type":"ReadAction","target":["https:\/\/www.ull.es\/masteres\/ingenieria-informatica\/informacion-academica\/"]}]},{"@type":"BreadcrumbList","@id":"https:\/\/www.ull.es\/masteres\/ingenieria-informatica\/informacion-academica\/#breadcrumb","itemListElement":[{"@type":"ListItem","position":1,"name":"Portada","item":"https:\/\/www.ull.es\/masteres\/ingenieria-informatica\/"},{"@type":"ListItem","position":2,"name":"Informaci\u00f3n Acad\u00e9mica"}]},{"@type":"WebSite","@id":"https:\/\/www.ull.es\/masteres\/ingenieria-informatica\/fr\/#website","url":"https:\/\/www.ull.es\/masteres\/ingenieria-informatica\/fr\/","name":"G\u00e9nie informatique","description":"","potentialAction":[{"@type":"SearchAction","target":{"@type":"EntryPoint","urlTemplate":"https:\/\/www.ull.es\/masteres\/ingenieria-informatica\/fr\/?s={search_term_string}"},"query-input":{"@type":"PropertyValueSpecification","valueRequired":true,"valueName":"search_term_string"}}],"inLanguage":"fr-FR"}]}},"_links":{"self":[{"href":"https:\/\/www.ull.es\/masteres\/ingenieria-informatica\/fr\/wp-json\/wp\/v2\/pages\/252","targetHints":{"allow":["GET"]}}],"collection":[{"href":"https:\/\/www.ull.es\/masteres\/ingenieria-informatica\/fr\/wp-json\/wp\/v2\/pages"}],"about":[{"href":"https:\/\/www.ull.es\/masteres\/ingenieria-informatica\/fr\/wp-json\/wp\/v2\/types\/page"}],"author":[{"embeddable":true,"href":"https:\/\/www.ull.es\/masteres\/ingenieria-informatica\/fr\/wp-json\/wp\/v2\/users\/1"}],"replies":[{"embeddable":true,"href":"https:\/\/www.ull.es\/masteres\/ingenieria-informatica\/fr\/wp-json\/wp\/v2\/comments?post=252"}],"version-history":[{"count":5,"href":"https:\/\/www.ull.es\/masteres\/ingenieria-informatica\/fr\/wp-json\/wp\/v2\/pages\/252\/revisions"}],"predecessor-version":[{"id":700,"href":"https:\/\/www.ull.es\/masteres\/ingenieria-informatica\/fr\/wp-json\/wp\/v2\/pages\/252\/revisions\/700"}],"wp:attachment":[{"href":"https:\/\/www.ull.es\/masteres\/ingenieria-informatica\/fr\/wp-json\/wp\/v2\/media?parent=252"}],"curies":[{"name":"wp","href":"https:\/\/api.w.org\/{rel}","templated":true}]}}