{"id":30,"date":"2017-06-28T12:58:45","date_gmt":"2017-06-28T12:58:45","guid":{"rendered":"http:\/\/www.ull.es\/masteres\/desarrollo-y-gestion-de-recursos-humanos\/?page_id=30"},"modified":"2025-07-23T11:07:51","modified_gmt":"2025-07-23T11:07:51","slug":"perfil-de-ingreso-y-egreso","status":"publish","type":"page","link":"https:\/\/www.ull.es\/masteres\/innovacion-comunicativa-organizaciones\/en\/informacion-academica\/perfil-de-ingreso-y-egreso\/","title":{"rendered":"Admission and graduation profile"},"content":{"rendered":"\n<div class=\"wp-block-stackable-columns alignfull stk-block-columns stk-block stk-2314a6b\" data-block-id=\"2314a6b\"><style>.stk-2314a6b {padding-bottom:0px !important;margin-top:-100px !important;margin-bottom:0px !important;}<\/style><div class=\"stk-row stk-inner-blocks stk-block-content stk-content-align stk-2314a6b-column alignfull\">\n<div class=\"wp-block-stackable-column stk-block-column stk-column stk-block stk-1d1764d\" data-v=\"4\" data-block-id=\"1d1764d\"><div class=\"stk-column-wrapper stk-block-column__content stk-container stk-1d1764d-container stk--no-background stk--no-padding\"><div class=\"stk-block-content stk-inner-blocks stk-1d1764d-inner-blocks\"><style id=\"depicter-1-inline-pre-css\">\n\n.depicter-1:not(.depicter-ready){\n\theight:450px;\n}\n\n\/***** Tablet *****\/\n@media screen and (max-width: 1024px){\n\n.depicter-1:not(.depicter-ready){\n\theight:700px;\n}\n\n}\n\/***** Mobile *****\/\n@media screen and (max-width: 767px){\n\n.depicter-1:not(.depicter-ready){\n\theight:360px;\n}\n\n}\n<\/style>\n<div id=\"depicter-1\" class=\"depicter depicter-document depicter-revert depicter-1 depicter-layout-fullwidth\">\n\n<div class=\"depicter-loading-container depicter-loading dotFlashing-dark\"><div class=\"depicter-loading-dark depicter-dot-flashing\">\n   <span><\/span>\n   <span><\/span>\n   <span><\/span>\n<\/div>\n<\/div>\n<div id=\"depicter-1-section-1\" class=\"depicter-section depicter-1-section-1\" data-name=\"Section 1\" data-type=\"section\" data-local-id=\"section-1\">\n<picture class=\"depicter-bg\">\n<source data-depicter-srcset=\"https:\/\/www.ull.es\/masteres\/innovacion-comunicativa-organizaciones\/wp-content\/uploads\/sites\/53\/2025\/07\/Headers-Masteres_Innovacion-Comunicativa-de-las-Organizaciones-768x248.jpg, https:\/\/www.ull.es\/masteres\/innovacion-comunicativa-organizaciones\/wp-content\/uploads\/sites\/53\/2025\/07\/Headers-Masteres_Innovacion-Comunicativa-de-las-Organizaciones.jpg 2x\" srcset=\"data:image\/gif;base64,R0lGODlhAQABAIAAAAAAAP\/\/\/yH5BAEAAAAALAAAAAABAAEAAAIBRAA7\" media=\"(max-width: 1024px)\" \/>\n\n<source data-depicter-srcset=\"https:\/\/www.ull.es\/masteres\/innovacion-comunicativa-organizaciones\/wp-content\/uploads\/sites\/53\/2025\/07\/Headers-Masteres_Innovacion-Comunicativa-de-las-Organizaciones.jpg, https:\/\/www.ull.es\/masteres\/innovacion-comunicativa-organizaciones\/wp-content\/uploads\/sites\/53\/2025\/07\/Headers-Masteres_Innovacion-Comunicativa-de-las-Organizaciones-1280x413.jpg 2x\" srcset=\"data:image\/gif;base64,R0lGODlhAQABAIAAAAAAAP\/\/\/yH5BAEAAAAALAAAAAABAAEAAAIBRAA7\" media=\"(min-width: 1025px)\" \/>\n<img decoding=\"async\" src=\"data:image\/gif;base64,R0lGODlhAQABAIAAAAAAAP\/\/\/yH5BAEAAAAALAAAAAABAAEAAAIBRAA7\" data-ken-burns=\"false\" data-tablet-ken-burns=\"false\" data-mobile-ken-burns=\"false\" alt=\"\" data-depicter-src=\"https:\/\/www.ull.es\/masteres\/innovacion-comunicativa-organizaciones\/wp-content\/uploads\/sites\/53\/2025\/07\/Headers-Masteres_Innovacion-Comunicativa-de-las-Organizaciones.jpg\" data-object-fit=\"custom,custom,\" data-object-position=\"center top,,\" data-crop=\"{'focalPoint':{'x':0.5,'y':0.5},'mediaSize':{'width':1394.6731234866829254315234720706939697265625,'height':450}}\" data-tablet-crop=\"{'focalPoint':{'x':0.5,'y':0.5},'mediaSize':{'width':2169.4915254237284898408688604831695556640625,'height':700}}\" data-mobile-crop=\"{'focalPoint':{'x':0.65000000000000002220446049250313080847263336181640625,'y':0.5},'mediaSize':{'width':1394,'height':450}}\" \/>\n<\/picture>\n\n\n<h1 id=\"depicter-1-element-5\" class=\"depicter-element depicter-layer depicter-1-element-5\" data-type=\"text\" data-wrap=\"true\" data-name=\"Text 2\" data-local-id=\"element-5\" data-offset=\"x:0px;y:99px;origin:tl\" data-tablet-offset=\"x:196px;y:170px;origin:tl\" data-mobile-offset=\"x:-16px;y:60px;origin:tl\" data-width=\"1200px,633px,408px\" data-height=\"auto,auto,auto\" data-responsive-scale=\"true,,\">M\u00e1ster Universitario en Innovaci\u00f3n Comunicativa en las Organizaciones<br><\/h1>\n\n<div id=\"depicter-1-element-10\" class=\"depicter-element depicter-layer depicter-1-element-10\" data-type=\"shape\" data-wrap=\"true\" data-name=\"Shape 1\" data-local-id=\"element-10\" data-offset=\"x:0px;y:366px;origin:tl\" data-tablet-offset=\"x:196px;y:547px;origin:tl\" data-mobile-offset=\"x:-16px;y:313px;origin:tl\" data-width=\"1118px,647px,408px\" data-height=\"8px,8px,8px\" data-responsive-scale=\"true,,\"><\/div>\n<\/div>\n<\/div>\n<script>\n(window.depicterSetups = window.depicterSetups || []).push(function(){\n\tDepicter.basePath = 'https:\/\/www.ull.es\/masteres\/innovacion-comunicativa-organizaciones\/wp-content\/plugins\/depicter\/resources\/scripts\/player\/';\n\tconst dpPlayer = Depicter.setup('.depicter-1',\n\t\t{\"width\":[\"1200\",\"1024\",\"360\"],\"height\":[\"450\",\"700\",\"360\"],\"view\":\"basic\",\"keepAspectRatio\":true,\"preload\":0,\"layout\":\"fullwidth\",\"rtl\":false,\"initAfterAppear\":false,\"ajaxApiUrl\":\"https:\\\/\\\/www.ull.es\\\/masteres\\\/innovacion-comunicativa-organizaciones\\\/wp-admin\\\/admin-ajax.php\",\"mouseSwipe\":true,\"touchSwipe\":true,\"useWatermark\":false}\n\t);\n});\n<\/script><\/div><\/div><\/div>\n<\/div><\/div>\n\n\n\n<div class=\"wp-block-stackable-columns alignfull stk-block-columns stk--hide-mobile stk-block stk-6394276 stk-block-background\" data-block-id=\"6394276\"><style>.stk-6394276 {background-color:#fa6199 !important;padding-top:50px !important;padding-right:0px !important;padding-bottom:1px !important;padding-left:0px !important;margin-top:-40px !important;margin-bottom:0px !important;}.stk-6394276:before{background-color:#fa6199 !important;}<\/style><div class=\"stk-row stk-inner-blocks stk-block-content stk-content-align stk-6394276-column alignfull\">\n<div class=\"wp-block-stackable-column stk-block-column stk-column stk-block stk-8a66885\" data-v=\"4\" data-block-id=\"8a66885\"><div class=\"stk-column-wrapper stk-block-column__content stk-container stk-8a66885-container stk--no-background stk--no-padding\"><div class=\"stk-block-content stk-inner-blocks stk-8a66885-inner-blocks\">\n<div class=\"wp-block-stackable-spacer stk-block-spacer stk--no-padding stk-block stk-bc89b3e\" data-block-id=\"bc89b3e\"><style>.stk-bc89b3e {height:0px !important;}<\/style><\/div>\n<\/div><\/div><\/div>\n<\/div><\/div>\n\n\n\n<div class=\"wp-block-stackable-columns stk-block-columns stk-block stk-8b59b96\" data-block-id=\"8b59b96\"><style>.stk-8b59b96 .stk--block-align-8b59b96{align-items:flex-start !important;}.stk-8b59b96 {margin-top:50px !important;}.stk-8b59b96-column{--stk-columns-spacing:0px !important;--stk-column-gap:50px !important;}@media screen and (max-width: 767px){.stk-8b59b96-column{row-gap:var(--stk--preset--spacing--60, 2.25rem) !important;}}<\/style><div class=\"stk-row stk-inner-blocks stk--block-align-8b59b96 stk-block-content stk-content-align stk-8b59b96-column\">\n<div class=\"wp-block-stackable-column stk-block-column stk-column stk-block stk-dbb7e15\" data-v=\"4\" data-block-id=\"dbb7e15\"><style>@media screen and (min-width: 768px){.stk-dbb7e15 {flex:var(--stk-flex-grow, 1) 1 66.7% !important;}}<\/style><div class=\"stk-column-wrapper stk-block-column__content stk-container stk-dbb7e15-container stk--no-background stk--no-padding\"><div class=\"stk-block-content stk-inner-blocks stk-dbb7e15-inner-blocks\">\n<div class=\"wp-block-stackable-heading stk-block-heading stk-block-heading--v2 stk-block stk-cc0239e\" id=\"complementos-de-formacion\" data-block-id=\"cc0239e\"><style>.stk-cc0239e .stk-block-heading__text{color:#fa6199 !important;font-weight:500 !important;}<\/style><h1 class=\"stk-block-heading__text has-text-color\">Perfil de ingreso y egreso<\/h1><\/div>\n\n\n\n<div class=\"wp-block-stackable-heading stk-block-heading stk-block-heading--v2 stk-block stk-2a76251\" id=\"complementos-de-formacion\" data-block-id=\"2a76251\"><style>.stk-2a76251 .stk-block-heading__text{font-weight:700 !important;}<\/style><h3 class=\"stk-block-heading__text\">Perfil de ingreso<\/h3><\/div>\n\n\n\n<div class=\"wp-block-stackable-text stk-block-text stk-block stk-3310fbd\" data-block-id=\"3310fbd\"><p class=\"stk-block-text__text\">El perfil de ingreso son los conocimientos, habilidades y capacidades del alumnado que accede a la titulaci\u00f3n.<\/p><\/div>\n\n\n\n<ul class=\"wp-block-list\">\n<li>Se espera que los futuros estudiantes del M\u00e1ster Universitario en Innovaci\u00f3n Comunicativa en las Organizaciones tengan un inter\u00e9s especial hacia los cambios de paradigma comunicativo que han ocurrido en las \u00faltimas d\u00e9cadas y, en especial, hacia las transformaciones que esas innovaciones han generado en el \u00e1mbito de la comunicaci\u00f3n organizacional y pol\u00edtica. Por tanto, es deseable que el estudiantado de nuevo ingreso est\u00e9 compuesto por personas que sientan fascinaci\u00f3n hacia la innovaci\u00f3n, que sean creativas y proactivas, pues se espera del alumnado no solo que aprenda a diagnosticar la situaci\u00f3n comunicativa de una organizaci\u00f3n, planificarla y gestionarla, sino que sea capaz de indagar novedosas estrategias y de concebir in\u00e9ditas ideas para que esa organizaci\u00f3n gane notoriedad, mantenga su cohesi\u00f3n interna y consolide la fidelidad de clientes y p\u00fablicos, todo ello en un mundo globalizado que se encuentra en una vertiginosa, constante y cada vez m\u00e1s r\u00e1pida transformaci\u00f3n.<\/li>\n\n\n\n<li>Adem\u00e1s de estas caracter\u00edsticas, el perfil de ingreso recomendado en este M\u00e1ster incluye un conocimiento b\u00e1sico acerca de la situaci\u00f3n social, pol\u00edtica y econ\u00f3mica actual del mundo y del entorno m\u00e1s pr\u00f3ximo, as\u00ed como una noci\u00f3n elemental de los acontecimientos que est\u00e1n marcando la actualidad informativa. Una buena redacci\u00f3n, una correcta ortograf\u00eda y un h\u00e1bito de lectura frecuente tambi\u00e9n son rasgos que de manera deseable debe poseer el futuro alumnado de este M\u00e1ster. Las habilidades relacionadas con la creaci\u00f3n de mensajes audiovisuales y multimedia tambi\u00e9n son valoradas como positivas, aunque no son prescriptivas para el ingreso del alumnado, puesto que este m\u00e1ster contempla la formaci\u00f3n suficiente en estos \u00e1mbitos para el estudiantado que procede de titulaciones distintas a las que est\u00e1n relacionadas con la Comunicaci\u00f3n.<\/li>\n\n\n\n<li>Al M\u00e1ster Universitario en Innovaci\u00f3n Comunicativa en las Organizaciones se puede acceder desde cualquier Diplomatura, Licenciatura o Grado, aunque tendr\u00e1n preferencia aquellas pertenecientes a la rama de Ciencias Sociales y Jur\u00eddicas. Dicha preferencia est\u00e1 valorada con 2 puntos en el correspondiente baremo de acceso a la titulaci\u00f3n, lo cual significa que los egresados de otras titulaciones pueden acceder a este m\u00e1ster si llegan a la puntuaci\u00f3n m\u00ednima exigida en el baremo con los dem\u00e1s m\u00e9ritos contemplados en este.<\/li>\n<\/ul>\n\n\n\n<div class=\"wp-block-stackable-heading stk-block-heading stk-block-heading--v2 stk-block stk-0d06bba\" id=\"complementos-de-formacion\" data-block-id=\"0d06bba\"><style>.stk-0d06bba .stk-block-heading__text{font-weight:700 !important;}<\/style><h3 class=\"stk-block-heading__text\">Perfil de egreso<\/h3><\/div>\n\n\n\n<div class=\"wp-block-stackable-text stk-block-text stk-block stk-f79739a\" data-block-id=\"f79739a\"><p class=\"stk-block-text__text\">El perfil de egreso son las capacidades, los conocimientos y habilidades que debe haber adquirido el estudiante al finalizar la titulaci\u00f3n. Esta informaci\u00f3n se recoge en el apartado de competencias\/resultados de aprendizaje definidos para el t\u00edtulo.<\/p><\/div>\n\n\n\n<ul class=\"wp-block-list\">\n<li>El r\u00e1pido desarrollo tecnol\u00f3gico de la \u00faltima d\u00e9cada ha revolucionado profundamente el campo profesional de la comunicaci\u00f3n con modificaciones no s\u00f3lo de forma, sino tambi\u00e9n de fondo y que afectan directamente a la manera de hacer y de concebir la gesti\u00f3n estrat\u00e9gica de la comunicaci\u00f3n p\u00fablica y corporativa. Este cambio de modelo tan veloz exige a los expertos del sector la puesta en marcha de nuevas y diversas acciones basadas en t\u00e1cticas m\u00e1s innovadoras y competitivas que contribuyan con una mejor comprensi\u00f3n de los procesos de toma de decisiones y la gesti\u00f3n de intangibles. Ganar notoriedad, mantener el aprecio y la fidelidad de los p\u00fablicos y transmitir el valor de marca que se pretende consolidar en un mundo globalizado y totalmente dominado por los medios sociales, requiere el desarrollo de conocimientos de comunicaci\u00f3n integrales, m\u00e1s cercanos y orientados a respetar la experiencia que el p\u00fablico ya tiene como int\u00e9rprete y productor de informaci\u00f3n en esta era digital. El M\u00e1ster Universitario en Innovaci\u00f3n Comunicativa en las Organizaciones pretende responder a esta demanda de profesionales especializados en los campos relacionados con la gesti\u00f3n estrat\u00e9gica de la comunicaci\u00f3n tanto p\u00fablica como en la empresa, desde una perspectiva global y tambi\u00e9n para quienes ya tienen experiencia previa y quieren actualizarse y profundizar en la materia.<\/li>\n\n\n\n<li>Los egresados de esta titulaci\u00f3n podr\u00e1n trabajar como DIRCOM en grandes, medianas y peque\u00f1as empresas, as\u00ed como de agencias de comunicaci\u00f3n y\/o publicidad, gabinetes de prensa, agencias de RRPP; como planificadores de medios, anunciantes y agencias de branding; responsables de branding, cuentas y anunciantes; analistas estrat\u00e9gicos de reputaci\u00f3n para agencias de RRPP y consultoras pol\u00edticas; direcci\u00f3n de proyectos de innovaci\u00f3n en comunicaci\u00f3n para agencias de RRPP, organizaciones no gubernamentales, partidos pol\u00edticos, administraci\u00f3n p\u00fablica y empresas; gesti\u00f3n de contenidos digitales, marcas y productos y organizaci\u00f3n de eventos.<\/li>\n<\/ul>\n<\/div><\/div><\/div>\n\n\n\n<div class=\"wp-block-stackable-column stk-block-column stk-column stk-block stk-53ec762\" data-v=\"4\" data-block-id=\"53ec762\"><style>.stk-53ec762-inner-blocks{row-gap:0px !important;}.stk-53ec762 {padding-top:0px !important;padding-right:0px !important;padding-bottom:0px !important;padding-left:0px !important;}@media screen and (min-width: 768px){.stk-53ec762 {flex:var(--stk-flex-grow, 1) 1 33.3% !important;}}<\/style><div class=\"stk-column-wrapper stk-block-column__content stk-container stk-53ec762-container stk--no-background stk--no-padding\"><div class=\"stk-block-content stk-inner-blocks stk-53ec762-inner-blocks\">\n\n<ul class=\"widget-box\">\n<li class='contacto-header'>Informaci\u00f3n de contacto<\/li><li><i class=\"fa fa-map-marker\"><\/i> Facultad de Ciencias Sociales y de la Comunicaci\u00f3n.  Edificio de La Pir\u00e1mide\"<\/li><li><i class=\"fa fa-envelope\"><\/i>  <a href=mailto:master.incom@ull.es>master.incom@ull.es<\/a><\/li><li><i class=\"fa fa-archive\"><\/i><a href=\"https:\/\/sede.ull.es\/ecivilis-site\/catalog\/showProcedure\/484\"> Procedimiento para quejas, sugerencias y felicitaciones<\/a><\/li>\n<\/ul>\n\n\n<\/div><\/div><\/div>\n<\/div><\/div>\n","protected":false},"excerpt":{"rendered":"<p>Admission and Graduation Profiles Admission Profiles The admission profiles represent the knowledge, skills, and abilities of students entering the degree. Graduation Profiles The graduation profiles represent the abilities, knowledge, and skills that students must have acquired upon completing the degree. This information is collected in the\u2026<\/p>","protected":false},"author":1,"featured_media":0,"parent":252,"menu_order":1,"comment_status":"closed","ping_status":"closed","template":"templates\/template-frontpage.php","meta":{"footnotes":""},"class_list":["post-30","page","type-page","status-publish","hentry"],"yoast_head":"<!-- This site is optimized with the Yoast SEO plugin v27.3 - https:\/\/yoast.com\/product\/yoast-seo-wordpress\/ -->\n<title>Perfil de ingreso y egreso - M\u00e1ster Universitario en Innovaci\u00f3n Comunicativa en las Organizaciones<\/title>\n<meta name=\"robots\" content=\"index, follow, max-snippet:-1, max-image-preview:large, max-video-preview:-1\" \/>\n<link rel=\"canonical\" href=\"https:\/\/www.ull.es\/masteres\/innovacion-comunicativa-organizaciones\/en\/informacion-academica\/perfil-de-ingreso-y-egreso\/\" \/>\n<meta property=\"og:locale\" content=\"en_GB\" \/>\n<meta property=\"og:type\" content=\"article\" \/>\n<meta property=\"og:title\" content=\"Perfil de ingreso y egreso - M\u00e1ster Universitario en Innovaci\u00f3n Comunicativa en las Organizaciones\" \/>\n<meta property=\"og:description\" content=\"Perfil de ingreso y egreso Perfil de ingreso El perfil de ingreso son los conocimientos, habilidades y capacidades del alumnado que accede a la titulaci\u00f3n. Perfil de egreso El perfil de egreso son las capacidades, los conocimientos y habilidades que debe haber adquirido el estudiante al finalizar la titulaci\u00f3n. Esta informaci\u00f3n se recoge en el...\" \/>\n<meta property=\"og:url\" content=\"https:\/\/www.ull.es\/masteres\/innovacion-comunicativa-organizaciones\/en\/informacion-academica\/perfil-de-ingreso-y-egreso\/\" \/>\n<meta property=\"og:site_name\" content=\"M\u00e1ster Universitario en Innovaci\u00f3n Comunicativa en las Organizaciones\" \/>\n<meta property=\"article:modified_time\" content=\"2025-07-23T11:07:51+00:00\" \/>\n<meta name=\"twitter:card\" content=\"summary_large_image\" \/>\n<meta name=\"twitter:label1\" content=\"Estimated reading time\" \/>\n\t<meta name=\"twitter:data1\" content=\"4 minutes\" \/>\n<script type=\"application\/ld+json\" class=\"yoast-schema-graph\">{\"@context\":\"https:\\\/\\\/schema.org\",\"@graph\":[{\"@type\":\"WebPage\",\"@id\":\"https:\\\/\\\/www.ull.es\\\/masteres\\\/innovacion-comunicativa-organizaciones\\\/en\\\/informacion-academica\\\/perfil-de-ingreso-y-egreso\\\/\",\"url\":\"https:\\\/\\\/www.ull.es\\\/masteres\\\/innovacion-comunicativa-organizaciones\\\/en\\\/informacion-academica\\\/perfil-de-ingreso-y-egreso\\\/\",\"name\":\"Perfil de ingreso y egreso - M\u00e1ster Universitario en Innovaci\u00f3n Comunicativa en las Organizaciones\",\"isPartOf\":{\"@id\":\"https:\\\/\\\/www.ull.es\\\/masteres\\\/innovacion-comunicativa-organizaciones\\\/#website\"},\"datePublished\":\"2017-06-28T12:58:45+00:00\",\"dateModified\":\"2025-07-23T11:07:51+00:00\",\"breadcrumb\":{\"@id\":\"https:\\\/\\\/www.ull.es\\\/masteres\\\/innovacion-comunicativa-organizaciones\\\/en\\\/informacion-academica\\\/perfil-de-ingreso-y-egreso\\\/#breadcrumb\"},\"inLanguage\":\"en-GB\",\"potentialAction\":[{\"@type\":\"ReadAction\",\"target\":[\"https:\\\/\\\/www.ull.es\\\/masteres\\\/innovacion-comunicativa-organizaciones\\\/en\\\/informacion-academica\\\/perfil-de-ingreso-y-egreso\\\/\"]}]},{\"@type\":\"BreadcrumbList\",\"@id\":\"https:\\\/\\\/www.ull.es\\\/masteres\\\/innovacion-comunicativa-organizaciones\\\/en\\\/informacion-academica\\\/perfil-de-ingreso-y-egreso\\\/#breadcrumb\",\"itemListElement\":[{\"@type\":\"ListItem\",\"position\":1,\"name\":\"Portada\",\"item\":\"https:\\\/\\\/www.ull.es\\\/masteres\\\/innovacion-comunicativa-organizaciones\\\/\"},{\"@type\":\"ListItem\",\"position\":2,\"name\":\"Informaci\u00f3n Acad\u00e9mica\",\"item\":\"https:\\\/\\\/www.ull.es\\\/masteres\\\/innovacion-comunicativa-organizaciones\\\/informacion-academica\\\/\"},{\"@type\":\"ListItem\",\"position\":3,\"name\":\"Perfil de ingreso y egreso\"}]},{\"@type\":\"WebSite\",\"@id\":\"https:\\\/\\\/www.ull.es\\\/masteres\\\/innovacion-comunicativa-organizaciones\\\/#website\",\"url\":\"https:\\\/\\\/www.ull.es\\\/masteres\\\/innovacion-comunicativa-organizaciones\\\/\",\"name\":\"M\u00e1ster Universitario en Innovaci\u00f3n Comunicativa en las Organizaciones\",\"description\":\"\",\"potentialAction\":[{\"@type\":\"SearchAction\",\"target\":{\"@type\":\"EntryPoint\",\"urlTemplate\":\"https:\\\/\\\/www.ull.es\\\/masteres\\\/innovacion-comunicativa-organizaciones\\\/?s={search_term_string}\"},\"query-input\":{\"@type\":\"PropertyValueSpecification\",\"valueRequired\":true,\"valueName\":\"search_term_string\"}}],\"inLanguage\":\"en-GB\"}]}<\/script>\n<!-- \/ Yoast SEO plugin. -->","yoast_head_json":{"title":"Admission and graduation profile - Master&#039;s Degree in Communicative Innovation in Organizations","robots":{"index":"index","follow":"follow","max-snippet":"max-snippet:-1","max-image-preview":"max-image-preview:large","max-video-preview":"max-video-preview:-1"},"canonical":"https:\/\/www.ull.es\/masteres\/innovacion-comunicativa-organizaciones\/en\/informacion-academica\/perfil-de-ingreso-y-egreso\/","og_locale":"en_GB","og_type":"article","og_title":"Perfil de ingreso y egreso - M\u00e1ster Universitario en Innovaci\u00f3n Comunicativa en las Organizaciones","og_description":"Perfil de ingreso y egreso Perfil de ingreso El perfil de ingreso son los conocimientos, habilidades y capacidades del alumnado que accede a la titulaci\u00f3n. Perfil de egreso El perfil de egreso son las capacidades, los conocimientos y habilidades que debe haber adquirido el estudiante al finalizar la titulaci\u00f3n. Esta informaci\u00f3n se recoge en el...","og_url":"https:\/\/www.ull.es\/masteres\/innovacion-comunicativa-organizaciones\/en\/informacion-academica\/perfil-de-ingreso-y-egreso\/","og_site_name":"M\u00e1ster Universitario en Innovaci\u00f3n Comunicativa en las Organizaciones","article_modified_time":"2025-07-23T11:07:51+00:00","twitter_card":"summary_large_image","twitter_misc":{"Estimated reading time":"4 minutes"},"schema":{"@context":"https:\/\/schema.org","@graph":[{"@type":"WebPage","@id":"https:\/\/www.ull.es\/masteres\/innovacion-comunicativa-organizaciones\/en\/informacion-academica\/perfil-de-ingreso-y-egreso\/","url":"https:\/\/www.ull.es\/masteres\/innovacion-comunicativa-organizaciones\/en\/informacion-academica\/perfil-de-ingreso-y-egreso\/","name":"Admission and graduation profile - Master&#039;s Degree in Communicative Innovation in Organizations","isPartOf":{"@id":"https:\/\/www.ull.es\/masteres\/innovacion-comunicativa-organizaciones\/#website"},"datePublished":"2017-06-28T12:58:45+00:00","dateModified":"2025-07-23T11:07:51+00:00","breadcrumb":{"@id":"https:\/\/www.ull.es\/masteres\/innovacion-comunicativa-organizaciones\/en\/informacion-academica\/perfil-de-ingreso-y-egreso\/#breadcrumb"},"inLanguage":"en-GB","potentialAction":[{"@type":"ReadAction","target":["https:\/\/www.ull.es\/masteres\/innovacion-comunicativa-organizaciones\/en\/informacion-academica\/perfil-de-ingreso-y-egreso\/"]}]},{"@type":"BreadcrumbList","@id":"https:\/\/www.ull.es\/masteres\/innovacion-comunicativa-organizaciones\/en\/informacion-academica\/perfil-de-ingreso-y-egreso\/#breadcrumb","itemListElement":[{"@type":"ListItem","position":1,"name":"Portada","item":"https:\/\/www.ull.es\/masteres\/innovacion-comunicativa-organizaciones\/"},{"@type":"ListItem","position":2,"name":"Informaci\u00f3n Acad\u00e9mica","item":"https:\/\/www.ull.es\/masteres\/innovacion-comunicativa-organizaciones\/informacion-academica\/"},{"@type":"ListItem","position":3,"name":"Perfil de ingreso y egreso"}]},{"@type":"WebSite","@id":"https:\/\/www.ull.es\/masteres\/innovacion-comunicativa-organizaciones\/#website","url":"https:\/\/www.ull.es\/masteres\/innovacion-comunicativa-organizaciones\/","name":"Master&#039;s Degree in Communicative Innovation in Organizations","description":"","potentialAction":[{"@type":"SearchAction","target":{"@type":"EntryPoint","urlTemplate":"https:\/\/www.ull.es\/masteres\/innovacion-comunicativa-organizaciones\/?s={search_term_string}"},"query-input":{"@type":"PropertyValueSpecification","valueRequired":true,"valueName":"search_term_string"}}],"inLanguage":"en-GB"}]}},"_links":{"self":[{"href":"https:\/\/www.ull.es\/masteres\/innovacion-comunicativa-organizaciones\/en\/wp-json\/wp\/v2\/pages\/30","targetHints":{"allow":["GET"]}}],"collection":[{"href":"https:\/\/www.ull.es\/masteres\/innovacion-comunicativa-organizaciones\/en\/wp-json\/wp\/v2\/pages"}],"about":[{"href":"https:\/\/www.ull.es\/masteres\/innovacion-comunicativa-organizaciones\/en\/wp-json\/wp\/v2\/types\/page"}],"author":[{"embeddable":true,"href":"https:\/\/www.ull.es\/masteres\/innovacion-comunicativa-organizaciones\/en\/wp-json\/wp\/v2\/users\/1"}],"replies":[{"embeddable":true,"href":"https:\/\/www.ull.es\/masteres\/innovacion-comunicativa-organizaciones\/en\/wp-json\/wp\/v2\/comments?post=30"}],"version-history":[{"count":13,"href":"https:\/\/www.ull.es\/masteres\/innovacion-comunicativa-organizaciones\/en\/wp-json\/wp\/v2\/pages\/30\/revisions"}],"predecessor-version":[{"id":946,"href":"https:\/\/www.ull.es\/masteres\/innovacion-comunicativa-organizaciones\/en\/wp-json\/wp\/v2\/pages\/30\/revisions\/946"}],"up":[{"embeddable":true,"href":"https:\/\/www.ull.es\/masteres\/innovacion-comunicativa-organizaciones\/en\/wp-json\/wp\/v2\/pages\/252"}],"wp:attachment":[{"href":"https:\/\/www.ull.es\/masteres\/innovacion-comunicativa-organizaciones\/en\/wp-json\/wp\/v2\/media?parent=30"}],"curies":[{"name":"wp","href":"https:\/\/api.w.org\/{rel}","templated":true}]}}