{"id":656,"date":"2018-06-21T11:11:11","date_gmt":"2018-06-21T11:11:11","guid":{"rendered":"http:\/\/www.ull.es\/masteres\/innovacion-comunicativa-organizaciones\/?page_id=656"},"modified":"2019-06-03T07:46:19","modified_gmt":"2019-06-03T07:46:19","slug":"justificacion-titulo","status":"publish","type":"page","link":"https:\/\/www.ull.es\/masteres\/innovacion-comunicativa-organizaciones\/justificacion-titulo\/","title":{"rendered":"Justificaci\u00f3n del T\u00edtulo"},"content":{"rendered":"<p>[vc_row][vc_column][vc_column_text]<\/p>\n<h1>Justificaci\u00f3n del t\u00edtulo<\/h1>\n<p>El M\u00e1ster Universitario en Innovaci\u00f3n Comunicativa en las Organizaciones propone abordar las diversas f\u00f3rmulas participativas que esta nueva etapa comunicacional insta a desarrollar, y reflexiona sobre la experiencia acad\u00e9mica existente, combin\u00e1ndola con los estudios de caso de diversas entidades p\u00fablicas y privadas que han implementado estas nuevas formas de trabajo en t\u00e9rminos profesionalizantes y t\u00e9cnico-digitales. La titulaci\u00f3n est\u00e1 destinada adem\u00e1s, a un tiempo, a especializar en los campos relacionados con la gesti\u00f3n estrat\u00e9gica de la comunicaci\u00f3n, tanto p\u00fablica como en la empresa, y tambi\u00e9n a ofrecer contenidos actualizados a quienes ya tienen experiencia previa y desean y profundizar en la materia.<\/p>\n<p>Estos contenidos, organizados en m\u00f3dulos te\u00f3ricos y pr\u00e1cticos con asignaturas bien definidas, est\u00e1n proyectados sobre la necesidad de fortalecer todos los mecanismos de comunicaci\u00f3n, en competencia y eficacia, convirtiendo en objeto de an\u00e1lisis tanto las estructuras de comunicaci\u00f3n que se dan en las empresas privadas y en diferentes instituciones p\u00fablicas, como aquellas que tienen lugar en la misma sociedad, repercutiendo, en \u00faltima instancia, en la comprensi\u00f3n de ambas y en la construcci\u00f3n de una vida comunitaria de calidad.<\/p>\n<p>Con la impartici\u00f3n del presente M\u00e1ster Universitario en Innovaci\u00f3n Comunicativa en las Organizaciones, la Escuela de Doctorado y Estudios de Posgrado de la Universidad de La Laguna pretende dar respuesta a las demandas detectadas, tras una serie de estudios realizados a lo largo del curso acad\u00e9mico 2014\/2015, y en parte del 2015\/2016, en los \u00e1mbitos acad\u00e9mico e investigador de las Islas Canarias y en los entornos exteriores directamente relacionados con \u00e9stas (Latinoam\u00e9rica y pa\u00edses africanos m\u00e1s cercanos), por la Comisi\u00f3n T\u00e9cnica del Departamento y de la Facultad de la citada Universidad, presidida por la Dra. Carmen Rodr\u00edguez Wang\u00fcemert.[\/vc_column_text][\/vc_column][\/vc_row]<\/p>\n","protected":false},"excerpt":{"rendered":"<p>[vc_row][vc_column][vc_column_text] Justificaci\u00f3n del t\u00edtulo El M\u00e1ster Universitario en Innovaci\u00f3n Comunicativa en las Organizaciones propone abordar las diversas f\u00f3rmulas participativas que esta nueva etapa comunicacional insta a desarrollar, y reflexiona sobre la experiencia acad\u00e9mica existente, combin\u00e1ndola con los estudios de caso de diversas entidades p\u00fablicas y privadas que han implementado estas nuevas formas de trabajo en&#8230;<\/p>\n","protected":false},"author":4,"featured_media":0,"parent":0,"menu_order":0,"comment_status":"closed","ping_status":"closed","template":"","meta":{"footnotes":""},"class_list":["post-656","page","type-page","status-publish","hentry"],"yoast_head":"<!-- This site is optimized with the Yoast SEO plugin v27.3 - https:\/\/yoast.com\/product\/yoast-seo-wordpress\/ -->\n<title>Justificaci\u00f3n del T\u00edtulo - M\u00e1ster Universitario en Innovaci\u00f3n Comunicativa en las Organizaciones<\/title>\n<meta name=\"robots\" content=\"index, follow, max-snippet:-1, max-image-preview:large, max-video-preview:-1\" \/>\n<link rel=\"canonical\" href=\"https:\/\/www.ull.es\/masteres\/innovacion-comunicativa-organizaciones\/justificacion-titulo\/\" \/>\n<meta property=\"og:locale\" content=\"es_ES\" \/>\n<meta property=\"og:type\" content=\"article\" \/>\n<meta property=\"og:title\" content=\"Justificaci\u00f3n del T\u00edtulo - M\u00e1ster Universitario en Innovaci\u00f3n Comunicativa en las Organizaciones\" \/>\n<meta property=\"og:description\" content=\"[vc_row][vc_column][vc_column_text] Justificaci\u00f3n del t\u00edtulo El M\u00e1ster Universitario en Innovaci\u00f3n Comunicativa en las Organizaciones propone abordar las diversas f\u00f3rmulas participativas que esta nueva etapa comunicacional insta a desarrollar, y reflexiona sobre la experiencia acad\u00e9mica existente, combin\u00e1ndola con los estudios de caso de diversas entidades p\u00fablicas y privadas que han implementado estas nuevas formas de trabajo en...\" \/>\n<meta property=\"og:url\" content=\"https:\/\/www.ull.es\/masteres\/innovacion-comunicativa-organizaciones\/justificacion-titulo\/\" \/>\n<meta property=\"og:site_name\" content=\"M\u00e1ster Universitario en Innovaci\u00f3n Comunicativa en las Organizaciones\" \/>\n<meta property=\"article:modified_time\" content=\"2019-06-03T07:46:19+00:00\" \/>\n<meta name=\"twitter:card\" content=\"summary_large_image\" \/>\n<meta name=\"twitter:label1\" content=\"Tiempo de lectura\" \/>\n\t<meta name=\"twitter:data1\" content=\"2 minutos\" \/>\n<script type=\"application\/ld+json\" class=\"yoast-schema-graph\">{\"@context\":\"https:\\\/\\\/schema.org\",\"@graph\":[{\"@type\":\"WebPage\",\"@id\":\"https:\\\/\\\/www.ull.es\\\/masteres\\\/innovacion-comunicativa-organizaciones\\\/justificacion-titulo\\\/\",\"url\":\"https:\\\/\\\/www.ull.es\\\/masteres\\\/innovacion-comunicativa-organizaciones\\\/justificacion-titulo\\\/\",\"name\":\"Justificaci\u00f3n del T\u00edtulo - M\u00e1ster Universitario en Innovaci\u00f3n Comunicativa en las Organizaciones\",\"isPartOf\":{\"@id\":\"https:\\\/\\\/www.ull.es\\\/masteres\\\/innovacion-comunicativa-organizaciones\\\/#website\"},\"datePublished\":\"2018-06-21T11:11:11+00:00\",\"dateModified\":\"2019-06-03T07:46:19+00:00\",\"breadcrumb\":{\"@id\":\"https:\\\/\\\/www.ull.es\\\/masteres\\\/innovacion-comunicativa-organizaciones\\\/justificacion-titulo\\\/#breadcrumb\"},\"inLanguage\":\"es\",\"potentialAction\":[{\"@type\":\"ReadAction\",\"target\":[\"https:\\\/\\\/www.ull.es\\\/masteres\\\/innovacion-comunicativa-organizaciones\\\/justificacion-titulo\\\/\"]}]},{\"@type\":\"BreadcrumbList\",\"@id\":\"https:\\\/\\\/www.ull.es\\\/masteres\\\/innovacion-comunicativa-organizaciones\\\/justificacion-titulo\\\/#breadcrumb\",\"itemListElement\":[{\"@type\":\"ListItem\",\"position\":1,\"name\":\"Portada\",\"item\":\"https:\\\/\\\/www.ull.es\\\/masteres\\\/innovacion-comunicativa-organizaciones\\\/\"},{\"@type\":\"ListItem\",\"position\":2,\"name\":\"Justificaci\u00f3n del T\u00edtulo\"}]},{\"@type\":\"WebSite\",\"@id\":\"https:\\\/\\\/www.ull.es\\\/masteres\\\/innovacion-comunicativa-organizaciones\\\/#website\",\"url\":\"https:\\\/\\\/www.ull.es\\\/masteres\\\/innovacion-comunicativa-organizaciones\\\/\",\"name\":\"M\u00e1ster Universitario en Innovaci\u00f3n Comunicativa en las Organizaciones\",\"description\":\"\",\"potentialAction\":[{\"@type\":\"SearchAction\",\"target\":{\"@type\":\"EntryPoint\",\"urlTemplate\":\"https:\\\/\\\/www.ull.es\\\/masteres\\\/innovacion-comunicativa-organizaciones\\\/?s={search_term_string}\"},\"query-input\":{\"@type\":\"PropertyValueSpecification\",\"valueRequired\":true,\"valueName\":\"search_term_string\"}}],\"inLanguage\":\"es\"}]}<\/script>\n<!-- \/ Yoast SEO plugin. -->","yoast_head_json":{"title":"Justificaci\u00f3n del T\u00edtulo - M\u00e1ster Universitario en Innovaci\u00f3n Comunicativa en las Organizaciones","robots":{"index":"index","follow":"follow","max-snippet":"max-snippet:-1","max-image-preview":"max-image-preview:large","max-video-preview":"max-video-preview:-1"},"canonical":"https:\/\/www.ull.es\/masteres\/innovacion-comunicativa-organizaciones\/justificacion-titulo\/","og_locale":"es_ES","og_type":"article","og_title":"Justificaci\u00f3n del T\u00edtulo - M\u00e1ster Universitario en Innovaci\u00f3n Comunicativa en las Organizaciones","og_description":"[vc_row][vc_column][vc_column_text] Justificaci\u00f3n del t\u00edtulo El M\u00e1ster Universitario en Innovaci\u00f3n Comunicativa en las Organizaciones propone abordar las diversas f\u00f3rmulas participativas que esta nueva etapa comunicacional insta a desarrollar, y reflexiona sobre la experiencia acad\u00e9mica existente, combin\u00e1ndola con los estudios de caso de diversas entidades p\u00fablicas y privadas que han implementado estas nuevas formas de trabajo en...","og_url":"https:\/\/www.ull.es\/masteres\/innovacion-comunicativa-organizaciones\/justificacion-titulo\/","og_site_name":"M\u00e1ster Universitario en Innovaci\u00f3n Comunicativa en las Organizaciones","article_modified_time":"2019-06-03T07:46:19+00:00","twitter_card":"summary_large_image","twitter_misc":{"Tiempo de lectura":"2 minutos"},"schema":{"@context":"https:\/\/schema.org","@graph":[{"@type":"WebPage","@id":"https:\/\/www.ull.es\/masteres\/innovacion-comunicativa-organizaciones\/justificacion-titulo\/","url":"https:\/\/www.ull.es\/masteres\/innovacion-comunicativa-organizaciones\/justificacion-titulo\/","name":"Justificaci\u00f3n del T\u00edtulo - M\u00e1ster Universitario en Innovaci\u00f3n Comunicativa en las Organizaciones","isPartOf":{"@id":"https:\/\/www.ull.es\/masteres\/innovacion-comunicativa-organizaciones\/#website"},"datePublished":"2018-06-21T11:11:11+00:00","dateModified":"2019-06-03T07:46:19+00:00","breadcrumb":{"@id":"https:\/\/www.ull.es\/masteres\/innovacion-comunicativa-organizaciones\/justificacion-titulo\/#breadcrumb"},"inLanguage":"es","potentialAction":[{"@type":"ReadAction","target":["https:\/\/www.ull.es\/masteres\/innovacion-comunicativa-organizaciones\/justificacion-titulo\/"]}]},{"@type":"BreadcrumbList","@id":"https:\/\/www.ull.es\/masteres\/innovacion-comunicativa-organizaciones\/justificacion-titulo\/#breadcrumb","itemListElement":[{"@type":"ListItem","position":1,"name":"Portada","item":"https:\/\/www.ull.es\/masteres\/innovacion-comunicativa-organizaciones\/"},{"@type":"ListItem","position":2,"name":"Justificaci\u00f3n del T\u00edtulo"}]},{"@type":"WebSite","@id":"https:\/\/www.ull.es\/masteres\/innovacion-comunicativa-organizaciones\/#website","url":"https:\/\/www.ull.es\/masteres\/innovacion-comunicativa-organizaciones\/","name":"M\u00e1ster Universitario en Innovaci\u00f3n Comunicativa en las Organizaciones","description":"","potentialAction":[{"@type":"SearchAction","target":{"@type":"EntryPoint","urlTemplate":"https:\/\/www.ull.es\/masteres\/innovacion-comunicativa-organizaciones\/?s={search_term_string}"},"query-input":{"@type":"PropertyValueSpecification","valueRequired":true,"valueName":"search_term_string"}}],"inLanguage":"es"}]}},"_links":{"self":[{"href":"https:\/\/www.ull.es\/masteres\/innovacion-comunicativa-organizaciones\/wp-json\/wp\/v2\/pages\/656","targetHints":{"allow":["GET"]}}],"collection":[{"href":"https:\/\/www.ull.es\/masteres\/innovacion-comunicativa-organizaciones\/wp-json\/wp\/v2\/pages"}],"about":[{"href":"https:\/\/www.ull.es\/masteres\/innovacion-comunicativa-organizaciones\/wp-json\/wp\/v2\/types\/page"}],"author":[{"embeddable":true,"href":"https:\/\/www.ull.es\/masteres\/innovacion-comunicativa-organizaciones\/wp-json\/wp\/v2\/users\/4"}],"replies":[{"embeddable":true,"href":"https:\/\/www.ull.es\/masteres\/innovacion-comunicativa-organizaciones\/wp-json\/wp\/v2\/comments?post=656"}],"version-history":[{"count":2,"href":"https:\/\/www.ull.es\/masteres\/innovacion-comunicativa-organizaciones\/wp-json\/wp\/v2\/pages\/656\/revisions"}],"predecessor-version":[{"id":678,"href":"https:\/\/www.ull.es\/masteres\/innovacion-comunicativa-organizaciones\/wp-json\/wp\/v2\/pages\/656\/revisions\/678"}],"wp:attachment":[{"href":"https:\/\/www.ull.es\/masteres\/innovacion-comunicativa-organizaciones\/wp-json\/wp\/v2\/media?parent=656"}],"curies":[{"name":"wp","href":"https:\/\/api.w.org\/{rel}","templated":true}]}}