{"id":18,"date":"2017-06-28T12:47:36","date_gmt":"2017-06-28T12:47:36","guid":{"rendered":"http:\/\/www.ull.es\/masteres\/desarrollo-y-gestion-de-recursos-humanos\/?page_id=18"},"modified":"2025-07-23T11:37:01","modified_gmt":"2025-07-23T11:37:01","slug":"apoyo-y-orientacion","status":"publish","type":"page","link":"https:\/\/www.ull.es\/masteres\/intervencion-mediacion-familiar\/en\/informacion-academica\/apoyo-y-orientacion\/","title":{"rendered":"Support and guidance"},"content":{"rendered":"\n<div class=\"wp-block-stackable-columns alignfull stk-block-columns stk-block stk-2314a6b\" data-block-id=\"2314a6b\"><style>.stk-2314a6b {padding-bottom:0px !important;margin-top:-100px !important;margin-bottom:0px !important;}<\/style><div class=\"stk-row stk-inner-blocks stk-block-content stk-content-align stk-2314a6b-column alignfull\">\n<div class=\"wp-block-stackable-column stk-block-column stk-column stk-block stk-1d1764d\" data-v=\"4\" data-block-id=\"1d1764d\"><div class=\"stk-column-wrapper stk-block-column__content stk-container stk-1d1764d-container stk--no-background stk--no-padding\"><div class=\"stk-block-content stk-inner-blocks stk-1d1764d-inner-blocks\"><style id=\"depicter-1-inline-pre-css\">\n\n.depicter-1:not(.depicter-ready){\n\theight:450px;\n}\n\n\/***** Tablet *****\/\n@media screen and (max-width: 1024px){\n\n.depicter-1:not(.depicter-ready){\n\theight:700px;\n}\n\n}\n\/***** Mobile *****\/\n@media screen and (max-width: 767px){\n\n.depicter-1:not(.depicter-ready){\n\theight:450px;\n}\n\n}\n<\/style>\n<div id=\"depicter-1\" class=\"depicter depicter-document depicter-revert depicter-1 depicter-layout-fullwidth\">\n\n<div class=\"depicter-loading-container depicter-loading dotFlashing-dark\"><div class=\"depicter-loading-dark depicter-dot-flashing\">\n   <span><\/span>\n   <span><\/span>\n   <span><\/span>\n<\/div>\n<\/div>\n<div id=\"depicter-1-section-1\" class=\"depicter-section depicter-1-section-1\" data-name=\"Section 1\" data-type=\"section\" data-local-id=\"section-1\">\n<picture class=\"depicter-bg\">\n<source data-depicter-srcset=\"https:\/\/www.ull.es\/masteres\/intervencion-mediacion-familiar\/wp-content\/uploads\/sites\/46\/2025\/07\/Headers-Masteres_Intervencion-y-Mediacion-Familiar-768x248.jpg, https:\/\/www.ull.es\/masteres\/intervencion-mediacion-familiar\/wp-content\/uploads\/sites\/46\/2025\/07\/Headers-Masteres_Intervencion-y-Mediacion-Familiar.jpg 2x\" srcset=\"data:image\/gif;base64,R0lGODlhAQABAIAAAAAAAP\/\/\/yH5BAEAAAAALAAAAAABAAEAAAIBRAA7\" media=\"(max-width: 1024px)\" \/>\n\n<source data-depicter-srcset=\"https:\/\/www.ull.es\/masteres\/intervencion-mediacion-familiar\/wp-content\/uploads\/sites\/46\/2025\/07\/Headers-Masteres_Intervencion-y-Mediacion-Familiar.jpg, https:\/\/www.ull.es\/masteres\/intervencion-mediacion-familiar\/wp-content\/uploads\/sites\/46\/2025\/07\/Headers-Masteres_Intervencion-y-Mediacion-Familiar-1280x413.jpg 2x\" srcset=\"data:image\/gif;base64,R0lGODlhAQABAIAAAAAAAP\/\/\/yH5BAEAAAAALAAAAAABAAEAAAIBRAA7\" media=\"(min-width: 1025px)\" \/>\n<img decoding=\"async\" src=\"data:image\/gif;base64,R0lGODlhAQABAIAAAAAAAP\/\/\/yH5BAEAAAAALAAAAAABAAEAAAIBRAA7\" data-ken-burns=\"false\" data-tablet-ken-burns=\"false\" data-mobile-ken-burns=\"false\" alt=\"\" data-depicter-src=\"https:\/\/www.ull.es\/masteres\/intervencion-mediacion-familiar\/wp-content\/uploads\/sites\/46\/2025\/07\/Headers-Masteres_Intervencion-y-Mediacion-Familiar.jpg\" data-object-fit=\"custom,custom,\" data-object-position=\"center top,,\" data-crop=\"{'focalPoint':{'x':0.5,'y':0.5},'mediaSize':{'width':1394.6731234866829254315234720706939697265625,'height':450}}\" data-tablet-crop=\"{'focalPoint':{'x':0.5,'y':0.5},'mediaSize':{'width':2169.4915254237284898408688604831695556640625,'height':700}}\" data-mobile-crop=\"{'focalPoint':{'x':0.5,'y':0.5},'mediaSize':{'width':1394.6731234866829254315234720706939697265625,'height':450}}\" \/>\n<\/picture>\n\n\n<h1 id=\"depicter-1-element-5\" class=\"depicter-element depicter-layer depicter-1-element-5\" data-type=\"text\" data-wrap=\"true\" data-name=\"Text 2\" data-local-id=\"element-5\" data-offset=\"x:0px;y:99px;origin:tl\" data-tablet-offset=\"x:196px;y:170px;origin:tl\" data-mobile-offset=\"x:-16px;y:81px;origin:tl\" data-width=\"1200px,633px,408px\" data-height=\"auto,auto,auto\" data-responsive-scale=\"true,,\">M\u00e1ster en Intervenci\u00f3n y Mediaci\u00f3n Familiar, Social y Comunitaria (Interuniversitario)<br><\/h1>\n\n<div id=\"depicter-1-element-10\" class=\"depicter-element depicter-layer depicter-1-element-10\" data-type=\"shape\" data-wrap=\"true\" data-name=\"Shape 1\" data-local-id=\"element-10\" data-offset=\"x:0px;y:360px;origin:tl\" data-tablet-offset=\"x:196px;y:536px;origin:tl\" data-mobile-offset=\"x:-16px;y:378px;origin:tl\" data-width=\"1088px,647px,408px\" data-height=\"8px,8px,8px\" data-responsive-scale=\"true,,\"><\/div>\n<\/div>\n<\/div>\n<script>\n(window.depicterSetups = window.depicterSetups || []).push(function(){\n\tDepicter.basePath = 'https:\/\/www.ull.es\/masteres\/intervencion-mediacion-familiar\/wp-content\/plugins\/depicter\/resources\/scripts\/player\/';\n\tconst dpPlayer = Depicter.setup('.depicter-1',\n\t\t{\"width\":[\"1200\",\"1024\",\"360\"],\"height\":[\"450\",\"700\",\"450\"],\"view\":\"basic\",\"keepAspectRatio\":true,\"preload\":0,\"layout\":\"fullwidth\",\"rtl\":false,\"initAfterAppear\":false,\"ajaxApiUrl\":\"https:\\\/\\\/www.ull.es\\\/masteres\\\/intervencion-mediacion-familiar\\\/wp-admin\\\/admin-ajax.php\",\"mouseSwipe\":true,\"touchSwipe\":true,\"useWatermark\":false}\n\t);\n});\n<\/script><\/div><\/div><\/div>\n<\/div><\/div>\n\n\n\n<div class=\"wp-block-stackable-columns alignfull stk-block-columns stk--hide-mobile stk-block stk-6394276 stk-block-background\" data-block-id=\"6394276\"><style>.stk-6394276 {background-color:#fa6199 !important;padding-top:50px !important;padding-right:0px !important;padding-bottom:1px !important;padding-left:0px !important;margin-top:-40px !important;margin-bottom:0px !important;}.stk-6394276:before{background-color:#fa6199 !important;}<\/style><div class=\"stk-row stk-inner-blocks stk-block-content stk-content-align stk-6394276-column alignfull\">\n<div class=\"wp-block-stackable-column stk-block-column stk-column stk-block stk-8a66885\" data-v=\"4\" data-block-id=\"8a66885\"><div class=\"stk-column-wrapper stk-block-column__content stk-container stk-8a66885-container stk--no-background stk--no-padding\"><div class=\"stk-block-content stk-inner-blocks stk-8a66885-inner-blocks\">\n<div class=\"wp-block-stackable-spacer stk-block-spacer stk--no-padding stk-block stk-bc89b3e\" data-block-id=\"bc89b3e\"><style>.stk-bc89b3e {height:0px !important;}<\/style><\/div>\n<\/div><\/div><\/div>\n<\/div><\/div>\n\n\n\n<div class=\"wp-block-stackable-columns stk-block-columns stk-block stk-8b59b96\" data-block-id=\"8b59b96\"><style>.stk-8b59b96 .stk--block-align-8b59b96{align-items:flex-start !important;}.stk-8b59b96 {margin-top:50px !important;}.stk-8b59b96-column{--stk-columns-spacing:0px !important;--stk-column-gap:50px !important;}@media screen and (max-width: 767px){.stk-8b59b96-column{row-gap:var(--stk--preset--spacing--60, 2.25rem) !important;}}<\/style><div class=\"stk-row stk-inner-blocks stk--block-align-8b59b96 stk-block-content stk-content-align stk-8b59b96-column\">\n<div class=\"wp-block-stackable-column stk-block-column stk-column stk-block stk-dbb7e15\" data-v=\"4\" data-block-id=\"dbb7e15\"><style>@media screen and (min-width: 768px){.stk-dbb7e15 {flex:var(--stk-flex-grow, 1) 1 66.7% !important;}}<\/style><div class=\"stk-column-wrapper stk-block-column__content stk-container stk-dbb7e15-container stk--no-background stk--no-padding\"><div class=\"stk-block-content stk-inner-blocks stk-dbb7e15-inner-blocks\">\n<div class=\"wp-block-stackable-heading stk-block-heading stk-block-heading--v2 stk-block stk-cc0239e\" id=\"complementos-de-formacion\" data-block-id=\"cc0239e\"><style>.stk-cc0239e .stk-block-heading__text{color:#fa6199 !important;font-weight:500 !important;}<\/style><h1 class=\"stk-block-heading__text has-text-color\">Apoyo y orientaci\u00f3n<\/h1><\/div>\n\n\n\n<div class=\"wp-block-stackable-text stk-block-text stk-block stk-0522ffa\" data-block-id=\"0522ffa\"><p class=\"stk-block-text__text\">El apoyo y la orientaci\u00f3n puestos a disposici\u00f3n de los estudiantes, una vez matriculados en el t\u00edtulo, responden a lo recogido en apartado 4.3 de la Memoria de Verificaci\u00f3n del t\u00edtulo.<\/p><\/div>\n\n\n\n<p>El M\u00e1ster cuenta con un&nbsp;<strong>PLAN DE TUTOR\u00cdAS<\/strong>&nbsp;y de orientaci\u00f3n acad\u00e9mica. Este plan tiene como finalidad ayudar al alumnado del M\u00e1ster a completar exitosamente su formaci\u00f3n durante su permanencia en el mismo, orient\u00e1ndole en todo momento y asegur\u00e1ndole su aprendizaje aut\u00f3nomo. Para ello, se articular\u00e1n los siguientes sistemas a trav\u00e9s de las cuales se desarrollar\u00e1n todas las acciones tutoriales:<\/p>\n\n\n\n<p><strong>TUTOR\u00cdAS INDIVIDUALES<\/strong><\/p>\n\n\n\n<ul class=\"wp-block-list\">\n<li><strong>Tutor\u00eda general<\/strong><\/li>\n<\/ul>\n\n\n\n<p>La Direcci\u00f3n del M\u00e1ster adem\u00e1s de las funciones propias de gesti\u00f3n y de coordinaci\u00f3n del t\u00edtulo, act\u00faa como una tutoria general del alumnado, a la hora de asesorar al alumnado en las cuestiones acad\u00e9micas relativas al M\u00e1ster, apoyando la labor de tutorizaci\u00f3n que realizan los docentes de cada una de las asignaturas y, de manera particular, el\/la coordinador\/a de las mismas. Adem\u00e1s, se cuenta con el apoyo de los\/las Coordinadores\/as de la Especialidad.<\/p>\n\n\n\n<ul class=\"wp-block-list\">\n<li><strong>Tutor\u00edas personalizadas<\/strong><\/li>\n<\/ul>\n\n\n\n<p>Esta funci\u00f3n tutorial es compartida y personalizada a trav\u00e9s de los\/las tutores\/as de las asignaturas Trabajo Fin de M\u00e1ster y Pr\u00e1cticas Externas. En estos \u00e1mbitos se desarrollan tres tipos de tutor\u00edas:<\/p>\n\n\n\n<p><strong>\u2013 La tutor\u00eda acad\u00e9mica de las pr\u00e1cticas externas&nbsp;<\/strong>que es ejercida por un docente universitario del M\u00e1ster y se encargar\u00e1 de apoyar el proceso formativo en las pr\u00e1cticas externas y orientar\u00e1 al alumnado durante su proceso formativo dentro del Campus universitario. Para ello, mantendr\u00e1 comunicaciones&nbsp; peri\u00f3dicas regulares con sus tutorizados\/as y, cuando sea preciso, con los tutores\/as profesionales.<\/p>\n\n\n\n<p><strong>\u2013 La tutor\u00eda profesional de las pr\u00e1cticas externas<\/strong>, es la &nbsp;responsable de guiar el proceso formativo del alumnado en los centros de pr\u00e1cticas colaboradores del M\u00e1ster. El tutor\/a profesional ser\u00e1 un trabajador\/a del centro de pr\u00e1cticas, con titulaci\u00f3n universitaria af\u00edn al perfil de \u00e1reas de conocimiento del M\u00e1ster.<\/p>\n\n\n\n<p><strong>\u2013 La tutor\u00eda para el Trabajo Fin de M\u00e1ster (TFM)&nbsp;<\/strong>que&nbsp;<em>&nbsp;<\/em>ser\u00e1 desarrollada por un\/a docente del M\u00e1ster y se encargar\u00e1 de apoyar el proceso formativo y de orientaci\u00f3n del alumnado en la elaboraci\u00f3n del TFM.<\/p>\n\n\n\n<p><strong>TUTOR\u00cdAS GRUPALES<\/strong><\/p>\n\n\n\n<p>La Direcci\u00f3n del M\u00e1ster, o en quien delegue, ejercer\u00e1 como&nbsp; Coordinador\/a del Plan de Tutor\u00edas del M\u00e1ster (PTM). Esta figura ser\u00e1 la responsable y el agente principal de la acci\u00f3n tutorial por v\u00eda grupal. Esta coordinaci\u00f3n emplear\u00e1 como medio preferente la realizaci\u00f3n de sesiones de grupo tanto con los tutores\/as como con el alumnado. Esas sesiones grupales ser\u00e1n distribuidas a lo largo de todo el periodo de formaci\u00f3n del alumnado, prest\u00e1ndose una atenci\u00f3n especial a los momentos iniciales de incorporaci\u00f3n al M\u00e1ster, en los intermedios a final del 1<sup>er<\/sup>&nbsp;cuatrimestre y a los finales o de terminaci\u00f3n.<\/p>\n\n\n\n<p>En definitiva, a trav\u00e9s de los distintos niveles de tutorizaci\u00f3n-coordinaci\u00f3n docente (Director Acad\u00e9mico, Coordinador\/as de Asignatura, Tutor de Trabajo Fin de M\u00e1ster, Tutor de Pr\u00e1cticas Externas,\u2026) se mantiene una relaci\u00f3n directa y continua con los estudiantes, lo que permite la detecci\u00f3n y diagn\u00f3stico de causas de dificultades en el rendimiento acad\u00e9mico y procesos de aprendizaje, y permite valorar su alcance y efectividad, dando traslado de las mismas a la Comisi\u00f3n Acad\u00e9mica, en su caso.<\/p>\n\n\n\n<p><strong>&nbsp;<\/strong><strong>RECURSOS INFORMATIVOS.<\/strong><\/p>\n\n\n\n<p><strong>&nbsp;<\/strong>Los\/las estudiantes dispondr\u00e1n de la p\u00e1gina Web del M\u00e1ster y de las Aulas Virtuales de cada asignatura, en las que podr\u00e1n encontrar toda la informaci\u00f3n relevante sobre las mismas. Adem\u00e1s tendr\u00e1 acceso a un Aula Virtual de Coordinaci\u00f3n para comunicados&nbsp; e informaciones de car\u00e1cter general. Tambi\u00e9n contar\u00e1n para su informaci\u00f3n y mejor conocimiento del funcionamiento y requerimientos del Master con un Manual de Organizaci\u00f3n y de Orientaciones Generales.<\/p>\n\n\n\n<p><strong>OTROS RECURSOS DE ORIENTACI\u00d3N Y APOYO AL ALUMNADO.<\/strong><\/p>\n\n\n\n<p>La ULL cuenta con un Servicio de Informaci\u00f3n y Orientaci\u00f3n (SIO) destinado a informar, asesorar y orientar a los futuros estudiantes y a la comunidad universitaria en general. El SIO dispone de tres \u00e1reas diferenciadas: un \u00e1rea de informaci\u00f3n (becas y ayudas, propuestas formativas universitarias, tr\u00e1mites, derechos y deberes, plazos y procedimientos,\u2026), una Asesor\u00eda Psicopedag\u00f3gica y una Asesor\u00eda Jur\u00eddica.&nbsp; Puede accederse al SIO a trav\u00e9s del siguiente&nbsp;<a href=\"https:\/\/www.ull.es\/servicios\/servicio-de-informacion-y-orientacion-sio\/\" target=\"_blank\" rel=\"noreferrer noopener\" target=\"_blank\" rel=\"noopener\">enlace.<\/a>&nbsp;Tambi\u00e9n se puede destacar en este apartado:<\/p>\n\n\n\n<p>La Secci\u00f3n de Becas que es la unidad responsable de la gesti\u00f3n de todas las ayudas al estudio.<\/p>\n\n\n\n<p>El Programa de Atenci\u00f3n a Estudiantes con Necesidades Espec\u00edficas de Apoyo Educativo (PAED) que asesora al profesorado con objeto de garantizar la igualdad de oportunidades del alumnado con discapacidad, promoviendo su plena integraci\u00f3n en el desarrollo de sus estudios y en la vida universitaria.<\/p>\n\n\n\n<p>La Oficina de Relaciones Internacionales (ORI) que gestiona los programas de movilidad internacional.<\/p>\n<\/div><\/div><\/div>\n\n\n\n<div class=\"wp-block-stackable-column stk-block-column stk-column stk-block stk-53ec762\" data-v=\"4\" data-block-id=\"53ec762\"><style>.stk-53ec762-inner-blocks{row-gap:0px !important;}.stk-53ec762 {padding-top:0px !important;padding-right:0px !important;padding-bottom:0px !important;padding-left:0px !important;}@media screen and (min-width: 768px){.stk-53ec762 {flex:var(--stk-flex-grow, 1) 1 33.3% !important;}}<\/style><div class=\"stk-column-wrapper stk-block-column__content stk-container stk-53ec762-container stk--no-background stk--no-padding\"><div class=\"stk-block-content stk-inner-blocks stk-53ec762-inner-blocks\">\n\n<ul class=\"widget-box\">\n<li class='contacto-header'>Informaci\u00f3n de contacto<\/li><li><i class=\"fa fa-map-marker\"><\/i> Avda. Astrof\u00edsico Francisco S\u00e1nchez, SN. Edificio Calabaza \u2013 AN.2D Apdo. 456 38200 San Crist\u00f3bal de La Laguna<\/li><li><i class=\"fa fa-envelope\"><\/i>  <a href=mailto:master.intervencion@ull.es>master.intervencion@ull.es<\/a><\/li><li><i class=\"fa fa-archive\"><\/i><a href=\"https:\/\/sede.ull.es\/ecivilis-site\/catalog\/showProcedure\/484\"> Procedimiento para quejas, sugerencias y felicitaciones<\/a><\/li>\n<\/ul>\n\n\n<\/div><\/div><\/div>\n<\/div><\/div>\n","protected":false},"excerpt":{"rendered":"<p>Support and guidance The support and guidance available to students once enrolled in the program are as outlined in section 4.3 of the Degree Verification Report. The Master&#039;s program has a TUTORING and academic guidance plan. This plan aims to help Master&#039;s students\u2026<\/p>","protected":false},"author":1,"featured_media":0,"parent":252,"menu_order":7,"comment_status":"closed","ping_status":"closed","template":"templates\/template-frontpage.php","meta":{"footnotes":""},"class_list":["post-18","page","type-page","status-publish","hentry"],"yoast_head":"<!-- This site is optimized with the Yoast SEO plugin v27.3 - https:\/\/yoast.com\/product\/yoast-seo-wordpress\/ -->\n<title>Apoyo y orientaci\u00f3n - M\u00e1ster Interuniversitario en Intervenci\u00f3n y Mediaci\u00f3n Familiar, Social y Comunitaria<\/title>\n<meta name=\"robots\" content=\"index, follow, max-snippet:-1, max-image-preview:large, max-video-preview:-1\" \/>\n<link rel=\"canonical\" href=\"https:\/\/www.ull.es\/masteres\/intervencion-mediacion-familiar\/en\/informacion-academica\/apoyo-y-orientacion\/\" \/>\n<meta property=\"og:locale\" content=\"en_GB\" \/>\n<meta property=\"og:type\" content=\"article\" \/>\n<meta property=\"og:title\" content=\"Apoyo y orientaci\u00f3n - M\u00e1ster Interuniversitario en Intervenci\u00f3n y Mediaci\u00f3n Familiar, Social y Comunitaria\" \/>\n<meta property=\"og:description\" content=\"Apoyo y orientaci\u00f3n El apoyo y la orientaci\u00f3n puestos a disposici\u00f3n de los estudiantes, una vez matriculados en el t\u00edtulo, responden a lo recogido en apartado 4.3 de la Memoria de Verificaci\u00f3n del t\u00edtulo. El M\u00e1ster cuenta con un&nbsp;PLAN DE TUTOR\u00cdAS&nbsp;y de orientaci\u00f3n acad\u00e9mica. Este plan tiene como finalidad ayudar al alumnado del M\u00e1ster a...\" \/>\n<meta property=\"og:url\" content=\"https:\/\/www.ull.es\/masteres\/intervencion-mediacion-familiar\/en\/informacion-academica\/apoyo-y-orientacion\/\" \/>\n<meta property=\"og:site_name\" content=\"M\u00e1ster Interuniversitario en Intervenci\u00f3n y Mediaci\u00f3n Familiar, Social y Comunitaria\" \/>\n<meta property=\"article:modified_time\" content=\"2025-07-23T11:37:01+00:00\" \/>\n<meta name=\"twitter:card\" content=\"summary_large_image\" \/>\n<meta name=\"twitter:label1\" content=\"Estimated reading time\" \/>\n\t<meta name=\"twitter:data1\" content=\"4 minutes\" \/>\n<script type=\"application\/ld+json\" class=\"yoast-schema-graph\">{\"@context\":\"https:\\\/\\\/schema.org\",\"@graph\":[{\"@type\":\"WebPage\",\"@id\":\"https:\\\/\\\/www.ull.es\\\/masteres\\\/intervencion-mediacion-familiar\\\/en\\\/informacion-academica\\\/apoyo-y-orientacion\\\/\",\"url\":\"https:\\\/\\\/www.ull.es\\\/masteres\\\/intervencion-mediacion-familiar\\\/en\\\/informacion-academica\\\/apoyo-y-orientacion\\\/\",\"name\":\"Apoyo y orientaci\u00f3n - M\u00e1ster Interuniversitario en Intervenci\u00f3n y Mediaci\u00f3n Familiar, Social y Comunitaria\",\"isPartOf\":{\"@id\":\"https:\\\/\\\/www.ull.es\\\/masteres\\\/intervencion-mediacion-familiar\\\/fr\\\/#website\"},\"datePublished\":\"2017-06-28T12:47:36+00:00\",\"dateModified\":\"2025-07-23T11:37:01+00:00\",\"breadcrumb\":{\"@id\":\"https:\\\/\\\/www.ull.es\\\/masteres\\\/intervencion-mediacion-familiar\\\/en\\\/informacion-academica\\\/apoyo-y-orientacion\\\/#breadcrumb\"},\"inLanguage\":\"en-GB\",\"potentialAction\":[{\"@type\":\"ReadAction\",\"target\":[\"https:\\\/\\\/www.ull.es\\\/masteres\\\/intervencion-mediacion-familiar\\\/en\\\/informacion-academica\\\/apoyo-y-orientacion\\\/\"]}]},{\"@type\":\"BreadcrumbList\",\"@id\":\"https:\\\/\\\/www.ull.es\\\/masteres\\\/intervencion-mediacion-familiar\\\/en\\\/informacion-academica\\\/apoyo-y-orientacion\\\/#breadcrumb\",\"itemListElement\":[{\"@type\":\"ListItem\",\"position\":1,\"name\":\"Portada\",\"item\":\"https:\\\/\\\/www.ull.es\\\/masteres\\\/intervencion-mediacion-familiar\\\/fr\\\/\"},{\"@type\":\"ListItem\",\"position\":2,\"name\":\"Informaci\u00f3n Acad\u00e9mica\",\"item\":\"https:\\\/\\\/www.ull.es\\\/masteres\\\/intervencion-mediacion-familiar\\\/informacion-academica\\\/\"},{\"@type\":\"ListItem\",\"position\":3,\"name\":\"Apoyo y orientaci\u00f3n\"}]},{\"@type\":\"WebSite\",\"@id\":\"https:\\\/\\\/www.ull.es\\\/masteres\\\/intervencion-mediacion-familiar\\\/fr\\\/#website\",\"url\":\"https:\\\/\\\/www.ull.es\\\/masteres\\\/intervencion-mediacion-familiar\\\/fr\\\/\",\"name\":\"M\u00e1ster Interuniversitario en Intervenci\u00f3n y Mediaci\u00f3n Familiar, Social y Comunitaria\",\"description\":\"\",\"potentialAction\":[{\"@type\":\"SearchAction\",\"target\":{\"@type\":\"EntryPoint\",\"urlTemplate\":\"https:\\\/\\\/www.ull.es\\\/masteres\\\/intervencion-mediacion-familiar\\\/fr\\\/?s={search_term_string}\"},\"query-input\":{\"@type\":\"PropertyValueSpecification\",\"valueRequired\":true,\"valueName\":\"search_term_string\"}}],\"inLanguage\":\"en-GB\"}]}<\/script>\n<!-- \/ Yoast SEO plugin. -->","yoast_head_json":{"title":"Support and Guidance - Interuniversity Master&#039;s Degree in Family, Social and Community Intervention and Mediation","robots":{"index":"index","follow":"follow","max-snippet":"max-snippet:-1","max-image-preview":"max-image-preview:large","max-video-preview":"max-video-preview:-1"},"canonical":"https:\/\/www.ull.es\/masteres\/intervencion-mediacion-familiar\/en\/informacion-academica\/apoyo-y-orientacion\/","og_locale":"en_GB","og_type":"article","og_title":"Apoyo y orientaci\u00f3n - M\u00e1ster Interuniversitario en Intervenci\u00f3n y Mediaci\u00f3n Familiar, Social y Comunitaria","og_description":"Apoyo y orientaci\u00f3n El apoyo y la orientaci\u00f3n puestos a disposici\u00f3n de los estudiantes, una vez matriculados en el t\u00edtulo, responden a lo recogido en apartado 4.3 de la Memoria de Verificaci\u00f3n del t\u00edtulo. El M\u00e1ster cuenta con un&nbsp;PLAN DE TUTOR\u00cdAS&nbsp;y de orientaci\u00f3n acad\u00e9mica. Este plan tiene como finalidad ayudar al alumnado del M\u00e1ster a...","og_url":"https:\/\/www.ull.es\/masteres\/intervencion-mediacion-familiar\/en\/informacion-academica\/apoyo-y-orientacion\/","og_site_name":"M\u00e1ster Interuniversitario en Intervenci\u00f3n y Mediaci\u00f3n Familiar, Social y Comunitaria","article_modified_time":"2025-07-23T11:37:01+00:00","twitter_card":"summary_large_image","twitter_misc":{"Estimated reading time":"4 minutes"},"schema":{"@context":"https:\/\/schema.org","@graph":[{"@type":"WebPage","@id":"https:\/\/www.ull.es\/masteres\/intervencion-mediacion-familiar\/en\/informacion-academica\/apoyo-y-orientacion\/","url":"https:\/\/www.ull.es\/masteres\/intervencion-mediacion-familiar\/en\/informacion-academica\/apoyo-y-orientacion\/","name":"Support and Guidance - Interuniversity Master&#039;s Degree in Family, Social and Community Intervention and Mediation","isPartOf":{"@id":"https:\/\/www.ull.es\/masteres\/intervencion-mediacion-familiar\/fr\/#website"},"datePublished":"2017-06-28T12:47:36+00:00","dateModified":"2025-07-23T11:37:01+00:00","breadcrumb":{"@id":"https:\/\/www.ull.es\/masteres\/intervencion-mediacion-familiar\/en\/informacion-academica\/apoyo-y-orientacion\/#breadcrumb"},"inLanguage":"en-GB","potentialAction":[{"@type":"ReadAction","target":["https:\/\/www.ull.es\/masteres\/intervencion-mediacion-familiar\/en\/informacion-academica\/apoyo-y-orientacion\/"]}]},{"@type":"BreadcrumbList","@id":"https:\/\/www.ull.es\/masteres\/intervencion-mediacion-familiar\/en\/informacion-academica\/apoyo-y-orientacion\/#breadcrumb","itemListElement":[{"@type":"ListItem","position":1,"name":"Portada","item":"https:\/\/www.ull.es\/masteres\/intervencion-mediacion-familiar\/fr\/"},{"@type":"ListItem","position":2,"name":"Informaci\u00f3n Acad\u00e9mica","item":"https:\/\/www.ull.es\/masteres\/intervencion-mediacion-familiar\/informacion-academica\/"},{"@type":"ListItem","position":3,"name":"Apoyo y orientaci\u00f3n"}]},{"@type":"WebSite","@id":"https:\/\/www.ull.es\/masteres\/intervencion-mediacion-familiar\/fr\/#website","url":"https:\/\/www.ull.es\/masteres\/intervencion-mediacion-familiar\/fr\/","name":"Interuniversity Master&#039;s Degree in Family, Social and Community Intervention and Mediation","description":"","potentialAction":[{"@type":"SearchAction","target":{"@type":"EntryPoint","urlTemplate":"https:\/\/www.ull.es\/masteres\/intervencion-mediacion-familiar\/fr\/?s={search_term_string}"},"query-input":{"@type":"PropertyValueSpecification","valueRequired":true,"valueName":"search_term_string"}}],"inLanguage":"en-GB"}]}},"_links":{"self":[{"href":"https:\/\/www.ull.es\/masteres\/intervencion-mediacion-familiar\/en\/wp-json\/wp\/v2\/pages\/18","targetHints":{"allow":["GET"]}}],"collection":[{"href":"https:\/\/www.ull.es\/masteres\/intervencion-mediacion-familiar\/en\/wp-json\/wp\/v2\/pages"}],"about":[{"href":"https:\/\/www.ull.es\/masteres\/intervencion-mediacion-familiar\/en\/wp-json\/wp\/v2\/types\/page"}],"author":[{"embeddable":true,"href":"https:\/\/www.ull.es\/masteres\/intervencion-mediacion-familiar\/en\/wp-json\/wp\/v2\/users\/1"}],"replies":[{"embeddable":true,"href":"https:\/\/www.ull.es\/masteres\/intervencion-mediacion-familiar\/en\/wp-json\/wp\/v2\/comments?post=18"}],"version-history":[{"count":11,"href":"https:\/\/www.ull.es\/masteres\/intervencion-mediacion-familiar\/en\/wp-json\/wp\/v2\/pages\/18\/revisions"}],"predecessor-version":[{"id":1090,"href":"https:\/\/www.ull.es\/masteres\/intervencion-mediacion-familiar\/en\/wp-json\/wp\/v2\/pages\/18\/revisions\/1090"}],"up":[{"embeddable":true,"href":"https:\/\/www.ull.es\/masteres\/intervencion-mediacion-familiar\/en\/wp-json\/wp\/v2\/pages\/252"}],"wp:attachment":[{"href":"https:\/\/www.ull.es\/masteres\/intervencion-mediacion-familiar\/en\/wp-json\/wp\/v2\/media?parent=18"}],"curies":[{"name":"wp","href":"https:\/\/api.w.org\/{rel}","templated":true}]}}