{"id":18,"date":"2017-06-28T12:47:36","date_gmt":"2017-06-28T12:47:36","guid":{"rendered":"http:\/\/www.ull.es\/masteres\/desarrollo-y-gestion-de-recursos-humanos\/?page_id=18"},"modified":"2025-07-23T11:23:37","modified_gmt":"2025-07-23T11:23:37","slug":"apoyo-y-orientacion","status":"publish","type":"page","link":"https:\/\/www.ull.es\/masteres\/intervencion-psicopedagogica-educacion\/en\/informacion-academica\/apoyo-y-orientacion\/","title":{"rendered":"Support and guidance"},"content":{"rendered":"\n<div class=\"wp-block-stackable-columns alignfull stk-block-columns stk-block stk-2314a6b\" data-block-id=\"2314a6b\"><style>.stk-2314a6b {padding-bottom:0px !important;margin-top:-100px !important;margin-bottom:0px !important;}<\/style><div class=\"stk-row stk-inner-blocks stk-block-content stk-content-align stk-2314a6b-column alignfull\">\n<div class=\"wp-block-stackable-column stk-block-column stk-column stk-block stk-1d1764d\" data-v=\"4\" data-block-id=\"1d1764d\"><div class=\"stk-column-wrapper stk-block-column__content stk-container stk-1d1764d-container stk--no-background stk--no-padding\"><div class=\"stk-block-content stk-inner-blocks stk-1d1764d-inner-blocks\"><style id=\"depicter-1-inline-pre-css\">\n\n.depicter-1:not(.depicter-ready){\n\theight:450px;\n}\n\n\/***** Tablet *****\/\n@media screen and (max-width: 1024px){\n\n.depicter-1:not(.depicter-ready){\n\theight:700px;\n}\n\n}\n\/***** Mobile *****\/\n@media screen and (max-width: 767px){\n\n.depicter-1:not(.depicter-ready){\n\theight:450px;\n}\n\n}\n<\/style>\n<div id=\"depicter-1\" class=\"depicter depicter-document depicter-revert depicter-1 depicter-layout-fullwidth\">\n\n<div class=\"depicter-loading-container depicter-loading dotFlashing-dark\"><div class=\"depicter-loading-dark depicter-dot-flashing\">\n   <span><\/span>\n   <span><\/span>\n   <span><\/span>\n<\/div>\n<\/div>\n<div id=\"depicter-1-section-1\" class=\"depicter-section depicter-1-section-1\" data-name=\"Section 1\" data-type=\"section\" data-local-id=\"section-1\">\n<picture class=\"depicter-bg\">\n<source data-depicter-srcset=\"https:\/\/www.ull.es\/masteres\/intervencion-psicopedagogica-educacion\/wp-content\/uploads\/sites\/17\/2025\/07\/Headers-Masteres_Intervencion-Psicopedagogica-768x248.jpg, https:\/\/www.ull.es\/masteres\/intervencion-psicopedagogica-educacion\/wp-content\/uploads\/sites\/17\/2025\/07\/Headers-Masteres_Intervencion-Psicopedagogica.jpg 2x\" srcset=\"data:image\/gif;base64,R0lGODlhAQABAIAAAAAAAP\/\/\/yH5BAEAAAAALAAAAAABAAEAAAIBRAA7\" media=\"(max-width: 1024px)\" \/>\n\n<source data-depicter-srcset=\"https:\/\/www.ull.es\/masteres\/intervencion-psicopedagogica-educacion\/wp-content\/uploads\/sites\/17\/2025\/07\/Headers-Masteres_Intervencion-Psicopedagogica.jpg, https:\/\/www.ull.es\/masteres\/intervencion-psicopedagogica-educacion\/wp-content\/uploads\/sites\/17\/2025\/07\/Headers-Masteres_Intervencion-Psicopedagogica-1280x413.jpg 2x\" srcset=\"data:image\/gif;base64,R0lGODlhAQABAIAAAAAAAP\/\/\/yH5BAEAAAAALAAAAAABAAEAAAIBRAA7\" media=\"(min-width: 1025px)\" \/>\n<img decoding=\"async\" src=\"data:image\/gif;base64,R0lGODlhAQABAIAAAAAAAP\/\/\/yH5BAEAAAAALAAAAAABAAEAAAIBRAA7\" data-ken-burns=\"false\" data-tablet-ken-burns=\"false\" data-mobile-ken-burns=\"false\" alt=\"\" data-depicter-src=\"https:\/\/www.ull.es\/masteres\/intervencion-psicopedagogica-educacion\/wp-content\/uploads\/sites\/17\/2025\/07\/Headers-Masteres_Intervencion-Psicopedagogica.jpg\" data-object-fit=\"custom,custom,\" data-object-position=\"center top,,\" data-crop=\"{'focalPoint':{'x':0.5,'y':0.5},'mediaSize':{'width':1394.6731234866829254315234720706939697265625,'height':450}}\" data-tablet-crop=\"{'focalPoint':{'x':0.5,'y':0.5},'mediaSize':{'width':2169.4915254237284898408688604831695556640625,'height':700}}\" data-mobile-crop=\"{'focalPoint':{'x':0.5,'y':0.5},'mediaSize':{'width':1394.6731234866829254315234720706939697265625,'height':450}}\" \/>\n<\/picture>\n\n\n<h1 id=\"depicter-1-element-5\" class=\"depicter-element depicter-layer depicter-1-element-5\" data-type=\"text\" data-wrap=\"true\" data-name=\"Text 2\" data-local-id=\"element-5\" data-offset=\"x:-26px;y:115px;origin:tl\" data-tablet-offset=\"x:224px;y:121px;origin:tl\" data-mobile-offset=\"x:-16px;y:81px;origin:tl\" data-width=\"1399px,633px,408px\" data-height=\"auto,auto,auto\" data-responsive-scale=\"true,,\">M\u00e1ster Universitario en Intervenci\u00f3n Psicopedag\u00f3gica en Contextos de Educaci\u00f3n Formal y No Formal<br><\/h1>\n\n<div id=\"depicter-1-element-10\" class=\"depicter-element depicter-layer depicter-1-element-10\" data-type=\"shape\" data-wrap=\"true\" data-name=\"Shape 1\" data-local-id=\"element-10\" data-offset=\"x:-26px;y:373px;origin:tl\" data-tablet-offset=\"x:217px;y:574px;origin:tl\" data-mobile-offset=\"x:-16px;y:378px;origin:tl\" data-width=\"1283px,647px,408px\" data-height=\"8px,8px,8px\" data-responsive-scale=\"true,,\"><\/div>\n<\/div>\n<\/div>\n<script>\n(window.depicterSetups = window.depicterSetups || []).push(function(){\n\tDepicter.basePath = 'https:\/\/www.ull.es\/masteres\/intervencion-psicopedagogica-educacion\/wp-content\/plugins\/depicter\/resources\/scripts\/player\/';\n\tconst dpPlayer = Depicter.setup('.depicter-1',\n\t\t{\"width\":[\"1200\",\"1024\",\"360\"],\"height\":[\"450\",\"700\",\"450\"],\"view\":\"basic\",\"keepAspectRatio\":true,\"preload\":0,\"layout\":\"fullwidth\",\"rtl\":false,\"initAfterAppear\":false,\"ajaxApiUrl\":\"https:\\\/\\\/www.ull.es\\\/masteres\\\/intervencion-psicopedagogica-educacion\\\/wp-admin\\\/admin-ajax.php\",\"mouseSwipe\":true,\"touchSwipe\":true,\"useWatermark\":false}\n\t);\n});\n<\/script><\/div><\/div><\/div>\n<\/div><\/div>\n\n\n\n<div class=\"wp-block-stackable-columns alignfull stk-block-columns stk--hide-mobile stk-block stk-6394276 stk-block-background\" data-block-id=\"6394276\"><style>.stk-6394276 {background-color:#fa6199 !important;padding-top:50px !important;padding-right:0px !important;padding-bottom:1px !important;padding-left:0px !important;margin-top:-40px !important;margin-bottom:0px !important;}.stk-6394276:before{background-color:#fa6199 !important;}<\/style><div class=\"stk-row stk-inner-blocks stk-block-content stk-content-align stk-6394276-column alignfull\">\n<div class=\"wp-block-stackable-column stk-block-column stk-column stk-block stk-8a66885\" data-v=\"4\" data-block-id=\"8a66885\"><div class=\"stk-column-wrapper stk-block-column__content stk-container stk-8a66885-container stk--no-background stk--no-padding\"><div class=\"stk-block-content stk-inner-blocks stk-8a66885-inner-blocks\">\n<div class=\"wp-block-stackable-spacer stk-block-spacer stk--no-padding stk-block stk-bc89b3e\" data-block-id=\"bc89b3e\"><style>.stk-bc89b3e {height:0px !important;}<\/style><\/div>\n<\/div><\/div><\/div>\n<\/div><\/div>\n\n\n\n<div class=\"wp-block-stackable-columns stk-block-columns stk-block stk-8b59b96\" data-block-id=\"8b59b96\"><style>.stk-8b59b96 .stk--block-align-8b59b96{align-items:flex-start !important;}.stk-8b59b96 {margin-top:50px !important;}.stk-8b59b96-column{--stk-columns-spacing:0px !important;--stk-column-gap:50px !important;}@media screen and (max-width: 767px){.stk-8b59b96-column{row-gap:var(--stk--preset--spacing--60, 2.25rem) !important;}}<\/style><div class=\"stk-row stk-inner-blocks stk--block-align-8b59b96 stk-block-content stk-content-align stk-8b59b96-column\">\n<div class=\"wp-block-stackable-column stk-block-column stk-column stk-block stk-dbb7e15\" data-v=\"4\" data-block-id=\"dbb7e15\"><style>@media screen and (min-width: 768px){.stk-dbb7e15 {flex:var(--stk-flex-grow, 1) 1 66.7% !important;}}<\/style><div class=\"stk-column-wrapper stk-block-column__content stk-container stk-dbb7e15-container stk--no-background stk--no-padding\"><div class=\"stk-block-content stk-inner-blocks stk-dbb7e15-inner-blocks\">\n<div class=\"wp-block-stackable-heading stk-block-heading stk-block-heading--v2 stk-block stk-cc0239e\" id=\"complementos-de-formacion\" data-block-id=\"cc0239e\"><style>.stk-cc0239e .stk-block-heading__text{color:#fa6199 !important;font-weight:500 !important;}<\/style><h1 class=\"stk-block-heading__text has-text-color\">Apoyo y orientaci\u00f3n<\/h1><\/div>\n\n\n\n<div class=\"wp-block-stackable-text stk-block-text stk-block stk-0522ffa\" data-block-id=\"0522ffa\"><p class=\"stk-block-text__text\">El apoyo y la orientaci\u00f3n puestos a disposici\u00f3n de los estudiantes una vez matriculados en el t\u00edtulo responden a lo recogido en apartado 4.3 de la Memoria de Verificaci\u00f3n del t\u00edtulo y que se vienen desarrollando desde el momento de la implantaci\u00f3n del m\u00e1ster. Las acciones de apoyo y orientaci\u00f3n al alumnado se concentran fundamentalmente en:<\/p><\/div>\n\n\n\n<ul class=\"wp-block-list\">\n<li>Seminario de acogida al alumnado: a comienzo de cada curso acad\u00e9mico se explica al alumnado aspectos generales del m\u00e1ster (programa, pr\u00e1cticas externas y trabajos fin de master, ex\u00e1menes, convocatorias\u2026), funcionamiento de los Servicios de la Facultad (biblioteca, el aula de inform\u00e1tica,\u2026), as\u00ed como cuestiones relativas al Plan de Acci\u00f3n Tutorial, servicio de Orientaci\u00f3n e Informaci\u00f3n al Alumnado de la Facultad, etc.<\/li>\n\n\n\n<li>Actividades de orientaci\u00f3n y tutor\u00eda al alumnado: en la Facultad en la que se imparte la titulaci\u00f3n est\u00e1 implantado, desde hace varios a\u00f1os, un modelo de orientaci\u00f3n al alumnado, estructurado en tres niveles fundamentales de intervenci\u00f3n:\n<ul class=\"wp-block-list\">\n<li>Nivel Aula: se realizar a trav\u00e9s de la tutor\u00eda acad\u00e9mica de cada profesor en el \u00e1mbito de su asignatura, apoyando al alumnado mediante un seguimiento tutelado para el logro de los objetivos acad\u00e9micos y las competencias espec\u00edficas establecidas en las gu\u00edas docentes. Las tutor\u00edas complementar\u00e1n la formaci\u00f3n en las clases te\u00f3ricas y pr\u00e1cticas, y proporcionar\u00e1n al alumno\/a los instrumentos necesarios para avanzar en su formaci\u00f3n. En este proceso tiene una gran relevancia los recursos virtuales, especialmente las aulas virtuales y la plataforma moddle.<\/li>\n\n\n\n<li>Nivel Titulaci\u00f3n: por medio del desarrollo del plan de tutor\u00edas de carrera. Se le asigna un tutor que facilite a los estudiantes su adaptaci\u00f3n acad\u00e9mica, les oriente sobre los recursos de los que disponen para el aprendizaje y les ofrezca apoyo para tomar decisiones sobre su itinerario acad\u00e9mico y su proyecto profesional.<\/li>\n\n\n\n<li>Nivel Facultad: a trav\u00e9s de la labor de informaci\u00f3n, orientaci\u00f3n y formaci\u00f3n complementaria que se realiza el Servicio de Orientaci\u00f3n e Informaci\u00f3n al Alumnado de la Facultad de Educaci\u00f3n (SOIA). Este es un Servicio espec\u00edfico de la Facultad de Educaci\u00f3n y que se desarrolla a trav\u00e9s de un modelo de mentor\u00eda (participan estudiantes colaboradores\/mentores de las distintas titulaciones de la Facultad que asesoran a los compa\u00f1eros de su titulaci\u00f3n).<\/li>\n<\/ul>\n<\/li>\n<\/ul>\n\n\n\n<p>A trav\u00e9s de los distintos niveles de tutorizaci\u00f3n-coordinaci\u00f3n docente (Director Acad\u00e9mico, Coordinador\/as de Asignatura, Tutor de Trabajo Fin de M\u00e1ster, Tutor de Pr\u00e1cticas Externas,\u2026) se mantiene una relaci\u00f3n directa y continua con los estudiantes, lo que permite la detecci\u00f3n y diagn\u00f3stico de causas de dificultades en el rendimiento acad\u00e9mico y procesos de aprendizaje, y permite valorar su alcance y efectividad, dando traslado de las mismas a la Comisi\u00f3n Acad\u00e9mica, en su caso.<\/p>\n\n\n\n<p>Adem\u00e1s de las estructuras existentes a nivel centro, la ULL cuenta con un Servicio de Informaci\u00f3n y Orientaci\u00f3n (SIO) destinado a informar, asesorar y orientar a los futuros estudiantes y a la comunidad universitaria en general. El SIO dispone de tres \u00e1reas diferenciadas: un \u00e1rea de informaci\u00f3n (becas y ayudas, propuestas formativas universitarias, tr\u00e1mites, derechos y deberes, plazos y procedimientos,\u2026), una Asesor\u00eda Psicopedag\u00f3gica y una Asesor\u00eda Jur\u00eddica. Puede accederse al SIO a trav\u00e9s del siguiente&nbsp;<a href=\"https:\/\/www.ull.es\/servicios\/servicio-de-informacion-y-orientacion-sio\/\" target=\"_blank\" rel=\"noreferrer noopener\" target=\"_blank\" rel=\"noopener\">enlace.<\/a><\/p>\n<\/div><\/div><\/div>\n\n\n\n<div class=\"wp-block-stackable-column stk-block-column stk-column stk-block stk-53ec762\" data-v=\"4\" data-block-id=\"53ec762\"><style>.stk-53ec762-inner-blocks{row-gap:0px !important;}.stk-53ec762 {padding-top:0px !important;padding-right:0px !important;padding-bottom:0px !important;padding-left:0px !important;}@media screen and (min-width: 768px){.stk-53ec762 {flex:var(--stk-flex-grow, 1) 1 33.3% !important;}}<\/style><div class=\"stk-column-wrapper stk-block-column__content stk-container stk-53ec762-container stk--no-background stk--no-padding\"><div class=\"stk-block-content stk-inner-blocks stk-53ec762-inner-blocks\">\n\n<ul class=\"widget-box\">\n<li class='contacto-header'>Informaci\u00f3n de contacto<\/li><li><i class=\"fa fa-map-marker\"><\/i> Avda. Astrof\u00edsico Francisco S\u00e1nchez, SN. Edificio Calabaza \u2013 AN.2D Apdo. 456 38200 San Crist\u00f3bal de La Laguna<\/li><li><i class=\"fa fa-envelope\"><\/i>  <a href=mailto:master.psicopedagogica@ull.es>master.psicopedagogica@ull.es<\/a><\/li><li><i class=\"fa fa-archive\"><\/i><a href=\"https:\/\/sede.ull.es\/ecivilis-site\/catalog\/showProcedure\/484\"> Procedimiento para quejas, sugerencias y felicitaciones<\/a><\/li>\n<\/ul>\n\n\n<\/div><\/div><\/div>\n<\/div><\/div>\n","protected":false},"excerpt":{"rendered":"<p>Support and guidance The support and guidance provided to students once they have enrolled in the program are outlined in section 4.3 of the Degree Verification Report and have been in place since the master&#039;s program was implemented. Student support and guidance\u2026<\/p>","protected":false},"author":1,"featured_media":0,"parent":252,"menu_order":7,"comment_status":"closed","ping_status":"closed","template":"templates\/template-frontpage.php","meta":{"footnotes":""},"class_list":["post-18","page","type-page","status-publish","hentry"],"yoast_head":"<!-- This site is optimized with the Yoast SEO plugin v27.3 - https:\/\/yoast.com\/product\/yoast-seo-wordpress\/ -->\n<title>Apoyo y orientaci\u00f3n - Intervenci\u00f3n Psicopedag\u00f3gica en Contextos de Educaci\u00f3n Formal y No Formal<\/title>\n<meta name=\"robots\" content=\"index, follow, max-snippet:-1, max-image-preview:large, max-video-preview:-1\" \/>\n<link rel=\"canonical\" href=\"https:\/\/www.ull.es\/masteres\/intervencion-psicopedagogica-educacion\/en\/informacion-academica\/apoyo-y-orientacion\/\" \/>\n<meta property=\"og:locale\" content=\"en_GB\" \/>\n<meta property=\"og:type\" content=\"article\" \/>\n<meta property=\"og:title\" content=\"Apoyo y orientaci\u00f3n - Intervenci\u00f3n Psicopedag\u00f3gica en Contextos de Educaci\u00f3n Formal y No Formal\" \/>\n<meta property=\"og:description\" content=\"Apoyo y orientaci\u00f3n El apoyo y la orientaci\u00f3n puestos a disposici\u00f3n de los estudiantes una vez matriculados en el t\u00edtulo responden a lo recogido en apartado 4.3 de la Memoria de Verificaci\u00f3n del t\u00edtulo y que se vienen desarrollando desde el momento de la implantaci\u00f3n del m\u00e1ster. Las acciones de apoyo y orientaci\u00f3n al alumnado...\" \/>\n<meta property=\"og:url\" content=\"https:\/\/www.ull.es\/masteres\/intervencion-psicopedagogica-educacion\/en\/informacion-academica\/apoyo-y-orientacion\/\" \/>\n<meta property=\"og:site_name\" content=\"Intervenci\u00f3n Psicopedag\u00f3gica en Contextos de Educaci\u00f3n Formal y No Formal\" \/>\n<meta property=\"article:modified_time\" content=\"2025-07-23T11:23:37+00:00\" \/>\n<meta name=\"twitter:card\" content=\"summary_large_image\" \/>\n<meta name=\"twitter:label1\" content=\"Estimated reading time\" \/>\n\t<meta name=\"twitter:data1\" content=\"3 minutes\" \/>\n<script type=\"application\/ld+json\" class=\"yoast-schema-graph\">{\"@context\":\"https:\\\/\\\/schema.org\",\"@graph\":[{\"@type\":\"WebPage\",\"@id\":\"https:\\\/\\\/www.ull.es\\\/masteres\\\/intervencion-psicopedagogica-educacion\\\/informacion-academica\\\/apoyo-y-orientacion\\\/\",\"url\":\"https:\\\/\\\/www.ull.es\\\/masteres\\\/intervencion-psicopedagogica-educacion\\\/informacion-academica\\\/apoyo-y-orientacion\\\/\",\"name\":\"Apoyo y orientaci\u00f3n - Intervenci\u00f3n Psicopedag\u00f3gica en Contextos de Educaci\u00f3n Formal y No Formal\",\"isPartOf\":{\"@id\":\"https:\\\/\\\/www.ull.es\\\/masteres\\\/intervencion-psicopedagogica-educacion\\\/#website\"},\"datePublished\":\"2017-06-28T12:47:36+00:00\",\"dateModified\":\"2025-07-23T11:23:37+00:00\",\"breadcrumb\":{\"@id\":\"https:\\\/\\\/www.ull.es\\\/masteres\\\/intervencion-psicopedagogica-educacion\\\/informacion-academica\\\/apoyo-y-orientacion\\\/#breadcrumb\"},\"inLanguage\":\"en-GB\",\"potentialAction\":[{\"@type\":\"ReadAction\",\"target\":[\"https:\\\/\\\/www.ull.es\\\/masteres\\\/intervencion-psicopedagogica-educacion\\\/informacion-academica\\\/apoyo-y-orientacion\\\/\"]}]},{\"@type\":\"BreadcrumbList\",\"@id\":\"https:\\\/\\\/www.ull.es\\\/masteres\\\/intervencion-psicopedagogica-educacion\\\/informacion-academica\\\/apoyo-y-orientacion\\\/#breadcrumb\",\"itemListElement\":[{\"@type\":\"ListItem\",\"position\":1,\"name\":\"Portada\",\"item\":\"https:\\\/\\\/www.ull.es\\\/masteres\\\/intervencion-psicopedagogica-educacion\\\/\"},{\"@type\":\"ListItem\",\"position\":2,\"name\":\"Informaci\u00f3n Acad\u00e9mica\",\"item\":\"https:\\\/\\\/www.ull.es\\\/masteres\\\/intervencion-psicopedagogica-educacion\\\/informacion-academica\\\/\"},{\"@type\":\"ListItem\",\"position\":3,\"name\":\"Apoyo y orientaci\u00f3n\"}]},{\"@type\":\"WebSite\",\"@id\":\"https:\\\/\\\/www.ull.es\\\/masteres\\\/intervencion-psicopedagogica-educacion\\\/#website\",\"url\":\"https:\\\/\\\/www.ull.es\\\/masteres\\\/intervencion-psicopedagogica-educacion\\\/\",\"name\":\"Intervenci\u00f3n Psicopedag\u00f3gica en Contextos de Educaci\u00f3n Formal y No Formal\",\"description\":\"\",\"potentialAction\":[{\"@type\":\"SearchAction\",\"target\":{\"@type\":\"EntryPoint\",\"urlTemplate\":\"https:\\\/\\\/www.ull.es\\\/masteres\\\/intervencion-psicopedagogica-educacion\\\/?s={search_term_string}\"},\"query-input\":{\"@type\":\"PropertyValueSpecification\",\"valueRequired\":true,\"valueName\":\"search_term_string\"}}],\"inLanguage\":\"en-GB\"}]}<\/script>\n<!-- \/ Yoast SEO plugin. -->","yoast_head_json":{"title":"Support and guidance - Psychopedagogical intervention in formal and non-formal education contexts","robots":{"index":"index","follow":"follow","max-snippet":"max-snippet:-1","max-image-preview":"max-image-preview:large","max-video-preview":"max-video-preview:-1"},"canonical":"https:\/\/www.ull.es\/masteres\/intervencion-psicopedagogica-educacion\/en\/informacion-academica\/apoyo-y-orientacion\/","og_locale":"en_GB","og_type":"article","og_title":"Apoyo y orientaci\u00f3n - Intervenci\u00f3n Psicopedag\u00f3gica en Contextos de Educaci\u00f3n Formal y No Formal","og_description":"Apoyo y orientaci\u00f3n El apoyo y la orientaci\u00f3n puestos a disposici\u00f3n de los estudiantes una vez matriculados en el t\u00edtulo responden a lo recogido en apartado 4.3 de la Memoria de Verificaci\u00f3n del t\u00edtulo y que se vienen desarrollando desde el momento de la implantaci\u00f3n del m\u00e1ster. Las acciones de apoyo y orientaci\u00f3n al alumnado...","og_url":"https:\/\/www.ull.es\/masteres\/intervencion-psicopedagogica-educacion\/en\/informacion-academica\/apoyo-y-orientacion\/","og_site_name":"Intervenci\u00f3n Psicopedag\u00f3gica en Contextos de Educaci\u00f3n Formal y No Formal","article_modified_time":"2025-07-23T11:23:37+00:00","twitter_card":"summary_large_image","twitter_misc":{"Estimated reading time":"3 minutes"},"schema":{"@context":"https:\/\/schema.org","@graph":[{"@type":"WebPage","@id":"https:\/\/www.ull.es\/masteres\/intervencion-psicopedagogica-educacion\/informacion-academica\/apoyo-y-orientacion\/","url":"https:\/\/www.ull.es\/masteres\/intervencion-psicopedagogica-educacion\/informacion-academica\/apoyo-y-orientacion\/","name":"Support and guidance - Psychopedagogical intervention in formal and non-formal education contexts","isPartOf":{"@id":"https:\/\/www.ull.es\/masteres\/intervencion-psicopedagogica-educacion\/#website"},"datePublished":"2017-06-28T12:47:36+00:00","dateModified":"2025-07-23T11:23:37+00:00","breadcrumb":{"@id":"https:\/\/www.ull.es\/masteres\/intervencion-psicopedagogica-educacion\/informacion-academica\/apoyo-y-orientacion\/#breadcrumb"},"inLanguage":"en-GB","potentialAction":[{"@type":"ReadAction","target":["https:\/\/www.ull.es\/masteres\/intervencion-psicopedagogica-educacion\/informacion-academica\/apoyo-y-orientacion\/"]}]},{"@type":"BreadcrumbList","@id":"https:\/\/www.ull.es\/masteres\/intervencion-psicopedagogica-educacion\/informacion-academica\/apoyo-y-orientacion\/#breadcrumb","itemListElement":[{"@type":"ListItem","position":1,"name":"Portada","item":"https:\/\/www.ull.es\/masteres\/intervencion-psicopedagogica-educacion\/"},{"@type":"ListItem","position":2,"name":"Informaci\u00f3n Acad\u00e9mica","item":"https:\/\/www.ull.es\/masteres\/intervencion-psicopedagogica-educacion\/informacion-academica\/"},{"@type":"ListItem","position":3,"name":"Apoyo y orientaci\u00f3n"}]},{"@type":"WebSite","@id":"https:\/\/www.ull.es\/masteres\/intervencion-psicopedagogica-educacion\/#website","url":"https:\/\/www.ull.es\/masteres\/intervencion-psicopedagogica-educacion\/","name":"Psychopedagogical Intervention in Formal and Non-Formal Education Contexts","description":"","potentialAction":[{"@type":"SearchAction","target":{"@type":"EntryPoint","urlTemplate":"https:\/\/www.ull.es\/masteres\/intervencion-psicopedagogica-educacion\/?s={search_term_string}"},"query-input":{"@type":"PropertyValueSpecification","valueRequired":true,"valueName":"search_term_string"}}],"inLanguage":"en-GB"}]}},"_links":{"self":[{"href":"https:\/\/www.ull.es\/masteres\/intervencion-psicopedagogica-educacion\/en\/wp-json\/wp\/v2\/pages\/18","targetHints":{"allow":["GET"]}}],"collection":[{"href":"https:\/\/www.ull.es\/masteres\/intervencion-psicopedagogica-educacion\/en\/wp-json\/wp\/v2\/pages"}],"about":[{"href":"https:\/\/www.ull.es\/masteres\/intervencion-psicopedagogica-educacion\/en\/wp-json\/wp\/v2\/types\/page"}],"author":[{"embeddable":true,"href":"https:\/\/www.ull.es\/masteres\/intervencion-psicopedagogica-educacion\/en\/wp-json\/wp\/v2\/users\/1"}],"replies":[{"embeddable":true,"href":"https:\/\/www.ull.es\/masteres\/intervencion-psicopedagogica-educacion\/en\/wp-json\/wp\/v2\/comments?post=18"}],"version-history":[{"count":9,"href":"https:\/\/www.ull.es\/masteres\/intervencion-psicopedagogica-educacion\/en\/wp-json\/wp\/v2\/pages\/18\/revisions"}],"predecessor-version":[{"id":895,"href":"https:\/\/www.ull.es\/masteres\/intervencion-psicopedagogica-educacion\/en\/wp-json\/wp\/v2\/pages\/18\/revisions\/895"}],"up":[{"embeddable":true,"href":"https:\/\/www.ull.es\/masteres\/intervencion-psicopedagogica-educacion\/en\/wp-json\/wp\/v2\/pages\/252"}],"wp:attachment":[{"href":"https:\/\/www.ull.es\/masteres\/intervencion-psicopedagogica-educacion\/en\/wp-json\/wp\/v2\/media?parent=18"}],"curies":[{"name":"wp","href":"https:\/\/api.w.org\/{rel}","templated":true}]}}